{"id":3014,"date":"2025-05-01T01:07:49","date_gmt":"2025-04-30T23:07:49","guid":{"rendered":"https:\/\/fb-kitchenware.com\/negozio\/uncategorized\/besteel-eisenbratpfanne-mit-messinggriff-fb-kitchenware\/"},"modified":"2025-12-01T01:22:06","modified_gmt":"2025-12-01T00:22:06","slug":"besteel-eisenbratpfanne-mit-messinggriff-fb-kitchenware","status":"publish","type":"product","link":"https:\/\/fb-kitchenware.com\/de\/negozio\/besten%e2%80%91fbkitchenware%e2%80%91pfannen\/besteel-eisenbratpfanne-mit-messinggriff-fb-kitchenware\/","title":{"rendered":"BeSteel\u2122 Eisenbratpfanne mit Messinggriff | FB Kitchenware"},"content":{"rendered":"","protected":false},"excerpt":{"rendered":"<p data-pm-slice=\"1 1 []\">Die 2,0 mm BeSteel Eisenpfanne von FB Kitchenware ist die ideale Wahl f\u00fcr alle, die authentisch, gesund und nat\u00fcrlich kochen m\u00f6chten. Diese nach bester italienischer Tradition handgefertigte Pfanne verbindet gekonnt Qualit\u00e4t, Robustheit und Umweltbewusstsein und ist damit ein unverzichtbares Werkzeug f\u00fcr gesundes und nachhaltiges Kochen. <\/p>\n<p>Dank des verwendeten Materials, DC04-Stahl, der zu 99,45% aus Eisen und zu weniger als 0,08% aus Kohlenstoff besteht, garantiert diese Pfanne St\u00e4rke und Haltbarkeit. Ihre Dicke von 2,0 mm erm\u00f6glicht eine optimale W\u00e4rmeverteilung und sorgt f\u00fcr ein gleichm\u00e4\u00dfiges und schnelles Garen. Die Pfanne ist ideal zum Anbraten, Grillen und f\u00fcr die Zubereitung perfekter Steaks. Sie erreicht schnell hohe Temperaturen, wodurch wichtige Vitamine und N\u00e4hrstoffe in den Lebensmitteln erhalten bleiben.  <\/p>\n<h3 class=\"\" style=\"text-align: left\" data-start=\"1981\" data-end=\"2011\">Was das Paket beinhaltet<\/h3>\n<ul data-start=\"2012\" data-end=\"2130\">\n<li class=\"\" style=\"text-align: left\" data-start=\"2012\" data-end=\"2062\">\n<p class=\"\" data-start=\"2014\" data-end=\"2062\">1x BeSteel Eisenbratpfanne mit Messinggriff<\/p>\n<\/li>\n<\/ul>\n","protected":false},"featured_media":7678,"template":"","meta":{"_acf_changed":false},"product_brand":[517],"product_cat":[518],"product_tag":[],"class_list":{"0":"post-3014","1":"product","2":"type-product","3":"status-publish","4":"has-post-thumbnail","6":"product_brand-besteel","7":"product_cat-bestenfbkitchenwarepfannen","9":"first","10":"instock","11":"taxable","12":"shipping-taxable","13":"purchasable","14":"product-type-variable"},"acf":[],"yoast_head":"<!-- This site is optimized with the Yoast SEO plugin v27.3 - https:\/\/yoast.com\/product\/yoast-seo-wordpress\/ -->\n<title>BeSteel Eisen Bratpfanne mit Messinggriff | FB Kitchenware<\/title>\n<meta name=\"description\" content=\"Entdecken Sie die 2,0 mm BeSteel Eisenpfanne mit Messinggriff. Umweltfreundlich, robust und ideal f\u00fcr Steaks und Gegrilltes.\" \/>\n<meta name=\"robots\" content=\"index, follow, max-snippet:-1, max-image-preview:large, max-video-preview:-1\" \/>\n<link rel=\"canonical\" href=\"https:\/\/fb-kitchenware.com\/de\/negozio\/besten%e2%80%91fbkitchenware%e2%80%91pfannen\/besteel-eisenbratpfanne-mit-messinggriff-fb-kitchenware\/\" \/>\n<meta property=\"og:locale\" content=\"de_DE\" \/>\n<meta property=\"og:type\" content=\"article\" \/>\n<meta property=\"og:title\" content=\"BeSteel Eisen Bratpfanne mit Messinggriff | FB Kitchenware\" \/>\n<meta property=\"og:description\" content=\"Entdecken Sie die 2,0 mm BeSteel Eisenpfanne mit Messinggriff. Umweltfreundlich, robust und ideal f\u00fcr Steaks und Gegrilltes.\" \/>\n<meta property=\"og:url\" content=\"https:\/\/fb-kitchenware.com\/de\/negozio\/besten%e2%80%91fbkitchenware%e2%80%91pfannen\/besteel-eisenbratpfanne-mit-messinggriff-fb-kitchenware\/\" \/>\n<meta property=\"og:site_name\" content=\"FB Kitchenware\" \/>\n<meta property=\"article:modified_time\" content=\"2025-12-01T00:22:06+00:00\" \/>\n<meta property=\"og:image\" content=\"https:\/\/fb-kitchenware.com\/wp-content\/uploads\/fb-kitchenware-Immagine-11-prodotti-1.png\" \/>\n\t<meta property=\"og:image:width\" content=\"1920\" \/>\n\t<meta property=\"og:image:height\" content=\"1920\" \/>\n\t<meta property=\"og:image:type\" content=\"image\/png\" \/>\n<meta name=\"twitter:card\" content=\"summary_large_image\" \/>\n<script type=\"application\/ld+json\" class=\"yoast-schema-graph\">{\"@context\":\"https:\\\/\\\/schema.org\",\"@graph\":[{\"@type\":\"WebPage\",\"@id\":\"https:\\\/\\\/fb-kitchenware.com\\\/de\\\/negozio\\\/besten%e2%80%91fbkitchenware%e2%80%91pfannen\\\/besteel-eisenbratpfanne-mit-messinggriff-fb-kitchenware\\\/\",\"url\":\"https:\\\/\\\/fb-kitchenware.com\\\/de\\\/negozio\\\/besten%e2%80%91fbkitchenware%e2%80%91pfannen\\\/besteel-eisenbratpfanne-mit-messinggriff-fb-kitchenware\\\/\",\"name\":\"BeSteel Eisen Bratpfanne mit Messinggriff | FB Kitchenware\",\"isPartOf\":{\"@id\":\"https:\\\/\\\/fb-kitchenware.com\\\/de\\\/#website\"},\"primaryImageOfPage\":{\"@id\":\"https:\\\/\\\/fb-kitchenware.com\\\/de\\\/negozio\\\/besten%e2%80%91fbkitchenware%e2%80%91pfannen\\\/besteel-eisenbratpfanne-mit-messinggriff-fb-kitchenware\\\/#primaryimage\"},\"image\":{\"@id\":\"https:\\\/\\\/fb-kitchenware.com\\\/de\\\/negozio\\\/besten%e2%80%91fbkitchenware%e2%80%91pfannen\\\/besteel-eisenbratpfanne-mit-messinggriff-fb-kitchenware\\\/#primaryimage\"},\"thumbnailUrl\":\"https:\\\/\\\/fb-kitchenware.com\\\/wp-content\\\/uploads\\\/Tavola-disegno-8.png\",\"datePublished\":\"2025-04-30T23:07:49+00:00\",\"dateModified\":\"2025-12-01T00:22:06+00:00\",\"description\":\"Entdecken Sie die 2,0 mm BeSteel Eisenpfanne mit Messinggriff. Umweltfreundlich, robust und ideal f\u00fcr Steaks und Gegrilltes.\",\"breadcrumb\":{\"@id\":\"https:\\\/\\\/fb-kitchenware.com\\\/de\\\/negozio\\\/besten%e2%80%91fbkitchenware%e2%80%91pfannen\\\/besteel-eisenbratpfanne-mit-messinggriff-fb-kitchenware\\\/#breadcrumb\"},\"inLanguage\":\"de-DE\",\"potentialAction\":[{\"@type\":\"ReadAction\",\"target\":[\"https:\\\/\\\/fb-kitchenware.com\\\/de\\\/negozio\\\/besten%e2%80%91fbkitchenware%e2%80%91pfannen\\\/besteel-eisenbratpfanne-mit-messinggriff-fb-kitchenware\\\/\"]}]},{\"@type\":\"ImageObject\",\"inLanguage\":\"de-DE\",\"@id\":\"https:\\\/\\\/fb-kitchenware.com\\\/de\\\/negozio\\\/besten%e2%80%91fbkitchenware%e2%80%91pfannen\\\/besteel-eisenbratpfanne-mit-messinggriff-fb-kitchenware\\\/#primaryimage\",\"url\":\"https:\\\/\\\/fb-kitchenware.com\\\/wp-content\\\/uploads\\\/Tavola-disegno-8.png\",\"contentUrl\":\"https:\\\/\\\/fb-kitchenware.com\\\/wp-content\\\/uploads\\\/Tavola-disegno-8.png\",\"width\":596,\"height\":596},{\"@type\":\"BreadcrumbList\",\"@id\":\"https:\\\/\\\/fb-kitchenware.com\\\/de\\\/negozio\\\/besten%e2%80%91fbkitchenware%e2%80%91pfannen\\\/besteel-eisenbratpfanne-mit-messinggriff-fb-kitchenware\\\/#breadcrumb\",\"itemListElement\":[{\"@type\":\"ListItem\",\"position\":1,\"name\":\"Home\",\"item\":\"https:\\\/\\\/fb-kitchenware.com\\\/de\\\/\"},{\"@type\":\"ListItem\",\"position\":2,\"name\":\"BeSteel\u2122 Eisenbratpfanne mit Messinggriff | FB Kitchenware\"}]},{\"@type\":\"WebSite\",\"@id\":\"https:\\\/\\\/fb-kitchenware.com\\\/de\\\/#website\",\"url\":\"https:\\\/\\\/fb-kitchenware.com\\\/de\\\/\",\"name\":\"FB Kitchenware\",\"description\":\"\",\"publisher\":{\"@id\":\"https:\\\/\\\/fb-kitchenware.com\\\/de\\\/#organization\"},\"potentialAction\":[{\"@type\":\"SearchAction\",\"target\":{\"@type\":\"EntryPoint\",\"urlTemplate\":\"https:\\\/\\\/fb-kitchenware.com\\\/de\\\/?s={search_term_string}\"},\"query-input\":{\"@type\":\"PropertyValueSpecification\",\"valueRequired\":true,\"valueName\":\"search_term_string\"}}],\"inLanguage\":\"de-DE\"},{\"@type\":\"Organization\",\"@id\":\"https:\\\/\\\/fb-kitchenware.com\\\/de\\\/#organization\",\"name\":\"FB Kitchenware\",\"url\":\"https:\\\/\\\/fb-kitchenware.com\\\/de\\\/\",\"logo\":{\"@type\":\"ImageObject\",\"inLanguage\":\"de-DE\",\"@id\":\"https:\\\/\\\/fb-kitchenware.com\\\/de\\\/#\\\/schema\\\/logo\\\/image\\\/\",\"url\":\"https:\\\/\\\/fb-kitchenware.com\\\/wp-content\\\/uploads\\\/logo_gold.png\",\"contentUrl\":\"https:\\\/\\\/fb-kitchenware.com\\\/wp-content\\\/uploads\\\/logo_gold.png\",\"width\":900,\"height\":900,\"caption\":\"FB Kitchenware\"},\"image\":{\"@id\":\"https:\\\/\\\/fb-kitchenware.com\\\/de\\\/#\\\/schema\\\/logo\\\/image\\\/\"}}]}<\/script>\n<!-- \/ Yoast SEO plugin. -->","yoast_head_json":{"title":"BeSteel Eisen Bratpfanne mit Messinggriff | FB Kitchenware","description":"Entdecken Sie die 2,0 mm BeSteel Eisenpfanne mit Messinggriff. Umweltfreundlich, robust und ideal f\u00fcr Steaks und Gegrilltes.","robots":{"index":"index","follow":"follow","max-snippet":"max-snippet:-1","max-image-preview":"max-image-preview:large","max-video-preview":"max-video-preview:-1"},"canonical":"https:\/\/fb-kitchenware.com\/de\/negozio\/besten%e2%80%91fbkitchenware%e2%80%91pfannen\/besteel-eisenbratpfanne-mit-messinggriff-fb-kitchenware\/","og_locale":"de_DE","og_type":"article","og_title":"BeSteel Eisen Bratpfanne mit Messinggriff | FB Kitchenware","og_description":"Entdecken Sie die 2,0 mm BeSteel Eisenpfanne mit Messinggriff. Umweltfreundlich, robust und ideal f\u00fcr Steaks und Gegrilltes.","og_url":"https:\/\/fb-kitchenware.com\/de\/negozio\/besten%e2%80%91fbkitchenware%e2%80%91pfannen\/besteel-eisenbratpfanne-mit-messinggriff-fb-kitchenware\/","og_site_name":"FB Kitchenware","article_modified_time":"2025-12-01T00:22:06+00:00","og_image":[{"width":1920,"height":1920,"url":"https:\/\/fb-kitchenware.com\/wp-content\/uploads\/fb-kitchenware-Immagine-11-prodotti-1.png","type":"image\/png"}],"twitter_card":"summary_large_image","schema":{"@context":"https:\/\/schema.org","@graph":[{"@type":"WebPage","@id":"https:\/\/fb-kitchenware.com\/de\/negozio\/besten%e2%80%91fbkitchenware%e2%80%91pfannen\/besteel-eisenbratpfanne-mit-messinggriff-fb-kitchenware\/","url":"https:\/\/fb-kitchenware.com\/de\/negozio\/besten%e2%80%91fbkitchenware%e2%80%91pfannen\/besteel-eisenbratpfanne-mit-messinggriff-fb-kitchenware\/","name":"BeSteel Eisen Bratpfanne mit Messinggriff | FB Kitchenware","isPartOf":{"@id":"https:\/\/fb-kitchenware.com\/de\/#website"},"primaryImageOfPage":{"@id":"https:\/\/fb-kitchenware.com\/de\/negozio\/besten%e2%80%91fbkitchenware%e2%80%91pfannen\/besteel-eisenbratpfanne-mit-messinggriff-fb-kitchenware\/#primaryimage"},"image":{"@id":"https:\/\/fb-kitchenware.com\/de\/negozio\/besten%e2%80%91fbkitchenware%e2%80%91pfannen\/besteel-eisenbratpfanne-mit-messinggriff-fb-kitchenware\/#primaryimage"},"thumbnailUrl":"https:\/\/fb-kitchenware.com\/wp-content\/uploads\/Tavola-disegno-8.png","datePublished":"2025-04-30T23:07:49+00:00","dateModified":"2025-12-01T00:22:06+00:00","description":"Entdecken Sie die 2,0 mm BeSteel Eisenpfanne mit Messinggriff. Umweltfreundlich, robust und ideal f\u00fcr Steaks und Gegrilltes.","breadcrumb":{"@id":"https:\/\/fb-kitchenware.com\/de\/negozio\/besten%e2%80%91fbkitchenware%e2%80%91pfannen\/besteel-eisenbratpfanne-mit-messinggriff-fb-kitchenware\/#breadcrumb"},"inLanguage":"de-DE","potentialAction":[{"@type":"ReadAction","target":["https:\/\/fb-kitchenware.com\/de\/negozio\/besten%e2%80%91fbkitchenware%e2%80%91pfannen\/besteel-eisenbratpfanne-mit-messinggriff-fb-kitchenware\/"]}]},{"@type":"ImageObject","inLanguage":"de-DE","@id":"https:\/\/fb-kitchenware.com\/de\/negozio\/besten%e2%80%91fbkitchenware%e2%80%91pfannen\/besteel-eisenbratpfanne-mit-messinggriff-fb-kitchenware\/#primaryimage","url":"https:\/\/fb-kitchenware.com\/wp-content\/uploads\/Tavola-disegno-8.png","contentUrl":"https:\/\/fb-kitchenware.com\/wp-content\/uploads\/Tavola-disegno-8.png","width":596,"height":596},{"@type":"BreadcrumbList","@id":"https:\/\/fb-kitchenware.com\/de\/negozio\/besten%e2%80%91fbkitchenware%e2%80%91pfannen\/besteel-eisenbratpfanne-mit-messinggriff-fb-kitchenware\/#breadcrumb","itemListElement":[{"@type":"ListItem","position":1,"name":"Home","item":"https:\/\/fb-kitchenware.com\/de\/"},{"@type":"ListItem","position":2,"name":"BeSteel\u2122 Eisenbratpfanne mit Messinggriff | FB Kitchenware"}]},{"@type":"WebSite","@id":"https:\/\/fb-kitchenware.com\/de\/#website","url":"https:\/\/fb-kitchenware.com\/de\/","name":"FB Kitchenware","description":"","publisher":{"@id":"https:\/\/fb-kitchenware.com\/de\/#organization"},"potentialAction":[{"@type":"SearchAction","target":{"@type":"EntryPoint","urlTemplate":"https:\/\/fb-kitchenware.com\/de\/?s={search_term_string}"},"query-input":{"@type":"PropertyValueSpecification","valueRequired":true,"valueName":"search_term_string"}}],"inLanguage":"de-DE"},{"@type":"Organization","@id":"https:\/\/fb-kitchenware.com\/de\/#organization","name":"FB Kitchenware","url":"https:\/\/fb-kitchenware.com\/de\/","logo":{"@type":"ImageObject","inLanguage":"de-DE","@id":"https:\/\/fb-kitchenware.com\/de\/#\/schema\/logo\/image\/","url":"https:\/\/fb-kitchenware.com\/wp-content\/uploads\/logo_gold.png","contentUrl":"https:\/\/fb-kitchenware.com\/wp-content\/uploads\/logo_gold.png","width":900,"height":900,"caption":"FB Kitchenware"},"image":{"@id":"https:\/\/fb-kitchenware.com\/de\/#\/schema\/logo\/image\/"}}]}},"_links":{"self":[{"href":"https:\/\/fb-kitchenware.com\/de\/wp-json\/wp\/v2\/product\/3014","targetHints":{"allow":["GET"]}}],"collection":[{"href":"https:\/\/fb-kitchenware.com\/de\/wp-json\/wp\/v2\/product"}],"about":[{"href":"https:\/\/fb-kitchenware.com\/de\/wp-json\/wp\/v2\/types\/product"}],"wp:featuredmedia":[{"embeddable":true,"href":"https:\/\/fb-kitchenware.com\/de\/wp-json\/wp\/v2\/media\/7678"}],"wp:attachment":[{"href":"https:\/\/fb-kitchenware.com\/de\/wp-json\/wp\/v2\/media?parent=3014"}],"wp:term":[{"taxonomy":"product_brand","embeddable":true,"href":"https:\/\/fb-kitchenware.com\/de\/wp-json\/wp\/v2\/product_brand?post=3014"},{"taxonomy":"product_cat","embeddable":true,"href":"https:\/\/fb-kitchenware.com\/de\/wp-json\/wp\/v2\/product_cat?post=3014"},{"taxonomy":"product_tag","embeddable":true,"href":"https:\/\/fb-kitchenware.com\/de\/wp-json\/wp\/v2\/product_tag?post=3014"}],"curies":[{"name":"wp","href":"https:\/\/api.w.org\/{rel}","templated":true}]}}