{"id":3077,"date":"2025-05-11T17:05:25","date_gmt":"2025-05-11T15:05:25","guid":{"rendered":"https:\/\/fb-kitchenware.com\/negozio\/uncategorized\/edelstahl-bratpfanne-o-24-mit-wabenfoermiger-innenseite-fb-kitchenware\/"},"modified":"2025-12-01T01:21:59","modified_gmt":"2025-12-01T00:21:59","slug":"edelstahl-bratpfanne-o-24-mit-wabenfoermiger-innenseite-fb-kitchenware","status":"publish","type":"product","link":"https:\/\/fb-kitchenware.com\/de\/negozio\/besten%e2%80%91fbkitchenware%e2%80%91pfannen\/edelstahl-bratpfanne-o-24-mit-wabenfoermiger-innenseite-fb-kitchenware\/","title":{"rendered":"Edelstahl Bratpfanne \u00f8 24 mit wabenf\u00f6rmiger Innenseite | FB Kitchenware"},"content":{"rendered":"","protected":false},"excerpt":{"rendered":"<h3 class=\"\" style=\"text-align: left\" data-start=\"631\" data-end=\"702\"><strong data-start=\"635\" data-end=\"702\">Die intelligente Bratpfanne, die die Art und Weise, wie Sie kochen, revolutioniert<\/strong><\/h3>\n<p class=\"\" data-start=\"704\" data-end=\"1276\">Wenn Sie sich f\u00fcr eine Bratpfanne entscheiden, suchen Sie nicht nur ein Werkzeug zum Kochen: Sie suchen einen vertrauensw\u00fcrdigen Begleiter, der jedes Rezept mit Pr\u00e4zision, Gesundheit und Stil begleiten kann. Die <strong data-start=\"882\" data-end=\"931\">Edelstahlpfanne \u00f8 24 SilverPlus EXCALIBUR\u2122<\/strong> wurde f\u00fcr diejenigen entwickelt, die sich damit nicht zufrieden geben. Sie ist das perfekte Gleichgewicht aus Technologie, Lebensmittelsicherheit und Eleganz. Ihre <strong data-start=\"1051\" data-end=\"1080\">Wabenbeschichtung<\/strong> mit EXCALIBUR\u2122 Antihaft-Technologie sorgt f\u00fcr ein gleichm\u00e4\u00dfiges Garen, ohne dass die Speisen anhaften oder anbrennen. So bleiben die nat\u00fcrlichen Aromen der Zutaten erhalten und Ihre Gesundheit wird gesch\u00fctzt.   <\/p>\n","protected":false},"featured_media":4493,"template":"","meta":{"_acf_changed":false},"product_brand":[547],"product_cat":[518,645],"product_tag":[],"class_list":{"0":"post-3077","1":"product","2":"type-product","3":"status-publish","4":"has-post-thumbnail","6":"product_brand-excalibur","7":"product_cat-bestenfbkitchenwarepfannen","8":"product_cat-serienende","10":"first","11":"instock","12":"sale","13":"taxable","14":"shipping-taxable","15":"purchasable","16":"product-type-simple"},"acf":[],"yoast_head":"<!-- This site is optimized with the Yoast SEO plugin v27.3 - https:\/\/yoast.com\/product\/yoast-seo-wordpress\/ -->\n<title>Edelstahl Bratpfanne \u00f8 24 mit wabenf\u00f6rmiger Innenseite | FB Kitchenware<\/title>\n<meta name=\"description\" content=\"Entdecken Sie die 5-Schicht-Edelstahlpfanne mit Excalibur\u2122 Wabenbeschichtung. Hohe Haltbarkeit, extreme Antihaftwirkung und gleichm\u00e4\u00dfiges Kochen.\" \/>\n<meta name=\"robots\" content=\"index, follow, max-snippet:-1, max-image-preview:large, max-video-preview:-1\" \/>\n<link rel=\"canonical\" href=\"https:\/\/fb-kitchenware.com\/de\/negozio\/besten%e2%80%91fbkitchenware%e2%80%91pfannen\/edelstahl-bratpfanne-o-24-mit-wabenfoermiger-innenseite-fb-kitchenware\/\" \/>\n<meta property=\"og:locale\" content=\"de_DE\" \/>\n<meta property=\"og:type\" content=\"article\" \/>\n<meta property=\"og:title\" content=\"Edelstahl Bratpfanne \u00f8 24 mit wabenf\u00f6rmiger Innenseite | FB Kitchenware\" \/>\n<meta property=\"og:description\" content=\"Entdecken Sie die 5-Schicht-Edelstahlpfanne mit Excalibur\u2122 Wabenbeschichtung. Hohe Haltbarkeit, extreme Antihaftwirkung und gleichm\u00e4\u00dfiges Kochen.\" \/>\n<meta property=\"og:url\" content=\"https:\/\/fb-kitchenware.com\/de\/negozio\/besten%e2%80%91fbkitchenware%e2%80%91pfannen\/edelstahl-bratpfanne-o-24-mit-wabenfoermiger-innenseite-fb-kitchenware\/\" \/>\n<meta property=\"og:site_name\" content=\"FB Kitchenware\" \/>\n<meta property=\"article:modified_time\" content=\"2025-12-01T00:21:59+00:00\" \/>\n<meta property=\"og:image\" content=\"https:\/\/fb-kitchenware.com\/wp-content\/uploads\/fb-kitchenware-Immagine-11-prodotti-1-2.png\" \/>\n\t<meta property=\"og:image:width\" content=\"1920\" \/>\n\t<meta property=\"og:image:height\" content=\"1920\" \/>\n\t<meta property=\"og:image:type\" content=\"image\/png\" \/>\n<meta name=\"twitter:card\" content=\"summary_large_image\" \/>\n<script type=\"application\/ld+json\" class=\"yoast-schema-graph\">{\"@context\":\"https:\\\/\\\/schema.org\",\"@graph\":[{\"@type\":\"WebPage\",\"@id\":\"https:\\\/\\\/fb-kitchenware.com\\\/de\\\/negozio\\\/besten%e2%80%91fbkitchenware%e2%80%91pfannen\\\/edelstahl-bratpfanne-o-24-mit-wabenfoermiger-innenseite-fb-kitchenware\\\/\",\"url\":\"https:\\\/\\\/fb-kitchenware.com\\\/de\\\/negozio\\\/besten%e2%80%91fbkitchenware%e2%80%91pfannen\\\/edelstahl-bratpfanne-o-24-mit-wabenfoermiger-innenseite-fb-kitchenware\\\/\",\"name\":\"Edelstahl Bratpfanne \u00f8 24 mit wabenf\u00f6rmiger Innenseite | FB Kitchenware\",\"isPartOf\":{\"@id\":\"https:\\\/\\\/fb-kitchenware.com\\\/de\\\/#website\"},\"primaryImageOfPage\":{\"@id\":\"https:\\\/\\\/fb-kitchenware.com\\\/de\\\/negozio\\\/besten%e2%80%91fbkitchenware%e2%80%91pfannen\\\/edelstahl-bratpfanne-o-24-mit-wabenfoermiger-innenseite-fb-kitchenware\\\/#primaryimage\"},\"image\":{\"@id\":\"https:\\\/\\\/fb-kitchenware.com\\\/de\\\/negozio\\\/besten%e2%80%91fbkitchenware%e2%80%91pfannen\\\/edelstahl-bratpfanne-o-24-mit-wabenfoermiger-innenseite-fb-kitchenware\\\/#primaryimage\"},\"thumbnailUrl\":\"https:\\\/\\\/fb-kitchenware.com\\\/wp-content\\\/uploads\\\/DSC8777-Edit-2.jpg\",\"datePublished\":\"2025-05-11T15:05:25+00:00\",\"dateModified\":\"2025-12-01T00:21:59+00:00\",\"description\":\"Entdecken Sie die 5-Schicht-Edelstahlpfanne mit Excalibur\u2122 Wabenbeschichtung. Hohe Haltbarkeit, extreme Antihaftwirkung und gleichm\u00e4\u00dfiges Kochen.\",\"breadcrumb\":{\"@id\":\"https:\\\/\\\/fb-kitchenware.com\\\/de\\\/negozio\\\/besten%e2%80%91fbkitchenware%e2%80%91pfannen\\\/edelstahl-bratpfanne-o-24-mit-wabenfoermiger-innenseite-fb-kitchenware\\\/#breadcrumb\"},\"inLanguage\":\"de-DE\",\"potentialAction\":[{\"@type\":\"ReadAction\",\"target\":[\"https:\\\/\\\/fb-kitchenware.com\\\/de\\\/negozio\\\/besten%e2%80%91fbkitchenware%e2%80%91pfannen\\\/edelstahl-bratpfanne-o-24-mit-wabenfoermiger-innenseite-fb-kitchenware\\\/\"]}]},{\"@type\":\"ImageObject\",\"inLanguage\":\"de-DE\",\"@id\":\"https:\\\/\\\/fb-kitchenware.com\\\/de\\\/negozio\\\/besten%e2%80%91fbkitchenware%e2%80%91pfannen\\\/edelstahl-bratpfanne-o-24-mit-wabenfoermiger-innenseite-fb-kitchenware\\\/#primaryimage\",\"url\":\"https:\\\/\\\/fb-kitchenware.com\\\/wp-content\\\/uploads\\\/DSC8777-Edit-2.jpg\",\"contentUrl\":\"https:\\\/\\\/fb-kitchenware.com\\\/wp-content\\\/uploads\\\/DSC8777-Edit-2.jpg\",\"width\":1920,\"height\":1920,\"caption\":\"padella in acciaio inxo silver plus - rivestimento excalibur\"},{\"@type\":\"BreadcrumbList\",\"@id\":\"https:\\\/\\\/fb-kitchenware.com\\\/de\\\/negozio\\\/besten%e2%80%91fbkitchenware%e2%80%91pfannen\\\/edelstahl-bratpfanne-o-24-mit-wabenfoermiger-innenseite-fb-kitchenware\\\/#breadcrumb\",\"itemListElement\":[{\"@type\":\"ListItem\",\"position\":1,\"name\":\"Home\",\"item\":\"https:\\\/\\\/fb-kitchenware.com\\\/de\\\/\"},{\"@type\":\"ListItem\",\"position\":2,\"name\":\"Edelstahl Bratpfanne \u00f8 24 mit wabenf\u00f6rmiger Innenseite | FB Kitchenware\"}]},{\"@type\":\"WebSite\",\"@id\":\"https:\\\/\\\/fb-kitchenware.com\\\/de\\\/#website\",\"url\":\"https:\\\/\\\/fb-kitchenware.com\\\/de\\\/\",\"name\":\"FB Kitchenware\",\"description\":\"\",\"publisher\":{\"@id\":\"https:\\\/\\\/fb-kitchenware.com\\\/de\\\/#organization\"},\"potentialAction\":[{\"@type\":\"SearchAction\",\"target\":{\"@type\":\"EntryPoint\",\"urlTemplate\":\"https:\\\/\\\/fb-kitchenware.com\\\/de\\\/?s={search_term_string}\"},\"query-input\":{\"@type\":\"PropertyValueSpecification\",\"valueRequired\":true,\"valueName\":\"search_term_string\"}}],\"inLanguage\":\"de-DE\"},{\"@type\":\"Organization\",\"@id\":\"https:\\\/\\\/fb-kitchenware.com\\\/de\\\/#organization\",\"name\":\"FB Kitchenware\",\"url\":\"https:\\\/\\\/fb-kitchenware.com\\\/de\\\/\",\"logo\":{\"@type\":\"ImageObject\",\"inLanguage\":\"de-DE\",\"@id\":\"https:\\\/\\\/fb-kitchenware.com\\\/de\\\/#\\\/schema\\\/logo\\\/image\\\/\",\"url\":\"https:\\\/\\\/fb-kitchenware.com\\\/wp-content\\\/uploads\\\/logo_gold.png\",\"contentUrl\":\"https:\\\/\\\/fb-kitchenware.com\\\/wp-content\\\/uploads\\\/logo_gold.png\",\"width\":900,\"height\":900,\"caption\":\"FB Kitchenware\"},\"image\":{\"@id\":\"https:\\\/\\\/fb-kitchenware.com\\\/de\\\/#\\\/schema\\\/logo\\\/image\\\/\"}}]}<\/script>\n<!-- \/ Yoast SEO plugin. -->","yoast_head_json":{"title":"Edelstahl Bratpfanne \u00f8 24 mit wabenf\u00f6rmiger Innenseite | FB Kitchenware","description":"Entdecken Sie die 5-Schicht-Edelstahlpfanne mit Excalibur\u2122 Wabenbeschichtung. Hohe Haltbarkeit, extreme Antihaftwirkung und gleichm\u00e4\u00dfiges Kochen.","robots":{"index":"index","follow":"follow","max-snippet":"max-snippet:-1","max-image-preview":"max-image-preview:large","max-video-preview":"max-video-preview:-1"},"canonical":"https:\/\/fb-kitchenware.com\/de\/negozio\/besten%e2%80%91fbkitchenware%e2%80%91pfannen\/edelstahl-bratpfanne-o-24-mit-wabenfoermiger-innenseite-fb-kitchenware\/","og_locale":"de_DE","og_type":"article","og_title":"Edelstahl Bratpfanne \u00f8 24 mit wabenf\u00f6rmiger Innenseite | FB Kitchenware","og_description":"Entdecken Sie die 5-Schicht-Edelstahlpfanne mit Excalibur\u2122 Wabenbeschichtung. Hohe Haltbarkeit, extreme Antihaftwirkung und gleichm\u00e4\u00dfiges Kochen.","og_url":"https:\/\/fb-kitchenware.com\/de\/negozio\/besten%e2%80%91fbkitchenware%e2%80%91pfannen\/edelstahl-bratpfanne-o-24-mit-wabenfoermiger-innenseite-fb-kitchenware\/","og_site_name":"FB Kitchenware","article_modified_time":"2025-12-01T00:21:59+00:00","og_image":[{"width":1920,"height":1920,"url":"https:\/\/fb-kitchenware.com\/wp-content\/uploads\/fb-kitchenware-Immagine-11-prodotti-1-2.png","type":"image\/png"}],"twitter_card":"summary_large_image","schema":{"@context":"https:\/\/schema.org","@graph":[{"@type":"WebPage","@id":"https:\/\/fb-kitchenware.com\/de\/negozio\/besten%e2%80%91fbkitchenware%e2%80%91pfannen\/edelstahl-bratpfanne-o-24-mit-wabenfoermiger-innenseite-fb-kitchenware\/","url":"https:\/\/fb-kitchenware.com\/de\/negozio\/besten%e2%80%91fbkitchenware%e2%80%91pfannen\/edelstahl-bratpfanne-o-24-mit-wabenfoermiger-innenseite-fb-kitchenware\/","name":"Edelstahl Bratpfanne \u00f8 24 mit wabenf\u00f6rmiger Innenseite | FB Kitchenware","isPartOf":{"@id":"https:\/\/fb-kitchenware.com\/de\/#website"},"primaryImageOfPage":{"@id":"https:\/\/fb-kitchenware.com\/de\/negozio\/besten%e2%80%91fbkitchenware%e2%80%91pfannen\/edelstahl-bratpfanne-o-24-mit-wabenfoermiger-innenseite-fb-kitchenware\/#primaryimage"},"image":{"@id":"https:\/\/fb-kitchenware.com\/de\/negozio\/besten%e2%80%91fbkitchenware%e2%80%91pfannen\/edelstahl-bratpfanne-o-24-mit-wabenfoermiger-innenseite-fb-kitchenware\/#primaryimage"},"thumbnailUrl":"https:\/\/fb-kitchenware.com\/wp-content\/uploads\/DSC8777-Edit-2.jpg","datePublished":"2025-05-11T15:05:25+00:00","dateModified":"2025-12-01T00:21:59+00:00","description":"Entdecken Sie die 5-Schicht-Edelstahlpfanne mit Excalibur\u2122 Wabenbeschichtung. Hohe Haltbarkeit, extreme Antihaftwirkung und gleichm\u00e4\u00dfiges Kochen.","breadcrumb":{"@id":"https:\/\/fb-kitchenware.com\/de\/negozio\/besten%e2%80%91fbkitchenware%e2%80%91pfannen\/edelstahl-bratpfanne-o-24-mit-wabenfoermiger-innenseite-fb-kitchenware\/#breadcrumb"},"inLanguage":"de-DE","potentialAction":[{"@type":"ReadAction","target":["https:\/\/fb-kitchenware.com\/de\/negozio\/besten%e2%80%91fbkitchenware%e2%80%91pfannen\/edelstahl-bratpfanne-o-24-mit-wabenfoermiger-innenseite-fb-kitchenware\/"]}]},{"@type":"ImageObject","inLanguage":"de-DE","@id":"https:\/\/fb-kitchenware.com\/de\/negozio\/besten%e2%80%91fbkitchenware%e2%80%91pfannen\/edelstahl-bratpfanne-o-24-mit-wabenfoermiger-innenseite-fb-kitchenware\/#primaryimage","url":"https:\/\/fb-kitchenware.com\/wp-content\/uploads\/DSC8777-Edit-2.jpg","contentUrl":"https:\/\/fb-kitchenware.com\/wp-content\/uploads\/DSC8777-Edit-2.jpg","width":1920,"height":1920,"caption":"padella in acciaio inxo silver plus - rivestimento excalibur"},{"@type":"BreadcrumbList","@id":"https:\/\/fb-kitchenware.com\/de\/negozio\/besten%e2%80%91fbkitchenware%e2%80%91pfannen\/edelstahl-bratpfanne-o-24-mit-wabenfoermiger-innenseite-fb-kitchenware\/#breadcrumb","itemListElement":[{"@type":"ListItem","position":1,"name":"Home","item":"https:\/\/fb-kitchenware.com\/de\/"},{"@type":"ListItem","position":2,"name":"Edelstahl Bratpfanne \u00f8 24 mit wabenf\u00f6rmiger Innenseite | FB Kitchenware"}]},{"@type":"WebSite","@id":"https:\/\/fb-kitchenware.com\/de\/#website","url":"https:\/\/fb-kitchenware.com\/de\/","name":"FB Kitchenware","description":"","publisher":{"@id":"https:\/\/fb-kitchenware.com\/de\/#organization"},"potentialAction":[{"@type":"SearchAction","target":{"@type":"EntryPoint","urlTemplate":"https:\/\/fb-kitchenware.com\/de\/?s={search_term_string}"},"query-input":{"@type":"PropertyValueSpecification","valueRequired":true,"valueName":"search_term_string"}}],"inLanguage":"de-DE"},{"@type":"Organization","@id":"https:\/\/fb-kitchenware.com\/de\/#organization","name":"FB Kitchenware","url":"https:\/\/fb-kitchenware.com\/de\/","logo":{"@type":"ImageObject","inLanguage":"de-DE","@id":"https:\/\/fb-kitchenware.com\/de\/#\/schema\/logo\/image\/","url":"https:\/\/fb-kitchenware.com\/wp-content\/uploads\/logo_gold.png","contentUrl":"https:\/\/fb-kitchenware.com\/wp-content\/uploads\/logo_gold.png","width":900,"height":900,"caption":"FB Kitchenware"},"image":{"@id":"https:\/\/fb-kitchenware.com\/de\/#\/schema\/logo\/image\/"}}]}},"_links":{"self":[{"href":"https:\/\/fb-kitchenware.com\/de\/wp-json\/wp\/v2\/product\/3077","targetHints":{"allow":["GET"]}}],"collection":[{"href":"https:\/\/fb-kitchenware.com\/de\/wp-json\/wp\/v2\/product"}],"about":[{"href":"https:\/\/fb-kitchenware.com\/de\/wp-json\/wp\/v2\/types\/product"}],"wp:featuredmedia":[{"embeddable":true,"href":"https:\/\/fb-kitchenware.com\/de\/wp-json\/wp\/v2\/media\/4493"}],"wp:attachment":[{"href":"https:\/\/fb-kitchenware.com\/de\/wp-json\/wp\/v2\/media?parent=3077"}],"wp:term":[{"taxonomy":"product_brand","embeddable":true,"href":"https:\/\/fb-kitchenware.com\/de\/wp-json\/wp\/v2\/product_brand?post=3077"},{"taxonomy":"product_cat","embeddable":true,"href":"https:\/\/fb-kitchenware.com\/de\/wp-json\/wp\/v2\/product_cat?post=3077"},{"taxonomy":"product_tag","embeddable":true,"href":"https:\/\/fb-kitchenware.com\/de\/wp-json\/wp\/v2\/product_tag?post=3077"}],"curies":[{"name":"wp","href":"https:\/\/api.w.org\/{rel}","templated":true}]}}