{"id":3091,"date":"2025-05-11T17:05:25","date_gmt":"2025-05-11T15:05:25","guid":{"rendered":"https:\/\/fb-kitchenware.com\/negozio\/uncategorized\/kupfer-induktionskochgeschirr-o-16-mit-deckel-fb-kitchenware\/"},"modified":"2026-01-24T10:13:05","modified_gmt":"2026-01-24T09:13:05","slug":"kupfer-induktionskochgeschirr-o-16-mit-deckel-fb-kitchenware","status":"publish","type":"product","link":"https:\/\/fb-kitchenware.com\/de\/negozio\/topf\/kupfer-induktionskochgeschirr-o-16-mit-deckel-fb-kitchenware\/","title":{"rendered":"Kupfer-Induktionskochgeschirr \u00f8 16 mit Deckel | FB Kitchenware"},"content":{"rendered":"","protected":false},"excerpt":{"rendered":"<h3 class=\"\" style=\"text-align: left\" data-start=\"533\" data-end=\"628\"><strong data-start=\"537\" data-end=\"628\">Induktionskasserolle aus Kupfer \u00f816 cm mit Griff und Deckel aus Messingguss &#8211; DiamondTin\u2122<\/strong><\/h3>\n<p class=\"\" data-start=\"630\" data-end=\"1346\">Die Kupferkasserolle mit einem Griff aus der <strong data-start=\"681\" data-end=\"696\">DiamondTin\u2122-Kollektion<\/strong> ist viel mehr als nur ein K\u00fcchenutensil: Sie ist ein Konzentrat aus Innovation und Tradition, entworfen f\u00fcr alle, die beim Kochen nach Exzellenz streben, ohne dabei auf \u00c4sthetik zu verzichten. Diese vollst\u00e4ndig aus <strong data-start=\"897\" data-end=\"923\">handgeh\u00e4mmertem Kupfer<\/strong> gefertigte Kasserolle mit einem Durchmesser von 16 cm ist ideal f\u00fcr alle, die langsames, kontrolliertes und gleichm\u00e4\u00dfiges Kochen lieben. Das <strong data-start=\"1017\" data-end=\"1041\">\u00e4u\u00dfere H\u00e4mmern<\/strong> ist nicht nur optisch elegant, sondern verbessert auch die Leistung des Kupfers, indem es seine Molek\u00fcle komprimiert und ausrichtet. Das Ergebnis? Ein dickeres, kompakteres und hoch <strong data-start=\"1216\" data-end=\"1230\">leitf\u00e4higes<\/strong> Material, das <strong data-start=\"1244\" data-end=\"1286\">die W\u00e4rme gleichm\u00e4\u00dfig verteilt<\/strong>, das Risiko von Verbrennungen verringert und Energie spart.<\/p>\n","protected":false},"featured_media":4553,"template":"","meta":{"_acf_changed":false},"product_brand":[532],"product_cat":[540,533,645],"product_tag":[],"class_list":{"0":"post-3091","1":"product","2":"type-product","3":"status-publish","4":"has-post-thumbnail","6":"product_brand-diamondtin","7":"product_cat-kasserolle","8":"product_cat-topf","9":"product_cat-serienende","11":"first","12":"outofstock","13":"sale","14":"taxable","15":"shipping-taxable","16":"purchasable","17":"product-type-simple"},"acf":[],"yoast_head":"<!-- This site is optimized with the Yoast SEO plugin v27.3 - https:\/\/yoast.com\/product\/yoast-seo-wordpress\/ -->\n<title>Kupfer-Induktionskasserolle \u00f8 16 mit Deckel | FB Kitchenware<\/title>\n<meta name=\"description\" content=\"Entdecken Sie die \u00f816 cm Kupfer-Induktionskasserolle aus der DiamondTin\u2122 Linie. Diamantbeschichtung, Griff aus Messingguss, Handwerkskunst Made in Italy.\" \/>\n<meta name=\"robots\" content=\"index, follow, max-snippet:-1, max-image-preview:large, max-video-preview:-1\" \/>\n<link rel=\"canonical\" href=\"https:\/\/fb-kitchenware.com\/de\/negozio\/topf\/kupfer-induktionskochgeschirr-o-16-mit-deckel-fb-kitchenware\/\" \/>\n<meta property=\"og:locale\" content=\"de_DE\" \/>\n<meta property=\"og:type\" content=\"article\" \/>\n<meta property=\"og:title\" content=\"Kupfer-Induktionskasserolle \u00f8 16 mit Deckel | FB Kitchenware\" \/>\n<meta property=\"og:description\" content=\"Entdecken Sie die \u00f816 cm Kupfer-Induktionskasserolle aus der DiamondTin\u2122 Linie. Diamantbeschichtung, Griff aus Messingguss, Handwerkskunst Made in Italy.\" \/>\n<meta property=\"og:url\" content=\"https:\/\/fb-kitchenware.com\/de\/negozio\/topf\/kupfer-induktionskochgeschirr-o-16-mit-deckel-fb-kitchenware\/\" \/>\n<meta property=\"og:site_name\" content=\"FB Kitchenware\" \/>\n<meta property=\"article:modified_time\" content=\"2026-01-24T09:13:05+00:00\" \/>\n<meta property=\"og:image\" content=\"https:\/\/fb-kitchenware.com\/wp-content\/uploads\/diamondtin-6164-.jpg\" \/>\n\t<meta property=\"og:image:width\" content=\"1920\" \/>\n\t<meta property=\"og:image:height\" content=\"1920\" \/>\n\t<meta property=\"og:image:type\" content=\"image\/jpeg\" \/>\n<meta name=\"twitter:card\" content=\"summary_large_image\" \/>\n<meta name=\"twitter:label1\" content=\"Est. reading time\" \/>\n\t<meta name=\"twitter:data1\" content=\"3 minutes\" \/>\n<script type=\"application\/ld+json\" class=\"yoast-schema-graph\">{\"@context\":\"https:\\\/\\\/schema.org\",\"@graph\":[{\"@type\":\"WebPage\",\"@id\":\"https:\\\/\\\/fb-kitchenware.com\\\/de\\\/negozio\\\/topf\\\/kupfer-induktionskochgeschirr-o-16-mit-deckel-fb-kitchenware\\\/\",\"url\":\"https:\\\/\\\/fb-kitchenware.com\\\/de\\\/negozio\\\/topf\\\/kupfer-induktionskochgeschirr-o-16-mit-deckel-fb-kitchenware\\\/\",\"name\":\"Kupfer-Induktionskasserolle \u00f8 16 mit Deckel | FB Kitchenware\",\"isPartOf\":{\"@id\":\"https:\\\/\\\/fb-kitchenware.com\\\/de\\\/#website\"},\"primaryImageOfPage\":{\"@id\":\"https:\\\/\\\/fb-kitchenware.com\\\/de\\\/negozio\\\/topf\\\/kupfer-induktionskochgeschirr-o-16-mit-deckel-fb-kitchenware\\\/#primaryimage\"},\"image\":{\"@id\":\"https:\\\/\\\/fb-kitchenware.com\\\/de\\\/negozio\\\/topf\\\/kupfer-induktionskochgeschirr-o-16-mit-deckel-fb-kitchenware\\\/#primaryimage\"},\"thumbnailUrl\":\"https:\\\/\\\/fb-kitchenware.com\\\/wp-content\\\/uploads\\\/diamondtin-6164-.jpg\",\"datePublished\":\"2025-05-11T15:05:25+00:00\",\"dateModified\":\"2026-01-24T09:13:05+00:00\",\"description\":\"Entdecken Sie die \u00f816 cm Kupfer-Induktionskasserolle aus der DiamondTin\u2122 Linie. Diamantbeschichtung, Griff aus Messingguss, Handwerkskunst Made in Italy.\",\"breadcrumb\":{\"@id\":\"https:\\\/\\\/fb-kitchenware.com\\\/de\\\/negozio\\\/topf\\\/kupfer-induktionskochgeschirr-o-16-mit-deckel-fb-kitchenware\\\/#breadcrumb\"},\"inLanguage\":\"de-DE\",\"potentialAction\":[{\"@type\":\"ReadAction\",\"target\":[\"https:\\\/\\\/fb-kitchenware.com\\\/de\\\/negozio\\\/topf\\\/kupfer-induktionskochgeschirr-o-16-mit-deckel-fb-kitchenware\\\/\"]}]},{\"@type\":\"ImageObject\",\"inLanguage\":\"de-DE\",\"@id\":\"https:\\\/\\\/fb-kitchenware.com\\\/de\\\/negozio\\\/topf\\\/kupfer-induktionskochgeschirr-o-16-mit-deckel-fb-kitchenware\\\/#primaryimage\",\"url\":\"https:\\\/\\\/fb-kitchenware.com\\\/wp-content\\\/uploads\\\/diamondtin-6164-.jpg\",\"contentUrl\":\"https:\\\/\\\/fb-kitchenware.com\\\/wp-content\\\/uploads\\\/diamondtin-6164-.jpg\",\"width\":1920,\"height\":1920,\"caption\":\"pentolino in rame diamondtin\"},{\"@type\":\"BreadcrumbList\",\"@id\":\"https:\\\/\\\/fb-kitchenware.com\\\/de\\\/negozio\\\/topf\\\/kupfer-induktionskochgeschirr-o-16-mit-deckel-fb-kitchenware\\\/#breadcrumb\",\"itemListElement\":[{\"@type\":\"ListItem\",\"position\":1,\"name\":\"Home\",\"item\":\"https:\\\/\\\/fb-kitchenware.com\\\/de\\\/\"},{\"@type\":\"ListItem\",\"position\":2,\"name\":\"Kupfer-Induktionskochgeschirr \u00f8 16 mit Deckel | FB Kitchenware\"}]},{\"@type\":\"WebSite\",\"@id\":\"https:\\\/\\\/fb-kitchenware.com\\\/de\\\/#website\",\"url\":\"https:\\\/\\\/fb-kitchenware.com\\\/de\\\/\",\"name\":\"FB Kitchenware\",\"description\":\"\",\"publisher\":{\"@id\":\"https:\\\/\\\/fb-kitchenware.com\\\/de\\\/#organization\"},\"potentialAction\":[{\"@type\":\"SearchAction\",\"target\":{\"@type\":\"EntryPoint\",\"urlTemplate\":\"https:\\\/\\\/fb-kitchenware.com\\\/de\\\/?s={search_term_string}\"},\"query-input\":{\"@type\":\"PropertyValueSpecification\",\"valueRequired\":true,\"valueName\":\"search_term_string\"}}],\"inLanguage\":\"de-DE\"},{\"@type\":\"Organization\",\"@id\":\"https:\\\/\\\/fb-kitchenware.com\\\/de\\\/#organization\",\"name\":\"FB Kitchenware\",\"url\":\"https:\\\/\\\/fb-kitchenware.com\\\/de\\\/\",\"logo\":{\"@type\":\"ImageObject\",\"inLanguage\":\"de-DE\",\"@id\":\"https:\\\/\\\/fb-kitchenware.com\\\/de\\\/#\\\/schema\\\/logo\\\/image\\\/\",\"url\":\"https:\\\/\\\/fb-kitchenware.com\\\/wp-content\\\/uploads\\\/logo_gold.png\",\"contentUrl\":\"https:\\\/\\\/fb-kitchenware.com\\\/wp-content\\\/uploads\\\/logo_gold.png\",\"width\":900,\"height\":900,\"caption\":\"FB Kitchenware\"},\"image\":{\"@id\":\"https:\\\/\\\/fb-kitchenware.com\\\/de\\\/#\\\/schema\\\/logo\\\/image\\\/\"}}]}<\/script>\n<!-- \/ Yoast SEO plugin. -->","yoast_head_json":{"title":"Kupfer-Induktionskasserolle \u00f8 16 mit Deckel | FB Kitchenware","description":"Entdecken Sie die \u00f816 cm Kupfer-Induktionskasserolle aus der DiamondTin\u2122 Linie. Diamantbeschichtung, Griff aus Messingguss, Handwerkskunst Made in Italy.","robots":{"index":"index","follow":"follow","max-snippet":"max-snippet:-1","max-image-preview":"max-image-preview:large","max-video-preview":"max-video-preview:-1"},"canonical":"https:\/\/fb-kitchenware.com\/de\/negozio\/topf\/kupfer-induktionskochgeschirr-o-16-mit-deckel-fb-kitchenware\/","og_locale":"de_DE","og_type":"article","og_title":"Kupfer-Induktionskasserolle \u00f8 16 mit Deckel | FB Kitchenware","og_description":"Entdecken Sie die \u00f816 cm Kupfer-Induktionskasserolle aus der DiamondTin\u2122 Linie. Diamantbeschichtung, Griff aus Messingguss, Handwerkskunst Made in Italy.","og_url":"https:\/\/fb-kitchenware.com\/de\/negozio\/topf\/kupfer-induktionskochgeschirr-o-16-mit-deckel-fb-kitchenware\/","og_site_name":"FB Kitchenware","article_modified_time":"2026-01-24T09:13:05+00:00","og_image":[{"width":1920,"height":1920,"url":"https:\/\/fb-kitchenware.com\/wp-content\/uploads\/diamondtin-6164-.jpg","type":"image\/jpeg"}],"twitter_card":"summary_large_image","twitter_misc":{"Est. reading time":"3 minutes"},"schema":{"@context":"https:\/\/schema.org","@graph":[{"@type":"WebPage","@id":"https:\/\/fb-kitchenware.com\/de\/negozio\/topf\/kupfer-induktionskochgeschirr-o-16-mit-deckel-fb-kitchenware\/","url":"https:\/\/fb-kitchenware.com\/de\/negozio\/topf\/kupfer-induktionskochgeschirr-o-16-mit-deckel-fb-kitchenware\/","name":"Kupfer-Induktionskasserolle \u00f8 16 mit Deckel | FB Kitchenware","isPartOf":{"@id":"https:\/\/fb-kitchenware.com\/de\/#website"},"primaryImageOfPage":{"@id":"https:\/\/fb-kitchenware.com\/de\/negozio\/topf\/kupfer-induktionskochgeschirr-o-16-mit-deckel-fb-kitchenware\/#primaryimage"},"image":{"@id":"https:\/\/fb-kitchenware.com\/de\/negozio\/topf\/kupfer-induktionskochgeschirr-o-16-mit-deckel-fb-kitchenware\/#primaryimage"},"thumbnailUrl":"https:\/\/fb-kitchenware.com\/wp-content\/uploads\/diamondtin-6164-.jpg","datePublished":"2025-05-11T15:05:25+00:00","dateModified":"2026-01-24T09:13:05+00:00","description":"Entdecken Sie die \u00f816 cm Kupfer-Induktionskasserolle aus der DiamondTin\u2122 Linie. Diamantbeschichtung, Griff aus Messingguss, Handwerkskunst Made in Italy.","breadcrumb":{"@id":"https:\/\/fb-kitchenware.com\/de\/negozio\/topf\/kupfer-induktionskochgeschirr-o-16-mit-deckel-fb-kitchenware\/#breadcrumb"},"inLanguage":"de-DE","potentialAction":[{"@type":"ReadAction","target":["https:\/\/fb-kitchenware.com\/de\/negozio\/topf\/kupfer-induktionskochgeschirr-o-16-mit-deckel-fb-kitchenware\/"]}]},{"@type":"ImageObject","inLanguage":"de-DE","@id":"https:\/\/fb-kitchenware.com\/de\/negozio\/topf\/kupfer-induktionskochgeschirr-o-16-mit-deckel-fb-kitchenware\/#primaryimage","url":"https:\/\/fb-kitchenware.com\/wp-content\/uploads\/diamondtin-6164-.jpg","contentUrl":"https:\/\/fb-kitchenware.com\/wp-content\/uploads\/diamondtin-6164-.jpg","width":1920,"height":1920,"caption":"pentolino in rame diamondtin"},{"@type":"BreadcrumbList","@id":"https:\/\/fb-kitchenware.com\/de\/negozio\/topf\/kupfer-induktionskochgeschirr-o-16-mit-deckel-fb-kitchenware\/#breadcrumb","itemListElement":[{"@type":"ListItem","position":1,"name":"Home","item":"https:\/\/fb-kitchenware.com\/de\/"},{"@type":"ListItem","position":2,"name":"Kupfer-Induktionskochgeschirr \u00f8 16 mit Deckel | FB Kitchenware"}]},{"@type":"WebSite","@id":"https:\/\/fb-kitchenware.com\/de\/#website","url":"https:\/\/fb-kitchenware.com\/de\/","name":"FB Kitchenware","description":"","publisher":{"@id":"https:\/\/fb-kitchenware.com\/de\/#organization"},"potentialAction":[{"@type":"SearchAction","target":{"@type":"EntryPoint","urlTemplate":"https:\/\/fb-kitchenware.com\/de\/?s={search_term_string}"},"query-input":{"@type":"PropertyValueSpecification","valueRequired":true,"valueName":"search_term_string"}}],"inLanguage":"de-DE"},{"@type":"Organization","@id":"https:\/\/fb-kitchenware.com\/de\/#organization","name":"FB Kitchenware","url":"https:\/\/fb-kitchenware.com\/de\/","logo":{"@type":"ImageObject","inLanguage":"de-DE","@id":"https:\/\/fb-kitchenware.com\/de\/#\/schema\/logo\/image\/","url":"https:\/\/fb-kitchenware.com\/wp-content\/uploads\/logo_gold.png","contentUrl":"https:\/\/fb-kitchenware.com\/wp-content\/uploads\/logo_gold.png","width":900,"height":900,"caption":"FB Kitchenware"},"image":{"@id":"https:\/\/fb-kitchenware.com\/de\/#\/schema\/logo\/image\/"}}]}},"_links":{"self":[{"href":"https:\/\/fb-kitchenware.com\/de\/wp-json\/wp\/v2\/product\/3091","targetHints":{"allow":["GET"]}}],"collection":[{"href":"https:\/\/fb-kitchenware.com\/de\/wp-json\/wp\/v2\/product"}],"about":[{"href":"https:\/\/fb-kitchenware.com\/de\/wp-json\/wp\/v2\/types\/product"}],"wp:featuredmedia":[{"embeddable":true,"href":"https:\/\/fb-kitchenware.com\/de\/wp-json\/wp\/v2\/media\/4553"}],"wp:attachment":[{"href":"https:\/\/fb-kitchenware.com\/de\/wp-json\/wp\/v2\/media?parent=3091"}],"wp:term":[{"taxonomy":"product_brand","embeddable":true,"href":"https:\/\/fb-kitchenware.com\/de\/wp-json\/wp\/v2\/product_brand?post=3091"},{"taxonomy":"product_cat","embeddable":true,"href":"https:\/\/fb-kitchenware.com\/de\/wp-json\/wp\/v2\/product_cat?post=3091"},{"taxonomy":"product_tag","embeddable":true,"href":"https:\/\/fb-kitchenware.com\/de\/wp-json\/wp\/v2\/product_tag?post=3091"}],"curies":[{"name":"wp","href":"https:\/\/api.w.org\/{rel}","templated":true}]}}