{"id":3101,"date":"2025-05-11T17:05:25","date_gmt":"2025-05-11T15:05:25","guid":{"rendered":"https:\/\/fb-kitchenware.com\/negozio\/uncategorized\/grillpfanne-aus-edelstahl-mit-deckel-fb-kitchenware\/"},"modified":"2025-12-01T01:22:00","modified_gmt":"2025-12-01T00:22:00","slug":"grillpfanne-aus-edelstahl-mit-deckel-fb-kitchenware","status":"publish","type":"product","link":"https:\/\/fb-kitchenware.com\/de\/negozio\/besten%e2%80%91fbkitchenware%e2%80%91pfannen\/grillpfanne-aus-edelstahl-mit-deckel-fb-kitchenware\/","title":{"rendered":"Grillpfanne aus Edelstahl mit Deckel | FB Kitchenware"},"content":{"rendered":"","protected":false},"excerpt":{"rendered":"<h3 class=\"\" style=\"text-align: left\" data-start=\"667\" data-end=\"710\">Grillen, wo immer Sie wollen<\/h3>\n<p class=\"\" data-start=\"712\" data-end=\"967\">Der <strong data-start=\"762\" data-end=\"774\">29&#215;29 cm gro\u00dfe<\/strong> SilverPlus <strong data-start=\"715\" data-end=\"747\">Edelstahlgrill<\/strong> ist mehr als nur ein Grill: Er ist eine Br\u00fccke zwischen Tradition und Innovation, entwickelt f\u00fcr diejenigen, die den authentischen Geschmack des Grillens lieben, aber nicht auf die Alltagstauglichkeit verzichten wollen.<\/p>\n<p class=\"\" data-start=\"969\" data-end=\"1372\">Diese Steakpfanne aus <strong data-start=\"983\" data-end=\"1056\">5-lagigem Edelstahl (AISI 304 &#8211; Aluminium &#8211; AISI 430)<\/strong> garantiert eine <strong data-start=\"1093\" data-end=\"1130\">gleichm\u00e4\u00dfige W\u00e4rmeverteilung<\/strong>, die perfekt ist, um das Fleisch zu versiegeln, ohne es zu verbrennen und die inneren S\u00e4fte intakt zu halten. Die <strong data-start=\"1225\" data-end=\"1254\">flache und breite Oberfl\u00e4che<\/strong> eignet sich f\u00fcr Steaks, Gem\u00fcse und Fisch gleicherma\u00dfen und hinterl\u00e4sst dabei immer die unverkennbaren Grilllinien.<\/p>\n","protected":false},"featured_media":7456,"template":"","meta":{"_acf_changed":false},"product_brand":[538],"product_cat":[518,618],"product_tag":[],"class_list":{"0":"post-3101","1":"product","2":"type-product","3":"status-publish","4":"has-post-thumbnail","6":"product_brand-silverplus","7":"product_cat-bestenfbkitchenwarepfannen","8":"product_cat-grillpfanne","10":"first","11":"instock","12":"taxable","13":"shipping-taxable","14":"purchasable","15":"product-type-simple"},"acf":[],"yoast_head":"<!-- This site is optimized with the Yoast SEO plugin v27.3 - https:\/\/yoast.com\/product\/yoast-seo-wordpress\/ -->\n<title>Grillpfanne aus Edelstahl mit Deckel | FB Kitchenware<\/title>\n<meta name=\"description\" content=\"Entdecken Sie die SilverPlus Steakpfanne aus Edelstahl von FB Kitchenware: 5 Schichten Leistung, geeignet f\u00fcr alle Herdarten, sogar f\u00fcr den Grill.\" \/>\n<meta name=\"robots\" content=\"index, follow, max-snippet:-1, max-image-preview:large, max-video-preview:-1\" \/>\n<link rel=\"canonical\" href=\"https:\/\/fb-kitchenware.com\/de\/negozio\/besten%e2%80%91fbkitchenware%e2%80%91pfannen\/grillpfanne-aus-edelstahl-mit-deckel-fb-kitchenware\/\" \/>\n<meta property=\"og:locale\" content=\"de_DE\" \/>\n<meta property=\"og:type\" content=\"article\" \/>\n<meta property=\"og:title\" content=\"Grillpfanne aus Edelstahl mit Deckel | FB Kitchenware\" \/>\n<meta property=\"og:description\" content=\"Entdecken Sie die SilverPlus Steakpfanne aus Edelstahl von FB Kitchenware: 5 Schichten Leistung, geeignet f\u00fcr alle Herdarten, sogar f\u00fcr den Grill.\" \/>\n<meta property=\"og:url\" content=\"https:\/\/fb-kitchenware.com\/de\/negozio\/besten%e2%80%91fbkitchenware%e2%80%91pfannen\/grillpfanne-aus-edelstahl-mit-deckel-fb-kitchenware\/\" \/>\n<meta property=\"og:site_name\" content=\"FB Kitchenware\" \/>\n<meta property=\"article:modified_time\" content=\"2025-12-01T00:22:00+00:00\" \/>\n<meta property=\"og:image\" content=\"https:\/\/fb-kitchenware.com\/wp-content\/uploads\/DSC8790-Edit-2.jpg\" \/>\n\t<meta property=\"og:image:width\" content=\"1920\" \/>\n\t<meta property=\"og:image:height\" content=\"1920\" \/>\n\t<meta property=\"og:image:type\" content=\"image\/jpeg\" \/>\n<meta name=\"twitter:card\" content=\"summary_large_image\" \/>\n<meta name=\"twitter:label1\" content=\"Est. reading time\" \/>\n\t<meta name=\"twitter:data1\" content=\"3 minutes\" \/>\n<script type=\"application\/ld+json\" class=\"yoast-schema-graph\">{\"@context\":\"https:\\\/\\\/schema.org\",\"@graph\":[{\"@type\":\"WebPage\",\"@id\":\"https:\\\/\\\/fb-kitchenware.com\\\/de\\\/negozio\\\/besten%e2%80%91fbkitchenware%e2%80%91pfannen\\\/grillpfanne-aus-edelstahl-mit-deckel-fb-kitchenware\\\/\",\"url\":\"https:\\\/\\\/fb-kitchenware.com\\\/de\\\/negozio\\\/besten%e2%80%91fbkitchenware%e2%80%91pfannen\\\/grillpfanne-aus-edelstahl-mit-deckel-fb-kitchenware\\\/\",\"name\":\"Grillpfanne aus Edelstahl mit Deckel | FB Kitchenware\",\"isPartOf\":{\"@id\":\"https:\\\/\\\/fb-kitchenware.com\\\/de\\\/#website\"},\"primaryImageOfPage\":{\"@id\":\"https:\\\/\\\/fb-kitchenware.com\\\/de\\\/negozio\\\/besten%e2%80%91fbkitchenware%e2%80%91pfannen\\\/grillpfanne-aus-edelstahl-mit-deckel-fb-kitchenware\\\/#primaryimage\"},\"image\":{\"@id\":\"https:\\\/\\\/fb-kitchenware.com\\\/de\\\/negozio\\\/besten%e2%80%91fbkitchenware%e2%80%91pfannen\\\/grillpfanne-aus-edelstahl-mit-deckel-fb-kitchenware\\\/#primaryimage\"},\"thumbnailUrl\":\"https:\\\/\\\/fb-kitchenware.com\\\/wp-content\\\/uploads\\\/DSC8790-Edit.jpg\",\"datePublished\":\"2025-05-11T15:05:25+00:00\",\"dateModified\":\"2025-12-01T00:22:00+00:00\",\"description\":\"Entdecken Sie die SilverPlus Steakpfanne aus Edelstahl von FB Kitchenware: 5 Schichten Leistung, geeignet f\u00fcr alle Herdarten, sogar f\u00fcr den Grill.\",\"breadcrumb\":{\"@id\":\"https:\\\/\\\/fb-kitchenware.com\\\/de\\\/negozio\\\/besten%e2%80%91fbkitchenware%e2%80%91pfannen\\\/grillpfanne-aus-edelstahl-mit-deckel-fb-kitchenware\\\/#breadcrumb\"},\"inLanguage\":\"de-DE\",\"potentialAction\":[{\"@type\":\"ReadAction\",\"target\":[\"https:\\\/\\\/fb-kitchenware.com\\\/de\\\/negozio\\\/besten%e2%80%91fbkitchenware%e2%80%91pfannen\\\/grillpfanne-aus-edelstahl-mit-deckel-fb-kitchenware\\\/\"]}]},{\"@type\":\"ImageObject\",\"inLanguage\":\"de-DE\",\"@id\":\"https:\\\/\\\/fb-kitchenware.com\\\/de\\\/negozio\\\/besten%e2%80%91fbkitchenware%e2%80%91pfannen\\\/grillpfanne-aus-edelstahl-mit-deckel-fb-kitchenware\\\/#primaryimage\",\"url\":\"https:\\\/\\\/fb-kitchenware.com\\\/wp-content\\\/uploads\\\/DSC8790-Edit.jpg\",\"contentUrl\":\"https:\\\/\\\/fb-kitchenware.com\\\/wp-content\\\/uploads\\\/DSC8790-Edit.jpg\",\"width\":1920,\"height\":1920},{\"@type\":\"BreadcrumbList\",\"@id\":\"https:\\\/\\\/fb-kitchenware.com\\\/de\\\/negozio\\\/besten%e2%80%91fbkitchenware%e2%80%91pfannen\\\/grillpfanne-aus-edelstahl-mit-deckel-fb-kitchenware\\\/#breadcrumb\",\"itemListElement\":[{\"@type\":\"ListItem\",\"position\":1,\"name\":\"Home\",\"item\":\"https:\\\/\\\/fb-kitchenware.com\\\/de\\\/\"},{\"@type\":\"ListItem\",\"position\":2,\"name\":\"Grillpfanne aus Edelstahl mit Deckel | FB Kitchenware\"}]},{\"@type\":\"WebSite\",\"@id\":\"https:\\\/\\\/fb-kitchenware.com\\\/de\\\/#website\",\"url\":\"https:\\\/\\\/fb-kitchenware.com\\\/de\\\/\",\"name\":\"FB Kitchenware\",\"description\":\"\",\"publisher\":{\"@id\":\"https:\\\/\\\/fb-kitchenware.com\\\/de\\\/#organization\"},\"potentialAction\":[{\"@type\":\"SearchAction\",\"target\":{\"@type\":\"EntryPoint\",\"urlTemplate\":\"https:\\\/\\\/fb-kitchenware.com\\\/de\\\/?s={search_term_string}\"},\"query-input\":{\"@type\":\"PropertyValueSpecification\",\"valueRequired\":true,\"valueName\":\"search_term_string\"}}],\"inLanguage\":\"de-DE\"},{\"@type\":\"Organization\",\"@id\":\"https:\\\/\\\/fb-kitchenware.com\\\/de\\\/#organization\",\"name\":\"FB Kitchenware\",\"url\":\"https:\\\/\\\/fb-kitchenware.com\\\/de\\\/\",\"logo\":{\"@type\":\"ImageObject\",\"inLanguage\":\"de-DE\",\"@id\":\"https:\\\/\\\/fb-kitchenware.com\\\/de\\\/#\\\/schema\\\/logo\\\/image\\\/\",\"url\":\"https:\\\/\\\/fb-kitchenware.com\\\/wp-content\\\/uploads\\\/logo_gold.png\",\"contentUrl\":\"https:\\\/\\\/fb-kitchenware.com\\\/wp-content\\\/uploads\\\/logo_gold.png\",\"width\":900,\"height\":900,\"caption\":\"FB Kitchenware\"},\"image\":{\"@id\":\"https:\\\/\\\/fb-kitchenware.com\\\/de\\\/#\\\/schema\\\/logo\\\/image\\\/\"}}]}<\/script>\n<!-- \/ Yoast SEO plugin. -->","yoast_head_json":{"title":"Grillpfanne aus Edelstahl mit Deckel | FB Kitchenware","description":"Entdecken Sie die SilverPlus Steakpfanne aus Edelstahl von FB Kitchenware: 5 Schichten Leistung, geeignet f\u00fcr alle Herdarten, sogar f\u00fcr den Grill.","robots":{"index":"index","follow":"follow","max-snippet":"max-snippet:-1","max-image-preview":"max-image-preview:large","max-video-preview":"max-video-preview:-1"},"canonical":"https:\/\/fb-kitchenware.com\/de\/negozio\/besten%e2%80%91fbkitchenware%e2%80%91pfannen\/grillpfanne-aus-edelstahl-mit-deckel-fb-kitchenware\/","og_locale":"de_DE","og_type":"article","og_title":"Grillpfanne aus Edelstahl mit Deckel | FB Kitchenware","og_description":"Entdecken Sie die SilverPlus Steakpfanne aus Edelstahl von FB Kitchenware: 5 Schichten Leistung, geeignet f\u00fcr alle Herdarten, sogar f\u00fcr den Grill.","og_url":"https:\/\/fb-kitchenware.com\/de\/negozio\/besten%e2%80%91fbkitchenware%e2%80%91pfannen\/grillpfanne-aus-edelstahl-mit-deckel-fb-kitchenware\/","og_site_name":"FB Kitchenware","article_modified_time":"2025-12-01T00:22:00+00:00","og_image":[{"width":1920,"height":1920,"url":"https:\/\/fb-kitchenware.com\/wp-content\/uploads\/DSC8790-Edit-2.jpg","type":"image\/jpeg"}],"twitter_card":"summary_large_image","twitter_misc":{"Est. reading time":"3 minutes"},"schema":{"@context":"https:\/\/schema.org","@graph":[{"@type":"WebPage","@id":"https:\/\/fb-kitchenware.com\/de\/negozio\/besten%e2%80%91fbkitchenware%e2%80%91pfannen\/grillpfanne-aus-edelstahl-mit-deckel-fb-kitchenware\/","url":"https:\/\/fb-kitchenware.com\/de\/negozio\/besten%e2%80%91fbkitchenware%e2%80%91pfannen\/grillpfanne-aus-edelstahl-mit-deckel-fb-kitchenware\/","name":"Grillpfanne aus Edelstahl mit Deckel | FB Kitchenware","isPartOf":{"@id":"https:\/\/fb-kitchenware.com\/de\/#website"},"primaryImageOfPage":{"@id":"https:\/\/fb-kitchenware.com\/de\/negozio\/besten%e2%80%91fbkitchenware%e2%80%91pfannen\/grillpfanne-aus-edelstahl-mit-deckel-fb-kitchenware\/#primaryimage"},"image":{"@id":"https:\/\/fb-kitchenware.com\/de\/negozio\/besten%e2%80%91fbkitchenware%e2%80%91pfannen\/grillpfanne-aus-edelstahl-mit-deckel-fb-kitchenware\/#primaryimage"},"thumbnailUrl":"https:\/\/fb-kitchenware.com\/wp-content\/uploads\/DSC8790-Edit.jpg","datePublished":"2025-05-11T15:05:25+00:00","dateModified":"2025-12-01T00:22:00+00:00","description":"Entdecken Sie die SilverPlus Steakpfanne aus Edelstahl von FB Kitchenware: 5 Schichten Leistung, geeignet f\u00fcr alle Herdarten, sogar f\u00fcr den Grill.","breadcrumb":{"@id":"https:\/\/fb-kitchenware.com\/de\/negozio\/besten%e2%80%91fbkitchenware%e2%80%91pfannen\/grillpfanne-aus-edelstahl-mit-deckel-fb-kitchenware\/#breadcrumb"},"inLanguage":"de-DE","potentialAction":[{"@type":"ReadAction","target":["https:\/\/fb-kitchenware.com\/de\/negozio\/besten%e2%80%91fbkitchenware%e2%80%91pfannen\/grillpfanne-aus-edelstahl-mit-deckel-fb-kitchenware\/"]}]},{"@type":"ImageObject","inLanguage":"de-DE","@id":"https:\/\/fb-kitchenware.com\/de\/negozio\/besten%e2%80%91fbkitchenware%e2%80%91pfannen\/grillpfanne-aus-edelstahl-mit-deckel-fb-kitchenware\/#primaryimage","url":"https:\/\/fb-kitchenware.com\/wp-content\/uploads\/DSC8790-Edit.jpg","contentUrl":"https:\/\/fb-kitchenware.com\/wp-content\/uploads\/DSC8790-Edit.jpg","width":1920,"height":1920},{"@type":"BreadcrumbList","@id":"https:\/\/fb-kitchenware.com\/de\/negozio\/besten%e2%80%91fbkitchenware%e2%80%91pfannen\/grillpfanne-aus-edelstahl-mit-deckel-fb-kitchenware\/#breadcrumb","itemListElement":[{"@type":"ListItem","position":1,"name":"Home","item":"https:\/\/fb-kitchenware.com\/de\/"},{"@type":"ListItem","position":2,"name":"Grillpfanne aus Edelstahl mit Deckel | FB Kitchenware"}]},{"@type":"WebSite","@id":"https:\/\/fb-kitchenware.com\/de\/#website","url":"https:\/\/fb-kitchenware.com\/de\/","name":"FB Kitchenware","description":"","publisher":{"@id":"https:\/\/fb-kitchenware.com\/de\/#organization"},"potentialAction":[{"@type":"SearchAction","target":{"@type":"EntryPoint","urlTemplate":"https:\/\/fb-kitchenware.com\/de\/?s={search_term_string}"},"query-input":{"@type":"PropertyValueSpecification","valueRequired":true,"valueName":"search_term_string"}}],"inLanguage":"de-DE"},{"@type":"Organization","@id":"https:\/\/fb-kitchenware.com\/de\/#organization","name":"FB Kitchenware","url":"https:\/\/fb-kitchenware.com\/de\/","logo":{"@type":"ImageObject","inLanguage":"de-DE","@id":"https:\/\/fb-kitchenware.com\/de\/#\/schema\/logo\/image\/","url":"https:\/\/fb-kitchenware.com\/wp-content\/uploads\/logo_gold.png","contentUrl":"https:\/\/fb-kitchenware.com\/wp-content\/uploads\/logo_gold.png","width":900,"height":900,"caption":"FB Kitchenware"},"image":{"@id":"https:\/\/fb-kitchenware.com\/de\/#\/schema\/logo\/image\/"}}]}},"_links":{"self":[{"href":"https:\/\/fb-kitchenware.com\/de\/wp-json\/wp\/v2\/product\/3101","targetHints":{"allow":["GET"]}}],"collection":[{"href":"https:\/\/fb-kitchenware.com\/de\/wp-json\/wp\/v2\/product"}],"about":[{"href":"https:\/\/fb-kitchenware.com\/de\/wp-json\/wp\/v2\/types\/product"}],"wp:featuredmedia":[{"embeddable":true,"href":"https:\/\/fb-kitchenware.com\/de\/wp-json\/wp\/v2\/media\/7456"}],"wp:attachment":[{"href":"https:\/\/fb-kitchenware.com\/de\/wp-json\/wp\/v2\/media?parent=3101"}],"wp:term":[{"taxonomy":"product_brand","embeddable":true,"href":"https:\/\/fb-kitchenware.com\/de\/wp-json\/wp\/v2\/product_brand?post=3101"},{"taxonomy":"product_cat","embeddable":true,"href":"https:\/\/fb-kitchenware.com\/de\/wp-json\/wp\/v2\/product_cat?post=3101"},{"taxonomy":"product_tag","embeddable":true,"href":"https:\/\/fb-kitchenware.com\/de\/wp-json\/wp\/v2\/product_tag?post=3101"}],"curies":[{"name":"wp","href":"https:\/\/api.w.org\/{rel}","templated":true}]}}