{"id":3117,"date":"2025-05-11T17:05:25","date_gmt":"2025-05-11T15:05:25","guid":{"rendered":"https:\/\/fb-kitchenware.com\/negozio\/uncategorized\/bouillontopf-aus-edelstahl-o24xh17-fb-kitchenware\/"},"modified":"2025-12-01T01:22:00","modified_gmt":"2025-12-01T00:22:00","slug":"bouillontopf-aus-edelstahl-o24xh17-fb-kitchenware","status":"publish","type":"product","link":"https:\/\/fb-kitchenware.com\/de\/negozio\/topf\/bouillontopf-aus-edelstahl-o24xh17-fb-kitchenware\/","title":{"rendered":"Bouillontopf aus Edelstahl \u00d824xH17 | FB Kitchenware"},"content":{"rendered":"","protected":false},"excerpt":{"rendered":"<p class=\"\" data-start=\"1419\" data-end=\"1799\">Der 2,6 mm dicke Boden sorgt f\u00fcr eine gleichm\u00e4\u00dfige W\u00e4rmeverteilung, wodurch hei\u00dfe Stellen vermieden werden und ein pr\u00e4zises Garen m\u00f6glich ist. Die Hitze breitet sich schnell und gleichm\u00e4\u00dfig aus, so dass Sie <strong data-start=\"1621\" data-end=\"1653\">Zeit und Energie sparen<\/strong>. Der <strong data-start=\"1665\" data-end=\"1686\">ergonomische Griff<\/strong> aus Edelstahl, der sicher vernietet ist, garantiert <strong data-start=\"1747\" data-end=\"1772\">Stabilit\u00e4t und Sicherheit<\/strong>, auch bei der Verwendung im Backofen.<\/p>\n<p class=\"\" data-start=\"1801\" data-end=\"2108\">Alle Materialien sind <strong data-start=\"1824\" data-end=\"1858\">f\u00fcr die Verwendung in Lebensmitteln zertifiziert<\/strong>, PFOA-frei und sicher f\u00fcr die Gesundheit.<\/p>\n<p class=\"\" data-start=\"2110\" data-end=\"2293\">Diese Pfanne ist nicht nur ein Kochwerkzeug, sondern ein echter Verb\u00fcndeter in der K\u00fcche: langlebig <strong data-start=\"2192\" data-end=\"2231\">, vielseitig und nachhaltig<\/strong>, entwickelt, um lange zu halten, ohne an Leistung zu verlieren.<\/p>\n<p class=\"\" data-start=\"623\" data-end=\"999\">Die Zubereitung einer guten Br\u00fche erfordert Zeit, Geduld und das richtige Werkzeug. Der \u00d824xH17 Suppentopf aus Stahl aus der SilverPlus\u2122 Linie von FB Kitchenware wurde f\u00fcr die Bed\u00fcrfnisse derjenigen geschaffen, die gerne gesund, effizient und bewusst kochen. Hergestellt aus den hochwertigsten Materialien, steht dieser Suppentopf f\u00fcr exzellentes, langsames und gleichm\u00e4\u00dfiges Kochen.<\/p>\n<p class=\"\" data-start=\"1001\" data-end=\"1417\">Das Geheimnis des SilverPlus\u2122 ist sein <strong data-start=\"1039\" data-end=\"1060\">mehrschichtiges Geh\u00e4use<\/strong>: eine innere Schicht aus rostfreiem Stahl AISI 304, die perfekt f\u00fcr den Kontakt mit Lebensmitteln geeignet ist, ein Kern aus <strong data-start=\"1180\" data-end=\"1237\">drei Schichten Aluminium mit hoher W\u00e4rmeleitf\u00e4higkeit<\/strong> und eine \u00e4u\u00dfere Beschichtung aus rostfreiem Stahl AISI 430, die ihn <strong data-start=\"1304\" data-end=\"1345\">mit allen Kochfeldern kompatibel<\/strong> macht, einschlie\u00dflich <strong data-start=\"1364\" data-end=\"1377\">Induktions-<\/strong>, <strong data-start=\"1379\" data-end=\"1386\">Gas-<\/strong>, <strong data-start=\"1388\" data-end=\"1401\">Elektro-<\/strong> und <strong data-start=\"1404\" data-end=\"1416\">Keramikkochfeldern<\/strong>.<\/p>\n<p class=\"\" data-start=\"1419\" data-end=\"1799\">\n","protected":false},"featured_media":7460,"template":"","meta":{"_acf_changed":false},"product_brand":[538],"product_cat":[533],"product_tag":[],"class_list":{"0":"post-3117","1":"product","2":"type-product","3":"status-publish","4":"has-post-thumbnail","6":"product_brand-silverplus","7":"product_cat-topf","9":"first","10":"instock","11":"taxable","12":"shipping-taxable","13":"purchasable","14":"product-type-simple"},"acf":[],"yoast_head":"<!-- This site is optimized with the Yoast SEO plugin v27.3 - https:\/\/yoast.com\/product\/yoast-seo-wordpress\/ -->\n<title>Bouillontopf aus Edelstahl \u00d824xH17 | FB Kitchenware - FB Kitchenware<\/title>\n<meta name=\"description\" content=\"Entdecken Sie den SilverPlus\u2122 Stahltopf \u00d824xh17: h\u00f6chste Qualit\u00e4t, gleichm\u00e4\u00dfiges Kochen, induktions-, backofen- und gasgeeignet.\" \/>\n<meta name=\"robots\" content=\"index, follow, max-snippet:-1, max-image-preview:large, max-video-preview:-1\" \/>\n<link rel=\"canonical\" href=\"https:\/\/fb-kitchenware.com\/de\/negozio\/topf\/bouillontopf-aus-edelstahl-o24xh17-fb-kitchenware\/\" \/>\n<meta property=\"og:locale\" content=\"de_DE\" \/>\n<meta property=\"og:type\" content=\"article\" \/>\n<meta property=\"og:title\" content=\"Bouillontopf aus Edelstahl \u00d824xH17 | FB Kitchenware - FB Kitchenware\" \/>\n<meta property=\"og:description\" content=\"Entdecken Sie den SilverPlus\u2122 Stahltopf \u00d824xh17: h\u00f6chste Qualit\u00e4t, gleichm\u00e4\u00dfiges Kochen, induktions-, backofen- und gasgeeignet.\" \/>\n<meta property=\"og:url\" content=\"https:\/\/fb-kitchenware.com\/de\/negozio\/topf\/bouillontopf-aus-edelstahl-o24xh17-fb-kitchenware\/\" \/>\n<meta property=\"og:site_name\" content=\"FB Kitchenware\" \/>\n<meta property=\"article:modified_time\" content=\"2025-12-01T00:22:00+00:00\" \/>\n<meta property=\"og:image\" content=\"https:\/\/fb-kitchenware.com\/wp-content\/uploads\/DSC8722-Edit-copia-2.jpg\" \/>\n\t<meta property=\"og:image:width\" content=\"1920\" \/>\n\t<meta property=\"og:image:height\" content=\"1920\" \/>\n\t<meta property=\"og:image:type\" content=\"image\/jpeg\" \/>\n<meta name=\"twitter:card\" content=\"summary_large_image\" \/>\n<meta name=\"twitter:label1\" content=\"Est. reading time\" \/>\n\t<meta name=\"twitter:data1\" content=\"3 minutes\" \/>\n<script type=\"application\/ld+json\" class=\"yoast-schema-graph\">{\"@context\":\"https:\\\/\\\/schema.org\",\"@graph\":[{\"@type\":\"WebPage\",\"@id\":\"https:\\\/\\\/fb-kitchenware.com\\\/de\\\/negozio\\\/topf\\\/bouillontopf-aus-edelstahl-o24xh17-fb-kitchenware\\\/\",\"url\":\"https:\\\/\\\/fb-kitchenware.com\\\/de\\\/negozio\\\/topf\\\/bouillontopf-aus-edelstahl-o24xh17-fb-kitchenware\\\/\",\"name\":\"Bouillontopf aus Edelstahl \u00d824xH17 | FB Kitchenware - FB Kitchenware\",\"isPartOf\":{\"@id\":\"https:\\\/\\\/fb-kitchenware.com\\\/de\\\/#website\"},\"primaryImageOfPage\":{\"@id\":\"https:\\\/\\\/fb-kitchenware.com\\\/de\\\/negozio\\\/topf\\\/bouillontopf-aus-edelstahl-o24xh17-fb-kitchenware\\\/#primaryimage\"},\"image\":{\"@id\":\"https:\\\/\\\/fb-kitchenware.com\\\/de\\\/negozio\\\/topf\\\/bouillontopf-aus-edelstahl-o24xh17-fb-kitchenware\\\/#primaryimage\"},\"thumbnailUrl\":\"https:\\\/\\\/fb-kitchenware.com\\\/wp-content\\\/uploads\\\/DSC8722-Edit-copia-2-1.jpg\",\"datePublished\":\"2025-05-11T15:05:25+00:00\",\"dateModified\":\"2025-12-01T00:22:00+00:00\",\"description\":\"Entdecken Sie den SilverPlus\u2122 Stahltopf \u00d824xh17: h\u00f6chste Qualit\u00e4t, gleichm\u00e4\u00dfiges Kochen, induktions-, backofen- und gasgeeignet.\",\"breadcrumb\":{\"@id\":\"https:\\\/\\\/fb-kitchenware.com\\\/de\\\/negozio\\\/topf\\\/bouillontopf-aus-edelstahl-o24xh17-fb-kitchenware\\\/#breadcrumb\"},\"inLanguage\":\"de-DE\",\"potentialAction\":[{\"@type\":\"ReadAction\",\"target\":[\"https:\\\/\\\/fb-kitchenware.com\\\/de\\\/negozio\\\/topf\\\/bouillontopf-aus-edelstahl-o24xh17-fb-kitchenware\\\/\"]}]},{\"@type\":\"ImageObject\",\"inLanguage\":\"de-DE\",\"@id\":\"https:\\\/\\\/fb-kitchenware.com\\\/de\\\/negozio\\\/topf\\\/bouillontopf-aus-edelstahl-o24xh17-fb-kitchenware\\\/#primaryimage\",\"url\":\"https:\\\/\\\/fb-kitchenware.com\\\/wp-content\\\/uploads\\\/DSC8722-Edit-copia-2-1.jpg\",\"contentUrl\":\"https:\\\/\\\/fb-kitchenware.com\\\/wp-content\\\/uploads\\\/DSC8722-Edit-copia-2-1.jpg\",\"width\":1920,\"height\":1920},{\"@type\":\"BreadcrumbList\",\"@id\":\"https:\\\/\\\/fb-kitchenware.com\\\/de\\\/negozio\\\/topf\\\/bouillontopf-aus-edelstahl-o24xh17-fb-kitchenware\\\/#breadcrumb\",\"itemListElement\":[{\"@type\":\"ListItem\",\"position\":1,\"name\":\"Home\",\"item\":\"https:\\\/\\\/fb-kitchenware.com\\\/de\\\/\"},{\"@type\":\"ListItem\",\"position\":2,\"name\":\"Bouillontopf aus Edelstahl \u00d824xH17 | FB Kitchenware\"}]},{\"@type\":\"WebSite\",\"@id\":\"https:\\\/\\\/fb-kitchenware.com\\\/de\\\/#website\",\"url\":\"https:\\\/\\\/fb-kitchenware.com\\\/de\\\/\",\"name\":\"FB Kitchenware\",\"description\":\"\",\"publisher\":{\"@id\":\"https:\\\/\\\/fb-kitchenware.com\\\/de\\\/#organization\"},\"potentialAction\":[{\"@type\":\"SearchAction\",\"target\":{\"@type\":\"EntryPoint\",\"urlTemplate\":\"https:\\\/\\\/fb-kitchenware.com\\\/de\\\/?s={search_term_string}\"},\"query-input\":{\"@type\":\"PropertyValueSpecification\",\"valueRequired\":true,\"valueName\":\"search_term_string\"}}],\"inLanguage\":\"de-DE\"},{\"@type\":\"Organization\",\"@id\":\"https:\\\/\\\/fb-kitchenware.com\\\/de\\\/#organization\",\"name\":\"FB Kitchenware\",\"url\":\"https:\\\/\\\/fb-kitchenware.com\\\/de\\\/\",\"logo\":{\"@type\":\"ImageObject\",\"inLanguage\":\"de-DE\",\"@id\":\"https:\\\/\\\/fb-kitchenware.com\\\/de\\\/#\\\/schema\\\/logo\\\/image\\\/\",\"url\":\"https:\\\/\\\/fb-kitchenware.com\\\/wp-content\\\/uploads\\\/logo_gold.png\",\"contentUrl\":\"https:\\\/\\\/fb-kitchenware.com\\\/wp-content\\\/uploads\\\/logo_gold.png\",\"width\":900,\"height\":900,\"caption\":\"FB Kitchenware\"},\"image\":{\"@id\":\"https:\\\/\\\/fb-kitchenware.com\\\/de\\\/#\\\/schema\\\/logo\\\/image\\\/\"}}]}<\/script>\n<!-- \/ Yoast SEO plugin. -->","yoast_head_json":{"title":"Bouillontopf aus Edelstahl \u00d824xH17 | FB Kitchenware - FB Kitchenware","description":"Entdecken Sie den SilverPlus\u2122 Stahltopf \u00d824xh17: h\u00f6chste Qualit\u00e4t, gleichm\u00e4\u00dfiges Kochen, induktions-, backofen- und gasgeeignet.","robots":{"index":"index","follow":"follow","max-snippet":"max-snippet:-1","max-image-preview":"max-image-preview:large","max-video-preview":"max-video-preview:-1"},"canonical":"https:\/\/fb-kitchenware.com\/de\/negozio\/topf\/bouillontopf-aus-edelstahl-o24xh17-fb-kitchenware\/","og_locale":"de_DE","og_type":"article","og_title":"Bouillontopf aus Edelstahl \u00d824xH17 | FB Kitchenware - FB Kitchenware","og_description":"Entdecken Sie den SilverPlus\u2122 Stahltopf \u00d824xh17: h\u00f6chste Qualit\u00e4t, gleichm\u00e4\u00dfiges Kochen, induktions-, backofen- und gasgeeignet.","og_url":"https:\/\/fb-kitchenware.com\/de\/negozio\/topf\/bouillontopf-aus-edelstahl-o24xh17-fb-kitchenware\/","og_site_name":"FB Kitchenware","article_modified_time":"2025-12-01T00:22:00+00:00","og_image":[{"width":1920,"height":1920,"url":"https:\/\/fb-kitchenware.com\/wp-content\/uploads\/DSC8722-Edit-copia-2.jpg","type":"image\/jpeg"}],"twitter_card":"summary_large_image","twitter_misc":{"Est. reading time":"3 minutes"},"schema":{"@context":"https:\/\/schema.org","@graph":[{"@type":"WebPage","@id":"https:\/\/fb-kitchenware.com\/de\/negozio\/topf\/bouillontopf-aus-edelstahl-o24xh17-fb-kitchenware\/","url":"https:\/\/fb-kitchenware.com\/de\/negozio\/topf\/bouillontopf-aus-edelstahl-o24xh17-fb-kitchenware\/","name":"Bouillontopf aus Edelstahl \u00d824xH17 | FB Kitchenware - FB Kitchenware","isPartOf":{"@id":"https:\/\/fb-kitchenware.com\/de\/#website"},"primaryImageOfPage":{"@id":"https:\/\/fb-kitchenware.com\/de\/negozio\/topf\/bouillontopf-aus-edelstahl-o24xh17-fb-kitchenware\/#primaryimage"},"image":{"@id":"https:\/\/fb-kitchenware.com\/de\/negozio\/topf\/bouillontopf-aus-edelstahl-o24xh17-fb-kitchenware\/#primaryimage"},"thumbnailUrl":"https:\/\/fb-kitchenware.com\/wp-content\/uploads\/DSC8722-Edit-copia-2-1.jpg","datePublished":"2025-05-11T15:05:25+00:00","dateModified":"2025-12-01T00:22:00+00:00","description":"Entdecken Sie den SilverPlus\u2122 Stahltopf \u00d824xh17: h\u00f6chste Qualit\u00e4t, gleichm\u00e4\u00dfiges Kochen, induktions-, backofen- und gasgeeignet.","breadcrumb":{"@id":"https:\/\/fb-kitchenware.com\/de\/negozio\/topf\/bouillontopf-aus-edelstahl-o24xh17-fb-kitchenware\/#breadcrumb"},"inLanguage":"de-DE","potentialAction":[{"@type":"ReadAction","target":["https:\/\/fb-kitchenware.com\/de\/negozio\/topf\/bouillontopf-aus-edelstahl-o24xh17-fb-kitchenware\/"]}]},{"@type":"ImageObject","inLanguage":"de-DE","@id":"https:\/\/fb-kitchenware.com\/de\/negozio\/topf\/bouillontopf-aus-edelstahl-o24xh17-fb-kitchenware\/#primaryimage","url":"https:\/\/fb-kitchenware.com\/wp-content\/uploads\/DSC8722-Edit-copia-2-1.jpg","contentUrl":"https:\/\/fb-kitchenware.com\/wp-content\/uploads\/DSC8722-Edit-copia-2-1.jpg","width":1920,"height":1920},{"@type":"BreadcrumbList","@id":"https:\/\/fb-kitchenware.com\/de\/negozio\/topf\/bouillontopf-aus-edelstahl-o24xh17-fb-kitchenware\/#breadcrumb","itemListElement":[{"@type":"ListItem","position":1,"name":"Home","item":"https:\/\/fb-kitchenware.com\/de\/"},{"@type":"ListItem","position":2,"name":"Bouillontopf aus Edelstahl \u00d824xH17 | FB Kitchenware"}]},{"@type":"WebSite","@id":"https:\/\/fb-kitchenware.com\/de\/#website","url":"https:\/\/fb-kitchenware.com\/de\/","name":"FB Kitchenware","description":"","publisher":{"@id":"https:\/\/fb-kitchenware.com\/de\/#organization"},"potentialAction":[{"@type":"SearchAction","target":{"@type":"EntryPoint","urlTemplate":"https:\/\/fb-kitchenware.com\/de\/?s={search_term_string}"},"query-input":{"@type":"PropertyValueSpecification","valueRequired":true,"valueName":"search_term_string"}}],"inLanguage":"de-DE"},{"@type":"Organization","@id":"https:\/\/fb-kitchenware.com\/de\/#organization","name":"FB Kitchenware","url":"https:\/\/fb-kitchenware.com\/de\/","logo":{"@type":"ImageObject","inLanguage":"de-DE","@id":"https:\/\/fb-kitchenware.com\/de\/#\/schema\/logo\/image\/","url":"https:\/\/fb-kitchenware.com\/wp-content\/uploads\/logo_gold.png","contentUrl":"https:\/\/fb-kitchenware.com\/wp-content\/uploads\/logo_gold.png","width":900,"height":900,"caption":"FB Kitchenware"},"image":{"@id":"https:\/\/fb-kitchenware.com\/de\/#\/schema\/logo\/image\/"}}]}},"_links":{"self":[{"href":"https:\/\/fb-kitchenware.com\/de\/wp-json\/wp\/v2\/product\/3117","targetHints":{"allow":["GET"]}}],"collection":[{"href":"https:\/\/fb-kitchenware.com\/de\/wp-json\/wp\/v2\/product"}],"about":[{"href":"https:\/\/fb-kitchenware.com\/de\/wp-json\/wp\/v2\/types\/product"}],"wp:featuredmedia":[{"embeddable":true,"href":"https:\/\/fb-kitchenware.com\/de\/wp-json\/wp\/v2\/media\/7460"}],"wp:attachment":[{"href":"https:\/\/fb-kitchenware.com\/de\/wp-json\/wp\/v2\/media?parent=3117"}],"wp:term":[{"taxonomy":"product_brand","embeddable":true,"href":"https:\/\/fb-kitchenware.com\/de\/wp-json\/wp\/v2\/product_brand?post=3117"},{"taxonomy":"product_cat","embeddable":true,"href":"https:\/\/fb-kitchenware.com\/de\/wp-json\/wp\/v2\/product_cat?post=3117"},{"taxonomy":"product_tag","embeddable":true,"href":"https:\/\/fb-kitchenware.com\/de\/wp-json\/wp\/v2\/product_tag?post=3117"}],"curies":[{"name":"wp","href":"https:\/\/api.w.org\/{rel}","templated":true}]}}