{"id":3124,"date":"2025-05-11T17:03:47","date_gmt":"2025-05-11T15:03:47","guid":{"rendered":"https:\/\/fb-kitchenware.com\/negozio\/uncategorized\/diamondtin-kupferbratpfanne-mit-messinggriff-induktion\/"},"modified":"2025-12-01T01:22:05","modified_gmt":"2025-12-01T00:22:05","slug":"diamondtin-kupferbratpfanne-mit-messinggriff-induktion","status":"publish","type":"product","link":"https:\/\/fb-kitchenware.com\/de\/negozio\/besten%e2%80%91fbkitchenware%e2%80%91pfannen\/diamondtin-kupferbratpfanne-mit-messinggriff-induktion\/","title":{"rendered":"DiamondTin\u2122 Kupferbratpfanne mit Messinggriff | Induktion"},"content":{"rendered":"","protected":false},"excerpt":{"rendered":"<p>Das Kochen mit einer <strong data-start=\"675\" data-end=\"694\">Kupferpfanne<\/strong> ist eine uralte Geste, eine sinnliche Erfahrung, die \u00c4sthetik und Funktionalit\u00e4t vereint. <g id=\"gid_1\">Die DiamondTin\u2122 Pfanne von FB Kitchenware<\/g> stellt die moderne Weiterentwicklung dieses zeitlosen Klassikers dar. Hergestellt aus <g id=\"gid_2\">99,9% reinem Kupfer<\/g> und von Hand mit einer polierten, geh\u00e4mmerten Oberfl\u00e4che veredelt, besticht sie durch ihre au\u00dfergew\u00f6hnliche Sch\u00f6nheit und <g id=\"gid_3\">\u00fcberlegene Kochleistung<\/g>. Auf der Innenseite bietet die <strong data-start=\"1105\" data-end=\"1120\">DiamondTin\u2122-Beschichtung<\/strong> &#8211; angereichert mit synthetischen Diamantpartikeln &#8211; eine deutlich h\u00f6here <strong data-start=\"1188\" data-end=\"1248\">Widerstandsf\u00e4higkeit gegen Abrieb, St\u00f6\u00dfe und Temperaturschocks<\/strong> als herk\u00f6mmliche Zinnbeschichtungen.   <\/p>\n","protected":false},"featured_media":4928,"template":"","meta":{"_acf_changed":false},"product_brand":[532],"product_cat":[518,645],"product_tag":[],"class_list":{"0":"post-3124","1":"product","2":"type-product","3":"status-publish","4":"has-post-thumbnail","6":"product_brand-diamondtin","7":"product_cat-bestenfbkitchenwarepfannen","8":"product_cat-serienende","10":"first","11":"instock","12":"sale","13":"taxable","14":"shipping-taxable","15":"purchasable","16":"product-type-variable"},"acf":[],"yoast_head":"<!-- This site is optimized with the Yoast SEO plugin v27.3 - https:\/\/yoast.com\/product\/yoast-seo-wordpress\/ -->\n<title>DiamondTin\u2122 Kupferbratpfanne mit Messinggriff | Induktion<\/title>\n<meta name=\"description\" content=\"Die DiamondTin\u2122 Pfanne von FB Kitchenware ist die moderne Weiterentwicklung dieses zeitlosen Klassikers. 99,9% reines Kupfer.\" \/>\n<meta name=\"robots\" content=\"index, follow, max-snippet:-1, max-image-preview:large, max-video-preview:-1\" \/>\n<link rel=\"canonical\" href=\"https:\/\/fb-kitchenware.com\/de\/negozio\/besten%e2%80%91fbkitchenware%e2%80%91pfannen\/diamondtin-kupferbratpfanne-mit-messinggriff-induktion\/\" \/>\n<meta property=\"og:locale\" content=\"de_DE\" \/>\n<meta property=\"og:type\" content=\"article\" \/>\n<meta property=\"og:title\" content=\"DiamondTin\u2122 Kupferbratpfanne mit Messinggriff | Induktion\" \/>\n<meta property=\"og:description\" content=\"Die DiamondTin\u2122 Pfanne von FB Kitchenware ist die moderne Weiterentwicklung dieses zeitlosen Klassikers. 99,9% reines Kupfer.\" \/>\n<meta property=\"og:url\" content=\"https:\/\/fb-kitchenware.com\/de\/negozio\/besten%e2%80%91fbkitchenware%e2%80%91pfannen\/diamondtin-kupferbratpfanne-mit-messinggriff-induktion\/\" \/>\n<meta property=\"og:site_name\" content=\"FB Kitchenware\" \/>\n<meta property=\"article:modified_time\" content=\"2025-12-01T00:22:05+00:00\" \/>\n<meta property=\"og:image\" content=\"https:\/\/fb-kitchenware.com\/wp-content\/uploads\/diamondtin-6227.jpg\" \/>\n\t<meta property=\"og:image:width\" content=\"1920\" \/>\n\t<meta property=\"og:image:height\" content=\"1920\" \/>\n\t<meta property=\"og:image:type\" content=\"image\/jpeg\" \/>\n<meta name=\"twitter:card\" content=\"summary_large_image\" \/>\n<meta name=\"twitter:label1\" content=\"Est. reading time\" \/>\n\t<meta name=\"twitter:data1\" content=\"2 minutes\" \/>\n<script type=\"application\/ld+json\" class=\"yoast-schema-graph\">{\"@context\":\"https:\\\/\\\/schema.org\",\"@graph\":[{\"@type\":\"WebPage\",\"@id\":\"https:\\\/\\\/fb-kitchenware.com\\\/de\\\/negozio\\\/besten%e2%80%91fbkitchenware%e2%80%91pfannen\\\/diamondtin-kupferbratpfanne-mit-messinggriff-induktion\\\/\",\"url\":\"https:\\\/\\\/fb-kitchenware.com\\\/de\\\/negozio\\\/besten%e2%80%91fbkitchenware%e2%80%91pfannen\\\/diamondtin-kupferbratpfanne-mit-messinggriff-induktion\\\/\",\"name\":\"DiamondTin\u2122 Kupferbratpfanne mit Messinggriff | Induktion\",\"isPartOf\":{\"@id\":\"https:\\\/\\\/fb-kitchenware.com\\\/de\\\/#website\"},\"primaryImageOfPage\":{\"@id\":\"https:\\\/\\\/fb-kitchenware.com\\\/de\\\/negozio\\\/besten%e2%80%91fbkitchenware%e2%80%91pfannen\\\/diamondtin-kupferbratpfanne-mit-messinggriff-induktion\\\/#primaryimage\"},\"image\":{\"@id\":\"https:\\\/\\\/fb-kitchenware.com\\\/de\\\/negozio\\\/besten%e2%80%91fbkitchenware%e2%80%91pfannen\\\/diamondtin-kupferbratpfanne-mit-messinggriff-induktion\\\/#primaryimage\"},\"thumbnailUrl\":\"https:\\\/\\\/fb-kitchenware.com\\\/wp-content\\\/uploads\\\/infografiche-da-sito-16.jpg\",\"datePublished\":\"2025-05-11T15:03:47+00:00\",\"dateModified\":\"2025-12-01T00:22:05+00:00\",\"description\":\"Die DiamondTin\u2122 Pfanne von FB Kitchenware ist die moderne Weiterentwicklung dieses zeitlosen Klassikers. 99,9% reines Kupfer.\",\"breadcrumb\":{\"@id\":\"https:\\\/\\\/fb-kitchenware.com\\\/de\\\/negozio\\\/besten%e2%80%91fbkitchenware%e2%80%91pfannen\\\/diamondtin-kupferbratpfanne-mit-messinggriff-induktion\\\/#breadcrumb\"},\"inLanguage\":\"de-DE\",\"potentialAction\":[{\"@type\":\"ReadAction\",\"target\":[\"https:\\\/\\\/fb-kitchenware.com\\\/de\\\/negozio\\\/besten%e2%80%91fbkitchenware%e2%80%91pfannen\\\/diamondtin-kupferbratpfanne-mit-messinggriff-induktion\\\/\"]}]},{\"@type\":\"ImageObject\",\"inLanguage\":\"de-DE\",\"@id\":\"https:\\\/\\\/fb-kitchenware.com\\\/de\\\/negozio\\\/besten%e2%80%91fbkitchenware%e2%80%91pfannen\\\/diamondtin-kupferbratpfanne-mit-messinggriff-induktion\\\/#primaryimage\",\"url\":\"https:\\\/\\\/fb-kitchenware.com\\\/wp-content\\\/uploads\\\/infografiche-da-sito-16.jpg\",\"contentUrl\":\"https:\\\/\\\/fb-kitchenware.com\\\/wp-content\\\/uploads\\\/infografiche-da-sito-16.jpg\",\"width\":1920,\"height\":1920,\"caption\":\"padella in rame diamondtin\"},{\"@type\":\"BreadcrumbList\",\"@id\":\"https:\\\/\\\/fb-kitchenware.com\\\/de\\\/negozio\\\/besten%e2%80%91fbkitchenware%e2%80%91pfannen\\\/diamondtin-kupferbratpfanne-mit-messinggriff-induktion\\\/#breadcrumb\",\"itemListElement\":[{\"@type\":\"ListItem\",\"position\":1,\"name\":\"Home\",\"item\":\"https:\\\/\\\/fb-kitchenware.com\\\/de\\\/\"},{\"@type\":\"ListItem\",\"position\":2,\"name\":\"DiamondTin\u2122 Kupferbratpfanne mit Messinggriff | Induktion\"}]},{\"@type\":\"WebSite\",\"@id\":\"https:\\\/\\\/fb-kitchenware.com\\\/de\\\/#website\",\"url\":\"https:\\\/\\\/fb-kitchenware.com\\\/de\\\/\",\"name\":\"FB Kitchenware\",\"description\":\"\",\"publisher\":{\"@id\":\"https:\\\/\\\/fb-kitchenware.com\\\/de\\\/#organization\"},\"potentialAction\":[{\"@type\":\"SearchAction\",\"target\":{\"@type\":\"EntryPoint\",\"urlTemplate\":\"https:\\\/\\\/fb-kitchenware.com\\\/de\\\/?s={search_term_string}\"},\"query-input\":{\"@type\":\"PropertyValueSpecification\",\"valueRequired\":true,\"valueName\":\"search_term_string\"}}],\"inLanguage\":\"de-DE\"},{\"@type\":\"Organization\",\"@id\":\"https:\\\/\\\/fb-kitchenware.com\\\/de\\\/#organization\",\"name\":\"FB Kitchenware\",\"url\":\"https:\\\/\\\/fb-kitchenware.com\\\/de\\\/\",\"logo\":{\"@type\":\"ImageObject\",\"inLanguage\":\"de-DE\",\"@id\":\"https:\\\/\\\/fb-kitchenware.com\\\/de\\\/#\\\/schema\\\/logo\\\/image\\\/\",\"url\":\"https:\\\/\\\/fb-kitchenware.com\\\/wp-content\\\/uploads\\\/logo_gold.png\",\"contentUrl\":\"https:\\\/\\\/fb-kitchenware.com\\\/wp-content\\\/uploads\\\/logo_gold.png\",\"width\":900,\"height\":900,\"caption\":\"FB Kitchenware\"},\"image\":{\"@id\":\"https:\\\/\\\/fb-kitchenware.com\\\/de\\\/#\\\/schema\\\/logo\\\/image\\\/\"}}]}<\/script>\n<!-- \/ Yoast SEO plugin. -->","yoast_head_json":{"title":"DiamondTin\u2122 Kupferbratpfanne mit Messinggriff | Induktion","description":"Die DiamondTin\u2122 Pfanne von FB Kitchenware ist die moderne Weiterentwicklung dieses zeitlosen Klassikers. 99,9% reines Kupfer.","robots":{"index":"index","follow":"follow","max-snippet":"max-snippet:-1","max-image-preview":"max-image-preview:large","max-video-preview":"max-video-preview:-1"},"canonical":"https:\/\/fb-kitchenware.com\/de\/negozio\/besten%e2%80%91fbkitchenware%e2%80%91pfannen\/diamondtin-kupferbratpfanne-mit-messinggriff-induktion\/","og_locale":"de_DE","og_type":"article","og_title":"DiamondTin\u2122 Kupferbratpfanne mit Messinggriff | Induktion","og_description":"Die DiamondTin\u2122 Pfanne von FB Kitchenware ist die moderne Weiterentwicklung dieses zeitlosen Klassikers. 99,9% reines Kupfer.","og_url":"https:\/\/fb-kitchenware.com\/de\/negozio\/besten%e2%80%91fbkitchenware%e2%80%91pfannen\/diamondtin-kupferbratpfanne-mit-messinggriff-induktion\/","og_site_name":"FB Kitchenware","article_modified_time":"2025-12-01T00:22:05+00:00","og_image":[{"width":1920,"height":1920,"url":"https:\/\/fb-kitchenware.com\/wp-content\/uploads\/diamondtin-6227.jpg","type":"image\/jpeg"}],"twitter_card":"summary_large_image","twitter_misc":{"Est. reading time":"2 minutes"},"schema":{"@context":"https:\/\/schema.org","@graph":[{"@type":"WebPage","@id":"https:\/\/fb-kitchenware.com\/de\/negozio\/besten%e2%80%91fbkitchenware%e2%80%91pfannen\/diamondtin-kupferbratpfanne-mit-messinggriff-induktion\/","url":"https:\/\/fb-kitchenware.com\/de\/negozio\/besten%e2%80%91fbkitchenware%e2%80%91pfannen\/diamondtin-kupferbratpfanne-mit-messinggriff-induktion\/","name":"DiamondTin\u2122 Kupferbratpfanne mit Messinggriff | Induktion","isPartOf":{"@id":"https:\/\/fb-kitchenware.com\/de\/#website"},"primaryImageOfPage":{"@id":"https:\/\/fb-kitchenware.com\/de\/negozio\/besten%e2%80%91fbkitchenware%e2%80%91pfannen\/diamondtin-kupferbratpfanne-mit-messinggriff-induktion\/#primaryimage"},"image":{"@id":"https:\/\/fb-kitchenware.com\/de\/negozio\/besten%e2%80%91fbkitchenware%e2%80%91pfannen\/diamondtin-kupferbratpfanne-mit-messinggriff-induktion\/#primaryimage"},"thumbnailUrl":"https:\/\/fb-kitchenware.com\/wp-content\/uploads\/infografiche-da-sito-16.jpg","datePublished":"2025-05-11T15:03:47+00:00","dateModified":"2025-12-01T00:22:05+00:00","description":"Die DiamondTin\u2122 Pfanne von FB Kitchenware ist die moderne Weiterentwicklung dieses zeitlosen Klassikers. 99,9% reines Kupfer.","breadcrumb":{"@id":"https:\/\/fb-kitchenware.com\/de\/negozio\/besten%e2%80%91fbkitchenware%e2%80%91pfannen\/diamondtin-kupferbratpfanne-mit-messinggriff-induktion\/#breadcrumb"},"inLanguage":"de-DE","potentialAction":[{"@type":"ReadAction","target":["https:\/\/fb-kitchenware.com\/de\/negozio\/besten%e2%80%91fbkitchenware%e2%80%91pfannen\/diamondtin-kupferbratpfanne-mit-messinggriff-induktion\/"]}]},{"@type":"ImageObject","inLanguage":"de-DE","@id":"https:\/\/fb-kitchenware.com\/de\/negozio\/besten%e2%80%91fbkitchenware%e2%80%91pfannen\/diamondtin-kupferbratpfanne-mit-messinggriff-induktion\/#primaryimage","url":"https:\/\/fb-kitchenware.com\/wp-content\/uploads\/infografiche-da-sito-16.jpg","contentUrl":"https:\/\/fb-kitchenware.com\/wp-content\/uploads\/infografiche-da-sito-16.jpg","width":1920,"height":1920,"caption":"padella in rame diamondtin"},{"@type":"BreadcrumbList","@id":"https:\/\/fb-kitchenware.com\/de\/negozio\/besten%e2%80%91fbkitchenware%e2%80%91pfannen\/diamondtin-kupferbratpfanne-mit-messinggriff-induktion\/#breadcrumb","itemListElement":[{"@type":"ListItem","position":1,"name":"Home","item":"https:\/\/fb-kitchenware.com\/de\/"},{"@type":"ListItem","position":2,"name":"DiamondTin\u2122 Kupferbratpfanne mit Messinggriff | Induktion"}]},{"@type":"WebSite","@id":"https:\/\/fb-kitchenware.com\/de\/#website","url":"https:\/\/fb-kitchenware.com\/de\/","name":"FB Kitchenware","description":"","publisher":{"@id":"https:\/\/fb-kitchenware.com\/de\/#organization"},"potentialAction":[{"@type":"SearchAction","target":{"@type":"EntryPoint","urlTemplate":"https:\/\/fb-kitchenware.com\/de\/?s={search_term_string}"},"query-input":{"@type":"PropertyValueSpecification","valueRequired":true,"valueName":"search_term_string"}}],"inLanguage":"de-DE"},{"@type":"Organization","@id":"https:\/\/fb-kitchenware.com\/de\/#organization","name":"FB Kitchenware","url":"https:\/\/fb-kitchenware.com\/de\/","logo":{"@type":"ImageObject","inLanguage":"de-DE","@id":"https:\/\/fb-kitchenware.com\/de\/#\/schema\/logo\/image\/","url":"https:\/\/fb-kitchenware.com\/wp-content\/uploads\/logo_gold.png","contentUrl":"https:\/\/fb-kitchenware.com\/wp-content\/uploads\/logo_gold.png","width":900,"height":900,"caption":"FB Kitchenware"},"image":{"@id":"https:\/\/fb-kitchenware.com\/de\/#\/schema\/logo\/image\/"}}]}},"_links":{"self":[{"href":"https:\/\/fb-kitchenware.com\/de\/wp-json\/wp\/v2\/product\/3124","targetHints":{"allow":["GET"]}}],"collection":[{"href":"https:\/\/fb-kitchenware.com\/de\/wp-json\/wp\/v2\/product"}],"about":[{"href":"https:\/\/fb-kitchenware.com\/de\/wp-json\/wp\/v2\/types\/product"}],"wp:featuredmedia":[{"embeddable":true,"href":"https:\/\/fb-kitchenware.com\/de\/wp-json\/wp\/v2\/media\/4928"}],"wp:attachment":[{"href":"https:\/\/fb-kitchenware.com\/de\/wp-json\/wp\/v2\/media?parent=3124"}],"wp:term":[{"taxonomy":"product_brand","embeddable":true,"href":"https:\/\/fb-kitchenware.com\/de\/wp-json\/wp\/v2\/product_brand?post=3124"},{"taxonomy":"product_cat","embeddable":true,"href":"https:\/\/fb-kitchenware.com\/de\/wp-json\/wp\/v2\/product_cat?post=3124"},{"taxonomy":"product_tag","embeddable":true,"href":"https:\/\/fb-kitchenware.com\/de\/wp-json\/wp\/v2\/product_tag?post=3124"}],"curies":[{"name":"wp","href":"https:\/\/api.w.org\/{rel}","templated":true}]}}