{"id":3142,"date":"2025-05-11T17:05:25","date_gmt":"2025-05-11T15:05:25","guid":{"rendered":"https:\/\/fb-kitchenware.com\/negozio\/uncategorized\/excalibur-8-teiliges-antihaft-pfannenset-fb-kitchenware\/"},"modified":"2025-11-28T15:36:47","modified_gmt":"2025-11-28T14:36:47","slug":"excalibur-8-teiliges-antihaft-pfannenset-fb-kitchenware","status":"publish","type":"product","link":"https:\/\/fb-kitchenware.com\/de\/negozio\/topf\/kasserolle\/excalibur-8-teiliges-antihaft-pfannenset-fb-kitchenware\/","title":{"rendered":"Excalibur\u2122 8-teiliges Antihaft-Pfannenset | FB Kitchenware"},"content":{"rendered":"","protected":false},"excerpt":{"rendered":"<h3 class=\"\" style=\"text-align: left\" data-start=\"513\" data-end=\"582\">Das 8-teilige Antihaft-Pfannenset, das Ihre K\u00fcche revolutioniert<\/h3>\n<p class=\"\" data-start=\"584\" data-end=\"928\">Wenn Sie auf der Suche nach dem besten <strong data-start=\"612\" data-end=\"640\">antihaftbeschichteten Pfannenset<\/strong> f\u00fcr ges\u00fcnderes, schnelleres und professionelleres Kochen im Alltag sind, ist die <strong data-start=\"704\" data-end=\"726\">Mod G&amp;G Excalibur\u2122<\/strong> die L\u00f6sung f\u00fcr Sie. Dieses Set wurde f\u00fcr eine hervorragende Leistung entwickelt und stellt die perfekte Verbindung von <strong data-start=\"851\" data-end=\"927\">technologischer Innovation, Lebensmittelsicherheit und Umweltvertr\u00e4glichkeit<\/strong> dar.<\/p>\n<p class=\"\" data-start=\"930\" data-end=\"1417\">Die <strong data-start=\"933\" data-end=\"958\">EXCALIBUR\u2122-Kollektion<\/strong> ist bekannt f\u00fcr ihre einzigartige Antihaftbeschichtung, die haltbarer ist als herk\u00f6mmliche Beschichtungen und v\u00f6llig frei von sch\u00e4dlichen Substanzen wie PFOA. Der zwischen zwei Edelstahlschichten eingeschlossene Aluminiumkern sorgt f\u00fcr eine gleichm\u00e4\u00dfige W\u00e4rmeverteilung \u00fcber die gesamte Oberfl\u00e4che, was die Garzeit verk\u00fcrzt und den Energieverbrauch senkt. Ideal f\u00fcr alle, die gerne praktisch kochen, aber nicht auf eine gleichm\u00e4\u00dfige, nat\u00fcrliche Zubereitung verzichten m\u00f6chten.<\/p>\n","protected":false},"featured_media":4999,"template":"","meta":{"_acf_changed":false},"product_brand":[547],"product_cat":[601,540,645,533],"product_tag":[],"class_list":{"0":"post-3142","1":"product","2":"type-product","3":"status-publish","4":"has-post-thumbnail","6":"product_brand-excalibur","7":"product_cat-deckel","8":"product_cat-kasserolle","9":"product_cat-serienende","10":"product_cat-topf","12":"first","13":"instock","14":"sale","15":"taxable","16":"shipping-taxable","17":"purchasable","18":"product-type-simple"},"acf":[],"yoast_head":"<!-- This site is optimized with the Yoast SEO plugin v27.3 - https:\/\/yoast.com\/product\/yoast-seo-wordpress\/ -->\n<title>Excalibur\u2122 8-teiliges Antihaft-Pfannenset | FB Kitchenware<\/title>\n<meta name=\"description\" content=\"Entdecken Sie das 8-teilige Excalibur\u2122 Antihaft-Pfannenset: ultra-resistente Beschichtung, gleichm\u00e4\u00dfiges Kochen, umweltfreundliches Design. Das Beste f\u00fcr Ihre K\u00fcche.\" \/>\n<meta name=\"robots\" content=\"index, follow, max-snippet:-1, max-image-preview:large, max-video-preview:-1\" \/>\n<link rel=\"canonical\" href=\"https:\/\/fb-kitchenware.com\/de\/negozio\/topf\/kasserolle\/excalibur-8-teiliges-antihaft-pfannenset-fb-kitchenware\/\" \/>\n<meta property=\"og:locale\" content=\"de_DE\" \/>\n<meta property=\"og:type\" content=\"article\" \/>\n<meta property=\"og:title\" content=\"Excalibur\u2122 8-teiliges Antihaft-Pfannenset | FB Kitchenware\" \/>\n<meta property=\"og:description\" content=\"Entdecken Sie das 8-teilige Excalibur\u2122 Antihaft-Pfannenset: ultra-resistente Beschichtung, gleichm\u00e4\u00dfiges Kochen, umweltfreundliches Design. Das Beste f\u00fcr Ihre K\u00fcche.\" \/>\n<meta property=\"og:url\" content=\"https:\/\/fb-kitchenware.com\/de\/negozio\/topf\/kasserolle\/excalibur-8-teiliges-antihaft-pfannenset-fb-kitchenware\/\" \/>\n<meta property=\"og:site_name\" content=\"FB Kitchenware\" \/>\n<meta property=\"article:modified_time\" content=\"2025-11-28T14:36:47+00:00\" \/>\n<meta property=\"og:image\" content=\"https:\/\/fb-kitchenware.com\/wp-content\/uploads\/ggexcalibur.jpg\" \/>\n\t<meta property=\"og:image:width\" content=\"1229\" \/>\n\t<meta property=\"og:image:height\" content=\"1536\" \/>\n\t<meta property=\"og:image:type\" content=\"image\/jpeg\" \/>\n<meta name=\"twitter:card\" content=\"summary_large_image\" \/>\n<script type=\"application\/ld+json\" class=\"yoast-schema-graph\">{\"@context\":\"https:\\\/\\\/schema.org\",\"@graph\":[{\"@type\":\"WebPage\",\"@id\":\"https:\\\/\\\/fb-kitchenware.com\\\/de\\\/negozio\\\/topf\\\/kasserolle\\\/excalibur-8-teiliges-antihaft-pfannenset-fb-kitchenware\\\/\",\"url\":\"https:\\\/\\\/fb-kitchenware.com\\\/de\\\/negozio\\\/topf\\\/kasserolle\\\/excalibur-8-teiliges-antihaft-pfannenset-fb-kitchenware\\\/\",\"name\":\"Excalibur\u2122 8-teiliges Antihaft-Pfannenset | FB Kitchenware\",\"isPartOf\":{\"@id\":\"https:\\\/\\\/fb-kitchenware.com\\\/de\\\/#website\"},\"primaryImageOfPage\":{\"@id\":\"https:\\\/\\\/fb-kitchenware.com\\\/de\\\/negozio\\\/topf\\\/kasserolle\\\/excalibur-8-teiliges-antihaft-pfannenset-fb-kitchenware\\\/#primaryimage\"},\"image\":{\"@id\":\"https:\\\/\\\/fb-kitchenware.com\\\/de\\\/negozio\\\/topf\\\/kasserolle\\\/excalibur-8-teiliges-antihaft-pfannenset-fb-kitchenware\\\/#primaryimage\"},\"thumbnailUrl\":\"https:\\\/\\\/fb-kitchenware.com\\\/wp-content\\\/uploads\\\/ggexcalibur.jpg\",\"datePublished\":\"2025-05-11T15:05:25+00:00\",\"dateModified\":\"2025-11-28T14:36:47+00:00\",\"description\":\"Entdecken Sie das 8-teilige Excalibur\u2122 Antihaft-Pfannenset: ultra-resistente Beschichtung, gleichm\u00e4\u00dfiges Kochen, umweltfreundliches Design. Das Beste f\u00fcr Ihre K\u00fcche.\",\"breadcrumb\":{\"@id\":\"https:\\\/\\\/fb-kitchenware.com\\\/de\\\/negozio\\\/topf\\\/kasserolle\\\/excalibur-8-teiliges-antihaft-pfannenset-fb-kitchenware\\\/#breadcrumb\"},\"inLanguage\":\"de-DE\",\"potentialAction\":[{\"@type\":\"ReadAction\",\"target\":[\"https:\\\/\\\/fb-kitchenware.com\\\/de\\\/negozio\\\/topf\\\/kasserolle\\\/excalibur-8-teiliges-antihaft-pfannenset-fb-kitchenware\\\/\"]}]},{\"@type\":\"ImageObject\",\"inLanguage\":\"de-DE\",\"@id\":\"https:\\\/\\\/fb-kitchenware.com\\\/de\\\/negozio\\\/topf\\\/kasserolle\\\/excalibur-8-teiliges-antihaft-pfannenset-fb-kitchenware\\\/#primaryimage\",\"url\":\"https:\\\/\\\/fb-kitchenware.com\\\/wp-content\\\/uploads\\\/ggexcalibur.jpg\",\"contentUrl\":\"https:\\\/\\\/fb-kitchenware.com\\\/wp-content\\\/uploads\\\/ggexcalibur.jpg\",\"width\":1229,\"height\":1536,\"caption\":\"8-teiliges Edelstahlset excalibur Antihaftbeschichtung\"},{\"@type\":\"BreadcrumbList\",\"@id\":\"https:\\\/\\\/fb-kitchenware.com\\\/de\\\/negozio\\\/topf\\\/kasserolle\\\/excalibur-8-teiliges-antihaft-pfannenset-fb-kitchenware\\\/#breadcrumb\",\"itemListElement\":[{\"@type\":\"ListItem\",\"position\":1,\"name\":\"Home\",\"item\":\"https:\\\/\\\/fb-kitchenware.com\\\/de\\\/\"},{\"@type\":\"ListItem\",\"position\":2,\"name\":\"Excalibur\u2122 8-teiliges Antihaft-Pfannenset | FB Kitchenware\"}]},{\"@type\":\"WebSite\",\"@id\":\"https:\\\/\\\/fb-kitchenware.com\\\/de\\\/#website\",\"url\":\"https:\\\/\\\/fb-kitchenware.com\\\/de\\\/\",\"name\":\"FB Kitchenware\",\"description\":\"\",\"publisher\":{\"@id\":\"https:\\\/\\\/fb-kitchenware.com\\\/de\\\/#organization\"},\"potentialAction\":[{\"@type\":\"SearchAction\",\"target\":{\"@type\":\"EntryPoint\",\"urlTemplate\":\"https:\\\/\\\/fb-kitchenware.com\\\/de\\\/?s={search_term_string}\"},\"query-input\":{\"@type\":\"PropertyValueSpecification\",\"valueRequired\":true,\"valueName\":\"search_term_string\"}}],\"inLanguage\":\"de-DE\"},{\"@type\":\"Organization\",\"@id\":\"https:\\\/\\\/fb-kitchenware.com\\\/de\\\/#organization\",\"name\":\"FB Kitchenware\",\"url\":\"https:\\\/\\\/fb-kitchenware.com\\\/de\\\/\",\"logo\":{\"@type\":\"ImageObject\",\"inLanguage\":\"de-DE\",\"@id\":\"https:\\\/\\\/fb-kitchenware.com\\\/de\\\/#\\\/schema\\\/logo\\\/image\\\/\",\"url\":\"https:\\\/\\\/fb-kitchenware.com\\\/wp-content\\\/uploads\\\/logo_gold.png\",\"contentUrl\":\"https:\\\/\\\/fb-kitchenware.com\\\/wp-content\\\/uploads\\\/logo_gold.png\",\"width\":900,\"height\":900,\"caption\":\"FB Kitchenware\"},\"image\":{\"@id\":\"https:\\\/\\\/fb-kitchenware.com\\\/de\\\/#\\\/schema\\\/logo\\\/image\\\/\"}}]}<\/script>\n<!-- \/ Yoast SEO plugin. -->","yoast_head_json":{"title":"Excalibur\u2122 8-teiliges Antihaft-Pfannenset | FB Kitchenware","description":"Entdecken Sie das 8-teilige Excalibur\u2122 Antihaft-Pfannenset: ultra-resistente Beschichtung, gleichm\u00e4\u00dfiges Kochen, umweltfreundliches Design. Das Beste f\u00fcr Ihre K\u00fcche.","robots":{"index":"index","follow":"follow","max-snippet":"max-snippet:-1","max-image-preview":"max-image-preview:large","max-video-preview":"max-video-preview:-1"},"canonical":"https:\/\/fb-kitchenware.com\/de\/negozio\/topf\/kasserolle\/excalibur-8-teiliges-antihaft-pfannenset-fb-kitchenware\/","og_locale":"de_DE","og_type":"article","og_title":"Excalibur\u2122 8-teiliges Antihaft-Pfannenset | FB Kitchenware","og_description":"Entdecken Sie das 8-teilige Excalibur\u2122 Antihaft-Pfannenset: ultra-resistente Beschichtung, gleichm\u00e4\u00dfiges Kochen, umweltfreundliches Design. Das Beste f\u00fcr Ihre K\u00fcche.","og_url":"https:\/\/fb-kitchenware.com\/de\/negozio\/topf\/kasserolle\/excalibur-8-teiliges-antihaft-pfannenset-fb-kitchenware\/","og_site_name":"FB Kitchenware","article_modified_time":"2025-11-28T14:36:47+00:00","og_image":[{"width":1229,"height":1536,"url":"https:\/\/fb-kitchenware.com\/wp-content\/uploads\/ggexcalibur.jpg","type":"image\/jpeg"}],"twitter_card":"summary_large_image","schema":{"@context":"https:\/\/schema.org","@graph":[{"@type":"WebPage","@id":"https:\/\/fb-kitchenware.com\/de\/negozio\/topf\/kasserolle\/excalibur-8-teiliges-antihaft-pfannenset-fb-kitchenware\/","url":"https:\/\/fb-kitchenware.com\/de\/negozio\/topf\/kasserolle\/excalibur-8-teiliges-antihaft-pfannenset-fb-kitchenware\/","name":"Excalibur\u2122 8-teiliges Antihaft-Pfannenset | FB Kitchenware","isPartOf":{"@id":"https:\/\/fb-kitchenware.com\/de\/#website"},"primaryImageOfPage":{"@id":"https:\/\/fb-kitchenware.com\/de\/negozio\/topf\/kasserolle\/excalibur-8-teiliges-antihaft-pfannenset-fb-kitchenware\/#primaryimage"},"image":{"@id":"https:\/\/fb-kitchenware.com\/de\/negozio\/topf\/kasserolle\/excalibur-8-teiliges-antihaft-pfannenset-fb-kitchenware\/#primaryimage"},"thumbnailUrl":"https:\/\/fb-kitchenware.com\/wp-content\/uploads\/ggexcalibur.jpg","datePublished":"2025-05-11T15:05:25+00:00","dateModified":"2025-11-28T14:36:47+00:00","description":"Entdecken Sie das 8-teilige Excalibur\u2122 Antihaft-Pfannenset: ultra-resistente Beschichtung, gleichm\u00e4\u00dfiges Kochen, umweltfreundliches Design. Das Beste f\u00fcr Ihre K\u00fcche.","breadcrumb":{"@id":"https:\/\/fb-kitchenware.com\/de\/negozio\/topf\/kasserolle\/excalibur-8-teiliges-antihaft-pfannenset-fb-kitchenware\/#breadcrumb"},"inLanguage":"de-DE","potentialAction":[{"@type":"ReadAction","target":["https:\/\/fb-kitchenware.com\/de\/negozio\/topf\/kasserolle\/excalibur-8-teiliges-antihaft-pfannenset-fb-kitchenware\/"]}]},{"@type":"ImageObject","inLanguage":"de-DE","@id":"https:\/\/fb-kitchenware.com\/de\/negozio\/topf\/kasserolle\/excalibur-8-teiliges-antihaft-pfannenset-fb-kitchenware\/#primaryimage","url":"https:\/\/fb-kitchenware.com\/wp-content\/uploads\/ggexcalibur.jpg","contentUrl":"https:\/\/fb-kitchenware.com\/wp-content\/uploads\/ggexcalibur.jpg","width":1229,"height":1536,"caption":"8-teiliges Edelstahlset excalibur Antihaftbeschichtung"},{"@type":"BreadcrumbList","@id":"https:\/\/fb-kitchenware.com\/de\/negozio\/topf\/kasserolle\/excalibur-8-teiliges-antihaft-pfannenset-fb-kitchenware\/#breadcrumb","itemListElement":[{"@type":"ListItem","position":1,"name":"Home","item":"https:\/\/fb-kitchenware.com\/de\/"},{"@type":"ListItem","position":2,"name":"Excalibur\u2122 8-teiliges Antihaft-Pfannenset | FB Kitchenware"}]},{"@type":"WebSite","@id":"https:\/\/fb-kitchenware.com\/de\/#website","url":"https:\/\/fb-kitchenware.com\/de\/","name":"FB Kitchenware","description":"","publisher":{"@id":"https:\/\/fb-kitchenware.com\/de\/#organization"},"potentialAction":[{"@type":"SearchAction","target":{"@type":"EntryPoint","urlTemplate":"https:\/\/fb-kitchenware.com\/de\/?s={search_term_string}"},"query-input":{"@type":"PropertyValueSpecification","valueRequired":true,"valueName":"search_term_string"}}],"inLanguage":"de-DE"},{"@type":"Organization","@id":"https:\/\/fb-kitchenware.com\/de\/#organization","name":"FB Kitchenware","url":"https:\/\/fb-kitchenware.com\/de\/","logo":{"@type":"ImageObject","inLanguage":"de-DE","@id":"https:\/\/fb-kitchenware.com\/de\/#\/schema\/logo\/image\/","url":"https:\/\/fb-kitchenware.com\/wp-content\/uploads\/logo_gold.png","contentUrl":"https:\/\/fb-kitchenware.com\/wp-content\/uploads\/logo_gold.png","width":900,"height":900,"caption":"FB Kitchenware"},"image":{"@id":"https:\/\/fb-kitchenware.com\/de\/#\/schema\/logo\/image\/"}}]}},"_links":{"self":[{"href":"https:\/\/fb-kitchenware.com\/de\/wp-json\/wp\/v2\/product\/3142","targetHints":{"allow":["GET"]}}],"collection":[{"href":"https:\/\/fb-kitchenware.com\/de\/wp-json\/wp\/v2\/product"}],"about":[{"href":"https:\/\/fb-kitchenware.com\/de\/wp-json\/wp\/v2\/types\/product"}],"wp:featuredmedia":[{"embeddable":true,"href":"https:\/\/fb-kitchenware.com\/de\/wp-json\/wp\/v2\/media\/4999"}],"wp:attachment":[{"href":"https:\/\/fb-kitchenware.com\/de\/wp-json\/wp\/v2\/media?parent=3142"}],"wp:term":[{"taxonomy":"product_brand","embeddable":true,"href":"https:\/\/fb-kitchenware.com\/de\/wp-json\/wp\/v2\/product_brand?post=3142"},{"taxonomy":"product_cat","embeddable":true,"href":"https:\/\/fb-kitchenware.com\/de\/wp-json\/wp\/v2\/product_cat?post=3142"},{"taxonomy":"product_tag","embeddable":true,"href":"https:\/\/fb-kitchenware.com\/de\/wp-json\/wp\/v2\/product_tag?post=3142"}],"curies":[{"name":"wp","href":"https:\/\/api.w.org\/{rel}","templated":true}]}}