{"id":3279,"date":"2025-05-01T01:17:49","date_gmt":"2025-04-30T23:17:49","guid":{"rendered":"https:\/\/fb-kitchenware.com\/negozio\/uncategorized\/edelstahlbesteck-set-16-teilig-linear-fb-kitchenware\/"},"modified":"2025-12-01T01:22:05","modified_gmt":"2025-12-01T00:22:05","slug":"edelstahlbesteck-set-16-teilig-linear-fb-kitchenware","status":"publish","type":"product","link":"https:\/\/fb-kitchenware.com\/de\/negozio\/besteck\/edelstahlbesteck-set-16-teilig-linear-fb-kitchenware\/","title":{"rendered":"Edelstahlbesteck-Set 16-teilig-Linear | FB Kitchenware"},"content":{"rendered":"","protected":false},"excerpt":{"rendered":"<p data-pm-slice=\"1 1 []\">Das <strong>Besteckset Linear aus Edelstahl<\/strong> aus der Kollektion DiTutt\u00ecD\u00ec von FB Kitchenware bringt eine perfekte Kombination aus modernem Stil, praktischer Funktionalit\u00e4t und essentieller Eleganz auf den Tisch. Das aus <strong>hochwertigem Edelstahl 18\/10<\/strong> gefertigte Besteckset vereint Robustheit und \u00e4sthetische Raffinesse und passt sowohl in ein modernes als auch in ein eher klassisches und formelles Wohnambiente. <\/p>\n<p>Jedes Teil des Linear-Sets ist so konzipiert, dass es <strong>bequem und sicher in der Hand liegt<\/strong> und sowohl f\u00fcr Rechts- als auch f\u00fcr Linksh\u00e4nder leicht zu bedienen ist. Die Messerklingen aus <strong>geh\u00e4rtetem 420er Martensitstahl<\/strong> sind mikroverzahnt, um Pr\u00e4zision und Haltbarkeit zu gew\u00e4hrleisten. <\/p>\n","protected":false},"featured_media":7184,"template":"","meta":{"_acf_changed":false},"product_brand":[566],"product_cat":[567,645],"product_tag":[],"class_list":{"0":"post-3279","1":"product","2":"type-product","3":"status-publish","4":"has-post-thumbnail","6":"product_brand-dituttidi","7":"product_cat-besteck","8":"product_cat-serienende","10":"first","11":"instock","12":"sale","13":"taxable","14":"shipping-taxable","15":"purchasable","16":"product-type-variable"},"acf":[],"yoast_head":"<!-- This site is optimized with the Yoast SEO plugin v27.3 - https:\/\/yoast.com\/product\/yoast-seo-wordpress\/ -->\n<title>Linear Edelstahlbesteck 16-teilig | FB Kitchenware<\/title>\n<meta name=\"description\" content=\"Entdecken Sie das 16-teilige Besteckset Linear aus Edelstahl aus der DiTutt\u00ecD\u00ec FB Kitchenware Kollektion: minimalistisches Design, Robustheit und Komfort.\" \/>\n<meta name=\"robots\" content=\"index, follow, max-snippet:-1, max-image-preview:large, max-video-preview:-1\" \/>\n<link rel=\"canonical\" href=\"https:\/\/fb-kitchenware.com\/de\/negozio\/besteck\/edelstahlbesteck-set-16-teilig-linear-fb-kitchenware\/\" \/>\n<meta property=\"og:locale\" content=\"de_DE\" \/>\n<meta property=\"og:type\" content=\"article\" \/>\n<meta property=\"og:title\" content=\"Linear Edelstahlbesteck 16-teilig | FB Kitchenware\" \/>\n<meta property=\"og:description\" content=\"Entdecken Sie das 16-teilige Besteckset Linear aus Edelstahl aus der DiTutt\u00ecD\u00ec FB Kitchenware Kollektion: minimalistisches Design, Robustheit und Komfort.\" \/>\n<meta property=\"og:url\" content=\"https:\/\/fb-kitchenware.com\/de\/negozio\/besteck\/edelstahlbesteck-set-16-teilig-linear-fb-kitchenware\/\" \/>\n<meta property=\"og:site_name\" content=\"FB Kitchenware\" \/>\n<meta property=\"article:modified_time\" content=\"2025-12-01T00:22:05+00:00\" \/>\n<meta property=\"og:image\" content=\"https:\/\/fb-kitchenware.com\/wp-content\/uploads\/DSC8769-Edit.jpg\" \/>\n\t<meta property=\"og:image:width\" content=\"1920\" \/>\n\t<meta property=\"og:image:height\" content=\"1920\" \/>\n\t<meta property=\"og:image:type\" content=\"image\/jpeg\" \/>\n<meta name=\"twitter:card\" content=\"summary_large_image\" \/>\n<script type=\"application\/ld+json\" class=\"yoast-schema-graph\">{\"@context\":\"https:\\\/\\\/schema.org\",\"@graph\":[{\"@type\":\"WebPage\",\"@id\":\"https:\\\/\\\/fb-kitchenware.com\\\/de\\\/negozio\\\/besteck\\\/edelstahlbesteck-set-16-teilig-linear-fb-kitchenware\\\/\",\"url\":\"https:\\\/\\\/fb-kitchenware.com\\\/de\\\/negozio\\\/besteck\\\/edelstahlbesteck-set-16-teilig-linear-fb-kitchenware\\\/\",\"name\":\"Linear Edelstahlbesteck 16-teilig | FB Kitchenware\",\"isPartOf\":{\"@id\":\"https:\\\/\\\/fb-kitchenware.com\\\/de\\\/#website\"},\"primaryImageOfPage\":{\"@id\":\"https:\\\/\\\/fb-kitchenware.com\\\/de\\\/negozio\\\/besteck\\\/edelstahlbesteck-set-16-teilig-linear-fb-kitchenware\\\/#primaryimage\"},\"image\":{\"@id\":\"https:\\\/\\\/fb-kitchenware.com\\\/de\\\/negozio\\\/besteck\\\/edelstahlbesteck-set-16-teilig-linear-fb-kitchenware\\\/#primaryimage\"},\"thumbnailUrl\":\"https:\\\/\\\/fb-kitchenware.com\\\/wp-content\\\/uploads\\\/gold-def-copia.jpg\",\"datePublished\":\"2025-04-30T23:17:49+00:00\",\"dateModified\":\"2025-12-01T00:22:05+00:00\",\"description\":\"Entdecken Sie das 16-teilige Besteckset Linear aus Edelstahl aus der DiTutt\u00ecD\u00ec FB Kitchenware Kollektion: minimalistisches Design, Robustheit und Komfort.\",\"breadcrumb\":{\"@id\":\"https:\\\/\\\/fb-kitchenware.com\\\/de\\\/negozio\\\/besteck\\\/edelstahlbesteck-set-16-teilig-linear-fb-kitchenware\\\/#breadcrumb\"},\"inLanguage\":\"de-DE\",\"potentialAction\":[{\"@type\":\"ReadAction\",\"target\":[\"https:\\\/\\\/fb-kitchenware.com\\\/de\\\/negozio\\\/besteck\\\/edelstahlbesteck-set-16-teilig-linear-fb-kitchenware\\\/\"]}]},{\"@type\":\"ImageObject\",\"inLanguage\":\"de-DE\",\"@id\":\"https:\\\/\\\/fb-kitchenware.com\\\/de\\\/negozio\\\/besteck\\\/edelstahlbesteck-set-16-teilig-linear-fb-kitchenware\\\/#primaryimage\",\"url\":\"https:\\\/\\\/fb-kitchenware.com\\\/wp-content\\\/uploads\\\/gold-def-copia.jpg\",\"contentUrl\":\"https:\\\/\\\/fb-kitchenware.com\\\/wp-content\\\/uploads\\\/gold-def-copia.jpg\",\"width\":1920,\"height\":1920,\"caption\":\"default\"},{\"@type\":\"BreadcrumbList\",\"@id\":\"https:\\\/\\\/fb-kitchenware.com\\\/de\\\/negozio\\\/besteck\\\/edelstahlbesteck-set-16-teilig-linear-fb-kitchenware\\\/#breadcrumb\",\"itemListElement\":[{\"@type\":\"ListItem\",\"position\":1,\"name\":\"Home\",\"item\":\"https:\\\/\\\/fb-kitchenware.com\\\/de\\\/\"},{\"@type\":\"ListItem\",\"position\":2,\"name\":\"Edelstahlbesteck-Set 16-teilig-Linear | FB Kitchenware\"}]},{\"@type\":\"WebSite\",\"@id\":\"https:\\\/\\\/fb-kitchenware.com\\\/de\\\/#website\",\"url\":\"https:\\\/\\\/fb-kitchenware.com\\\/de\\\/\",\"name\":\"FB Kitchenware\",\"description\":\"\",\"publisher\":{\"@id\":\"https:\\\/\\\/fb-kitchenware.com\\\/de\\\/#organization\"},\"potentialAction\":[{\"@type\":\"SearchAction\",\"target\":{\"@type\":\"EntryPoint\",\"urlTemplate\":\"https:\\\/\\\/fb-kitchenware.com\\\/de\\\/?s={search_term_string}\"},\"query-input\":{\"@type\":\"PropertyValueSpecification\",\"valueRequired\":true,\"valueName\":\"search_term_string\"}}],\"inLanguage\":\"de-DE\"},{\"@type\":\"Organization\",\"@id\":\"https:\\\/\\\/fb-kitchenware.com\\\/de\\\/#organization\",\"name\":\"FB Kitchenware\",\"url\":\"https:\\\/\\\/fb-kitchenware.com\\\/de\\\/\",\"logo\":{\"@type\":\"ImageObject\",\"inLanguage\":\"de-DE\",\"@id\":\"https:\\\/\\\/fb-kitchenware.com\\\/de\\\/#\\\/schema\\\/logo\\\/image\\\/\",\"url\":\"https:\\\/\\\/fb-kitchenware.com\\\/wp-content\\\/uploads\\\/logo_gold.png\",\"contentUrl\":\"https:\\\/\\\/fb-kitchenware.com\\\/wp-content\\\/uploads\\\/logo_gold.png\",\"width\":900,\"height\":900,\"caption\":\"FB Kitchenware\"},\"image\":{\"@id\":\"https:\\\/\\\/fb-kitchenware.com\\\/de\\\/#\\\/schema\\\/logo\\\/image\\\/\"}}]}<\/script>\n<!-- \/ Yoast SEO plugin. -->","yoast_head_json":{"title":"Linear Edelstahlbesteck 16-teilig | FB Kitchenware","description":"Entdecken Sie das 16-teilige Besteckset Linear aus Edelstahl aus der DiTutt\u00ecD\u00ec FB Kitchenware Kollektion: minimalistisches Design, Robustheit und Komfort.","robots":{"index":"index","follow":"follow","max-snippet":"max-snippet:-1","max-image-preview":"max-image-preview:large","max-video-preview":"max-video-preview:-1"},"canonical":"https:\/\/fb-kitchenware.com\/de\/negozio\/besteck\/edelstahlbesteck-set-16-teilig-linear-fb-kitchenware\/","og_locale":"de_DE","og_type":"article","og_title":"Linear Edelstahlbesteck 16-teilig | FB Kitchenware","og_description":"Entdecken Sie das 16-teilige Besteckset Linear aus Edelstahl aus der DiTutt\u00ecD\u00ec FB Kitchenware Kollektion: minimalistisches Design, Robustheit und Komfort.","og_url":"https:\/\/fb-kitchenware.com\/de\/negozio\/besteck\/edelstahlbesteck-set-16-teilig-linear-fb-kitchenware\/","og_site_name":"FB Kitchenware","article_modified_time":"2025-12-01T00:22:05+00:00","og_image":[{"width":1920,"height":1920,"url":"https:\/\/fb-kitchenware.com\/wp-content\/uploads\/DSC8769-Edit.jpg","type":"image\/jpeg"}],"twitter_card":"summary_large_image","schema":{"@context":"https:\/\/schema.org","@graph":[{"@type":"WebPage","@id":"https:\/\/fb-kitchenware.com\/de\/negozio\/besteck\/edelstahlbesteck-set-16-teilig-linear-fb-kitchenware\/","url":"https:\/\/fb-kitchenware.com\/de\/negozio\/besteck\/edelstahlbesteck-set-16-teilig-linear-fb-kitchenware\/","name":"Linear Edelstahlbesteck 16-teilig | FB Kitchenware","isPartOf":{"@id":"https:\/\/fb-kitchenware.com\/de\/#website"},"primaryImageOfPage":{"@id":"https:\/\/fb-kitchenware.com\/de\/negozio\/besteck\/edelstahlbesteck-set-16-teilig-linear-fb-kitchenware\/#primaryimage"},"image":{"@id":"https:\/\/fb-kitchenware.com\/de\/negozio\/besteck\/edelstahlbesteck-set-16-teilig-linear-fb-kitchenware\/#primaryimage"},"thumbnailUrl":"https:\/\/fb-kitchenware.com\/wp-content\/uploads\/gold-def-copia.jpg","datePublished":"2025-04-30T23:17:49+00:00","dateModified":"2025-12-01T00:22:05+00:00","description":"Entdecken Sie das 16-teilige Besteckset Linear aus Edelstahl aus der DiTutt\u00ecD\u00ec FB Kitchenware Kollektion: minimalistisches Design, Robustheit und Komfort.","breadcrumb":{"@id":"https:\/\/fb-kitchenware.com\/de\/negozio\/besteck\/edelstahlbesteck-set-16-teilig-linear-fb-kitchenware\/#breadcrumb"},"inLanguage":"de-DE","potentialAction":[{"@type":"ReadAction","target":["https:\/\/fb-kitchenware.com\/de\/negozio\/besteck\/edelstahlbesteck-set-16-teilig-linear-fb-kitchenware\/"]}]},{"@type":"ImageObject","inLanguage":"de-DE","@id":"https:\/\/fb-kitchenware.com\/de\/negozio\/besteck\/edelstahlbesteck-set-16-teilig-linear-fb-kitchenware\/#primaryimage","url":"https:\/\/fb-kitchenware.com\/wp-content\/uploads\/gold-def-copia.jpg","contentUrl":"https:\/\/fb-kitchenware.com\/wp-content\/uploads\/gold-def-copia.jpg","width":1920,"height":1920,"caption":"default"},{"@type":"BreadcrumbList","@id":"https:\/\/fb-kitchenware.com\/de\/negozio\/besteck\/edelstahlbesteck-set-16-teilig-linear-fb-kitchenware\/#breadcrumb","itemListElement":[{"@type":"ListItem","position":1,"name":"Home","item":"https:\/\/fb-kitchenware.com\/de\/"},{"@type":"ListItem","position":2,"name":"Edelstahlbesteck-Set 16-teilig-Linear | FB Kitchenware"}]},{"@type":"WebSite","@id":"https:\/\/fb-kitchenware.com\/de\/#website","url":"https:\/\/fb-kitchenware.com\/de\/","name":"FB Kitchenware","description":"","publisher":{"@id":"https:\/\/fb-kitchenware.com\/de\/#organization"},"potentialAction":[{"@type":"SearchAction","target":{"@type":"EntryPoint","urlTemplate":"https:\/\/fb-kitchenware.com\/de\/?s={search_term_string}"},"query-input":{"@type":"PropertyValueSpecification","valueRequired":true,"valueName":"search_term_string"}}],"inLanguage":"de-DE"},{"@type":"Organization","@id":"https:\/\/fb-kitchenware.com\/de\/#organization","name":"FB Kitchenware","url":"https:\/\/fb-kitchenware.com\/de\/","logo":{"@type":"ImageObject","inLanguage":"de-DE","@id":"https:\/\/fb-kitchenware.com\/de\/#\/schema\/logo\/image\/","url":"https:\/\/fb-kitchenware.com\/wp-content\/uploads\/logo_gold.png","contentUrl":"https:\/\/fb-kitchenware.com\/wp-content\/uploads\/logo_gold.png","width":900,"height":900,"caption":"FB Kitchenware"},"image":{"@id":"https:\/\/fb-kitchenware.com\/de\/#\/schema\/logo\/image\/"}}]}},"_links":{"self":[{"href":"https:\/\/fb-kitchenware.com\/de\/wp-json\/wp\/v2\/product\/3279","targetHints":{"allow":["GET"]}}],"collection":[{"href":"https:\/\/fb-kitchenware.com\/de\/wp-json\/wp\/v2\/product"}],"about":[{"href":"https:\/\/fb-kitchenware.com\/de\/wp-json\/wp\/v2\/types\/product"}],"wp:featuredmedia":[{"embeddable":true,"href":"https:\/\/fb-kitchenware.com\/de\/wp-json\/wp\/v2\/media\/7184"}],"wp:attachment":[{"href":"https:\/\/fb-kitchenware.com\/de\/wp-json\/wp\/v2\/media?parent=3279"}],"wp:term":[{"taxonomy":"product_brand","embeddable":true,"href":"https:\/\/fb-kitchenware.com\/de\/wp-json\/wp\/v2\/product_brand?post=3279"},{"taxonomy":"product_cat","embeddable":true,"href":"https:\/\/fb-kitchenware.com\/de\/wp-json\/wp\/v2\/product_cat?post=3279"},{"taxonomy":"product_tag","embeddable":true,"href":"https:\/\/fb-kitchenware.com\/de\/wp-json\/wp\/v2\/product_tag?post=3279"}],"curies":[{"name":"wp","href":"https:\/\/api.w.org\/{rel}","templated":true}]}}