{"id":3452,"date":"2025-05-01T01:17:49","date_gmt":"2025-04-30T23:17:49","guid":{"rendered":"https:\/\/fb-kitchenware.com\/negozio\/uncategorized\/besteckservice-16-teilig-in-geschenkbox-mod-sull\/"},"modified":"2025-12-01T19:05:40","modified_gmt":"2025-12-01T18:05:40","slug":"besteckservice-16-teilig-in-geschenkbox-mod-sull","status":"publish","type":"product","link":"https:\/\/fb-kitchenware.com\/de\/negozio\/besteck\/besteckservice-16-teilig-in-geschenkbox-mod-sull\/","title":{"rendered":"Besteckservice 16-teilig in Geschenkbox mod Sull"},"content":{"rendered":"","protected":false},"excerpt":{"rendered":"<p>Das <strong data-start=\"500\" data-end=\"536\">16-teilige moderne Edelstahlbesteck Sull<\/strong> aus der Kollektion <em data-start=\"554\" data-end=\"565\">Dituttid\u00ec<\/em> ist die zeitgem\u00e4\u00dfe Antwort f\u00fcr alle, die moderne \u00c4sthetik, hochwertige Materialien und Funktionalit\u00e4t im Alltag miteinander verbinden m\u00f6chten. Das Set aus hochwertigem <strong data-start=\"701\" data-end=\"723\">Edelstahl 18\/10<\/strong> wird in einer edlen <strong data-start=\"765\" data-end=\"783\">Geschenkbox<\/strong> geliefert und ist perfekt geeignet, um das t\u00e4gliche Mise en place mit einem Hauch von italienischem Design zu bereichern. <\/p>\n<p>Sull wurde aus dem Bed\u00fcrfnis heraus geboren, <strong data-start=\"925\" data-end=\"950\">m\u00fchelose Eleganz<\/strong> auf den Tisch zu bringen, durch klare Linien, ergonomische Griffe und raffinierte Oberfl\u00e4chen, die die neuesten Trends widerspiegeln. Es wurde f\u00fcr diejenigen entwickelt, die ein <strong data-start=\"1084\" data-end=\"1102\">modernes Besteck<\/strong> suchen, das den Test der Zeit besteht, den t\u00e4glichen Gebrauch nicht scheut und selbst in professionellen Umgebungen wie Restaurants und Hotels hohe Leistung garantiert. <\/p>\n","protected":false},"featured_media":7181,"template":"","meta":{"_acf_changed":false},"product_brand":[566],"product_cat":[567,645],"product_tag":[],"class_list":{"0":"post-3452","1":"product","2":"type-product","3":"status-publish","4":"has-post-thumbnail","6":"product_brand-dituttidi","7":"product_cat-besteck","8":"product_cat-serienende","10":"first","11":"instock","12":"sale","13":"taxable","14":"shipping-taxable","15":"purchasable","16":"product-type-variable"},"acf":[],"yoast_head":"<!-- This site is optimized with the Yoast SEO plugin v27.3 - https:\/\/yoast.com\/product\/yoast-seo-wordpress\/ -->\n<title>Modernes Besteckset aus Edelstahl 16-teilig-Sull | FB Kitchenware<\/title>\n<meta name=\"description\" content=\"Entdecken Sie das moderne 16-teilige Besteckservice aus Edelstahl Modell Sull. Eleganz und Qualit\u00e4t f\u00fcr jeden Tisch, erh\u00e4ltlich in 5 trendigen Ausf\u00fchrungen.\" \/>\n<meta name=\"robots\" content=\"index, follow, max-snippet:-1, max-image-preview:large, max-video-preview:-1\" \/>\n<link rel=\"canonical\" href=\"https:\/\/fb-kitchenware.com\/de\/negozio\/besteck\/besteckservice-16-teilig-in-geschenkbox-mod-sull\/\" \/>\n<meta property=\"og:locale\" content=\"de_DE\" \/>\n<meta property=\"og:type\" content=\"article\" \/>\n<meta property=\"og:title\" content=\"Modernes Besteckset aus Edelstahl 16-teilig-Sull | FB Kitchenware\" \/>\n<meta property=\"og:description\" content=\"Entdecken Sie das moderne 16-teilige Besteckservice aus Edelstahl Modell Sull. Eleganz und Qualit\u00e4t f\u00fcr jeden Tisch, erh\u00e4ltlich in 5 trendigen Ausf\u00fchrungen.\" \/>\n<meta property=\"og:url\" content=\"https:\/\/fb-kitchenware.com\/de\/negozio\/besteck\/besteckservice-16-teilig-in-geschenkbox-mod-sull\/\" \/>\n<meta property=\"og:site_name\" content=\"FB Kitchenware\" \/>\n<meta property=\"article:modified_time\" content=\"2025-12-01T18:05:40+00:00\" \/>\n<meta property=\"og:image\" content=\"https:\/\/fb-kitchenware.com\/wp-content\/uploads\/infografiche-da-sito-05.jpg\" \/>\n\t<meta property=\"og:image:width\" content=\"1920\" \/>\n\t<meta property=\"og:image:height\" content=\"1920\" \/>\n\t<meta property=\"og:image:type\" content=\"image\/jpeg\" \/>\n<meta name=\"twitter:card\" content=\"summary_large_image\" \/>\n<script type=\"application\/ld+json\" class=\"yoast-schema-graph\">{\"@context\":\"https:\\\/\\\/schema.org\",\"@graph\":[{\"@type\":\"WebPage\",\"@id\":\"https:\\\/\\\/fb-kitchenware.com\\\/de\\\/negozio\\\/besteck\\\/besteckservice-16-teilig-in-geschenkbox-mod-sull\\\/\",\"url\":\"https:\\\/\\\/fb-kitchenware.com\\\/de\\\/negozio\\\/besteck\\\/besteckservice-16-teilig-in-geschenkbox-mod-sull\\\/\",\"name\":\"Modernes Besteckset aus Edelstahl 16-teilig-Sull | FB Kitchenware\",\"isPartOf\":{\"@id\":\"https:\\\/\\\/fb-kitchenware.com\\\/de\\\/#website\"},\"primaryImageOfPage\":{\"@id\":\"https:\\\/\\\/fb-kitchenware.com\\\/de\\\/negozio\\\/besteck\\\/besteckservice-16-teilig-in-geschenkbox-mod-sull\\\/#primaryimage\"},\"image\":{\"@id\":\"https:\\\/\\\/fb-kitchenware.com\\\/de\\\/negozio\\\/besteck\\\/besteckservice-16-teilig-in-geschenkbox-mod-sull\\\/#primaryimage\"},\"thumbnailUrl\":\"https:\\\/\\\/fb-kitchenware.com\\\/wp-content\\\/uploads\\\/black.jpg\",\"datePublished\":\"2025-04-30T23:17:49+00:00\",\"dateModified\":\"2025-12-01T18:05:40+00:00\",\"description\":\"Entdecken Sie das moderne 16-teilige Besteckservice aus Edelstahl Modell Sull. Eleganz und Qualit\u00e4t f\u00fcr jeden Tisch, erh\u00e4ltlich in 5 trendigen Ausf\u00fchrungen.\",\"breadcrumb\":{\"@id\":\"https:\\\/\\\/fb-kitchenware.com\\\/de\\\/negozio\\\/besteck\\\/besteckservice-16-teilig-in-geschenkbox-mod-sull\\\/#breadcrumb\"},\"inLanguage\":\"de-DE\",\"potentialAction\":[{\"@type\":\"ReadAction\",\"target\":[\"https:\\\/\\\/fb-kitchenware.com\\\/de\\\/negozio\\\/besteck\\\/besteckservice-16-teilig-in-geschenkbox-mod-sull\\\/\"]}]},{\"@type\":\"ImageObject\",\"inLanguage\":\"de-DE\",\"@id\":\"https:\\\/\\\/fb-kitchenware.com\\\/de\\\/negozio\\\/besteck\\\/besteckservice-16-teilig-in-geschenkbox-mod-sull\\\/#primaryimage\",\"url\":\"https:\\\/\\\/fb-kitchenware.com\\\/wp-content\\\/uploads\\\/black.jpg\",\"contentUrl\":\"https:\\\/\\\/fb-kitchenware.com\\\/wp-content\\\/uploads\\\/black.jpg\",\"width\":1920,\"height\":1920,\"caption\":\"default\"},{\"@type\":\"BreadcrumbList\",\"@id\":\"https:\\\/\\\/fb-kitchenware.com\\\/de\\\/negozio\\\/besteck\\\/besteckservice-16-teilig-in-geschenkbox-mod-sull\\\/#breadcrumb\",\"itemListElement\":[{\"@type\":\"ListItem\",\"position\":1,\"name\":\"Home\",\"item\":\"https:\\\/\\\/fb-kitchenware.com\\\/de\\\/\"},{\"@type\":\"ListItem\",\"position\":2,\"name\":\"Besteckservice 16-teilig in Geschenkbox mod Sull\"}]},{\"@type\":\"WebSite\",\"@id\":\"https:\\\/\\\/fb-kitchenware.com\\\/de\\\/#website\",\"url\":\"https:\\\/\\\/fb-kitchenware.com\\\/de\\\/\",\"name\":\"FB Kitchenware\",\"description\":\"\",\"publisher\":{\"@id\":\"https:\\\/\\\/fb-kitchenware.com\\\/de\\\/#organization\"},\"potentialAction\":[{\"@type\":\"SearchAction\",\"target\":{\"@type\":\"EntryPoint\",\"urlTemplate\":\"https:\\\/\\\/fb-kitchenware.com\\\/de\\\/?s={search_term_string}\"},\"query-input\":{\"@type\":\"PropertyValueSpecification\",\"valueRequired\":true,\"valueName\":\"search_term_string\"}}],\"inLanguage\":\"de-DE\"},{\"@type\":\"Organization\",\"@id\":\"https:\\\/\\\/fb-kitchenware.com\\\/de\\\/#organization\",\"name\":\"FB Kitchenware\",\"url\":\"https:\\\/\\\/fb-kitchenware.com\\\/de\\\/\",\"logo\":{\"@type\":\"ImageObject\",\"inLanguage\":\"de-DE\",\"@id\":\"https:\\\/\\\/fb-kitchenware.com\\\/de\\\/#\\\/schema\\\/logo\\\/image\\\/\",\"url\":\"https:\\\/\\\/fb-kitchenware.com\\\/wp-content\\\/uploads\\\/logo_gold.png\",\"contentUrl\":\"https:\\\/\\\/fb-kitchenware.com\\\/wp-content\\\/uploads\\\/logo_gold.png\",\"width\":900,\"height\":900,\"caption\":\"FB Kitchenware\"},\"image\":{\"@id\":\"https:\\\/\\\/fb-kitchenware.com\\\/de\\\/#\\\/schema\\\/logo\\\/image\\\/\"}}]}<\/script>\n<!-- \/ Yoast SEO plugin. -->","yoast_head_json":{"title":"Modernes Besteckset aus Edelstahl 16-teilig-Sull | FB Kitchenware","description":"Entdecken Sie das moderne 16-teilige Besteckservice aus Edelstahl Modell Sull. Eleganz und Qualit\u00e4t f\u00fcr jeden Tisch, erh\u00e4ltlich in 5 trendigen Ausf\u00fchrungen.","robots":{"index":"index","follow":"follow","max-snippet":"max-snippet:-1","max-image-preview":"max-image-preview:large","max-video-preview":"max-video-preview:-1"},"canonical":"https:\/\/fb-kitchenware.com\/de\/negozio\/besteck\/besteckservice-16-teilig-in-geschenkbox-mod-sull\/","og_locale":"de_DE","og_type":"article","og_title":"Modernes Besteckset aus Edelstahl 16-teilig-Sull | FB Kitchenware","og_description":"Entdecken Sie das moderne 16-teilige Besteckservice aus Edelstahl Modell Sull. Eleganz und Qualit\u00e4t f\u00fcr jeden Tisch, erh\u00e4ltlich in 5 trendigen Ausf\u00fchrungen.","og_url":"https:\/\/fb-kitchenware.com\/de\/negozio\/besteck\/besteckservice-16-teilig-in-geschenkbox-mod-sull\/","og_site_name":"FB Kitchenware","article_modified_time":"2025-12-01T18:05:40+00:00","og_image":[{"width":1920,"height":1920,"url":"https:\/\/fb-kitchenware.com\/wp-content\/uploads\/infografiche-da-sito-05.jpg","type":"image\/jpeg"}],"twitter_card":"summary_large_image","schema":{"@context":"https:\/\/schema.org","@graph":[{"@type":"WebPage","@id":"https:\/\/fb-kitchenware.com\/de\/negozio\/besteck\/besteckservice-16-teilig-in-geschenkbox-mod-sull\/","url":"https:\/\/fb-kitchenware.com\/de\/negozio\/besteck\/besteckservice-16-teilig-in-geschenkbox-mod-sull\/","name":"Modernes Besteckset aus Edelstahl 16-teilig-Sull | FB Kitchenware","isPartOf":{"@id":"https:\/\/fb-kitchenware.com\/de\/#website"},"primaryImageOfPage":{"@id":"https:\/\/fb-kitchenware.com\/de\/negozio\/besteck\/besteckservice-16-teilig-in-geschenkbox-mod-sull\/#primaryimage"},"image":{"@id":"https:\/\/fb-kitchenware.com\/de\/negozio\/besteck\/besteckservice-16-teilig-in-geschenkbox-mod-sull\/#primaryimage"},"thumbnailUrl":"https:\/\/fb-kitchenware.com\/wp-content\/uploads\/black.jpg","datePublished":"2025-04-30T23:17:49+00:00","dateModified":"2025-12-01T18:05:40+00:00","description":"Entdecken Sie das moderne 16-teilige Besteckservice aus Edelstahl Modell Sull. Eleganz und Qualit\u00e4t f\u00fcr jeden Tisch, erh\u00e4ltlich in 5 trendigen Ausf\u00fchrungen.","breadcrumb":{"@id":"https:\/\/fb-kitchenware.com\/de\/negozio\/besteck\/besteckservice-16-teilig-in-geschenkbox-mod-sull\/#breadcrumb"},"inLanguage":"de-DE","potentialAction":[{"@type":"ReadAction","target":["https:\/\/fb-kitchenware.com\/de\/negozio\/besteck\/besteckservice-16-teilig-in-geschenkbox-mod-sull\/"]}]},{"@type":"ImageObject","inLanguage":"de-DE","@id":"https:\/\/fb-kitchenware.com\/de\/negozio\/besteck\/besteckservice-16-teilig-in-geschenkbox-mod-sull\/#primaryimage","url":"https:\/\/fb-kitchenware.com\/wp-content\/uploads\/black.jpg","contentUrl":"https:\/\/fb-kitchenware.com\/wp-content\/uploads\/black.jpg","width":1920,"height":1920,"caption":"default"},{"@type":"BreadcrumbList","@id":"https:\/\/fb-kitchenware.com\/de\/negozio\/besteck\/besteckservice-16-teilig-in-geschenkbox-mod-sull\/#breadcrumb","itemListElement":[{"@type":"ListItem","position":1,"name":"Home","item":"https:\/\/fb-kitchenware.com\/de\/"},{"@type":"ListItem","position":2,"name":"Besteckservice 16-teilig in Geschenkbox mod Sull"}]},{"@type":"WebSite","@id":"https:\/\/fb-kitchenware.com\/de\/#website","url":"https:\/\/fb-kitchenware.com\/de\/","name":"FB Kitchenware","description":"","publisher":{"@id":"https:\/\/fb-kitchenware.com\/de\/#organization"},"potentialAction":[{"@type":"SearchAction","target":{"@type":"EntryPoint","urlTemplate":"https:\/\/fb-kitchenware.com\/de\/?s={search_term_string}"},"query-input":{"@type":"PropertyValueSpecification","valueRequired":true,"valueName":"search_term_string"}}],"inLanguage":"de-DE"},{"@type":"Organization","@id":"https:\/\/fb-kitchenware.com\/de\/#organization","name":"FB Kitchenware","url":"https:\/\/fb-kitchenware.com\/de\/","logo":{"@type":"ImageObject","inLanguage":"de-DE","@id":"https:\/\/fb-kitchenware.com\/de\/#\/schema\/logo\/image\/","url":"https:\/\/fb-kitchenware.com\/wp-content\/uploads\/logo_gold.png","contentUrl":"https:\/\/fb-kitchenware.com\/wp-content\/uploads\/logo_gold.png","width":900,"height":900,"caption":"FB Kitchenware"},"image":{"@id":"https:\/\/fb-kitchenware.com\/de\/#\/schema\/logo\/image\/"}}]}},"_links":{"self":[{"href":"https:\/\/fb-kitchenware.com\/de\/wp-json\/wp\/v2\/product\/3452","targetHints":{"allow":["GET"]}}],"collection":[{"href":"https:\/\/fb-kitchenware.com\/de\/wp-json\/wp\/v2\/product"}],"about":[{"href":"https:\/\/fb-kitchenware.com\/de\/wp-json\/wp\/v2\/types\/product"}],"wp:featuredmedia":[{"embeddable":true,"href":"https:\/\/fb-kitchenware.com\/de\/wp-json\/wp\/v2\/media\/7181"}],"wp:attachment":[{"href":"https:\/\/fb-kitchenware.com\/de\/wp-json\/wp\/v2\/media?parent=3452"}],"wp:term":[{"taxonomy":"product_brand","embeddable":true,"href":"https:\/\/fb-kitchenware.com\/de\/wp-json\/wp\/v2\/product_brand?post=3452"},{"taxonomy":"product_cat","embeddable":true,"href":"https:\/\/fb-kitchenware.com\/de\/wp-json\/wp\/v2\/product_cat?post=3452"},{"taxonomy":"product_tag","embeddable":true,"href":"https:\/\/fb-kitchenware.com\/de\/wp-json\/wp\/v2\/product_tag?post=3452"}],"curies":[{"name":"wp","href":"https:\/\/api.w.org\/{rel}","templated":true}]}}