{"id":3525,"date":"2025-05-01T01:23:17","date_gmt":"2025-04-30T23:23:17","guid":{"rendered":"https:\/\/fb-kitchenware.com\/negozio\/uncategorized\/handgefertigtes-kuechengeschirr-aus-holz-fb-kitchenware\/"},"modified":"2025-12-01T01:21:56","modified_gmt":"2025-12-01T00:21:56","slug":"handgefertigtes-kuechengeschirr-aus-holz-fb-kitchenware","status":"publish","type":"product","link":"https:\/\/fb-kitchenware.com\/de\/negozio\/kuchenutensilien\/handgefertigtes-kuechengeschirr-aus-holz-fb-kitchenware\/","title":{"rendered":"Handgefertigtes K\u00fcchengeschirr aus Holz | FB Kitchenware"},"content":{"rendered":"","protected":false},"excerpt":{"rendered":"<p data-pm-slice=\"1 1 []\">Die h\u00f6lzerne K\u00fcchenzange aus der BeWood Kollektion von FB Kitchenware verbindet nat\u00fcrliche Eleganz mit Alltagstauglichkeit. Die von unseren italienischen Handwerkern vollst\u00e4ndig von Hand gefertigte Zange eignet sich perfekt zum Kochen, Servieren und Hantieren mit Lebensmitteln mit Pr\u00e4zision und Feingef\u00fchl.<\/p>\n<p>Jede BeWood-Zange wird aus einem einzigen St\u00fcck sorgf\u00e4ltig ausgew\u00e4hlten italienischen Olivenholzes geschnitzt, was St\u00e4rke, Haltbarkeit und Widerstandsf\u00e4higkeit garantiert. Die faszinierende nat\u00fcrliche Maserung des Holzes macht jede Zange einzigartig und unnachahmlich und verleiht Ihrer K\u00fcche einen Hauch von Authentizit\u00e4t und Raffinesse.<\/p>\n","protected":false},"featured_media":7263,"template":"","meta":{"_acf_changed":false},"product_brand":[558],"product_cat":[548],"product_tag":[],"class_list":{"0":"post-3525","1":"product","2":"type-product","3":"status-publish","4":"has-post-thumbnail","6":"product_brand-bewood","7":"product_cat-kuchenutensilien","9":"first","10":"instock","11":"taxable","12":"shipping-taxable","13":"purchasable","14":"product-type-simple"},"acf":[],"yoast_head":"<!-- This site is optimized with the Yoast SEO plugin v27.3 - https:\/\/yoast.com\/product\/yoast-seo-wordpress\/ -->\n<title>Handgefertigtes K\u00fcchengeschirr aus Holz | FB Kitchenware<\/title>\n<meta name=\"description\" content=\"Entdecken Sie die BeWood Olivenholzzange: handgefertigt, umweltfreundlich und perfekt zum Kochen und Servieren mit praktischem Nutzen. 100% aus italienischem Olivenholz hergestellt.\" \/>\n<meta name=\"robots\" content=\"index, follow, max-snippet:-1, max-image-preview:large, max-video-preview:-1\" \/>\n<link rel=\"canonical\" href=\"https:\/\/fb-kitchenware.com\/de\/negozio\/kuchenutensilien\/handgefertigtes-kuechengeschirr-aus-holz-fb-kitchenware\/\" \/>\n<meta property=\"og:locale\" content=\"de_DE\" \/>\n<meta property=\"og:type\" content=\"article\" \/>\n<meta property=\"og:title\" content=\"Handgefertigtes K\u00fcchengeschirr aus Holz | FB Kitchenware\" \/>\n<meta property=\"og:description\" content=\"Entdecken Sie die BeWood Olivenholzzange: handgefertigt, umweltfreundlich und perfekt zum Kochen und Servieren mit praktischem Nutzen. 100% aus italienischem Olivenholz hergestellt.\" \/>\n<meta property=\"og:url\" content=\"https:\/\/fb-kitchenware.com\/de\/negozio\/kuchenutensilien\/handgefertigtes-kuechengeschirr-aus-holz-fb-kitchenware\/\" \/>\n<meta property=\"og:site_name\" content=\"FB Kitchenware\" \/>\n<meta property=\"article:modified_time\" content=\"2025-12-01T00:21:56+00:00\" \/>\n<meta property=\"og:image\" content=\"https:\/\/fb-kitchenware.com\/wp-content\/uploads\/DSC8729-Edit.jpg\" \/>\n\t<meta property=\"og:image:width\" content=\"1920\" \/>\n\t<meta property=\"og:image:height\" content=\"1920\" \/>\n\t<meta property=\"og:image:type\" content=\"image\/jpeg\" \/>\n<meta name=\"twitter:card\" content=\"summary_large_image\" \/>\n<meta name=\"twitter:label1\" content=\"Est. reading time\" \/>\n\t<meta name=\"twitter:data1\" content=\"2 minutes\" \/>\n<script type=\"application\/ld+json\" class=\"yoast-schema-graph\">{\"@context\":\"https:\\\/\\\/schema.org\",\"@graph\":[{\"@type\":\"WebPage\",\"@id\":\"https:\\\/\\\/fb-kitchenware.com\\\/de\\\/negozio\\\/kuchenutensilien\\\/handgefertigtes-kuechengeschirr-aus-holz-fb-kitchenware\\\/\",\"url\":\"https:\\\/\\\/fb-kitchenware.com\\\/de\\\/negozio\\\/kuchenutensilien\\\/handgefertigtes-kuechengeschirr-aus-holz-fb-kitchenware\\\/\",\"name\":\"Handgefertigtes K\u00fcchengeschirr aus Holz | FB Kitchenware\",\"isPartOf\":{\"@id\":\"https:\\\/\\\/fb-kitchenware.com\\\/de\\\/#website\"},\"primaryImageOfPage\":{\"@id\":\"https:\\\/\\\/fb-kitchenware.com\\\/de\\\/negozio\\\/kuchenutensilien\\\/handgefertigtes-kuechengeschirr-aus-holz-fb-kitchenware\\\/#primaryimage\"},\"image\":{\"@id\":\"https:\\\/\\\/fb-kitchenware.com\\\/de\\\/negozio\\\/kuchenutensilien\\\/handgefertigtes-kuechengeschirr-aus-holz-fb-kitchenware\\\/#primaryimage\"},\"thumbnailUrl\":\"https:\\\/\\\/fb-kitchenware.com\\\/wp-content\\\/uploads\\\/DSC8729-Edit-1.jpg\",\"datePublished\":\"2025-04-30T23:23:17+00:00\",\"dateModified\":\"2025-12-01T00:21:56+00:00\",\"description\":\"Entdecken Sie die BeWood Olivenholzzange: handgefertigt, umweltfreundlich und perfekt zum Kochen und Servieren mit praktischem Nutzen. 100% aus italienischem Olivenholz hergestellt.\",\"breadcrumb\":{\"@id\":\"https:\\\/\\\/fb-kitchenware.com\\\/de\\\/negozio\\\/kuchenutensilien\\\/handgefertigtes-kuechengeschirr-aus-holz-fb-kitchenware\\\/#breadcrumb\"},\"inLanguage\":\"de-DE\",\"potentialAction\":[{\"@type\":\"ReadAction\",\"target\":[\"https:\\\/\\\/fb-kitchenware.com\\\/de\\\/negozio\\\/kuchenutensilien\\\/handgefertigtes-kuechengeschirr-aus-holz-fb-kitchenware\\\/\"]}]},{\"@type\":\"ImageObject\",\"inLanguage\":\"de-DE\",\"@id\":\"https:\\\/\\\/fb-kitchenware.com\\\/de\\\/negozio\\\/kuchenutensilien\\\/handgefertigtes-kuechengeschirr-aus-holz-fb-kitchenware\\\/#primaryimage\",\"url\":\"https:\\\/\\\/fb-kitchenware.com\\\/wp-content\\\/uploads\\\/DSC8729-Edit-1.jpg\",\"contentUrl\":\"https:\\\/\\\/fb-kitchenware.com\\\/wp-content\\\/uploads\\\/DSC8729-Edit-1.jpg\",\"width\":1920,\"height\":1920},{\"@type\":\"BreadcrumbList\",\"@id\":\"https:\\\/\\\/fb-kitchenware.com\\\/de\\\/negozio\\\/kuchenutensilien\\\/handgefertigtes-kuechengeschirr-aus-holz-fb-kitchenware\\\/#breadcrumb\",\"itemListElement\":[{\"@type\":\"ListItem\",\"position\":1,\"name\":\"Home\",\"item\":\"https:\\\/\\\/fb-kitchenware.com\\\/de\\\/\"},{\"@type\":\"ListItem\",\"position\":2,\"name\":\"Handgefertigtes K\u00fcchengeschirr aus Holz | FB Kitchenware\"}]},{\"@type\":\"WebSite\",\"@id\":\"https:\\\/\\\/fb-kitchenware.com\\\/de\\\/#website\",\"url\":\"https:\\\/\\\/fb-kitchenware.com\\\/de\\\/\",\"name\":\"FB Kitchenware\",\"description\":\"\",\"publisher\":{\"@id\":\"https:\\\/\\\/fb-kitchenware.com\\\/de\\\/#organization\"},\"potentialAction\":[{\"@type\":\"SearchAction\",\"target\":{\"@type\":\"EntryPoint\",\"urlTemplate\":\"https:\\\/\\\/fb-kitchenware.com\\\/de\\\/?s={search_term_string}\"},\"query-input\":{\"@type\":\"PropertyValueSpecification\",\"valueRequired\":true,\"valueName\":\"search_term_string\"}}],\"inLanguage\":\"de-DE\"},{\"@type\":\"Organization\",\"@id\":\"https:\\\/\\\/fb-kitchenware.com\\\/de\\\/#organization\",\"name\":\"FB Kitchenware\",\"url\":\"https:\\\/\\\/fb-kitchenware.com\\\/de\\\/\",\"logo\":{\"@type\":\"ImageObject\",\"inLanguage\":\"de-DE\",\"@id\":\"https:\\\/\\\/fb-kitchenware.com\\\/de\\\/#\\\/schema\\\/logo\\\/image\\\/\",\"url\":\"https:\\\/\\\/fb-kitchenware.com\\\/wp-content\\\/uploads\\\/logo_gold.png\",\"contentUrl\":\"https:\\\/\\\/fb-kitchenware.com\\\/wp-content\\\/uploads\\\/logo_gold.png\",\"width\":900,\"height\":900,\"caption\":\"FB Kitchenware\"},\"image\":{\"@id\":\"https:\\\/\\\/fb-kitchenware.com\\\/de\\\/#\\\/schema\\\/logo\\\/image\\\/\"}}]}<\/script>\n<!-- \/ Yoast SEO plugin. -->","yoast_head_json":{"title":"Handgefertigtes K\u00fcchengeschirr aus Holz | FB Kitchenware","description":"Entdecken Sie die BeWood Olivenholzzange: handgefertigt, umweltfreundlich und perfekt zum Kochen und Servieren mit praktischem Nutzen. 100% aus italienischem Olivenholz hergestellt.","robots":{"index":"index","follow":"follow","max-snippet":"max-snippet:-1","max-image-preview":"max-image-preview:large","max-video-preview":"max-video-preview:-1"},"canonical":"https:\/\/fb-kitchenware.com\/de\/negozio\/kuchenutensilien\/handgefertigtes-kuechengeschirr-aus-holz-fb-kitchenware\/","og_locale":"de_DE","og_type":"article","og_title":"Handgefertigtes K\u00fcchengeschirr aus Holz | FB Kitchenware","og_description":"Entdecken Sie die BeWood Olivenholzzange: handgefertigt, umweltfreundlich und perfekt zum Kochen und Servieren mit praktischem Nutzen. 100% aus italienischem Olivenholz hergestellt.","og_url":"https:\/\/fb-kitchenware.com\/de\/negozio\/kuchenutensilien\/handgefertigtes-kuechengeschirr-aus-holz-fb-kitchenware\/","og_site_name":"FB Kitchenware","article_modified_time":"2025-12-01T00:21:56+00:00","og_image":[{"width":1920,"height":1920,"url":"https:\/\/fb-kitchenware.com\/wp-content\/uploads\/DSC8729-Edit.jpg","type":"image\/jpeg"}],"twitter_card":"summary_large_image","twitter_misc":{"Est. reading time":"2 minutes"},"schema":{"@context":"https:\/\/schema.org","@graph":[{"@type":"WebPage","@id":"https:\/\/fb-kitchenware.com\/de\/negozio\/kuchenutensilien\/handgefertigtes-kuechengeschirr-aus-holz-fb-kitchenware\/","url":"https:\/\/fb-kitchenware.com\/de\/negozio\/kuchenutensilien\/handgefertigtes-kuechengeschirr-aus-holz-fb-kitchenware\/","name":"Handgefertigtes K\u00fcchengeschirr aus Holz | FB Kitchenware","isPartOf":{"@id":"https:\/\/fb-kitchenware.com\/de\/#website"},"primaryImageOfPage":{"@id":"https:\/\/fb-kitchenware.com\/de\/negozio\/kuchenutensilien\/handgefertigtes-kuechengeschirr-aus-holz-fb-kitchenware\/#primaryimage"},"image":{"@id":"https:\/\/fb-kitchenware.com\/de\/negozio\/kuchenutensilien\/handgefertigtes-kuechengeschirr-aus-holz-fb-kitchenware\/#primaryimage"},"thumbnailUrl":"https:\/\/fb-kitchenware.com\/wp-content\/uploads\/DSC8729-Edit-1.jpg","datePublished":"2025-04-30T23:23:17+00:00","dateModified":"2025-12-01T00:21:56+00:00","description":"Entdecken Sie die BeWood Olivenholzzange: handgefertigt, umweltfreundlich und perfekt zum Kochen und Servieren mit praktischem Nutzen. 100% aus italienischem Olivenholz hergestellt.","breadcrumb":{"@id":"https:\/\/fb-kitchenware.com\/de\/negozio\/kuchenutensilien\/handgefertigtes-kuechengeschirr-aus-holz-fb-kitchenware\/#breadcrumb"},"inLanguage":"de-DE","potentialAction":[{"@type":"ReadAction","target":["https:\/\/fb-kitchenware.com\/de\/negozio\/kuchenutensilien\/handgefertigtes-kuechengeschirr-aus-holz-fb-kitchenware\/"]}]},{"@type":"ImageObject","inLanguage":"de-DE","@id":"https:\/\/fb-kitchenware.com\/de\/negozio\/kuchenutensilien\/handgefertigtes-kuechengeschirr-aus-holz-fb-kitchenware\/#primaryimage","url":"https:\/\/fb-kitchenware.com\/wp-content\/uploads\/DSC8729-Edit-1.jpg","contentUrl":"https:\/\/fb-kitchenware.com\/wp-content\/uploads\/DSC8729-Edit-1.jpg","width":1920,"height":1920},{"@type":"BreadcrumbList","@id":"https:\/\/fb-kitchenware.com\/de\/negozio\/kuchenutensilien\/handgefertigtes-kuechengeschirr-aus-holz-fb-kitchenware\/#breadcrumb","itemListElement":[{"@type":"ListItem","position":1,"name":"Home","item":"https:\/\/fb-kitchenware.com\/de\/"},{"@type":"ListItem","position":2,"name":"Handgefertigtes K\u00fcchengeschirr aus Holz | FB Kitchenware"}]},{"@type":"WebSite","@id":"https:\/\/fb-kitchenware.com\/de\/#website","url":"https:\/\/fb-kitchenware.com\/de\/","name":"FB Kitchenware","description":"","publisher":{"@id":"https:\/\/fb-kitchenware.com\/de\/#organization"},"potentialAction":[{"@type":"SearchAction","target":{"@type":"EntryPoint","urlTemplate":"https:\/\/fb-kitchenware.com\/de\/?s={search_term_string}"},"query-input":{"@type":"PropertyValueSpecification","valueRequired":true,"valueName":"search_term_string"}}],"inLanguage":"de-DE"},{"@type":"Organization","@id":"https:\/\/fb-kitchenware.com\/de\/#organization","name":"FB Kitchenware","url":"https:\/\/fb-kitchenware.com\/de\/","logo":{"@type":"ImageObject","inLanguage":"de-DE","@id":"https:\/\/fb-kitchenware.com\/de\/#\/schema\/logo\/image\/","url":"https:\/\/fb-kitchenware.com\/wp-content\/uploads\/logo_gold.png","contentUrl":"https:\/\/fb-kitchenware.com\/wp-content\/uploads\/logo_gold.png","width":900,"height":900,"caption":"FB Kitchenware"},"image":{"@id":"https:\/\/fb-kitchenware.com\/de\/#\/schema\/logo\/image\/"}}]}},"_links":{"self":[{"href":"https:\/\/fb-kitchenware.com\/de\/wp-json\/wp\/v2\/product\/3525","targetHints":{"allow":["GET"]}}],"collection":[{"href":"https:\/\/fb-kitchenware.com\/de\/wp-json\/wp\/v2\/product"}],"about":[{"href":"https:\/\/fb-kitchenware.com\/de\/wp-json\/wp\/v2\/types\/product"}],"wp:featuredmedia":[{"embeddable":true,"href":"https:\/\/fb-kitchenware.com\/de\/wp-json\/wp\/v2\/media\/7263"}],"wp:attachment":[{"href":"https:\/\/fb-kitchenware.com\/de\/wp-json\/wp\/v2\/media?parent=3525"}],"wp:term":[{"taxonomy":"product_brand","embeddable":true,"href":"https:\/\/fb-kitchenware.com\/de\/wp-json\/wp\/v2\/product_brand?post=3525"},{"taxonomy":"product_cat","embeddable":true,"href":"https:\/\/fb-kitchenware.com\/de\/wp-json\/wp\/v2\/product_cat?post=3525"},{"taxonomy":"product_tag","embeddable":true,"href":"https:\/\/fb-kitchenware.com\/de\/wp-json\/wp\/v2\/product_tag?post=3525"}],"curies":[{"name":"wp","href":"https:\/\/api.w.org\/{rel}","templated":true}]}}