{"id":3679,"date":"2025-05-01T01:17:10","date_gmt":"2025-04-30T23:17:10","guid":{"rendered":"https:\/\/fb-kitchenware.com\/negozio\/uncategorized\/besteel-eisenpfanne-mit-silbernem-griff-fb-kitchenware\/"},"modified":"2025-12-01T01:22:06","modified_gmt":"2025-12-01T00:22:06","slug":"besteel-eisenpfanne-mit-silbernem-griff-fb-kitchenware","status":"publish","type":"product","link":"https:\/\/fb-kitchenware.com\/de\/negozio\/besten%e2%80%91fbkitchenware%e2%80%91pfannen\/besteel-eisenpfanne-mit-silbernem-griff-fb-kitchenware\/","title":{"rendered":"BeSteel\u2122 Eisenpfanne mit silbernem Griff | FB Kitchenware"},"content":{"rendered":"","protected":false},"excerpt":{"rendered":"<p data-pm-slice=\"1 1 []\">Die <strong>Eisenbratpfanne mit silbernem Griff aus der BeSteel-Kollektion von FB Kitchenware<\/strong> wurde f\u00fcr all diejenigen entworfen, die Qualit\u00e4t, Tradition und au\u00dfergew\u00f6hnliche Leistung in der K\u00fcche suchen. Diese handgefertigte italienische Bratpfanne besteht zu 99,45% aus nat\u00fcrlichem Eisen und verbindet auf perfekte Weise \u00e4sthetische Eleganz mit maximaler Funktionalit\u00e4t. <\/p>\n<p>Dank ihrer <strong>Dicke von 2,0 mm<\/strong> sorgt die Pfanne f\u00fcr eine gleichm\u00e4\u00dfige W\u00e4rmeverteilung und erm\u00f6glicht ein <strong>schnelles und effektives Kochen.<\/strong> Sie ist ideal f\u00fcr die Zubereitung von Gerichten, die hohe Temperaturen erfordern, wie z.B. saftige Steaks, gegrilltes Gem\u00fcse und perfekt gebr\u00e4unte Gerichte, wobei Vitamine und N\u00e4hrstoffe maximal erhalten bleiben. Natureisen eignet sich besonders f\u00fcr schnelles Garen bei hohen Temperaturen und bietet Ergebnisse, die mit denen der besten Restaurants vergleichbar sind. <\/p>\n<h3>Was das Paket beinhaltet<\/h3>\n<ul data-start=\"1409\" data-end=\"1556\">\n<li class=\"\" style=\"text-align: left;\" data-start=\"1409\" data-end=\"1458\">\n<p class=\"\" data-start=\"1411\" data-end=\"1458\">1 BeSteel Eisenbratpfanne mit silbernem Griff<\/p>\n<\/li>\n<li class=\"\" style=\"text-align: left;\" data-start=\"1459\" data-end=\"1494\">\n<p class=\"\" data-start=\"1461\" data-end=\"1494\">Betriebs- und Wartungsanleitung<\/p>\n<\/li>\n<li class=\"\" data-start=\"1518\" data-end=\"1556\">\n<p class=\"\" style=\"text-align: left;\" data-start=\"1520\" data-end=\"1556\">Recycelbare und plastikfreie Verpackungen<\/p>\n<\/li>\n<\/ul>\n","protected":false},"featured_media":7670,"template":"","meta":{"_acf_changed":false},"product_brand":[517],"product_cat":[518],"product_tag":[],"class_list":{"0":"post-3679","1":"product","2":"type-product","3":"status-publish","4":"has-post-thumbnail","6":"product_brand-besteel","7":"product_cat-bestenfbkitchenwarepfannen","9":"first","10":"instock","11":"taxable","12":"shipping-taxable","13":"purchasable","14":"product-type-variable"},"acf":[],"yoast_head":"<!-- This site is optimized with the Yoast SEO plugin v27.3 - https:\/\/yoast.com\/product\/yoast-seo-wordpress\/ -->\n<title>BeSteel\u2122 Eisenpfanne mit silbernem Griff | FB Kitchenware - FB Kitchenware<\/title>\n<meta name=\"description\" content=\"Entdecken Sie die FB Kitchenware Eisenpfanne aus der BeSteel Kollektion mit silbernem Griff: ideal f\u00fcr perfekte Steaks, gesundes Kochen und lange Lebensdauer.\" \/>\n<meta name=\"robots\" content=\"index, follow, max-snippet:-1, max-image-preview:large, max-video-preview:-1\" \/>\n<link rel=\"canonical\" href=\"https:\/\/fb-kitchenware.com\/de\/negozio\/besten%e2%80%91fbkitchenware%e2%80%91pfannen\/besteel-eisenpfanne-mit-silbernem-griff-fb-kitchenware\/\" \/>\n<meta property=\"og:locale\" content=\"de_DE\" \/>\n<meta property=\"og:type\" content=\"article\" \/>\n<meta property=\"og:title\" content=\"BeSteel\u2122 Eisenpfanne mit silbernem Griff | FB Kitchenware - FB Kitchenware\" \/>\n<meta property=\"og:description\" content=\"Entdecken Sie die FB Kitchenware Eisenpfanne aus der BeSteel Kollektion mit silbernem Griff: ideal f\u00fcr perfekte Steaks, gesundes Kochen und lange Lebensdauer.\" \/>\n<meta property=\"og:url\" content=\"https:\/\/fb-kitchenware.com\/de\/negozio\/besten%e2%80%91fbkitchenware%e2%80%91pfannen\/besteel-eisenpfanne-mit-silbernem-griff-fb-kitchenware\/\" \/>\n<meta property=\"og:site_name\" content=\"FB Kitchenware\" \/>\n<meta property=\"article:modified_time\" content=\"2025-12-01T00:22:06+00:00\" \/>\n<meta property=\"og:image\" content=\"https:\/\/fb-kitchenware.com\/wp-content\/uploads\/fb-kitchenware-Immagine-11-prodotti-8.png\" \/>\n\t<meta property=\"og:image:width\" content=\"1920\" \/>\n\t<meta property=\"og:image:height\" content=\"1920\" \/>\n\t<meta property=\"og:image:type\" content=\"image\/png\" \/>\n<meta name=\"twitter:card\" content=\"summary_large_image\" \/>\n<script type=\"application\/ld+json\" class=\"yoast-schema-graph\">{\"@context\":\"https:\\\/\\\/schema.org\",\"@graph\":[{\"@type\":\"WebPage\",\"@id\":\"https:\\\/\\\/fb-kitchenware.com\\\/de\\\/negozio\\\/besten%e2%80%91fbkitchenware%e2%80%91pfannen\\\/besteel-eisenpfanne-mit-silbernem-griff-fb-kitchenware\\\/\",\"url\":\"https:\\\/\\\/fb-kitchenware.com\\\/de\\\/negozio\\\/besten%e2%80%91fbkitchenware%e2%80%91pfannen\\\/besteel-eisenpfanne-mit-silbernem-griff-fb-kitchenware\\\/\",\"name\":\"BeSteel\u2122 Eisenpfanne mit silbernem Griff | FB Kitchenware - FB Kitchenware\",\"isPartOf\":{\"@id\":\"https:\\\/\\\/fb-kitchenware.com\\\/de\\\/#website\"},\"primaryImageOfPage\":{\"@id\":\"https:\\\/\\\/fb-kitchenware.com\\\/de\\\/negozio\\\/besten%e2%80%91fbkitchenware%e2%80%91pfannen\\\/besteel-eisenpfanne-mit-silbernem-griff-fb-kitchenware\\\/#primaryimage\"},\"image\":{\"@id\":\"https:\\\/\\\/fb-kitchenware.com\\\/de\\\/negozio\\\/besten%e2%80%91fbkitchenware%e2%80%91pfannen\\\/besteel-eisenpfanne-mit-silbernem-griff-fb-kitchenware\\\/#primaryimage\"},\"thumbnailUrl\":\"https:\\\/\\\/fb-kitchenware.com\\\/wp-content\\\/uploads\\\/Tavola-disegno-11.png\",\"datePublished\":\"2025-04-30T23:17:10+00:00\",\"dateModified\":\"2025-12-01T00:22:06+00:00\",\"description\":\"Entdecken Sie die FB Kitchenware Eisenpfanne aus der BeSteel Kollektion mit silbernem Griff: ideal f\u00fcr perfekte Steaks, gesundes Kochen und lange Lebensdauer.\",\"breadcrumb\":{\"@id\":\"https:\\\/\\\/fb-kitchenware.com\\\/de\\\/negozio\\\/besten%e2%80%91fbkitchenware%e2%80%91pfannen\\\/besteel-eisenpfanne-mit-silbernem-griff-fb-kitchenware\\\/#breadcrumb\"},\"inLanguage\":\"de-DE\",\"potentialAction\":[{\"@type\":\"ReadAction\",\"target\":[\"https:\\\/\\\/fb-kitchenware.com\\\/de\\\/negozio\\\/besten%e2%80%91fbkitchenware%e2%80%91pfannen\\\/besteel-eisenpfanne-mit-silbernem-griff-fb-kitchenware\\\/\"]}]},{\"@type\":\"ImageObject\",\"inLanguage\":\"de-DE\",\"@id\":\"https:\\\/\\\/fb-kitchenware.com\\\/de\\\/negozio\\\/besten%e2%80%91fbkitchenware%e2%80%91pfannen\\\/besteel-eisenpfanne-mit-silbernem-griff-fb-kitchenware\\\/#primaryimage\",\"url\":\"https:\\\/\\\/fb-kitchenware.com\\\/wp-content\\\/uploads\\\/Tavola-disegno-11.png\",\"contentUrl\":\"https:\\\/\\\/fb-kitchenware.com\\\/wp-content\\\/uploads\\\/Tavola-disegno-11.png\",\"width\":596,\"height\":596},{\"@type\":\"BreadcrumbList\",\"@id\":\"https:\\\/\\\/fb-kitchenware.com\\\/de\\\/negozio\\\/besten%e2%80%91fbkitchenware%e2%80%91pfannen\\\/besteel-eisenpfanne-mit-silbernem-griff-fb-kitchenware\\\/#breadcrumb\",\"itemListElement\":[{\"@type\":\"ListItem\",\"position\":1,\"name\":\"Home\",\"item\":\"https:\\\/\\\/fb-kitchenware.com\\\/de\\\/\"},{\"@type\":\"ListItem\",\"position\":2,\"name\":\"BeSteel\u2122 Eisenpfanne mit silbernem Griff | FB Kitchenware\"}]},{\"@type\":\"WebSite\",\"@id\":\"https:\\\/\\\/fb-kitchenware.com\\\/de\\\/#website\",\"url\":\"https:\\\/\\\/fb-kitchenware.com\\\/de\\\/\",\"name\":\"FB Kitchenware\",\"description\":\"\",\"publisher\":{\"@id\":\"https:\\\/\\\/fb-kitchenware.com\\\/de\\\/#organization\"},\"potentialAction\":[{\"@type\":\"SearchAction\",\"target\":{\"@type\":\"EntryPoint\",\"urlTemplate\":\"https:\\\/\\\/fb-kitchenware.com\\\/de\\\/?s={search_term_string}\"},\"query-input\":{\"@type\":\"PropertyValueSpecification\",\"valueRequired\":true,\"valueName\":\"search_term_string\"}}],\"inLanguage\":\"de-DE\"},{\"@type\":\"Organization\",\"@id\":\"https:\\\/\\\/fb-kitchenware.com\\\/de\\\/#organization\",\"name\":\"FB Kitchenware\",\"url\":\"https:\\\/\\\/fb-kitchenware.com\\\/de\\\/\",\"logo\":{\"@type\":\"ImageObject\",\"inLanguage\":\"de-DE\",\"@id\":\"https:\\\/\\\/fb-kitchenware.com\\\/de\\\/#\\\/schema\\\/logo\\\/image\\\/\",\"url\":\"https:\\\/\\\/fb-kitchenware.com\\\/wp-content\\\/uploads\\\/logo_gold.png\",\"contentUrl\":\"https:\\\/\\\/fb-kitchenware.com\\\/wp-content\\\/uploads\\\/logo_gold.png\",\"width\":900,\"height\":900,\"caption\":\"FB Kitchenware\"},\"image\":{\"@id\":\"https:\\\/\\\/fb-kitchenware.com\\\/de\\\/#\\\/schema\\\/logo\\\/image\\\/\"}}]}<\/script>\n<!-- \/ Yoast SEO plugin. -->","yoast_head_json":{"title":"BeSteel\u2122 Eisenpfanne mit silbernem Griff | FB Kitchenware - FB Kitchenware","description":"Entdecken Sie die FB Kitchenware Eisenpfanne aus der BeSteel Kollektion mit silbernem Griff: ideal f\u00fcr perfekte Steaks, gesundes Kochen und lange Lebensdauer.","robots":{"index":"index","follow":"follow","max-snippet":"max-snippet:-1","max-image-preview":"max-image-preview:large","max-video-preview":"max-video-preview:-1"},"canonical":"https:\/\/fb-kitchenware.com\/de\/negozio\/besten%e2%80%91fbkitchenware%e2%80%91pfannen\/besteel-eisenpfanne-mit-silbernem-griff-fb-kitchenware\/","og_locale":"de_DE","og_type":"article","og_title":"BeSteel\u2122 Eisenpfanne mit silbernem Griff | FB Kitchenware - FB Kitchenware","og_description":"Entdecken Sie die FB Kitchenware Eisenpfanne aus der BeSteel Kollektion mit silbernem Griff: ideal f\u00fcr perfekte Steaks, gesundes Kochen und lange Lebensdauer.","og_url":"https:\/\/fb-kitchenware.com\/de\/negozio\/besten%e2%80%91fbkitchenware%e2%80%91pfannen\/besteel-eisenpfanne-mit-silbernem-griff-fb-kitchenware\/","og_site_name":"FB Kitchenware","article_modified_time":"2025-12-01T00:22:06+00:00","og_image":[{"width":1920,"height":1920,"url":"https:\/\/fb-kitchenware.com\/wp-content\/uploads\/fb-kitchenware-Immagine-11-prodotti-8.png","type":"image\/png"}],"twitter_card":"summary_large_image","schema":{"@context":"https:\/\/schema.org","@graph":[{"@type":"WebPage","@id":"https:\/\/fb-kitchenware.com\/de\/negozio\/besten%e2%80%91fbkitchenware%e2%80%91pfannen\/besteel-eisenpfanne-mit-silbernem-griff-fb-kitchenware\/","url":"https:\/\/fb-kitchenware.com\/de\/negozio\/besten%e2%80%91fbkitchenware%e2%80%91pfannen\/besteel-eisenpfanne-mit-silbernem-griff-fb-kitchenware\/","name":"BeSteel\u2122 Eisenpfanne mit silbernem Griff | FB Kitchenware - FB Kitchenware","isPartOf":{"@id":"https:\/\/fb-kitchenware.com\/de\/#website"},"primaryImageOfPage":{"@id":"https:\/\/fb-kitchenware.com\/de\/negozio\/besten%e2%80%91fbkitchenware%e2%80%91pfannen\/besteel-eisenpfanne-mit-silbernem-griff-fb-kitchenware\/#primaryimage"},"image":{"@id":"https:\/\/fb-kitchenware.com\/de\/negozio\/besten%e2%80%91fbkitchenware%e2%80%91pfannen\/besteel-eisenpfanne-mit-silbernem-griff-fb-kitchenware\/#primaryimage"},"thumbnailUrl":"https:\/\/fb-kitchenware.com\/wp-content\/uploads\/Tavola-disegno-11.png","datePublished":"2025-04-30T23:17:10+00:00","dateModified":"2025-12-01T00:22:06+00:00","description":"Entdecken Sie die FB Kitchenware Eisenpfanne aus der BeSteel Kollektion mit silbernem Griff: ideal f\u00fcr perfekte Steaks, gesundes Kochen und lange Lebensdauer.","breadcrumb":{"@id":"https:\/\/fb-kitchenware.com\/de\/negozio\/besten%e2%80%91fbkitchenware%e2%80%91pfannen\/besteel-eisenpfanne-mit-silbernem-griff-fb-kitchenware\/#breadcrumb"},"inLanguage":"de-DE","potentialAction":[{"@type":"ReadAction","target":["https:\/\/fb-kitchenware.com\/de\/negozio\/besten%e2%80%91fbkitchenware%e2%80%91pfannen\/besteel-eisenpfanne-mit-silbernem-griff-fb-kitchenware\/"]}]},{"@type":"ImageObject","inLanguage":"de-DE","@id":"https:\/\/fb-kitchenware.com\/de\/negozio\/besten%e2%80%91fbkitchenware%e2%80%91pfannen\/besteel-eisenpfanne-mit-silbernem-griff-fb-kitchenware\/#primaryimage","url":"https:\/\/fb-kitchenware.com\/wp-content\/uploads\/Tavola-disegno-11.png","contentUrl":"https:\/\/fb-kitchenware.com\/wp-content\/uploads\/Tavola-disegno-11.png","width":596,"height":596},{"@type":"BreadcrumbList","@id":"https:\/\/fb-kitchenware.com\/de\/negozio\/besten%e2%80%91fbkitchenware%e2%80%91pfannen\/besteel-eisenpfanne-mit-silbernem-griff-fb-kitchenware\/#breadcrumb","itemListElement":[{"@type":"ListItem","position":1,"name":"Home","item":"https:\/\/fb-kitchenware.com\/de\/"},{"@type":"ListItem","position":2,"name":"BeSteel\u2122 Eisenpfanne mit silbernem Griff | FB Kitchenware"}]},{"@type":"WebSite","@id":"https:\/\/fb-kitchenware.com\/de\/#website","url":"https:\/\/fb-kitchenware.com\/de\/","name":"FB Kitchenware","description":"","publisher":{"@id":"https:\/\/fb-kitchenware.com\/de\/#organization"},"potentialAction":[{"@type":"SearchAction","target":{"@type":"EntryPoint","urlTemplate":"https:\/\/fb-kitchenware.com\/de\/?s={search_term_string}"},"query-input":{"@type":"PropertyValueSpecification","valueRequired":true,"valueName":"search_term_string"}}],"inLanguage":"de-DE"},{"@type":"Organization","@id":"https:\/\/fb-kitchenware.com\/de\/#organization","name":"FB Kitchenware","url":"https:\/\/fb-kitchenware.com\/de\/","logo":{"@type":"ImageObject","inLanguage":"de-DE","@id":"https:\/\/fb-kitchenware.com\/de\/#\/schema\/logo\/image\/","url":"https:\/\/fb-kitchenware.com\/wp-content\/uploads\/logo_gold.png","contentUrl":"https:\/\/fb-kitchenware.com\/wp-content\/uploads\/logo_gold.png","width":900,"height":900,"caption":"FB Kitchenware"},"image":{"@id":"https:\/\/fb-kitchenware.com\/de\/#\/schema\/logo\/image\/"}}]}},"_links":{"self":[{"href":"https:\/\/fb-kitchenware.com\/de\/wp-json\/wp\/v2\/product\/3679","targetHints":{"allow":["GET"]}}],"collection":[{"href":"https:\/\/fb-kitchenware.com\/de\/wp-json\/wp\/v2\/product"}],"about":[{"href":"https:\/\/fb-kitchenware.com\/de\/wp-json\/wp\/v2\/types\/product"}],"wp:featuredmedia":[{"embeddable":true,"href":"https:\/\/fb-kitchenware.com\/de\/wp-json\/wp\/v2\/media\/7670"}],"wp:attachment":[{"href":"https:\/\/fb-kitchenware.com\/de\/wp-json\/wp\/v2\/media?parent=3679"}],"wp:term":[{"taxonomy":"product_brand","embeddable":true,"href":"https:\/\/fb-kitchenware.com\/de\/wp-json\/wp\/v2\/product_brand?post=3679"},{"taxonomy":"product_cat","embeddable":true,"href":"https:\/\/fb-kitchenware.com\/de\/wp-json\/wp\/v2\/product_cat?post=3679"},{"taxonomy":"product_tag","embeddable":true,"href":"https:\/\/fb-kitchenware.com\/de\/wp-json\/wp\/v2\/product_tag?post=3679"}],"curies":[{"name":"wp","href":"https:\/\/api.w.org\/{rel}","templated":true}]}}