{"id":3691,"date":"2025-05-01T01:17:10","date_gmt":"2025-04-30T23:17:10","guid":{"rendered":"https:\/\/fb-kitchenware.com\/negozio\/uncategorized\/25-mm-besteel-eisenbratpfanne-mit-satiniertem-griff-fb-kitchenware\/"},"modified":"2025-12-01T01:22:03","modified_gmt":"2025-12-01T00:22:03","slug":"25-mm-besteel-eisenbratpfanne-mit-satiniertem-griff-fb-kitchenware","status":"publish","type":"product","link":"https:\/\/fb-kitchenware.com\/de\/negozio\/besten%e2%80%91fbkitchenware%e2%80%91pfannen\/25-mm-besteel-eisenbratpfanne-mit-satiniertem-griff-fb-kitchenware\/","title":{"rendered":"2,5 mm BeSteel\u2122 Eisenbratpfanne mit satiniertem Griff | FB Kitchenware"},"content":{"rendered":"<h3 data-start=\"655\" data-end=\"719\"><strong data-start=\"659\" data-end=\"719\">Authentizit\u00e4t, Haltbarkeit und nat\u00fcrlicher Geschmack bei jeder Zubereitung<\/strong><\/h3>\n<p data-start=\"721\" data-end=\"1263\">Die <strong data-start=\"724\" data-end=\"779\">BeSteel 2,5 mm Eisenbratpfanne mit satiniertem Griff<\/strong> wurde f\u00fcr alle entwickelt, die ein authentisches, professionelles und nachhaltiges Kocherlebnis suchen. Sie besteht aus <strong data-start=\"882\" data-end=\"905\">100 % nat\u00fcrlichem Eisen<\/strong> und ist ideal zum Grillen, Anbraten und zur Verst\u00e4rkung des urspr\u00fcnglichen Geschmacks von Speisen. Dank seiner Dicke von 2,5 mm sorgt es f\u00fcr eine gleichm\u00e4\u00dfige W\u00e4rmeverteilung und eine gleichbleibende Leistung \u00fcber lange Zeit. Ohne chemische Beschichtungen oder sch\u00e4dliche Materialien verl\u00e4sst sich diese Pfanne ausschlie\u00dflich auf die Qualit\u00e4t des Eisens und eine nat\u00fcrliche Behandlung auf \u00d6lbasis, die mit der Zeit immer besser wird.   <\/p>\n<h4 data-start=\"1265\" data-end=\"1321\"><\/h4>\n","protected":false},"excerpt":{"rendered":"<h3 class=\"\" style=\"text-align: left;\" data-start=\"655\" data-end=\"719\"><strong data-start=\"659\" data-end=\"719\">Authentizit\u00e4t, Haltbarkeit und nat\u00fcrlicher Geschmack bei jeder Zubereitung<\/strong><\/h3>\n<p class=\"\" data-start=\"245\" data-end=\"770\">Die <strong data-start=\"248\" data-end=\"303\">BeSteel 2,5 mm Eisenpfanne mit satiniertem Griff<\/strong> ist die ideale Wahl f\u00fcr alle, die ein nat\u00fcrliches, nachhaltiges und leistungsstarkes Kochwerkzeug suchen. Sie besteht zu <g id=\"gid_1\">99,45% aus nat\u00fcrlichem, mineralischem Eisen<\/g>, ist frei von chemischen Beschichtungen und so konzipiert, dass sie Sie jahrelang in der K\u00fcche begleitet und mit jedem Gebrauch besser wird. Im Gegensatz zu gew\u00f6hnlichen Antihaft-Pfannen, die mit der Zeit an Wirksamkeit verlieren, wird diese Pfanne immer <strong data-start=\"678\" data-end=\"712\">besser<\/strong>: Je \u00f6fter Sie sie benutzen, desto dunkler wird sie und desto weniger kleben die Speisen an.  <\/p>\n<p class=\"\" data-start=\"772\" data-end=\"1310\">Eisen ist bei Profik\u00f6chen und Enthusiasten aus einem einfachen Grund eines der beliebtesten Materialien: <strong data-start=\"882\" data-end=\"937\">Es garantiert kraftvolles, trockenes und schmackhaftes Kochen<\/strong>. Mit der BeSteel Eisenpfanne k\u00f6nnen Sie <strong data-start=\"979\" data-end=\"1025\">in kurzer Zeit hohe Temperaturen erreichen<\/strong>. Sie eignet sich daher perfekt zum Grillen von Fleisch, zum Garen von Steaks, die au\u00dfen knusprig und innen saftig sind, oder zum Erzielen einer tadellosen Br\u00e4unung von Gem\u00fcse und Fisch. Und das alles, ohne die N\u00e4hrwerte der Lebensmittel zu beeintr\u00e4chtigen, dank der gleichm\u00e4\u00dfigen und stabilen W\u00e4rme\u00fcbertragung.  <\/p>\n<h4 class=\"\" style=\"text-align: left;\" data-start=\"1780\" data-end=\"1815\"><strong data-start=\"1785\" data-end=\"1815\">Was das Paket beinhaltet<\/strong><\/h4>\n<ul>\n<li data-start=\"1818\" data-end=\"1895\">1 BeSteel 2,5 mm Bratpfanne (erh\u00e4ltlich in den Durchmessern 20, 22. 24, 26 und 28 cm)<\/li>\n<li>1 Staubbeutel<\/li>\n<li>1 Benutzer-, Pflege- und Wartungshandbuch<\/li>\n<\/ul>\n<h4 class=\"\" style=\"text-align: left;\" data-start=\"1265\" data-end=\"1321\"><\/h4>\n","protected":false},"featured_media":7674,"template":"","meta":{"_acf_changed":false},"product_brand":[517],"product_cat":[518],"product_tag":[],"class_list":{"0":"post-3691","1":"product","2":"type-product","3":"status-publish","4":"has-post-thumbnail","6":"product_brand-besteel","7":"product_cat-bestenfbkitchenwarepfannen","9":"first","10":"instock","11":"taxable","12":"shipping-taxable","13":"purchasable","14":"product-type-variable"},"acf":[],"yoast_head":"<!-- This site is optimized with the Yoast SEO plugin v27.3 - https:\/\/yoast.com\/product\/yoast-seo-wordpress\/ -->\n<title>BeSteel Eisen Bratpfanne mit satiniertem Griff | FB Kitchenware<\/title>\n<meta name=\"description\" content=\"Entdecken Sie die BeSteel 2,5 mm Eisenbratpfanne mit satiniertem Griff: nat\u00fcrlich, ohne chemische Beschichtungen, perfekt f\u00fcr Steaks und Grillgerichte.\" \/>\n<meta name=\"robots\" content=\"index, follow, max-snippet:-1, max-image-preview:large, max-video-preview:-1\" \/>\n<link rel=\"canonical\" href=\"https:\/\/fb-kitchenware.com\/de\/negozio\/besten%e2%80%91fbkitchenware%e2%80%91pfannen\/25-mm-besteel-eisenbratpfanne-mit-satiniertem-griff-fb-kitchenware\/\" \/>\n<meta property=\"og:locale\" content=\"de_DE\" \/>\n<meta property=\"og:type\" content=\"article\" \/>\n<meta property=\"og:title\" content=\"BeSteel Eisen Bratpfanne mit satiniertem Griff | FB Kitchenware\" \/>\n<meta property=\"og:description\" content=\"Entdecken Sie die BeSteel 2,5 mm Eisenbratpfanne mit satiniertem Griff: nat\u00fcrlich, ohne chemische Beschichtungen, perfekt f\u00fcr Steaks und Grillgerichte.\" \/>\n<meta property=\"og:url\" content=\"https:\/\/fb-kitchenware.com\/de\/negozio\/besten%e2%80%91fbkitchenware%e2%80%91pfannen\/25-mm-besteel-eisenbratpfanne-mit-satiniertem-griff-fb-kitchenware\/\" \/>\n<meta property=\"og:site_name\" content=\"FB Kitchenware\" \/>\n<meta property=\"article:modified_time\" content=\"2025-12-01T00:22:03+00:00\" \/>\n<meta property=\"og:image\" content=\"https:\/\/fb-kitchenware.com\/wp-content\/uploads\/fb-kitchenware-Immagine-11-prodotti-7.png\" \/>\n\t<meta property=\"og:image:width\" content=\"1920\" \/>\n\t<meta property=\"og:image:height\" content=\"1920\" \/>\n\t<meta property=\"og:image:type\" content=\"image\/png\" \/>\n<meta name=\"twitter:card\" content=\"summary_large_image\" \/>\n<meta name=\"twitter:label1\" content=\"Est. reading time\" \/>\n\t<meta name=\"twitter:data1\" content=\"1 minute\" \/>\n<script type=\"application\/ld+json\" class=\"yoast-schema-graph\">{\"@context\":\"https:\\\/\\\/schema.org\",\"@graph\":[{\"@type\":\"WebPage\",\"@id\":\"https:\\\/\\\/fb-kitchenware.com\\\/de\\\/negozio\\\/besten%e2%80%91fbkitchenware%e2%80%91pfannen\\\/25-mm-besteel-eisenbratpfanne-mit-satiniertem-griff-fb-kitchenware\\\/\",\"url\":\"https:\\\/\\\/fb-kitchenware.com\\\/de\\\/negozio\\\/besten%e2%80%91fbkitchenware%e2%80%91pfannen\\\/25-mm-besteel-eisenbratpfanne-mit-satiniertem-griff-fb-kitchenware\\\/\",\"name\":\"BeSteel Eisen Bratpfanne mit satiniertem Griff | FB Kitchenware\",\"isPartOf\":{\"@id\":\"https:\\\/\\\/fb-kitchenware.com\\\/de\\\/#website\"},\"primaryImageOfPage\":{\"@id\":\"https:\\\/\\\/fb-kitchenware.com\\\/de\\\/negozio\\\/besten%e2%80%91fbkitchenware%e2%80%91pfannen\\\/25-mm-besteel-eisenbratpfanne-mit-satiniertem-griff-fb-kitchenware\\\/#primaryimage\"},\"image\":{\"@id\":\"https:\\\/\\\/fb-kitchenware.com\\\/de\\\/negozio\\\/besten%e2%80%91fbkitchenware%e2%80%91pfannen\\\/25-mm-besteel-eisenbratpfanne-mit-satiniertem-griff-fb-kitchenware\\\/#primaryimage\"},\"thumbnailUrl\":\"https:\\\/\\\/fb-kitchenware.com\\\/wp-content\\\/uploads\\\/Tavola-disegno-10.png\",\"datePublished\":\"2025-04-30T23:17:10+00:00\",\"dateModified\":\"2025-12-01T00:22:03+00:00\",\"description\":\"Entdecken Sie die BeSteel 2,5 mm Eisenbratpfanne mit satiniertem Griff: nat\u00fcrlich, ohne chemische Beschichtungen, perfekt f\u00fcr Steaks und Grillgerichte.\",\"breadcrumb\":{\"@id\":\"https:\\\/\\\/fb-kitchenware.com\\\/de\\\/negozio\\\/besten%e2%80%91fbkitchenware%e2%80%91pfannen\\\/25-mm-besteel-eisenbratpfanne-mit-satiniertem-griff-fb-kitchenware\\\/#breadcrumb\"},\"inLanguage\":\"de-DE\",\"potentialAction\":[{\"@type\":\"ReadAction\",\"target\":[\"https:\\\/\\\/fb-kitchenware.com\\\/de\\\/negozio\\\/besten%e2%80%91fbkitchenware%e2%80%91pfannen\\\/25-mm-besteel-eisenbratpfanne-mit-satiniertem-griff-fb-kitchenware\\\/\"]}]},{\"@type\":\"ImageObject\",\"inLanguage\":\"de-DE\",\"@id\":\"https:\\\/\\\/fb-kitchenware.com\\\/de\\\/negozio\\\/besten%e2%80%91fbkitchenware%e2%80%91pfannen\\\/25-mm-besteel-eisenbratpfanne-mit-satiniertem-griff-fb-kitchenware\\\/#primaryimage\",\"url\":\"https:\\\/\\\/fb-kitchenware.com\\\/wp-content\\\/uploads\\\/Tavola-disegno-10.png\",\"contentUrl\":\"https:\\\/\\\/fb-kitchenware.com\\\/wp-content\\\/uploads\\\/Tavola-disegno-10.png\",\"width\":596,\"height\":596},{\"@type\":\"BreadcrumbList\",\"@id\":\"https:\\\/\\\/fb-kitchenware.com\\\/de\\\/negozio\\\/besten%e2%80%91fbkitchenware%e2%80%91pfannen\\\/25-mm-besteel-eisenbratpfanne-mit-satiniertem-griff-fb-kitchenware\\\/#breadcrumb\",\"itemListElement\":[{\"@type\":\"ListItem\",\"position\":1,\"name\":\"Home\",\"item\":\"https:\\\/\\\/fb-kitchenware.com\\\/de\\\/\"},{\"@type\":\"ListItem\",\"position\":2,\"name\":\"2,5 mm BeSteel\u2122 Eisenbratpfanne mit satiniertem Griff | FB Kitchenware\"}]},{\"@type\":\"WebSite\",\"@id\":\"https:\\\/\\\/fb-kitchenware.com\\\/de\\\/#website\",\"url\":\"https:\\\/\\\/fb-kitchenware.com\\\/de\\\/\",\"name\":\"FB Kitchenware\",\"description\":\"\",\"publisher\":{\"@id\":\"https:\\\/\\\/fb-kitchenware.com\\\/de\\\/#organization\"},\"potentialAction\":[{\"@type\":\"SearchAction\",\"target\":{\"@type\":\"EntryPoint\",\"urlTemplate\":\"https:\\\/\\\/fb-kitchenware.com\\\/de\\\/?s={search_term_string}\"},\"query-input\":{\"@type\":\"PropertyValueSpecification\",\"valueRequired\":true,\"valueName\":\"search_term_string\"}}],\"inLanguage\":\"de-DE\"},{\"@type\":\"Organization\",\"@id\":\"https:\\\/\\\/fb-kitchenware.com\\\/de\\\/#organization\",\"name\":\"FB Kitchenware\",\"url\":\"https:\\\/\\\/fb-kitchenware.com\\\/de\\\/\",\"logo\":{\"@type\":\"ImageObject\",\"inLanguage\":\"de-DE\",\"@id\":\"https:\\\/\\\/fb-kitchenware.com\\\/de\\\/#\\\/schema\\\/logo\\\/image\\\/\",\"url\":\"https:\\\/\\\/fb-kitchenware.com\\\/wp-content\\\/uploads\\\/logo_gold.png\",\"contentUrl\":\"https:\\\/\\\/fb-kitchenware.com\\\/wp-content\\\/uploads\\\/logo_gold.png\",\"width\":900,\"height\":900,\"caption\":\"FB Kitchenware\"},\"image\":{\"@id\":\"https:\\\/\\\/fb-kitchenware.com\\\/de\\\/#\\\/schema\\\/logo\\\/image\\\/\"}}]}<\/script>\n<!-- \/ Yoast SEO plugin. -->","yoast_head_json":{"title":"BeSteel Eisen Bratpfanne mit satiniertem Griff | FB Kitchenware","description":"Entdecken Sie die BeSteel 2,5 mm Eisenbratpfanne mit satiniertem Griff: nat\u00fcrlich, ohne chemische Beschichtungen, perfekt f\u00fcr Steaks und Grillgerichte.","robots":{"index":"index","follow":"follow","max-snippet":"max-snippet:-1","max-image-preview":"max-image-preview:large","max-video-preview":"max-video-preview:-1"},"canonical":"https:\/\/fb-kitchenware.com\/de\/negozio\/besten%e2%80%91fbkitchenware%e2%80%91pfannen\/25-mm-besteel-eisenbratpfanne-mit-satiniertem-griff-fb-kitchenware\/","og_locale":"de_DE","og_type":"article","og_title":"BeSteel Eisen Bratpfanne mit satiniertem Griff | FB Kitchenware","og_description":"Entdecken Sie die BeSteel 2,5 mm Eisenbratpfanne mit satiniertem Griff: nat\u00fcrlich, ohne chemische Beschichtungen, perfekt f\u00fcr Steaks und Grillgerichte.","og_url":"https:\/\/fb-kitchenware.com\/de\/negozio\/besten%e2%80%91fbkitchenware%e2%80%91pfannen\/25-mm-besteel-eisenbratpfanne-mit-satiniertem-griff-fb-kitchenware\/","og_site_name":"FB Kitchenware","article_modified_time":"2025-12-01T00:22:03+00:00","og_image":[{"width":1920,"height":1920,"url":"https:\/\/fb-kitchenware.com\/wp-content\/uploads\/fb-kitchenware-Immagine-11-prodotti-7.png","type":"image\/png"}],"twitter_card":"summary_large_image","twitter_misc":{"Est. reading time":"1 minute"},"schema":{"@context":"https:\/\/schema.org","@graph":[{"@type":"WebPage","@id":"https:\/\/fb-kitchenware.com\/de\/negozio\/besten%e2%80%91fbkitchenware%e2%80%91pfannen\/25-mm-besteel-eisenbratpfanne-mit-satiniertem-griff-fb-kitchenware\/","url":"https:\/\/fb-kitchenware.com\/de\/negozio\/besten%e2%80%91fbkitchenware%e2%80%91pfannen\/25-mm-besteel-eisenbratpfanne-mit-satiniertem-griff-fb-kitchenware\/","name":"BeSteel Eisen Bratpfanne mit satiniertem Griff | FB Kitchenware","isPartOf":{"@id":"https:\/\/fb-kitchenware.com\/de\/#website"},"primaryImageOfPage":{"@id":"https:\/\/fb-kitchenware.com\/de\/negozio\/besten%e2%80%91fbkitchenware%e2%80%91pfannen\/25-mm-besteel-eisenbratpfanne-mit-satiniertem-griff-fb-kitchenware\/#primaryimage"},"image":{"@id":"https:\/\/fb-kitchenware.com\/de\/negozio\/besten%e2%80%91fbkitchenware%e2%80%91pfannen\/25-mm-besteel-eisenbratpfanne-mit-satiniertem-griff-fb-kitchenware\/#primaryimage"},"thumbnailUrl":"https:\/\/fb-kitchenware.com\/wp-content\/uploads\/Tavola-disegno-10.png","datePublished":"2025-04-30T23:17:10+00:00","dateModified":"2025-12-01T00:22:03+00:00","description":"Entdecken Sie die BeSteel 2,5 mm Eisenbratpfanne mit satiniertem Griff: nat\u00fcrlich, ohne chemische Beschichtungen, perfekt f\u00fcr Steaks und Grillgerichte.","breadcrumb":{"@id":"https:\/\/fb-kitchenware.com\/de\/negozio\/besten%e2%80%91fbkitchenware%e2%80%91pfannen\/25-mm-besteel-eisenbratpfanne-mit-satiniertem-griff-fb-kitchenware\/#breadcrumb"},"inLanguage":"de-DE","potentialAction":[{"@type":"ReadAction","target":["https:\/\/fb-kitchenware.com\/de\/negozio\/besten%e2%80%91fbkitchenware%e2%80%91pfannen\/25-mm-besteel-eisenbratpfanne-mit-satiniertem-griff-fb-kitchenware\/"]}]},{"@type":"ImageObject","inLanguage":"de-DE","@id":"https:\/\/fb-kitchenware.com\/de\/negozio\/besten%e2%80%91fbkitchenware%e2%80%91pfannen\/25-mm-besteel-eisenbratpfanne-mit-satiniertem-griff-fb-kitchenware\/#primaryimage","url":"https:\/\/fb-kitchenware.com\/wp-content\/uploads\/Tavola-disegno-10.png","contentUrl":"https:\/\/fb-kitchenware.com\/wp-content\/uploads\/Tavola-disegno-10.png","width":596,"height":596},{"@type":"BreadcrumbList","@id":"https:\/\/fb-kitchenware.com\/de\/negozio\/besten%e2%80%91fbkitchenware%e2%80%91pfannen\/25-mm-besteel-eisenbratpfanne-mit-satiniertem-griff-fb-kitchenware\/#breadcrumb","itemListElement":[{"@type":"ListItem","position":1,"name":"Home","item":"https:\/\/fb-kitchenware.com\/de\/"},{"@type":"ListItem","position":2,"name":"2,5 mm BeSteel\u2122 Eisenbratpfanne mit satiniertem Griff | FB Kitchenware"}]},{"@type":"WebSite","@id":"https:\/\/fb-kitchenware.com\/de\/#website","url":"https:\/\/fb-kitchenware.com\/de\/","name":"FB Kitchenware","description":"","publisher":{"@id":"https:\/\/fb-kitchenware.com\/de\/#organization"},"potentialAction":[{"@type":"SearchAction","target":{"@type":"EntryPoint","urlTemplate":"https:\/\/fb-kitchenware.com\/de\/?s={search_term_string}"},"query-input":{"@type":"PropertyValueSpecification","valueRequired":true,"valueName":"search_term_string"}}],"inLanguage":"de-DE"},{"@type":"Organization","@id":"https:\/\/fb-kitchenware.com\/de\/#organization","name":"FB Kitchenware","url":"https:\/\/fb-kitchenware.com\/de\/","logo":{"@type":"ImageObject","inLanguage":"de-DE","@id":"https:\/\/fb-kitchenware.com\/de\/#\/schema\/logo\/image\/","url":"https:\/\/fb-kitchenware.com\/wp-content\/uploads\/logo_gold.png","contentUrl":"https:\/\/fb-kitchenware.com\/wp-content\/uploads\/logo_gold.png","width":900,"height":900,"caption":"FB Kitchenware"},"image":{"@id":"https:\/\/fb-kitchenware.com\/de\/#\/schema\/logo\/image\/"}}]}},"_links":{"self":[{"href":"https:\/\/fb-kitchenware.com\/de\/wp-json\/wp\/v2\/product\/3691","targetHints":{"allow":["GET"]}}],"collection":[{"href":"https:\/\/fb-kitchenware.com\/de\/wp-json\/wp\/v2\/product"}],"about":[{"href":"https:\/\/fb-kitchenware.com\/de\/wp-json\/wp\/v2\/types\/product"}],"wp:featuredmedia":[{"embeddable":true,"href":"https:\/\/fb-kitchenware.com\/de\/wp-json\/wp\/v2\/media\/7674"}],"wp:attachment":[{"href":"https:\/\/fb-kitchenware.com\/de\/wp-json\/wp\/v2\/media?parent=3691"}],"wp:term":[{"taxonomy":"product_brand","embeddable":true,"href":"https:\/\/fb-kitchenware.com\/de\/wp-json\/wp\/v2\/product_brand?post=3691"},{"taxonomy":"product_cat","embeddable":true,"href":"https:\/\/fb-kitchenware.com\/de\/wp-json\/wp\/v2\/product_cat?post=3691"},{"taxonomy":"product_tag","embeddable":true,"href":"https:\/\/fb-kitchenware.com\/de\/wp-json\/wp\/v2\/product_tag?post=3691"}],"curies":[{"name":"wp","href":"https:\/\/api.w.org\/{rel}","templated":true}]}}