{"id":4739,"date":"2025-08-26T11:45:37","date_gmt":"2025-08-26T09:45:37","guid":{"rendered":"https:\/\/fb-kitchenware.com\/negozio\/unkategorisiert\/edelstahl-ruehrschuesseln-set-silverbowl-fb-kitchenware\/"},"modified":"2025-12-01T01:22:02","modified_gmt":"2025-12-01T00:22:02","slug":"edelstahl-ruehrschuesseln-set-silverbowl-fb-kitchenware","status":"publish","type":"product","link":"https:\/\/fb-kitchenware.com\/de\/negozio\/kuchenutensilien\/anruhrschusseln\/edelstahl-ruehrschuesseln-set-silverbowl-fb-kitchenware\/","title":{"rendered":"Edelstahl R\u00fchrsch\u00fcsseln Set SilverBowl | FB Kitchenware"},"content":{"rendered":"","protected":false},"excerpt":{"rendered":"<p data-start=\"339\" data-end=\"778\">Bringen Sie maximalen Komfort in Ihre K\u00fcche mit dem <strong data-start=\"389\" data-end=\"445\">AISI 304 SilverBowl R\u00fchrsch\u00fcsselset aus Edelstahl.<\/strong> Drei <strong data-start=\"451\" data-end=\"483\">hochwertige<\/strong>, langlebige, hygienische und stapelbare <strong data-start=\"451\" data-end=\"483\">Edelstahlsch\u00fcsseln<\/strong>, ideal zum Mischen, Kneten, Marinieren und Aufbewahren. <\/p>\n<p data-start=\"339\" data-end=\"778\">Perfekt sowohl in der K\u00fcche als auch als unverzichtbares Zubeh\u00f6r f\u00fcr den Grill, mit einer <strong data-start=\"651\" data-end=\"677\">internen Skala<\/strong> f\u00fcr pr\u00e4zise Messungen.<\/p>\n","protected":false},"featured_media":7311,"template":"","meta":{"_acf_changed":false},"product_brand":[551],"product_cat":[633,616,677],"product_tag":[],"class_list":{"0":"post-4739","1":"product","2":"type-product","3":"status-publish","4":"has-post-thumbnail","6":"product_brand-bbq-tools-fb-kitchenware","7":"product_cat-anruhrschusseln","8":"product_cat-bbq","9":"product_cat-perfekt-gebraten","11":"first","12":"instock","13":"taxable","14":"shipping-taxable","15":"purchasable","16":"product-type-simple"},"acf":[],"yoast_head":"<!-- This site is optimized with the Yoast SEO plugin v27.3 - https:\/\/yoast.com\/product\/yoast-seo-wordpress\/ -->\n<title>Edelstahl R\u00fchrsch\u00fcsseln Set SilverBowl | FB Kitchenware - FB Kitchenware<\/title>\n<meta name=\"robots\" content=\"index, follow, max-snippet:-1, max-image-preview:large, max-video-preview:-1\" \/>\n<link rel=\"canonical\" href=\"https:\/\/fb-kitchenware.com\/de\/negozio\/kuchenutensilien\/anruhrschusseln\/edelstahl-ruehrschuesseln-set-silverbowl-fb-kitchenware\/\" \/>\n<meta property=\"og:locale\" content=\"de_DE\" \/>\n<meta property=\"og:type\" content=\"article\" \/>\n<meta property=\"og:title\" content=\"Edelstahl R\u00fchrsch\u00fcsseln Set SilverBowl | FB Kitchenware - FB Kitchenware\" \/>\n<meta property=\"og:description\" content=\"Bringen Sie maximalen Komfort in Ihre K\u00fcche mit dem AISI 304 SilverBowl R\u00fchrsch\u00fcsselset aus Edelstahl. Drei hochwertige, langlebige, hygienische und stapelbare Edelstahlsch\u00fcsseln, ideal zum Mischen, Kneten, Marinieren und Aufbewahren. Perfekt sowohl in der K\u00fcche als auch als unverzichtbares Zubeh\u00f6r f\u00fcr den Grill, mit einer internen Skala f\u00fcr pr\u00e4zise Messungen.\" \/>\n<meta property=\"og:url\" content=\"https:\/\/fb-kitchenware.com\/de\/negozio\/kuchenutensilien\/anruhrschusseln\/edelstahl-ruehrschuesseln-set-silverbowl-fb-kitchenware\/\" \/>\n<meta property=\"og:site_name\" content=\"FB Kitchenware\" \/>\n<meta property=\"article:modified_time\" content=\"2025-12-01T00:22:02+00:00\" \/>\n<meta property=\"og:image\" content=\"https:\/\/fb-kitchenware.com\/wp-content\/uploads\/DSC8721-Edit-copia-2.jpg\" \/>\n\t<meta property=\"og:image:width\" content=\"1920\" \/>\n\t<meta property=\"og:image:height\" content=\"1920\" \/>\n\t<meta property=\"og:image:type\" content=\"image\/jpeg\" \/>\n<meta name=\"twitter:card\" content=\"summary_large_image\" \/>\n<script type=\"application\/ld+json\" class=\"yoast-schema-graph\">{\"@context\":\"https:\\\/\\\/schema.org\",\"@graph\":[{\"@type\":\"WebPage\",\"@id\":\"https:\\\/\\\/fb-kitchenware.com\\\/de\\\/negozio\\\/kuchenutensilien\\\/anruhrschusseln\\\/edelstahl-ruehrschuesseln-set-silverbowl-fb-kitchenware\\\/\",\"url\":\"https:\\\/\\\/fb-kitchenware.com\\\/de\\\/negozio\\\/kuchenutensilien\\\/anruhrschusseln\\\/edelstahl-ruehrschuesseln-set-silverbowl-fb-kitchenware\\\/\",\"name\":\"Edelstahl R\u00fchrsch\u00fcsseln Set SilverBowl | FB Kitchenware - FB Kitchenware\",\"isPartOf\":{\"@id\":\"https:\\\/\\\/fb-kitchenware.com\\\/de\\\/#website\"},\"primaryImageOfPage\":{\"@id\":\"https:\\\/\\\/fb-kitchenware.com\\\/de\\\/negozio\\\/kuchenutensilien\\\/anruhrschusseln\\\/edelstahl-ruehrschuesseln-set-silverbowl-fb-kitchenware\\\/#primaryimage\"},\"image\":{\"@id\":\"https:\\\/\\\/fb-kitchenware.com\\\/de\\\/negozio\\\/kuchenutensilien\\\/anruhrschusseln\\\/edelstahl-ruehrschuesseln-set-silverbowl-fb-kitchenware\\\/#primaryimage\"},\"thumbnailUrl\":\"https:\\\/\\\/fb-kitchenware.com\\\/wp-content\\\/uploads\\\/DSC8721-Edit-copia-2-1.jpg\",\"datePublished\":\"2025-08-26T09:45:37+00:00\",\"dateModified\":\"2025-12-01T00:22:02+00:00\",\"breadcrumb\":{\"@id\":\"https:\\\/\\\/fb-kitchenware.com\\\/de\\\/negozio\\\/kuchenutensilien\\\/anruhrschusseln\\\/edelstahl-ruehrschuesseln-set-silverbowl-fb-kitchenware\\\/#breadcrumb\"},\"inLanguage\":\"de-DE\",\"potentialAction\":[{\"@type\":\"ReadAction\",\"target\":[\"https:\\\/\\\/fb-kitchenware.com\\\/de\\\/negozio\\\/kuchenutensilien\\\/anruhrschusseln\\\/edelstahl-ruehrschuesseln-set-silverbowl-fb-kitchenware\\\/\"]}]},{\"@type\":\"ImageObject\",\"inLanguage\":\"de-DE\",\"@id\":\"https:\\\/\\\/fb-kitchenware.com\\\/de\\\/negozio\\\/kuchenutensilien\\\/anruhrschusseln\\\/edelstahl-ruehrschuesseln-set-silverbowl-fb-kitchenware\\\/#primaryimage\",\"url\":\"https:\\\/\\\/fb-kitchenware.com\\\/wp-content\\\/uploads\\\/DSC8721-Edit-copia-2-1.jpg\",\"contentUrl\":\"https:\\\/\\\/fb-kitchenware.com\\\/wp-content\\\/uploads\\\/DSC8721-Edit-copia-2-1.jpg\",\"width\":1920,\"height\":1920},{\"@type\":\"BreadcrumbList\",\"@id\":\"https:\\\/\\\/fb-kitchenware.com\\\/de\\\/negozio\\\/kuchenutensilien\\\/anruhrschusseln\\\/edelstahl-ruehrschuesseln-set-silverbowl-fb-kitchenware\\\/#breadcrumb\",\"itemListElement\":[{\"@type\":\"ListItem\",\"position\":1,\"name\":\"Home\",\"item\":\"https:\\\/\\\/fb-kitchenware.com\\\/de\\\/\"},{\"@type\":\"ListItem\",\"position\":2,\"name\":\"Edelstahl R\u00fchrsch\u00fcsseln Set SilverBowl | FB Kitchenware\"}]},{\"@type\":\"WebSite\",\"@id\":\"https:\\\/\\\/fb-kitchenware.com\\\/de\\\/#website\",\"url\":\"https:\\\/\\\/fb-kitchenware.com\\\/de\\\/\",\"name\":\"FB Kitchenware\",\"description\":\"\",\"publisher\":{\"@id\":\"https:\\\/\\\/fb-kitchenware.com\\\/de\\\/#organization\"},\"potentialAction\":[{\"@type\":\"SearchAction\",\"target\":{\"@type\":\"EntryPoint\",\"urlTemplate\":\"https:\\\/\\\/fb-kitchenware.com\\\/de\\\/?s={search_term_string}\"},\"query-input\":{\"@type\":\"PropertyValueSpecification\",\"valueRequired\":true,\"valueName\":\"search_term_string\"}}],\"inLanguage\":\"de-DE\"},{\"@type\":\"Organization\",\"@id\":\"https:\\\/\\\/fb-kitchenware.com\\\/de\\\/#organization\",\"name\":\"FB Kitchenware\",\"url\":\"https:\\\/\\\/fb-kitchenware.com\\\/de\\\/\",\"logo\":{\"@type\":\"ImageObject\",\"inLanguage\":\"de-DE\",\"@id\":\"https:\\\/\\\/fb-kitchenware.com\\\/de\\\/#\\\/schema\\\/logo\\\/image\\\/\",\"url\":\"https:\\\/\\\/fb-kitchenware.com\\\/wp-content\\\/uploads\\\/logo_gold.png\",\"contentUrl\":\"https:\\\/\\\/fb-kitchenware.com\\\/wp-content\\\/uploads\\\/logo_gold.png\",\"width\":900,\"height\":900,\"caption\":\"FB Kitchenware\"},\"image\":{\"@id\":\"https:\\\/\\\/fb-kitchenware.com\\\/de\\\/#\\\/schema\\\/logo\\\/image\\\/\"}}]}<\/script>\n<!-- \/ Yoast SEO plugin. -->","yoast_head_json":{"title":"Edelstahl R\u00fchrsch\u00fcsseln Set SilverBowl | FB Kitchenware - FB Kitchenware","robots":{"index":"index","follow":"follow","max-snippet":"max-snippet:-1","max-image-preview":"max-image-preview:large","max-video-preview":"max-video-preview:-1"},"canonical":"https:\/\/fb-kitchenware.com\/de\/negozio\/kuchenutensilien\/anruhrschusseln\/edelstahl-ruehrschuesseln-set-silverbowl-fb-kitchenware\/","og_locale":"de_DE","og_type":"article","og_title":"Edelstahl R\u00fchrsch\u00fcsseln Set SilverBowl | FB Kitchenware - FB Kitchenware","og_description":"Bringen Sie maximalen Komfort in Ihre K\u00fcche mit dem AISI 304 SilverBowl R\u00fchrsch\u00fcsselset aus Edelstahl. Drei hochwertige, langlebige, hygienische und stapelbare Edelstahlsch\u00fcsseln, ideal zum Mischen, Kneten, Marinieren und Aufbewahren. Perfekt sowohl in der K\u00fcche als auch als unverzichtbares Zubeh\u00f6r f\u00fcr den Grill, mit einer internen Skala f\u00fcr pr\u00e4zise Messungen.","og_url":"https:\/\/fb-kitchenware.com\/de\/negozio\/kuchenutensilien\/anruhrschusseln\/edelstahl-ruehrschuesseln-set-silverbowl-fb-kitchenware\/","og_site_name":"FB Kitchenware","article_modified_time":"2025-12-01T00:22:02+00:00","og_image":[{"width":1920,"height":1920,"url":"https:\/\/fb-kitchenware.com\/wp-content\/uploads\/DSC8721-Edit-copia-2.jpg","type":"image\/jpeg"}],"twitter_card":"summary_large_image","schema":{"@context":"https:\/\/schema.org","@graph":[{"@type":"WebPage","@id":"https:\/\/fb-kitchenware.com\/de\/negozio\/kuchenutensilien\/anruhrschusseln\/edelstahl-ruehrschuesseln-set-silverbowl-fb-kitchenware\/","url":"https:\/\/fb-kitchenware.com\/de\/negozio\/kuchenutensilien\/anruhrschusseln\/edelstahl-ruehrschuesseln-set-silverbowl-fb-kitchenware\/","name":"Edelstahl R\u00fchrsch\u00fcsseln Set SilverBowl | FB Kitchenware - FB Kitchenware","isPartOf":{"@id":"https:\/\/fb-kitchenware.com\/de\/#website"},"primaryImageOfPage":{"@id":"https:\/\/fb-kitchenware.com\/de\/negozio\/kuchenutensilien\/anruhrschusseln\/edelstahl-ruehrschuesseln-set-silverbowl-fb-kitchenware\/#primaryimage"},"image":{"@id":"https:\/\/fb-kitchenware.com\/de\/negozio\/kuchenutensilien\/anruhrschusseln\/edelstahl-ruehrschuesseln-set-silverbowl-fb-kitchenware\/#primaryimage"},"thumbnailUrl":"https:\/\/fb-kitchenware.com\/wp-content\/uploads\/DSC8721-Edit-copia-2-1.jpg","datePublished":"2025-08-26T09:45:37+00:00","dateModified":"2025-12-01T00:22:02+00:00","breadcrumb":{"@id":"https:\/\/fb-kitchenware.com\/de\/negozio\/kuchenutensilien\/anruhrschusseln\/edelstahl-ruehrschuesseln-set-silverbowl-fb-kitchenware\/#breadcrumb"},"inLanguage":"de-DE","potentialAction":[{"@type":"ReadAction","target":["https:\/\/fb-kitchenware.com\/de\/negozio\/kuchenutensilien\/anruhrschusseln\/edelstahl-ruehrschuesseln-set-silverbowl-fb-kitchenware\/"]}]},{"@type":"ImageObject","inLanguage":"de-DE","@id":"https:\/\/fb-kitchenware.com\/de\/negozio\/kuchenutensilien\/anruhrschusseln\/edelstahl-ruehrschuesseln-set-silverbowl-fb-kitchenware\/#primaryimage","url":"https:\/\/fb-kitchenware.com\/wp-content\/uploads\/DSC8721-Edit-copia-2-1.jpg","contentUrl":"https:\/\/fb-kitchenware.com\/wp-content\/uploads\/DSC8721-Edit-copia-2-1.jpg","width":1920,"height":1920},{"@type":"BreadcrumbList","@id":"https:\/\/fb-kitchenware.com\/de\/negozio\/kuchenutensilien\/anruhrschusseln\/edelstahl-ruehrschuesseln-set-silverbowl-fb-kitchenware\/#breadcrumb","itemListElement":[{"@type":"ListItem","position":1,"name":"Home","item":"https:\/\/fb-kitchenware.com\/de\/"},{"@type":"ListItem","position":2,"name":"Edelstahl R\u00fchrsch\u00fcsseln Set SilverBowl | FB Kitchenware"}]},{"@type":"WebSite","@id":"https:\/\/fb-kitchenware.com\/de\/#website","url":"https:\/\/fb-kitchenware.com\/de\/","name":"FB Kitchenware","description":"","publisher":{"@id":"https:\/\/fb-kitchenware.com\/de\/#organization"},"potentialAction":[{"@type":"SearchAction","target":{"@type":"EntryPoint","urlTemplate":"https:\/\/fb-kitchenware.com\/de\/?s={search_term_string}"},"query-input":{"@type":"PropertyValueSpecification","valueRequired":true,"valueName":"search_term_string"}}],"inLanguage":"de-DE"},{"@type":"Organization","@id":"https:\/\/fb-kitchenware.com\/de\/#organization","name":"FB Kitchenware","url":"https:\/\/fb-kitchenware.com\/de\/","logo":{"@type":"ImageObject","inLanguage":"de-DE","@id":"https:\/\/fb-kitchenware.com\/de\/#\/schema\/logo\/image\/","url":"https:\/\/fb-kitchenware.com\/wp-content\/uploads\/logo_gold.png","contentUrl":"https:\/\/fb-kitchenware.com\/wp-content\/uploads\/logo_gold.png","width":900,"height":900,"caption":"FB Kitchenware"},"image":{"@id":"https:\/\/fb-kitchenware.com\/de\/#\/schema\/logo\/image\/"}}]}},"_links":{"self":[{"href":"https:\/\/fb-kitchenware.com\/de\/wp-json\/wp\/v2\/product\/4739","targetHints":{"allow":["GET"]}}],"collection":[{"href":"https:\/\/fb-kitchenware.com\/de\/wp-json\/wp\/v2\/product"}],"about":[{"href":"https:\/\/fb-kitchenware.com\/de\/wp-json\/wp\/v2\/types\/product"}],"wp:featuredmedia":[{"embeddable":true,"href":"https:\/\/fb-kitchenware.com\/de\/wp-json\/wp\/v2\/media\/7311"}],"wp:attachment":[{"href":"https:\/\/fb-kitchenware.com\/de\/wp-json\/wp\/v2\/media?parent=4739"}],"wp:term":[{"taxonomy":"product_brand","embeddable":true,"href":"https:\/\/fb-kitchenware.com\/de\/wp-json\/wp\/v2\/product_brand?post=4739"},{"taxonomy":"product_cat","embeddable":true,"href":"https:\/\/fb-kitchenware.com\/de\/wp-json\/wp\/v2\/product_cat?post=4739"},{"taxonomy":"product_tag","embeddable":true,"href":"https:\/\/fb-kitchenware.com\/de\/wp-json\/wp\/v2\/product_tag?post=4739"}],"curies":[{"name":"wp","href":"https:\/\/api.w.org\/{rel}","templated":true}]}}