{"id":6432,"date":"2026-02-05T12:56:22","date_gmt":"2026-02-05T11:56:22","guid":{"rendered":"https:\/\/fb-kitchenware.com\/negozio\/unkategorisiert\/bratpfanne-aus-gewuerztem-stahl-mit-schwarzem-satiniertem-griff\/"},"modified":"2026-03-02T10:58:19","modified_gmt":"2026-03-02T09:58:19","slug":"bratpfanne-aus-gewuerztem-stahl-mit-schwarzem-satiniertem-griff","status":"publish","type":"product","link":"https:\/\/fb-kitchenware.com\/de\/negozio\/besten%e2%80%91fbkitchenware%e2%80%91pfannen\/bratpfanne-aus-gewuerztem-stahl-mit-schwarzem-satiniertem-griff\/","title":{"rendered":"Gew\u00fcrzte Eisenbratpfanne mit schwarzem satiniertem Griff"},"content":{"rendered":"","protected":false},"excerpt":{"rendered":"<p><strong>Verf\u00fcgbar ab April 2026<\/strong><\/p>\n<p>Iron Seasoned Steel Bratpfanne, entwickelt f\u00fcr diejenigen, die eine Eisenbratpfanne w\u00fcnschen, aber den Prozess des W\u00fcrzens f\u00fcrchten. Die Vorbehandlung mit nat\u00fcrlichem \u00d6l beschleunigt die Bildung einer Antihaftbeschichtung, die sich mit jedem Gebrauch weiter aufbaut. Sie h\u00e4lt hohen Temperaturen stand, garantiert eine einwandfreie Maillard-Reaktion und ist f\u00fcr jede W\u00e4rmequelle geeignet, von Induktionskochfeldern bis zu Grills. Ein unentbehrliches Werkzeug, das so konzipiert ist, dass es lange h\u00e4lt und mit der Zeit immer besser wird und nicht ersetzt werden muss.   <\/p>\n","protected":false},"featured_media":7384,"template":"","meta":{"_acf_changed":false},"product_brand":[661],"product_cat":[518,655],"product_tag":[],"class_list":{"0":"post-6432","1":"product","2":"type-product","3":"status-publish","4":"has-post-thumbnail","6":"product_brand-seasonedsteel-eisenpfannen","7":"product_cat-bestenfbkitchenwarepfannen","8":"product_cat-neuheiten","10":"first","11":"instock","12":"taxable","13":"shipping-taxable","14":"purchasable","15":"product-type-variable"},"acf":[],"yoast_head":"<!-- This site is optimized with the Yoast SEO plugin v27.3 - https:\/\/yoast.com\/product\/yoast-seo-wordpress\/ -->\n<title>Gew\u00fcrzte Eisenbratpfanne mit schwarzem satiniertem Griff %%page% steel -<\/title>\n<meta name=\"description\" content=\"Bratpfanne aus gew\u00fcrztem Stahl mit schwarzem, satiniertem Griff. Nat\u00fcrliche Antihaftbeschichtung, hohe Temperatur, Induktion, Ofen und BBQ.\" \/>\n<meta name=\"robots\" content=\"index, follow, max-snippet:-1, max-image-preview:large, max-video-preview:-1\" \/>\n<link rel=\"canonical\" href=\"https:\/\/fb-kitchenware.com\/de\/negozio\/besten%e2%80%91fbkitchenware%e2%80%91pfannen\/bratpfanne-aus-gewuerztem-stahl-mit-schwarzem-satiniertem-griff\/\" \/>\n<meta property=\"og:locale\" content=\"de_DE\" \/>\n<meta property=\"og:type\" content=\"article\" \/>\n<meta property=\"og:title\" content=\"Gew\u00fcrzte Eisenbratpfanne mit schwarzem satiniertem Griff %%page% steel -\" \/>\n<meta property=\"og:description\" content=\"Bratpfanne aus gew\u00fcrztem Stahl mit schwarzem, satiniertem Griff. Nat\u00fcrliche Antihaftbeschichtung, hohe Temperatur, Induktion, Ofen und BBQ.\" \/>\n<meta property=\"og:url\" content=\"https:\/\/fb-kitchenware.com\/de\/negozio\/besten%e2%80%91fbkitchenware%e2%80%91pfannen\/bratpfanne-aus-gewuerztem-stahl-mit-schwarzem-satiniertem-griff\/\" \/>\n<meta property=\"og:site_name\" content=\"FB Kitchenware\" \/>\n<meta property=\"article:modified_time\" content=\"2026-03-02T09:58:19+00:00\" \/>\n<meta property=\"og:image\" content=\"https:\/\/fb-kitchenware.com\/wp-content\/uploads\/207.jpg\" \/>\n\t<meta property=\"og:image:width\" content=\"1920\" \/>\n\t<meta property=\"og:image:height\" content=\"1920\" \/>\n\t<meta property=\"og:image:type\" content=\"image\/jpeg\" \/>\n<meta name=\"twitter:card\" content=\"summary_large_image\" \/>\n<script type=\"application\/ld+json\" class=\"yoast-schema-graph\">{\"@context\":\"https:\\\/\\\/schema.org\",\"@graph\":[{\"@type\":\"WebPage\",\"@id\":\"https:\\\/\\\/fb-kitchenware.com\\\/de\\\/negozio\\\/besten%e2%80%91fbkitchenware%e2%80%91pfannen\\\/bratpfanne-aus-gewuerztem-stahl-mit-schwarzem-satiniertem-griff\\\/\",\"url\":\"https:\\\/\\\/fb-kitchenware.com\\\/de\\\/negozio\\\/besten%e2%80%91fbkitchenware%e2%80%91pfannen\\\/bratpfanne-aus-gewuerztem-stahl-mit-schwarzem-satiniertem-griff\\\/\",\"name\":\"Gew\u00fcrzte Eisenbratpfanne mit schwarzem satiniertem Griff %%page% steel -\",\"isPartOf\":{\"@id\":\"https:\\\/\\\/fb-kitchenware.com\\\/de\\\/#website\"},\"primaryImageOfPage\":{\"@id\":\"https:\\\/\\\/fb-kitchenware.com\\\/de\\\/negozio\\\/besten%e2%80%91fbkitchenware%e2%80%91pfannen\\\/bratpfanne-aus-gewuerztem-stahl-mit-schwarzem-satiniertem-griff\\\/#primaryimage\"},\"image\":{\"@id\":\"https:\\\/\\\/fb-kitchenware.com\\\/de\\\/negozio\\\/besten%e2%80%91fbkitchenware%e2%80%91pfannen\\\/bratpfanne-aus-gewuerztem-stahl-mit-schwarzem-satiniertem-griff\\\/#primaryimage\"},\"thumbnailUrl\":\"https:\\\/\\\/fb-kitchenware.com\\\/wp-content\\\/uploads\\\/Tavola-disegno-19.jpg\",\"datePublished\":\"2026-02-05T11:56:22+00:00\",\"dateModified\":\"2026-03-02T09:58:19+00:00\",\"description\":\"Bratpfanne aus gew\u00fcrztem Stahl mit schwarzem, satiniertem Griff. Nat\u00fcrliche Antihaftbeschichtung, hohe Temperatur, Induktion, Ofen und BBQ.\",\"breadcrumb\":{\"@id\":\"https:\\\/\\\/fb-kitchenware.com\\\/de\\\/negozio\\\/besten%e2%80%91fbkitchenware%e2%80%91pfannen\\\/bratpfanne-aus-gewuerztem-stahl-mit-schwarzem-satiniertem-griff\\\/#breadcrumb\"},\"inLanguage\":\"de-DE\",\"potentialAction\":[{\"@type\":\"ReadAction\",\"target\":[\"https:\\\/\\\/fb-kitchenware.com\\\/de\\\/negozio\\\/besten%e2%80%91fbkitchenware%e2%80%91pfannen\\\/bratpfanne-aus-gewuerztem-stahl-mit-schwarzem-satiniertem-griff\\\/\"]}]},{\"@type\":\"ImageObject\",\"inLanguage\":\"de-DE\",\"@id\":\"https:\\\/\\\/fb-kitchenware.com\\\/de\\\/negozio\\\/besten%e2%80%91fbkitchenware%e2%80%91pfannen\\\/bratpfanne-aus-gewuerztem-stahl-mit-schwarzem-satiniertem-griff\\\/#primaryimage\",\"url\":\"https:\\\/\\\/fb-kitchenware.com\\\/wp-content\\\/uploads\\\/Tavola-disegno-19.jpg\",\"contentUrl\":\"https:\\\/\\\/fb-kitchenware.com\\\/wp-content\\\/uploads\\\/Tavola-disegno-19.jpg\",\"width\":596,\"height\":596},{\"@type\":\"BreadcrumbList\",\"@id\":\"https:\\\/\\\/fb-kitchenware.com\\\/de\\\/negozio\\\/besten%e2%80%91fbkitchenware%e2%80%91pfannen\\\/bratpfanne-aus-gewuerztem-stahl-mit-schwarzem-satiniertem-griff\\\/#breadcrumb\",\"itemListElement\":[{\"@type\":\"ListItem\",\"position\":1,\"name\":\"Home\",\"item\":\"https:\\\/\\\/fb-kitchenware.com\\\/de\\\/\"},{\"@type\":\"ListItem\",\"position\":2,\"name\":\"Gew\u00fcrzte Eisenbratpfanne mit schwarzem satiniertem Griff\"}]},{\"@type\":\"WebSite\",\"@id\":\"https:\\\/\\\/fb-kitchenware.com\\\/de\\\/#website\",\"url\":\"https:\\\/\\\/fb-kitchenware.com\\\/de\\\/\",\"name\":\"FB Kitchenware\",\"description\":\"\",\"publisher\":{\"@id\":\"https:\\\/\\\/fb-kitchenware.com\\\/de\\\/#organization\"},\"potentialAction\":[{\"@type\":\"SearchAction\",\"target\":{\"@type\":\"EntryPoint\",\"urlTemplate\":\"https:\\\/\\\/fb-kitchenware.com\\\/de\\\/?s={search_term_string}\"},\"query-input\":{\"@type\":\"PropertyValueSpecification\",\"valueRequired\":true,\"valueName\":\"search_term_string\"}}],\"inLanguage\":\"de-DE\"},{\"@type\":\"Organization\",\"@id\":\"https:\\\/\\\/fb-kitchenware.com\\\/de\\\/#organization\",\"name\":\"FB Kitchenware\",\"url\":\"https:\\\/\\\/fb-kitchenware.com\\\/de\\\/\",\"logo\":{\"@type\":\"ImageObject\",\"inLanguage\":\"de-DE\",\"@id\":\"https:\\\/\\\/fb-kitchenware.com\\\/de\\\/#\\\/schema\\\/logo\\\/image\\\/\",\"url\":\"https:\\\/\\\/fb-kitchenware.com\\\/wp-content\\\/uploads\\\/logo_gold.png\",\"contentUrl\":\"https:\\\/\\\/fb-kitchenware.com\\\/wp-content\\\/uploads\\\/logo_gold.png\",\"width\":900,\"height\":900,\"caption\":\"FB Kitchenware\"},\"image\":{\"@id\":\"https:\\\/\\\/fb-kitchenware.com\\\/de\\\/#\\\/schema\\\/logo\\\/image\\\/\"}}]}<\/script>\n<!-- \/ Yoast SEO plugin. -->","yoast_head_json":{"title":"Gew\u00fcrzte Eisenbratpfanne mit schwarzem satiniertem Griff %%page% steel -","description":"Bratpfanne aus gew\u00fcrztem Stahl mit schwarzem, satiniertem Griff. Nat\u00fcrliche Antihaftbeschichtung, hohe Temperatur, Induktion, Ofen und BBQ.","robots":{"index":"index","follow":"follow","max-snippet":"max-snippet:-1","max-image-preview":"max-image-preview:large","max-video-preview":"max-video-preview:-1"},"canonical":"https:\/\/fb-kitchenware.com\/de\/negozio\/besten%e2%80%91fbkitchenware%e2%80%91pfannen\/bratpfanne-aus-gewuerztem-stahl-mit-schwarzem-satiniertem-griff\/","og_locale":"de_DE","og_type":"article","og_title":"Gew\u00fcrzte Eisenbratpfanne mit schwarzem satiniertem Griff %%page% steel -","og_description":"Bratpfanne aus gew\u00fcrztem Stahl mit schwarzem, satiniertem Griff. Nat\u00fcrliche Antihaftbeschichtung, hohe Temperatur, Induktion, Ofen und BBQ.","og_url":"https:\/\/fb-kitchenware.com\/de\/negozio\/besten%e2%80%91fbkitchenware%e2%80%91pfannen\/bratpfanne-aus-gewuerztem-stahl-mit-schwarzem-satiniertem-griff\/","og_site_name":"FB Kitchenware","article_modified_time":"2026-03-02T09:58:19+00:00","og_image":[{"width":1920,"height":1920,"url":"https:\/\/fb-kitchenware.com\/wp-content\/uploads\/207.jpg","type":"image\/jpeg"}],"twitter_card":"summary_large_image","schema":{"@context":"https:\/\/schema.org","@graph":[{"@type":"WebPage","@id":"https:\/\/fb-kitchenware.com\/de\/negozio\/besten%e2%80%91fbkitchenware%e2%80%91pfannen\/bratpfanne-aus-gewuerztem-stahl-mit-schwarzem-satiniertem-griff\/","url":"https:\/\/fb-kitchenware.com\/de\/negozio\/besten%e2%80%91fbkitchenware%e2%80%91pfannen\/bratpfanne-aus-gewuerztem-stahl-mit-schwarzem-satiniertem-griff\/","name":"Gew\u00fcrzte Eisenbratpfanne mit schwarzem satiniertem Griff %%page% steel -","isPartOf":{"@id":"https:\/\/fb-kitchenware.com\/de\/#website"},"primaryImageOfPage":{"@id":"https:\/\/fb-kitchenware.com\/de\/negozio\/besten%e2%80%91fbkitchenware%e2%80%91pfannen\/bratpfanne-aus-gewuerztem-stahl-mit-schwarzem-satiniertem-griff\/#primaryimage"},"image":{"@id":"https:\/\/fb-kitchenware.com\/de\/negozio\/besten%e2%80%91fbkitchenware%e2%80%91pfannen\/bratpfanne-aus-gewuerztem-stahl-mit-schwarzem-satiniertem-griff\/#primaryimage"},"thumbnailUrl":"https:\/\/fb-kitchenware.com\/wp-content\/uploads\/Tavola-disegno-19.jpg","datePublished":"2026-02-05T11:56:22+00:00","dateModified":"2026-03-02T09:58:19+00:00","description":"Bratpfanne aus gew\u00fcrztem Stahl mit schwarzem, satiniertem Griff. Nat\u00fcrliche Antihaftbeschichtung, hohe Temperatur, Induktion, Ofen und BBQ.","breadcrumb":{"@id":"https:\/\/fb-kitchenware.com\/de\/negozio\/besten%e2%80%91fbkitchenware%e2%80%91pfannen\/bratpfanne-aus-gewuerztem-stahl-mit-schwarzem-satiniertem-griff\/#breadcrumb"},"inLanguage":"de-DE","potentialAction":[{"@type":"ReadAction","target":["https:\/\/fb-kitchenware.com\/de\/negozio\/besten%e2%80%91fbkitchenware%e2%80%91pfannen\/bratpfanne-aus-gewuerztem-stahl-mit-schwarzem-satiniertem-griff\/"]}]},{"@type":"ImageObject","inLanguage":"de-DE","@id":"https:\/\/fb-kitchenware.com\/de\/negozio\/besten%e2%80%91fbkitchenware%e2%80%91pfannen\/bratpfanne-aus-gewuerztem-stahl-mit-schwarzem-satiniertem-griff\/#primaryimage","url":"https:\/\/fb-kitchenware.com\/wp-content\/uploads\/Tavola-disegno-19.jpg","contentUrl":"https:\/\/fb-kitchenware.com\/wp-content\/uploads\/Tavola-disegno-19.jpg","width":596,"height":596},{"@type":"BreadcrumbList","@id":"https:\/\/fb-kitchenware.com\/de\/negozio\/besten%e2%80%91fbkitchenware%e2%80%91pfannen\/bratpfanne-aus-gewuerztem-stahl-mit-schwarzem-satiniertem-griff\/#breadcrumb","itemListElement":[{"@type":"ListItem","position":1,"name":"Home","item":"https:\/\/fb-kitchenware.com\/de\/"},{"@type":"ListItem","position":2,"name":"Gew\u00fcrzte Eisenbratpfanne mit schwarzem satiniertem Griff"}]},{"@type":"WebSite","@id":"https:\/\/fb-kitchenware.com\/de\/#website","url":"https:\/\/fb-kitchenware.com\/de\/","name":"FB Kitchenware","description":"","publisher":{"@id":"https:\/\/fb-kitchenware.com\/de\/#organization"},"potentialAction":[{"@type":"SearchAction","target":{"@type":"EntryPoint","urlTemplate":"https:\/\/fb-kitchenware.com\/de\/?s={search_term_string}"},"query-input":{"@type":"PropertyValueSpecification","valueRequired":true,"valueName":"search_term_string"}}],"inLanguage":"de-DE"},{"@type":"Organization","@id":"https:\/\/fb-kitchenware.com\/de\/#organization","name":"FB Kitchenware","url":"https:\/\/fb-kitchenware.com\/de\/","logo":{"@type":"ImageObject","inLanguage":"de-DE","@id":"https:\/\/fb-kitchenware.com\/de\/#\/schema\/logo\/image\/","url":"https:\/\/fb-kitchenware.com\/wp-content\/uploads\/logo_gold.png","contentUrl":"https:\/\/fb-kitchenware.com\/wp-content\/uploads\/logo_gold.png","width":900,"height":900,"caption":"FB Kitchenware"},"image":{"@id":"https:\/\/fb-kitchenware.com\/de\/#\/schema\/logo\/image\/"}}]}},"_links":{"self":[{"href":"https:\/\/fb-kitchenware.com\/de\/wp-json\/wp\/v2\/product\/6432","targetHints":{"allow":["GET"]}}],"collection":[{"href":"https:\/\/fb-kitchenware.com\/de\/wp-json\/wp\/v2\/product"}],"about":[{"href":"https:\/\/fb-kitchenware.com\/de\/wp-json\/wp\/v2\/types\/product"}],"wp:featuredmedia":[{"embeddable":true,"href":"https:\/\/fb-kitchenware.com\/de\/wp-json\/wp\/v2\/media\/7384"}],"wp:attachment":[{"href":"https:\/\/fb-kitchenware.com\/de\/wp-json\/wp\/v2\/media?parent=6432"}],"wp:term":[{"taxonomy":"product_brand","embeddable":true,"href":"https:\/\/fb-kitchenware.com\/de\/wp-json\/wp\/v2\/product_brand?post=6432"},{"taxonomy":"product_cat","embeddable":true,"href":"https:\/\/fb-kitchenware.com\/de\/wp-json\/wp\/v2\/product_cat?post=6432"},{"taxonomy":"product_tag","embeddable":true,"href":"https:\/\/fb-kitchenware.com\/de\/wp-json\/wp\/v2\/product_tag?post=6432"}],"curies":[{"name":"wp","href":"https:\/\/api.w.org\/{rel}","templated":true}]}}