{"id":6521,"date":"2026-02-05T12:36:37","date_gmt":"2026-02-05T11:36:37","guid":{"rendered":"https:\/\/fb-kitchenware.com\/negozio\/unkategorisiert\/wok-gewuerzstahl-mit-schwarzem-satiniertem-griff\/"},"modified":"2026-03-02T11:05:35","modified_gmt":"2026-03-02T10:05:35","slug":"wok-gewuerzstahl-mit-schwarzem-satiniertem-griff","status":"publish","type":"product","link":"https:\/\/fb-kitchenware.com\/de\/negozio\/wok\/wok-gewuerzstahl-mit-schwarzem-satiniertem-griff\/","title":{"rendered":"Wok Gew\u00fcrzstahl mit schwarzem satiniertem Griff"},"content":{"rendered":"","protected":false},"excerpt":{"rendered":"<p data-start=\"1610\" data-end=\"1901\">Der 26 cm Seasoned Steel Wok besteht aus <strong data-start=\"1657\" data-end=\"1685\">DC04-Eisen<\/strong>, einem Material, das aufgrund seiner <strong data-start=\"1715\" data-end=\"1737\">thermischen Reaktivit\u00e4t<\/strong> und seiner F\u00e4higkeit, bei hohen Temperaturen effektiv zu arbeiten, ausgew\u00e4hlt wurde. Er ist nicht f\u00fcr passives Kochen konzipiert, sondern f\u00fcr Kochen mit Bewegung, Kontrolle und schnellem Timing. <\/p>\n","protected":false},"featured_media":7388,"template":"","meta":{"_acf_changed":false},"product_brand":[661],"product_cat":[582,655],"product_tag":[],"class_list":{"0":"post-6521","1":"product","2":"type-product","3":"status-publish","4":"has-post-thumbnail","6":"product_brand-seasonedsteel-eisenpfannen","7":"product_cat-wok","8":"product_cat-neuheiten","10":"first","11":"instock","12":"taxable","13":"shipping-taxable","14":"purchasable","15":"product-type-simple"},"acf":[],"yoast_head":"<!-- This site is optimized with the Yoast SEO plugin v27.3 - https:\/\/yoast.com\/product\/yoast-seo-wordpress\/ -->\n<title>Wok Gew\u00fcrzstahl mit schwarzem satiniertem Griff - FB Kitchenware<\/title>\n<meta name=\"description\" content=\"26 cm Eisen-Wok aus gew\u00fcrztem Stahl. Nat\u00fcrliche Antihaftbeschichtung, hohe Temperatur, Induktion und BBQ. Zum Sautieren und Anbraten ohne Beschichtung.\" \/>\n<meta name=\"robots\" content=\"index, follow, max-snippet:-1, max-image-preview:large, max-video-preview:-1\" \/>\n<link rel=\"canonical\" href=\"https:\/\/fb-kitchenware.com\/de\/negozio\/wok\/wok-gewuerzstahl-mit-schwarzem-satiniertem-griff\/\" \/>\n<meta property=\"og:locale\" content=\"de_DE\" \/>\n<meta property=\"og:type\" content=\"article\" \/>\n<meta property=\"og:title\" content=\"Wok Gew\u00fcrzstahl mit schwarzem satiniertem Griff - FB Kitchenware\" \/>\n<meta property=\"og:description\" content=\"26 cm Eisen-Wok aus gew\u00fcrztem Stahl. Nat\u00fcrliche Antihaftbeschichtung, hohe Temperatur, Induktion und BBQ. Zum Sautieren und Anbraten ohne Beschichtung.\" \/>\n<meta property=\"og:url\" content=\"https:\/\/fb-kitchenware.com\/de\/negozio\/wok\/wok-gewuerzstahl-mit-schwarzem-satiniertem-griff\/\" \/>\n<meta property=\"og:site_name\" content=\"FB Kitchenware\" \/>\n<meta property=\"article:modified_time\" content=\"2026-03-02T10:05:35+00:00\" \/>\n<meta property=\"og:image\" content=\"https:\/\/fb-kitchenware.com\/wp-content\/uploads\/seasoned-wopsd-copia.jpg\" \/>\n\t<meta property=\"og:image:width\" content=\"1920\" \/>\n\t<meta property=\"og:image:height\" content=\"1920\" \/>\n\t<meta property=\"og:image:type\" content=\"image\/jpeg\" \/>\n<meta name=\"twitter:card\" content=\"summary_large_image\" \/>\n<script type=\"application\/ld+json\" class=\"yoast-schema-graph\">{\"@context\":\"https:\\\/\\\/schema.org\",\"@graph\":[{\"@type\":\"WebPage\",\"@id\":\"https:\\\/\\\/fb-kitchenware.com\\\/de\\\/negozio\\\/wok\\\/wok-gewuerzstahl-mit-schwarzem-satiniertem-griff\\\/\",\"url\":\"https:\\\/\\\/fb-kitchenware.com\\\/de\\\/negozio\\\/wok\\\/wok-gewuerzstahl-mit-schwarzem-satiniertem-griff\\\/\",\"name\":\"Wok Gew\u00fcrzstahl mit schwarzem satiniertem Griff - FB Kitchenware\",\"isPartOf\":{\"@id\":\"https:\\\/\\\/fb-kitchenware.com\\\/de\\\/#website\"},\"primaryImageOfPage\":{\"@id\":\"https:\\\/\\\/fb-kitchenware.com\\\/de\\\/negozio\\\/wok\\\/wok-gewuerzstahl-mit-schwarzem-satiniertem-griff\\\/#primaryimage\"},\"image\":{\"@id\":\"https:\\\/\\\/fb-kitchenware.com\\\/de\\\/negozio\\\/wok\\\/wok-gewuerzstahl-mit-schwarzem-satiniertem-griff\\\/#primaryimage\"},\"thumbnailUrl\":\"https:\\\/\\\/fb-kitchenware.com\\\/wp-content\\\/uploads\\\/seasoned-wopsd-copia.jpg\",\"datePublished\":\"2026-02-05T11:36:37+00:00\",\"dateModified\":\"2026-03-02T10:05:35+00:00\",\"description\":\"26 cm Eisen-Wok aus gew\u00fcrztem Stahl. Nat\u00fcrliche Antihaftbeschichtung, hohe Temperatur, Induktion und BBQ. Zum Sautieren und Anbraten ohne Beschichtung.\",\"breadcrumb\":{\"@id\":\"https:\\\/\\\/fb-kitchenware.com\\\/de\\\/negozio\\\/wok\\\/wok-gewuerzstahl-mit-schwarzem-satiniertem-griff\\\/#breadcrumb\"},\"inLanguage\":\"de-DE\",\"potentialAction\":[{\"@type\":\"ReadAction\",\"target\":[\"https:\\\/\\\/fb-kitchenware.com\\\/de\\\/negozio\\\/wok\\\/wok-gewuerzstahl-mit-schwarzem-satiniertem-griff\\\/\"]}]},{\"@type\":\"ImageObject\",\"inLanguage\":\"de-DE\",\"@id\":\"https:\\\/\\\/fb-kitchenware.com\\\/de\\\/negozio\\\/wok\\\/wok-gewuerzstahl-mit-schwarzem-satiniertem-griff\\\/#primaryimage\",\"url\":\"https:\\\/\\\/fb-kitchenware.com\\\/wp-content\\\/uploads\\\/seasoned-wopsd-copia.jpg\",\"contentUrl\":\"https:\\\/\\\/fb-kitchenware.com\\\/wp-content\\\/uploads\\\/seasoned-wopsd-copia.jpg\",\"width\":1920,\"height\":1920},{\"@type\":\"BreadcrumbList\",\"@id\":\"https:\\\/\\\/fb-kitchenware.com\\\/de\\\/negozio\\\/wok\\\/wok-gewuerzstahl-mit-schwarzem-satiniertem-griff\\\/#breadcrumb\",\"itemListElement\":[{\"@type\":\"ListItem\",\"position\":1,\"name\":\"Home\",\"item\":\"https:\\\/\\\/fb-kitchenware.com\\\/de\\\/\"},{\"@type\":\"ListItem\",\"position\":2,\"name\":\"Wok Gew\u00fcrzstahl mit schwarzem satiniertem Griff\"}]},{\"@type\":\"WebSite\",\"@id\":\"https:\\\/\\\/fb-kitchenware.com\\\/de\\\/#website\",\"url\":\"https:\\\/\\\/fb-kitchenware.com\\\/de\\\/\",\"name\":\"FB Kitchenware\",\"description\":\"\",\"publisher\":{\"@id\":\"https:\\\/\\\/fb-kitchenware.com\\\/de\\\/#organization\"},\"potentialAction\":[{\"@type\":\"SearchAction\",\"target\":{\"@type\":\"EntryPoint\",\"urlTemplate\":\"https:\\\/\\\/fb-kitchenware.com\\\/de\\\/?s={search_term_string}\"},\"query-input\":{\"@type\":\"PropertyValueSpecification\",\"valueRequired\":true,\"valueName\":\"search_term_string\"}}],\"inLanguage\":\"de-DE\"},{\"@type\":\"Organization\",\"@id\":\"https:\\\/\\\/fb-kitchenware.com\\\/de\\\/#organization\",\"name\":\"FB Kitchenware\",\"url\":\"https:\\\/\\\/fb-kitchenware.com\\\/de\\\/\",\"logo\":{\"@type\":\"ImageObject\",\"inLanguage\":\"de-DE\",\"@id\":\"https:\\\/\\\/fb-kitchenware.com\\\/de\\\/#\\\/schema\\\/logo\\\/image\\\/\",\"url\":\"https:\\\/\\\/fb-kitchenware.com\\\/wp-content\\\/uploads\\\/logo_gold.png\",\"contentUrl\":\"https:\\\/\\\/fb-kitchenware.com\\\/wp-content\\\/uploads\\\/logo_gold.png\",\"width\":900,\"height\":900,\"caption\":\"FB Kitchenware\"},\"image\":{\"@id\":\"https:\\\/\\\/fb-kitchenware.com\\\/de\\\/#\\\/schema\\\/logo\\\/image\\\/\"}}]}<\/script>\n<!-- \/ Yoast SEO plugin. -->","yoast_head_json":{"title":"Wok Gew\u00fcrzstahl mit schwarzem satiniertem Griff - FB Kitchenware","description":"26 cm Eisen-Wok aus gew\u00fcrztem Stahl. Nat\u00fcrliche Antihaftbeschichtung, hohe Temperatur, Induktion und BBQ. Zum Sautieren und Anbraten ohne Beschichtung.","robots":{"index":"index","follow":"follow","max-snippet":"max-snippet:-1","max-image-preview":"max-image-preview:large","max-video-preview":"max-video-preview:-1"},"canonical":"https:\/\/fb-kitchenware.com\/de\/negozio\/wok\/wok-gewuerzstahl-mit-schwarzem-satiniertem-griff\/","og_locale":"de_DE","og_type":"article","og_title":"Wok Gew\u00fcrzstahl mit schwarzem satiniertem Griff - FB Kitchenware","og_description":"26 cm Eisen-Wok aus gew\u00fcrztem Stahl. Nat\u00fcrliche Antihaftbeschichtung, hohe Temperatur, Induktion und BBQ. Zum Sautieren und Anbraten ohne Beschichtung.","og_url":"https:\/\/fb-kitchenware.com\/de\/negozio\/wok\/wok-gewuerzstahl-mit-schwarzem-satiniertem-griff\/","og_site_name":"FB Kitchenware","article_modified_time":"2026-03-02T10:05:35+00:00","og_image":[{"width":1920,"height":1920,"url":"https:\/\/fb-kitchenware.com\/wp-content\/uploads\/seasoned-wopsd-copia.jpg","type":"image\/jpeg"}],"twitter_card":"summary_large_image","schema":{"@context":"https:\/\/schema.org","@graph":[{"@type":"WebPage","@id":"https:\/\/fb-kitchenware.com\/de\/negozio\/wok\/wok-gewuerzstahl-mit-schwarzem-satiniertem-griff\/","url":"https:\/\/fb-kitchenware.com\/de\/negozio\/wok\/wok-gewuerzstahl-mit-schwarzem-satiniertem-griff\/","name":"Wok Gew\u00fcrzstahl mit schwarzem satiniertem Griff - FB Kitchenware","isPartOf":{"@id":"https:\/\/fb-kitchenware.com\/de\/#website"},"primaryImageOfPage":{"@id":"https:\/\/fb-kitchenware.com\/de\/negozio\/wok\/wok-gewuerzstahl-mit-schwarzem-satiniertem-griff\/#primaryimage"},"image":{"@id":"https:\/\/fb-kitchenware.com\/de\/negozio\/wok\/wok-gewuerzstahl-mit-schwarzem-satiniertem-griff\/#primaryimage"},"thumbnailUrl":"https:\/\/fb-kitchenware.com\/wp-content\/uploads\/seasoned-wopsd-copia.jpg","datePublished":"2026-02-05T11:36:37+00:00","dateModified":"2026-03-02T10:05:35+00:00","description":"26 cm Eisen-Wok aus gew\u00fcrztem Stahl. Nat\u00fcrliche Antihaftbeschichtung, hohe Temperatur, Induktion und BBQ. Zum Sautieren und Anbraten ohne Beschichtung.","breadcrumb":{"@id":"https:\/\/fb-kitchenware.com\/de\/negozio\/wok\/wok-gewuerzstahl-mit-schwarzem-satiniertem-griff\/#breadcrumb"},"inLanguage":"de-DE","potentialAction":[{"@type":"ReadAction","target":["https:\/\/fb-kitchenware.com\/de\/negozio\/wok\/wok-gewuerzstahl-mit-schwarzem-satiniertem-griff\/"]}]},{"@type":"ImageObject","inLanguage":"de-DE","@id":"https:\/\/fb-kitchenware.com\/de\/negozio\/wok\/wok-gewuerzstahl-mit-schwarzem-satiniertem-griff\/#primaryimage","url":"https:\/\/fb-kitchenware.com\/wp-content\/uploads\/seasoned-wopsd-copia.jpg","contentUrl":"https:\/\/fb-kitchenware.com\/wp-content\/uploads\/seasoned-wopsd-copia.jpg","width":1920,"height":1920},{"@type":"BreadcrumbList","@id":"https:\/\/fb-kitchenware.com\/de\/negozio\/wok\/wok-gewuerzstahl-mit-schwarzem-satiniertem-griff\/#breadcrumb","itemListElement":[{"@type":"ListItem","position":1,"name":"Home","item":"https:\/\/fb-kitchenware.com\/de\/"},{"@type":"ListItem","position":2,"name":"Wok Gew\u00fcrzstahl mit schwarzem satiniertem Griff"}]},{"@type":"WebSite","@id":"https:\/\/fb-kitchenware.com\/de\/#website","url":"https:\/\/fb-kitchenware.com\/de\/","name":"FB Kitchenware","description":"","publisher":{"@id":"https:\/\/fb-kitchenware.com\/de\/#organization"},"potentialAction":[{"@type":"SearchAction","target":{"@type":"EntryPoint","urlTemplate":"https:\/\/fb-kitchenware.com\/de\/?s={search_term_string}"},"query-input":{"@type":"PropertyValueSpecification","valueRequired":true,"valueName":"search_term_string"}}],"inLanguage":"de-DE"},{"@type":"Organization","@id":"https:\/\/fb-kitchenware.com\/de\/#organization","name":"FB Kitchenware","url":"https:\/\/fb-kitchenware.com\/de\/","logo":{"@type":"ImageObject","inLanguage":"de-DE","@id":"https:\/\/fb-kitchenware.com\/de\/#\/schema\/logo\/image\/","url":"https:\/\/fb-kitchenware.com\/wp-content\/uploads\/logo_gold.png","contentUrl":"https:\/\/fb-kitchenware.com\/wp-content\/uploads\/logo_gold.png","width":900,"height":900,"caption":"FB Kitchenware"},"image":{"@id":"https:\/\/fb-kitchenware.com\/de\/#\/schema\/logo\/image\/"}}]}},"_links":{"self":[{"href":"https:\/\/fb-kitchenware.com\/de\/wp-json\/wp\/v2\/product\/6521","targetHints":{"allow":["GET"]}}],"collection":[{"href":"https:\/\/fb-kitchenware.com\/de\/wp-json\/wp\/v2\/product"}],"about":[{"href":"https:\/\/fb-kitchenware.com\/de\/wp-json\/wp\/v2\/types\/product"}],"wp:featuredmedia":[{"embeddable":true,"href":"https:\/\/fb-kitchenware.com\/de\/wp-json\/wp\/v2\/media\/7388"}],"wp:attachment":[{"href":"https:\/\/fb-kitchenware.com\/de\/wp-json\/wp\/v2\/media?parent=6521"}],"wp:term":[{"taxonomy":"product_brand","embeddable":true,"href":"https:\/\/fb-kitchenware.com\/de\/wp-json\/wp\/v2\/product_brand?post=6521"},{"taxonomy":"product_cat","embeddable":true,"href":"https:\/\/fb-kitchenware.com\/de\/wp-json\/wp\/v2\/product_cat?post=6521"},{"taxonomy":"product_tag","embeddable":true,"href":"https:\/\/fb-kitchenware.com\/de\/wp-json\/wp\/v2\/product_tag?post=6521"}],"curies":[{"name":"wp","href":"https:\/\/api.w.org\/{rel}","templated":true}]}}