{"id":6524,"date":"2026-02-05T12:36:37","date_gmt":"2026-02-05T11:36:37","guid":{"rendered":"https:\/\/fb-kitchenware.com\/negozio\/unkategorisiert\/grillbuerste-aus-silikon-und-rostfreiem-stahl-aisi-304\/"},"modified":"2026-02-05T12:36:37","modified_gmt":"2026-02-05T11:36:37","slug":"grillbuerste-aus-silikon-und-rostfreiem-stahl-aisi-304","status":"publish","type":"product","link":"https:\/\/fb-kitchenware.com\/de\/negozio\/raster\/grillbuerste-aus-silikon-und-rostfreiem-stahl-aisi-304\/","title":{"rendered":"Grillb\u00fcrste aus Silikon und rostfreiem Stahl AISI 304"},"content":{"rendered":"","protected":false},"excerpt":{"rendered":"<p><strong>Verf\u00fcgbar ab April 2026<\/strong><\/p>\n<p>ChefBrush 304 BBQ-B\u00fcrste zum Einpinseln von Marinaden und Gew\u00fcrzen w\u00e4hrend des Kochens. Konstruktion aus rostfreiem Stahl AISI 304 mit hitzebest\u00e4ndigem Silikonkopf. Die L\u00e4nge von 45 cm erm\u00f6glicht eine sichere Verwendung auch auf Hochtemperatur-Grills. Ideal zum gleichm\u00e4\u00dfigen Verteilen von Fl\u00fcssigkeiten ohne Verschmutzung.   <\/p>\n","protected":false},"featured_media":6525,"template":"","meta":{"_acf_changed":false},"product_brand":[551],"product_cat":[552,616,655],"product_tag":[],"class_list":{"0":"post-6524","1":"product","2":"type-product","3":"status-publish","4":"has-post-thumbnail","6":"product_brand-bbq-tools-fb-kitchenware","7":"product_cat-raster","8":"product_cat-bbq","9":"product_cat-neuheiten","11":"first","12":"instock","13":"taxable","14":"shipping-taxable","15":"purchasable","16":"product-type-simple"},"acf":[],"yoast_head":"<!-- This site is optimized with the Yoast SEO plugin v27.3 - https:\/\/yoast.com\/product\/yoast-seo-wordpress\/ -->\n<title>Grillb\u00fcrste aus Silikon und rostfreiem Stahl AISI 304 - FB Kitchenware<\/title>\n<meta name=\"robots\" content=\"index, follow, max-snippet:-1, max-image-preview:large, max-video-preview:-1\" \/>\n<link rel=\"canonical\" href=\"https:\/\/fb-kitchenware.com\/de\/negozio\/raster\/grillbuerste-aus-silikon-und-rostfreiem-stahl-aisi-304\/\" \/>\n<meta property=\"og:locale\" content=\"de_DE\" \/>\n<meta property=\"og:type\" content=\"article\" \/>\n<meta property=\"og:title\" content=\"Grillb\u00fcrste aus Silikon und rostfreiem Stahl AISI 304 - FB Kitchenware\" \/>\n<meta property=\"og:description\" content=\"Verf\u00fcgbar ab April 2026 ChefBrush 304 BBQ-B\u00fcrste zum Einpinseln von Marinaden und Gew\u00fcrzen w\u00e4hrend des Kochens. Konstruktion aus rostfreiem Stahl AISI 304 mit hitzebest\u00e4ndigem Silikonkopf. Die L\u00e4nge von 45 cm erm\u00f6glicht eine sichere Verwendung auch auf Hochtemperatur-Grills. Ideal zum gleichm\u00e4\u00dfigen Verteilen von Fl\u00fcssigkeiten ohne Verschmutzung.\" \/>\n<meta property=\"og:url\" content=\"https:\/\/fb-kitchenware.com\/de\/negozio\/raster\/grillbuerste-aus-silikon-und-rostfreiem-stahl-aisi-304\/\" \/>\n<meta property=\"og:site_name\" content=\"FB Kitchenware\" \/>\n<meta property=\"og:image\" content=\"https:\/\/fb-kitchenware.com\/wp-content\/uploads\/240.jpg\" \/>\n\t<meta property=\"og:image:width\" content=\"1920\" \/>\n\t<meta property=\"og:image:height\" content=\"1920\" \/>\n\t<meta property=\"og:image:type\" content=\"image\/jpeg\" \/>\n<meta name=\"twitter:card\" content=\"summary_large_image\" \/>\n<script type=\"application\/ld+json\" class=\"yoast-schema-graph\">{\"@context\":\"https:\\\/\\\/schema.org\",\"@graph\":[{\"@type\":\"WebPage\",\"@id\":\"https:\\\/\\\/fb-kitchenware.com\\\/de\\\/negozio\\\/raster\\\/grillbuerste-aus-silikon-und-rostfreiem-stahl-aisi-304\\\/\",\"url\":\"https:\\\/\\\/fb-kitchenware.com\\\/de\\\/negozio\\\/raster\\\/grillbuerste-aus-silikon-und-rostfreiem-stahl-aisi-304\\\/\",\"name\":\"Grillb\u00fcrste aus Silikon und rostfreiem Stahl AISI 304 - FB Kitchenware\",\"isPartOf\":{\"@id\":\"https:\\\/\\\/fb-kitchenware.com\\\/de\\\/#website\"},\"primaryImageOfPage\":{\"@id\":\"https:\\\/\\\/fb-kitchenware.com\\\/de\\\/negozio\\\/raster\\\/grillbuerste-aus-silikon-und-rostfreiem-stahl-aisi-304\\\/#primaryimage\"},\"image\":{\"@id\":\"https:\\\/\\\/fb-kitchenware.com\\\/de\\\/negozio\\\/raster\\\/grillbuerste-aus-silikon-und-rostfreiem-stahl-aisi-304\\\/#primaryimage\"},\"thumbnailUrl\":\"https:\\\/\\\/fb-kitchenware.com\\\/wp-content\\\/uploads\\\/240.jpg\",\"datePublished\":\"2026-02-05T11:36:37+00:00\",\"breadcrumb\":{\"@id\":\"https:\\\/\\\/fb-kitchenware.com\\\/de\\\/negozio\\\/raster\\\/grillbuerste-aus-silikon-und-rostfreiem-stahl-aisi-304\\\/#breadcrumb\"},\"inLanguage\":\"de-DE\",\"potentialAction\":[{\"@type\":\"ReadAction\",\"target\":[\"https:\\\/\\\/fb-kitchenware.com\\\/de\\\/negozio\\\/raster\\\/grillbuerste-aus-silikon-und-rostfreiem-stahl-aisi-304\\\/\"]}]},{\"@type\":\"ImageObject\",\"inLanguage\":\"de-DE\",\"@id\":\"https:\\\/\\\/fb-kitchenware.com\\\/de\\\/negozio\\\/raster\\\/grillbuerste-aus-silikon-und-rostfreiem-stahl-aisi-304\\\/#primaryimage\",\"url\":\"https:\\\/\\\/fb-kitchenware.com\\\/wp-content\\\/uploads\\\/240.jpg\",\"contentUrl\":\"https:\\\/\\\/fb-kitchenware.com\\\/wp-content\\\/uploads\\\/240.jpg\",\"width\":1920,\"height\":1920},{\"@type\":\"BreadcrumbList\",\"@id\":\"https:\\\/\\\/fb-kitchenware.com\\\/de\\\/negozio\\\/raster\\\/grillbuerste-aus-silikon-und-rostfreiem-stahl-aisi-304\\\/#breadcrumb\",\"itemListElement\":[{\"@type\":\"ListItem\",\"position\":1,\"name\":\"Home\",\"item\":\"https:\\\/\\\/fb-kitchenware.com\\\/de\\\/\"},{\"@type\":\"ListItem\",\"position\":2,\"name\":\"Grillb\u00fcrste aus Silikon und rostfreiem Stahl AISI 304\"}]},{\"@type\":\"WebSite\",\"@id\":\"https:\\\/\\\/fb-kitchenware.com\\\/de\\\/#website\",\"url\":\"https:\\\/\\\/fb-kitchenware.com\\\/de\\\/\",\"name\":\"FB Kitchenware\",\"description\":\"\",\"publisher\":{\"@id\":\"https:\\\/\\\/fb-kitchenware.com\\\/de\\\/#organization\"},\"potentialAction\":[{\"@type\":\"SearchAction\",\"target\":{\"@type\":\"EntryPoint\",\"urlTemplate\":\"https:\\\/\\\/fb-kitchenware.com\\\/de\\\/?s={search_term_string}\"},\"query-input\":{\"@type\":\"PropertyValueSpecification\",\"valueRequired\":true,\"valueName\":\"search_term_string\"}}],\"inLanguage\":\"de-DE\"},{\"@type\":\"Organization\",\"@id\":\"https:\\\/\\\/fb-kitchenware.com\\\/de\\\/#organization\",\"name\":\"FB Kitchenware\",\"url\":\"https:\\\/\\\/fb-kitchenware.com\\\/de\\\/\",\"logo\":{\"@type\":\"ImageObject\",\"inLanguage\":\"de-DE\",\"@id\":\"https:\\\/\\\/fb-kitchenware.com\\\/de\\\/#\\\/schema\\\/logo\\\/image\\\/\",\"url\":\"https:\\\/\\\/fb-kitchenware.com\\\/wp-content\\\/uploads\\\/logo_gold.png\",\"contentUrl\":\"https:\\\/\\\/fb-kitchenware.com\\\/wp-content\\\/uploads\\\/logo_gold.png\",\"width\":900,\"height\":900,\"caption\":\"FB Kitchenware\"},\"image\":{\"@id\":\"https:\\\/\\\/fb-kitchenware.com\\\/de\\\/#\\\/schema\\\/logo\\\/image\\\/\"}}]}<\/script>\n<!-- \/ Yoast SEO plugin. -->","yoast_head_json":{"title":"Grillb\u00fcrste aus Silikon und rostfreiem Stahl AISI 304 - FB Kitchenware","robots":{"index":"index","follow":"follow","max-snippet":"max-snippet:-1","max-image-preview":"max-image-preview:large","max-video-preview":"max-video-preview:-1"},"canonical":"https:\/\/fb-kitchenware.com\/de\/negozio\/raster\/grillbuerste-aus-silikon-und-rostfreiem-stahl-aisi-304\/","og_locale":"de_DE","og_type":"article","og_title":"Grillb\u00fcrste aus Silikon und rostfreiem Stahl AISI 304 - FB Kitchenware","og_description":"Verf\u00fcgbar ab April 2026 ChefBrush 304 BBQ-B\u00fcrste zum Einpinseln von Marinaden und Gew\u00fcrzen w\u00e4hrend des Kochens. Konstruktion aus rostfreiem Stahl AISI 304 mit hitzebest\u00e4ndigem Silikonkopf. Die L\u00e4nge von 45 cm erm\u00f6glicht eine sichere Verwendung auch auf Hochtemperatur-Grills. Ideal zum gleichm\u00e4\u00dfigen Verteilen von Fl\u00fcssigkeiten ohne Verschmutzung.","og_url":"https:\/\/fb-kitchenware.com\/de\/negozio\/raster\/grillbuerste-aus-silikon-und-rostfreiem-stahl-aisi-304\/","og_site_name":"FB Kitchenware","og_image":[{"width":1920,"height":1920,"url":"https:\/\/fb-kitchenware.com\/wp-content\/uploads\/240.jpg","type":"image\/jpeg"}],"twitter_card":"summary_large_image","schema":{"@context":"https:\/\/schema.org","@graph":[{"@type":"WebPage","@id":"https:\/\/fb-kitchenware.com\/de\/negozio\/raster\/grillbuerste-aus-silikon-und-rostfreiem-stahl-aisi-304\/","url":"https:\/\/fb-kitchenware.com\/de\/negozio\/raster\/grillbuerste-aus-silikon-und-rostfreiem-stahl-aisi-304\/","name":"Grillb\u00fcrste aus Silikon und rostfreiem Stahl AISI 304 - FB Kitchenware","isPartOf":{"@id":"https:\/\/fb-kitchenware.com\/de\/#website"},"primaryImageOfPage":{"@id":"https:\/\/fb-kitchenware.com\/de\/negozio\/raster\/grillbuerste-aus-silikon-und-rostfreiem-stahl-aisi-304\/#primaryimage"},"image":{"@id":"https:\/\/fb-kitchenware.com\/de\/negozio\/raster\/grillbuerste-aus-silikon-und-rostfreiem-stahl-aisi-304\/#primaryimage"},"thumbnailUrl":"https:\/\/fb-kitchenware.com\/wp-content\/uploads\/240.jpg","datePublished":"2026-02-05T11:36:37+00:00","breadcrumb":{"@id":"https:\/\/fb-kitchenware.com\/de\/negozio\/raster\/grillbuerste-aus-silikon-und-rostfreiem-stahl-aisi-304\/#breadcrumb"},"inLanguage":"de-DE","potentialAction":[{"@type":"ReadAction","target":["https:\/\/fb-kitchenware.com\/de\/negozio\/raster\/grillbuerste-aus-silikon-und-rostfreiem-stahl-aisi-304\/"]}]},{"@type":"ImageObject","inLanguage":"de-DE","@id":"https:\/\/fb-kitchenware.com\/de\/negozio\/raster\/grillbuerste-aus-silikon-und-rostfreiem-stahl-aisi-304\/#primaryimage","url":"https:\/\/fb-kitchenware.com\/wp-content\/uploads\/240.jpg","contentUrl":"https:\/\/fb-kitchenware.com\/wp-content\/uploads\/240.jpg","width":1920,"height":1920},{"@type":"BreadcrumbList","@id":"https:\/\/fb-kitchenware.com\/de\/negozio\/raster\/grillbuerste-aus-silikon-und-rostfreiem-stahl-aisi-304\/#breadcrumb","itemListElement":[{"@type":"ListItem","position":1,"name":"Home","item":"https:\/\/fb-kitchenware.com\/de\/"},{"@type":"ListItem","position":2,"name":"Grillb\u00fcrste aus Silikon und rostfreiem Stahl AISI 304"}]},{"@type":"WebSite","@id":"https:\/\/fb-kitchenware.com\/de\/#website","url":"https:\/\/fb-kitchenware.com\/de\/","name":"FB Kitchenware","description":"","publisher":{"@id":"https:\/\/fb-kitchenware.com\/de\/#organization"},"potentialAction":[{"@type":"SearchAction","target":{"@type":"EntryPoint","urlTemplate":"https:\/\/fb-kitchenware.com\/de\/?s={search_term_string}"},"query-input":{"@type":"PropertyValueSpecification","valueRequired":true,"valueName":"search_term_string"}}],"inLanguage":"de-DE"},{"@type":"Organization","@id":"https:\/\/fb-kitchenware.com\/de\/#organization","name":"FB Kitchenware","url":"https:\/\/fb-kitchenware.com\/de\/","logo":{"@type":"ImageObject","inLanguage":"de-DE","@id":"https:\/\/fb-kitchenware.com\/de\/#\/schema\/logo\/image\/","url":"https:\/\/fb-kitchenware.com\/wp-content\/uploads\/logo_gold.png","contentUrl":"https:\/\/fb-kitchenware.com\/wp-content\/uploads\/logo_gold.png","width":900,"height":900,"caption":"FB Kitchenware"},"image":{"@id":"https:\/\/fb-kitchenware.com\/de\/#\/schema\/logo\/image\/"}}]}},"_links":{"self":[{"href":"https:\/\/fb-kitchenware.com\/de\/wp-json\/wp\/v2\/product\/6524","targetHints":{"allow":["GET"]}}],"collection":[{"href":"https:\/\/fb-kitchenware.com\/de\/wp-json\/wp\/v2\/product"}],"about":[{"href":"https:\/\/fb-kitchenware.com\/de\/wp-json\/wp\/v2\/types\/product"}],"wp:featuredmedia":[{"embeddable":true,"href":"https:\/\/fb-kitchenware.com\/de\/wp-json\/wp\/v2\/media\/6525"}],"wp:attachment":[{"href":"https:\/\/fb-kitchenware.com\/de\/wp-json\/wp\/v2\/media?parent=6524"}],"wp:term":[{"taxonomy":"product_brand","embeddable":true,"href":"https:\/\/fb-kitchenware.com\/de\/wp-json\/wp\/v2\/product_brand?post=6524"},{"taxonomy":"product_cat","embeddable":true,"href":"https:\/\/fb-kitchenware.com\/de\/wp-json\/wp\/v2\/product_cat?post=6524"},{"taxonomy":"product_tag","embeddable":true,"href":"https:\/\/fb-kitchenware.com\/de\/wp-json\/wp\/v2\/product_tag?post=6524"}],"curies":[{"name":"wp","href":"https:\/\/api.w.org\/{rel}","templated":true}]}}