{"id":6668,"date":"2026-02-05T12:36:37","date_gmt":"2026-02-05T11:36:37","guid":{"rendered":"https:\/\/fb-kitchenware.com\/negozio\/unkategorisiert\/wasserkocher-sonabet-2-5l-spiegel\/"},"modified":"2026-02-05T12:36:37","modified_gmt":"2026-02-05T11:36:37","slug":"wasserkocher-sonabet-2-5l-spiegel","status":"publish","type":"product","link":"https:\/\/fb-kitchenware.com\/de\/negozio\/topf\/wasserkocher-sonabet-2-5l-spiegel\/","title":{"rendered":"Wasserkocher Sonabet 2.5L Spiegel"},"content":{"rendered":"","protected":false},"excerpt":{"rendered":"<p><strong>Verf\u00fcgbar ab Ende M\u00e4rz 2026<\/strong><\/p>\n<p>Der Sonabet Mirror Wasserkocher hebt die Reinheit des Materials durch eine hochglanzpolierte Oberfl\u00e4che hervor. Er ist aus Edelstahl 18\/10 gefertigt und garantiert hohe Leistung, gleichm\u00e4\u00dfige Erw\u00e4rmung und vollst\u00e4ndige Kompatibilit\u00e4t mit Induktion, Gas und Elektro. Die einteilige Pfeife signalisiert deutlich das Aufkochen. Ein ikonisches Objekt, bei dem Funktion und Licht ohne \u00dcberma\u00df koexistieren.   <\/p>\n","protected":false},"featured_media":7691,"template":"","meta":{"_acf_changed":false},"product_brand":[670],"product_cat":[655,533],"product_tag":[],"class_list":{"0":"post-6668","1":"product","2":"type-product","3":"status-publish","4":"has-post-thumbnail","6":"product_brand-sonabet","7":"product_cat-neuheiten","8":"product_cat-topf","10":"first","11":"instock","12":"taxable","13":"shipping-taxable","14":"purchasable","15":"product-type-simple"},"acf":[],"yoast_head":"<!-- This site is optimized with the Yoast SEO plugin v27.3 - https:\/\/yoast.com\/product\/yoast-seo-wordpress\/ -->\n<title>Wasserkocher Sonabet 2.5L Spiegel - FB Kitchenware<\/title>\n<meta name=\"robots\" content=\"index, follow, max-snippet:-1, max-image-preview:large, max-video-preview:-1\" \/>\n<link rel=\"canonical\" href=\"https:\/\/fb-kitchenware.com\/de\/negozio\/topf\/wasserkocher-sonabet-2-5l-spiegel\/\" \/>\n<meta property=\"og:locale\" content=\"de_DE\" \/>\n<meta property=\"og:type\" content=\"article\" \/>\n<meta property=\"og:title\" content=\"Wasserkocher Sonabet 2.5L Spiegel - FB Kitchenware\" \/>\n<meta property=\"og:description\" content=\"Verf\u00fcgbar ab Ende M\u00e4rz 2026 Der Sonabet Mirror Wasserkocher hebt die Reinheit des Materials durch eine hochglanzpolierte Oberfl\u00e4che hervor. Er ist aus Edelstahl 18\/10 gefertigt und garantiert hohe Leistung, gleichm\u00e4\u00dfige Erw\u00e4rmung und vollst\u00e4ndige Kompatibilit\u00e4t mit Induktion, Gas und Elektro. Die einteilige Pfeife signalisiert deutlich das Aufkochen. Ein ikonisches Objekt, bei dem Funktion und Licht ohne \u00dcberma\u00df koexistieren.\" \/>\n<meta property=\"og:url\" content=\"https:\/\/fb-kitchenware.com\/de\/negozio\/topf\/wasserkocher-sonabet-2-5l-spiegel\/\" \/>\n<meta property=\"og:site_name\" content=\"FB Kitchenware\" \/>\n<meta property=\"og:image\" content=\"https:\/\/fb-kitchenware.com\/wp-content\/uploads\/arg.jpg\" \/>\n\t<meta property=\"og:image:width\" content=\"1222\" \/>\n\t<meta property=\"og:image:height\" content=\"1222\" \/>\n\t<meta property=\"og:image:type\" content=\"image\/jpeg\" \/>\n<meta name=\"twitter:card\" content=\"summary_large_image\" \/>\n<script type=\"application\/ld+json\" class=\"yoast-schema-graph\">{\"@context\":\"https:\\\/\\\/schema.org\",\"@graph\":[{\"@type\":\"WebPage\",\"@id\":\"https:\\\/\\\/fb-kitchenware.com\\\/de\\\/negozio\\\/topf\\\/wasserkocher-sonabet-2-5l-spiegel\\\/\",\"url\":\"https:\\\/\\\/fb-kitchenware.com\\\/de\\\/negozio\\\/topf\\\/wasserkocher-sonabet-2-5l-spiegel\\\/\",\"name\":\"Wasserkocher Sonabet 2.5L Spiegel - FB Kitchenware\",\"isPartOf\":{\"@id\":\"https:\\\/\\\/fb-kitchenware.com\\\/de\\\/#website\"},\"primaryImageOfPage\":{\"@id\":\"https:\\\/\\\/fb-kitchenware.com\\\/de\\\/negozio\\\/topf\\\/wasserkocher-sonabet-2-5l-spiegel\\\/#primaryimage\"},\"image\":{\"@id\":\"https:\\\/\\\/fb-kitchenware.com\\\/de\\\/negozio\\\/topf\\\/wasserkocher-sonabet-2-5l-spiegel\\\/#primaryimage\"},\"thumbnailUrl\":\"https:\\\/\\\/fb-kitchenware.com\\\/wp-content\\\/uploads\\\/arg.jpg\",\"datePublished\":\"2026-02-05T11:36:37+00:00\",\"breadcrumb\":{\"@id\":\"https:\\\/\\\/fb-kitchenware.com\\\/de\\\/negozio\\\/topf\\\/wasserkocher-sonabet-2-5l-spiegel\\\/#breadcrumb\"},\"inLanguage\":\"de-DE\",\"potentialAction\":[{\"@type\":\"ReadAction\",\"target\":[\"https:\\\/\\\/fb-kitchenware.com\\\/de\\\/negozio\\\/topf\\\/wasserkocher-sonabet-2-5l-spiegel\\\/\"]}]},{\"@type\":\"ImageObject\",\"inLanguage\":\"de-DE\",\"@id\":\"https:\\\/\\\/fb-kitchenware.com\\\/de\\\/negozio\\\/topf\\\/wasserkocher-sonabet-2-5l-spiegel\\\/#primaryimage\",\"url\":\"https:\\\/\\\/fb-kitchenware.com\\\/wp-content\\\/uploads\\\/arg.jpg\",\"contentUrl\":\"https:\\\/\\\/fb-kitchenware.com\\\/wp-content\\\/uploads\\\/arg.jpg\",\"width\":1222,\"height\":1222},{\"@type\":\"BreadcrumbList\",\"@id\":\"https:\\\/\\\/fb-kitchenware.com\\\/de\\\/negozio\\\/topf\\\/wasserkocher-sonabet-2-5l-spiegel\\\/#breadcrumb\",\"itemListElement\":[{\"@type\":\"ListItem\",\"position\":1,\"name\":\"Home\",\"item\":\"https:\\\/\\\/fb-kitchenware.com\\\/de\\\/\"},{\"@type\":\"ListItem\",\"position\":2,\"name\":\"Wasserkocher Sonabet 2.5L Spiegel\"}]},{\"@type\":\"WebSite\",\"@id\":\"https:\\\/\\\/fb-kitchenware.com\\\/de\\\/#website\",\"url\":\"https:\\\/\\\/fb-kitchenware.com\\\/de\\\/\",\"name\":\"FB Kitchenware\",\"description\":\"\",\"publisher\":{\"@id\":\"https:\\\/\\\/fb-kitchenware.com\\\/de\\\/#organization\"},\"potentialAction\":[{\"@type\":\"SearchAction\",\"target\":{\"@type\":\"EntryPoint\",\"urlTemplate\":\"https:\\\/\\\/fb-kitchenware.com\\\/de\\\/?s={search_term_string}\"},\"query-input\":{\"@type\":\"PropertyValueSpecification\",\"valueRequired\":true,\"valueName\":\"search_term_string\"}}],\"inLanguage\":\"de-DE\"},{\"@type\":\"Organization\",\"@id\":\"https:\\\/\\\/fb-kitchenware.com\\\/de\\\/#organization\",\"name\":\"FB Kitchenware\",\"url\":\"https:\\\/\\\/fb-kitchenware.com\\\/de\\\/\",\"logo\":{\"@type\":\"ImageObject\",\"inLanguage\":\"de-DE\",\"@id\":\"https:\\\/\\\/fb-kitchenware.com\\\/de\\\/#\\\/schema\\\/logo\\\/image\\\/\",\"url\":\"https:\\\/\\\/fb-kitchenware.com\\\/wp-content\\\/uploads\\\/logo_gold.png\",\"contentUrl\":\"https:\\\/\\\/fb-kitchenware.com\\\/wp-content\\\/uploads\\\/logo_gold.png\",\"width\":900,\"height\":900,\"caption\":\"FB Kitchenware\"},\"image\":{\"@id\":\"https:\\\/\\\/fb-kitchenware.com\\\/de\\\/#\\\/schema\\\/logo\\\/image\\\/\"}}]}<\/script>\n<!-- \/ Yoast SEO plugin. -->","yoast_head_json":{"title":"Wasserkocher Sonabet 2.5L Spiegel - FB Kitchenware","robots":{"index":"index","follow":"follow","max-snippet":"max-snippet:-1","max-image-preview":"max-image-preview:large","max-video-preview":"max-video-preview:-1"},"canonical":"https:\/\/fb-kitchenware.com\/de\/negozio\/topf\/wasserkocher-sonabet-2-5l-spiegel\/","og_locale":"de_DE","og_type":"article","og_title":"Wasserkocher Sonabet 2.5L Spiegel - FB Kitchenware","og_description":"Verf\u00fcgbar ab Ende M\u00e4rz 2026 Der Sonabet Mirror Wasserkocher hebt die Reinheit des Materials durch eine hochglanzpolierte Oberfl\u00e4che hervor. Er ist aus Edelstahl 18\/10 gefertigt und garantiert hohe Leistung, gleichm\u00e4\u00dfige Erw\u00e4rmung und vollst\u00e4ndige Kompatibilit\u00e4t mit Induktion, Gas und Elektro. Die einteilige Pfeife signalisiert deutlich das Aufkochen. Ein ikonisches Objekt, bei dem Funktion und Licht ohne \u00dcberma\u00df koexistieren.","og_url":"https:\/\/fb-kitchenware.com\/de\/negozio\/topf\/wasserkocher-sonabet-2-5l-spiegel\/","og_site_name":"FB Kitchenware","og_image":[{"width":1222,"height":1222,"url":"https:\/\/fb-kitchenware.com\/wp-content\/uploads\/arg.jpg","type":"image\/jpeg"}],"twitter_card":"summary_large_image","schema":{"@context":"https:\/\/schema.org","@graph":[{"@type":"WebPage","@id":"https:\/\/fb-kitchenware.com\/de\/negozio\/topf\/wasserkocher-sonabet-2-5l-spiegel\/","url":"https:\/\/fb-kitchenware.com\/de\/negozio\/topf\/wasserkocher-sonabet-2-5l-spiegel\/","name":"Wasserkocher Sonabet 2.5L Spiegel - FB Kitchenware","isPartOf":{"@id":"https:\/\/fb-kitchenware.com\/de\/#website"},"primaryImageOfPage":{"@id":"https:\/\/fb-kitchenware.com\/de\/negozio\/topf\/wasserkocher-sonabet-2-5l-spiegel\/#primaryimage"},"image":{"@id":"https:\/\/fb-kitchenware.com\/de\/negozio\/topf\/wasserkocher-sonabet-2-5l-spiegel\/#primaryimage"},"thumbnailUrl":"https:\/\/fb-kitchenware.com\/wp-content\/uploads\/arg.jpg","datePublished":"2026-02-05T11:36:37+00:00","breadcrumb":{"@id":"https:\/\/fb-kitchenware.com\/de\/negozio\/topf\/wasserkocher-sonabet-2-5l-spiegel\/#breadcrumb"},"inLanguage":"de-DE","potentialAction":[{"@type":"ReadAction","target":["https:\/\/fb-kitchenware.com\/de\/negozio\/topf\/wasserkocher-sonabet-2-5l-spiegel\/"]}]},{"@type":"ImageObject","inLanguage":"de-DE","@id":"https:\/\/fb-kitchenware.com\/de\/negozio\/topf\/wasserkocher-sonabet-2-5l-spiegel\/#primaryimage","url":"https:\/\/fb-kitchenware.com\/wp-content\/uploads\/arg.jpg","contentUrl":"https:\/\/fb-kitchenware.com\/wp-content\/uploads\/arg.jpg","width":1222,"height":1222},{"@type":"BreadcrumbList","@id":"https:\/\/fb-kitchenware.com\/de\/negozio\/topf\/wasserkocher-sonabet-2-5l-spiegel\/#breadcrumb","itemListElement":[{"@type":"ListItem","position":1,"name":"Home","item":"https:\/\/fb-kitchenware.com\/de\/"},{"@type":"ListItem","position":2,"name":"Wasserkocher Sonabet 2.5L Spiegel"}]},{"@type":"WebSite","@id":"https:\/\/fb-kitchenware.com\/de\/#website","url":"https:\/\/fb-kitchenware.com\/de\/","name":"FB Kitchenware","description":"","publisher":{"@id":"https:\/\/fb-kitchenware.com\/de\/#organization"},"potentialAction":[{"@type":"SearchAction","target":{"@type":"EntryPoint","urlTemplate":"https:\/\/fb-kitchenware.com\/de\/?s={search_term_string}"},"query-input":{"@type":"PropertyValueSpecification","valueRequired":true,"valueName":"search_term_string"}}],"inLanguage":"de-DE"},{"@type":"Organization","@id":"https:\/\/fb-kitchenware.com\/de\/#organization","name":"FB Kitchenware","url":"https:\/\/fb-kitchenware.com\/de\/","logo":{"@type":"ImageObject","inLanguage":"de-DE","@id":"https:\/\/fb-kitchenware.com\/de\/#\/schema\/logo\/image\/","url":"https:\/\/fb-kitchenware.com\/wp-content\/uploads\/logo_gold.png","contentUrl":"https:\/\/fb-kitchenware.com\/wp-content\/uploads\/logo_gold.png","width":900,"height":900,"caption":"FB Kitchenware"},"image":{"@id":"https:\/\/fb-kitchenware.com\/de\/#\/schema\/logo\/image\/"}}]}},"_links":{"self":[{"href":"https:\/\/fb-kitchenware.com\/de\/wp-json\/wp\/v2\/product\/6668","targetHints":{"allow":["GET"]}}],"collection":[{"href":"https:\/\/fb-kitchenware.com\/de\/wp-json\/wp\/v2\/product"}],"about":[{"href":"https:\/\/fb-kitchenware.com\/de\/wp-json\/wp\/v2\/types\/product"}],"wp:featuredmedia":[{"embeddable":true,"href":"https:\/\/fb-kitchenware.com\/de\/wp-json\/wp\/v2\/media\/7691"}],"wp:attachment":[{"href":"https:\/\/fb-kitchenware.com\/de\/wp-json\/wp\/v2\/media?parent=6668"}],"wp:term":[{"taxonomy":"product_brand","embeddable":true,"href":"https:\/\/fb-kitchenware.com\/de\/wp-json\/wp\/v2\/product_brand?post=6668"},{"taxonomy":"product_cat","embeddable":true,"href":"https:\/\/fb-kitchenware.com\/de\/wp-json\/wp\/v2\/product_cat?post=6668"},{"taxonomy":"product_tag","embeddable":true,"href":"https:\/\/fb-kitchenware.com\/de\/wp-json\/wp\/v2\/product_tag?post=6668"}],"curies":[{"name":"wp","href":"https:\/\/api.w.org\/{rel}","templated":true}]}}