{"id":6719,"date":"2025-12-01T15:51:44","date_gmt":"2025-12-01T14:51:44","guid":{"rendered":"https:\/\/fb-kitchenware.com\/negozio\/unkategorisiert\/marmorbuendel-schwarz-bratpfanne-diam-24-bratpfanne-diam-28-wok-mit-deckel-marmoplus\/"},"modified":"2025-12-01T15:51:44","modified_gmt":"2025-12-01T14:51:44","slug":"marmorbuendel-schwarz-bratpfanne-diam-24-bratpfanne-diam-28-wok-mit-deckel-marmoplus","status":"publish","type":"product","link":"https:\/\/fb-kitchenware.com\/de\/negozio\/besten%e2%80%91fbkitchenware%e2%80%91pfannen\/marmorbuendel-schwarz-bratpfanne-diam-24-bratpfanne-diam-28-wok-mit-deckel-marmoplus\/","title":{"rendered":"Marmorb\u00fcndel Schwarz | Bratpfanne diam 24 + Bratpfanne diam 28 + Wok mit Deckel Marmoplus"},"content":{"rendered":"","protected":false},"excerpt":{"rendered":"<p data-start=\"531\" data-end=\"955\">Das <strong data-start=\"575\" data-end=\"588\">Marble<\/strong> Bundle <strong data-start=\"534\" data-end=\"557\">Black<\/strong> aus der <strong data-start=\"575\" data-end=\"588\">MarmoPlus-Kollektion<\/strong> vereint drei praktische, leichte Werkzeuge, die f\u00fcr die einfache, saubere und unkomplizierte t\u00e4gliche K\u00fcche entwickelt wurden: die <strong data-start=\"709\" data-end=\"765\">MarmoPlus Bratpfanne aus antihaftbeschichtetem Aluminium mit 24 cm Durchmesser, die Bratpfanne aus antihaftbeschichtetem Aluminium mit 28 cm Durchmesser <\/strong> und den <strong data-start=\"771\" data-end=\"797\">MarmoPlus Wok mit 26 cm Durchmesser<\/strong>. Es ist ein Paket f\u00fcr diejenigen, die Vielseitigkeit, Zuverl\u00e4ssigkeit und eine L\u00f6sung f\u00fcr jedes Rezept suchen, vom schnellen Mittagessen bis zur strukturierten Zubereitung. <\/p>\n<p data-start=\"957\" data-end=\"1472\">Die 24 und 28 cm gro\u00dfen Bratpfannen sind dank der verst\u00e4rkten Antihaftbeschichtung mit Marmoreffekt perfekt zum Anbraten, Sautieren, Erhitzen und Kochen mit wenig Fett. Die Oberfl\u00e4che f\u00f6rdert ein gleichm\u00e4\u00dfiges Garen und verhindert das Anhaften von Lebensmitteln, wodurch die Pfannen ideal f\u00fcr den t\u00e4glichen Gebrauch sind. Der 26 cm gro\u00dfe Wok vervollst\u00e4ndigt das Set mit seiner tiefen Form. Er ist ideal zum Sautieren von Gem\u00fcse, zur Zubereitung asiatischer Gerichte, zum Kochen gro\u00dfer Portionen oder zum Kreieren einzigartiger Rezepte mit schneller und kontrollierter W\u00e4rmeverteilung.  <\/p>\n<h2 data-start=\"2907\" data-end=\"2940\"><strong data-start=\"2910\" data-end=\"2940\">Was das Paket beinhaltet<\/strong><\/h2>\n<ul data-start=\"2941\" data-end=\"3106\">\n<li data-start=\"2941\" data-end=\"3008\">\n<p data-start=\"2943\" data-end=\"3008\">1 <strong data-start=\"2945\" data-end=\"3006\">MarmoPlus Aluminium Bratpfanne mit Antihaftbeschichtung \u00d824 cm &#8211; Schwarz<\/strong><\/p>\n<\/li>\n<li data-start=\"2941\" data-end=\"3008\">\n<p data-start=\"2943\" data-end=\"3008\">1 <strong data-start=\"2945\" data-end=\"3006\">MarmoPlus Aluminium Bratpfanne mit Antihaftbeschichtung \u00d828 cm &#8211; Schwarz<\/strong><\/p>\n<\/li>\n<li data-start=\"3009\" data-end=\"3072\">\n<p data-start=\"3011\" data-end=\"3072\">1 <strong data-start=\"3013\" data-end=\"3070\">MarmoPlus Antihaft-Aluminium-Wok \u00d826 cm &#8211; Schwarz<\/strong><\/p>\n<\/li>\n<li data-start=\"3073\" data-end=\"3106\">\n<p data-start=\"3075\" data-end=\"3106\">Betriebs- und Wartungsanleitung<\/p>\n<\/li>\n<\/ul>\n","protected":false},"featured_media":6722,"template":"","meta":{"_acf_changed":false},"product_brand":[588],"product_cat":[518,582,645],"product_tag":[],"class_list":{"0":"post-6719","1":"product","2":"type-product","3":"status-publish","4":"has-post-thumbnail","6":"product_brand-marmoplus","7":"product_cat-bestenfbkitchenwarepfannen","8":"product_cat-wok","9":"product_cat-serienende","11":"first","12":"instock","13":"sale","14":"taxable","15":"shipping-taxable","16":"purchasable","17":"product-type-simple"},"acf":[],"yoast_head":"<!-- This site is optimized with the Yoast SEO plugin v27.3 - https:\/\/yoast.com\/product\/yoast-seo-wordpress\/ -->\n<title>Marmorb\u00fcndel Schwarz | Aluminium Bratpfanne 24 cm + Wok 26 cm<\/title>\n<meta name=\"description\" content=\"Entdecken Sie das Marble Bundle Black: 24 cm Bratpfanne aus antihaftbeschichtetem Aluminium und 26 cm MarmoPlus Wok. Leicht, langlebig und perfekt f\u00fcr die t\u00e4gliche K\u00fcche.\" \/>\n<meta name=\"robots\" content=\"index, follow, max-snippet:-1, max-image-preview:large, max-video-preview:-1\" \/>\n<link rel=\"canonical\" href=\"https:\/\/fb-kitchenware.com\/de\/negozio\/besten%e2%80%91fbkitchenware%e2%80%91pfannen\/marmorbuendel-schwarz-bratpfanne-diam-24-bratpfanne-diam-28-wok-mit-deckel-marmoplus\/\" \/>\n<meta property=\"og:locale\" content=\"de_DE\" \/>\n<meta property=\"og:type\" content=\"article\" \/>\n<meta property=\"og:title\" content=\"Marmorb\u00fcndel Schwarz | Aluminium Bratpfanne 24 cm + Wok 26 cm\" \/>\n<meta property=\"og:description\" content=\"Entdecken Sie das Marble Bundle Black: 24 cm Bratpfanne aus antihaftbeschichtetem Aluminium und 26 cm MarmoPlus Wok. Leicht, langlebig und perfekt f\u00fcr die t\u00e4gliche K\u00fcche.\" \/>\n<meta property=\"og:url\" content=\"https:\/\/fb-kitchenware.com\/de\/negozio\/besten%e2%80%91fbkitchenware%e2%80%91pfannen\/marmorbuendel-schwarz-bratpfanne-diam-24-bratpfanne-diam-28-wok-mit-deckel-marmoplus\/\" \/>\n<meta property=\"og:site_name\" content=\"FB Kitchenware\" \/>\n<meta property=\"og:image\" content=\"https:\/\/fb-kitchenware.com\/wp-content\/uploads\/murble-bunde-nero-.jpg\" \/>\n\t<meta property=\"og:image:width\" content=\"1536\" \/>\n\t<meta property=\"og:image:height\" content=\"1920\" \/>\n\t<meta property=\"og:image:type\" content=\"image\/jpeg\" \/>\n<meta name=\"twitter:card\" content=\"summary_large_image\" \/>\n<script type=\"application\/ld+json\" class=\"yoast-schema-graph\">{\"@context\":\"https:\\\/\\\/schema.org\",\"@graph\":[{\"@type\":\"WebPage\",\"@id\":\"https:\\\/\\\/fb-kitchenware.com\\\/de\\\/negozio\\\/besten%e2%80%91fbkitchenware%e2%80%91pfannen\\\/marmorbuendel-schwarz-bratpfanne-diam-24-bratpfanne-diam-28-wok-mit-deckel-marmoplus\\\/\",\"url\":\"https:\\\/\\\/fb-kitchenware.com\\\/de\\\/negozio\\\/besten%e2%80%91fbkitchenware%e2%80%91pfannen\\\/marmorbuendel-schwarz-bratpfanne-diam-24-bratpfanne-diam-28-wok-mit-deckel-marmoplus\\\/\",\"name\":\"Marmorb\u00fcndel Schwarz | Aluminium Bratpfanne 24 cm + Wok 26 cm\",\"isPartOf\":{\"@id\":\"https:\\\/\\\/fb-kitchenware.com\\\/de\\\/#website\"},\"primaryImageOfPage\":{\"@id\":\"https:\\\/\\\/fb-kitchenware.com\\\/de\\\/negozio\\\/besten%e2%80%91fbkitchenware%e2%80%91pfannen\\\/marmorbuendel-schwarz-bratpfanne-diam-24-bratpfanne-diam-28-wok-mit-deckel-marmoplus\\\/#primaryimage\"},\"image\":{\"@id\":\"https:\\\/\\\/fb-kitchenware.com\\\/de\\\/negozio\\\/besten%e2%80%91fbkitchenware%e2%80%91pfannen\\\/marmorbuendel-schwarz-bratpfanne-diam-24-bratpfanne-diam-28-wok-mit-deckel-marmoplus\\\/#primaryimage\"},\"thumbnailUrl\":\"https:\\\/\\\/fb-kitchenware.com\\\/wp-content\\\/uploads\\\/murble-bunde-nero-.jpg\",\"datePublished\":\"2025-12-01T14:51:44+00:00\",\"description\":\"Entdecken Sie das Marble Bundle Black: 24 cm Bratpfanne aus antihaftbeschichtetem Aluminium und 26 cm MarmoPlus Wok. Leicht, langlebig und perfekt f\u00fcr die t\u00e4gliche K\u00fcche.\",\"breadcrumb\":{\"@id\":\"https:\\\/\\\/fb-kitchenware.com\\\/de\\\/negozio\\\/besten%e2%80%91fbkitchenware%e2%80%91pfannen\\\/marmorbuendel-schwarz-bratpfanne-diam-24-bratpfanne-diam-28-wok-mit-deckel-marmoplus\\\/#breadcrumb\"},\"inLanguage\":\"de-DE\",\"potentialAction\":[{\"@type\":\"ReadAction\",\"target\":[\"https:\\\/\\\/fb-kitchenware.com\\\/de\\\/negozio\\\/besten%e2%80%91fbkitchenware%e2%80%91pfannen\\\/marmorbuendel-schwarz-bratpfanne-diam-24-bratpfanne-diam-28-wok-mit-deckel-marmoplus\\\/\"]}]},{\"@type\":\"ImageObject\",\"inLanguage\":\"de-DE\",\"@id\":\"https:\\\/\\\/fb-kitchenware.com\\\/de\\\/negozio\\\/besten%e2%80%91fbkitchenware%e2%80%91pfannen\\\/marmorbuendel-schwarz-bratpfanne-diam-24-bratpfanne-diam-28-wok-mit-deckel-marmoplus\\\/#primaryimage\",\"url\":\"https:\\\/\\\/fb-kitchenware.com\\\/wp-content\\\/uploads\\\/murble-bunde-nero-.jpg\",\"contentUrl\":\"https:\\\/\\\/fb-kitchenware.com\\\/wp-content\\\/uploads\\\/murble-bunde-nero-.jpg\",\"width\":1536,\"height\":1920},{\"@type\":\"BreadcrumbList\",\"@id\":\"https:\\\/\\\/fb-kitchenware.com\\\/de\\\/negozio\\\/besten%e2%80%91fbkitchenware%e2%80%91pfannen\\\/marmorbuendel-schwarz-bratpfanne-diam-24-bratpfanne-diam-28-wok-mit-deckel-marmoplus\\\/#breadcrumb\",\"itemListElement\":[{\"@type\":\"ListItem\",\"position\":1,\"name\":\"Home\",\"item\":\"https:\\\/\\\/fb-kitchenware.com\\\/de\\\/\"},{\"@type\":\"ListItem\",\"position\":2,\"name\":\"Marmorb\u00fcndel Schwarz | Bratpfanne diam 24 + Bratpfanne diam 28 + Wok mit Deckel Marmoplus\"}]},{\"@type\":\"WebSite\",\"@id\":\"https:\\\/\\\/fb-kitchenware.com\\\/de\\\/#website\",\"url\":\"https:\\\/\\\/fb-kitchenware.com\\\/de\\\/\",\"name\":\"FB Kitchenware\",\"description\":\"\",\"publisher\":{\"@id\":\"https:\\\/\\\/fb-kitchenware.com\\\/de\\\/#organization\"},\"potentialAction\":[{\"@type\":\"SearchAction\",\"target\":{\"@type\":\"EntryPoint\",\"urlTemplate\":\"https:\\\/\\\/fb-kitchenware.com\\\/de\\\/?s={search_term_string}\"},\"query-input\":{\"@type\":\"PropertyValueSpecification\",\"valueRequired\":true,\"valueName\":\"search_term_string\"}}],\"inLanguage\":\"de-DE\"},{\"@type\":\"Organization\",\"@id\":\"https:\\\/\\\/fb-kitchenware.com\\\/de\\\/#organization\",\"name\":\"FB Kitchenware\",\"url\":\"https:\\\/\\\/fb-kitchenware.com\\\/de\\\/\",\"logo\":{\"@type\":\"ImageObject\",\"inLanguage\":\"de-DE\",\"@id\":\"https:\\\/\\\/fb-kitchenware.com\\\/de\\\/#\\\/schema\\\/logo\\\/image\\\/\",\"url\":\"https:\\\/\\\/fb-kitchenware.com\\\/wp-content\\\/uploads\\\/logo_gold.png\",\"contentUrl\":\"https:\\\/\\\/fb-kitchenware.com\\\/wp-content\\\/uploads\\\/logo_gold.png\",\"width\":900,\"height\":900,\"caption\":\"FB Kitchenware\"},\"image\":{\"@id\":\"https:\\\/\\\/fb-kitchenware.com\\\/de\\\/#\\\/schema\\\/logo\\\/image\\\/\"}}]}<\/script>\n<!-- \/ Yoast SEO plugin. -->","yoast_head_json":{"title":"Marmorb\u00fcndel Schwarz | Aluminium Bratpfanne 24 cm + Wok 26 cm","description":"Entdecken Sie das Marble Bundle Black: 24 cm Bratpfanne aus antihaftbeschichtetem Aluminium und 26 cm MarmoPlus Wok. Leicht, langlebig und perfekt f\u00fcr die t\u00e4gliche K\u00fcche.","robots":{"index":"index","follow":"follow","max-snippet":"max-snippet:-1","max-image-preview":"max-image-preview:large","max-video-preview":"max-video-preview:-1"},"canonical":"https:\/\/fb-kitchenware.com\/de\/negozio\/besten%e2%80%91fbkitchenware%e2%80%91pfannen\/marmorbuendel-schwarz-bratpfanne-diam-24-bratpfanne-diam-28-wok-mit-deckel-marmoplus\/","og_locale":"de_DE","og_type":"article","og_title":"Marmorb\u00fcndel Schwarz | Aluminium Bratpfanne 24 cm + Wok 26 cm","og_description":"Entdecken Sie das Marble Bundle Black: 24 cm Bratpfanne aus antihaftbeschichtetem Aluminium und 26 cm MarmoPlus Wok. Leicht, langlebig und perfekt f\u00fcr die t\u00e4gliche K\u00fcche.","og_url":"https:\/\/fb-kitchenware.com\/de\/negozio\/besten%e2%80%91fbkitchenware%e2%80%91pfannen\/marmorbuendel-schwarz-bratpfanne-diam-24-bratpfanne-diam-28-wok-mit-deckel-marmoplus\/","og_site_name":"FB Kitchenware","og_image":[{"width":1536,"height":1920,"url":"https:\/\/fb-kitchenware.com\/wp-content\/uploads\/murble-bunde-nero-.jpg","type":"image\/jpeg"}],"twitter_card":"summary_large_image","schema":{"@context":"https:\/\/schema.org","@graph":[{"@type":"WebPage","@id":"https:\/\/fb-kitchenware.com\/de\/negozio\/besten%e2%80%91fbkitchenware%e2%80%91pfannen\/marmorbuendel-schwarz-bratpfanne-diam-24-bratpfanne-diam-28-wok-mit-deckel-marmoplus\/","url":"https:\/\/fb-kitchenware.com\/de\/negozio\/besten%e2%80%91fbkitchenware%e2%80%91pfannen\/marmorbuendel-schwarz-bratpfanne-diam-24-bratpfanne-diam-28-wok-mit-deckel-marmoplus\/","name":"Marmorb\u00fcndel Schwarz | Aluminium Bratpfanne 24 cm + Wok 26 cm","isPartOf":{"@id":"https:\/\/fb-kitchenware.com\/de\/#website"},"primaryImageOfPage":{"@id":"https:\/\/fb-kitchenware.com\/de\/negozio\/besten%e2%80%91fbkitchenware%e2%80%91pfannen\/marmorbuendel-schwarz-bratpfanne-diam-24-bratpfanne-diam-28-wok-mit-deckel-marmoplus\/#primaryimage"},"image":{"@id":"https:\/\/fb-kitchenware.com\/de\/negozio\/besten%e2%80%91fbkitchenware%e2%80%91pfannen\/marmorbuendel-schwarz-bratpfanne-diam-24-bratpfanne-diam-28-wok-mit-deckel-marmoplus\/#primaryimage"},"thumbnailUrl":"https:\/\/fb-kitchenware.com\/wp-content\/uploads\/murble-bunde-nero-.jpg","datePublished":"2025-12-01T14:51:44+00:00","description":"Entdecken Sie das Marble Bundle Black: 24 cm Bratpfanne aus antihaftbeschichtetem Aluminium und 26 cm MarmoPlus Wok. Leicht, langlebig und perfekt f\u00fcr die t\u00e4gliche K\u00fcche.","breadcrumb":{"@id":"https:\/\/fb-kitchenware.com\/de\/negozio\/besten%e2%80%91fbkitchenware%e2%80%91pfannen\/marmorbuendel-schwarz-bratpfanne-diam-24-bratpfanne-diam-28-wok-mit-deckel-marmoplus\/#breadcrumb"},"inLanguage":"de-DE","potentialAction":[{"@type":"ReadAction","target":["https:\/\/fb-kitchenware.com\/de\/negozio\/besten%e2%80%91fbkitchenware%e2%80%91pfannen\/marmorbuendel-schwarz-bratpfanne-diam-24-bratpfanne-diam-28-wok-mit-deckel-marmoplus\/"]}]},{"@type":"ImageObject","inLanguage":"de-DE","@id":"https:\/\/fb-kitchenware.com\/de\/negozio\/besten%e2%80%91fbkitchenware%e2%80%91pfannen\/marmorbuendel-schwarz-bratpfanne-diam-24-bratpfanne-diam-28-wok-mit-deckel-marmoplus\/#primaryimage","url":"https:\/\/fb-kitchenware.com\/wp-content\/uploads\/murble-bunde-nero-.jpg","contentUrl":"https:\/\/fb-kitchenware.com\/wp-content\/uploads\/murble-bunde-nero-.jpg","width":1536,"height":1920},{"@type":"BreadcrumbList","@id":"https:\/\/fb-kitchenware.com\/de\/negozio\/besten%e2%80%91fbkitchenware%e2%80%91pfannen\/marmorbuendel-schwarz-bratpfanne-diam-24-bratpfanne-diam-28-wok-mit-deckel-marmoplus\/#breadcrumb","itemListElement":[{"@type":"ListItem","position":1,"name":"Home","item":"https:\/\/fb-kitchenware.com\/de\/"},{"@type":"ListItem","position":2,"name":"Marmorb\u00fcndel Schwarz | Bratpfanne diam 24 + Bratpfanne diam 28 + Wok mit Deckel Marmoplus"}]},{"@type":"WebSite","@id":"https:\/\/fb-kitchenware.com\/de\/#website","url":"https:\/\/fb-kitchenware.com\/de\/","name":"FB Kitchenware","description":"","publisher":{"@id":"https:\/\/fb-kitchenware.com\/de\/#organization"},"potentialAction":[{"@type":"SearchAction","target":{"@type":"EntryPoint","urlTemplate":"https:\/\/fb-kitchenware.com\/de\/?s={search_term_string}"},"query-input":{"@type":"PropertyValueSpecification","valueRequired":true,"valueName":"search_term_string"}}],"inLanguage":"de-DE"},{"@type":"Organization","@id":"https:\/\/fb-kitchenware.com\/de\/#organization","name":"FB Kitchenware","url":"https:\/\/fb-kitchenware.com\/de\/","logo":{"@type":"ImageObject","inLanguage":"de-DE","@id":"https:\/\/fb-kitchenware.com\/de\/#\/schema\/logo\/image\/","url":"https:\/\/fb-kitchenware.com\/wp-content\/uploads\/logo_gold.png","contentUrl":"https:\/\/fb-kitchenware.com\/wp-content\/uploads\/logo_gold.png","width":900,"height":900,"caption":"FB Kitchenware"},"image":{"@id":"https:\/\/fb-kitchenware.com\/de\/#\/schema\/logo\/image\/"}}]}},"_links":{"self":[{"href":"https:\/\/fb-kitchenware.com\/de\/wp-json\/wp\/v2\/product\/6719","targetHints":{"allow":["GET"]}}],"collection":[{"href":"https:\/\/fb-kitchenware.com\/de\/wp-json\/wp\/v2\/product"}],"about":[{"href":"https:\/\/fb-kitchenware.com\/de\/wp-json\/wp\/v2\/types\/product"}],"wp:featuredmedia":[{"embeddable":true,"href":"https:\/\/fb-kitchenware.com\/de\/wp-json\/wp\/v2\/media\/6722"}],"wp:attachment":[{"href":"https:\/\/fb-kitchenware.com\/de\/wp-json\/wp\/v2\/media?parent=6719"}],"wp:term":[{"taxonomy":"product_brand","embeddable":true,"href":"https:\/\/fb-kitchenware.com\/de\/wp-json\/wp\/v2\/product_brand?post=6719"},{"taxonomy":"product_cat","embeddable":true,"href":"https:\/\/fb-kitchenware.com\/de\/wp-json\/wp\/v2\/product_cat?post=6719"},{"taxonomy":"product_tag","embeddable":true,"href":"https:\/\/fb-kitchenware.com\/de\/wp-json\/wp\/v2\/product_tag?post=6719"}],"curies":[{"name":"wp","href":"https:\/\/api.w.org\/{rel}","templated":true}]}}