{"id":6736,"date":"2025-12-01T15:51:44","date_gmt":"2025-12-01T14:51:44","guid":{"rendered":"https:\/\/fb-kitchenware.com\/negozio\/unkategorisiert\/marmorbuendel-weiss-bratpfanne-diam-24-bratpfanne-diam-28-wok-mit-deckel-marmoplus\/"},"modified":"2025-12-01T15:51:44","modified_gmt":"2025-12-01T14:51:44","slug":"marmorbuendel-weiss-bratpfanne-diam-24-bratpfanne-diam-28-wok-mit-deckel-marmoplus","status":"publish","type":"product","link":"https:\/\/fb-kitchenware.com\/de\/negozio\/besten%e2%80%91fbkitchenware%e2%80%91pfannen\/marmorbuendel-weiss-bratpfanne-diam-24-bratpfanne-diam-28-wok-mit-deckel-marmoplus\/","title":{"rendered":"Marmorb\u00fcndel Wei\u00df &#8211; Bratpfanne diam 24 + Bratpfanne diam 28 + Wok mit Deckel Marmoplus"},"content":{"rendered":"","protected":false},"excerpt":{"rendered":"<p data-start=\"4621\" data-end=\"5063\">Das <strong data-start=\"4624\" data-end=\"4647\">Marble Bundle White<\/strong> aus der <strong data-start=\"4665\" data-end=\"4678\">MarmoPlus-Kollektion<\/strong> ist ein Set f\u00fcr alle, die sich eine funktionelle und zugleich elegante K\u00fcche w\u00fcnschen. Die <strong data-start=\"4754\" data-end=\"4800\">antihaftbeschichtete Aluminiumbratpfanne (24 cm), die antihaftbeschichtete Aluminiumbratpfanne (28 cm)<\/strong> und der <strong data-start=\"4806\" data-end=\"4822\">Wok (26 cm)<\/strong> aus der MarmoPlus White Linie bieten Leichtigkeit, schnelle Erhitzung und eine effektive und zuverl\u00e4ssige Antihaftbeschichtung. Das alles verpackt in einem klaren, hellen und modernen Design, das sich perfekt in moderne K\u00fcchen einf\u00fcgt.  <\/p>\n<p data-start=\"5065\" data-end=\"5484\">Die 24 und 28 cm gro\u00dfen Bratpfannen sind die ideale Wahl f\u00fcr die t\u00e4gliche K\u00fcche: vom Fr\u00fchst\u00fcck bis hin zu technischeren Gerichten erm\u00f6glichen sie Ihnen das Anbraten, Erhitzen und Garen mit wenig Fett, wobei dank der Beschichtung mit Marmor-Effekt ein gleichm\u00e4\u00dfiges Garen gew\u00e4hrleistet ist. Der 26 cm gro\u00dfe Wok erweitert die M\u00f6glichkeiten des Sets: schnelle Pfannengerichte, asiatische Gerichte, knackiges Gem\u00fcse und herzhafte Portionen, mit schneller und kontrollierter Hitzeverteilung. <\/p>\n<h2 data-start=\"6765\" data-end=\"6798\"><strong data-start=\"6768\" data-end=\"6798\">Was das Paket beinhaltet<\/strong><\/h2>\n<ul data-start=\"6799\" data-end=\"6968\">\n<li data-start=\"6799\" data-end=\"6868\">\n<p data-start=\"6801\" data-end=\"6868\">1 <strong data-start=\"6803\" data-end=\"6866\">MarmoPlus Aluminium Bratpfanne mit Antihaftbeschichtung \u00d824 cm &#8211; Wei\u00df<\/strong><\/p>\n<\/li>\n<li>1 <strong data-start=\"6803\" data-end=\"6866\">MarmoPlus Antihaft-Bratpfanne aus Aluminium \u00d828 cm &#8211; Wei\u00df<\/strong><\/li>\n<li data-start=\"6869\" data-end=\"6934\">\n<p data-start=\"6871\" data-end=\"6934\">1 <strong data-start=\"6873\" data-end=\"6932\">MarmoPlus Antihaft-Aluminium-Wok \u00d826 cm &#8211; Wei\u00df<\/strong><\/p>\n<\/li>\n<li data-start=\"6935\" data-end=\"6968\">\n<p data-start=\"6937\" data-end=\"6968\">Betriebs- und Wartungsanleitung<\/p>\n<\/li>\n<\/ul>\n<p data-start=\"5486\" data-end=\"5877\">\n","protected":false},"featured_media":6740,"template":"","meta":{"_acf_changed":false},"product_brand":[588],"product_cat":[518,582,645],"product_tag":[],"class_list":{"0":"post-6736","1":"product","2":"type-product","3":"status-publish","4":"has-post-thumbnail","6":"product_brand-marmoplus","7":"product_cat-bestenfbkitchenwarepfannen","8":"product_cat-wok","9":"product_cat-serienende","11":"first","12":"instock","13":"sale","14":"taxable","15":"shipping-taxable","16":"purchasable","17":"product-type-simple"},"acf":[],"yoast_head":"<!-- This site is optimized with the Yoast SEO plugin v27.3 - https:\/\/yoast.com\/product\/yoast-seo-wordpress\/ -->\n<title>Marmorb\u00fcndel Wei\u00df | Aluminium Bratpfanne 24 cm + Wok 26 cm<\/title>\n<meta name=\"description\" content=\"Entdecken Sie das Marble Bundle White: 24 cm Bratpfanne aus antihaftbeschichtetem Aluminium und 26 cm MarmoPlus Wok. Perfekt als Weihnachtsgeschenk f\u00fcr Menschen, die gerne kochen.\" \/>\n<meta name=\"robots\" content=\"index, follow, max-snippet:-1, max-image-preview:large, max-video-preview:-1\" \/>\n<link rel=\"canonical\" href=\"https:\/\/fb-kitchenware.com\/de\/negozio\/besten%e2%80%91fbkitchenware%e2%80%91pfannen\/marmorbuendel-weiss-bratpfanne-diam-24-bratpfanne-diam-28-wok-mit-deckel-marmoplus\/\" \/>\n<meta property=\"og:locale\" content=\"de_DE\" \/>\n<meta property=\"og:type\" content=\"article\" \/>\n<meta property=\"og:title\" content=\"Marmorb\u00fcndel Wei\u00df | Aluminium Bratpfanne 24 cm + Wok 26 cm\" \/>\n<meta property=\"og:description\" content=\"Entdecken Sie das Marble Bundle White: 24 cm Bratpfanne aus antihaftbeschichtetem Aluminium und 26 cm MarmoPlus Wok. Perfekt als Weihnachtsgeschenk f\u00fcr Menschen, die gerne kochen.\" \/>\n<meta property=\"og:url\" content=\"https:\/\/fb-kitchenware.com\/de\/negozio\/besten%e2%80%91fbkitchenware%e2%80%91pfannen\/marmorbuendel-weiss-bratpfanne-diam-24-bratpfanne-diam-28-wok-mit-deckel-marmoplus\/\" \/>\n<meta property=\"og:site_name\" content=\"FB Kitchenware\" \/>\n<meta property=\"og:image\" content=\"https:\/\/fb-kitchenware.com\/wp-content\/uploads\/murble-bunde-1.jpg\" \/>\n\t<meta property=\"og:image:width\" content=\"1536\" \/>\n\t<meta property=\"og:image:height\" content=\"1920\" \/>\n\t<meta property=\"og:image:type\" content=\"image\/jpeg\" \/>\n<meta name=\"twitter:card\" content=\"summary_large_image\" \/>\n<script type=\"application\/ld+json\" class=\"yoast-schema-graph\">{\"@context\":\"https:\\\/\\\/schema.org\",\"@graph\":[{\"@type\":\"WebPage\",\"@id\":\"https:\\\/\\\/fb-kitchenware.com\\\/de\\\/negozio\\\/besten%e2%80%91fbkitchenware%e2%80%91pfannen\\\/marmorbuendel-weiss-bratpfanne-diam-24-bratpfanne-diam-28-wok-mit-deckel-marmoplus\\\/\",\"url\":\"https:\\\/\\\/fb-kitchenware.com\\\/de\\\/negozio\\\/besten%e2%80%91fbkitchenware%e2%80%91pfannen\\\/marmorbuendel-weiss-bratpfanne-diam-24-bratpfanne-diam-28-wok-mit-deckel-marmoplus\\\/\",\"name\":\"Marmorb\u00fcndel Wei\u00df | Aluminium Bratpfanne 24 cm + Wok 26 cm\",\"isPartOf\":{\"@id\":\"https:\\\/\\\/fb-kitchenware.com\\\/de\\\/#website\"},\"primaryImageOfPage\":{\"@id\":\"https:\\\/\\\/fb-kitchenware.com\\\/de\\\/negozio\\\/besten%e2%80%91fbkitchenware%e2%80%91pfannen\\\/marmorbuendel-weiss-bratpfanne-diam-24-bratpfanne-diam-28-wok-mit-deckel-marmoplus\\\/#primaryimage\"},\"image\":{\"@id\":\"https:\\\/\\\/fb-kitchenware.com\\\/de\\\/negozio\\\/besten%e2%80%91fbkitchenware%e2%80%91pfannen\\\/marmorbuendel-weiss-bratpfanne-diam-24-bratpfanne-diam-28-wok-mit-deckel-marmoplus\\\/#primaryimage\"},\"thumbnailUrl\":\"https:\\\/\\\/fb-kitchenware.com\\\/wp-content\\\/uploads\\\/murble-bunde-1.jpg\",\"datePublished\":\"2025-12-01T14:51:44+00:00\",\"description\":\"Entdecken Sie das Marble Bundle White: 24 cm Bratpfanne aus antihaftbeschichtetem Aluminium und 26 cm MarmoPlus Wok. Perfekt als Weihnachtsgeschenk f\u00fcr Menschen, die gerne kochen.\",\"breadcrumb\":{\"@id\":\"https:\\\/\\\/fb-kitchenware.com\\\/de\\\/negozio\\\/besten%e2%80%91fbkitchenware%e2%80%91pfannen\\\/marmorbuendel-weiss-bratpfanne-diam-24-bratpfanne-diam-28-wok-mit-deckel-marmoplus\\\/#breadcrumb\"},\"inLanguage\":\"de-DE\",\"potentialAction\":[{\"@type\":\"ReadAction\",\"target\":[\"https:\\\/\\\/fb-kitchenware.com\\\/de\\\/negozio\\\/besten%e2%80%91fbkitchenware%e2%80%91pfannen\\\/marmorbuendel-weiss-bratpfanne-diam-24-bratpfanne-diam-28-wok-mit-deckel-marmoplus\\\/\"]}]},{\"@type\":\"ImageObject\",\"inLanguage\":\"de-DE\",\"@id\":\"https:\\\/\\\/fb-kitchenware.com\\\/de\\\/negozio\\\/besten%e2%80%91fbkitchenware%e2%80%91pfannen\\\/marmorbuendel-weiss-bratpfanne-diam-24-bratpfanne-diam-28-wok-mit-deckel-marmoplus\\\/#primaryimage\",\"url\":\"https:\\\/\\\/fb-kitchenware.com\\\/wp-content\\\/uploads\\\/murble-bunde-1.jpg\",\"contentUrl\":\"https:\\\/\\\/fb-kitchenware.com\\\/wp-content\\\/uploads\\\/murble-bunde-1.jpg\",\"width\":1536,\"height\":1920},{\"@type\":\"BreadcrumbList\",\"@id\":\"https:\\\/\\\/fb-kitchenware.com\\\/de\\\/negozio\\\/besten%e2%80%91fbkitchenware%e2%80%91pfannen\\\/marmorbuendel-weiss-bratpfanne-diam-24-bratpfanne-diam-28-wok-mit-deckel-marmoplus\\\/#breadcrumb\",\"itemListElement\":[{\"@type\":\"ListItem\",\"position\":1,\"name\":\"Home\",\"item\":\"https:\\\/\\\/fb-kitchenware.com\\\/de\\\/\"},{\"@type\":\"ListItem\",\"position\":2,\"name\":\"Marmorb\u00fcndel Wei\u00df &#8211; Bratpfanne diam 24 + Bratpfanne diam 28 + Wok mit Deckel Marmoplus\"}]},{\"@type\":\"WebSite\",\"@id\":\"https:\\\/\\\/fb-kitchenware.com\\\/de\\\/#website\",\"url\":\"https:\\\/\\\/fb-kitchenware.com\\\/de\\\/\",\"name\":\"FB Kitchenware\",\"description\":\"\",\"publisher\":{\"@id\":\"https:\\\/\\\/fb-kitchenware.com\\\/de\\\/#organization\"},\"potentialAction\":[{\"@type\":\"SearchAction\",\"target\":{\"@type\":\"EntryPoint\",\"urlTemplate\":\"https:\\\/\\\/fb-kitchenware.com\\\/de\\\/?s={search_term_string}\"},\"query-input\":{\"@type\":\"PropertyValueSpecification\",\"valueRequired\":true,\"valueName\":\"search_term_string\"}}],\"inLanguage\":\"de-DE\"},{\"@type\":\"Organization\",\"@id\":\"https:\\\/\\\/fb-kitchenware.com\\\/de\\\/#organization\",\"name\":\"FB Kitchenware\",\"url\":\"https:\\\/\\\/fb-kitchenware.com\\\/de\\\/\",\"logo\":{\"@type\":\"ImageObject\",\"inLanguage\":\"de-DE\",\"@id\":\"https:\\\/\\\/fb-kitchenware.com\\\/de\\\/#\\\/schema\\\/logo\\\/image\\\/\",\"url\":\"https:\\\/\\\/fb-kitchenware.com\\\/wp-content\\\/uploads\\\/logo_gold.png\",\"contentUrl\":\"https:\\\/\\\/fb-kitchenware.com\\\/wp-content\\\/uploads\\\/logo_gold.png\",\"width\":900,\"height\":900,\"caption\":\"FB Kitchenware\"},\"image\":{\"@id\":\"https:\\\/\\\/fb-kitchenware.com\\\/de\\\/#\\\/schema\\\/logo\\\/image\\\/\"}}]}<\/script>\n<!-- \/ Yoast SEO plugin. -->","yoast_head_json":{"title":"Marmorb\u00fcndel Wei\u00df | Aluminium Bratpfanne 24 cm + Wok 26 cm","description":"Entdecken Sie das Marble Bundle White: 24 cm Bratpfanne aus antihaftbeschichtetem Aluminium und 26 cm MarmoPlus Wok. Perfekt als Weihnachtsgeschenk f\u00fcr Menschen, die gerne kochen.","robots":{"index":"index","follow":"follow","max-snippet":"max-snippet:-1","max-image-preview":"max-image-preview:large","max-video-preview":"max-video-preview:-1"},"canonical":"https:\/\/fb-kitchenware.com\/de\/negozio\/besten%e2%80%91fbkitchenware%e2%80%91pfannen\/marmorbuendel-weiss-bratpfanne-diam-24-bratpfanne-diam-28-wok-mit-deckel-marmoplus\/","og_locale":"de_DE","og_type":"article","og_title":"Marmorb\u00fcndel Wei\u00df | Aluminium Bratpfanne 24 cm + Wok 26 cm","og_description":"Entdecken Sie das Marble Bundle White: 24 cm Bratpfanne aus antihaftbeschichtetem Aluminium und 26 cm MarmoPlus Wok. Perfekt als Weihnachtsgeschenk f\u00fcr Menschen, die gerne kochen.","og_url":"https:\/\/fb-kitchenware.com\/de\/negozio\/besten%e2%80%91fbkitchenware%e2%80%91pfannen\/marmorbuendel-weiss-bratpfanne-diam-24-bratpfanne-diam-28-wok-mit-deckel-marmoplus\/","og_site_name":"FB Kitchenware","og_image":[{"width":1536,"height":1920,"url":"https:\/\/fb-kitchenware.com\/wp-content\/uploads\/murble-bunde-1.jpg","type":"image\/jpeg"}],"twitter_card":"summary_large_image","schema":{"@context":"https:\/\/schema.org","@graph":[{"@type":"WebPage","@id":"https:\/\/fb-kitchenware.com\/de\/negozio\/besten%e2%80%91fbkitchenware%e2%80%91pfannen\/marmorbuendel-weiss-bratpfanne-diam-24-bratpfanne-diam-28-wok-mit-deckel-marmoplus\/","url":"https:\/\/fb-kitchenware.com\/de\/negozio\/besten%e2%80%91fbkitchenware%e2%80%91pfannen\/marmorbuendel-weiss-bratpfanne-diam-24-bratpfanne-diam-28-wok-mit-deckel-marmoplus\/","name":"Marmorb\u00fcndel Wei\u00df | Aluminium Bratpfanne 24 cm + Wok 26 cm","isPartOf":{"@id":"https:\/\/fb-kitchenware.com\/de\/#website"},"primaryImageOfPage":{"@id":"https:\/\/fb-kitchenware.com\/de\/negozio\/besten%e2%80%91fbkitchenware%e2%80%91pfannen\/marmorbuendel-weiss-bratpfanne-diam-24-bratpfanne-diam-28-wok-mit-deckel-marmoplus\/#primaryimage"},"image":{"@id":"https:\/\/fb-kitchenware.com\/de\/negozio\/besten%e2%80%91fbkitchenware%e2%80%91pfannen\/marmorbuendel-weiss-bratpfanne-diam-24-bratpfanne-diam-28-wok-mit-deckel-marmoplus\/#primaryimage"},"thumbnailUrl":"https:\/\/fb-kitchenware.com\/wp-content\/uploads\/murble-bunde-1.jpg","datePublished":"2025-12-01T14:51:44+00:00","description":"Entdecken Sie das Marble Bundle White: 24 cm Bratpfanne aus antihaftbeschichtetem Aluminium und 26 cm MarmoPlus Wok. Perfekt als Weihnachtsgeschenk f\u00fcr Menschen, die gerne kochen.","breadcrumb":{"@id":"https:\/\/fb-kitchenware.com\/de\/negozio\/besten%e2%80%91fbkitchenware%e2%80%91pfannen\/marmorbuendel-weiss-bratpfanne-diam-24-bratpfanne-diam-28-wok-mit-deckel-marmoplus\/#breadcrumb"},"inLanguage":"de-DE","potentialAction":[{"@type":"ReadAction","target":["https:\/\/fb-kitchenware.com\/de\/negozio\/besten%e2%80%91fbkitchenware%e2%80%91pfannen\/marmorbuendel-weiss-bratpfanne-diam-24-bratpfanne-diam-28-wok-mit-deckel-marmoplus\/"]}]},{"@type":"ImageObject","inLanguage":"de-DE","@id":"https:\/\/fb-kitchenware.com\/de\/negozio\/besten%e2%80%91fbkitchenware%e2%80%91pfannen\/marmorbuendel-weiss-bratpfanne-diam-24-bratpfanne-diam-28-wok-mit-deckel-marmoplus\/#primaryimage","url":"https:\/\/fb-kitchenware.com\/wp-content\/uploads\/murble-bunde-1.jpg","contentUrl":"https:\/\/fb-kitchenware.com\/wp-content\/uploads\/murble-bunde-1.jpg","width":1536,"height":1920},{"@type":"BreadcrumbList","@id":"https:\/\/fb-kitchenware.com\/de\/negozio\/besten%e2%80%91fbkitchenware%e2%80%91pfannen\/marmorbuendel-weiss-bratpfanne-diam-24-bratpfanne-diam-28-wok-mit-deckel-marmoplus\/#breadcrumb","itemListElement":[{"@type":"ListItem","position":1,"name":"Home","item":"https:\/\/fb-kitchenware.com\/de\/"},{"@type":"ListItem","position":2,"name":"Marmorb\u00fcndel Wei\u00df &#8211; Bratpfanne diam 24 + Bratpfanne diam 28 + Wok mit Deckel Marmoplus"}]},{"@type":"WebSite","@id":"https:\/\/fb-kitchenware.com\/de\/#website","url":"https:\/\/fb-kitchenware.com\/de\/","name":"FB Kitchenware","description":"","publisher":{"@id":"https:\/\/fb-kitchenware.com\/de\/#organization"},"potentialAction":[{"@type":"SearchAction","target":{"@type":"EntryPoint","urlTemplate":"https:\/\/fb-kitchenware.com\/de\/?s={search_term_string}"},"query-input":{"@type":"PropertyValueSpecification","valueRequired":true,"valueName":"search_term_string"}}],"inLanguage":"de-DE"},{"@type":"Organization","@id":"https:\/\/fb-kitchenware.com\/de\/#organization","name":"FB Kitchenware","url":"https:\/\/fb-kitchenware.com\/de\/","logo":{"@type":"ImageObject","inLanguage":"de-DE","@id":"https:\/\/fb-kitchenware.com\/de\/#\/schema\/logo\/image\/","url":"https:\/\/fb-kitchenware.com\/wp-content\/uploads\/logo_gold.png","contentUrl":"https:\/\/fb-kitchenware.com\/wp-content\/uploads\/logo_gold.png","width":900,"height":900,"caption":"FB Kitchenware"},"image":{"@id":"https:\/\/fb-kitchenware.com\/de\/#\/schema\/logo\/image\/"}}]}},"_links":{"self":[{"href":"https:\/\/fb-kitchenware.com\/de\/wp-json\/wp\/v2\/product\/6736","targetHints":{"allow":["GET"]}}],"collection":[{"href":"https:\/\/fb-kitchenware.com\/de\/wp-json\/wp\/v2\/product"}],"about":[{"href":"https:\/\/fb-kitchenware.com\/de\/wp-json\/wp\/v2\/types\/product"}],"wp:featuredmedia":[{"embeddable":true,"href":"https:\/\/fb-kitchenware.com\/de\/wp-json\/wp\/v2\/media\/6740"}],"wp:attachment":[{"href":"https:\/\/fb-kitchenware.com\/de\/wp-json\/wp\/v2\/media?parent=6736"}],"wp:term":[{"taxonomy":"product_brand","embeddable":true,"href":"https:\/\/fb-kitchenware.com\/de\/wp-json\/wp\/v2\/product_brand?post=6736"},{"taxonomy":"product_cat","embeddable":true,"href":"https:\/\/fb-kitchenware.com\/de\/wp-json\/wp\/v2\/product_cat?post=6736"},{"taxonomy":"product_tag","embeddable":true,"href":"https:\/\/fb-kitchenware.com\/de\/wp-json\/wp\/v2\/product_tag?post=6736"}],"curies":[{"name":"wp","href":"https:\/\/api.w.org\/{rel}","templated":true}]}}