{"id":7890,"date":"2026-04-14T16:39:35","date_gmt":"2026-04-14T14:39:35","guid":{"rendered":"https:\/\/fb-kitchenware.com\/?post_type=product&#038;p=7890"},"modified":"2026-04-14T16:44:21","modified_gmt":"2026-04-14T14:44:21","slug":"schneidebrett-aus-olivenholz-mit-rille-fb-kitchenware-copia-copia-copia","status":"publish","type":"product","link":"https:\/\/fb-kitchenware.com\/de\/negozio\/kuchenutensilien\/schneidebrett-aus-olivenholz-mit-rille-fb-kitchenware-copia-copia-copia\/","title":{"rendered":"Schneidebrett aus Olivenholz mit Rille | FB Kitchenware (Copia) (Copia) (Copia)"},"content":{"rendered":"","protected":false},"excerpt":{"rendered":"<p data-pm-slice=\"1 1 []\">Das Schneidebrett aus Olivenholz aus der BeWood-Kollektion von FB Kitchenware ist das perfekte Accessoire f\u00fcr alle, die in der K\u00fcche \u00c4sthetik und Funktionalit\u00e4t miteinander verbinden m\u00f6chten. Dieses Schneidebrett wird von unseren erfahrenen italienischen Kunsthandwerkern vollst\u00e4ndig von Hand gefertigt und steht f\u00fcr die Exzellenz traditioneller italienischer Handwerkskunst. Es ist ideal, um Speisen sicher und elegant zu servieren und zuzubereiten. <\/p>\n<p>Jedes BeWood Schneidebrett wird aus einem einzigen Block feinen italienischen Olivenholzes hergestellt, was eine hervorragende Festigkeit und Haltbarkeit garantiert. Die nat\u00fcrliche und einzigartige Maserung des Holzes macht jedes Produkt exklusiv und unnachahmlich, perfekt sowohl als dekoratives als auch als funktionales Objekt. <\/p>\n","protected":false},"featured_media":7900,"template":"","meta":{"_acf_changed":false},"product_brand":[558],"product_cat":[548],"product_tag":[],"class_list":{"0":"post-7890","1":"product","2":"type-product","3":"status-publish","4":"has-post-thumbnail","6":"product_brand-bewood","7":"product_cat-kuchenutensilien","9":"first","10":"instock","11":"sale","12":"taxable","13":"shipping-taxable","14":"purchasable","15":"product-type-simple"},"acf":[],"yoast_head":"<!-- This site is optimized with the Yoast SEO plugin v27.3 - https:\/\/yoast.com\/product\/yoast-seo-wordpress\/ -->\n<title>Schneidebrett aus Olivenholz mit Rille | FB Kitchenware (Copia) (Copia) (Copia) - FB Kitchenware<\/title>\n<meta name=\"robots\" content=\"index, follow, max-snippet:-1, max-image-preview:large, max-video-preview:-1\" \/>\n<link rel=\"canonical\" href=\"https:\/\/fb-kitchenware.com\/de\/negozio\/kuchenutensilien\/schneidebrett-aus-olivenholz-mit-rille-fb-kitchenware-copia-copia-copia\/\" \/>\n<meta property=\"og:locale\" content=\"de_DE\" \/>\n<meta property=\"og:type\" content=\"article\" \/>\n<meta property=\"og:title\" content=\"Schneidebrett aus Olivenholz mit Rille | FB Kitchenware (Copia) (Copia) (Copia) - FB Kitchenware\" \/>\n<meta property=\"og:description\" content=\"Das Schneidebrett aus Olivenholz aus der BeWood-Kollektion von FB Kitchenware ist das perfekte Accessoire f\u00fcr alle, die in der K\u00fcche \u00c4sthetik und Funktionalit\u00e4t miteinander verbinden m\u00f6chten. Dieses Schneidebrett wird von unseren erfahrenen italienischen Kunsthandwerkern vollst\u00e4ndig von Hand gefertigt und steht f\u00fcr die Exzellenz traditioneller italienischer Handwerkskunst. Es ist ideal, um Speisen sicher und elegant zu servieren und zuzubereiten. Jedes BeWood Schneidebrett wird aus einem einzigen Block feinen italienischen Olivenholzes hergestellt, was eine hervorragende Festigkeit und Haltbarkeit garantiert. Die nat\u00fcrliche und einzigartige Maserung des Holzes macht jedes Produkt exklusiv und unnachahmlich, perfekt sowohl als dekoratives als auch als funktionales Objekt.\" \/>\n<meta property=\"og:url\" content=\"https:\/\/fb-kitchenware.com\/de\/negozio\/kuchenutensilien\/schneidebrett-aus-olivenholz-mit-rille-fb-kitchenware-copia-copia-copia\/\" \/>\n<meta property=\"og:site_name\" content=\"FB Kitchenware\" \/>\n<meta property=\"article:modified_time\" content=\"2026-04-14T14:44:21+00:00\" \/>\n<meta property=\"og:image\" content=\"https:\/\/fb-kitchenware.com\/wp-content\/uploads\/bundle-legno-2-copia-2.jpg\" \/>\n\t<meta property=\"og:image:width\" content=\"1920\" \/>\n\t<meta property=\"og:image:height\" content=\"1920\" \/>\n\t<meta property=\"og:image:type\" content=\"image\/jpeg\" \/>\n<meta name=\"twitter:card\" content=\"summary_large_image\" \/>\n<script type=\"application\/ld+json\" class=\"yoast-schema-graph\">{\"@context\":\"https:\\\/\\\/schema.org\",\"@graph\":[{\"@type\":\"WebPage\",\"@id\":\"https:\\\/\\\/fb-kitchenware.com\\\/de\\\/negozio\\\/kuchenutensilien\\\/schneidebrett-aus-olivenholz-mit-rille-fb-kitchenware-copia-copia-copia\\\/\",\"url\":\"https:\\\/\\\/fb-kitchenware.com\\\/de\\\/negozio\\\/kuchenutensilien\\\/schneidebrett-aus-olivenholz-mit-rille-fb-kitchenware-copia-copia-copia\\\/\",\"name\":\"Schneidebrett aus Olivenholz mit Rille | FB Kitchenware (Copia) (Copia) (Copia) - FB Kitchenware\",\"isPartOf\":{\"@id\":\"https:\\\/\\\/fb-kitchenware.com\\\/de\\\/#website\"},\"primaryImageOfPage\":{\"@id\":\"https:\\\/\\\/fb-kitchenware.com\\\/de\\\/negozio\\\/kuchenutensilien\\\/schneidebrett-aus-olivenholz-mit-rille-fb-kitchenware-copia-copia-copia\\\/#primaryimage\"},\"image\":{\"@id\":\"https:\\\/\\\/fb-kitchenware.com\\\/de\\\/negozio\\\/kuchenutensilien\\\/schneidebrett-aus-olivenholz-mit-rille-fb-kitchenware-copia-copia-copia\\\/#primaryimage\"},\"thumbnailUrl\":\"https:\\\/\\\/fb-kitchenware.com\\\/wp-content\\\/uploads\\\/bundle-legno-3tif-copia-2.jpg\",\"datePublished\":\"2026-04-14T14:39:35+00:00\",\"dateModified\":\"2026-04-14T14:44:21+00:00\",\"breadcrumb\":{\"@id\":\"https:\\\/\\\/fb-kitchenware.com\\\/de\\\/negozio\\\/kuchenutensilien\\\/schneidebrett-aus-olivenholz-mit-rille-fb-kitchenware-copia-copia-copia\\\/#breadcrumb\"},\"inLanguage\":\"de-DE\",\"potentialAction\":[{\"@type\":\"ReadAction\",\"target\":[\"https:\\\/\\\/fb-kitchenware.com\\\/de\\\/negozio\\\/kuchenutensilien\\\/schneidebrett-aus-olivenholz-mit-rille-fb-kitchenware-copia-copia-copia\\\/\"]}]},{\"@type\":\"ImageObject\",\"inLanguage\":\"de-DE\",\"@id\":\"https:\\\/\\\/fb-kitchenware.com\\\/de\\\/negozio\\\/kuchenutensilien\\\/schneidebrett-aus-olivenholz-mit-rille-fb-kitchenware-copia-copia-copia\\\/#primaryimage\",\"url\":\"https:\\\/\\\/fb-kitchenware.com\\\/wp-content\\\/uploads\\\/bundle-legno-3tif-copia-2.jpg\",\"contentUrl\":\"https:\\\/\\\/fb-kitchenware.com\\\/wp-content\\\/uploads\\\/bundle-legno-3tif-copia-2.jpg\",\"width\":1920,\"height\":1920},{\"@type\":\"BreadcrumbList\",\"@id\":\"https:\\\/\\\/fb-kitchenware.com\\\/de\\\/negozio\\\/kuchenutensilien\\\/schneidebrett-aus-olivenholz-mit-rille-fb-kitchenware-copia-copia-copia\\\/#breadcrumb\",\"itemListElement\":[{\"@type\":\"ListItem\",\"position\":1,\"name\":\"Home\",\"item\":\"https:\\\/\\\/fb-kitchenware.com\\\/de\\\/\"},{\"@type\":\"ListItem\",\"position\":2,\"name\":\"Schneidebrett aus Olivenholz mit Rille | FB Kitchenware (Copia) (Copia) (Copia)\"}]},{\"@type\":\"WebSite\",\"@id\":\"https:\\\/\\\/fb-kitchenware.com\\\/de\\\/#website\",\"url\":\"https:\\\/\\\/fb-kitchenware.com\\\/de\\\/\",\"name\":\"FB Kitchenware\",\"description\":\"\",\"publisher\":{\"@id\":\"https:\\\/\\\/fb-kitchenware.com\\\/de\\\/#organization\"},\"potentialAction\":[{\"@type\":\"SearchAction\",\"target\":{\"@type\":\"EntryPoint\",\"urlTemplate\":\"https:\\\/\\\/fb-kitchenware.com\\\/de\\\/?s={search_term_string}\"},\"query-input\":{\"@type\":\"PropertyValueSpecification\",\"valueRequired\":true,\"valueName\":\"search_term_string\"}}],\"inLanguage\":\"de-DE\"},{\"@type\":\"Organization\",\"@id\":\"https:\\\/\\\/fb-kitchenware.com\\\/de\\\/#organization\",\"name\":\"FB Kitchenware\",\"url\":\"https:\\\/\\\/fb-kitchenware.com\\\/de\\\/\",\"logo\":{\"@type\":\"ImageObject\",\"inLanguage\":\"de-DE\",\"@id\":\"https:\\\/\\\/fb-kitchenware.com\\\/de\\\/#\\\/schema\\\/logo\\\/image\\\/\",\"url\":\"https:\\\/\\\/fb-kitchenware.com\\\/wp-content\\\/uploads\\\/logo_gold.png\",\"contentUrl\":\"https:\\\/\\\/fb-kitchenware.com\\\/wp-content\\\/uploads\\\/logo_gold.png\",\"width\":900,\"height\":900,\"caption\":\"FB Kitchenware\"},\"image\":{\"@id\":\"https:\\\/\\\/fb-kitchenware.com\\\/de\\\/#\\\/schema\\\/logo\\\/image\\\/\"}}]}<\/script>\n<!-- \/ Yoast SEO plugin. -->","yoast_head_json":{"title":"Schneidebrett aus Olivenholz mit Rille | FB Kitchenware (Copia) (Copia) (Copia) - FB Kitchenware","robots":{"index":"index","follow":"follow","max-snippet":"max-snippet:-1","max-image-preview":"max-image-preview:large","max-video-preview":"max-video-preview:-1"},"canonical":"https:\/\/fb-kitchenware.com\/de\/negozio\/kuchenutensilien\/schneidebrett-aus-olivenholz-mit-rille-fb-kitchenware-copia-copia-copia\/","og_locale":"de_DE","og_type":"article","og_title":"Schneidebrett aus Olivenholz mit Rille | FB Kitchenware (Copia) (Copia) (Copia) - FB Kitchenware","og_description":"Das Schneidebrett aus Olivenholz aus der BeWood-Kollektion von FB Kitchenware ist das perfekte Accessoire f\u00fcr alle, die in der K\u00fcche \u00c4sthetik und Funktionalit\u00e4t miteinander verbinden m\u00f6chten. Dieses Schneidebrett wird von unseren erfahrenen italienischen Kunsthandwerkern vollst\u00e4ndig von Hand gefertigt und steht f\u00fcr die Exzellenz traditioneller italienischer Handwerkskunst. Es ist ideal, um Speisen sicher und elegant zu servieren und zuzubereiten. Jedes BeWood Schneidebrett wird aus einem einzigen Block feinen italienischen Olivenholzes hergestellt, was eine hervorragende Festigkeit und Haltbarkeit garantiert. Die nat\u00fcrliche und einzigartige Maserung des Holzes macht jedes Produkt exklusiv und unnachahmlich, perfekt sowohl als dekoratives als auch als funktionales Objekt.","og_url":"https:\/\/fb-kitchenware.com\/de\/negozio\/kuchenutensilien\/schneidebrett-aus-olivenholz-mit-rille-fb-kitchenware-copia-copia-copia\/","og_site_name":"FB Kitchenware","article_modified_time":"2026-04-14T14:44:21+00:00","og_image":[{"width":1920,"height":1920,"url":"https:\/\/fb-kitchenware.com\/wp-content\/uploads\/bundle-legno-2-copia-2.jpg","type":"image\/jpeg"}],"twitter_card":"summary_large_image","schema":{"@context":"https:\/\/schema.org","@graph":[{"@type":"WebPage","@id":"https:\/\/fb-kitchenware.com\/de\/negozio\/kuchenutensilien\/schneidebrett-aus-olivenholz-mit-rille-fb-kitchenware-copia-copia-copia\/","url":"https:\/\/fb-kitchenware.com\/de\/negozio\/kuchenutensilien\/schneidebrett-aus-olivenholz-mit-rille-fb-kitchenware-copia-copia-copia\/","name":"Schneidebrett aus Olivenholz mit Rille | FB Kitchenware (Copia) (Copia) (Copia) - FB Kitchenware","isPartOf":{"@id":"https:\/\/fb-kitchenware.com\/de\/#website"},"primaryImageOfPage":{"@id":"https:\/\/fb-kitchenware.com\/de\/negozio\/kuchenutensilien\/schneidebrett-aus-olivenholz-mit-rille-fb-kitchenware-copia-copia-copia\/#primaryimage"},"image":{"@id":"https:\/\/fb-kitchenware.com\/de\/negozio\/kuchenutensilien\/schneidebrett-aus-olivenholz-mit-rille-fb-kitchenware-copia-copia-copia\/#primaryimage"},"thumbnailUrl":"https:\/\/fb-kitchenware.com\/wp-content\/uploads\/bundle-legno-3tif-copia-2.jpg","datePublished":"2026-04-14T14:39:35+00:00","dateModified":"2026-04-14T14:44:21+00:00","breadcrumb":{"@id":"https:\/\/fb-kitchenware.com\/de\/negozio\/kuchenutensilien\/schneidebrett-aus-olivenholz-mit-rille-fb-kitchenware-copia-copia-copia\/#breadcrumb"},"inLanguage":"de-DE","potentialAction":[{"@type":"ReadAction","target":["https:\/\/fb-kitchenware.com\/de\/negozio\/kuchenutensilien\/schneidebrett-aus-olivenholz-mit-rille-fb-kitchenware-copia-copia-copia\/"]}]},{"@type":"ImageObject","inLanguage":"de-DE","@id":"https:\/\/fb-kitchenware.com\/de\/negozio\/kuchenutensilien\/schneidebrett-aus-olivenholz-mit-rille-fb-kitchenware-copia-copia-copia\/#primaryimage","url":"https:\/\/fb-kitchenware.com\/wp-content\/uploads\/bundle-legno-3tif-copia-2.jpg","contentUrl":"https:\/\/fb-kitchenware.com\/wp-content\/uploads\/bundle-legno-3tif-copia-2.jpg","width":1920,"height":1920},{"@type":"BreadcrumbList","@id":"https:\/\/fb-kitchenware.com\/de\/negozio\/kuchenutensilien\/schneidebrett-aus-olivenholz-mit-rille-fb-kitchenware-copia-copia-copia\/#breadcrumb","itemListElement":[{"@type":"ListItem","position":1,"name":"Home","item":"https:\/\/fb-kitchenware.com\/de\/"},{"@type":"ListItem","position":2,"name":"Schneidebrett aus Olivenholz mit Rille | FB Kitchenware (Copia) (Copia) (Copia)"}]},{"@type":"WebSite","@id":"https:\/\/fb-kitchenware.com\/de\/#website","url":"https:\/\/fb-kitchenware.com\/de\/","name":"FB Kitchenware","description":"","publisher":{"@id":"https:\/\/fb-kitchenware.com\/de\/#organization"},"potentialAction":[{"@type":"SearchAction","target":{"@type":"EntryPoint","urlTemplate":"https:\/\/fb-kitchenware.com\/de\/?s={search_term_string}"},"query-input":{"@type":"PropertyValueSpecification","valueRequired":true,"valueName":"search_term_string"}}],"inLanguage":"de-DE"},{"@type":"Organization","@id":"https:\/\/fb-kitchenware.com\/de\/#organization","name":"FB Kitchenware","url":"https:\/\/fb-kitchenware.com\/de\/","logo":{"@type":"ImageObject","inLanguage":"de-DE","@id":"https:\/\/fb-kitchenware.com\/de\/#\/schema\/logo\/image\/","url":"https:\/\/fb-kitchenware.com\/wp-content\/uploads\/logo_gold.png","contentUrl":"https:\/\/fb-kitchenware.com\/wp-content\/uploads\/logo_gold.png","width":900,"height":900,"caption":"FB Kitchenware"},"image":{"@id":"https:\/\/fb-kitchenware.com\/de\/#\/schema\/logo\/image\/"}}]}},"_links":{"self":[{"href":"https:\/\/fb-kitchenware.com\/de\/wp-json\/wp\/v2\/product\/7890","targetHints":{"allow":["GET"]}}],"collection":[{"href":"https:\/\/fb-kitchenware.com\/de\/wp-json\/wp\/v2\/product"}],"about":[{"href":"https:\/\/fb-kitchenware.com\/de\/wp-json\/wp\/v2\/types\/product"}],"wp:featuredmedia":[{"embeddable":true,"href":"https:\/\/fb-kitchenware.com\/de\/wp-json\/wp\/v2\/media\/7900"}],"wp:attachment":[{"href":"https:\/\/fb-kitchenware.com\/de\/wp-json\/wp\/v2\/media?parent=7890"}],"wp:term":[{"taxonomy":"product_brand","embeddable":true,"href":"https:\/\/fb-kitchenware.com\/de\/wp-json\/wp\/v2\/product_brand?post=7890"},{"taxonomy":"product_cat","embeddable":true,"href":"https:\/\/fb-kitchenware.com\/de\/wp-json\/wp\/v2\/product_cat?post=7890"},{"taxonomy":"product_tag","embeddable":true,"href":"https:\/\/fb-kitchenware.com\/de\/wp-json\/wp\/v2\/product_tag?post=7890"}],"curies":[{"name":"wp","href":"https:\/\/api.w.org\/{rel}","templated":true}]}}