{"id":3002,"date":"2025-05-01T01:07:49","date_gmt":"2025-04-30T23:07:49","guid":{"rendered":"https:\/\/fb-kitchenware.com\/negozio\/uncategorized\/besteel-poele-a-frire-en-fer-avec-poignee-en-laiton-fb-kitchenware\/"},"modified":"2026-02-15T11:43:56","modified_gmt":"2026-02-15T10:43:56","slug":"besteel-poele-a-frire-en-fer-avec-poignee-en-laiton-fb-kitchenware","status":"publish","type":"product","link":"https:\/\/fb-kitchenware.com\/fr\/negozio\/poele-a-frire\/besteel-poele-a-frire-en-fer-avec-poignee-en-laiton-fb-kitchenware\/","title":{"rendered":"BeSteel\u2122 po\u00eale \u00e0 frire en fer avec poign\u00e9e en laiton | FB Kitchenware"},"content":{"rendered":"","protected":false},"excerpt":{"rendered":"<p data-pm-slice=\"1 1 []\">La po\u00eale en fer BeSteel 2,0 mm de FB Kitchenware est le choix id\u00e9al pour ceux qui souhaitent une cuisine authentique, saine et naturelle. Fabriqu\u00e9e \u00e0 la main dans la plus pure tradition italienne, cette po\u00eale allie habilement qualit\u00e9, robustesse et respect de l&#8217;environnement, ce qui en fait un outil indispensable pour une cuisine saine et durable. <\/p>\n<p>Gr\u00e2ce au mat\u00e9riau utilis\u00e9, l&#8217;acier DC04, compos\u00e9 de 99,45 % de fer et de moins de 0,08 % de carbone, cette po\u00eale garantit r\u00e9sistance et durabilit\u00e9. Son \u00e9paisseur de 2,0 mm permet une r\u00e9partition optimale de la chaleur, assurant une cuisson uniforme et rapide. Id\u00e9ale pour saisir, griller et pr\u00e9parer des steaks parfaits, la po\u00eale atteint rapidement des temp\u00e9ratures \u00e9lev\u00e9es, pr\u00e9servant ainsi les vitamines et les nutriments essentiels des aliments.  <\/p>\n<h3 class=\"\" style=\"text-align: left\" data-start=\"1981\" data-end=\"2011\">Ce que le paquet comprend<\/h3>\n<ul data-start=\"2012\" data-end=\"2130\">\n<li class=\"\" style=\"text-align: left\" data-start=\"2012\" data-end=\"2062\">\n<p class=\"\" data-start=\"2014\" data-end=\"2062\">1x po\u00eale \u00e0 frire en fer BeSteel avec poign\u00e9e en laiton<\/p>\n<\/li>\n<\/ul>\n","protected":false},"featured_media":7677,"template":"","meta":{"_acf_changed":false},"product_brand":[513],"product_cat":[514],"product_tag":[],"class_list":{"0":"post-3002","1":"product","2":"type-product","3":"status-publish","4":"has-post-thumbnail","6":"product_brand-besteel","7":"product_cat-poele-a-frire","9":"first","10":"instock","11":"taxable","12":"shipping-taxable","13":"purchasable","14":"product-type-variable"},"acf":[],"yoast_head":"<!-- This site is optimized with the Yoast SEO plugin v27.3 - https:\/\/yoast.com\/product\/yoast-seo-wordpress\/ -->\n<title>BeSteel po\u00eale \u00e0 frire en fer avec manche en laiton | FB Kitchenware<\/title>\n<meta name=\"description\" content=\"D\u00e9couvrez la po\u00eale \u00e0 frire en fer BeSteel de 2,0 mm avec poign\u00e9e en laiton. Respectueuse de l&#039;environnement, robuste et id\u00e9ale pour les steaks et les grillades.\" \/>\n<meta name=\"robots\" content=\"index, follow, max-snippet:-1, max-image-preview:large, max-video-preview:-1\" \/>\n<link rel=\"canonical\" href=\"https:\/\/fb-kitchenware.com\/fr\/negozio\/poele-a-frire\/besteel-poele-a-frire-en-fer-avec-poignee-en-laiton-fb-kitchenware\/\" \/>\n<meta property=\"og:locale\" content=\"fr_FR\" \/>\n<meta property=\"og:type\" content=\"article\" \/>\n<meta property=\"og:title\" content=\"BeSteel po\u00eale \u00e0 frire en fer avec manche en laiton | FB Kitchenware\" \/>\n<meta property=\"og:description\" content=\"D\u00e9couvrez la po\u00eale \u00e0 frire en fer BeSteel de 2,0 mm avec poign\u00e9e en laiton. Respectueuse de l&#039;environnement, robuste et id\u00e9ale pour les steaks et les grillades.\" \/>\n<meta property=\"og:url\" content=\"https:\/\/fb-kitchenware.com\/fr\/negozio\/poele-a-frire\/besteel-poele-a-frire-en-fer-avec-poignee-en-laiton-fb-kitchenware\/\" \/>\n<meta property=\"og:site_name\" content=\"FB Kitchenware\" \/>\n<meta property=\"article:modified_time\" content=\"2026-02-15T10:43:56+00:00\" \/>\n<meta property=\"og:image\" content=\"https:\/\/fb-kitchenware.com\/wp-content\/uploads\/fb-kitchenware-Immagine-11-prodotti-1.png\" \/>\n\t<meta property=\"og:image:width\" content=\"1920\" \/>\n\t<meta property=\"og:image:height\" content=\"1920\" \/>\n\t<meta property=\"og:image:type\" content=\"image\/png\" \/>\n<meta name=\"twitter:card\" content=\"summary_large_image\" \/>\n<script type=\"application\/ld+json\" class=\"yoast-schema-graph\">{\"@context\":\"https:\\\/\\\/schema.org\",\"@graph\":[{\"@type\":\"WebPage\",\"@id\":\"https:\\\/\\\/fb-kitchenware.com\\\/fr\\\/negozio\\\/poele-a-frire\\\/besteel-poele-a-frire-en-fer-avec-poignee-en-laiton-fb-kitchenware\\\/\",\"url\":\"https:\\\/\\\/fb-kitchenware.com\\\/fr\\\/negozio\\\/poele-a-frire\\\/besteel-poele-a-frire-en-fer-avec-poignee-en-laiton-fb-kitchenware\\\/\",\"name\":\"BeSteel po\u00eale \u00e0 frire en fer avec manche en laiton | FB Kitchenware\",\"isPartOf\":{\"@id\":\"https:\\\/\\\/fb-kitchenware.com\\\/fr\\\/#website\"},\"primaryImageOfPage\":{\"@id\":\"https:\\\/\\\/fb-kitchenware.com\\\/fr\\\/negozio\\\/poele-a-frire\\\/besteel-poele-a-frire-en-fer-avec-poignee-en-laiton-fb-kitchenware\\\/#primaryimage\"},\"image\":{\"@id\":\"https:\\\/\\\/fb-kitchenware.com\\\/fr\\\/negozio\\\/poele-a-frire\\\/besteel-poele-a-frire-en-fer-avec-poignee-en-laiton-fb-kitchenware\\\/#primaryimage\"},\"thumbnailUrl\":\"https:\\\/\\\/fb-kitchenware.com\\\/wp-content\\\/uploads\\\/Tavola-disegno-8.png\",\"datePublished\":\"2025-04-30T23:07:49+00:00\",\"dateModified\":\"2026-02-15T10:43:56+00:00\",\"description\":\"D\u00e9couvrez la po\u00eale \u00e0 frire en fer BeSteel de 2,0 mm avec poign\u00e9e en laiton. Respectueuse de l'environnement, robuste et id\u00e9ale pour les steaks et les grillades.\",\"breadcrumb\":{\"@id\":\"https:\\\/\\\/fb-kitchenware.com\\\/fr\\\/negozio\\\/poele-a-frire\\\/besteel-poele-a-frire-en-fer-avec-poignee-en-laiton-fb-kitchenware\\\/#breadcrumb\"},\"inLanguage\":\"fr-FR\",\"potentialAction\":[{\"@type\":\"ReadAction\",\"target\":[\"https:\\\/\\\/fb-kitchenware.com\\\/fr\\\/negozio\\\/poele-a-frire\\\/besteel-poele-a-frire-en-fer-avec-poignee-en-laiton-fb-kitchenware\\\/\"]}]},{\"@type\":\"ImageObject\",\"inLanguage\":\"fr-FR\",\"@id\":\"https:\\\/\\\/fb-kitchenware.com\\\/fr\\\/negozio\\\/poele-a-frire\\\/besteel-poele-a-frire-en-fer-avec-poignee-en-laiton-fb-kitchenware\\\/#primaryimage\",\"url\":\"https:\\\/\\\/fb-kitchenware.com\\\/wp-content\\\/uploads\\\/Tavola-disegno-8.png\",\"contentUrl\":\"https:\\\/\\\/fb-kitchenware.com\\\/wp-content\\\/uploads\\\/Tavola-disegno-8.png\",\"width\":596,\"height\":596},{\"@type\":\"BreadcrumbList\",\"@id\":\"https:\\\/\\\/fb-kitchenware.com\\\/fr\\\/negozio\\\/poele-a-frire\\\/besteel-poele-a-frire-en-fer-avec-poignee-en-laiton-fb-kitchenware\\\/#breadcrumb\",\"itemListElement\":[{\"@type\":\"ListItem\",\"position\":1,\"name\":\"Home\",\"item\":\"https:\\\/\\\/fb-kitchenware.com\\\/fr\\\/\"},{\"@type\":\"ListItem\",\"position\":2,\"name\":\"BeSteel\u2122 po\u00eale \u00e0 frire en fer avec poign\u00e9e en laiton | FB Kitchenware\"}]},{\"@type\":\"WebSite\",\"@id\":\"https:\\\/\\\/fb-kitchenware.com\\\/fr\\\/#website\",\"url\":\"https:\\\/\\\/fb-kitchenware.com\\\/fr\\\/\",\"name\":\"FB Kitchenware\",\"description\":\"\",\"publisher\":{\"@id\":\"https:\\\/\\\/fb-kitchenware.com\\\/fr\\\/#organization\"},\"potentialAction\":[{\"@type\":\"SearchAction\",\"target\":{\"@type\":\"EntryPoint\",\"urlTemplate\":\"https:\\\/\\\/fb-kitchenware.com\\\/fr\\\/?s={search_term_string}\"},\"query-input\":{\"@type\":\"PropertyValueSpecification\",\"valueRequired\":true,\"valueName\":\"search_term_string\"}}],\"inLanguage\":\"fr-FR\"},{\"@type\":\"Organization\",\"@id\":\"https:\\\/\\\/fb-kitchenware.com\\\/fr\\\/#organization\",\"name\":\"FB Kitchenware\",\"url\":\"https:\\\/\\\/fb-kitchenware.com\\\/fr\\\/\",\"logo\":{\"@type\":\"ImageObject\",\"inLanguage\":\"fr-FR\",\"@id\":\"https:\\\/\\\/fb-kitchenware.com\\\/fr\\\/#\\\/schema\\\/logo\\\/image\\\/\",\"url\":\"https:\\\/\\\/fb-kitchenware.com\\\/wp-content\\\/uploads\\\/logo_gold.png\",\"contentUrl\":\"https:\\\/\\\/fb-kitchenware.com\\\/wp-content\\\/uploads\\\/logo_gold.png\",\"width\":900,\"height\":900,\"caption\":\"FB Kitchenware\"},\"image\":{\"@id\":\"https:\\\/\\\/fb-kitchenware.com\\\/fr\\\/#\\\/schema\\\/logo\\\/image\\\/\"}}]}<\/script>\n<!-- \/ Yoast SEO plugin. -->","yoast_head_json":{"title":"BeSteel po\u00eale \u00e0 frire en fer avec manche en laiton | FB Kitchenware","description":"D\u00e9couvrez la po\u00eale \u00e0 frire en fer BeSteel de 2,0 mm avec poign\u00e9e en laiton. Respectueuse de l'environnement, robuste et id\u00e9ale pour les steaks et les grillades.","robots":{"index":"index","follow":"follow","max-snippet":"max-snippet:-1","max-image-preview":"max-image-preview:large","max-video-preview":"max-video-preview:-1"},"canonical":"https:\/\/fb-kitchenware.com\/fr\/negozio\/poele-a-frire\/besteel-poele-a-frire-en-fer-avec-poignee-en-laiton-fb-kitchenware\/","og_locale":"fr_FR","og_type":"article","og_title":"BeSteel po\u00eale \u00e0 frire en fer avec manche en laiton | FB Kitchenware","og_description":"D\u00e9couvrez la po\u00eale \u00e0 frire en fer BeSteel de 2,0 mm avec poign\u00e9e en laiton. Respectueuse de l'environnement, robuste et id\u00e9ale pour les steaks et les grillades.","og_url":"https:\/\/fb-kitchenware.com\/fr\/negozio\/poele-a-frire\/besteel-poele-a-frire-en-fer-avec-poignee-en-laiton-fb-kitchenware\/","og_site_name":"FB Kitchenware","article_modified_time":"2026-02-15T10:43:56+00:00","og_image":[{"width":1920,"height":1920,"url":"https:\/\/fb-kitchenware.com\/wp-content\/uploads\/fb-kitchenware-Immagine-11-prodotti-1.png","type":"image\/png"}],"twitter_card":"summary_large_image","schema":{"@context":"https:\/\/schema.org","@graph":[{"@type":"WebPage","@id":"https:\/\/fb-kitchenware.com\/fr\/negozio\/poele-a-frire\/besteel-poele-a-frire-en-fer-avec-poignee-en-laiton-fb-kitchenware\/","url":"https:\/\/fb-kitchenware.com\/fr\/negozio\/poele-a-frire\/besteel-poele-a-frire-en-fer-avec-poignee-en-laiton-fb-kitchenware\/","name":"BeSteel po\u00eale \u00e0 frire en fer avec manche en laiton | FB Kitchenware","isPartOf":{"@id":"https:\/\/fb-kitchenware.com\/fr\/#website"},"primaryImageOfPage":{"@id":"https:\/\/fb-kitchenware.com\/fr\/negozio\/poele-a-frire\/besteel-poele-a-frire-en-fer-avec-poignee-en-laiton-fb-kitchenware\/#primaryimage"},"image":{"@id":"https:\/\/fb-kitchenware.com\/fr\/negozio\/poele-a-frire\/besteel-poele-a-frire-en-fer-avec-poignee-en-laiton-fb-kitchenware\/#primaryimage"},"thumbnailUrl":"https:\/\/fb-kitchenware.com\/wp-content\/uploads\/Tavola-disegno-8.png","datePublished":"2025-04-30T23:07:49+00:00","dateModified":"2026-02-15T10:43:56+00:00","description":"D\u00e9couvrez la po\u00eale \u00e0 frire en fer BeSteel de 2,0 mm avec poign\u00e9e en laiton. Respectueuse de l'environnement, robuste et id\u00e9ale pour les steaks et les grillades.","breadcrumb":{"@id":"https:\/\/fb-kitchenware.com\/fr\/negozio\/poele-a-frire\/besteel-poele-a-frire-en-fer-avec-poignee-en-laiton-fb-kitchenware\/#breadcrumb"},"inLanguage":"fr-FR","potentialAction":[{"@type":"ReadAction","target":["https:\/\/fb-kitchenware.com\/fr\/negozio\/poele-a-frire\/besteel-poele-a-frire-en-fer-avec-poignee-en-laiton-fb-kitchenware\/"]}]},{"@type":"ImageObject","inLanguage":"fr-FR","@id":"https:\/\/fb-kitchenware.com\/fr\/negozio\/poele-a-frire\/besteel-poele-a-frire-en-fer-avec-poignee-en-laiton-fb-kitchenware\/#primaryimage","url":"https:\/\/fb-kitchenware.com\/wp-content\/uploads\/Tavola-disegno-8.png","contentUrl":"https:\/\/fb-kitchenware.com\/wp-content\/uploads\/Tavola-disegno-8.png","width":596,"height":596},{"@type":"BreadcrumbList","@id":"https:\/\/fb-kitchenware.com\/fr\/negozio\/poele-a-frire\/besteel-poele-a-frire-en-fer-avec-poignee-en-laiton-fb-kitchenware\/#breadcrumb","itemListElement":[{"@type":"ListItem","position":1,"name":"Home","item":"https:\/\/fb-kitchenware.com\/fr\/"},{"@type":"ListItem","position":2,"name":"BeSteel\u2122 po\u00eale \u00e0 frire en fer avec poign\u00e9e en laiton | FB Kitchenware"}]},{"@type":"WebSite","@id":"https:\/\/fb-kitchenware.com\/fr\/#website","url":"https:\/\/fb-kitchenware.com\/fr\/","name":"FB Kitchenware","description":"","publisher":{"@id":"https:\/\/fb-kitchenware.com\/fr\/#organization"},"potentialAction":[{"@type":"SearchAction","target":{"@type":"EntryPoint","urlTemplate":"https:\/\/fb-kitchenware.com\/fr\/?s={search_term_string}"},"query-input":{"@type":"PropertyValueSpecification","valueRequired":true,"valueName":"search_term_string"}}],"inLanguage":"fr-FR"},{"@type":"Organization","@id":"https:\/\/fb-kitchenware.com\/fr\/#organization","name":"FB Kitchenware","url":"https:\/\/fb-kitchenware.com\/fr\/","logo":{"@type":"ImageObject","inLanguage":"fr-FR","@id":"https:\/\/fb-kitchenware.com\/fr\/#\/schema\/logo\/image\/","url":"https:\/\/fb-kitchenware.com\/wp-content\/uploads\/logo_gold.png","contentUrl":"https:\/\/fb-kitchenware.com\/wp-content\/uploads\/logo_gold.png","width":900,"height":900,"caption":"FB Kitchenware"},"image":{"@id":"https:\/\/fb-kitchenware.com\/fr\/#\/schema\/logo\/image\/"}}]}},"_links":{"self":[{"href":"https:\/\/fb-kitchenware.com\/fr\/wp-json\/wp\/v2\/product\/3002","targetHints":{"allow":["GET"]}}],"collection":[{"href":"https:\/\/fb-kitchenware.com\/fr\/wp-json\/wp\/v2\/product"}],"about":[{"href":"https:\/\/fb-kitchenware.com\/fr\/wp-json\/wp\/v2\/types\/product"}],"wp:featuredmedia":[{"embeddable":true,"href":"https:\/\/fb-kitchenware.com\/fr\/wp-json\/wp\/v2\/media\/7677"}],"wp:attachment":[{"href":"https:\/\/fb-kitchenware.com\/fr\/wp-json\/wp\/v2\/media?parent=3002"}],"wp:term":[{"taxonomy":"product_brand","embeddable":true,"href":"https:\/\/fb-kitchenware.com\/fr\/wp-json\/wp\/v2\/product_brand?post=3002"},{"taxonomy":"product_cat","embeddable":true,"href":"https:\/\/fb-kitchenware.com\/fr\/wp-json\/wp\/v2\/product_cat?post=3002"},{"taxonomy":"product_tag","embeddable":true,"href":"https:\/\/fb-kitchenware.com\/fr\/wp-json\/wp\/v2\/product_tag?post=3002"}],"curies":[{"name":"wp","href":"https:\/\/api.w.org\/{rel}","templated":true}]}}