{"id":3030,"date":"2025-05-11T17:05:25","date_gmt":"2025-05-11T15:05:25","guid":{"rendered":"https:\/\/fb-kitchenware.com\/negozio\/uncategorized\/poele-a-frire-en-acier-inoxydable-o-24-avec-interieur-en-nid-dabeille-fb-kitchenware\/"},"modified":"2025-12-01T01:21:59","modified_gmt":"2025-12-01T00:21:59","slug":"poele-a-frire-en-acier-inoxydable-o-24-avec-interieur-en-nid-dabeille-fb-kitchenware","status":"publish","type":"product","link":"https:\/\/fb-kitchenware.com\/fr\/negozio\/poele-a-frire\/poele-a-frire-en-acier-inoxydable-o-24-avec-interieur-en-nid-dabeille-fb-kitchenware\/","title":{"rendered":"Po\u00eale \u00e0 frire en acier inoxydable \u00f8 24 avec int\u00e9rieur en nid d&#8217;abeille | FB Kitchenware"},"content":{"rendered":"","protected":false},"excerpt":{"rendered":"<h3 class=\"\" style=\"text-align: left\" data-start=\"631\" data-end=\"702\"><strong data-start=\"635\" data-end=\"702\">La po\u00eale \u00e0 frire intelligente qui r\u00e9volutionne votre fa\u00e7on de cuisiner<\/strong><\/h3>\n<p class=\"\" data-start=\"704\" data-end=\"1276\">Lorsque vous choisissez une po\u00eale, vous ne cherchez pas seulement un outil pour cuisiner : vous cherchez un compagnon digne de confiance, capable d&#8217;accompagner chaque recette avec pr\u00e9cision, sant\u00e9 et style. La <strong data-start=\"882\" data-end=\"931\">po\u00eale en acier inoxydable \u00f8 24 SilverPlus EXCALIBUR\u2122<\/strong> est con\u00e7ue pour ceux qui ne sont pas satisfaits. Elle est l&#8217;\u00e9quilibre parfait entre technologie, s\u00e9curit\u00e9 alimentaire et \u00e9l\u00e9gance. Son <strong data-start=\"1051\" data-end=\"1080\">rev\u00eatement alv\u00e9ol\u00e9<\/strong> dot\u00e9 de la technologie antiadh\u00e9sive EXCALIBUR\u2122 assure une cuisson homog\u00e8ne sans que les aliments ne collent ou ne br\u00fblent, pr\u00e9servant ainsi les saveurs naturelles des ingr\u00e9dients et prot\u00e9geant votre sant\u00e9.   <\/p>\n","protected":false},"featured_media":4492,"template":"","meta":{"_acf_changed":false},"product_brand":[555],"product_cat":[514,644],"product_tag":[],"class_list":{"0":"post-3030","1":"product","2":"type-product","3":"status-publish","4":"has-post-thumbnail","6":"product_brand-excalibur","7":"product_cat-poele-a-frire","8":"product_cat-fin-de-serie","10":"first","11":"instock","12":"sale","13":"taxable","14":"shipping-taxable","15":"purchasable","16":"product-type-simple"},"acf":[],"yoast_head":"<!-- This site is optimized with the Yoast SEO plugin v27.3 - https:\/\/yoast.com\/product\/yoast-seo-wordpress\/ -->\n<title>Po\u00eale \u00e0 frire en acier inoxydable \u00f8 24 avec int\u00e9rieur en nid d&#039;abeille | FB Kitchenware<\/title>\n<meta name=\"description\" content=\"D\u00e9couvrez la po\u00eale en acier inoxydable \u00e0 5 couches avec rev\u00eatement en nid d&#039;abeille Excalibur\u2122. Une grande durabilit\u00e9, une anti-adh\u00e9rence extr\u00eame et une cuisson homog\u00e8ne.\" \/>\n<meta name=\"robots\" content=\"index, follow, max-snippet:-1, max-image-preview:large, max-video-preview:-1\" \/>\n<link rel=\"canonical\" href=\"https:\/\/fb-kitchenware.com\/fr\/negozio\/poele-a-frire\/poele-a-frire-en-acier-inoxydable-o-24-avec-interieur-en-nid-dabeille-fb-kitchenware\/\" \/>\n<meta property=\"og:locale\" content=\"fr_FR\" \/>\n<meta property=\"og:type\" content=\"article\" \/>\n<meta property=\"og:title\" content=\"Po\u00eale \u00e0 frire en acier inoxydable \u00f8 24 avec int\u00e9rieur en nid d&#039;abeille | FB Kitchenware\" \/>\n<meta property=\"og:description\" content=\"D\u00e9couvrez la po\u00eale en acier inoxydable \u00e0 5 couches avec rev\u00eatement en nid d&#039;abeille Excalibur\u2122. Une grande durabilit\u00e9, une anti-adh\u00e9rence extr\u00eame et une cuisson homog\u00e8ne.\" \/>\n<meta property=\"og:url\" content=\"https:\/\/fb-kitchenware.com\/fr\/negozio\/poele-a-frire\/poele-a-frire-en-acier-inoxydable-o-24-avec-interieur-en-nid-dabeille-fb-kitchenware\/\" \/>\n<meta property=\"og:site_name\" content=\"FB Kitchenware\" \/>\n<meta property=\"article:modified_time\" content=\"2025-12-01T00:21:59+00:00\" \/>\n<meta property=\"og:image\" content=\"https:\/\/fb-kitchenware.com\/wp-content\/uploads\/fb-kitchenware-Immagine-11-prodotti-1-2.png\" \/>\n\t<meta property=\"og:image:width\" content=\"1920\" \/>\n\t<meta property=\"og:image:height\" content=\"1920\" \/>\n\t<meta property=\"og:image:type\" content=\"image\/png\" \/>\n<meta name=\"twitter:card\" content=\"summary_large_image\" \/>\n<script type=\"application\/ld+json\" class=\"yoast-schema-graph\">{\"@context\":\"https:\\\/\\\/schema.org\",\"@graph\":[{\"@type\":\"WebPage\",\"@id\":\"https:\\\/\\\/fb-kitchenware.com\\\/fr\\\/negozio\\\/poele-a-frire\\\/poele-a-frire-en-acier-inoxydable-o-24-avec-interieur-en-nid-dabeille-fb-kitchenware\\\/\",\"url\":\"https:\\\/\\\/fb-kitchenware.com\\\/fr\\\/negozio\\\/poele-a-frire\\\/poele-a-frire-en-acier-inoxydable-o-24-avec-interieur-en-nid-dabeille-fb-kitchenware\\\/\",\"name\":\"Po\u00eale \u00e0 frire en acier inoxydable \u00f8 24 avec int\u00e9rieur en nid d'abeille | FB Kitchenware\",\"isPartOf\":{\"@id\":\"https:\\\/\\\/fb-kitchenware.com\\\/fr\\\/#website\"},\"primaryImageOfPage\":{\"@id\":\"https:\\\/\\\/fb-kitchenware.com\\\/fr\\\/negozio\\\/poele-a-frire\\\/poele-a-frire-en-acier-inoxydable-o-24-avec-interieur-en-nid-dabeille-fb-kitchenware\\\/#primaryimage\"},\"image\":{\"@id\":\"https:\\\/\\\/fb-kitchenware.com\\\/fr\\\/negozio\\\/poele-a-frire\\\/poele-a-frire-en-acier-inoxydable-o-24-avec-interieur-en-nid-dabeille-fb-kitchenware\\\/#primaryimage\"},\"thumbnailUrl\":\"https:\\\/\\\/fb-kitchenware.com\\\/wp-content\\\/uploads\\\/DSC8777-Edit-2.jpg\",\"datePublished\":\"2025-05-11T15:05:25+00:00\",\"dateModified\":\"2025-12-01T00:21:59+00:00\",\"description\":\"D\u00e9couvrez la po\u00eale en acier inoxydable \u00e0 5 couches avec rev\u00eatement en nid d'abeille Excalibur\u2122. Une grande durabilit\u00e9, une anti-adh\u00e9rence extr\u00eame et une cuisson homog\u00e8ne.\",\"breadcrumb\":{\"@id\":\"https:\\\/\\\/fb-kitchenware.com\\\/fr\\\/negozio\\\/poele-a-frire\\\/poele-a-frire-en-acier-inoxydable-o-24-avec-interieur-en-nid-dabeille-fb-kitchenware\\\/#breadcrumb\"},\"inLanguage\":\"fr-FR\",\"potentialAction\":[{\"@type\":\"ReadAction\",\"target\":[\"https:\\\/\\\/fb-kitchenware.com\\\/fr\\\/negozio\\\/poele-a-frire\\\/poele-a-frire-en-acier-inoxydable-o-24-avec-interieur-en-nid-dabeille-fb-kitchenware\\\/\"]}]},{\"@type\":\"ImageObject\",\"inLanguage\":\"fr-FR\",\"@id\":\"https:\\\/\\\/fb-kitchenware.com\\\/fr\\\/negozio\\\/poele-a-frire\\\/poele-a-frire-en-acier-inoxydable-o-24-avec-interieur-en-nid-dabeille-fb-kitchenware\\\/#primaryimage\",\"url\":\"https:\\\/\\\/fb-kitchenware.com\\\/wp-content\\\/uploads\\\/DSC8777-Edit-2.jpg\",\"contentUrl\":\"https:\\\/\\\/fb-kitchenware.com\\\/wp-content\\\/uploads\\\/DSC8777-Edit-2.jpg\",\"width\":1920,\"height\":1920,\"caption\":\"padella in acciaio inxo silver plus - rivestimento excalibur\"},{\"@type\":\"BreadcrumbList\",\"@id\":\"https:\\\/\\\/fb-kitchenware.com\\\/fr\\\/negozio\\\/poele-a-frire\\\/poele-a-frire-en-acier-inoxydable-o-24-avec-interieur-en-nid-dabeille-fb-kitchenware\\\/#breadcrumb\",\"itemListElement\":[{\"@type\":\"ListItem\",\"position\":1,\"name\":\"Home\",\"item\":\"https:\\\/\\\/fb-kitchenware.com\\\/fr\\\/\"},{\"@type\":\"ListItem\",\"position\":2,\"name\":\"Po\u00eale \u00e0 frire en acier inoxydable \u00f8 24 avec int\u00e9rieur en nid d&rsquo;abeille | FB Kitchenware\"}]},{\"@type\":\"WebSite\",\"@id\":\"https:\\\/\\\/fb-kitchenware.com\\\/fr\\\/#website\",\"url\":\"https:\\\/\\\/fb-kitchenware.com\\\/fr\\\/\",\"name\":\"FB Kitchenware\",\"description\":\"\",\"publisher\":{\"@id\":\"https:\\\/\\\/fb-kitchenware.com\\\/fr\\\/#organization\"},\"potentialAction\":[{\"@type\":\"SearchAction\",\"target\":{\"@type\":\"EntryPoint\",\"urlTemplate\":\"https:\\\/\\\/fb-kitchenware.com\\\/fr\\\/?s={search_term_string}\"},\"query-input\":{\"@type\":\"PropertyValueSpecification\",\"valueRequired\":true,\"valueName\":\"search_term_string\"}}],\"inLanguage\":\"fr-FR\"},{\"@type\":\"Organization\",\"@id\":\"https:\\\/\\\/fb-kitchenware.com\\\/fr\\\/#organization\",\"name\":\"FB Kitchenware\",\"url\":\"https:\\\/\\\/fb-kitchenware.com\\\/fr\\\/\",\"logo\":{\"@type\":\"ImageObject\",\"inLanguage\":\"fr-FR\",\"@id\":\"https:\\\/\\\/fb-kitchenware.com\\\/fr\\\/#\\\/schema\\\/logo\\\/image\\\/\",\"url\":\"https:\\\/\\\/fb-kitchenware.com\\\/wp-content\\\/uploads\\\/logo_gold.png\",\"contentUrl\":\"https:\\\/\\\/fb-kitchenware.com\\\/wp-content\\\/uploads\\\/logo_gold.png\",\"width\":900,\"height\":900,\"caption\":\"FB Kitchenware\"},\"image\":{\"@id\":\"https:\\\/\\\/fb-kitchenware.com\\\/fr\\\/#\\\/schema\\\/logo\\\/image\\\/\"}}]}<\/script>\n<!-- \/ Yoast SEO plugin. -->","yoast_head_json":{"title":"Po\u00eale \u00e0 frire en acier inoxydable \u00f8 24 avec int\u00e9rieur en nid d'abeille | FB Kitchenware","description":"D\u00e9couvrez la po\u00eale en acier inoxydable \u00e0 5 couches avec rev\u00eatement en nid d'abeille Excalibur\u2122. Une grande durabilit\u00e9, une anti-adh\u00e9rence extr\u00eame et une cuisson homog\u00e8ne.","robots":{"index":"index","follow":"follow","max-snippet":"max-snippet:-1","max-image-preview":"max-image-preview:large","max-video-preview":"max-video-preview:-1"},"canonical":"https:\/\/fb-kitchenware.com\/fr\/negozio\/poele-a-frire\/poele-a-frire-en-acier-inoxydable-o-24-avec-interieur-en-nid-dabeille-fb-kitchenware\/","og_locale":"fr_FR","og_type":"article","og_title":"Po\u00eale \u00e0 frire en acier inoxydable \u00f8 24 avec int\u00e9rieur en nid d'abeille | FB Kitchenware","og_description":"D\u00e9couvrez la po\u00eale en acier inoxydable \u00e0 5 couches avec rev\u00eatement en nid d'abeille Excalibur\u2122. Une grande durabilit\u00e9, une anti-adh\u00e9rence extr\u00eame et une cuisson homog\u00e8ne.","og_url":"https:\/\/fb-kitchenware.com\/fr\/negozio\/poele-a-frire\/poele-a-frire-en-acier-inoxydable-o-24-avec-interieur-en-nid-dabeille-fb-kitchenware\/","og_site_name":"FB Kitchenware","article_modified_time":"2025-12-01T00:21:59+00:00","og_image":[{"width":1920,"height":1920,"url":"https:\/\/fb-kitchenware.com\/wp-content\/uploads\/fb-kitchenware-Immagine-11-prodotti-1-2.png","type":"image\/png"}],"twitter_card":"summary_large_image","schema":{"@context":"https:\/\/schema.org","@graph":[{"@type":"WebPage","@id":"https:\/\/fb-kitchenware.com\/fr\/negozio\/poele-a-frire\/poele-a-frire-en-acier-inoxydable-o-24-avec-interieur-en-nid-dabeille-fb-kitchenware\/","url":"https:\/\/fb-kitchenware.com\/fr\/negozio\/poele-a-frire\/poele-a-frire-en-acier-inoxydable-o-24-avec-interieur-en-nid-dabeille-fb-kitchenware\/","name":"Po\u00eale \u00e0 frire en acier inoxydable \u00f8 24 avec int\u00e9rieur en nid d'abeille | FB Kitchenware","isPartOf":{"@id":"https:\/\/fb-kitchenware.com\/fr\/#website"},"primaryImageOfPage":{"@id":"https:\/\/fb-kitchenware.com\/fr\/negozio\/poele-a-frire\/poele-a-frire-en-acier-inoxydable-o-24-avec-interieur-en-nid-dabeille-fb-kitchenware\/#primaryimage"},"image":{"@id":"https:\/\/fb-kitchenware.com\/fr\/negozio\/poele-a-frire\/poele-a-frire-en-acier-inoxydable-o-24-avec-interieur-en-nid-dabeille-fb-kitchenware\/#primaryimage"},"thumbnailUrl":"https:\/\/fb-kitchenware.com\/wp-content\/uploads\/DSC8777-Edit-2.jpg","datePublished":"2025-05-11T15:05:25+00:00","dateModified":"2025-12-01T00:21:59+00:00","description":"D\u00e9couvrez la po\u00eale en acier inoxydable \u00e0 5 couches avec rev\u00eatement en nid d'abeille Excalibur\u2122. Une grande durabilit\u00e9, une anti-adh\u00e9rence extr\u00eame et une cuisson homog\u00e8ne.","breadcrumb":{"@id":"https:\/\/fb-kitchenware.com\/fr\/negozio\/poele-a-frire\/poele-a-frire-en-acier-inoxydable-o-24-avec-interieur-en-nid-dabeille-fb-kitchenware\/#breadcrumb"},"inLanguage":"fr-FR","potentialAction":[{"@type":"ReadAction","target":["https:\/\/fb-kitchenware.com\/fr\/negozio\/poele-a-frire\/poele-a-frire-en-acier-inoxydable-o-24-avec-interieur-en-nid-dabeille-fb-kitchenware\/"]}]},{"@type":"ImageObject","inLanguage":"fr-FR","@id":"https:\/\/fb-kitchenware.com\/fr\/negozio\/poele-a-frire\/poele-a-frire-en-acier-inoxydable-o-24-avec-interieur-en-nid-dabeille-fb-kitchenware\/#primaryimage","url":"https:\/\/fb-kitchenware.com\/wp-content\/uploads\/DSC8777-Edit-2.jpg","contentUrl":"https:\/\/fb-kitchenware.com\/wp-content\/uploads\/DSC8777-Edit-2.jpg","width":1920,"height":1920,"caption":"padella in acciaio inxo silver plus - rivestimento excalibur"},{"@type":"BreadcrumbList","@id":"https:\/\/fb-kitchenware.com\/fr\/negozio\/poele-a-frire\/poele-a-frire-en-acier-inoxydable-o-24-avec-interieur-en-nid-dabeille-fb-kitchenware\/#breadcrumb","itemListElement":[{"@type":"ListItem","position":1,"name":"Home","item":"https:\/\/fb-kitchenware.com\/fr\/"},{"@type":"ListItem","position":2,"name":"Po\u00eale \u00e0 frire en acier inoxydable \u00f8 24 avec int\u00e9rieur en nid d&rsquo;abeille | FB Kitchenware"}]},{"@type":"WebSite","@id":"https:\/\/fb-kitchenware.com\/fr\/#website","url":"https:\/\/fb-kitchenware.com\/fr\/","name":"FB Kitchenware","description":"","publisher":{"@id":"https:\/\/fb-kitchenware.com\/fr\/#organization"},"potentialAction":[{"@type":"SearchAction","target":{"@type":"EntryPoint","urlTemplate":"https:\/\/fb-kitchenware.com\/fr\/?s={search_term_string}"},"query-input":{"@type":"PropertyValueSpecification","valueRequired":true,"valueName":"search_term_string"}}],"inLanguage":"fr-FR"},{"@type":"Organization","@id":"https:\/\/fb-kitchenware.com\/fr\/#organization","name":"FB Kitchenware","url":"https:\/\/fb-kitchenware.com\/fr\/","logo":{"@type":"ImageObject","inLanguage":"fr-FR","@id":"https:\/\/fb-kitchenware.com\/fr\/#\/schema\/logo\/image\/","url":"https:\/\/fb-kitchenware.com\/wp-content\/uploads\/logo_gold.png","contentUrl":"https:\/\/fb-kitchenware.com\/wp-content\/uploads\/logo_gold.png","width":900,"height":900,"caption":"FB Kitchenware"},"image":{"@id":"https:\/\/fb-kitchenware.com\/fr\/#\/schema\/logo\/image\/"}}]}},"_links":{"self":[{"href":"https:\/\/fb-kitchenware.com\/fr\/wp-json\/wp\/v2\/product\/3030","targetHints":{"allow":["GET"]}}],"collection":[{"href":"https:\/\/fb-kitchenware.com\/fr\/wp-json\/wp\/v2\/product"}],"about":[{"href":"https:\/\/fb-kitchenware.com\/fr\/wp-json\/wp\/v2\/types\/product"}],"wp:featuredmedia":[{"embeddable":true,"href":"https:\/\/fb-kitchenware.com\/fr\/wp-json\/wp\/v2\/media\/4492"}],"wp:attachment":[{"href":"https:\/\/fb-kitchenware.com\/fr\/wp-json\/wp\/v2\/media?parent=3030"}],"wp:term":[{"taxonomy":"product_brand","embeddable":true,"href":"https:\/\/fb-kitchenware.com\/fr\/wp-json\/wp\/v2\/product_brand?post=3030"},{"taxonomy":"product_cat","embeddable":true,"href":"https:\/\/fb-kitchenware.com\/fr\/wp-json\/wp\/v2\/product_cat?post=3030"},{"taxonomy":"product_tag","embeddable":true,"href":"https:\/\/fb-kitchenware.com\/fr\/wp-json\/wp\/v2\/product_tag?post=3030"}],"curies":[{"name":"wp","href":"https:\/\/api.w.org\/{rel}","templated":true}]}}