{"id":3042,"date":"2025-05-11T17:05:25","date_gmt":"2025-05-11T15:05:25","guid":{"rendered":"https:\/\/fb-kitchenware.com\/negozio\/uncategorized\/casserole-avec-poignee-en-acier-o18-fb-kitchenware\/"},"modified":"2025-12-01T01:22:00","modified_gmt":"2025-12-01T00:22:00","slug":"casserole-avec-poignee-en-acier-o18-fb-kitchenware","status":"publish","type":"product","link":"https:\/\/fb-kitchenware.com\/fr\/negozio\/pot\/casserole-avec-poignee-en-acier-o18-fb-kitchenware\/","title":{"rendered":"Casserole avec poign\u00e9e en acier \u00d818 | FB Kitchenware"},"content":{"rendered":"","protected":false},"excerpt":{"rendered":"<h3 style=\"text-align: left\" data-start=\"615\" data-end=\"688\"><strong data-start=\"615\" data-end=\"688\">Qualit\u00e9 multicouche pour une cuisson uniforme, efficace et \u00e9l\u00e9gante.<\/strong><\/h3>\n<p class=\"\" data-start=\"690\" data-end=\"1032\">La <strong data-start=\"693\" data-end=\"767\">cocotte \u00e0 manche en acier \u00d818&#215;9 cm de la collection SilverPlus\u2122<\/strong> de FB Kitchenware est l&#8217;alli\u00e9e parfaite de tous ceux qui recherchent un outil de cuisine solide, polyvalent et respectueux de la sant\u00e9. Con\u00e7ue pour garantir de hautes performances en cuisine, elle allie <strong data-start=\"947\" data-end=\"968\">design fonctionnel<\/strong>, mat\u00e9riaux de qualit\u00e9 professionnelle et durabilit\u00e9 environnementale. <\/p>\n<p class=\"\" data-start=\"1034\" data-end=\"1405\">Le corps de la cocotte est constitu\u00e9 d&#8217;un <strong data-start=\"1076\" data-end=\"1101\">mat\u00e9riau multicouche<\/strong>: une couche ext\u00e9rieure en acier inoxydable AISI 430 compatible avec <strong data-start=\"1169\" data-end=\"1194\">toutes les plaques de cuisson<\/strong>, y compris l&#8217;induction, un <strong data-start=\"1220\" data-end=\"1250\">triple noyau en aluminium<\/strong> qui assure une <strong data-start=\"1268\" data-end=\"1314\">distribution rapide et uniforme de la chaleur<\/strong>, et une couche int\u00e9rieure en <strong data-start=\"1340\" data-end=\"1365\">acier inoxydable AISI 304<\/strong>, hygi\u00e9nique et r\u00e9sistante \u00e0 la corrosion.<\/p>\n","protected":false},"featured_media":7471,"template":"","meta":{"_acf_changed":false},"product_brand":[527],"product_cat":[523],"product_tag":[],"class_list":{"0":"post-3042","1":"product","2":"type-product","3":"status-publish","4":"has-post-thumbnail","6":"product_brand-silverplus","7":"product_cat-pot","9":"first","10":"instock","11":"taxable","12":"shipping-taxable","13":"purchasable","14":"product-type-simple"},"acf":[],"yoast_head":"<!-- This site is optimized with the Yoast SEO plugin v27.3 - https:\/\/yoast.com\/product\/yoast-seo-wordpress\/ -->\n<title>Casserole avec poign\u00e9e en acier \u00d818 | FB Kitchenware<\/title>\n<meta name=\"description\" content=\"D\u00e9couvrez la cocotte SilverPlus \u00e0 manche en acier \u00d818x9 cm : multicouche, adapt\u00e9e \u00e0 toutes les sources de chaleur, s\u00fbre, durable et saine.\" \/>\n<meta name=\"robots\" content=\"index, follow, max-snippet:-1, max-image-preview:large, max-video-preview:-1\" \/>\n<link rel=\"canonical\" href=\"https:\/\/fb-kitchenware.com\/fr\/negozio\/pot\/casserole-avec-poignee-en-acier-o18-fb-kitchenware\/\" \/>\n<meta property=\"og:locale\" content=\"fr_FR\" \/>\n<meta property=\"og:type\" content=\"article\" \/>\n<meta property=\"og:title\" content=\"Casserole avec poign\u00e9e en acier \u00d818 | FB Kitchenware\" \/>\n<meta property=\"og:description\" content=\"D\u00e9couvrez la cocotte SilverPlus \u00e0 manche en acier \u00d818x9 cm : multicouche, adapt\u00e9e \u00e0 toutes les sources de chaleur, s\u00fbre, durable et saine.\" \/>\n<meta property=\"og:url\" content=\"https:\/\/fb-kitchenware.com\/fr\/negozio\/pot\/casserole-avec-poignee-en-acier-o18-fb-kitchenware\/\" \/>\n<meta property=\"og:site_name\" content=\"FB Kitchenware\" \/>\n<meta property=\"article:modified_time\" content=\"2025-12-01T00:22:00+00:00\" \/>\n<meta property=\"og:image\" content=\"https:\/\/fb-kitchenware.com\/wp-content\/uploads\/1-7.png\" \/>\n\t<meta property=\"og:image:width\" content=\"1920\" \/>\n\t<meta property=\"og:image:height\" content=\"1920\" \/>\n\t<meta property=\"og:image:type\" content=\"image\/png\" \/>\n<meta name=\"twitter:card\" content=\"summary_large_image\" \/>\n<script type=\"application\/ld+json\" class=\"yoast-schema-graph\">{\"@context\":\"https:\\\/\\\/schema.org\",\"@graph\":[{\"@type\":\"WebPage\",\"@id\":\"https:\\\/\\\/fb-kitchenware.com\\\/fr\\\/negozio\\\/pot\\\/casserole-avec-poignee-en-acier-o18-fb-kitchenware\\\/\",\"url\":\"https:\\\/\\\/fb-kitchenware.com\\\/fr\\\/negozio\\\/pot\\\/casserole-avec-poignee-en-acier-o18-fb-kitchenware\\\/\",\"name\":\"Casserole avec poign\u00e9e en acier \u00d818 | FB Kitchenware\",\"isPartOf\":{\"@id\":\"https:\\\/\\\/fb-kitchenware.com\\\/fr\\\/#website\"},\"primaryImageOfPage\":{\"@id\":\"https:\\\/\\\/fb-kitchenware.com\\\/fr\\\/negozio\\\/pot\\\/casserole-avec-poignee-en-acier-o18-fb-kitchenware\\\/#primaryimage\"},\"image\":{\"@id\":\"https:\\\/\\\/fb-kitchenware.com\\\/fr\\\/negozio\\\/pot\\\/casserole-avec-poignee-en-acier-o18-fb-kitchenware\\\/#primaryimage\"},\"thumbnailUrl\":\"https:\\\/\\\/fb-kitchenware.com\\\/wp-content\\\/uploads\\\/DSC8761-Edit-1.jpg\",\"datePublished\":\"2025-05-11T15:05:25+00:00\",\"dateModified\":\"2025-12-01T00:22:00+00:00\",\"description\":\"D\u00e9couvrez la cocotte SilverPlus \u00e0 manche en acier \u00d818x9 cm : multicouche, adapt\u00e9e \u00e0 toutes les sources de chaleur, s\u00fbre, durable et saine.\",\"breadcrumb\":{\"@id\":\"https:\\\/\\\/fb-kitchenware.com\\\/fr\\\/negozio\\\/pot\\\/casserole-avec-poignee-en-acier-o18-fb-kitchenware\\\/#breadcrumb\"},\"inLanguage\":\"fr-FR\",\"potentialAction\":[{\"@type\":\"ReadAction\",\"target\":[\"https:\\\/\\\/fb-kitchenware.com\\\/fr\\\/negozio\\\/pot\\\/casserole-avec-poignee-en-acier-o18-fb-kitchenware\\\/\"]}]},{\"@type\":\"ImageObject\",\"inLanguage\":\"fr-FR\",\"@id\":\"https:\\\/\\\/fb-kitchenware.com\\\/fr\\\/negozio\\\/pot\\\/casserole-avec-poignee-en-acier-o18-fb-kitchenware\\\/#primaryimage\",\"url\":\"https:\\\/\\\/fb-kitchenware.com\\\/wp-content\\\/uploads\\\/DSC8761-Edit-1.jpg\",\"contentUrl\":\"https:\\\/\\\/fb-kitchenware.com\\\/wp-content\\\/uploads\\\/DSC8761-Edit-1.jpg\",\"width\":1920,\"height\":1920},{\"@type\":\"BreadcrumbList\",\"@id\":\"https:\\\/\\\/fb-kitchenware.com\\\/fr\\\/negozio\\\/pot\\\/casserole-avec-poignee-en-acier-o18-fb-kitchenware\\\/#breadcrumb\",\"itemListElement\":[{\"@type\":\"ListItem\",\"position\":1,\"name\":\"Home\",\"item\":\"https:\\\/\\\/fb-kitchenware.com\\\/fr\\\/\"},{\"@type\":\"ListItem\",\"position\":2,\"name\":\"Casserole avec poign\u00e9e en acier \u00d818 | FB Kitchenware\"}]},{\"@type\":\"WebSite\",\"@id\":\"https:\\\/\\\/fb-kitchenware.com\\\/fr\\\/#website\",\"url\":\"https:\\\/\\\/fb-kitchenware.com\\\/fr\\\/\",\"name\":\"FB Kitchenware\",\"description\":\"\",\"publisher\":{\"@id\":\"https:\\\/\\\/fb-kitchenware.com\\\/fr\\\/#organization\"},\"potentialAction\":[{\"@type\":\"SearchAction\",\"target\":{\"@type\":\"EntryPoint\",\"urlTemplate\":\"https:\\\/\\\/fb-kitchenware.com\\\/fr\\\/?s={search_term_string}\"},\"query-input\":{\"@type\":\"PropertyValueSpecification\",\"valueRequired\":true,\"valueName\":\"search_term_string\"}}],\"inLanguage\":\"fr-FR\"},{\"@type\":\"Organization\",\"@id\":\"https:\\\/\\\/fb-kitchenware.com\\\/fr\\\/#organization\",\"name\":\"FB Kitchenware\",\"url\":\"https:\\\/\\\/fb-kitchenware.com\\\/fr\\\/\",\"logo\":{\"@type\":\"ImageObject\",\"inLanguage\":\"fr-FR\",\"@id\":\"https:\\\/\\\/fb-kitchenware.com\\\/fr\\\/#\\\/schema\\\/logo\\\/image\\\/\",\"url\":\"https:\\\/\\\/fb-kitchenware.com\\\/wp-content\\\/uploads\\\/logo_gold.png\",\"contentUrl\":\"https:\\\/\\\/fb-kitchenware.com\\\/wp-content\\\/uploads\\\/logo_gold.png\",\"width\":900,\"height\":900,\"caption\":\"FB Kitchenware\"},\"image\":{\"@id\":\"https:\\\/\\\/fb-kitchenware.com\\\/fr\\\/#\\\/schema\\\/logo\\\/image\\\/\"}}]}<\/script>\n<!-- \/ Yoast SEO plugin. -->","yoast_head_json":{"title":"Casserole avec poign\u00e9e en acier \u00d818 | FB Kitchenware","description":"D\u00e9couvrez la cocotte SilverPlus \u00e0 manche en acier \u00d818x9 cm : multicouche, adapt\u00e9e \u00e0 toutes les sources de chaleur, s\u00fbre, durable et saine.","robots":{"index":"index","follow":"follow","max-snippet":"max-snippet:-1","max-image-preview":"max-image-preview:large","max-video-preview":"max-video-preview:-1"},"canonical":"https:\/\/fb-kitchenware.com\/fr\/negozio\/pot\/casserole-avec-poignee-en-acier-o18-fb-kitchenware\/","og_locale":"fr_FR","og_type":"article","og_title":"Casserole avec poign\u00e9e en acier \u00d818 | FB Kitchenware","og_description":"D\u00e9couvrez la cocotte SilverPlus \u00e0 manche en acier \u00d818x9 cm : multicouche, adapt\u00e9e \u00e0 toutes les sources de chaleur, s\u00fbre, durable et saine.","og_url":"https:\/\/fb-kitchenware.com\/fr\/negozio\/pot\/casserole-avec-poignee-en-acier-o18-fb-kitchenware\/","og_site_name":"FB Kitchenware","article_modified_time":"2025-12-01T00:22:00+00:00","og_image":[{"width":1920,"height":1920,"url":"https:\/\/fb-kitchenware.com\/wp-content\/uploads\/1-7.png","type":"image\/png"}],"twitter_card":"summary_large_image","schema":{"@context":"https:\/\/schema.org","@graph":[{"@type":"WebPage","@id":"https:\/\/fb-kitchenware.com\/fr\/negozio\/pot\/casserole-avec-poignee-en-acier-o18-fb-kitchenware\/","url":"https:\/\/fb-kitchenware.com\/fr\/negozio\/pot\/casserole-avec-poignee-en-acier-o18-fb-kitchenware\/","name":"Casserole avec poign\u00e9e en acier \u00d818 | FB Kitchenware","isPartOf":{"@id":"https:\/\/fb-kitchenware.com\/fr\/#website"},"primaryImageOfPage":{"@id":"https:\/\/fb-kitchenware.com\/fr\/negozio\/pot\/casserole-avec-poignee-en-acier-o18-fb-kitchenware\/#primaryimage"},"image":{"@id":"https:\/\/fb-kitchenware.com\/fr\/negozio\/pot\/casserole-avec-poignee-en-acier-o18-fb-kitchenware\/#primaryimage"},"thumbnailUrl":"https:\/\/fb-kitchenware.com\/wp-content\/uploads\/DSC8761-Edit-1.jpg","datePublished":"2025-05-11T15:05:25+00:00","dateModified":"2025-12-01T00:22:00+00:00","description":"D\u00e9couvrez la cocotte SilverPlus \u00e0 manche en acier \u00d818x9 cm : multicouche, adapt\u00e9e \u00e0 toutes les sources de chaleur, s\u00fbre, durable et saine.","breadcrumb":{"@id":"https:\/\/fb-kitchenware.com\/fr\/negozio\/pot\/casserole-avec-poignee-en-acier-o18-fb-kitchenware\/#breadcrumb"},"inLanguage":"fr-FR","potentialAction":[{"@type":"ReadAction","target":["https:\/\/fb-kitchenware.com\/fr\/negozio\/pot\/casserole-avec-poignee-en-acier-o18-fb-kitchenware\/"]}]},{"@type":"ImageObject","inLanguage":"fr-FR","@id":"https:\/\/fb-kitchenware.com\/fr\/negozio\/pot\/casserole-avec-poignee-en-acier-o18-fb-kitchenware\/#primaryimage","url":"https:\/\/fb-kitchenware.com\/wp-content\/uploads\/DSC8761-Edit-1.jpg","contentUrl":"https:\/\/fb-kitchenware.com\/wp-content\/uploads\/DSC8761-Edit-1.jpg","width":1920,"height":1920},{"@type":"BreadcrumbList","@id":"https:\/\/fb-kitchenware.com\/fr\/negozio\/pot\/casserole-avec-poignee-en-acier-o18-fb-kitchenware\/#breadcrumb","itemListElement":[{"@type":"ListItem","position":1,"name":"Home","item":"https:\/\/fb-kitchenware.com\/fr\/"},{"@type":"ListItem","position":2,"name":"Casserole avec poign\u00e9e en acier \u00d818 | FB Kitchenware"}]},{"@type":"WebSite","@id":"https:\/\/fb-kitchenware.com\/fr\/#website","url":"https:\/\/fb-kitchenware.com\/fr\/","name":"FB Kitchenware","description":"","publisher":{"@id":"https:\/\/fb-kitchenware.com\/fr\/#organization"},"potentialAction":[{"@type":"SearchAction","target":{"@type":"EntryPoint","urlTemplate":"https:\/\/fb-kitchenware.com\/fr\/?s={search_term_string}"},"query-input":{"@type":"PropertyValueSpecification","valueRequired":true,"valueName":"search_term_string"}}],"inLanguage":"fr-FR"},{"@type":"Organization","@id":"https:\/\/fb-kitchenware.com\/fr\/#organization","name":"FB Kitchenware","url":"https:\/\/fb-kitchenware.com\/fr\/","logo":{"@type":"ImageObject","inLanguage":"fr-FR","@id":"https:\/\/fb-kitchenware.com\/fr\/#\/schema\/logo\/image\/","url":"https:\/\/fb-kitchenware.com\/wp-content\/uploads\/logo_gold.png","contentUrl":"https:\/\/fb-kitchenware.com\/wp-content\/uploads\/logo_gold.png","width":900,"height":900,"caption":"FB Kitchenware"},"image":{"@id":"https:\/\/fb-kitchenware.com\/fr\/#\/schema\/logo\/image\/"}}]}},"_links":{"self":[{"href":"https:\/\/fb-kitchenware.com\/fr\/wp-json\/wp\/v2\/product\/3042","targetHints":{"allow":["GET"]}}],"collection":[{"href":"https:\/\/fb-kitchenware.com\/fr\/wp-json\/wp\/v2\/product"}],"about":[{"href":"https:\/\/fb-kitchenware.com\/fr\/wp-json\/wp\/v2\/types\/product"}],"wp:featuredmedia":[{"embeddable":true,"href":"https:\/\/fb-kitchenware.com\/fr\/wp-json\/wp\/v2\/media\/7471"}],"wp:attachment":[{"href":"https:\/\/fb-kitchenware.com\/fr\/wp-json\/wp\/v2\/media?parent=3042"}],"wp:term":[{"taxonomy":"product_brand","embeddable":true,"href":"https:\/\/fb-kitchenware.com\/fr\/wp-json\/wp\/v2\/product_brand?post=3042"},{"taxonomy":"product_cat","embeddable":true,"href":"https:\/\/fb-kitchenware.com\/fr\/wp-json\/wp\/v2\/product_cat?post=3042"},{"taxonomy":"product_tag","embeddable":true,"href":"https:\/\/fb-kitchenware.com\/fr\/wp-json\/wp\/v2\/product_tag?post=3042"}],"curies":[{"name":"wp","href":"https:\/\/api.w.org\/{rel}","templated":true}]}}