{"id":3143,"date":"2025-05-11T17:05:25","date_gmt":"2025-05-11T15:05:25","guid":{"rendered":"https:\/\/fb-kitchenware.com\/negozio\/uncategorized\/marmite-a-bouillon-en-acier-inoxydable-o24xh17-fb-kitchenware\/"},"modified":"2025-12-01T01:22:00","modified_gmt":"2025-12-01T00:22:00","slug":"marmite-a-bouillon-en-acier-inoxydable-o24xh17-fb-kitchenware","status":"publish","type":"product","link":"https:\/\/fb-kitchenware.com\/fr\/negozio\/pot\/marmite-a-bouillon-en-acier-inoxydable-o24xh17-fb-kitchenware\/","title":{"rendered":"Marmite \u00e0 bouillon en acier inoxydable \u00d824xH17 | FB Kitchenware"},"content":{"rendered":"","protected":false},"excerpt":{"rendered":"<p class=\"\" data-start=\"1419\" data-end=\"1799\">La base de 2,6 mm d&#8217;\u00e9paisseur assure une r\u00e9partition uniforme de la chaleur, \u00e9liminant les points chauds et facilitant une cuisson pr\u00e9cise. La chaleur se diffuse rapidement et constamment, ce qui vous permet de <strong data-start=\"1621\" data-end=\"1653\">gagner du temps et de l&#8217;\u00e9nergie<\/strong>. La <strong data-start=\"1665\" data-end=\"1686\">poign\u00e9e ergonomique<\/strong> en acier inoxydable, solidement rivet\u00e9e, garantit la <strong data-start=\"1747\" data-end=\"1772\">stabilit\u00e9 et la s\u00e9curit\u00e9<\/strong>, m\u00eame pour une utilisation au four.<\/p>\n<p class=\"\" data-start=\"1801\" data-end=\"2108\">Tous les mat\u00e9riaux sont <strong data-start=\"1824\" data-end=\"1858\">certifi\u00e9s pour un usage alimentaire<\/strong>, sans PFOA et sans danger pour la sant\u00e9.<\/p>\n<p class=\"\" data-start=\"2110\" data-end=\"2293\">Cette po\u00eale n&#8217;est pas seulement un outil de cuisson, mais un v\u00e9ritable alli\u00e9 dans la cuisine : durable <strong data-start=\"2192\" data-end=\"2231\">, polyvalent et viable<\/strong>, con\u00e7u pour durer longtemps sans perdre ses performances.<\/p>\n<p class=\"\" data-start=\"623\" data-end=\"999\">Pr\u00e9parer un bon bouillon demande du temps, de la patience et le bon outil. La <strong data-start=\"698\" data-end=\"761\">marmite en acier \u00d824xH17 de la ligne SilverPlus\u2122<\/strong> de FB Kitchenware a \u00e9t\u00e9 cr\u00e9\u00e9e pour r\u00e9pondre aux besoins de ceux qui aiment cuisiner de mani\u00e8re saine, efficace et consciente. Fabriqu\u00e9e avec des mat\u00e9riaux de la plus haute qualit\u00e9, cette marmite repr\u00e9sente l&#8217;excellence en mati\u00e8re de cuisson lente et homog\u00e8ne.<\/p>\n<p class=\"\" data-start=\"1001\" data-end=\"1417\">Le secret du SilverPlus\u2122 r\u00e9side dans son <strong data-start=\"1039\" data-end=\"1060\">corps multicouche<\/strong>: une couche int\u00e9rieure en acier inoxydable AISI 304, parfaite pour le contact avec les aliments, un c\u0153ur compos\u00e9 de <strong data-start=\"1180\" data-end=\"1237\">trois couches d&#8217;aluminium \u00e0 haute conductivit\u00e9 thermique<\/strong>, et un rev\u00eatement ext\u00e9rieur en acier inoxydable AISI 430, qui le rend <strong data-start=\"1304\" data-end=\"1345\">compatible avec toutes les plaques de cuisson<\/strong>, y compris les <strong data-start=\"1304\" data-end=\"1345\">plaques \u00e0<\/strong> <strong data-start=\"1364\" data-end=\"1377\">induction<\/strong>, \u00e0 <strong data-start=\"1379\" data-end=\"1386\">gaz<\/strong>, <strong data-start=\"1388\" data-end=\"1401\">\u00e9lectriques<\/strong> et <strong data-start=\"1404\" data-end=\"1416\">en c\u00e9ramique<\/strong>.<\/p>\n<p class=\"\" data-start=\"1419\" data-end=\"1799\">\n","protected":false},"featured_media":7459,"template":"","meta":{"_acf_changed":false},"product_brand":[527],"product_cat":[523],"product_tag":[],"class_list":{"0":"post-3143","1":"product","2":"type-product","3":"status-publish","4":"has-post-thumbnail","6":"product_brand-silverplus","7":"product_cat-pot","9":"first","10":"instock","11":"taxable","12":"shipping-taxable","13":"purchasable","14":"product-type-simple"},"acf":[],"yoast_head":"<!-- This site is optimized with the Yoast SEO plugin v27.3 - https:\/\/yoast.com\/product\/yoast-seo-wordpress\/ -->\n<title>Marmite \u00e0 bouillon en acier inoxydable \u00d824xH17 | FB Kitchenware - FB Kitchenware<\/title>\n<meta name=\"description\" content=\"D\u00e9couvrez la marmite SilverPlus\u2122 en acier \u00d824xh17 : la plus haute qualit\u00e9, une cuisson homog\u00e8ne, compatible avec l&#039;induction, le four et le gaz.\" \/>\n<meta name=\"robots\" content=\"index, follow, max-snippet:-1, max-image-preview:large, max-video-preview:-1\" \/>\n<link rel=\"canonical\" href=\"https:\/\/fb-kitchenware.com\/fr\/negozio\/pot\/marmite-a-bouillon-en-acier-inoxydable-o24xh17-fb-kitchenware\/\" \/>\n<meta property=\"og:locale\" content=\"fr_FR\" \/>\n<meta property=\"og:type\" content=\"article\" \/>\n<meta property=\"og:title\" content=\"Marmite \u00e0 bouillon en acier inoxydable \u00d824xH17 | FB Kitchenware - FB Kitchenware\" \/>\n<meta property=\"og:description\" content=\"D\u00e9couvrez la marmite SilverPlus\u2122 en acier \u00d824xh17 : la plus haute qualit\u00e9, une cuisson homog\u00e8ne, compatible avec l&#039;induction, le four et le gaz.\" \/>\n<meta property=\"og:url\" content=\"https:\/\/fb-kitchenware.com\/fr\/negozio\/pot\/marmite-a-bouillon-en-acier-inoxydable-o24xh17-fb-kitchenware\/\" \/>\n<meta property=\"og:site_name\" content=\"FB Kitchenware\" \/>\n<meta property=\"article:modified_time\" content=\"2025-12-01T00:22:00+00:00\" \/>\n<meta property=\"og:image\" content=\"https:\/\/fb-kitchenware.com\/wp-content\/uploads\/DSC8722-Edit-copia-2.jpg\" \/>\n\t<meta property=\"og:image:width\" content=\"1920\" \/>\n\t<meta property=\"og:image:height\" content=\"1920\" \/>\n\t<meta property=\"og:image:type\" content=\"image\/jpeg\" \/>\n<meta name=\"twitter:card\" content=\"summary_large_image\" \/>\n<meta name=\"twitter:label1\" content=\"Est. reading time\" \/>\n\t<meta name=\"twitter:data1\" content=\"3 minutes\" \/>\n<script type=\"application\/ld+json\" class=\"yoast-schema-graph\">{\"@context\":\"https:\\\/\\\/schema.org\",\"@graph\":[{\"@type\":\"WebPage\",\"@id\":\"https:\\\/\\\/fb-kitchenware.com\\\/fr\\\/negozio\\\/pot\\\/marmite-a-bouillon-en-acier-inoxydable-o24xh17-fb-kitchenware\\\/\",\"url\":\"https:\\\/\\\/fb-kitchenware.com\\\/fr\\\/negozio\\\/pot\\\/marmite-a-bouillon-en-acier-inoxydable-o24xh17-fb-kitchenware\\\/\",\"name\":\"Marmite \u00e0 bouillon en acier inoxydable \u00d824xH17 | FB Kitchenware - FB Kitchenware\",\"isPartOf\":{\"@id\":\"https:\\\/\\\/fb-kitchenware.com\\\/fr\\\/#website\"},\"primaryImageOfPage\":{\"@id\":\"https:\\\/\\\/fb-kitchenware.com\\\/fr\\\/negozio\\\/pot\\\/marmite-a-bouillon-en-acier-inoxydable-o24xh17-fb-kitchenware\\\/#primaryimage\"},\"image\":{\"@id\":\"https:\\\/\\\/fb-kitchenware.com\\\/fr\\\/negozio\\\/pot\\\/marmite-a-bouillon-en-acier-inoxydable-o24xh17-fb-kitchenware\\\/#primaryimage\"},\"thumbnailUrl\":\"https:\\\/\\\/fb-kitchenware.com\\\/wp-content\\\/uploads\\\/DSC8722-Edit-copia-2-1.jpg\",\"datePublished\":\"2025-05-11T15:05:25+00:00\",\"dateModified\":\"2025-12-01T00:22:00+00:00\",\"description\":\"D\u00e9couvrez la marmite SilverPlus\u2122 en acier \u00d824xh17 : la plus haute qualit\u00e9, une cuisson homog\u00e8ne, compatible avec l'induction, le four et le gaz.\",\"breadcrumb\":{\"@id\":\"https:\\\/\\\/fb-kitchenware.com\\\/fr\\\/negozio\\\/pot\\\/marmite-a-bouillon-en-acier-inoxydable-o24xh17-fb-kitchenware\\\/#breadcrumb\"},\"inLanguage\":\"fr-FR\",\"potentialAction\":[{\"@type\":\"ReadAction\",\"target\":[\"https:\\\/\\\/fb-kitchenware.com\\\/fr\\\/negozio\\\/pot\\\/marmite-a-bouillon-en-acier-inoxydable-o24xh17-fb-kitchenware\\\/\"]}]},{\"@type\":\"ImageObject\",\"inLanguage\":\"fr-FR\",\"@id\":\"https:\\\/\\\/fb-kitchenware.com\\\/fr\\\/negozio\\\/pot\\\/marmite-a-bouillon-en-acier-inoxydable-o24xh17-fb-kitchenware\\\/#primaryimage\",\"url\":\"https:\\\/\\\/fb-kitchenware.com\\\/wp-content\\\/uploads\\\/DSC8722-Edit-copia-2-1.jpg\",\"contentUrl\":\"https:\\\/\\\/fb-kitchenware.com\\\/wp-content\\\/uploads\\\/DSC8722-Edit-copia-2-1.jpg\",\"width\":1920,\"height\":1920},{\"@type\":\"BreadcrumbList\",\"@id\":\"https:\\\/\\\/fb-kitchenware.com\\\/fr\\\/negozio\\\/pot\\\/marmite-a-bouillon-en-acier-inoxydable-o24xh17-fb-kitchenware\\\/#breadcrumb\",\"itemListElement\":[{\"@type\":\"ListItem\",\"position\":1,\"name\":\"Home\",\"item\":\"https:\\\/\\\/fb-kitchenware.com\\\/fr\\\/\"},{\"@type\":\"ListItem\",\"position\":2,\"name\":\"Marmite \u00e0 bouillon en acier inoxydable \u00d824xH17 | FB Kitchenware\"}]},{\"@type\":\"WebSite\",\"@id\":\"https:\\\/\\\/fb-kitchenware.com\\\/fr\\\/#website\",\"url\":\"https:\\\/\\\/fb-kitchenware.com\\\/fr\\\/\",\"name\":\"FB Kitchenware\",\"description\":\"\",\"publisher\":{\"@id\":\"https:\\\/\\\/fb-kitchenware.com\\\/fr\\\/#organization\"},\"potentialAction\":[{\"@type\":\"SearchAction\",\"target\":{\"@type\":\"EntryPoint\",\"urlTemplate\":\"https:\\\/\\\/fb-kitchenware.com\\\/fr\\\/?s={search_term_string}\"},\"query-input\":{\"@type\":\"PropertyValueSpecification\",\"valueRequired\":true,\"valueName\":\"search_term_string\"}}],\"inLanguage\":\"fr-FR\"},{\"@type\":\"Organization\",\"@id\":\"https:\\\/\\\/fb-kitchenware.com\\\/fr\\\/#organization\",\"name\":\"FB Kitchenware\",\"url\":\"https:\\\/\\\/fb-kitchenware.com\\\/fr\\\/\",\"logo\":{\"@type\":\"ImageObject\",\"inLanguage\":\"fr-FR\",\"@id\":\"https:\\\/\\\/fb-kitchenware.com\\\/fr\\\/#\\\/schema\\\/logo\\\/image\\\/\",\"url\":\"https:\\\/\\\/fb-kitchenware.com\\\/wp-content\\\/uploads\\\/logo_gold.png\",\"contentUrl\":\"https:\\\/\\\/fb-kitchenware.com\\\/wp-content\\\/uploads\\\/logo_gold.png\",\"width\":900,\"height\":900,\"caption\":\"FB Kitchenware\"},\"image\":{\"@id\":\"https:\\\/\\\/fb-kitchenware.com\\\/fr\\\/#\\\/schema\\\/logo\\\/image\\\/\"}}]}<\/script>\n<!-- \/ Yoast SEO plugin. -->","yoast_head_json":{"title":"Marmite \u00e0 bouillon en acier inoxydable \u00d824xH17 | FB Kitchenware - FB Kitchenware","description":"D\u00e9couvrez la marmite SilverPlus\u2122 en acier \u00d824xh17 : la plus haute qualit\u00e9, une cuisson homog\u00e8ne, compatible avec l'induction, le four et le gaz.","robots":{"index":"index","follow":"follow","max-snippet":"max-snippet:-1","max-image-preview":"max-image-preview:large","max-video-preview":"max-video-preview:-1"},"canonical":"https:\/\/fb-kitchenware.com\/fr\/negozio\/pot\/marmite-a-bouillon-en-acier-inoxydable-o24xh17-fb-kitchenware\/","og_locale":"fr_FR","og_type":"article","og_title":"Marmite \u00e0 bouillon en acier inoxydable \u00d824xH17 | FB Kitchenware - FB Kitchenware","og_description":"D\u00e9couvrez la marmite SilverPlus\u2122 en acier \u00d824xh17 : la plus haute qualit\u00e9, une cuisson homog\u00e8ne, compatible avec l'induction, le four et le gaz.","og_url":"https:\/\/fb-kitchenware.com\/fr\/negozio\/pot\/marmite-a-bouillon-en-acier-inoxydable-o24xh17-fb-kitchenware\/","og_site_name":"FB Kitchenware","article_modified_time":"2025-12-01T00:22:00+00:00","og_image":[{"width":1920,"height":1920,"url":"https:\/\/fb-kitchenware.com\/wp-content\/uploads\/DSC8722-Edit-copia-2.jpg","type":"image\/jpeg"}],"twitter_card":"summary_large_image","twitter_misc":{"Est. reading time":"3 minutes"},"schema":{"@context":"https:\/\/schema.org","@graph":[{"@type":"WebPage","@id":"https:\/\/fb-kitchenware.com\/fr\/negozio\/pot\/marmite-a-bouillon-en-acier-inoxydable-o24xh17-fb-kitchenware\/","url":"https:\/\/fb-kitchenware.com\/fr\/negozio\/pot\/marmite-a-bouillon-en-acier-inoxydable-o24xh17-fb-kitchenware\/","name":"Marmite \u00e0 bouillon en acier inoxydable \u00d824xH17 | FB Kitchenware - FB Kitchenware","isPartOf":{"@id":"https:\/\/fb-kitchenware.com\/fr\/#website"},"primaryImageOfPage":{"@id":"https:\/\/fb-kitchenware.com\/fr\/negozio\/pot\/marmite-a-bouillon-en-acier-inoxydable-o24xh17-fb-kitchenware\/#primaryimage"},"image":{"@id":"https:\/\/fb-kitchenware.com\/fr\/negozio\/pot\/marmite-a-bouillon-en-acier-inoxydable-o24xh17-fb-kitchenware\/#primaryimage"},"thumbnailUrl":"https:\/\/fb-kitchenware.com\/wp-content\/uploads\/DSC8722-Edit-copia-2-1.jpg","datePublished":"2025-05-11T15:05:25+00:00","dateModified":"2025-12-01T00:22:00+00:00","description":"D\u00e9couvrez la marmite SilverPlus\u2122 en acier \u00d824xh17 : la plus haute qualit\u00e9, une cuisson homog\u00e8ne, compatible avec l'induction, le four et le gaz.","breadcrumb":{"@id":"https:\/\/fb-kitchenware.com\/fr\/negozio\/pot\/marmite-a-bouillon-en-acier-inoxydable-o24xh17-fb-kitchenware\/#breadcrumb"},"inLanguage":"fr-FR","potentialAction":[{"@type":"ReadAction","target":["https:\/\/fb-kitchenware.com\/fr\/negozio\/pot\/marmite-a-bouillon-en-acier-inoxydable-o24xh17-fb-kitchenware\/"]}]},{"@type":"ImageObject","inLanguage":"fr-FR","@id":"https:\/\/fb-kitchenware.com\/fr\/negozio\/pot\/marmite-a-bouillon-en-acier-inoxydable-o24xh17-fb-kitchenware\/#primaryimage","url":"https:\/\/fb-kitchenware.com\/wp-content\/uploads\/DSC8722-Edit-copia-2-1.jpg","contentUrl":"https:\/\/fb-kitchenware.com\/wp-content\/uploads\/DSC8722-Edit-copia-2-1.jpg","width":1920,"height":1920},{"@type":"BreadcrumbList","@id":"https:\/\/fb-kitchenware.com\/fr\/negozio\/pot\/marmite-a-bouillon-en-acier-inoxydable-o24xh17-fb-kitchenware\/#breadcrumb","itemListElement":[{"@type":"ListItem","position":1,"name":"Home","item":"https:\/\/fb-kitchenware.com\/fr\/"},{"@type":"ListItem","position":2,"name":"Marmite \u00e0 bouillon en acier inoxydable \u00d824xH17 | FB Kitchenware"}]},{"@type":"WebSite","@id":"https:\/\/fb-kitchenware.com\/fr\/#website","url":"https:\/\/fb-kitchenware.com\/fr\/","name":"FB Kitchenware","description":"","publisher":{"@id":"https:\/\/fb-kitchenware.com\/fr\/#organization"},"potentialAction":[{"@type":"SearchAction","target":{"@type":"EntryPoint","urlTemplate":"https:\/\/fb-kitchenware.com\/fr\/?s={search_term_string}"},"query-input":{"@type":"PropertyValueSpecification","valueRequired":true,"valueName":"search_term_string"}}],"inLanguage":"fr-FR"},{"@type":"Organization","@id":"https:\/\/fb-kitchenware.com\/fr\/#organization","name":"FB Kitchenware","url":"https:\/\/fb-kitchenware.com\/fr\/","logo":{"@type":"ImageObject","inLanguage":"fr-FR","@id":"https:\/\/fb-kitchenware.com\/fr\/#\/schema\/logo\/image\/","url":"https:\/\/fb-kitchenware.com\/wp-content\/uploads\/logo_gold.png","contentUrl":"https:\/\/fb-kitchenware.com\/wp-content\/uploads\/logo_gold.png","width":900,"height":900,"caption":"FB Kitchenware"},"image":{"@id":"https:\/\/fb-kitchenware.com\/fr\/#\/schema\/logo\/image\/"}}]}},"_links":{"self":[{"href":"https:\/\/fb-kitchenware.com\/fr\/wp-json\/wp\/v2\/product\/3143","targetHints":{"allow":["GET"]}}],"collection":[{"href":"https:\/\/fb-kitchenware.com\/fr\/wp-json\/wp\/v2\/product"}],"about":[{"href":"https:\/\/fb-kitchenware.com\/fr\/wp-json\/wp\/v2\/types\/product"}],"wp:featuredmedia":[{"embeddable":true,"href":"https:\/\/fb-kitchenware.com\/fr\/wp-json\/wp\/v2\/media\/7459"}],"wp:attachment":[{"href":"https:\/\/fb-kitchenware.com\/fr\/wp-json\/wp\/v2\/media?parent=3143"}],"wp:term":[{"taxonomy":"product_brand","embeddable":true,"href":"https:\/\/fb-kitchenware.com\/fr\/wp-json\/wp\/v2\/product_brand?post=3143"},{"taxonomy":"product_cat","embeddable":true,"href":"https:\/\/fb-kitchenware.com\/fr\/wp-json\/wp\/v2\/product_cat?post=3143"},{"taxonomy":"product_tag","embeddable":true,"href":"https:\/\/fb-kitchenware.com\/fr\/wp-json\/wp\/v2\/product_tag?post=3143"}],"curies":[{"name":"wp","href":"https:\/\/api.w.org\/{rel}","templated":true}]}}