{"id":3144,"date":"2025-05-11T17:03:47","date_gmt":"2025-05-11T15:03:47","guid":{"rendered":"https:\/\/fb-kitchenware.com\/negozio\/uncategorized\/diamondtin-poele-a-frire-en-cuivre-avec-manche-en-laiton-induction\/"},"modified":"2025-12-01T01:22:05","modified_gmt":"2025-12-01T00:22:05","slug":"diamondtin-poele-a-frire-en-cuivre-avec-manche-en-laiton-induction","status":"publish","type":"product","link":"https:\/\/fb-kitchenware.com\/fr\/negozio\/poele-a-frire\/diamondtin-poele-a-frire-en-cuivre-avec-manche-en-laiton-induction\/","title":{"rendered":"DiamondTin\u2122 po\u00eale \u00e0 frire en cuivre avec manche en laiton | Induction"},"content":{"rendered":"","protected":false},"excerpt":{"rendered":"<p>Cuisiner avec une <strong data-start=\"675\" data-end=\"694\">po\u00eale en cuivre<\/strong> est un geste ancien, une exp\u00e9rience sensorielle qui allie esth\u00e9tique et fonctionnalit\u00e9. <g id=\"gid_1\">La po\u00eale DiamondTin\u2122 de FB Kitchenware<\/g> repr\u00e9sente l&#8217;\u00e9volution moderne de ce classique intemporel. Fabriqu\u00e9e en <g id=\"gid_2\">cuivre pur \u00e0 99,9 %<\/g> et finie \u00e0 la main avec une surface martel\u00e9e polie, elle se distingue par sa beaut\u00e9 extraordinaire et ses <g id=\"gid_3\">performances de cuisson sup\u00e9rieures<\/g>. \u00c0 l&#8217;int\u00e9rieur, le rev\u00eatement <strong data-start=\"1105\" data-end=\"1120\">DiamondTin\u2122<\/strong> &#8211; enrichi de particules de diamant synth\u00e9tique &#8211; offre une <strong data-start=\"1188\" data-end=\"1248\">r\u00e9sistance \u00e0 l&#8217;abrasion, aux chocs et aux chocs thermiques<\/strong> nettement sup\u00e9rieure \u00e0 celle des rev\u00eatements d&#8217;\u00e9tain traditionnels.   <\/p>\n","protected":false},"featured_media":4927,"template":"","meta":{"_acf_changed":false},"product_brand":[522],"product_cat":[514,644],"product_tag":[],"class_list":{"0":"post-3144","1":"product","2":"type-product","3":"status-publish","4":"has-post-thumbnail","6":"product_brand-diamondtin","7":"product_cat-poele-a-frire","8":"product_cat-fin-de-serie","10":"first","11":"instock","12":"sale","13":"taxable","14":"shipping-taxable","15":"purchasable","16":"product-type-variable"},"acf":[],"yoast_head":"<!-- This site is optimized with the Yoast SEO plugin v27.3 - https:\/\/yoast.com\/product\/yoast-seo-wordpress\/ -->\n<title>DiamondTin\u2122 po\u00eale \u00e0 frire en cuivre avec manche en laiton | Induction<\/title>\n<meta name=\"description\" content=\"La po\u00eale DiamondTin\u2122 de FB Kitchenware repr\u00e9sente l&#039;\u00e9volution moderne de ce classique intemporel. Cuivre pur \u00e0 99,9 %.\" \/>\n<meta name=\"robots\" content=\"index, follow, max-snippet:-1, max-image-preview:large, max-video-preview:-1\" \/>\n<link rel=\"canonical\" href=\"https:\/\/fb-kitchenware.com\/fr\/negozio\/poele-a-frire\/diamondtin-poele-a-frire-en-cuivre-avec-manche-en-laiton-induction\/\" \/>\n<meta property=\"og:locale\" content=\"fr_FR\" \/>\n<meta property=\"og:type\" content=\"article\" \/>\n<meta property=\"og:title\" content=\"DiamondTin\u2122 po\u00eale \u00e0 frire en cuivre avec manche en laiton | Induction\" \/>\n<meta property=\"og:description\" content=\"La po\u00eale DiamondTin\u2122 de FB Kitchenware repr\u00e9sente l&#039;\u00e9volution moderne de ce classique intemporel. Cuivre pur \u00e0 99,9 %.\" \/>\n<meta property=\"og:url\" content=\"https:\/\/fb-kitchenware.com\/fr\/negozio\/poele-a-frire\/diamondtin-poele-a-frire-en-cuivre-avec-manche-en-laiton-induction\/\" \/>\n<meta property=\"og:site_name\" content=\"FB Kitchenware\" \/>\n<meta property=\"article:modified_time\" content=\"2025-12-01T00:22:05+00:00\" \/>\n<meta property=\"og:image\" content=\"https:\/\/fb-kitchenware.com\/wp-content\/uploads\/diamondtin-6227.jpg\" \/>\n\t<meta property=\"og:image:width\" content=\"1920\" \/>\n\t<meta property=\"og:image:height\" content=\"1920\" \/>\n\t<meta property=\"og:image:type\" content=\"image\/jpeg\" \/>\n<meta name=\"twitter:card\" content=\"summary_large_image\" \/>\n<meta name=\"twitter:label1\" content=\"Est. reading time\" \/>\n\t<meta name=\"twitter:data1\" content=\"3 minutes\" \/>\n<script type=\"application\/ld+json\" class=\"yoast-schema-graph\">{\"@context\":\"https:\\\/\\\/schema.org\",\"@graph\":[{\"@type\":\"WebPage\",\"@id\":\"https:\\\/\\\/fb-kitchenware.com\\\/fr\\\/negozio\\\/poele-a-frire\\\/diamondtin-poele-a-frire-en-cuivre-avec-manche-en-laiton-induction\\\/\",\"url\":\"https:\\\/\\\/fb-kitchenware.com\\\/fr\\\/negozio\\\/poele-a-frire\\\/diamondtin-poele-a-frire-en-cuivre-avec-manche-en-laiton-induction\\\/\",\"name\":\"DiamondTin\u2122 po\u00eale \u00e0 frire en cuivre avec manche en laiton | Induction\",\"isPartOf\":{\"@id\":\"https:\\\/\\\/fb-kitchenware.com\\\/fr\\\/#website\"},\"primaryImageOfPage\":{\"@id\":\"https:\\\/\\\/fb-kitchenware.com\\\/fr\\\/negozio\\\/poele-a-frire\\\/diamondtin-poele-a-frire-en-cuivre-avec-manche-en-laiton-induction\\\/#primaryimage\"},\"image\":{\"@id\":\"https:\\\/\\\/fb-kitchenware.com\\\/fr\\\/negozio\\\/poele-a-frire\\\/diamondtin-poele-a-frire-en-cuivre-avec-manche-en-laiton-induction\\\/#primaryimage\"},\"thumbnailUrl\":\"https:\\\/\\\/fb-kitchenware.com\\\/wp-content\\\/uploads\\\/infografiche-da-sito-16.jpg\",\"datePublished\":\"2025-05-11T15:03:47+00:00\",\"dateModified\":\"2025-12-01T00:22:05+00:00\",\"description\":\"La po\u00eale DiamondTin\u2122 de FB Kitchenware repr\u00e9sente l'\u00e9volution moderne de ce classique intemporel. Cuivre pur \u00e0 99,9 %.\",\"breadcrumb\":{\"@id\":\"https:\\\/\\\/fb-kitchenware.com\\\/fr\\\/negozio\\\/poele-a-frire\\\/diamondtin-poele-a-frire-en-cuivre-avec-manche-en-laiton-induction\\\/#breadcrumb\"},\"inLanguage\":\"fr-FR\",\"potentialAction\":[{\"@type\":\"ReadAction\",\"target\":[\"https:\\\/\\\/fb-kitchenware.com\\\/fr\\\/negozio\\\/poele-a-frire\\\/diamondtin-poele-a-frire-en-cuivre-avec-manche-en-laiton-induction\\\/\"]}]},{\"@type\":\"ImageObject\",\"inLanguage\":\"fr-FR\",\"@id\":\"https:\\\/\\\/fb-kitchenware.com\\\/fr\\\/negozio\\\/poele-a-frire\\\/diamondtin-poele-a-frire-en-cuivre-avec-manche-en-laiton-induction\\\/#primaryimage\",\"url\":\"https:\\\/\\\/fb-kitchenware.com\\\/wp-content\\\/uploads\\\/infografiche-da-sito-16.jpg\",\"contentUrl\":\"https:\\\/\\\/fb-kitchenware.com\\\/wp-content\\\/uploads\\\/infografiche-da-sito-16.jpg\",\"width\":1920,\"height\":1920,\"caption\":\"padella in rame diamondtin\"},{\"@type\":\"BreadcrumbList\",\"@id\":\"https:\\\/\\\/fb-kitchenware.com\\\/fr\\\/negozio\\\/poele-a-frire\\\/diamondtin-poele-a-frire-en-cuivre-avec-manche-en-laiton-induction\\\/#breadcrumb\",\"itemListElement\":[{\"@type\":\"ListItem\",\"position\":1,\"name\":\"Home\",\"item\":\"https:\\\/\\\/fb-kitchenware.com\\\/fr\\\/\"},{\"@type\":\"ListItem\",\"position\":2,\"name\":\"DiamondTin\u2122 po\u00eale \u00e0 frire en cuivre avec manche en laiton | Induction\"}]},{\"@type\":\"WebSite\",\"@id\":\"https:\\\/\\\/fb-kitchenware.com\\\/fr\\\/#website\",\"url\":\"https:\\\/\\\/fb-kitchenware.com\\\/fr\\\/\",\"name\":\"FB Kitchenware\",\"description\":\"\",\"publisher\":{\"@id\":\"https:\\\/\\\/fb-kitchenware.com\\\/fr\\\/#organization\"},\"potentialAction\":[{\"@type\":\"SearchAction\",\"target\":{\"@type\":\"EntryPoint\",\"urlTemplate\":\"https:\\\/\\\/fb-kitchenware.com\\\/fr\\\/?s={search_term_string}\"},\"query-input\":{\"@type\":\"PropertyValueSpecification\",\"valueRequired\":true,\"valueName\":\"search_term_string\"}}],\"inLanguage\":\"fr-FR\"},{\"@type\":\"Organization\",\"@id\":\"https:\\\/\\\/fb-kitchenware.com\\\/fr\\\/#organization\",\"name\":\"FB Kitchenware\",\"url\":\"https:\\\/\\\/fb-kitchenware.com\\\/fr\\\/\",\"logo\":{\"@type\":\"ImageObject\",\"inLanguage\":\"fr-FR\",\"@id\":\"https:\\\/\\\/fb-kitchenware.com\\\/fr\\\/#\\\/schema\\\/logo\\\/image\\\/\",\"url\":\"https:\\\/\\\/fb-kitchenware.com\\\/wp-content\\\/uploads\\\/logo_gold.png\",\"contentUrl\":\"https:\\\/\\\/fb-kitchenware.com\\\/wp-content\\\/uploads\\\/logo_gold.png\",\"width\":900,\"height\":900,\"caption\":\"FB Kitchenware\"},\"image\":{\"@id\":\"https:\\\/\\\/fb-kitchenware.com\\\/fr\\\/#\\\/schema\\\/logo\\\/image\\\/\"}}]}<\/script>\n<!-- \/ Yoast SEO plugin. -->","yoast_head_json":{"title":"DiamondTin\u2122 po\u00eale \u00e0 frire en cuivre avec manche en laiton | Induction","description":"La po\u00eale DiamondTin\u2122 de FB Kitchenware repr\u00e9sente l'\u00e9volution moderne de ce classique intemporel. Cuivre pur \u00e0 99,9 %.","robots":{"index":"index","follow":"follow","max-snippet":"max-snippet:-1","max-image-preview":"max-image-preview:large","max-video-preview":"max-video-preview:-1"},"canonical":"https:\/\/fb-kitchenware.com\/fr\/negozio\/poele-a-frire\/diamondtin-poele-a-frire-en-cuivre-avec-manche-en-laiton-induction\/","og_locale":"fr_FR","og_type":"article","og_title":"DiamondTin\u2122 po\u00eale \u00e0 frire en cuivre avec manche en laiton | Induction","og_description":"La po\u00eale DiamondTin\u2122 de FB Kitchenware repr\u00e9sente l'\u00e9volution moderne de ce classique intemporel. Cuivre pur \u00e0 99,9 %.","og_url":"https:\/\/fb-kitchenware.com\/fr\/negozio\/poele-a-frire\/diamondtin-poele-a-frire-en-cuivre-avec-manche-en-laiton-induction\/","og_site_name":"FB Kitchenware","article_modified_time":"2025-12-01T00:22:05+00:00","og_image":[{"width":1920,"height":1920,"url":"https:\/\/fb-kitchenware.com\/wp-content\/uploads\/diamondtin-6227.jpg","type":"image\/jpeg"}],"twitter_card":"summary_large_image","twitter_misc":{"Est. reading time":"3 minutes"},"schema":{"@context":"https:\/\/schema.org","@graph":[{"@type":"WebPage","@id":"https:\/\/fb-kitchenware.com\/fr\/negozio\/poele-a-frire\/diamondtin-poele-a-frire-en-cuivre-avec-manche-en-laiton-induction\/","url":"https:\/\/fb-kitchenware.com\/fr\/negozio\/poele-a-frire\/diamondtin-poele-a-frire-en-cuivre-avec-manche-en-laiton-induction\/","name":"DiamondTin\u2122 po\u00eale \u00e0 frire en cuivre avec manche en laiton | Induction","isPartOf":{"@id":"https:\/\/fb-kitchenware.com\/fr\/#website"},"primaryImageOfPage":{"@id":"https:\/\/fb-kitchenware.com\/fr\/negozio\/poele-a-frire\/diamondtin-poele-a-frire-en-cuivre-avec-manche-en-laiton-induction\/#primaryimage"},"image":{"@id":"https:\/\/fb-kitchenware.com\/fr\/negozio\/poele-a-frire\/diamondtin-poele-a-frire-en-cuivre-avec-manche-en-laiton-induction\/#primaryimage"},"thumbnailUrl":"https:\/\/fb-kitchenware.com\/wp-content\/uploads\/infografiche-da-sito-16.jpg","datePublished":"2025-05-11T15:03:47+00:00","dateModified":"2025-12-01T00:22:05+00:00","description":"La po\u00eale DiamondTin\u2122 de FB Kitchenware repr\u00e9sente l'\u00e9volution moderne de ce classique intemporel. Cuivre pur \u00e0 99,9 %.","breadcrumb":{"@id":"https:\/\/fb-kitchenware.com\/fr\/negozio\/poele-a-frire\/diamondtin-poele-a-frire-en-cuivre-avec-manche-en-laiton-induction\/#breadcrumb"},"inLanguage":"fr-FR","potentialAction":[{"@type":"ReadAction","target":["https:\/\/fb-kitchenware.com\/fr\/negozio\/poele-a-frire\/diamondtin-poele-a-frire-en-cuivre-avec-manche-en-laiton-induction\/"]}]},{"@type":"ImageObject","inLanguage":"fr-FR","@id":"https:\/\/fb-kitchenware.com\/fr\/negozio\/poele-a-frire\/diamondtin-poele-a-frire-en-cuivre-avec-manche-en-laiton-induction\/#primaryimage","url":"https:\/\/fb-kitchenware.com\/wp-content\/uploads\/infografiche-da-sito-16.jpg","contentUrl":"https:\/\/fb-kitchenware.com\/wp-content\/uploads\/infografiche-da-sito-16.jpg","width":1920,"height":1920,"caption":"padella in rame diamondtin"},{"@type":"BreadcrumbList","@id":"https:\/\/fb-kitchenware.com\/fr\/negozio\/poele-a-frire\/diamondtin-poele-a-frire-en-cuivre-avec-manche-en-laiton-induction\/#breadcrumb","itemListElement":[{"@type":"ListItem","position":1,"name":"Home","item":"https:\/\/fb-kitchenware.com\/fr\/"},{"@type":"ListItem","position":2,"name":"DiamondTin\u2122 po\u00eale \u00e0 frire en cuivre avec manche en laiton | Induction"}]},{"@type":"WebSite","@id":"https:\/\/fb-kitchenware.com\/fr\/#website","url":"https:\/\/fb-kitchenware.com\/fr\/","name":"FB Kitchenware","description":"","publisher":{"@id":"https:\/\/fb-kitchenware.com\/fr\/#organization"},"potentialAction":[{"@type":"SearchAction","target":{"@type":"EntryPoint","urlTemplate":"https:\/\/fb-kitchenware.com\/fr\/?s={search_term_string}"},"query-input":{"@type":"PropertyValueSpecification","valueRequired":true,"valueName":"search_term_string"}}],"inLanguage":"fr-FR"},{"@type":"Organization","@id":"https:\/\/fb-kitchenware.com\/fr\/#organization","name":"FB Kitchenware","url":"https:\/\/fb-kitchenware.com\/fr\/","logo":{"@type":"ImageObject","inLanguage":"fr-FR","@id":"https:\/\/fb-kitchenware.com\/fr\/#\/schema\/logo\/image\/","url":"https:\/\/fb-kitchenware.com\/wp-content\/uploads\/logo_gold.png","contentUrl":"https:\/\/fb-kitchenware.com\/wp-content\/uploads\/logo_gold.png","width":900,"height":900,"caption":"FB Kitchenware"},"image":{"@id":"https:\/\/fb-kitchenware.com\/fr\/#\/schema\/logo\/image\/"}}]}},"_links":{"self":[{"href":"https:\/\/fb-kitchenware.com\/fr\/wp-json\/wp\/v2\/product\/3144","targetHints":{"allow":["GET"]}}],"collection":[{"href":"https:\/\/fb-kitchenware.com\/fr\/wp-json\/wp\/v2\/product"}],"about":[{"href":"https:\/\/fb-kitchenware.com\/fr\/wp-json\/wp\/v2\/types\/product"}],"wp:featuredmedia":[{"embeddable":true,"href":"https:\/\/fb-kitchenware.com\/fr\/wp-json\/wp\/v2\/media\/4927"}],"wp:attachment":[{"href":"https:\/\/fb-kitchenware.com\/fr\/wp-json\/wp\/v2\/media?parent=3144"}],"wp:term":[{"taxonomy":"product_brand","embeddable":true,"href":"https:\/\/fb-kitchenware.com\/fr\/wp-json\/wp\/v2\/product_brand?post=3144"},{"taxonomy":"product_cat","embeddable":true,"href":"https:\/\/fb-kitchenware.com\/fr\/wp-json\/wp\/v2\/product_cat?post=3144"},{"taxonomy":"product_tag","embeddable":true,"href":"https:\/\/fb-kitchenware.com\/fr\/wp-json\/wp\/v2\/product_tag?post=3144"}],"curies":[{"name":"wp","href":"https:\/\/api.w.org\/{rel}","templated":true}]}}