{"id":3174,"date":"2025-05-11T17:05:25","date_gmt":"2025-05-11T15:05:25","guid":{"rendered":"https:\/\/fb-kitchenware.com\/negozio\/uncategorized\/excalibur-8-piece-non-stick-pan-set-fb-kitchenware\/"},"modified":"2025-11-28T15:36:48","modified_gmt":"2025-11-28T14:36:48","slug":"excalibur-8-piece-non-stick-pan-set-fb-kitchenware","status":"publish","type":"product","link":"https:\/\/fb-kitchenware.com\/fr\/negozio\/pot\/casserole\/excalibur-8-piece-non-stick-pan-set-fb-kitchenware\/","title":{"rendered":"Excalibur\u2122 8-piece non-stick pan set | FB Kitchenware"},"content":{"rendered":"","protected":false},"excerpt":{"rendered":"<h3 class=\"\" style=\"text-align: left\" data-start=\"513\" data-end=\"582\">L&#8217;ensemble de po\u00eales antiadh\u00e9sives 8 pi\u00e8ces qui r\u00e9volutionne votre cuisine<\/h3>\n<p class=\"\" data-start=\"584\" data-end=\"928\">Si vous recherchez le meilleur <strong data-start=\"612\" data-end=\"640\">ensemble de po\u00eales antiadh\u00e9sives<\/strong> pour une cuisine quotidienne plus saine, plus rapide et plus professionnelle, le <strong data-start=\"704\" data-end=\"726\">Mod G&amp;G Excalibur\u2122<\/strong> est la solution qu&#8217;il vous faut. Con\u00e7u pour offrir d&#8217;excellentes performances, cet ensemble repr\u00e9sente l&#8217;union parfaite entre l&#8217;<strong data-start=\"851\" data-end=\"927\">innovation technologique, la s\u00e9curit\u00e9 alimentaire et la durabilit\u00e9 environnementale.<\/strong><\/p>\n<p class=\"\" data-start=\"930\" data-end=\"1417\">La <strong data-start=\"933\" data-end=\"958\">collection EXCALIBUR\u2122<\/strong> est connue pour son rev\u00eatement antiadh\u00e9sif unique, plus durable que les rev\u00eatements traditionnels et totalement exempt de substances nocives telles que le PFOA. Le c\u0153ur en aluminium enferm\u00e9 entre deux couches d&#8217;acier inoxydable assure une r\u00e9partition uniforme de la chaleur sur toute la surface, ce qui r\u00e9duit le temps de cuisson et la consommation d&#8217;\u00e9nergie. Id\u00e9al pour ceux qui aiment cuisiner de mani\u00e8re pratique mais ne veulent pas renoncer \u00e0 une cuisson homog\u00e8ne et naturelle.<\/p>\n","protected":false},"featured_media":4998,"template":"","meta":{"_acf_changed":false},"product_brand":[555],"product_cat":[528,602,644,523],"product_tag":[],"class_list":{"0":"post-3174","1":"product","2":"type-product","3":"status-publish","4":"has-post-thumbnail","6":"product_brand-excalibur","7":"product_cat-casserole","8":"product_cat-couvercle","9":"product_cat-fin-de-serie","10":"product_cat-pot","12":"first","13":"instock","14":"sale","15":"taxable","16":"shipping-taxable","17":"purchasable","18":"product-type-simple"},"acf":[],"yoast_head":"<!-- This site is optimized with the Yoast SEO plugin v27.3 - https:\/\/yoast.com\/product\/yoast-seo-wordpress\/ -->\n<title>Excalibur\u2122 8-piece non-stick pan set | FB Kitchenware<\/title>\n<meta name=\"description\" content=\"D\u00e9couvrez le set de po\u00eales antiadh\u00e9sives Excalibur\u2122 8 pi\u00e8ces : rev\u00eatement ultra-r\u00e9sistant, cuisson homog\u00e8ne, conception \u00e9cologique. Le meilleur pour votre cuisine.\" \/>\n<meta name=\"robots\" content=\"index, follow, max-snippet:-1, max-image-preview:large, max-video-preview:-1\" \/>\n<link rel=\"canonical\" href=\"https:\/\/fb-kitchenware.com\/fr\/negozio\/pot\/casserole\/excalibur-8-piece-non-stick-pan-set-fb-kitchenware\/\" \/>\n<meta property=\"og:locale\" content=\"fr_FR\" \/>\n<meta property=\"og:type\" content=\"article\" \/>\n<meta property=\"og:title\" content=\"Excalibur\u2122 8-piece non-stick pan set | FB Kitchenware\" \/>\n<meta property=\"og:description\" content=\"D\u00e9couvrez le set de po\u00eales antiadh\u00e9sives Excalibur\u2122 8 pi\u00e8ces : rev\u00eatement ultra-r\u00e9sistant, cuisson homog\u00e8ne, conception \u00e9cologique. Le meilleur pour votre cuisine.\" \/>\n<meta property=\"og:url\" content=\"https:\/\/fb-kitchenware.com\/fr\/negozio\/pot\/casserole\/excalibur-8-piece-non-stick-pan-set-fb-kitchenware\/\" \/>\n<meta property=\"og:site_name\" content=\"FB Kitchenware\" \/>\n<meta property=\"article:modified_time\" content=\"2025-11-28T14:36:48+00:00\" \/>\n<meta property=\"og:image\" content=\"https:\/\/fb-kitchenware.com\/wp-content\/uploads\/ggexcalibur.jpg\" \/>\n\t<meta property=\"og:image:width\" content=\"1229\" \/>\n\t<meta property=\"og:image:height\" content=\"1536\" \/>\n\t<meta property=\"og:image:type\" content=\"image\/jpeg\" \/>\n<meta name=\"twitter:card\" content=\"summary_large_image\" \/>\n<script type=\"application\/ld+json\" class=\"yoast-schema-graph\">{\"@context\":\"https:\\\/\\\/schema.org\",\"@graph\":[{\"@type\":\"WebPage\",\"@id\":\"https:\\\/\\\/fb-kitchenware.com\\\/fr\\\/negozio\\\/pot\\\/casserole\\\/excalibur-8-piece-non-stick-pan-set-fb-kitchenware\\\/\",\"url\":\"https:\\\/\\\/fb-kitchenware.com\\\/fr\\\/negozio\\\/pot\\\/casserole\\\/excalibur-8-piece-non-stick-pan-set-fb-kitchenware\\\/\",\"name\":\"Excalibur\u2122 8-piece non-stick pan set | FB Kitchenware\",\"isPartOf\":{\"@id\":\"https:\\\/\\\/fb-kitchenware.com\\\/fr\\\/#website\"},\"primaryImageOfPage\":{\"@id\":\"https:\\\/\\\/fb-kitchenware.com\\\/fr\\\/negozio\\\/pot\\\/casserole\\\/excalibur-8-piece-non-stick-pan-set-fb-kitchenware\\\/#primaryimage\"},\"image\":{\"@id\":\"https:\\\/\\\/fb-kitchenware.com\\\/fr\\\/negozio\\\/pot\\\/casserole\\\/excalibur-8-piece-non-stick-pan-set-fb-kitchenware\\\/#primaryimage\"},\"thumbnailUrl\":\"https:\\\/\\\/fb-kitchenware.com\\\/wp-content\\\/uploads\\\/ggexcalibur.jpg\",\"datePublished\":\"2025-05-11T15:05:25+00:00\",\"dateModified\":\"2025-11-28T14:36:48+00:00\",\"description\":\"D\u00e9couvrez le set de po\u00eales antiadh\u00e9sives Excalibur\u2122 8 pi\u00e8ces : rev\u00eatement ultra-r\u00e9sistant, cuisson homog\u00e8ne, conception \u00e9cologique. Le meilleur pour votre cuisine.\",\"breadcrumb\":{\"@id\":\"https:\\\/\\\/fb-kitchenware.com\\\/fr\\\/negozio\\\/pot\\\/casserole\\\/excalibur-8-piece-non-stick-pan-set-fb-kitchenware\\\/#breadcrumb\"},\"inLanguage\":\"fr-FR\",\"potentialAction\":[{\"@type\":\"ReadAction\",\"target\":[\"https:\\\/\\\/fb-kitchenware.com\\\/fr\\\/negozio\\\/pot\\\/casserole\\\/excalibur-8-piece-non-stick-pan-set-fb-kitchenware\\\/\"]}]},{\"@type\":\"ImageObject\",\"inLanguage\":\"fr-FR\",\"@id\":\"https:\\\/\\\/fb-kitchenware.com\\\/fr\\\/negozio\\\/pot\\\/casserole\\\/excalibur-8-piece-non-stick-pan-set-fb-kitchenware\\\/#primaryimage\",\"url\":\"https:\\\/\\\/fb-kitchenware.com\\\/wp-content\\\/uploads\\\/ggexcalibur.jpg\",\"contentUrl\":\"https:\\\/\\\/fb-kitchenware.com\\\/wp-content\\\/uploads\\\/ggexcalibur.jpg\",\"width\":1229,\"height\":1536,\"caption\":\"Set 8 pi\u00e8ces en acier inoxydable avec rev\u00eatement antiadh\u00e9sif excalibur\"},{\"@type\":\"BreadcrumbList\",\"@id\":\"https:\\\/\\\/fb-kitchenware.com\\\/fr\\\/negozio\\\/pot\\\/casserole\\\/excalibur-8-piece-non-stick-pan-set-fb-kitchenware\\\/#breadcrumb\",\"itemListElement\":[{\"@type\":\"ListItem\",\"position\":1,\"name\":\"Home\",\"item\":\"https:\\\/\\\/fb-kitchenware.com\\\/fr\\\/\"},{\"@type\":\"ListItem\",\"position\":2,\"name\":\"Excalibur\u2122 8-piece non-stick pan set | FB Kitchenware\"}]},{\"@type\":\"WebSite\",\"@id\":\"https:\\\/\\\/fb-kitchenware.com\\\/fr\\\/#website\",\"url\":\"https:\\\/\\\/fb-kitchenware.com\\\/fr\\\/\",\"name\":\"FB Kitchenware\",\"description\":\"\",\"publisher\":{\"@id\":\"https:\\\/\\\/fb-kitchenware.com\\\/fr\\\/#organization\"},\"potentialAction\":[{\"@type\":\"SearchAction\",\"target\":{\"@type\":\"EntryPoint\",\"urlTemplate\":\"https:\\\/\\\/fb-kitchenware.com\\\/fr\\\/?s={search_term_string}\"},\"query-input\":{\"@type\":\"PropertyValueSpecification\",\"valueRequired\":true,\"valueName\":\"search_term_string\"}}],\"inLanguage\":\"fr-FR\"},{\"@type\":\"Organization\",\"@id\":\"https:\\\/\\\/fb-kitchenware.com\\\/fr\\\/#organization\",\"name\":\"FB Kitchenware\",\"url\":\"https:\\\/\\\/fb-kitchenware.com\\\/fr\\\/\",\"logo\":{\"@type\":\"ImageObject\",\"inLanguage\":\"fr-FR\",\"@id\":\"https:\\\/\\\/fb-kitchenware.com\\\/fr\\\/#\\\/schema\\\/logo\\\/image\\\/\",\"url\":\"https:\\\/\\\/fb-kitchenware.com\\\/wp-content\\\/uploads\\\/logo_gold.png\",\"contentUrl\":\"https:\\\/\\\/fb-kitchenware.com\\\/wp-content\\\/uploads\\\/logo_gold.png\",\"width\":900,\"height\":900,\"caption\":\"FB Kitchenware\"},\"image\":{\"@id\":\"https:\\\/\\\/fb-kitchenware.com\\\/fr\\\/#\\\/schema\\\/logo\\\/image\\\/\"}}]}<\/script>\n<!-- \/ Yoast SEO plugin. -->","yoast_head_json":{"title":"Excalibur\u2122 8-piece non-stick pan set | FB Kitchenware","description":"D\u00e9couvrez le set de po\u00eales antiadh\u00e9sives Excalibur\u2122 8 pi\u00e8ces : rev\u00eatement ultra-r\u00e9sistant, cuisson homog\u00e8ne, conception \u00e9cologique. Le meilleur pour votre cuisine.","robots":{"index":"index","follow":"follow","max-snippet":"max-snippet:-1","max-image-preview":"max-image-preview:large","max-video-preview":"max-video-preview:-1"},"canonical":"https:\/\/fb-kitchenware.com\/fr\/negozio\/pot\/casserole\/excalibur-8-piece-non-stick-pan-set-fb-kitchenware\/","og_locale":"fr_FR","og_type":"article","og_title":"Excalibur\u2122 8-piece non-stick pan set | FB Kitchenware","og_description":"D\u00e9couvrez le set de po\u00eales antiadh\u00e9sives Excalibur\u2122 8 pi\u00e8ces : rev\u00eatement ultra-r\u00e9sistant, cuisson homog\u00e8ne, conception \u00e9cologique. Le meilleur pour votre cuisine.","og_url":"https:\/\/fb-kitchenware.com\/fr\/negozio\/pot\/casserole\/excalibur-8-piece-non-stick-pan-set-fb-kitchenware\/","og_site_name":"FB Kitchenware","article_modified_time":"2025-11-28T14:36:48+00:00","og_image":[{"width":1229,"height":1536,"url":"https:\/\/fb-kitchenware.com\/wp-content\/uploads\/ggexcalibur.jpg","type":"image\/jpeg"}],"twitter_card":"summary_large_image","schema":{"@context":"https:\/\/schema.org","@graph":[{"@type":"WebPage","@id":"https:\/\/fb-kitchenware.com\/fr\/negozio\/pot\/casserole\/excalibur-8-piece-non-stick-pan-set-fb-kitchenware\/","url":"https:\/\/fb-kitchenware.com\/fr\/negozio\/pot\/casserole\/excalibur-8-piece-non-stick-pan-set-fb-kitchenware\/","name":"Excalibur\u2122 8-piece non-stick pan set | FB Kitchenware","isPartOf":{"@id":"https:\/\/fb-kitchenware.com\/fr\/#website"},"primaryImageOfPage":{"@id":"https:\/\/fb-kitchenware.com\/fr\/negozio\/pot\/casserole\/excalibur-8-piece-non-stick-pan-set-fb-kitchenware\/#primaryimage"},"image":{"@id":"https:\/\/fb-kitchenware.com\/fr\/negozio\/pot\/casserole\/excalibur-8-piece-non-stick-pan-set-fb-kitchenware\/#primaryimage"},"thumbnailUrl":"https:\/\/fb-kitchenware.com\/wp-content\/uploads\/ggexcalibur.jpg","datePublished":"2025-05-11T15:05:25+00:00","dateModified":"2025-11-28T14:36:48+00:00","description":"D\u00e9couvrez le set de po\u00eales antiadh\u00e9sives Excalibur\u2122 8 pi\u00e8ces : rev\u00eatement ultra-r\u00e9sistant, cuisson homog\u00e8ne, conception \u00e9cologique. Le meilleur pour votre cuisine.","breadcrumb":{"@id":"https:\/\/fb-kitchenware.com\/fr\/negozio\/pot\/casserole\/excalibur-8-piece-non-stick-pan-set-fb-kitchenware\/#breadcrumb"},"inLanguage":"fr-FR","potentialAction":[{"@type":"ReadAction","target":["https:\/\/fb-kitchenware.com\/fr\/negozio\/pot\/casserole\/excalibur-8-piece-non-stick-pan-set-fb-kitchenware\/"]}]},{"@type":"ImageObject","inLanguage":"fr-FR","@id":"https:\/\/fb-kitchenware.com\/fr\/negozio\/pot\/casserole\/excalibur-8-piece-non-stick-pan-set-fb-kitchenware\/#primaryimage","url":"https:\/\/fb-kitchenware.com\/wp-content\/uploads\/ggexcalibur.jpg","contentUrl":"https:\/\/fb-kitchenware.com\/wp-content\/uploads\/ggexcalibur.jpg","width":1229,"height":1536,"caption":"Set 8 pi\u00e8ces en acier inoxydable avec rev\u00eatement antiadh\u00e9sif excalibur"},{"@type":"BreadcrumbList","@id":"https:\/\/fb-kitchenware.com\/fr\/negozio\/pot\/casserole\/excalibur-8-piece-non-stick-pan-set-fb-kitchenware\/#breadcrumb","itemListElement":[{"@type":"ListItem","position":1,"name":"Home","item":"https:\/\/fb-kitchenware.com\/fr\/"},{"@type":"ListItem","position":2,"name":"Excalibur\u2122 8-piece non-stick pan set | FB Kitchenware"}]},{"@type":"WebSite","@id":"https:\/\/fb-kitchenware.com\/fr\/#website","url":"https:\/\/fb-kitchenware.com\/fr\/","name":"FB Kitchenware","description":"","publisher":{"@id":"https:\/\/fb-kitchenware.com\/fr\/#organization"},"potentialAction":[{"@type":"SearchAction","target":{"@type":"EntryPoint","urlTemplate":"https:\/\/fb-kitchenware.com\/fr\/?s={search_term_string}"},"query-input":{"@type":"PropertyValueSpecification","valueRequired":true,"valueName":"search_term_string"}}],"inLanguage":"fr-FR"},{"@type":"Organization","@id":"https:\/\/fb-kitchenware.com\/fr\/#organization","name":"FB Kitchenware","url":"https:\/\/fb-kitchenware.com\/fr\/","logo":{"@type":"ImageObject","inLanguage":"fr-FR","@id":"https:\/\/fb-kitchenware.com\/fr\/#\/schema\/logo\/image\/","url":"https:\/\/fb-kitchenware.com\/wp-content\/uploads\/logo_gold.png","contentUrl":"https:\/\/fb-kitchenware.com\/wp-content\/uploads\/logo_gold.png","width":900,"height":900,"caption":"FB Kitchenware"},"image":{"@id":"https:\/\/fb-kitchenware.com\/fr\/#\/schema\/logo\/image\/"}}]}},"_links":{"self":[{"href":"https:\/\/fb-kitchenware.com\/fr\/wp-json\/wp\/v2\/product\/3174","targetHints":{"allow":["GET"]}}],"collection":[{"href":"https:\/\/fb-kitchenware.com\/fr\/wp-json\/wp\/v2\/product"}],"about":[{"href":"https:\/\/fb-kitchenware.com\/fr\/wp-json\/wp\/v2\/types\/product"}],"wp:featuredmedia":[{"embeddable":true,"href":"https:\/\/fb-kitchenware.com\/fr\/wp-json\/wp\/v2\/media\/4998"}],"wp:attachment":[{"href":"https:\/\/fb-kitchenware.com\/fr\/wp-json\/wp\/v2\/media?parent=3174"}],"wp:term":[{"taxonomy":"product_brand","embeddable":true,"href":"https:\/\/fb-kitchenware.com\/fr\/wp-json\/wp\/v2\/product_brand?post=3174"},{"taxonomy":"product_cat","embeddable":true,"href":"https:\/\/fb-kitchenware.com\/fr\/wp-json\/wp\/v2\/product_cat?post=3174"},{"taxonomy":"product_tag","embeddable":true,"href":"https:\/\/fb-kitchenware.com\/fr\/wp-json\/wp\/v2\/product_tag?post=3174"}],"curies":[{"name":"wp","href":"https:\/\/api.w.org\/{rel}","templated":true}]}}