{"id":3175,"date":"2025-05-11T17:05:25","date_gmt":"2025-05-11T15:05:25","guid":{"rendered":"https:\/\/fb-kitchenware.com\/negozio\/uncategorized\/poele-a-griller-en-acier-inoxydable-avec-couvercle-fb-kitchenware\/"},"modified":"2025-12-01T01:22:00","modified_gmt":"2025-12-01T00:22:00","slug":"poele-a-griller-en-acier-inoxydable-avec-couvercle-fb-kitchenware","status":"publish","type":"product","link":"https:\/\/fb-kitchenware.com\/fr\/negozio\/poele-a-frire\/poele-a-griller-en-acier-inoxydable-avec-couvercle-fb-kitchenware\/","title":{"rendered":"Po\u00eale \u00e0 griller en acier inoxydable avec couvercle | FB Kitchenware"},"content":{"rendered":"","protected":false},"excerpt":{"rendered":"<h3 class=\"\" style=\"text-align: left\" data-start=\"667\" data-end=\"710\">Des grillades, o\u00f9 vous voulez<\/h3>\n<p class=\"\" data-start=\"712\" data-end=\"967\">Le gril SilverPlus <strong data-start=\"715\" data-end=\"747\">en acier inoxydable de<\/strong> <strong data-start=\"762\" data-end=\"774\">29&#215;29 cm<\/strong> est plus qu&#8217;un simple gril : c&#8217;est un pont entre la tradition et l&#8217;innovation, con\u00e7u pour ceux qui aiment le go\u00fbt authentique des grillades mais ne veulent pas renoncer \u00e0 la praticit\u00e9 de tous les jours.<\/p>\n<p class=\"\" data-start=\"969\" data-end=\"1372\">Fabriqu\u00e9 en <strong data-start=\"983\" data-end=\"1056\">acier inoxydable multicouche \u00e0 5 couches (AISI 304 &#8211; Aluminium &#8211; AISI 430)<\/strong>, ce steak grill garantit une <strong data-start=\"1093\" data-end=\"1130\">distribution uniforme de la chaleur<\/strong>, id\u00e9ale pour sceller les viandes sans les br\u00fbler et pour conserver les jus internes intacts. Sa <strong data-start=\"1225\" data-end=\"1254\">surface plane et large<\/strong> permet de cuire aussi bien les steaks que les l\u00e9gumes et le poisson, en laissant toujours les lignes de cuisson reconnaissables entre toutes.<\/p>\n","protected":false},"featured_media":7455,"template":"","meta":{"_acf_changed":false},"product_brand":[527],"product_cat":[514,617],"product_tag":[],"class_list":{"0":"post-3175","1":"product","2":"type-product","3":"status-publish","4":"has-post-thumbnail","6":"product_brand-silverplus","7":"product_cat-poele-a-frire","8":"product_cat-gril-a-steak","10":"first","11":"instock","12":"taxable","13":"shipping-taxable","14":"purchasable","15":"product-type-simple"},"acf":[],"yoast_head":"<!-- This site is optimized with the Yoast SEO plugin v27.3 - https:\/\/yoast.com\/product\/yoast-seo-wordpress\/ -->\n<title>Po\u00eale \u00e0 griller en acier inoxydable avec couvercle | FB Kitchenware<\/title>\n<meta name=\"description\" content=\"D\u00e9couvrez la po\u00eale \u00e0 steak SilverPlus en acier inoxydable de FB Kitchenware : 5 niveaux de performance, adapt\u00e9e \u00e0 toutes les plaques de cuisson, m\u00eame au barbecue.\" \/>\n<meta name=\"robots\" content=\"index, follow, max-snippet:-1, max-image-preview:large, max-video-preview:-1\" \/>\n<link rel=\"canonical\" href=\"https:\/\/fb-kitchenware.com\/fr\/negozio\/poele-a-frire\/poele-a-griller-en-acier-inoxydable-avec-couvercle-fb-kitchenware\/\" \/>\n<meta property=\"og:locale\" content=\"fr_FR\" \/>\n<meta property=\"og:type\" content=\"article\" \/>\n<meta property=\"og:title\" content=\"Po\u00eale \u00e0 griller en acier inoxydable avec couvercle | FB Kitchenware\" \/>\n<meta property=\"og:description\" content=\"D\u00e9couvrez la po\u00eale \u00e0 steak SilverPlus en acier inoxydable de FB Kitchenware : 5 niveaux de performance, adapt\u00e9e \u00e0 toutes les plaques de cuisson, m\u00eame au barbecue.\" \/>\n<meta property=\"og:url\" content=\"https:\/\/fb-kitchenware.com\/fr\/negozio\/poele-a-frire\/poele-a-griller-en-acier-inoxydable-avec-couvercle-fb-kitchenware\/\" \/>\n<meta property=\"og:site_name\" content=\"FB Kitchenware\" \/>\n<meta property=\"article:modified_time\" content=\"2025-12-01T00:22:00+00:00\" \/>\n<meta property=\"og:image\" content=\"https:\/\/fb-kitchenware.com\/wp-content\/uploads\/DSC8790-Edit-2.jpg\" \/>\n\t<meta property=\"og:image:width\" content=\"1920\" \/>\n\t<meta property=\"og:image:height\" content=\"1920\" \/>\n\t<meta property=\"og:image:type\" content=\"image\/jpeg\" \/>\n<meta name=\"twitter:card\" content=\"summary_large_image\" \/>\n<meta name=\"twitter:label1\" content=\"Est. reading time\" \/>\n\t<meta name=\"twitter:data1\" content=\"3 minutes\" \/>\n<script type=\"application\/ld+json\" class=\"yoast-schema-graph\">{\"@context\":\"https:\\\/\\\/schema.org\",\"@graph\":[{\"@type\":\"WebPage\",\"@id\":\"https:\\\/\\\/fb-kitchenware.com\\\/fr\\\/negozio\\\/poele-a-frire\\\/poele-a-griller-en-acier-inoxydable-avec-couvercle-fb-kitchenware\\\/\",\"url\":\"https:\\\/\\\/fb-kitchenware.com\\\/fr\\\/negozio\\\/poele-a-frire\\\/poele-a-griller-en-acier-inoxydable-avec-couvercle-fb-kitchenware\\\/\",\"name\":\"Po\u00eale \u00e0 griller en acier inoxydable avec couvercle | FB Kitchenware\",\"isPartOf\":{\"@id\":\"https:\\\/\\\/fb-kitchenware.com\\\/fr\\\/#website\"},\"primaryImageOfPage\":{\"@id\":\"https:\\\/\\\/fb-kitchenware.com\\\/fr\\\/negozio\\\/poele-a-frire\\\/poele-a-griller-en-acier-inoxydable-avec-couvercle-fb-kitchenware\\\/#primaryimage\"},\"image\":{\"@id\":\"https:\\\/\\\/fb-kitchenware.com\\\/fr\\\/negozio\\\/poele-a-frire\\\/poele-a-griller-en-acier-inoxydable-avec-couvercle-fb-kitchenware\\\/#primaryimage\"},\"thumbnailUrl\":\"https:\\\/\\\/fb-kitchenware.com\\\/wp-content\\\/uploads\\\/DSC8790-Edit.jpg\",\"datePublished\":\"2025-05-11T15:05:25+00:00\",\"dateModified\":\"2025-12-01T00:22:00+00:00\",\"description\":\"D\u00e9couvrez la po\u00eale \u00e0 steak SilverPlus en acier inoxydable de FB Kitchenware : 5 niveaux de performance, adapt\u00e9e \u00e0 toutes les plaques de cuisson, m\u00eame au barbecue.\",\"breadcrumb\":{\"@id\":\"https:\\\/\\\/fb-kitchenware.com\\\/fr\\\/negozio\\\/poele-a-frire\\\/poele-a-griller-en-acier-inoxydable-avec-couvercle-fb-kitchenware\\\/#breadcrumb\"},\"inLanguage\":\"fr-FR\",\"potentialAction\":[{\"@type\":\"ReadAction\",\"target\":[\"https:\\\/\\\/fb-kitchenware.com\\\/fr\\\/negozio\\\/poele-a-frire\\\/poele-a-griller-en-acier-inoxydable-avec-couvercle-fb-kitchenware\\\/\"]}]},{\"@type\":\"ImageObject\",\"inLanguage\":\"fr-FR\",\"@id\":\"https:\\\/\\\/fb-kitchenware.com\\\/fr\\\/negozio\\\/poele-a-frire\\\/poele-a-griller-en-acier-inoxydable-avec-couvercle-fb-kitchenware\\\/#primaryimage\",\"url\":\"https:\\\/\\\/fb-kitchenware.com\\\/wp-content\\\/uploads\\\/DSC8790-Edit.jpg\",\"contentUrl\":\"https:\\\/\\\/fb-kitchenware.com\\\/wp-content\\\/uploads\\\/DSC8790-Edit.jpg\",\"width\":1920,\"height\":1920},{\"@type\":\"BreadcrumbList\",\"@id\":\"https:\\\/\\\/fb-kitchenware.com\\\/fr\\\/negozio\\\/poele-a-frire\\\/poele-a-griller-en-acier-inoxydable-avec-couvercle-fb-kitchenware\\\/#breadcrumb\",\"itemListElement\":[{\"@type\":\"ListItem\",\"position\":1,\"name\":\"Home\",\"item\":\"https:\\\/\\\/fb-kitchenware.com\\\/fr\\\/\"},{\"@type\":\"ListItem\",\"position\":2,\"name\":\"Po\u00eale \u00e0 griller en acier inoxydable avec couvercle | FB Kitchenware\"}]},{\"@type\":\"WebSite\",\"@id\":\"https:\\\/\\\/fb-kitchenware.com\\\/fr\\\/#website\",\"url\":\"https:\\\/\\\/fb-kitchenware.com\\\/fr\\\/\",\"name\":\"FB Kitchenware\",\"description\":\"\",\"publisher\":{\"@id\":\"https:\\\/\\\/fb-kitchenware.com\\\/fr\\\/#organization\"},\"potentialAction\":[{\"@type\":\"SearchAction\",\"target\":{\"@type\":\"EntryPoint\",\"urlTemplate\":\"https:\\\/\\\/fb-kitchenware.com\\\/fr\\\/?s={search_term_string}\"},\"query-input\":{\"@type\":\"PropertyValueSpecification\",\"valueRequired\":true,\"valueName\":\"search_term_string\"}}],\"inLanguage\":\"fr-FR\"},{\"@type\":\"Organization\",\"@id\":\"https:\\\/\\\/fb-kitchenware.com\\\/fr\\\/#organization\",\"name\":\"FB Kitchenware\",\"url\":\"https:\\\/\\\/fb-kitchenware.com\\\/fr\\\/\",\"logo\":{\"@type\":\"ImageObject\",\"inLanguage\":\"fr-FR\",\"@id\":\"https:\\\/\\\/fb-kitchenware.com\\\/fr\\\/#\\\/schema\\\/logo\\\/image\\\/\",\"url\":\"https:\\\/\\\/fb-kitchenware.com\\\/wp-content\\\/uploads\\\/logo_gold.png\",\"contentUrl\":\"https:\\\/\\\/fb-kitchenware.com\\\/wp-content\\\/uploads\\\/logo_gold.png\",\"width\":900,\"height\":900,\"caption\":\"FB Kitchenware\"},\"image\":{\"@id\":\"https:\\\/\\\/fb-kitchenware.com\\\/fr\\\/#\\\/schema\\\/logo\\\/image\\\/\"}}]}<\/script>\n<!-- \/ Yoast SEO plugin. -->","yoast_head_json":{"title":"Po\u00eale \u00e0 griller en acier inoxydable avec couvercle | FB Kitchenware","description":"D\u00e9couvrez la po\u00eale \u00e0 steak SilverPlus en acier inoxydable de FB Kitchenware : 5 niveaux de performance, adapt\u00e9e \u00e0 toutes les plaques de cuisson, m\u00eame au barbecue.","robots":{"index":"index","follow":"follow","max-snippet":"max-snippet:-1","max-image-preview":"max-image-preview:large","max-video-preview":"max-video-preview:-1"},"canonical":"https:\/\/fb-kitchenware.com\/fr\/negozio\/poele-a-frire\/poele-a-griller-en-acier-inoxydable-avec-couvercle-fb-kitchenware\/","og_locale":"fr_FR","og_type":"article","og_title":"Po\u00eale \u00e0 griller en acier inoxydable avec couvercle | FB Kitchenware","og_description":"D\u00e9couvrez la po\u00eale \u00e0 steak SilverPlus en acier inoxydable de FB Kitchenware : 5 niveaux de performance, adapt\u00e9e \u00e0 toutes les plaques de cuisson, m\u00eame au barbecue.","og_url":"https:\/\/fb-kitchenware.com\/fr\/negozio\/poele-a-frire\/poele-a-griller-en-acier-inoxydable-avec-couvercle-fb-kitchenware\/","og_site_name":"FB Kitchenware","article_modified_time":"2025-12-01T00:22:00+00:00","og_image":[{"width":1920,"height":1920,"url":"https:\/\/fb-kitchenware.com\/wp-content\/uploads\/DSC8790-Edit-2.jpg","type":"image\/jpeg"}],"twitter_card":"summary_large_image","twitter_misc":{"Est. reading time":"3 minutes"},"schema":{"@context":"https:\/\/schema.org","@graph":[{"@type":"WebPage","@id":"https:\/\/fb-kitchenware.com\/fr\/negozio\/poele-a-frire\/poele-a-griller-en-acier-inoxydable-avec-couvercle-fb-kitchenware\/","url":"https:\/\/fb-kitchenware.com\/fr\/negozio\/poele-a-frire\/poele-a-griller-en-acier-inoxydable-avec-couvercle-fb-kitchenware\/","name":"Po\u00eale \u00e0 griller en acier inoxydable avec couvercle | FB Kitchenware","isPartOf":{"@id":"https:\/\/fb-kitchenware.com\/fr\/#website"},"primaryImageOfPage":{"@id":"https:\/\/fb-kitchenware.com\/fr\/negozio\/poele-a-frire\/poele-a-griller-en-acier-inoxydable-avec-couvercle-fb-kitchenware\/#primaryimage"},"image":{"@id":"https:\/\/fb-kitchenware.com\/fr\/negozio\/poele-a-frire\/poele-a-griller-en-acier-inoxydable-avec-couvercle-fb-kitchenware\/#primaryimage"},"thumbnailUrl":"https:\/\/fb-kitchenware.com\/wp-content\/uploads\/DSC8790-Edit.jpg","datePublished":"2025-05-11T15:05:25+00:00","dateModified":"2025-12-01T00:22:00+00:00","description":"D\u00e9couvrez la po\u00eale \u00e0 steak SilverPlus en acier inoxydable de FB Kitchenware : 5 niveaux de performance, adapt\u00e9e \u00e0 toutes les plaques de cuisson, m\u00eame au barbecue.","breadcrumb":{"@id":"https:\/\/fb-kitchenware.com\/fr\/negozio\/poele-a-frire\/poele-a-griller-en-acier-inoxydable-avec-couvercle-fb-kitchenware\/#breadcrumb"},"inLanguage":"fr-FR","potentialAction":[{"@type":"ReadAction","target":["https:\/\/fb-kitchenware.com\/fr\/negozio\/poele-a-frire\/poele-a-griller-en-acier-inoxydable-avec-couvercle-fb-kitchenware\/"]}]},{"@type":"ImageObject","inLanguage":"fr-FR","@id":"https:\/\/fb-kitchenware.com\/fr\/negozio\/poele-a-frire\/poele-a-griller-en-acier-inoxydable-avec-couvercle-fb-kitchenware\/#primaryimage","url":"https:\/\/fb-kitchenware.com\/wp-content\/uploads\/DSC8790-Edit.jpg","contentUrl":"https:\/\/fb-kitchenware.com\/wp-content\/uploads\/DSC8790-Edit.jpg","width":1920,"height":1920},{"@type":"BreadcrumbList","@id":"https:\/\/fb-kitchenware.com\/fr\/negozio\/poele-a-frire\/poele-a-griller-en-acier-inoxydable-avec-couvercle-fb-kitchenware\/#breadcrumb","itemListElement":[{"@type":"ListItem","position":1,"name":"Home","item":"https:\/\/fb-kitchenware.com\/fr\/"},{"@type":"ListItem","position":2,"name":"Po\u00eale \u00e0 griller en acier inoxydable avec couvercle | FB Kitchenware"}]},{"@type":"WebSite","@id":"https:\/\/fb-kitchenware.com\/fr\/#website","url":"https:\/\/fb-kitchenware.com\/fr\/","name":"FB Kitchenware","description":"","publisher":{"@id":"https:\/\/fb-kitchenware.com\/fr\/#organization"},"potentialAction":[{"@type":"SearchAction","target":{"@type":"EntryPoint","urlTemplate":"https:\/\/fb-kitchenware.com\/fr\/?s={search_term_string}"},"query-input":{"@type":"PropertyValueSpecification","valueRequired":true,"valueName":"search_term_string"}}],"inLanguage":"fr-FR"},{"@type":"Organization","@id":"https:\/\/fb-kitchenware.com\/fr\/#organization","name":"FB Kitchenware","url":"https:\/\/fb-kitchenware.com\/fr\/","logo":{"@type":"ImageObject","inLanguage":"fr-FR","@id":"https:\/\/fb-kitchenware.com\/fr\/#\/schema\/logo\/image\/","url":"https:\/\/fb-kitchenware.com\/wp-content\/uploads\/logo_gold.png","contentUrl":"https:\/\/fb-kitchenware.com\/wp-content\/uploads\/logo_gold.png","width":900,"height":900,"caption":"FB Kitchenware"},"image":{"@id":"https:\/\/fb-kitchenware.com\/fr\/#\/schema\/logo\/image\/"}}]}},"_links":{"self":[{"href":"https:\/\/fb-kitchenware.com\/fr\/wp-json\/wp\/v2\/product\/3175","targetHints":{"allow":["GET"]}}],"collection":[{"href":"https:\/\/fb-kitchenware.com\/fr\/wp-json\/wp\/v2\/product"}],"about":[{"href":"https:\/\/fb-kitchenware.com\/fr\/wp-json\/wp\/v2\/types\/product"}],"wp:featuredmedia":[{"embeddable":true,"href":"https:\/\/fb-kitchenware.com\/fr\/wp-json\/wp\/v2\/media\/7455"}],"wp:attachment":[{"href":"https:\/\/fb-kitchenware.com\/fr\/wp-json\/wp\/v2\/media?parent=3175"}],"wp:term":[{"taxonomy":"product_brand","embeddable":true,"href":"https:\/\/fb-kitchenware.com\/fr\/wp-json\/wp\/v2\/product_brand?post=3175"},{"taxonomy":"product_cat","embeddable":true,"href":"https:\/\/fb-kitchenware.com\/fr\/wp-json\/wp\/v2\/product_cat?post=3175"},{"taxonomy":"product_tag","embeddable":true,"href":"https:\/\/fb-kitchenware.com\/fr\/wp-json\/wp\/v2\/product_tag?post=3175"}],"curies":[{"name":"wp","href":"https:\/\/api.w.org\/{rel}","templated":true}]}}