{"id":3280,"date":"2025-05-01T01:17:49","date_gmt":"2025-04-30T23:17:49","guid":{"rendered":"https:\/\/fb-kitchenware.com\/negozio\/uncategorized\/set-de-couverts-en-acier-inoxydable-16-pieces-linear-fb-kitchenware\/"},"modified":"2025-12-01T01:22:04","modified_gmt":"2025-12-01T00:22:04","slug":"set-de-couverts-en-acier-inoxydable-16-pieces-linear-fb-kitchenware","status":"publish","type":"product","link":"https:\/\/fb-kitchenware.com\/fr\/negozio\/couverts-2\/set-de-couverts-en-acier-inoxydable-16-pieces-linear-fb-kitchenware\/","title":{"rendered":"Set de couverts en acier inoxydable 16 pi\u00e8ces-Linear | FB Kitchenware"},"content":{"rendered":"","protected":false},"excerpt":{"rendered":"<p data-pm-slice=\"1 1 []\">L&#8217;<strong>ensemble de couverts en acier inoxydable Linear<\/strong> de la collection DiTutt\u00ecD\u00ec de FB Kitchenware offre une combinaison parfaite de style moderne, de fonctionnalit\u00e9 pratique et d&#8217;\u00e9l\u00e9gance essentielle \u00e0 la table. Fabriqu\u00e9 en <strong>acier inoxydable 18\/10 de haute qualit\u00e9,<\/strong> cet ensemble de couverts allie robustesse et raffinement esth\u00e9tique, s&#8217;int\u00e9grant parfaitement dans les environnements domestiques contemporains ou plus classiques et formels. <\/p>\n<p>Chaque pi\u00e8ce du set Linear est con\u00e7ue pour assurer une <strong>prise en main ergonomique confortable et s\u00fbre<\/strong>, facilitant la manipulation pour les droitiers comme pour les gauchers. Les lames des couteaux, en <strong>acier martensitique 420 tremp\u00e9<\/strong>, sont micro-dent\u00e9es pour garantir pr\u00e9cision et durabilit\u00e9. <\/p>\n","protected":false},"featured_media":7183,"template":"","meta":{"_acf_changed":false},"product_brand":[574],"product_cat":[576,644],"product_tag":[],"class_list":{"0":"post-3280","1":"product","2":"type-product","3":"status-publish","4":"has-post-thumbnail","6":"product_brand-dituttidi","7":"product_cat-couverts-2","8":"product_cat-fin-de-serie","10":"first","11":"instock","12":"sale","13":"taxable","14":"shipping-taxable","15":"purchasable","16":"product-type-variable"},"acf":[],"yoast_head":"<!-- This site is optimized with the Yoast SEO plugin v27.3 - https:\/\/yoast.com\/product\/yoast-seo-wordpress\/ -->\n<title>Set de couverts en acier inoxydable Linear 16 pi\u00e8ces | FB Kitchenware<\/title>\n<meta name=\"description\" content=\"D\u00e9couvrez l&#039;ensemble de couverts en acier inoxydable Linear 16 pi\u00e8ces de la collection d&#039;ustensiles de cuisine DiTutt\u00ecD\u00ec FB : design minimaliste, robustesse et confort.\" \/>\n<meta name=\"robots\" content=\"index, follow, max-snippet:-1, max-image-preview:large, max-video-preview:-1\" \/>\n<link rel=\"canonical\" href=\"https:\/\/fb-kitchenware.com\/fr\/negozio\/couverts-2\/set-de-couverts-en-acier-inoxydable-16-pieces-linear-fb-kitchenware\/\" \/>\n<meta property=\"og:locale\" content=\"fr_FR\" \/>\n<meta property=\"og:type\" content=\"article\" \/>\n<meta property=\"og:title\" content=\"Set de couverts en acier inoxydable Linear 16 pi\u00e8ces | FB Kitchenware\" \/>\n<meta property=\"og:description\" content=\"D\u00e9couvrez l&#039;ensemble de couverts en acier inoxydable Linear 16 pi\u00e8ces de la collection d&#039;ustensiles de cuisine DiTutt\u00ecD\u00ec FB : design minimaliste, robustesse et confort.\" \/>\n<meta property=\"og:url\" content=\"https:\/\/fb-kitchenware.com\/fr\/negozio\/couverts-2\/set-de-couverts-en-acier-inoxydable-16-pieces-linear-fb-kitchenware\/\" \/>\n<meta property=\"og:site_name\" content=\"FB Kitchenware\" \/>\n<meta property=\"article:modified_time\" content=\"2025-12-01T00:22:04+00:00\" \/>\n<meta property=\"og:image\" content=\"https:\/\/fb-kitchenware.com\/wp-content\/uploads\/DSC8769-Edit.jpg\" \/>\n\t<meta property=\"og:image:width\" content=\"1920\" \/>\n\t<meta property=\"og:image:height\" content=\"1920\" \/>\n\t<meta property=\"og:image:type\" content=\"image\/jpeg\" \/>\n<meta name=\"twitter:card\" content=\"summary_large_image\" \/>\n<script type=\"application\/ld+json\" class=\"yoast-schema-graph\">{\"@context\":\"https:\\\/\\\/schema.org\",\"@graph\":[{\"@type\":\"WebPage\",\"@id\":\"https:\\\/\\\/fb-kitchenware.com\\\/fr\\\/negozio\\\/couverts-2\\\/set-de-couverts-en-acier-inoxydable-16-pieces-linear-fb-kitchenware\\\/\",\"url\":\"https:\\\/\\\/fb-kitchenware.com\\\/fr\\\/negozio\\\/couverts-2\\\/set-de-couverts-en-acier-inoxydable-16-pieces-linear-fb-kitchenware\\\/\",\"name\":\"Set de couverts en acier inoxydable Linear 16 pi\u00e8ces | FB Kitchenware\",\"isPartOf\":{\"@id\":\"https:\\\/\\\/fb-kitchenware.com\\\/fr\\\/#website\"},\"primaryImageOfPage\":{\"@id\":\"https:\\\/\\\/fb-kitchenware.com\\\/fr\\\/negozio\\\/couverts-2\\\/set-de-couverts-en-acier-inoxydable-16-pieces-linear-fb-kitchenware\\\/#primaryimage\"},\"image\":{\"@id\":\"https:\\\/\\\/fb-kitchenware.com\\\/fr\\\/negozio\\\/couverts-2\\\/set-de-couverts-en-acier-inoxydable-16-pieces-linear-fb-kitchenware\\\/#primaryimage\"},\"thumbnailUrl\":\"https:\\\/\\\/fb-kitchenware.com\\\/wp-content\\\/uploads\\\/gold-def-copia.jpg\",\"datePublished\":\"2025-04-30T23:17:49+00:00\",\"dateModified\":\"2025-12-01T00:22:04+00:00\",\"description\":\"D\u00e9couvrez l'ensemble de couverts en acier inoxydable Linear 16 pi\u00e8ces de la collection d'ustensiles de cuisine DiTutt\u00ecD\u00ec FB : design minimaliste, robustesse et confort.\",\"breadcrumb\":{\"@id\":\"https:\\\/\\\/fb-kitchenware.com\\\/fr\\\/negozio\\\/couverts-2\\\/set-de-couverts-en-acier-inoxydable-16-pieces-linear-fb-kitchenware\\\/#breadcrumb\"},\"inLanguage\":\"fr-FR\",\"potentialAction\":[{\"@type\":\"ReadAction\",\"target\":[\"https:\\\/\\\/fb-kitchenware.com\\\/fr\\\/negozio\\\/couverts-2\\\/set-de-couverts-en-acier-inoxydable-16-pieces-linear-fb-kitchenware\\\/\"]}]},{\"@type\":\"ImageObject\",\"inLanguage\":\"fr-FR\",\"@id\":\"https:\\\/\\\/fb-kitchenware.com\\\/fr\\\/negozio\\\/couverts-2\\\/set-de-couverts-en-acier-inoxydable-16-pieces-linear-fb-kitchenware\\\/#primaryimage\",\"url\":\"https:\\\/\\\/fb-kitchenware.com\\\/wp-content\\\/uploads\\\/gold-def-copia.jpg\",\"contentUrl\":\"https:\\\/\\\/fb-kitchenware.com\\\/wp-content\\\/uploads\\\/gold-def-copia.jpg\",\"width\":1920,\"height\":1920,\"caption\":\"default\"},{\"@type\":\"BreadcrumbList\",\"@id\":\"https:\\\/\\\/fb-kitchenware.com\\\/fr\\\/negozio\\\/couverts-2\\\/set-de-couverts-en-acier-inoxydable-16-pieces-linear-fb-kitchenware\\\/#breadcrumb\",\"itemListElement\":[{\"@type\":\"ListItem\",\"position\":1,\"name\":\"Home\",\"item\":\"https:\\\/\\\/fb-kitchenware.com\\\/fr\\\/\"},{\"@type\":\"ListItem\",\"position\":2,\"name\":\"Set de couverts en acier inoxydable 16 pi\u00e8ces-Linear | FB Kitchenware\"}]},{\"@type\":\"WebSite\",\"@id\":\"https:\\\/\\\/fb-kitchenware.com\\\/fr\\\/#website\",\"url\":\"https:\\\/\\\/fb-kitchenware.com\\\/fr\\\/\",\"name\":\"FB Kitchenware\",\"description\":\"\",\"publisher\":{\"@id\":\"https:\\\/\\\/fb-kitchenware.com\\\/fr\\\/#organization\"},\"potentialAction\":[{\"@type\":\"SearchAction\",\"target\":{\"@type\":\"EntryPoint\",\"urlTemplate\":\"https:\\\/\\\/fb-kitchenware.com\\\/fr\\\/?s={search_term_string}\"},\"query-input\":{\"@type\":\"PropertyValueSpecification\",\"valueRequired\":true,\"valueName\":\"search_term_string\"}}],\"inLanguage\":\"fr-FR\"},{\"@type\":\"Organization\",\"@id\":\"https:\\\/\\\/fb-kitchenware.com\\\/fr\\\/#organization\",\"name\":\"FB Kitchenware\",\"url\":\"https:\\\/\\\/fb-kitchenware.com\\\/fr\\\/\",\"logo\":{\"@type\":\"ImageObject\",\"inLanguage\":\"fr-FR\",\"@id\":\"https:\\\/\\\/fb-kitchenware.com\\\/fr\\\/#\\\/schema\\\/logo\\\/image\\\/\",\"url\":\"https:\\\/\\\/fb-kitchenware.com\\\/wp-content\\\/uploads\\\/logo_gold.png\",\"contentUrl\":\"https:\\\/\\\/fb-kitchenware.com\\\/wp-content\\\/uploads\\\/logo_gold.png\",\"width\":900,\"height\":900,\"caption\":\"FB Kitchenware\"},\"image\":{\"@id\":\"https:\\\/\\\/fb-kitchenware.com\\\/fr\\\/#\\\/schema\\\/logo\\\/image\\\/\"}}]}<\/script>\n<!-- \/ Yoast SEO plugin. -->","yoast_head_json":{"title":"Set de couverts en acier inoxydable Linear 16 pi\u00e8ces | FB Kitchenware","description":"D\u00e9couvrez l'ensemble de couverts en acier inoxydable Linear 16 pi\u00e8ces de la collection d'ustensiles de cuisine DiTutt\u00ecD\u00ec FB : design minimaliste, robustesse et confort.","robots":{"index":"index","follow":"follow","max-snippet":"max-snippet:-1","max-image-preview":"max-image-preview:large","max-video-preview":"max-video-preview:-1"},"canonical":"https:\/\/fb-kitchenware.com\/fr\/negozio\/couverts-2\/set-de-couverts-en-acier-inoxydable-16-pieces-linear-fb-kitchenware\/","og_locale":"fr_FR","og_type":"article","og_title":"Set de couverts en acier inoxydable Linear 16 pi\u00e8ces | FB Kitchenware","og_description":"D\u00e9couvrez l'ensemble de couverts en acier inoxydable Linear 16 pi\u00e8ces de la collection d'ustensiles de cuisine DiTutt\u00ecD\u00ec FB : design minimaliste, robustesse et confort.","og_url":"https:\/\/fb-kitchenware.com\/fr\/negozio\/couverts-2\/set-de-couverts-en-acier-inoxydable-16-pieces-linear-fb-kitchenware\/","og_site_name":"FB Kitchenware","article_modified_time":"2025-12-01T00:22:04+00:00","og_image":[{"width":1920,"height":1920,"url":"https:\/\/fb-kitchenware.com\/wp-content\/uploads\/DSC8769-Edit.jpg","type":"image\/jpeg"}],"twitter_card":"summary_large_image","schema":{"@context":"https:\/\/schema.org","@graph":[{"@type":"WebPage","@id":"https:\/\/fb-kitchenware.com\/fr\/negozio\/couverts-2\/set-de-couverts-en-acier-inoxydable-16-pieces-linear-fb-kitchenware\/","url":"https:\/\/fb-kitchenware.com\/fr\/negozio\/couverts-2\/set-de-couverts-en-acier-inoxydable-16-pieces-linear-fb-kitchenware\/","name":"Set de couverts en acier inoxydable Linear 16 pi\u00e8ces | FB Kitchenware","isPartOf":{"@id":"https:\/\/fb-kitchenware.com\/fr\/#website"},"primaryImageOfPage":{"@id":"https:\/\/fb-kitchenware.com\/fr\/negozio\/couverts-2\/set-de-couverts-en-acier-inoxydable-16-pieces-linear-fb-kitchenware\/#primaryimage"},"image":{"@id":"https:\/\/fb-kitchenware.com\/fr\/negozio\/couverts-2\/set-de-couverts-en-acier-inoxydable-16-pieces-linear-fb-kitchenware\/#primaryimage"},"thumbnailUrl":"https:\/\/fb-kitchenware.com\/wp-content\/uploads\/gold-def-copia.jpg","datePublished":"2025-04-30T23:17:49+00:00","dateModified":"2025-12-01T00:22:04+00:00","description":"D\u00e9couvrez l'ensemble de couverts en acier inoxydable Linear 16 pi\u00e8ces de la collection d'ustensiles de cuisine DiTutt\u00ecD\u00ec FB : design minimaliste, robustesse et confort.","breadcrumb":{"@id":"https:\/\/fb-kitchenware.com\/fr\/negozio\/couverts-2\/set-de-couverts-en-acier-inoxydable-16-pieces-linear-fb-kitchenware\/#breadcrumb"},"inLanguage":"fr-FR","potentialAction":[{"@type":"ReadAction","target":["https:\/\/fb-kitchenware.com\/fr\/negozio\/couverts-2\/set-de-couverts-en-acier-inoxydable-16-pieces-linear-fb-kitchenware\/"]}]},{"@type":"ImageObject","inLanguage":"fr-FR","@id":"https:\/\/fb-kitchenware.com\/fr\/negozio\/couverts-2\/set-de-couverts-en-acier-inoxydable-16-pieces-linear-fb-kitchenware\/#primaryimage","url":"https:\/\/fb-kitchenware.com\/wp-content\/uploads\/gold-def-copia.jpg","contentUrl":"https:\/\/fb-kitchenware.com\/wp-content\/uploads\/gold-def-copia.jpg","width":1920,"height":1920,"caption":"default"},{"@type":"BreadcrumbList","@id":"https:\/\/fb-kitchenware.com\/fr\/negozio\/couverts-2\/set-de-couverts-en-acier-inoxydable-16-pieces-linear-fb-kitchenware\/#breadcrumb","itemListElement":[{"@type":"ListItem","position":1,"name":"Home","item":"https:\/\/fb-kitchenware.com\/fr\/"},{"@type":"ListItem","position":2,"name":"Set de couverts en acier inoxydable 16 pi\u00e8ces-Linear | FB Kitchenware"}]},{"@type":"WebSite","@id":"https:\/\/fb-kitchenware.com\/fr\/#website","url":"https:\/\/fb-kitchenware.com\/fr\/","name":"FB Kitchenware","description":"","publisher":{"@id":"https:\/\/fb-kitchenware.com\/fr\/#organization"},"potentialAction":[{"@type":"SearchAction","target":{"@type":"EntryPoint","urlTemplate":"https:\/\/fb-kitchenware.com\/fr\/?s={search_term_string}"},"query-input":{"@type":"PropertyValueSpecification","valueRequired":true,"valueName":"search_term_string"}}],"inLanguage":"fr-FR"},{"@type":"Organization","@id":"https:\/\/fb-kitchenware.com\/fr\/#organization","name":"FB Kitchenware","url":"https:\/\/fb-kitchenware.com\/fr\/","logo":{"@type":"ImageObject","inLanguage":"fr-FR","@id":"https:\/\/fb-kitchenware.com\/fr\/#\/schema\/logo\/image\/","url":"https:\/\/fb-kitchenware.com\/wp-content\/uploads\/logo_gold.png","contentUrl":"https:\/\/fb-kitchenware.com\/wp-content\/uploads\/logo_gold.png","width":900,"height":900,"caption":"FB Kitchenware"},"image":{"@id":"https:\/\/fb-kitchenware.com\/fr\/#\/schema\/logo\/image\/"}}]}},"_links":{"self":[{"href":"https:\/\/fb-kitchenware.com\/fr\/wp-json\/wp\/v2\/product\/3280","targetHints":{"allow":["GET"]}}],"collection":[{"href":"https:\/\/fb-kitchenware.com\/fr\/wp-json\/wp\/v2\/product"}],"about":[{"href":"https:\/\/fb-kitchenware.com\/fr\/wp-json\/wp\/v2\/types\/product"}],"wp:featuredmedia":[{"embeddable":true,"href":"https:\/\/fb-kitchenware.com\/fr\/wp-json\/wp\/v2\/media\/7183"}],"wp:attachment":[{"href":"https:\/\/fb-kitchenware.com\/fr\/wp-json\/wp\/v2\/media?parent=3280"}],"wp:term":[{"taxonomy":"product_brand","embeddable":true,"href":"https:\/\/fb-kitchenware.com\/fr\/wp-json\/wp\/v2\/product_brand?post=3280"},{"taxonomy":"product_cat","embeddable":true,"href":"https:\/\/fb-kitchenware.com\/fr\/wp-json\/wp\/v2\/product_cat?post=3280"},{"taxonomy":"product_tag","embeddable":true,"href":"https:\/\/fb-kitchenware.com\/fr\/wp-json\/wp\/v2\/product_tag?post=3280"}],"curies":[{"name":"wp","href":"https:\/\/api.w.org\/{rel}","templated":true}]}}