{"id":3281,"date":"2025-05-01T01:17:49","date_gmt":"2025-04-30T23:17:49","guid":{"rendered":"https:\/\/fb-kitchenware.com\/negozio\/uncategorized\/set-de-couverts-en-acier-inoxydable-spiga-16-pieces-fb-kitchenware\/"},"modified":"2025-12-01T01:22:04","modified_gmt":"2025-12-01T00:22:04","slug":"set-de-couverts-en-acier-inoxydable-spiga-16-pieces-fb-kitchenware","status":"publish","type":"product","link":"https:\/\/fb-kitchenware.com\/fr\/negozio\/couverts-2\/set-de-couverts-en-acier-inoxydable-spiga-16-pieces-fb-kitchenware\/","title":{"rendered":"Set de couverts en acier inoxydable Spiga 16 pi\u00e8ces | FB Kitchenware"},"content":{"rendered":"","protected":false},"excerpt":{"rendered":"<p class=\"\" data-start=\"609\" data-end=\"1112\">Le <strong data-start=\"612\" data-end=\"648\">service de couverts Spiga en acier inoxydable<\/strong> de la prestigieuse collection Dituttid\u00ec est le choix id\u00e9al pour enrichir votre table d&#8217;une touche de classe. Caract\u00e9ris\u00e9 par un motif ray\u00e9 raffin\u00e9, ce service de couverts moderne repr\u00e9sente la combinaison id\u00e9ale de la beaut\u00e9 esth\u00e9tique et de la qualit\u00e9 fonctionnelle. R\u00e9alis\u00e9s en acier inoxydable 18\/10 avec des lames en acier martensitique 420 tremp\u00e9, les couverts du service Spiga sont con\u00e7us pour r\u00e9sister \u00e0 l&#8217;\u00e9preuve du temps, en conservant longtemps leur \u00e9clat et leur tranchant.  <\/p>\n<p class=\"\" data-start=\"1114\" data-end=\"1517\">Cet ensemble de couverts en acier inoxydable est particuli\u00e8rement appr\u00e9ci\u00e9 pour son design \u00e9l\u00e9gant, qui marie harmonieusement des lignes classiques et modernes. Gr\u00e2ce \u00e0 son manche ergonomique, chaque pi\u00e8ce de l&#8217;ensemble offre une prise en main confortable et s\u00fbre, convenant aussi bien aux droitiers qu&#8217;aux gauchers. Les lames des couteaux sont dot\u00e9es d&#8217;une micro-denture sp\u00e9ciale qui assure des coupes pr\u00e9cises tout en conservant leur tranchant au fil du temps.  <\/p>\n","protected":false},"featured_media":7177,"template":"","meta":{"_acf_changed":false},"product_brand":[574],"product_cat":[576,644],"product_tag":[],"class_list":{"0":"post-3281","1":"product","2":"type-product","3":"status-publish","4":"has-post-thumbnail","6":"product_brand-dituttidi","7":"product_cat-couverts-2","8":"product_cat-fin-de-serie","10":"first","11":"instock","12":"sale","13":"taxable","14":"shipping-taxable","15":"purchasable","16":"product-type-variable"},"acf":[],"yoast_head":"<!-- This site is optimized with the Yoast SEO plugin v27.3 - https:\/\/yoast.com\/product\/yoast-seo-wordpress\/ -->\n<title>Set de couverts en acier inoxydable Spiga 16 pi\u00e8ces | FB Kitchenware<\/title>\n<meta name=\"description\" content=\"Achetez l&#039;ensemble de couverts en acier inoxydable Spiga de la collection Dituttid\u00ec. Service de couverts moderne et \u00e9l\u00e9gant en acier inoxydable 18\/10, id\u00e9al pour toutes les occasions.\" \/>\n<meta name=\"robots\" content=\"index, follow, max-snippet:-1, max-image-preview:large, max-video-preview:-1\" \/>\n<link rel=\"canonical\" href=\"https:\/\/fb-kitchenware.com\/fr\/negozio\/couverts-2\/set-de-couverts-en-acier-inoxydable-spiga-16-pieces-fb-kitchenware\/\" \/>\n<meta property=\"og:locale\" content=\"fr_FR\" \/>\n<meta property=\"og:type\" content=\"article\" \/>\n<meta property=\"og:title\" content=\"Set de couverts en acier inoxydable Spiga 16 pi\u00e8ces | FB Kitchenware\" \/>\n<meta property=\"og:description\" content=\"Achetez l&#039;ensemble de couverts en acier inoxydable Spiga de la collection Dituttid\u00ec. Service de couverts moderne et \u00e9l\u00e9gant en acier inoxydable 18\/10, id\u00e9al pour toutes les occasions.\" \/>\n<meta property=\"og:url\" content=\"https:\/\/fb-kitchenware.com\/fr\/negozio\/couverts-2\/set-de-couverts-en-acier-inoxydable-spiga-16-pieces-fb-kitchenware\/\" \/>\n<meta property=\"og:site_name\" content=\"FB Kitchenware\" \/>\n<meta property=\"article:modified_time\" content=\"2025-12-01T00:22:04+00:00\" \/>\n<meta property=\"og:image\" content=\"https:\/\/fb-kitchenware.com\/wp-content\/uploads\/DSC8772-Edit.jpg\" \/>\n\t<meta property=\"og:image:width\" content=\"1920\" \/>\n\t<meta property=\"og:image:height\" content=\"1920\" \/>\n\t<meta property=\"og:image:type\" content=\"image\/jpeg\" \/>\n<meta name=\"twitter:card\" content=\"summary_large_image\" \/>\n<script type=\"application\/ld+json\" class=\"yoast-schema-graph\">{\"@context\":\"https:\\\/\\\/schema.org\",\"@graph\":[{\"@type\":\"WebPage\",\"@id\":\"https:\\\/\\\/fb-kitchenware.com\\\/fr\\\/negozio\\\/couverts-2\\\/set-de-couverts-en-acier-inoxydable-spiga-16-pieces-fb-kitchenware\\\/\",\"url\":\"https:\\\/\\\/fb-kitchenware.com\\\/fr\\\/negozio\\\/couverts-2\\\/set-de-couverts-en-acier-inoxydable-spiga-16-pieces-fb-kitchenware\\\/\",\"name\":\"Set de couverts en acier inoxydable Spiga 16 pi\u00e8ces | FB Kitchenware\",\"isPartOf\":{\"@id\":\"https:\\\/\\\/fb-kitchenware.com\\\/fr\\\/#website\"},\"primaryImageOfPage\":{\"@id\":\"https:\\\/\\\/fb-kitchenware.com\\\/fr\\\/negozio\\\/couverts-2\\\/set-de-couverts-en-acier-inoxydable-spiga-16-pieces-fb-kitchenware\\\/#primaryimage\"},\"image\":{\"@id\":\"https:\\\/\\\/fb-kitchenware.com\\\/fr\\\/negozio\\\/couverts-2\\\/set-de-couverts-en-acier-inoxydable-spiga-16-pieces-fb-kitchenware\\\/#primaryimage\"},\"thumbnailUrl\":\"https:\\\/\\\/fb-kitchenware.com\\\/wp-content\\\/uploads\\\/champagne-def.jpg\",\"datePublished\":\"2025-04-30T23:17:49+00:00\",\"dateModified\":\"2025-12-01T00:22:04+00:00\",\"description\":\"Achetez l'ensemble de couverts en acier inoxydable Spiga de la collection Dituttid\u00ec. Service de couverts moderne et \u00e9l\u00e9gant en acier inoxydable 18\\\/10, id\u00e9al pour toutes les occasions.\",\"breadcrumb\":{\"@id\":\"https:\\\/\\\/fb-kitchenware.com\\\/fr\\\/negozio\\\/couverts-2\\\/set-de-couverts-en-acier-inoxydable-spiga-16-pieces-fb-kitchenware\\\/#breadcrumb\"},\"inLanguage\":\"fr-FR\",\"potentialAction\":[{\"@type\":\"ReadAction\",\"target\":[\"https:\\\/\\\/fb-kitchenware.com\\\/fr\\\/negozio\\\/couverts-2\\\/set-de-couverts-en-acier-inoxydable-spiga-16-pieces-fb-kitchenware\\\/\"]}]},{\"@type\":\"ImageObject\",\"inLanguage\":\"fr-FR\",\"@id\":\"https:\\\/\\\/fb-kitchenware.com\\\/fr\\\/negozio\\\/couverts-2\\\/set-de-couverts-en-acier-inoxydable-spiga-16-pieces-fb-kitchenware\\\/#primaryimage\",\"url\":\"https:\\\/\\\/fb-kitchenware.com\\\/wp-content\\\/uploads\\\/champagne-def.jpg\",\"contentUrl\":\"https:\\\/\\\/fb-kitchenware.com\\\/wp-content\\\/uploads\\\/champagne-def.jpg\",\"width\":1920,\"height\":1920,\"caption\":\"default\"},{\"@type\":\"BreadcrumbList\",\"@id\":\"https:\\\/\\\/fb-kitchenware.com\\\/fr\\\/negozio\\\/couverts-2\\\/set-de-couverts-en-acier-inoxydable-spiga-16-pieces-fb-kitchenware\\\/#breadcrumb\",\"itemListElement\":[{\"@type\":\"ListItem\",\"position\":1,\"name\":\"Home\",\"item\":\"https:\\\/\\\/fb-kitchenware.com\\\/fr\\\/\"},{\"@type\":\"ListItem\",\"position\":2,\"name\":\"Set de couverts en acier inoxydable Spiga 16 pi\u00e8ces | FB Kitchenware\"}]},{\"@type\":\"WebSite\",\"@id\":\"https:\\\/\\\/fb-kitchenware.com\\\/fr\\\/#website\",\"url\":\"https:\\\/\\\/fb-kitchenware.com\\\/fr\\\/\",\"name\":\"FB Kitchenware\",\"description\":\"\",\"publisher\":{\"@id\":\"https:\\\/\\\/fb-kitchenware.com\\\/fr\\\/#organization\"},\"potentialAction\":[{\"@type\":\"SearchAction\",\"target\":{\"@type\":\"EntryPoint\",\"urlTemplate\":\"https:\\\/\\\/fb-kitchenware.com\\\/fr\\\/?s={search_term_string}\"},\"query-input\":{\"@type\":\"PropertyValueSpecification\",\"valueRequired\":true,\"valueName\":\"search_term_string\"}}],\"inLanguage\":\"fr-FR\"},{\"@type\":\"Organization\",\"@id\":\"https:\\\/\\\/fb-kitchenware.com\\\/fr\\\/#organization\",\"name\":\"FB Kitchenware\",\"url\":\"https:\\\/\\\/fb-kitchenware.com\\\/fr\\\/\",\"logo\":{\"@type\":\"ImageObject\",\"inLanguage\":\"fr-FR\",\"@id\":\"https:\\\/\\\/fb-kitchenware.com\\\/fr\\\/#\\\/schema\\\/logo\\\/image\\\/\",\"url\":\"https:\\\/\\\/fb-kitchenware.com\\\/wp-content\\\/uploads\\\/logo_gold.png\",\"contentUrl\":\"https:\\\/\\\/fb-kitchenware.com\\\/wp-content\\\/uploads\\\/logo_gold.png\",\"width\":900,\"height\":900,\"caption\":\"FB Kitchenware\"},\"image\":{\"@id\":\"https:\\\/\\\/fb-kitchenware.com\\\/fr\\\/#\\\/schema\\\/logo\\\/image\\\/\"}}]}<\/script>\n<!-- \/ Yoast SEO plugin. -->","yoast_head_json":{"title":"Set de couverts en acier inoxydable Spiga 16 pi\u00e8ces | FB Kitchenware","description":"Achetez l'ensemble de couverts en acier inoxydable Spiga de la collection Dituttid\u00ec. Service de couverts moderne et \u00e9l\u00e9gant en acier inoxydable 18\/10, id\u00e9al pour toutes les occasions.","robots":{"index":"index","follow":"follow","max-snippet":"max-snippet:-1","max-image-preview":"max-image-preview:large","max-video-preview":"max-video-preview:-1"},"canonical":"https:\/\/fb-kitchenware.com\/fr\/negozio\/couverts-2\/set-de-couverts-en-acier-inoxydable-spiga-16-pieces-fb-kitchenware\/","og_locale":"fr_FR","og_type":"article","og_title":"Set de couverts en acier inoxydable Spiga 16 pi\u00e8ces | FB Kitchenware","og_description":"Achetez l'ensemble de couverts en acier inoxydable Spiga de la collection Dituttid\u00ec. Service de couverts moderne et \u00e9l\u00e9gant en acier inoxydable 18\/10, id\u00e9al pour toutes les occasions.","og_url":"https:\/\/fb-kitchenware.com\/fr\/negozio\/couverts-2\/set-de-couverts-en-acier-inoxydable-spiga-16-pieces-fb-kitchenware\/","og_site_name":"FB Kitchenware","article_modified_time":"2025-12-01T00:22:04+00:00","og_image":[{"width":1920,"height":1920,"url":"https:\/\/fb-kitchenware.com\/wp-content\/uploads\/DSC8772-Edit.jpg","type":"image\/jpeg"}],"twitter_card":"summary_large_image","schema":{"@context":"https:\/\/schema.org","@graph":[{"@type":"WebPage","@id":"https:\/\/fb-kitchenware.com\/fr\/negozio\/couverts-2\/set-de-couverts-en-acier-inoxydable-spiga-16-pieces-fb-kitchenware\/","url":"https:\/\/fb-kitchenware.com\/fr\/negozio\/couverts-2\/set-de-couverts-en-acier-inoxydable-spiga-16-pieces-fb-kitchenware\/","name":"Set de couverts en acier inoxydable Spiga 16 pi\u00e8ces | FB Kitchenware","isPartOf":{"@id":"https:\/\/fb-kitchenware.com\/fr\/#website"},"primaryImageOfPage":{"@id":"https:\/\/fb-kitchenware.com\/fr\/negozio\/couverts-2\/set-de-couverts-en-acier-inoxydable-spiga-16-pieces-fb-kitchenware\/#primaryimage"},"image":{"@id":"https:\/\/fb-kitchenware.com\/fr\/negozio\/couverts-2\/set-de-couverts-en-acier-inoxydable-spiga-16-pieces-fb-kitchenware\/#primaryimage"},"thumbnailUrl":"https:\/\/fb-kitchenware.com\/wp-content\/uploads\/champagne-def.jpg","datePublished":"2025-04-30T23:17:49+00:00","dateModified":"2025-12-01T00:22:04+00:00","description":"Achetez l'ensemble de couverts en acier inoxydable Spiga de la collection Dituttid\u00ec. Service de couverts moderne et \u00e9l\u00e9gant en acier inoxydable 18\/10, id\u00e9al pour toutes les occasions.","breadcrumb":{"@id":"https:\/\/fb-kitchenware.com\/fr\/negozio\/couverts-2\/set-de-couverts-en-acier-inoxydable-spiga-16-pieces-fb-kitchenware\/#breadcrumb"},"inLanguage":"fr-FR","potentialAction":[{"@type":"ReadAction","target":["https:\/\/fb-kitchenware.com\/fr\/negozio\/couverts-2\/set-de-couverts-en-acier-inoxydable-spiga-16-pieces-fb-kitchenware\/"]}]},{"@type":"ImageObject","inLanguage":"fr-FR","@id":"https:\/\/fb-kitchenware.com\/fr\/negozio\/couverts-2\/set-de-couverts-en-acier-inoxydable-spiga-16-pieces-fb-kitchenware\/#primaryimage","url":"https:\/\/fb-kitchenware.com\/wp-content\/uploads\/champagne-def.jpg","contentUrl":"https:\/\/fb-kitchenware.com\/wp-content\/uploads\/champagne-def.jpg","width":1920,"height":1920,"caption":"default"},{"@type":"BreadcrumbList","@id":"https:\/\/fb-kitchenware.com\/fr\/negozio\/couverts-2\/set-de-couverts-en-acier-inoxydable-spiga-16-pieces-fb-kitchenware\/#breadcrumb","itemListElement":[{"@type":"ListItem","position":1,"name":"Home","item":"https:\/\/fb-kitchenware.com\/fr\/"},{"@type":"ListItem","position":2,"name":"Set de couverts en acier inoxydable Spiga 16 pi\u00e8ces | FB Kitchenware"}]},{"@type":"WebSite","@id":"https:\/\/fb-kitchenware.com\/fr\/#website","url":"https:\/\/fb-kitchenware.com\/fr\/","name":"FB Kitchenware","description":"","publisher":{"@id":"https:\/\/fb-kitchenware.com\/fr\/#organization"},"potentialAction":[{"@type":"SearchAction","target":{"@type":"EntryPoint","urlTemplate":"https:\/\/fb-kitchenware.com\/fr\/?s={search_term_string}"},"query-input":{"@type":"PropertyValueSpecification","valueRequired":true,"valueName":"search_term_string"}}],"inLanguage":"fr-FR"},{"@type":"Organization","@id":"https:\/\/fb-kitchenware.com\/fr\/#organization","name":"FB Kitchenware","url":"https:\/\/fb-kitchenware.com\/fr\/","logo":{"@type":"ImageObject","inLanguage":"fr-FR","@id":"https:\/\/fb-kitchenware.com\/fr\/#\/schema\/logo\/image\/","url":"https:\/\/fb-kitchenware.com\/wp-content\/uploads\/logo_gold.png","contentUrl":"https:\/\/fb-kitchenware.com\/wp-content\/uploads\/logo_gold.png","width":900,"height":900,"caption":"FB Kitchenware"},"image":{"@id":"https:\/\/fb-kitchenware.com\/fr\/#\/schema\/logo\/image\/"}}]}},"_links":{"self":[{"href":"https:\/\/fb-kitchenware.com\/fr\/wp-json\/wp\/v2\/product\/3281","targetHints":{"allow":["GET"]}}],"collection":[{"href":"https:\/\/fb-kitchenware.com\/fr\/wp-json\/wp\/v2\/product"}],"about":[{"href":"https:\/\/fb-kitchenware.com\/fr\/wp-json\/wp\/v2\/types\/product"}],"wp:featuredmedia":[{"embeddable":true,"href":"https:\/\/fb-kitchenware.com\/fr\/wp-json\/wp\/v2\/media\/7177"}],"wp:attachment":[{"href":"https:\/\/fb-kitchenware.com\/fr\/wp-json\/wp\/v2\/media?parent=3281"}],"wp:term":[{"taxonomy":"product_brand","embeddable":true,"href":"https:\/\/fb-kitchenware.com\/fr\/wp-json\/wp\/v2\/product_brand?post=3281"},{"taxonomy":"product_cat","embeddable":true,"href":"https:\/\/fb-kitchenware.com\/fr\/wp-json\/wp\/v2\/product_cat?post=3281"},{"taxonomy":"product_tag","embeddable":true,"href":"https:\/\/fb-kitchenware.com\/fr\/wp-json\/wp\/v2\/product_tag?post=3281"}],"curies":[{"name":"wp","href":"https:\/\/api.w.org\/{rel}","templated":true}]}}