{"id":3522,"date":"2025-05-01T01:23:17","date_gmt":"2025-04-30T23:23:17","guid":{"rendered":"https:\/\/fb-kitchenware.com\/negozio\/uncategorized\/bewood-large-bbq-tongs-fb-kitchenware\/"},"modified":"2025-12-01T01:21:54","modified_gmt":"2025-12-01T00:21:54","slug":"bewood-large-bbq-tongs-fb-kitchenware","status":"publish","type":"product","link":"https:\/\/fb-kitchenware.com\/fr\/negozio\/ustensiles-de-cuisine\/bewood-large-bbq-tongs-fb-kitchenware\/","title":{"rendered":"BeWood\u2122 Large BBQ Tongs | FB Kitchenware"},"content":{"rendered":"","protected":false},"excerpt":{"rendered":"<p data-pm-slice=\"1 1 []\">La grande pince \u00e0 barbecue en bois de la collection BeWood de FB Kitchenware est l&#8217;accessoire indispensable pour ceux qui aiment cuisiner en plein air avec style et praticit\u00e9. Enti\u00e8rement r\u00e9alis\u00e9e \u00e0 la main par des artisans italiens experts, cette pince repr\u00e9sente un choix authentique et raffin\u00e9, id\u00e9al pour tous les amateurs de barbecue.<\/p>\n<p>Chaque pince \u00e0 barbecue BeWood est taill\u00e9e dans un seul bloc de bois d&#8217;olivier italien durable, ce qui lui conf\u00e8re solidit\u00e9, robustesse et fiabilit\u00e9 \u00e0 chaque utilisation. Le grain naturel du bois conf\u00e8re un caract\u00e8re unique \u00e0 chaque pi\u00e8ce, garantissant un produit exclusif et unique.<\/p>\n","protected":false},"featured_media":7299,"template":"","meta":{"_acf_changed":false},"product_brand":[560],"product_cat":[556],"product_tag":[],"class_list":{"0":"post-3522","1":"product","2":"type-product","3":"status-publish","4":"has-post-thumbnail","6":"product_brand-bewood","7":"product_cat-ustensiles-de-cuisine","9":"first","10":"instock","11":"taxable","12":"shipping-taxable","13":"purchasable","14":"product-type-simple"},"acf":[],"yoast_head":"<!-- This site is optimized with the Yoast SEO plugin v27.3 - https:\/\/yoast.com\/product\/yoast-seo-wordpress\/ -->\n<title>Pince \u00e0 barbecue BeWood Large BeWood | FB Ustensiles de cuisine<\/title>\n<meta name=\"robots\" content=\"index, follow, max-snippet:-1, max-image-preview:large, max-video-preview:-1\" \/>\n<link rel=\"canonical\" href=\"https:\/\/fb-kitchenware.com\/fr\/negozio\/ustensiles-de-cuisine\/bewood-large-bbq-tongs-fb-kitchenware\/\" \/>\n<meta property=\"og:locale\" content=\"fr_FR\" \/>\n<meta property=\"og:type\" content=\"article\" \/>\n<meta property=\"og:title\" content=\"Pince \u00e0 barbecue BeWood Large BeWood | FB Ustensiles de cuisine\" \/>\n<meta property=\"og:description\" content=\"La grande pince \u00e0 barbecue en bois de la collection BeWood de FB Kitchenware est l&#039;accessoire indispensable pour ceux qui aiment cuisiner en plein air avec style et praticit\u00e9. Enti\u00e8rement r\u00e9alis\u00e9e \u00e0 la main par des artisans italiens experts, cette pince repr\u00e9sente un choix authentique et raffin\u00e9, id\u00e9al pour tous les amateurs de barbecue. Chaque pince \u00e0 barbecue BeWood est taill\u00e9e dans un seul bloc de bois d&#039;olivier italien durable, ce qui lui conf\u00e8re solidit\u00e9, robustesse et fiabilit\u00e9 \u00e0 chaque utilisation. Le grain naturel du bois conf\u00e8re un caract\u00e8re unique \u00e0 chaque pi\u00e8ce, garantissant un produit exclusif et unique.\" \/>\n<meta property=\"og:url\" content=\"https:\/\/fb-kitchenware.com\/fr\/negozio\/ustensiles-de-cuisine\/bewood-large-bbq-tongs-fb-kitchenware\/\" \/>\n<meta property=\"og:site_name\" content=\"FB Kitchenware\" \/>\n<meta property=\"article:modified_time\" content=\"2025-12-01T00:21:54+00:00\" \/>\n<meta property=\"og:image\" content=\"https:\/\/fb-kitchenware.com\/wp-content\/uploads\/DSC8727-Edit.jpg\" \/>\n\t<meta property=\"og:image:width\" content=\"1920\" \/>\n\t<meta property=\"og:image:height\" content=\"1920\" \/>\n\t<meta property=\"og:image:type\" content=\"image\/jpeg\" \/>\n<meta name=\"twitter:card\" content=\"summary_large_image\" \/>\n<meta name=\"twitter:label1\" content=\"Est. reading time\" \/>\n\t<meta name=\"twitter:data1\" content=\"3 minutes\" \/>\n<script type=\"application\/ld+json\" class=\"yoast-schema-graph\">{\"@context\":\"https:\\\/\\\/schema.org\",\"@graph\":[{\"@type\":\"WebPage\",\"@id\":\"https:\\\/\\\/fb-kitchenware.com\\\/fr\\\/negozio\\\/ustensiles-de-cuisine\\\/bewood-large-bbq-tongs-fb-kitchenware\\\/\",\"url\":\"https:\\\/\\\/fb-kitchenware.com\\\/fr\\\/negozio\\\/ustensiles-de-cuisine\\\/bewood-large-bbq-tongs-fb-kitchenware\\\/\",\"name\":\"Pince \u00e0 barbecue BeWood Large BeWood | FB Ustensiles de cuisine\",\"isPartOf\":{\"@id\":\"https:\\\/\\\/fb-kitchenware.com\\\/fr\\\/#website\"},\"primaryImageOfPage\":{\"@id\":\"https:\\\/\\\/fb-kitchenware.com\\\/fr\\\/negozio\\\/ustensiles-de-cuisine\\\/bewood-large-bbq-tongs-fb-kitchenware\\\/#primaryimage\"},\"image\":{\"@id\":\"https:\\\/\\\/fb-kitchenware.com\\\/fr\\\/negozio\\\/ustensiles-de-cuisine\\\/bewood-large-bbq-tongs-fb-kitchenware\\\/#primaryimage\"},\"thumbnailUrl\":\"https:\\\/\\\/fb-kitchenware.com\\\/wp-content\\\/uploads\\\/DSC8727-Edit-1.jpg\",\"datePublished\":\"2025-04-30T23:23:17+00:00\",\"dateModified\":\"2025-12-01T00:21:54+00:00\",\"breadcrumb\":{\"@id\":\"https:\\\/\\\/fb-kitchenware.com\\\/fr\\\/negozio\\\/ustensiles-de-cuisine\\\/bewood-large-bbq-tongs-fb-kitchenware\\\/#breadcrumb\"},\"inLanguage\":\"fr-FR\",\"potentialAction\":[{\"@type\":\"ReadAction\",\"target\":[\"https:\\\/\\\/fb-kitchenware.com\\\/fr\\\/negozio\\\/ustensiles-de-cuisine\\\/bewood-large-bbq-tongs-fb-kitchenware\\\/\"]}]},{\"@type\":\"ImageObject\",\"inLanguage\":\"fr-FR\",\"@id\":\"https:\\\/\\\/fb-kitchenware.com\\\/fr\\\/negozio\\\/ustensiles-de-cuisine\\\/bewood-large-bbq-tongs-fb-kitchenware\\\/#primaryimage\",\"url\":\"https:\\\/\\\/fb-kitchenware.com\\\/wp-content\\\/uploads\\\/DSC8727-Edit-1.jpg\",\"contentUrl\":\"https:\\\/\\\/fb-kitchenware.com\\\/wp-content\\\/uploads\\\/DSC8727-Edit-1.jpg\",\"width\":1920,\"height\":1920},{\"@type\":\"BreadcrumbList\",\"@id\":\"https:\\\/\\\/fb-kitchenware.com\\\/fr\\\/negozio\\\/ustensiles-de-cuisine\\\/bewood-large-bbq-tongs-fb-kitchenware\\\/#breadcrumb\",\"itemListElement\":[{\"@type\":\"ListItem\",\"position\":1,\"name\":\"Home\",\"item\":\"https:\\\/\\\/fb-kitchenware.com\\\/fr\\\/\"},{\"@type\":\"ListItem\",\"position\":2,\"name\":\"BeWood\u2122 Large BBQ Tongs | FB Kitchenware\"}]},{\"@type\":\"WebSite\",\"@id\":\"https:\\\/\\\/fb-kitchenware.com\\\/fr\\\/#website\",\"url\":\"https:\\\/\\\/fb-kitchenware.com\\\/fr\\\/\",\"name\":\"FB Kitchenware\",\"description\":\"\",\"publisher\":{\"@id\":\"https:\\\/\\\/fb-kitchenware.com\\\/fr\\\/#organization\"},\"potentialAction\":[{\"@type\":\"SearchAction\",\"target\":{\"@type\":\"EntryPoint\",\"urlTemplate\":\"https:\\\/\\\/fb-kitchenware.com\\\/fr\\\/?s={search_term_string}\"},\"query-input\":{\"@type\":\"PropertyValueSpecification\",\"valueRequired\":true,\"valueName\":\"search_term_string\"}}],\"inLanguage\":\"fr-FR\"},{\"@type\":\"Organization\",\"@id\":\"https:\\\/\\\/fb-kitchenware.com\\\/fr\\\/#organization\",\"name\":\"FB Kitchenware\",\"url\":\"https:\\\/\\\/fb-kitchenware.com\\\/fr\\\/\",\"logo\":{\"@type\":\"ImageObject\",\"inLanguage\":\"fr-FR\",\"@id\":\"https:\\\/\\\/fb-kitchenware.com\\\/fr\\\/#\\\/schema\\\/logo\\\/image\\\/\",\"url\":\"https:\\\/\\\/fb-kitchenware.com\\\/wp-content\\\/uploads\\\/logo_gold.png\",\"contentUrl\":\"https:\\\/\\\/fb-kitchenware.com\\\/wp-content\\\/uploads\\\/logo_gold.png\",\"width\":900,\"height\":900,\"caption\":\"FB Kitchenware\"},\"image\":{\"@id\":\"https:\\\/\\\/fb-kitchenware.com\\\/fr\\\/#\\\/schema\\\/logo\\\/image\\\/\"}}]}<\/script>\n<!-- \/ Yoast SEO plugin. -->","yoast_head_json":{"title":"Pince \u00e0 barbecue BeWood Large BeWood | FB Ustensiles de cuisine","robots":{"index":"index","follow":"follow","max-snippet":"max-snippet:-1","max-image-preview":"max-image-preview:large","max-video-preview":"max-video-preview:-1"},"canonical":"https:\/\/fb-kitchenware.com\/fr\/negozio\/ustensiles-de-cuisine\/bewood-large-bbq-tongs-fb-kitchenware\/","og_locale":"fr_FR","og_type":"article","og_title":"Pince \u00e0 barbecue BeWood Large BeWood | FB Ustensiles de cuisine","og_description":"La grande pince \u00e0 barbecue en bois de la collection BeWood de FB Kitchenware est l'accessoire indispensable pour ceux qui aiment cuisiner en plein air avec style et praticit\u00e9. Enti\u00e8rement r\u00e9alis\u00e9e \u00e0 la main par des artisans italiens experts, cette pince repr\u00e9sente un choix authentique et raffin\u00e9, id\u00e9al pour tous les amateurs de barbecue. Chaque pince \u00e0 barbecue BeWood est taill\u00e9e dans un seul bloc de bois d'olivier italien durable, ce qui lui conf\u00e8re solidit\u00e9, robustesse et fiabilit\u00e9 \u00e0 chaque utilisation. Le grain naturel du bois conf\u00e8re un caract\u00e8re unique \u00e0 chaque pi\u00e8ce, garantissant un produit exclusif et unique.","og_url":"https:\/\/fb-kitchenware.com\/fr\/negozio\/ustensiles-de-cuisine\/bewood-large-bbq-tongs-fb-kitchenware\/","og_site_name":"FB Kitchenware","article_modified_time":"2025-12-01T00:21:54+00:00","og_image":[{"width":1920,"height":1920,"url":"https:\/\/fb-kitchenware.com\/wp-content\/uploads\/DSC8727-Edit.jpg","type":"image\/jpeg"}],"twitter_card":"summary_large_image","twitter_misc":{"Est. reading time":"3 minutes"},"schema":{"@context":"https:\/\/schema.org","@graph":[{"@type":"WebPage","@id":"https:\/\/fb-kitchenware.com\/fr\/negozio\/ustensiles-de-cuisine\/bewood-large-bbq-tongs-fb-kitchenware\/","url":"https:\/\/fb-kitchenware.com\/fr\/negozio\/ustensiles-de-cuisine\/bewood-large-bbq-tongs-fb-kitchenware\/","name":"Pince \u00e0 barbecue BeWood Large BeWood | FB Ustensiles de cuisine","isPartOf":{"@id":"https:\/\/fb-kitchenware.com\/fr\/#website"},"primaryImageOfPage":{"@id":"https:\/\/fb-kitchenware.com\/fr\/negozio\/ustensiles-de-cuisine\/bewood-large-bbq-tongs-fb-kitchenware\/#primaryimage"},"image":{"@id":"https:\/\/fb-kitchenware.com\/fr\/negozio\/ustensiles-de-cuisine\/bewood-large-bbq-tongs-fb-kitchenware\/#primaryimage"},"thumbnailUrl":"https:\/\/fb-kitchenware.com\/wp-content\/uploads\/DSC8727-Edit-1.jpg","datePublished":"2025-04-30T23:23:17+00:00","dateModified":"2025-12-01T00:21:54+00:00","breadcrumb":{"@id":"https:\/\/fb-kitchenware.com\/fr\/negozio\/ustensiles-de-cuisine\/bewood-large-bbq-tongs-fb-kitchenware\/#breadcrumb"},"inLanguage":"fr-FR","potentialAction":[{"@type":"ReadAction","target":["https:\/\/fb-kitchenware.com\/fr\/negozio\/ustensiles-de-cuisine\/bewood-large-bbq-tongs-fb-kitchenware\/"]}]},{"@type":"ImageObject","inLanguage":"fr-FR","@id":"https:\/\/fb-kitchenware.com\/fr\/negozio\/ustensiles-de-cuisine\/bewood-large-bbq-tongs-fb-kitchenware\/#primaryimage","url":"https:\/\/fb-kitchenware.com\/wp-content\/uploads\/DSC8727-Edit-1.jpg","contentUrl":"https:\/\/fb-kitchenware.com\/wp-content\/uploads\/DSC8727-Edit-1.jpg","width":1920,"height":1920},{"@type":"BreadcrumbList","@id":"https:\/\/fb-kitchenware.com\/fr\/negozio\/ustensiles-de-cuisine\/bewood-large-bbq-tongs-fb-kitchenware\/#breadcrumb","itemListElement":[{"@type":"ListItem","position":1,"name":"Home","item":"https:\/\/fb-kitchenware.com\/fr\/"},{"@type":"ListItem","position":2,"name":"BeWood\u2122 Large BBQ Tongs | FB Kitchenware"}]},{"@type":"WebSite","@id":"https:\/\/fb-kitchenware.com\/fr\/#website","url":"https:\/\/fb-kitchenware.com\/fr\/","name":"FB Kitchenware","description":"","publisher":{"@id":"https:\/\/fb-kitchenware.com\/fr\/#organization"},"potentialAction":[{"@type":"SearchAction","target":{"@type":"EntryPoint","urlTemplate":"https:\/\/fb-kitchenware.com\/fr\/?s={search_term_string}"},"query-input":{"@type":"PropertyValueSpecification","valueRequired":true,"valueName":"search_term_string"}}],"inLanguage":"fr-FR"},{"@type":"Organization","@id":"https:\/\/fb-kitchenware.com\/fr\/#organization","name":"FB Kitchenware","url":"https:\/\/fb-kitchenware.com\/fr\/","logo":{"@type":"ImageObject","inLanguage":"fr-FR","@id":"https:\/\/fb-kitchenware.com\/fr\/#\/schema\/logo\/image\/","url":"https:\/\/fb-kitchenware.com\/wp-content\/uploads\/logo_gold.png","contentUrl":"https:\/\/fb-kitchenware.com\/wp-content\/uploads\/logo_gold.png","width":900,"height":900,"caption":"FB Kitchenware"},"image":{"@id":"https:\/\/fb-kitchenware.com\/fr\/#\/schema\/logo\/image\/"}}]}},"_links":{"self":[{"href":"https:\/\/fb-kitchenware.com\/fr\/wp-json\/wp\/v2\/product\/3522","targetHints":{"allow":["GET"]}}],"collection":[{"href":"https:\/\/fb-kitchenware.com\/fr\/wp-json\/wp\/v2\/product"}],"about":[{"href":"https:\/\/fb-kitchenware.com\/fr\/wp-json\/wp\/v2\/types\/product"}],"wp:featuredmedia":[{"embeddable":true,"href":"https:\/\/fb-kitchenware.com\/fr\/wp-json\/wp\/v2\/media\/7299"}],"wp:attachment":[{"href":"https:\/\/fb-kitchenware.com\/fr\/wp-json\/wp\/v2\/media?parent=3522"}],"wp:term":[{"taxonomy":"product_brand","embeddable":true,"href":"https:\/\/fb-kitchenware.com\/fr\/wp-json\/wp\/v2\/product_brand?post=3522"},{"taxonomy":"product_cat","embeddable":true,"href":"https:\/\/fb-kitchenware.com\/fr\/wp-json\/wp\/v2\/product_cat?post=3522"},{"taxonomy":"product_tag","embeddable":true,"href":"https:\/\/fb-kitchenware.com\/fr\/wp-json\/wp\/v2\/product_tag?post=3522"}],"curies":[{"name":"wp","href":"https:\/\/api.w.org\/{rel}","templated":true}]}}