{"id":3573,"date":"2025-05-01T01:23:17","date_gmt":"2025-04-30T23:23:17","guid":{"rendered":"https:\/\/fb-kitchenware.com\/negozio\/uncategorized\/set-de-cuilleres-et-fourchettes-en-bois-dolivier-fb-kitchenware\/"},"modified":"2025-12-01T01:21:55","modified_gmt":"2025-12-01T00:21:55","slug":"set-de-cuilleres-et-fourchettes-en-bois-dolivier-fb-kitchenware","status":"publish","type":"product","link":"https:\/\/fb-kitchenware.com\/fr\/negozio\/ustensiles-de-cuisine\/set-de-cuilleres-et-fourchettes-en-bois-dolivier-fb-kitchenware\/","title":{"rendered":"Set de cuill\u00e8res et fourchettes en bois d&#8217;olivier | FB Kitchenware"},"content":{"rendered":"","protected":false},"excerpt":{"rendered":"<p data-pm-slice=\"1 1 []\">Le set de cuill\u00e8res et fourchettes en bois d&#8217;olivier de la collection BeWood de FB Kitchenware repr\u00e9sente la combinaison id\u00e9ale de la praticit\u00e9 quotidienne et de la beaut\u00e9 naturelle. Fabriqu\u00e9s enti\u00e8rement \u00e0 la main par nos experts artisans italiens, ces ustensiles de cuisine ajoutent une touche raffin\u00e9e et authentique \u00e0 votre table, parfaite pour servir salades, p\u00e2tes et autres plats avec \u00e9l\u00e9gance.<\/p>\n<p>Chaque cuill\u00e8re et fourchette BeWood est sculpt\u00e9e dans une seule pi\u00e8ce de bois d&#8217;olivier italien s\u00e9lectionn\u00e9 avec soin, ce qui garantit une r\u00e9sistance et une durabilit\u00e9 extraordinaires. Le grain naturel du bois rend chaque set unique, enrichissant votre cuisine d&#8217;un design exclusif et authentique.<\/p>\n","protected":false},"featured_media":7274,"template":"","meta":{"_acf_changed":false},"product_brand":[560],"product_cat":[556],"product_tag":[],"class_list":{"0":"post-3573","1":"product","2":"type-product","3":"status-publish","4":"has-post-thumbnail","6":"product_brand-bewood","7":"product_cat-ustensiles-de-cuisine","9":"first","10":"instock","11":"taxable","12":"shipping-taxable","13":"purchasable","14":"product-type-simple"},"acf":[],"yoast_head":"<!-- This site is optimized with the Yoast SEO plugin v27.3 - https:\/\/yoast.com\/product\/yoast-seo-wordpress\/ -->\n<title>Set de cuill\u00e8res et fourchettes en bois d&#039;olivier | FB Kitchenware<\/title>\n<meta name=\"description\" content=\"D\u00e9couvrez le set de cuill\u00e8res et fourchettes en bois d&#039;olivier BeWood : fabriqu\u00e9 \u00e0 la main, durable et id\u00e9al pour servir avec style.\" \/>\n<meta name=\"robots\" content=\"index, follow, max-snippet:-1, max-image-preview:large, max-video-preview:-1\" \/>\n<link rel=\"canonical\" href=\"https:\/\/fb-kitchenware.com\/fr\/negozio\/ustensiles-de-cuisine\/set-de-cuilleres-et-fourchettes-en-bois-dolivier-fb-kitchenware\/\" \/>\n<meta property=\"og:locale\" content=\"fr_FR\" \/>\n<meta property=\"og:type\" content=\"article\" \/>\n<meta property=\"og:title\" content=\"Set de cuill\u00e8res et fourchettes en bois d&#039;olivier | FB Kitchenware\" \/>\n<meta property=\"og:description\" content=\"D\u00e9couvrez le set de cuill\u00e8res et fourchettes en bois d&#039;olivier BeWood : fabriqu\u00e9 \u00e0 la main, durable et id\u00e9al pour servir avec style.\" \/>\n<meta property=\"og:url\" content=\"https:\/\/fb-kitchenware.com\/fr\/negozio\/ustensiles-de-cuisine\/set-de-cuilleres-et-fourchettes-en-bois-dolivier-fb-kitchenware\/\" \/>\n<meta property=\"og:site_name\" content=\"FB Kitchenware\" \/>\n<meta property=\"article:modified_time\" content=\"2025-12-01T00:21:55+00:00\" \/>\n<meta property=\"og:image\" content=\"https:\/\/fb-kitchenware.com\/wp-content\/uploads\/DSC8738-Edit.jpg\" \/>\n\t<meta property=\"og:image:width\" content=\"1920\" \/>\n\t<meta property=\"og:image:height\" content=\"1920\" \/>\n\t<meta property=\"og:image:type\" content=\"image\/jpeg\" \/>\n<meta name=\"twitter:card\" content=\"summary_large_image\" \/>\n<meta name=\"twitter:label1\" content=\"Est. reading time\" \/>\n\t<meta name=\"twitter:data1\" content=\"3 minutes\" \/>\n<script type=\"application\/ld+json\" class=\"yoast-schema-graph\">{\"@context\":\"https:\\\/\\\/schema.org\",\"@graph\":[{\"@type\":\"WebPage\",\"@id\":\"https:\\\/\\\/fb-kitchenware.com\\\/fr\\\/negozio\\\/ustensiles-de-cuisine\\\/set-de-cuilleres-et-fourchettes-en-bois-dolivier-fb-kitchenware\\\/\",\"url\":\"https:\\\/\\\/fb-kitchenware.com\\\/fr\\\/negozio\\\/ustensiles-de-cuisine\\\/set-de-cuilleres-et-fourchettes-en-bois-dolivier-fb-kitchenware\\\/\",\"name\":\"Set de cuill\u00e8res et fourchettes en bois d'olivier | FB Kitchenware\",\"isPartOf\":{\"@id\":\"https:\\\/\\\/fb-kitchenware.com\\\/fr\\\/#website\"},\"primaryImageOfPage\":{\"@id\":\"https:\\\/\\\/fb-kitchenware.com\\\/fr\\\/negozio\\\/ustensiles-de-cuisine\\\/set-de-cuilleres-et-fourchettes-en-bois-dolivier-fb-kitchenware\\\/#primaryimage\"},\"image\":{\"@id\":\"https:\\\/\\\/fb-kitchenware.com\\\/fr\\\/negozio\\\/ustensiles-de-cuisine\\\/set-de-cuilleres-et-fourchettes-en-bois-dolivier-fb-kitchenware\\\/#primaryimage\"},\"thumbnailUrl\":\"https:\\\/\\\/fb-kitchenware.com\\\/wp-content\\\/uploads\\\/DSC8738-Edit-Edit-2.jpg\",\"datePublished\":\"2025-04-30T23:23:17+00:00\",\"dateModified\":\"2025-12-01T00:21:55+00:00\",\"description\":\"D\u00e9couvrez le set de cuill\u00e8res et fourchettes en bois d'olivier BeWood : fabriqu\u00e9 \u00e0 la main, durable et id\u00e9al pour servir avec style.\",\"breadcrumb\":{\"@id\":\"https:\\\/\\\/fb-kitchenware.com\\\/fr\\\/negozio\\\/ustensiles-de-cuisine\\\/set-de-cuilleres-et-fourchettes-en-bois-dolivier-fb-kitchenware\\\/#breadcrumb\"},\"inLanguage\":\"fr-FR\",\"potentialAction\":[{\"@type\":\"ReadAction\",\"target\":[\"https:\\\/\\\/fb-kitchenware.com\\\/fr\\\/negozio\\\/ustensiles-de-cuisine\\\/set-de-cuilleres-et-fourchettes-en-bois-dolivier-fb-kitchenware\\\/\"]}]},{\"@type\":\"ImageObject\",\"inLanguage\":\"fr-FR\",\"@id\":\"https:\\\/\\\/fb-kitchenware.com\\\/fr\\\/negozio\\\/ustensiles-de-cuisine\\\/set-de-cuilleres-et-fourchettes-en-bois-dolivier-fb-kitchenware\\\/#primaryimage\",\"url\":\"https:\\\/\\\/fb-kitchenware.com\\\/wp-content\\\/uploads\\\/DSC8738-Edit-Edit-2.jpg\",\"contentUrl\":\"https:\\\/\\\/fb-kitchenware.com\\\/wp-content\\\/uploads\\\/DSC8738-Edit-Edit-2.jpg\",\"width\":1920,\"height\":1920},{\"@type\":\"BreadcrumbList\",\"@id\":\"https:\\\/\\\/fb-kitchenware.com\\\/fr\\\/negozio\\\/ustensiles-de-cuisine\\\/set-de-cuilleres-et-fourchettes-en-bois-dolivier-fb-kitchenware\\\/#breadcrumb\",\"itemListElement\":[{\"@type\":\"ListItem\",\"position\":1,\"name\":\"Home\",\"item\":\"https:\\\/\\\/fb-kitchenware.com\\\/fr\\\/\"},{\"@type\":\"ListItem\",\"position\":2,\"name\":\"Set de cuill\u00e8res et fourchettes en bois d&#8217;olivier | FB Kitchenware\"}]},{\"@type\":\"WebSite\",\"@id\":\"https:\\\/\\\/fb-kitchenware.com\\\/fr\\\/#website\",\"url\":\"https:\\\/\\\/fb-kitchenware.com\\\/fr\\\/\",\"name\":\"FB Kitchenware\",\"description\":\"\",\"publisher\":{\"@id\":\"https:\\\/\\\/fb-kitchenware.com\\\/fr\\\/#organization\"},\"potentialAction\":[{\"@type\":\"SearchAction\",\"target\":{\"@type\":\"EntryPoint\",\"urlTemplate\":\"https:\\\/\\\/fb-kitchenware.com\\\/fr\\\/?s={search_term_string}\"},\"query-input\":{\"@type\":\"PropertyValueSpecification\",\"valueRequired\":true,\"valueName\":\"search_term_string\"}}],\"inLanguage\":\"fr-FR\"},{\"@type\":\"Organization\",\"@id\":\"https:\\\/\\\/fb-kitchenware.com\\\/fr\\\/#organization\",\"name\":\"FB Kitchenware\",\"url\":\"https:\\\/\\\/fb-kitchenware.com\\\/fr\\\/\",\"logo\":{\"@type\":\"ImageObject\",\"inLanguage\":\"fr-FR\",\"@id\":\"https:\\\/\\\/fb-kitchenware.com\\\/fr\\\/#\\\/schema\\\/logo\\\/image\\\/\",\"url\":\"https:\\\/\\\/fb-kitchenware.com\\\/wp-content\\\/uploads\\\/logo_gold.png\",\"contentUrl\":\"https:\\\/\\\/fb-kitchenware.com\\\/wp-content\\\/uploads\\\/logo_gold.png\",\"width\":900,\"height\":900,\"caption\":\"FB Kitchenware\"},\"image\":{\"@id\":\"https:\\\/\\\/fb-kitchenware.com\\\/fr\\\/#\\\/schema\\\/logo\\\/image\\\/\"}}]}<\/script>\n<!-- \/ Yoast SEO plugin. -->","yoast_head_json":{"title":"Set de cuill\u00e8res et fourchettes en bois d'olivier | FB Kitchenware","description":"D\u00e9couvrez le set de cuill\u00e8res et fourchettes en bois d'olivier BeWood : fabriqu\u00e9 \u00e0 la main, durable et id\u00e9al pour servir avec style.","robots":{"index":"index","follow":"follow","max-snippet":"max-snippet:-1","max-image-preview":"max-image-preview:large","max-video-preview":"max-video-preview:-1"},"canonical":"https:\/\/fb-kitchenware.com\/fr\/negozio\/ustensiles-de-cuisine\/set-de-cuilleres-et-fourchettes-en-bois-dolivier-fb-kitchenware\/","og_locale":"fr_FR","og_type":"article","og_title":"Set de cuill\u00e8res et fourchettes en bois d'olivier | FB Kitchenware","og_description":"D\u00e9couvrez le set de cuill\u00e8res et fourchettes en bois d'olivier BeWood : fabriqu\u00e9 \u00e0 la main, durable et id\u00e9al pour servir avec style.","og_url":"https:\/\/fb-kitchenware.com\/fr\/negozio\/ustensiles-de-cuisine\/set-de-cuilleres-et-fourchettes-en-bois-dolivier-fb-kitchenware\/","og_site_name":"FB Kitchenware","article_modified_time":"2025-12-01T00:21:55+00:00","og_image":[{"width":1920,"height":1920,"url":"https:\/\/fb-kitchenware.com\/wp-content\/uploads\/DSC8738-Edit.jpg","type":"image\/jpeg"}],"twitter_card":"summary_large_image","twitter_misc":{"Est. reading time":"3 minutes"},"schema":{"@context":"https:\/\/schema.org","@graph":[{"@type":"WebPage","@id":"https:\/\/fb-kitchenware.com\/fr\/negozio\/ustensiles-de-cuisine\/set-de-cuilleres-et-fourchettes-en-bois-dolivier-fb-kitchenware\/","url":"https:\/\/fb-kitchenware.com\/fr\/negozio\/ustensiles-de-cuisine\/set-de-cuilleres-et-fourchettes-en-bois-dolivier-fb-kitchenware\/","name":"Set de cuill\u00e8res et fourchettes en bois d'olivier | FB Kitchenware","isPartOf":{"@id":"https:\/\/fb-kitchenware.com\/fr\/#website"},"primaryImageOfPage":{"@id":"https:\/\/fb-kitchenware.com\/fr\/negozio\/ustensiles-de-cuisine\/set-de-cuilleres-et-fourchettes-en-bois-dolivier-fb-kitchenware\/#primaryimage"},"image":{"@id":"https:\/\/fb-kitchenware.com\/fr\/negozio\/ustensiles-de-cuisine\/set-de-cuilleres-et-fourchettes-en-bois-dolivier-fb-kitchenware\/#primaryimage"},"thumbnailUrl":"https:\/\/fb-kitchenware.com\/wp-content\/uploads\/DSC8738-Edit-Edit-2.jpg","datePublished":"2025-04-30T23:23:17+00:00","dateModified":"2025-12-01T00:21:55+00:00","description":"D\u00e9couvrez le set de cuill\u00e8res et fourchettes en bois d'olivier BeWood : fabriqu\u00e9 \u00e0 la main, durable et id\u00e9al pour servir avec style.","breadcrumb":{"@id":"https:\/\/fb-kitchenware.com\/fr\/negozio\/ustensiles-de-cuisine\/set-de-cuilleres-et-fourchettes-en-bois-dolivier-fb-kitchenware\/#breadcrumb"},"inLanguage":"fr-FR","potentialAction":[{"@type":"ReadAction","target":["https:\/\/fb-kitchenware.com\/fr\/negozio\/ustensiles-de-cuisine\/set-de-cuilleres-et-fourchettes-en-bois-dolivier-fb-kitchenware\/"]}]},{"@type":"ImageObject","inLanguage":"fr-FR","@id":"https:\/\/fb-kitchenware.com\/fr\/negozio\/ustensiles-de-cuisine\/set-de-cuilleres-et-fourchettes-en-bois-dolivier-fb-kitchenware\/#primaryimage","url":"https:\/\/fb-kitchenware.com\/wp-content\/uploads\/DSC8738-Edit-Edit-2.jpg","contentUrl":"https:\/\/fb-kitchenware.com\/wp-content\/uploads\/DSC8738-Edit-Edit-2.jpg","width":1920,"height":1920},{"@type":"BreadcrumbList","@id":"https:\/\/fb-kitchenware.com\/fr\/negozio\/ustensiles-de-cuisine\/set-de-cuilleres-et-fourchettes-en-bois-dolivier-fb-kitchenware\/#breadcrumb","itemListElement":[{"@type":"ListItem","position":1,"name":"Home","item":"https:\/\/fb-kitchenware.com\/fr\/"},{"@type":"ListItem","position":2,"name":"Set de cuill\u00e8res et fourchettes en bois d&#8217;olivier | FB Kitchenware"}]},{"@type":"WebSite","@id":"https:\/\/fb-kitchenware.com\/fr\/#website","url":"https:\/\/fb-kitchenware.com\/fr\/","name":"FB Kitchenware","description":"","publisher":{"@id":"https:\/\/fb-kitchenware.com\/fr\/#organization"},"potentialAction":[{"@type":"SearchAction","target":{"@type":"EntryPoint","urlTemplate":"https:\/\/fb-kitchenware.com\/fr\/?s={search_term_string}"},"query-input":{"@type":"PropertyValueSpecification","valueRequired":true,"valueName":"search_term_string"}}],"inLanguage":"fr-FR"},{"@type":"Organization","@id":"https:\/\/fb-kitchenware.com\/fr\/#organization","name":"FB Kitchenware","url":"https:\/\/fb-kitchenware.com\/fr\/","logo":{"@type":"ImageObject","inLanguage":"fr-FR","@id":"https:\/\/fb-kitchenware.com\/fr\/#\/schema\/logo\/image\/","url":"https:\/\/fb-kitchenware.com\/wp-content\/uploads\/logo_gold.png","contentUrl":"https:\/\/fb-kitchenware.com\/wp-content\/uploads\/logo_gold.png","width":900,"height":900,"caption":"FB Kitchenware"},"image":{"@id":"https:\/\/fb-kitchenware.com\/fr\/#\/schema\/logo\/image\/"}}]}},"_links":{"self":[{"href":"https:\/\/fb-kitchenware.com\/fr\/wp-json\/wp\/v2\/product\/3573","targetHints":{"allow":["GET"]}}],"collection":[{"href":"https:\/\/fb-kitchenware.com\/fr\/wp-json\/wp\/v2\/product"}],"about":[{"href":"https:\/\/fb-kitchenware.com\/fr\/wp-json\/wp\/v2\/types\/product"}],"wp:featuredmedia":[{"embeddable":true,"href":"https:\/\/fb-kitchenware.com\/fr\/wp-json\/wp\/v2\/media\/7274"}],"wp:attachment":[{"href":"https:\/\/fb-kitchenware.com\/fr\/wp-json\/wp\/v2\/media?parent=3573"}],"wp:term":[{"taxonomy":"product_brand","embeddable":true,"href":"https:\/\/fb-kitchenware.com\/fr\/wp-json\/wp\/v2\/product_brand?post=3573"},{"taxonomy":"product_cat","embeddable":true,"href":"https:\/\/fb-kitchenware.com\/fr\/wp-json\/wp\/v2\/product_cat?post=3573"},{"taxonomy":"product_tag","embeddable":true,"href":"https:\/\/fb-kitchenware.com\/fr\/wp-json\/wp\/v2\/product_tag?post=3573"}],"curies":[{"name":"wp","href":"https:\/\/api.w.org\/{rel}","templated":true}]}}