{"id":3581,"date":"2025-05-01T01:17:33","date_gmt":"2025-04-30T23:17:33","guid":{"rendered":"https:\/\/fb-kitchenware.com\/negozio\/uncategorized\/excalibur-5-layer-steel-wok-fb-kitchenware\/"},"modified":"2025-11-28T15:36:51","modified_gmt":"2025-11-28T14:36:51","slug":"excalibur-5-layer-steel-wok-fb-kitchenware","status":"publish","type":"product","link":"https:\/\/fb-kitchenware.com\/fr\/negozio\/wok\/excalibur-5-layer-steel-wok-fb-kitchenware\/","title":{"rendered":"Excalibur\u2122 5-layer steel wok | FB Kitchenware"},"content":{"rendered":"","protected":false},"excerpt":{"rendered":"<h3 style=\"text-align: left\" data-start=\"670\" data-end=\"741\">Pr\u00e9cision, durabilit\u00e9, performance des chefs<\/h3>\n<p class=\"\" data-start=\"743\" data-end=\"1179\">Dans le monde des outils de cuisine professionnels, le <strong data-start=\"798\" data-end=\"831\">wok en acier inoxydable Excalibur<\/strong> repr\u00e9sente une r\u00e9f\u00e9rence pour ceux qui recherchent la <strong data-start=\"882\" data-end=\"929\">qualit\u00e9, la durabilit\u00e9 et des performances sup\u00e9rieures.<\/strong> Id\u00e9al pour ceux qui cuisinent avec passion, ce wok associe la <strong data-start=\"989\" data-end=\"1042\">technologie multicouche CLAD (AISI304-ALU-AISI430)<\/strong> au<strong data-start=\"1049\" data-end=\"1085\">rev\u00eatement<\/strong> alv\u00e9olaire<strong data-start=\"1049\" data-end=\"1085\">exclusif Excalibur<\/strong>, pour des r\u00e9sultats toujours excellents, m\u00eame dans les pr\u00e9parations les plus exigeantes. <\/p>\n","protected":false},"featured_media":4900,"template":"","meta":{"_acf_changed":false},"product_brand":[555],"product_cat":[579,644],"product_tag":[],"class_list":{"0":"post-3581","1":"product","2":"type-product","3":"status-publish","4":"has-post-thumbnail","6":"product_brand-excalibur","7":"product_cat-wok","8":"product_cat-fin-de-serie","10":"first","11":"instock","12":"sale","13":"taxable","14":"shipping-taxable","15":"purchasable","16":"product-type-variable"},"acf":[],"yoast_head":"<!-- This site is optimized with the Yoast SEO plugin v27.3 - https:\/\/yoast.com\/product\/yoast-seo-wordpress\/ -->\n<title>Excalibur\u2122 5-layer steel wok | FB Kitchenware%page%%%%.<\/title>\n<meta name=\"description\" content=\"D\u00e9couvrez le wok en acier 5 couches de la collection Excalibur : rev\u00eatement alv\u00e9ol\u00e9 ultra-r\u00e9sistant, antiadh\u00e9sif professionnel, sans PFOA ni nickel.\" \/>\n<meta name=\"robots\" content=\"index, follow, max-snippet:-1, max-image-preview:large, max-video-preview:-1\" \/>\n<link rel=\"canonical\" href=\"https:\/\/fb-kitchenware.com\/fr\/negozio\/wok\/excalibur-5-layer-steel-wok-fb-kitchenware\/\" \/>\n<meta property=\"og:locale\" content=\"fr_FR\" \/>\n<meta property=\"og:type\" content=\"article\" \/>\n<meta property=\"og:title\" content=\"Excalibur\u2122 5-layer steel wok | FB Kitchenware%page%%%%.\" \/>\n<meta property=\"og:description\" content=\"D\u00e9couvrez le wok en acier 5 couches de la collection Excalibur : rev\u00eatement alv\u00e9ol\u00e9 ultra-r\u00e9sistant, antiadh\u00e9sif professionnel, sans PFOA ni nickel.\" \/>\n<meta property=\"og:url\" content=\"https:\/\/fb-kitchenware.com\/fr\/negozio\/wok\/excalibur-5-layer-steel-wok-fb-kitchenware\/\" \/>\n<meta property=\"og:site_name\" content=\"FB Kitchenware\" \/>\n<meta property=\"article:modified_time\" content=\"2025-11-28T14:36:51+00:00\" \/>\n<meta property=\"og:image\" content=\"https:\/\/fb-kitchenware.com\/wp-content\/uploads\/infografiche-da-sito-14.jpg\" \/>\n\t<meta property=\"og:image:width\" content=\"1920\" \/>\n\t<meta property=\"og:image:height\" content=\"1920\" \/>\n\t<meta property=\"og:image:type\" content=\"image\/jpeg\" \/>\n<meta name=\"twitter:card\" content=\"summary_large_image\" \/>\n<script type=\"application\/ld+json\" class=\"yoast-schema-graph\">{\"@context\":\"https:\\\/\\\/schema.org\",\"@graph\":[{\"@type\":\"WebPage\",\"@id\":\"https:\\\/\\\/fb-kitchenware.com\\\/fr\\\/negozio\\\/wok\\\/excalibur-5-layer-steel-wok-fb-kitchenware\\\/\",\"url\":\"https:\\\/\\\/fb-kitchenware.com\\\/fr\\\/negozio\\\/wok\\\/excalibur-5-layer-steel-wok-fb-kitchenware\\\/\",\"name\":\"Excalibur\u2122 5-layer steel wok | FB Kitchenware%page%%%%.\",\"isPartOf\":{\"@id\":\"https:\\\/\\\/fb-kitchenware.com\\\/fr\\\/#website\"},\"primaryImageOfPage\":{\"@id\":\"https:\\\/\\\/fb-kitchenware.com\\\/fr\\\/negozio\\\/wok\\\/excalibur-5-layer-steel-wok-fb-kitchenware\\\/#primaryimage\"},\"image\":{\"@id\":\"https:\\\/\\\/fb-kitchenware.com\\\/fr\\\/negozio\\\/wok\\\/excalibur-5-layer-steel-wok-fb-kitchenware\\\/#primaryimage\"},\"thumbnailUrl\":\"https:\\\/\\\/fb-kitchenware.com\\\/wp-content\\\/uploads\\\/infografiche-da-sito-14.jpg\",\"datePublished\":\"2025-04-30T23:17:33+00:00\",\"dateModified\":\"2025-11-28T14:36:51+00:00\",\"description\":\"D\u00e9couvrez le wok en acier 5 couches de la collection Excalibur : rev\u00eatement alv\u00e9ol\u00e9 ultra-r\u00e9sistant, antiadh\u00e9sif professionnel, sans PFOA ni nickel.\",\"breadcrumb\":{\"@id\":\"https:\\\/\\\/fb-kitchenware.com\\\/fr\\\/negozio\\\/wok\\\/excalibur-5-layer-steel-wok-fb-kitchenware\\\/#breadcrumb\"},\"inLanguage\":\"fr-FR\",\"potentialAction\":[{\"@type\":\"ReadAction\",\"target\":[\"https:\\\/\\\/fb-kitchenware.com\\\/fr\\\/negozio\\\/wok\\\/excalibur-5-layer-steel-wok-fb-kitchenware\\\/\"]}]},{\"@type\":\"ImageObject\",\"inLanguage\":\"fr-FR\",\"@id\":\"https:\\\/\\\/fb-kitchenware.com\\\/fr\\\/negozio\\\/wok\\\/excalibur-5-layer-steel-wok-fb-kitchenware\\\/#primaryimage\",\"url\":\"https:\\\/\\\/fb-kitchenware.com\\\/wp-content\\\/uploads\\\/infografiche-da-sito-14.jpg\",\"contentUrl\":\"https:\\\/\\\/fb-kitchenware.com\\\/wp-content\\\/uploads\\\/infografiche-da-sito-14.jpg\",\"width\":1920,\"height\":1920,\"caption\":\"Wok en acier 5ply avec rev\u00eatement excalibur\"},{\"@type\":\"BreadcrumbList\",\"@id\":\"https:\\\/\\\/fb-kitchenware.com\\\/fr\\\/negozio\\\/wok\\\/excalibur-5-layer-steel-wok-fb-kitchenware\\\/#breadcrumb\",\"itemListElement\":[{\"@type\":\"ListItem\",\"position\":1,\"name\":\"Home\",\"item\":\"https:\\\/\\\/fb-kitchenware.com\\\/fr\\\/\"},{\"@type\":\"ListItem\",\"position\":2,\"name\":\"Excalibur\u2122 5-layer steel wok | FB Kitchenware\"}]},{\"@type\":\"WebSite\",\"@id\":\"https:\\\/\\\/fb-kitchenware.com\\\/fr\\\/#website\",\"url\":\"https:\\\/\\\/fb-kitchenware.com\\\/fr\\\/\",\"name\":\"FB Kitchenware\",\"description\":\"\",\"publisher\":{\"@id\":\"https:\\\/\\\/fb-kitchenware.com\\\/fr\\\/#organization\"},\"potentialAction\":[{\"@type\":\"SearchAction\",\"target\":{\"@type\":\"EntryPoint\",\"urlTemplate\":\"https:\\\/\\\/fb-kitchenware.com\\\/fr\\\/?s={search_term_string}\"},\"query-input\":{\"@type\":\"PropertyValueSpecification\",\"valueRequired\":true,\"valueName\":\"search_term_string\"}}],\"inLanguage\":\"fr-FR\"},{\"@type\":\"Organization\",\"@id\":\"https:\\\/\\\/fb-kitchenware.com\\\/fr\\\/#organization\",\"name\":\"FB Kitchenware\",\"url\":\"https:\\\/\\\/fb-kitchenware.com\\\/fr\\\/\",\"logo\":{\"@type\":\"ImageObject\",\"inLanguage\":\"fr-FR\",\"@id\":\"https:\\\/\\\/fb-kitchenware.com\\\/fr\\\/#\\\/schema\\\/logo\\\/image\\\/\",\"url\":\"https:\\\/\\\/fb-kitchenware.com\\\/wp-content\\\/uploads\\\/logo_gold.png\",\"contentUrl\":\"https:\\\/\\\/fb-kitchenware.com\\\/wp-content\\\/uploads\\\/logo_gold.png\",\"width\":900,\"height\":900,\"caption\":\"FB Kitchenware\"},\"image\":{\"@id\":\"https:\\\/\\\/fb-kitchenware.com\\\/fr\\\/#\\\/schema\\\/logo\\\/image\\\/\"}}]}<\/script>\n<!-- \/ Yoast SEO plugin. -->","yoast_head_json":{"title":"Excalibur\u2122 5-layer steel wok | FB Kitchenware%page%%%%.","description":"D\u00e9couvrez le wok en acier 5 couches de la collection Excalibur : rev\u00eatement alv\u00e9ol\u00e9 ultra-r\u00e9sistant, antiadh\u00e9sif professionnel, sans PFOA ni nickel.","robots":{"index":"index","follow":"follow","max-snippet":"max-snippet:-1","max-image-preview":"max-image-preview:large","max-video-preview":"max-video-preview:-1"},"canonical":"https:\/\/fb-kitchenware.com\/fr\/negozio\/wok\/excalibur-5-layer-steel-wok-fb-kitchenware\/","og_locale":"fr_FR","og_type":"article","og_title":"Excalibur\u2122 5-layer steel wok | FB Kitchenware%page%%%%.","og_description":"D\u00e9couvrez le wok en acier 5 couches de la collection Excalibur : rev\u00eatement alv\u00e9ol\u00e9 ultra-r\u00e9sistant, antiadh\u00e9sif professionnel, sans PFOA ni nickel.","og_url":"https:\/\/fb-kitchenware.com\/fr\/negozio\/wok\/excalibur-5-layer-steel-wok-fb-kitchenware\/","og_site_name":"FB Kitchenware","article_modified_time":"2025-11-28T14:36:51+00:00","og_image":[{"width":1920,"height":1920,"url":"https:\/\/fb-kitchenware.com\/wp-content\/uploads\/infografiche-da-sito-14.jpg","type":"image\/jpeg"}],"twitter_card":"summary_large_image","schema":{"@context":"https:\/\/schema.org","@graph":[{"@type":"WebPage","@id":"https:\/\/fb-kitchenware.com\/fr\/negozio\/wok\/excalibur-5-layer-steel-wok-fb-kitchenware\/","url":"https:\/\/fb-kitchenware.com\/fr\/negozio\/wok\/excalibur-5-layer-steel-wok-fb-kitchenware\/","name":"Excalibur\u2122 5-layer steel wok | FB Kitchenware%page%%%%.","isPartOf":{"@id":"https:\/\/fb-kitchenware.com\/fr\/#website"},"primaryImageOfPage":{"@id":"https:\/\/fb-kitchenware.com\/fr\/negozio\/wok\/excalibur-5-layer-steel-wok-fb-kitchenware\/#primaryimage"},"image":{"@id":"https:\/\/fb-kitchenware.com\/fr\/negozio\/wok\/excalibur-5-layer-steel-wok-fb-kitchenware\/#primaryimage"},"thumbnailUrl":"https:\/\/fb-kitchenware.com\/wp-content\/uploads\/infografiche-da-sito-14.jpg","datePublished":"2025-04-30T23:17:33+00:00","dateModified":"2025-11-28T14:36:51+00:00","description":"D\u00e9couvrez le wok en acier 5 couches de la collection Excalibur : rev\u00eatement alv\u00e9ol\u00e9 ultra-r\u00e9sistant, antiadh\u00e9sif professionnel, sans PFOA ni nickel.","breadcrumb":{"@id":"https:\/\/fb-kitchenware.com\/fr\/negozio\/wok\/excalibur-5-layer-steel-wok-fb-kitchenware\/#breadcrumb"},"inLanguage":"fr-FR","potentialAction":[{"@type":"ReadAction","target":["https:\/\/fb-kitchenware.com\/fr\/negozio\/wok\/excalibur-5-layer-steel-wok-fb-kitchenware\/"]}]},{"@type":"ImageObject","inLanguage":"fr-FR","@id":"https:\/\/fb-kitchenware.com\/fr\/negozio\/wok\/excalibur-5-layer-steel-wok-fb-kitchenware\/#primaryimage","url":"https:\/\/fb-kitchenware.com\/wp-content\/uploads\/infografiche-da-sito-14.jpg","contentUrl":"https:\/\/fb-kitchenware.com\/wp-content\/uploads\/infografiche-da-sito-14.jpg","width":1920,"height":1920,"caption":"Wok en acier 5ply avec rev\u00eatement excalibur"},{"@type":"BreadcrumbList","@id":"https:\/\/fb-kitchenware.com\/fr\/negozio\/wok\/excalibur-5-layer-steel-wok-fb-kitchenware\/#breadcrumb","itemListElement":[{"@type":"ListItem","position":1,"name":"Home","item":"https:\/\/fb-kitchenware.com\/fr\/"},{"@type":"ListItem","position":2,"name":"Excalibur\u2122 5-layer steel wok | FB Kitchenware"}]},{"@type":"WebSite","@id":"https:\/\/fb-kitchenware.com\/fr\/#website","url":"https:\/\/fb-kitchenware.com\/fr\/","name":"FB Kitchenware","description":"","publisher":{"@id":"https:\/\/fb-kitchenware.com\/fr\/#organization"},"potentialAction":[{"@type":"SearchAction","target":{"@type":"EntryPoint","urlTemplate":"https:\/\/fb-kitchenware.com\/fr\/?s={search_term_string}"},"query-input":{"@type":"PropertyValueSpecification","valueRequired":true,"valueName":"search_term_string"}}],"inLanguage":"fr-FR"},{"@type":"Organization","@id":"https:\/\/fb-kitchenware.com\/fr\/#organization","name":"FB Kitchenware","url":"https:\/\/fb-kitchenware.com\/fr\/","logo":{"@type":"ImageObject","inLanguage":"fr-FR","@id":"https:\/\/fb-kitchenware.com\/fr\/#\/schema\/logo\/image\/","url":"https:\/\/fb-kitchenware.com\/wp-content\/uploads\/logo_gold.png","contentUrl":"https:\/\/fb-kitchenware.com\/wp-content\/uploads\/logo_gold.png","width":900,"height":900,"caption":"FB Kitchenware"},"image":{"@id":"https:\/\/fb-kitchenware.com\/fr\/#\/schema\/logo\/image\/"}}]}},"_links":{"self":[{"href":"https:\/\/fb-kitchenware.com\/fr\/wp-json\/wp\/v2\/product\/3581","targetHints":{"allow":["GET"]}}],"collection":[{"href":"https:\/\/fb-kitchenware.com\/fr\/wp-json\/wp\/v2\/product"}],"about":[{"href":"https:\/\/fb-kitchenware.com\/fr\/wp-json\/wp\/v2\/types\/product"}],"wp:featuredmedia":[{"embeddable":true,"href":"https:\/\/fb-kitchenware.com\/fr\/wp-json\/wp\/v2\/media\/4900"}],"wp:attachment":[{"href":"https:\/\/fb-kitchenware.com\/fr\/wp-json\/wp\/v2\/media?parent=3581"}],"wp:term":[{"taxonomy":"product_brand","embeddable":true,"href":"https:\/\/fb-kitchenware.com\/fr\/wp-json\/wp\/v2\/product_brand?post=3581"},{"taxonomy":"product_cat","embeddable":true,"href":"https:\/\/fb-kitchenware.com\/fr\/wp-json\/wp\/v2\/product_cat?post=3581"},{"taxonomy":"product_tag","embeddable":true,"href":"https:\/\/fb-kitchenware.com\/fr\/wp-json\/wp\/v2\/product_tag?post=3581"}],"curies":[{"name":"wp","href":"https:\/\/api.w.org\/{rel}","templated":true}]}}