{"id":3615,"date":"2025-05-01T01:17:33","date_gmt":"2025-04-30T23:17:33","guid":{"rendered":"https:\/\/fb-kitchenware.com\/negozio\/uncategorized\/poele-a-frire-en-acier-a-5-couches-avec-interieur-en-nid-dabeille-fb-kitchenware\/"},"modified":"2025-11-30T01:21:13","modified_gmt":"2025-11-30T00:21:13","slug":"poele-a-frire-en-acier-a-5-couches-avec-interieur-en-nid-dabeille-fb-kitchenware","status":"publish","type":"product","link":"https:\/\/fb-kitchenware.com\/fr\/negozio\/poele-a-frire\/poele-a-frire-en-acier-a-5-couches-avec-interieur-en-nid-dabeille-fb-kitchenware\/","title":{"rendered":"Po\u00eale \u00e0 frire en acier \u00e0 5 couches avec int\u00e9rieur en nid d&#8217;abeille | FB Kitchenware"},"content":{"rendered":"","protected":false},"excerpt":{"rendered":"<h3 style=\"text-align: left\" data-start=\"553\" data-end=\"627\"><strong data-start=\"553\" data-end=\"627\">Performance professionnelle, performance antiadh\u00e9sive sup\u00e9rieure, durabilit\u00e9 exceptionnelle.<\/strong><\/h3>\n<p data-start=\"629\" data-end=\"810\">La po\u00eale \u00e0 frire en acier EXCALIBUR\u2122 est plus qu&#8217;une simple po\u00eale : c&#8217;est un outil de cuisson con\u00e7u pour ceux qui recherchent la qualit\u00e9, la durabilit\u00e9 et les performances d&#8217;un chef dans leur cuisine. Fabriqu\u00e9e avec une structure multicouche CLAD (AISI304 &#8211; Aluminium &#8211; AISI430), cette po\u00eale garantit une r\u00e9partition parfaitement homog\u00e8ne de la chaleur sur toute la surface. Le c\u0153ur en aluminium est enferm\u00e9 entre deux couches d&#8217;acier inoxydable pour une efficacit\u00e9 thermique impeccable et une durabilit\u00e9 sup\u00e9rieure.  <\/p>\n","protected":false},"featured_media":4903,"template":"","meta":{"_acf_changed":false},"product_brand":[555],"product_cat":[514,644],"product_tag":[],"class_list":{"0":"post-3615","1":"product","2":"type-product","3":"status-publish","4":"has-post-thumbnail","6":"product_brand-excalibur","7":"product_cat-poele-a-frire","8":"product_cat-fin-de-serie","10":"first","11":"instock","12":"sale","13":"taxable","14":"shipping-taxable","15":"purchasable","16":"product-type-variable"},"acf":[],"yoast_head":"<!-- This site is optimized with the Yoast SEO plugin v27.3 - https:\/\/yoast.com\/product\/yoast-seo-wordpress\/ -->\n<title>Po\u00eale \u00e0 frire en acier \u00e0 5 couches EXCALIBUR\u2122<\/title>\n<meta name=\"description\" content=\"D\u00e9couvrez la po\u00eale en acier inoxydable EXCALIBUR\u2122 \u00e0 5 couches avec rev\u00eatement nid d&#039;abeille EXCALIBUR\u2122. Une grande durabilit\u00e9, une anti-adh\u00e9rence extr\u00eame et une cuisson homog\u00e8ne.\" \/>\n<meta name=\"robots\" content=\"index, follow, max-snippet:-1, max-image-preview:large, max-video-preview:-1\" \/>\n<link rel=\"canonical\" href=\"https:\/\/fb-kitchenware.com\/fr\/negozio\/poele-a-frire\/poele-a-frire-en-acier-a-5-couches-avec-interieur-en-nid-dabeille-fb-kitchenware\/\" \/>\n<meta property=\"og:locale\" content=\"fr_FR\" \/>\n<meta property=\"og:type\" content=\"article\" \/>\n<meta property=\"og:title\" content=\"Po\u00eale \u00e0 frire en acier \u00e0 5 couches EXCALIBUR\u2122\" \/>\n<meta property=\"og:description\" content=\"D\u00e9couvrez la po\u00eale en acier inoxydable EXCALIBUR\u2122 \u00e0 5 couches avec rev\u00eatement nid d&#039;abeille EXCALIBUR\u2122. Une grande durabilit\u00e9, une anti-adh\u00e9rence extr\u00eame et une cuisson homog\u00e8ne.\" \/>\n<meta property=\"og:url\" content=\"https:\/\/fb-kitchenware.com\/fr\/negozio\/poele-a-frire\/poele-a-frire-en-acier-a-5-couches-avec-interieur-en-nid-dabeille-fb-kitchenware\/\" \/>\n<meta property=\"og:site_name\" content=\"FB Kitchenware\" \/>\n<meta property=\"article:modified_time\" content=\"2025-11-30T00:21:13+00:00\" \/>\n<meta property=\"og:image\" content=\"https:\/\/fb-kitchenware.com\/wp-content\/uploads\/infografiche-da-sito-03.jpg\" \/>\n\t<meta property=\"og:image:width\" content=\"1920\" \/>\n\t<meta property=\"og:image:height\" content=\"1920\" \/>\n\t<meta property=\"og:image:type\" content=\"image\/jpeg\" \/>\n<meta name=\"twitter:card\" content=\"summary_large_image\" \/>\n<script type=\"application\/ld+json\" class=\"yoast-schema-graph\">{\"@context\":\"https:\\\/\\\/schema.org\",\"@graph\":[{\"@type\":\"WebPage\",\"@id\":\"https:\\\/\\\/fb-kitchenware.com\\\/fr\\\/negozio\\\/poele-a-frire\\\/poele-a-frire-en-acier-a-5-couches-avec-interieur-en-nid-dabeille-fb-kitchenware\\\/\",\"url\":\"https:\\\/\\\/fb-kitchenware.com\\\/fr\\\/negozio\\\/poele-a-frire\\\/poele-a-frire-en-acier-a-5-couches-avec-interieur-en-nid-dabeille-fb-kitchenware\\\/\",\"name\":\"Po\u00eale \u00e0 frire en acier \u00e0 5 couches EXCALIBUR\u2122\",\"isPartOf\":{\"@id\":\"https:\\\/\\\/fb-kitchenware.com\\\/fr\\\/#website\"},\"primaryImageOfPage\":{\"@id\":\"https:\\\/\\\/fb-kitchenware.com\\\/fr\\\/negozio\\\/poele-a-frire\\\/poele-a-frire-en-acier-a-5-couches-avec-interieur-en-nid-dabeille-fb-kitchenware\\\/#primaryimage\"},\"image\":{\"@id\":\"https:\\\/\\\/fb-kitchenware.com\\\/fr\\\/negozio\\\/poele-a-frire\\\/poele-a-frire-en-acier-a-5-couches-avec-interieur-en-nid-dabeille-fb-kitchenware\\\/#primaryimage\"},\"thumbnailUrl\":\"https:\\\/\\\/fb-kitchenware.com\\\/wp-content\\\/uploads\\\/infografiche-da-sito-03.jpg\",\"datePublished\":\"2025-04-30T23:17:33+00:00\",\"dateModified\":\"2025-11-30T00:21:13+00:00\",\"description\":\"D\u00e9couvrez la po\u00eale en acier inoxydable EXCALIBUR\u2122 \u00e0 5 couches avec rev\u00eatement nid d'abeille EXCALIBUR\u2122. Une grande durabilit\u00e9, une anti-adh\u00e9rence extr\u00eame et une cuisson homog\u00e8ne.\",\"breadcrumb\":{\"@id\":\"https:\\\/\\\/fb-kitchenware.com\\\/fr\\\/negozio\\\/poele-a-frire\\\/poele-a-frire-en-acier-a-5-couches-avec-interieur-en-nid-dabeille-fb-kitchenware\\\/#breadcrumb\"},\"inLanguage\":\"fr-FR\",\"potentialAction\":[{\"@type\":\"ReadAction\",\"target\":[\"https:\\\/\\\/fb-kitchenware.com\\\/fr\\\/negozio\\\/poele-a-frire\\\/poele-a-frire-en-acier-a-5-couches-avec-interieur-en-nid-dabeille-fb-kitchenware\\\/\"]}]},{\"@type\":\"ImageObject\",\"inLanguage\":\"fr-FR\",\"@id\":\"https:\\\/\\\/fb-kitchenware.com\\\/fr\\\/negozio\\\/poele-a-frire\\\/poele-a-frire-en-acier-a-5-couches-avec-interieur-en-nid-dabeille-fb-kitchenware\\\/#primaryimage\",\"url\":\"https:\\\/\\\/fb-kitchenware.com\\\/wp-content\\\/uploads\\\/infografiche-da-sito-03.jpg\",\"contentUrl\":\"https:\\\/\\\/fb-kitchenware.com\\\/wp-content\\\/uploads\\\/infografiche-da-sito-03.jpg\",\"width\":1920,\"height\":1920,\"caption\":\"padella in acciaio inox 5ply rivestimento excalibur\"},{\"@type\":\"BreadcrumbList\",\"@id\":\"https:\\\/\\\/fb-kitchenware.com\\\/fr\\\/negozio\\\/poele-a-frire\\\/poele-a-frire-en-acier-a-5-couches-avec-interieur-en-nid-dabeille-fb-kitchenware\\\/#breadcrumb\",\"itemListElement\":[{\"@type\":\"ListItem\",\"position\":1,\"name\":\"Home\",\"item\":\"https:\\\/\\\/fb-kitchenware.com\\\/fr\\\/\"},{\"@type\":\"ListItem\",\"position\":2,\"name\":\"Po\u00eale \u00e0 frire en acier \u00e0 5 couches avec int\u00e9rieur en nid d&#8217;abeille | FB Kitchenware\"}]},{\"@type\":\"WebSite\",\"@id\":\"https:\\\/\\\/fb-kitchenware.com\\\/fr\\\/#website\",\"url\":\"https:\\\/\\\/fb-kitchenware.com\\\/fr\\\/\",\"name\":\"FB Kitchenware\",\"description\":\"\",\"publisher\":{\"@id\":\"https:\\\/\\\/fb-kitchenware.com\\\/fr\\\/#organization\"},\"potentialAction\":[{\"@type\":\"SearchAction\",\"target\":{\"@type\":\"EntryPoint\",\"urlTemplate\":\"https:\\\/\\\/fb-kitchenware.com\\\/fr\\\/?s={search_term_string}\"},\"query-input\":{\"@type\":\"PropertyValueSpecification\",\"valueRequired\":true,\"valueName\":\"search_term_string\"}}],\"inLanguage\":\"fr-FR\"},{\"@type\":\"Organization\",\"@id\":\"https:\\\/\\\/fb-kitchenware.com\\\/fr\\\/#organization\",\"name\":\"FB Kitchenware\",\"url\":\"https:\\\/\\\/fb-kitchenware.com\\\/fr\\\/\",\"logo\":{\"@type\":\"ImageObject\",\"inLanguage\":\"fr-FR\",\"@id\":\"https:\\\/\\\/fb-kitchenware.com\\\/fr\\\/#\\\/schema\\\/logo\\\/image\\\/\",\"url\":\"https:\\\/\\\/fb-kitchenware.com\\\/wp-content\\\/uploads\\\/logo_gold.png\",\"contentUrl\":\"https:\\\/\\\/fb-kitchenware.com\\\/wp-content\\\/uploads\\\/logo_gold.png\",\"width\":900,\"height\":900,\"caption\":\"FB Kitchenware\"},\"image\":{\"@id\":\"https:\\\/\\\/fb-kitchenware.com\\\/fr\\\/#\\\/schema\\\/logo\\\/image\\\/\"}}]}<\/script>\n<!-- \/ Yoast SEO plugin. -->","yoast_head_json":{"title":"Po\u00eale \u00e0 frire en acier \u00e0 5 couches EXCALIBUR\u2122","description":"D\u00e9couvrez la po\u00eale en acier inoxydable EXCALIBUR\u2122 \u00e0 5 couches avec rev\u00eatement nid d'abeille EXCALIBUR\u2122. Une grande durabilit\u00e9, une anti-adh\u00e9rence extr\u00eame et une cuisson homog\u00e8ne.","robots":{"index":"index","follow":"follow","max-snippet":"max-snippet:-1","max-image-preview":"max-image-preview:large","max-video-preview":"max-video-preview:-1"},"canonical":"https:\/\/fb-kitchenware.com\/fr\/negozio\/poele-a-frire\/poele-a-frire-en-acier-a-5-couches-avec-interieur-en-nid-dabeille-fb-kitchenware\/","og_locale":"fr_FR","og_type":"article","og_title":"Po\u00eale \u00e0 frire en acier \u00e0 5 couches EXCALIBUR\u2122","og_description":"D\u00e9couvrez la po\u00eale en acier inoxydable EXCALIBUR\u2122 \u00e0 5 couches avec rev\u00eatement nid d'abeille EXCALIBUR\u2122. Une grande durabilit\u00e9, une anti-adh\u00e9rence extr\u00eame et une cuisson homog\u00e8ne.","og_url":"https:\/\/fb-kitchenware.com\/fr\/negozio\/poele-a-frire\/poele-a-frire-en-acier-a-5-couches-avec-interieur-en-nid-dabeille-fb-kitchenware\/","og_site_name":"FB Kitchenware","article_modified_time":"2025-11-30T00:21:13+00:00","og_image":[{"width":1920,"height":1920,"url":"https:\/\/fb-kitchenware.com\/wp-content\/uploads\/infografiche-da-sito-03.jpg","type":"image\/jpeg"}],"twitter_card":"summary_large_image","schema":{"@context":"https:\/\/schema.org","@graph":[{"@type":"WebPage","@id":"https:\/\/fb-kitchenware.com\/fr\/negozio\/poele-a-frire\/poele-a-frire-en-acier-a-5-couches-avec-interieur-en-nid-dabeille-fb-kitchenware\/","url":"https:\/\/fb-kitchenware.com\/fr\/negozio\/poele-a-frire\/poele-a-frire-en-acier-a-5-couches-avec-interieur-en-nid-dabeille-fb-kitchenware\/","name":"Po\u00eale \u00e0 frire en acier \u00e0 5 couches EXCALIBUR\u2122","isPartOf":{"@id":"https:\/\/fb-kitchenware.com\/fr\/#website"},"primaryImageOfPage":{"@id":"https:\/\/fb-kitchenware.com\/fr\/negozio\/poele-a-frire\/poele-a-frire-en-acier-a-5-couches-avec-interieur-en-nid-dabeille-fb-kitchenware\/#primaryimage"},"image":{"@id":"https:\/\/fb-kitchenware.com\/fr\/negozio\/poele-a-frire\/poele-a-frire-en-acier-a-5-couches-avec-interieur-en-nid-dabeille-fb-kitchenware\/#primaryimage"},"thumbnailUrl":"https:\/\/fb-kitchenware.com\/wp-content\/uploads\/infografiche-da-sito-03.jpg","datePublished":"2025-04-30T23:17:33+00:00","dateModified":"2025-11-30T00:21:13+00:00","description":"D\u00e9couvrez la po\u00eale en acier inoxydable EXCALIBUR\u2122 \u00e0 5 couches avec rev\u00eatement nid d'abeille EXCALIBUR\u2122. Une grande durabilit\u00e9, une anti-adh\u00e9rence extr\u00eame et une cuisson homog\u00e8ne.","breadcrumb":{"@id":"https:\/\/fb-kitchenware.com\/fr\/negozio\/poele-a-frire\/poele-a-frire-en-acier-a-5-couches-avec-interieur-en-nid-dabeille-fb-kitchenware\/#breadcrumb"},"inLanguage":"fr-FR","potentialAction":[{"@type":"ReadAction","target":["https:\/\/fb-kitchenware.com\/fr\/negozio\/poele-a-frire\/poele-a-frire-en-acier-a-5-couches-avec-interieur-en-nid-dabeille-fb-kitchenware\/"]}]},{"@type":"ImageObject","inLanguage":"fr-FR","@id":"https:\/\/fb-kitchenware.com\/fr\/negozio\/poele-a-frire\/poele-a-frire-en-acier-a-5-couches-avec-interieur-en-nid-dabeille-fb-kitchenware\/#primaryimage","url":"https:\/\/fb-kitchenware.com\/wp-content\/uploads\/infografiche-da-sito-03.jpg","contentUrl":"https:\/\/fb-kitchenware.com\/wp-content\/uploads\/infografiche-da-sito-03.jpg","width":1920,"height":1920,"caption":"padella in acciaio inox 5ply rivestimento excalibur"},{"@type":"BreadcrumbList","@id":"https:\/\/fb-kitchenware.com\/fr\/negozio\/poele-a-frire\/poele-a-frire-en-acier-a-5-couches-avec-interieur-en-nid-dabeille-fb-kitchenware\/#breadcrumb","itemListElement":[{"@type":"ListItem","position":1,"name":"Home","item":"https:\/\/fb-kitchenware.com\/fr\/"},{"@type":"ListItem","position":2,"name":"Po\u00eale \u00e0 frire en acier \u00e0 5 couches avec int\u00e9rieur en nid d&#8217;abeille | FB Kitchenware"}]},{"@type":"WebSite","@id":"https:\/\/fb-kitchenware.com\/fr\/#website","url":"https:\/\/fb-kitchenware.com\/fr\/","name":"FB Kitchenware","description":"","publisher":{"@id":"https:\/\/fb-kitchenware.com\/fr\/#organization"},"potentialAction":[{"@type":"SearchAction","target":{"@type":"EntryPoint","urlTemplate":"https:\/\/fb-kitchenware.com\/fr\/?s={search_term_string}"},"query-input":{"@type":"PropertyValueSpecification","valueRequired":true,"valueName":"search_term_string"}}],"inLanguage":"fr-FR"},{"@type":"Organization","@id":"https:\/\/fb-kitchenware.com\/fr\/#organization","name":"FB Kitchenware","url":"https:\/\/fb-kitchenware.com\/fr\/","logo":{"@type":"ImageObject","inLanguage":"fr-FR","@id":"https:\/\/fb-kitchenware.com\/fr\/#\/schema\/logo\/image\/","url":"https:\/\/fb-kitchenware.com\/wp-content\/uploads\/logo_gold.png","contentUrl":"https:\/\/fb-kitchenware.com\/wp-content\/uploads\/logo_gold.png","width":900,"height":900,"caption":"FB Kitchenware"},"image":{"@id":"https:\/\/fb-kitchenware.com\/fr\/#\/schema\/logo\/image\/"}}]}},"_links":{"self":[{"href":"https:\/\/fb-kitchenware.com\/fr\/wp-json\/wp\/v2\/product\/3615","targetHints":{"allow":["GET"]}}],"collection":[{"href":"https:\/\/fb-kitchenware.com\/fr\/wp-json\/wp\/v2\/product"}],"about":[{"href":"https:\/\/fb-kitchenware.com\/fr\/wp-json\/wp\/v2\/types\/product"}],"wp:featuredmedia":[{"embeddable":true,"href":"https:\/\/fb-kitchenware.com\/fr\/wp-json\/wp\/v2\/media\/4903"}],"wp:attachment":[{"href":"https:\/\/fb-kitchenware.com\/fr\/wp-json\/wp\/v2\/media?parent=3615"}],"wp:term":[{"taxonomy":"product_brand","embeddable":true,"href":"https:\/\/fb-kitchenware.com\/fr\/wp-json\/wp\/v2\/product_brand?post=3615"},{"taxonomy":"product_cat","embeddable":true,"href":"https:\/\/fb-kitchenware.com\/fr\/wp-json\/wp\/v2\/product_cat?post=3615"},{"taxonomy":"product_tag","embeddable":true,"href":"https:\/\/fb-kitchenware.com\/fr\/wp-json\/wp\/v2\/product_tag?post=3615"}],"curies":[{"name":"wp","href":"https:\/\/api.w.org\/{rel}","templated":true}]}}