{"id":3688,"date":"2025-05-01T01:17:10","date_gmt":"2025-04-30T23:17:10","guid":{"rendered":"https:\/\/fb-kitchenware.com\/negozio\/uncategorized\/poele-a-frire-en-fer-besteel-de-25-mm-avec-poignee-satinee-fb-kitchenware\/"},"modified":"2025-12-04T22:13:25","modified_gmt":"2025-12-04T21:13:25","slug":"poele-a-frire-en-fer-besteel-de-25-mm-avec-poignee-satinee-fb-kitchenware","status":"publish","type":"product","link":"https:\/\/fb-kitchenware.com\/fr\/negozio\/poele-a-frire\/poele-a-frire-en-fer-besteel-de-25-mm-avec-poignee-satinee-fb-kitchenware\/","title":{"rendered":"Po\u00eale \u00e0 frire en fer BeSteel\u2122 de 2,5 mm avec poign\u00e9e satin\u00e9e | FB Kitchenware"},"content":{"rendered":"<h3 data-start=\"655\" data-end=\"719\"><strong data-start=\"659\" data-end=\"719\">Authenticit\u00e9, durabilit\u00e9 et go\u00fbt naturel dans chaque cuisson<\/strong><\/h3>\n<p data-start=\"721\" data-end=\"1263\">La <strong data-start=\"724\" data-end=\"779\">po\u00eale \u00e0 frire en fer BeSteel 2,5 mm avec poign\u00e9e satin\u00e9e<\/strong> est con\u00e7ue pour ceux qui recherchent une exp\u00e9rience culinaire authentique, professionnelle et durable. Fabriqu\u00e9e en <strong data-start=\"882\" data-end=\"905\">fer 100 % naturel<\/strong>, elle est id\u00e9ale pour griller, dorer et rehausser la saveur originale des aliments. Gr\u00e2ce \u00e0 son \u00e9paisseur de 2,5 mm, elle garantit une r\u00e9partition uniforme de la chaleur et des performances constantes dans le temps. Sans rev\u00eatement chimique ni mat\u00e9riaux nocifs, cette po\u00eale repose uniquement sur la qualit\u00e9 du fer et sur un traitement naturel \u00e0 base d&#8217;huile qui s&#8217;am\u00e9liore avec l&#8217;usage.   <\/p>\n<h4 data-start=\"1265\" data-end=\"1321\"><\/h4>\n","protected":false},"excerpt":{"rendered":"<h3 class=\"\" style=\"text-align: left;\" data-start=\"655\" data-end=\"719\"><strong data-start=\"659\" data-end=\"719\">Authenticit\u00e9, durabilit\u00e9 et go\u00fbt naturel dans chaque cuisson<\/strong><\/h3>\n<p class=\"\" data-start=\"245\" data-end=\"770\">La <strong data-start=\"248\" data-end=\"303\">po\u00eale \u00e0 frire en fer BeSteel 2,5 mm avec manche satin\u00e9<\/strong> est le choix id\u00e9al pour tous ceux qui recherchent un outil de cuisine naturel, durable et performant. Compos\u00e9e \u00e0 <g id=\"gid_1\">99,45 % de fer min\u00e9ral naturel<\/g>, elle est exempte de tout rev\u00eatement chimique et con\u00e7ue pour vous accompagner pendant des ann\u00e9es dans la cuisine, en s&#8217;am\u00e9liorant \u00e0 chaque utilisation. Contrairement aux po\u00eales \u00e0 frire antiadh\u00e9sives ordinaires, qui perdent de leur efficacit\u00e9 avec le temps, cette po\u00eale <strong data-start=\"678\" data-end=\"712\">devient de<\/strong> plus en plus performante : plus vous l&#8217;utilisez, plus elle devient fonc\u00e9e et moins les aliments y adh\u00e8rent.  <\/p>\n<p class=\"\" data-start=\"772\" data-end=\"1310\">Le fer est l&#8217;un des mat\u00e9riaux les plus appr\u00e9ci\u00e9s des cuisiniers professionnels et des passionn\u00e9s pour une raison simple : <strong data-start=\"882\" data-end=\"937\">il garantit une cuisson puissante, s\u00e8che et savoureuse<\/strong>. La po\u00eale \u00e0 frire en fer BeSteel vous permet d&#8217;<strong data-start=\"979\" data-end=\"1025\">atteindre des temp\u00e9ratures \u00e9lev\u00e9es en peu de temps<\/strong>, ce qui la rend parfaite pour griller la viande, cuire des steaks croustillants \u00e0 l&#8217;ext\u00e9rieur et juteux \u00e0 l&#8217;int\u00e9rieur, ou pour obtenir un brunissement impeccable des l\u00e9gumes et du poisson. Et tout cela sans compromettre les propri\u00e9t\u00e9s nutritionnelles des aliments, gr\u00e2ce \u00e0 une transmission uniforme et stable de la chaleur.  <\/p>\n<h4 class=\"\" style=\"text-align: left;\" data-start=\"1780\" data-end=\"1815\"><strong data-start=\"1785\" data-end=\"1815\">Ce que le paquet comprend<\/strong><\/h4>\n<ul>\n<li data-start=\"1818\" data-end=\"1895\">1 po\u00eale \u00e0 frire BeSteel 2,5 mm (disponible dans les diam\u00e8tres 20, 22, 24, 26 et 28 cm)<\/li>\n<li>1 sac \u00e0 poussi\u00e8re<\/li>\n<li>1 manuel d&#8217;utilisation, d&#8217;entretien et de maintenance<\/li>\n<\/ul>\n<h4 class=\"\" style=\"text-align: left;\" data-start=\"1265\" data-end=\"1321\"><\/h4>\n","protected":false},"featured_media":7673,"template":"","meta":{"_acf_changed":false},"product_brand":[513],"product_cat":[514],"product_tag":[],"class_list":{"0":"post-3688","1":"product","2":"type-product","3":"status-publish","4":"has-post-thumbnail","6":"product_brand-besteel","7":"product_cat-poele-a-frire","9":"first","10":"instock","11":"taxable","12":"shipping-taxable","13":"purchasable","14":"product-type-variable"},"acf":[],"yoast_head":"<!-- This site is optimized with the Yoast SEO plugin v27.3 - https:\/\/yoast.com\/product\/yoast-seo-wordpress\/ -->\n<title>Po\u00eale \u00e0 frire en fer BeSteel avec manche satin\u00e9 | FB Kitchenware<\/title>\n<meta name=\"description\" content=\"D\u00e9couvrez la po\u00eale \u00e0 frire en fer BeSteel 2,5 mm avec poign\u00e9e satin\u00e9e : naturelle, sans rev\u00eatement chimique, parfaite pour les steaks et les grillades.\" \/>\n<meta name=\"robots\" content=\"index, follow, max-snippet:-1, max-image-preview:large, max-video-preview:-1\" \/>\n<link rel=\"canonical\" href=\"https:\/\/fb-kitchenware.com\/fr\/negozio\/poele-a-frire\/poele-a-frire-en-fer-besteel-de-25-mm-avec-poignee-satinee-fb-kitchenware\/\" \/>\n<meta property=\"og:locale\" content=\"fr_FR\" \/>\n<meta property=\"og:type\" content=\"article\" \/>\n<meta property=\"og:title\" content=\"Po\u00eale \u00e0 frire en fer BeSteel avec manche satin\u00e9 | FB Kitchenware\" \/>\n<meta property=\"og:description\" content=\"D\u00e9couvrez la po\u00eale \u00e0 frire en fer BeSteel 2,5 mm avec poign\u00e9e satin\u00e9e : naturelle, sans rev\u00eatement chimique, parfaite pour les steaks et les grillades.\" \/>\n<meta property=\"og:url\" content=\"https:\/\/fb-kitchenware.com\/fr\/negozio\/poele-a-frire\/poele-a-frire-en-fer-besteel-de-25-mm-avec-poignee-satinee-fb-kitchenware\/\" \/>\n<meta property=\"og:site_name\" content=\"FB Kitchenware\" \/>\n<meta property=\"article:modified_time\" content=\"2025-12-04T21:13:25+00:00\" \/>\n<meta property=\"og:image\" content=\"https:\/\/fb-kitchenware.com\/wp-content\/uploads\/fb-kitchenware-Immagine-11-prodotti-7.png\" \/>\n\t<meta property=\"og:image:width\" content=\"1920\" \/>\n\t<meta property=\"og:image:height\" content=\"1920\" \/>\n\t<meta property=\"og:image:type\" content=\"image\/png\" \/>\n<meta name=\"twitter:card\" content=\"summary_large_image\" \/>\n<meta name=\"twitter:label1\" content=\"Est. reading time\" \/>\n\t<meta name=\"twitter:data1\" content=\"1 minute\" \/>\n<script type=\"application\/ld+json\" class=\"yoast-schema-graph\">{\"@context\":\"https:\\\/\\\/schema.org\",\"@graph\":[{\"@type\":\"WebPage\",\"@id\":\"https:\\\/\\\/fb-kitchenware.com\\\/fr\\\/negozio\\\/poele-a-frire\\\/poele-a-frire-en-fer-besteel-de-25-mm-avec-poignee-satinee-fb-kitchenware\\\/\",\"url\":\"https:\\\/\\\/fb-kitchenware.com\\\/fr\\\/negozio\\\/poele-a-frire\\\/poele-a-frire-en-fer-besteel-de-25-mm-avec-poignee-satinee-fb-kitchenware\\\/\",\"name\":\"Po\u00eale \u00e0 frire en fer BeSteel avec manche satin\u00e9 | FB Kitchenware\",\"isPartOf\":{\"@id\":\"https:\\\/\\\/fb-kitchenware.com\\\/fr\\\/#website\"},\"primaryImageOfPage\":{\"@id\":\"https:\\\/\\\/fb-kitchenware.com\\\/fr\\\/negozio\\\/poele-a-frire\\\/poele-a-frire-en-fer-besteel-de-25-mm-avec-poignee-satinee-fb-kitchenware\\\/#primaryimage\"},\"image\":{\"@id\":\"https:\\\/\\\/fb-kitchenware.com\\\/fr\\\/negozio\\\/poele-a-frire\\\/poele-a-frire-en-fer-besteel-de-25-mm-avec-poignee-satinee-fb-kitchenware\\\/#primaryimage\"},\"thumbnailUrl\":\"https:\\\/\\\/fb-kitchenware.com\\\/wp-content\\\/uploads\\\/Tavola-disegno-10.png\",\"datePublished\":\"2025-04-30T23:17:10+00:00\",\"dateModified\":\"2025-12-04T21:13:25+00:00\",\"description\":\"D\u00e9couvrez la po\u00eale \u00e0 frire en fer BeSteel 2,5 mm avec poign\u00e9e satin\u00e9e : naturelle, sans rev\u00eatement chimique, parfaite pour les steaks et les grillades.\",\"breadcrumb\":{\"@id\":\"https:\\\/\\\/fb-kitchenware.com\\\/fr\\\/negozio\\\/poele-a-frire\\\/poele-a-frire-en-fer-besteel-de-25-mm-avec-poignee-satinee-fb-kitchenware\\\/#breadcrumb\"},\"inLanguage\":\"fr-FR\",\"potentialAction\":[{\"@type\":\"ReadAction\",\"target\":[\"https:\\\/\\\/fb-kitchenware.com\\\/fr\\\/negozio\\\/poele-a-frire\\\/poele-a-frire-en-fer-besteel-de-25-mm-avec-poignee-satinee-fb-kitchenware\\\/\"]}]},{\"@type\":\"ImageObject\",\"inLanguage\":\"fr-FR\",\"@id\":\"https:\\\/\\\/fb-kitchenware.com\\\/fr\\\/negozio\\\/poele-a-frire\\\/poele-a-frire-en-fer-besteel-de-25-mm-avec-poignee-satinee-fb-kitchenware\\\/#primaryimage\",\"url\":\"https:\\\/\\\/fb-kitchenware.com\\\/wp-content\\\/uploads\\\/Tavola-disegno-10.png\",\"contentUrl\":\"https:\\\/\\\/fb-kitchenware.com\\\/wp-content\\\/uploads\\\/Tavola-disegno-10.png\",\"width\":596,\"height\":596},{\"@type\":\"BreadcrumbList\",\"@id\":\"https:\\\/\\\/fb-kitchenware.com\\\/fr\\\/negozio\\\/poele-a-frire\\\/poele-a-frire-en-fer-besteel-de-25-mm-avec-poignee-satinee-fb-kitchenware\\\/#breadcrumb\",\"itemListElement\":[{\"@type\":\"ListItem\",\"position\":1,\"name\":\"Home\",\"item\":\"https:\\\/\\\/fb-kitchenware.com\\\/fr\\\/\"},{\"@type\":\"ListItem\",\"position\":2,\"name\":\"Po\u00eale \u00e0 frire en fer BeSteel\u2122 de 2,5 mm avec poign\u00e9e satin\u00e9e | FB Kitchenware\"}]},{\"@type\":\"WebSite\",\"@id\":\"https:\\\/\\\/fb-kitchenware.com\\\/fr\\\/#website\",\"url\":\"https:\\\/\\\/fb-kitchenware.com\\\/fr\\\/\",\"name\":\"FB Kitchenware\",\"description\":\"\",\"publisher\":{\"@id\":\"https:\\\/\\\/fb-kitchenware.com\\\/fr\\\/#organization\"},\"potentialAction\":[{\"@type\":\"SearchAction\",\"target\":{\"@type\":\"EntryPoint\",\"urlTemplate\":\"https:\\\/\\\/fb-kitchenware.com\\\/fr\\\/?s={search_term_string}\"},\"query-input\":{\"@type\":\"PropertyValueSpecification\",\"valueRequired\":true,\"valueName\":\"search_term_string\"}}],\"inLanguage\":\"fr-FR\"},{\"@type\":\"Organization\",\"@id\":\"https:\\\/\\\/fb-kitchenware.com\\\/fr\\\/#organization\",\"name\":\"FB Kitchenware\",\"url\":\"https:\\\/\\\/fb-kitchenware.com\\\/fr\\\/\",\"logo\":{\"@type\":\"ImageObject\",\"inLanguage\":\"fr-FR\",\"@id\":\"https:\\\/\\\/fb-kitchenware.com\\\/fr\\\/#\\\/schema\\\/logo\\\/image\\\/\",\"url\":\"https:\\\/\\\/fb-kitchenware.com\\\/wp-content\\\/uploads\\\/logo_gold.png\",\"contentUrl\":\"https:\\\/\\\/fb-kitchenware.com\\\/wp-content\\\/uploads\\\/logo_gold.png\",\"width\":900,\"height\":900,\"caption\":\"FB Kitchenware\"},\"image\":{\"@id\":\"https:\\\/\\\/fb-kitchenware.com\\\/fr\\\/#\\\/schema\\\/logo\\\/image\\\/\"}}]}<\/script>\n<!-- \/ Yoast SEO plugin. -->","yoast_head_json":{"title":"Po\u00eale \u00e0 frire en fer BeSteel avec manche satin\u00e9 | FB Kitchenware","description":"D\u00e9couvrez la po\u00eale \u00e0 frire en fer BeSteel 2,5 mm avec poign\u00e9e satin\u00e9e : naturelle, sans rev\u00eatement chimique, parfaite pour les steaks et les grillades.","robots":{"index":"index","follow":"follow","max-snippet":"max-snippet:-1","max-image-preview":"max-image-preview:large","max-video-preview":"max-video-preview:-1"},"canonical":"https:\/\/fb-kitchenware.com\/fr\/negozio\/poele-a-frire\/poele-a-frire-en-fer-besteel-de-25-mm-avec-poignee-satinee-fb-kitchenware\/","og_locale":"fr_FR","og_type":"article","og_title":"Po\u00eale \u00e0 frire en fer BeSteel avec manche satin\u00e9 | FB Kitchenware","og_description":"D\u00e9couvrez la po\u00eale \u00e0 frire en fer BeSteel 2,5 mm avec poign\u00e9e satin\u00e9e : naturelle, sans rev\u00eatement chimique, parfaite pour les steaks et les grillades.","og_url":"https:\/\/fb-kitchenware.com\/fr\/negozio\/poele-a-frire\/poele-a-frire-en-fer-besteel-de-25-mm-avec-poignee-satinee-fb-kitchenware\/","og_site_name":"FB Kitchenware","article_modified_time":"2025-12-04T21:13:25+00:00","og_image":[{"width":1920,"height":1920,"url":"https:\/\/fb-kitchenware.com\/wp-content\/uploads\/fb-kitchenware-Immagine-11-prodotti-7.png","type":"image\/png"}],"twitter_card":"summary_large_image","twitter_misc":{"Est. reading time":"1 minute"},"schema":{"@context":"https:\/\/schema.org","@graph":[{"@type":"WebPage","@id":"https:\/\/fb-kitchenware.com\/fr\/negozio\/poele-a-frire\/poele-a-frire-en-fer-besteel-de-25-mm-avec-poignee-satinee-fb-kitchenware\/","url":"https:\/\/fb-kitchenware.com\/fr\/negozio\/poele-a-frire\/poele-a-frire-en-fer-besteel-de-25-mm-avec-poignee-satinee-fb-kitchenware\/","name":"Po\u00eale \u00e0 frire en fer BeSteel avec manche satin\u00e9 | FB Kitchenware","isPartOf":{"@id":"https:\/\/fb-kitchenware.com\/fr\/#website"},"primaryImageOfPage":{"@id":"https:\/\/fb-kitchenware.com\/fr\/negozio\/poele-a-frire\/poele-a-frire-en-fer-besteel-de-25-mm-avec-poignee-satinee-fb-kitchenware\/#primaryimage"},"image":{"@id":"https:\/\/fb-kitchenware.com\/fr\/negozio\/poele-a-frire\/poele-a-frire-en-fer-besteel-de-25-mm-avec-poignee-satinee-fb-kitchenware\/#primaryimage"},"thumbnailUrl":"https:\/\/fb-kitchenware.com\/wp-content\/uploads\/Tavola-disegno-10.png","datePublished":"2025-04-30T23:17:10+00:00","dateModified":"2025-12-04T21:13:25+00:00","description":"D\u00e9couvrez la po\u00eale \u00e0 frire en fer BeSteel 2,5 mm avec poign\u00e9e satin\u00e9e : naturelle, sans rev\u00eatement chimique, parfaite pour les steaks et les grillades.","breadcrumb":{"@id":"https:\/\/fb-kitchenware.com\/fr\/negozio\/poele-a-frire\/poele-a-frire-en-fer-besteel-de-25-mm-avec-poignee-satinee-fb-kitchenware\/#breadcrumb"},"inLanguage":"fr-FR","potentialAction":[{"@type":"ReadAction","target":["https:\/\/fb-kitchenware.com\/fr\/negozio\/poele-a-frire\/poele-a-frire-en-fer-besteel-de-25-mm-avec-poignee-satinee-fb-kitchenware\/"]}]},{"@type":"ImageObject","inLanguage":"fr-FR","@id":"https:\/\/fb-kitchenware.com\/fr\/negozio\/poele-a-frire\/poele-a-frire-en-fer-besteel-de-25-mm-avec-poignee-satinee-fb-kitchenware\/#primaryimage","url":"https:\/\/fb-kitchenware.com\/wp-content\/uploads\/Tavola-disegno-10.png","contentUrl":"https:\/\/fb-kitchenware.com\/wp-content\/uploads\/Tavola-disegno-10.png","width":596,"height":596},{"@type":"BreadcrumbList","@id":"https:\/\/fb-kitchenware.com\/fr\/negozio\/poele-a-frire\/poele-a-frire-en-fer-besteel-de-25-mm-avec-poignee-satinee-fb-kitchenware\/#breadcrumb","itemListElement":[{"@type":"ListItem","position":1,"name":"Home","item":"https:\/\/fb-kitchenware.com\/fr\/"},{"@type":"ListItem","position":2,"name":"Po\u00eale \u00e0 frire en fer BeSteel\u2122 de 2,5 mm avec poign\u00e9e satin\u00e9e | FB Kitchenware"}]},{"@type":"WebSite","@id":"https:\/\/fb-kitchenware.com\/fr\/#website","url":"https:\/\/fb-kitchenware.com\/fr\/","name":"FB Kitchenware","description":"","publisher":{"@id":"https:\/\/fb-kitchenware.com\/fr\/#organization"},"potentialAction":[{"@type":"SearchAction","target":{"@type":"EntryPoint","urlTemplate":"https:\/\/fb-kitchenware.com\/fr\/?s={search_term_string}"},"query-input":{"@type":"PropertyValueSpecification","valueRequired":true,"valueName":"search_term_string"}}],"inLanguage":"fr-FR"},{"@type":"Organization","@id":"https:\/\/fb-kitchenware.com\/fr\/#organization","name":"FB Kitchenware","url":"https:\/\/fb-kitchenware.com\/fr\/","logo":{"@type":"ImageObject","inLanguage":"fr-FR","@id":"https:\/\/fb-kitchenware.com\/fr\/#\/schema\/logo\/image\/","url":"https:\/\/fb-kitchenware.com\/wp-content\/uploads\/logo_gold.png","contentUrl":"https:\/\/fb-kitchenware.com\/wp-content\/uploads\/logo_gold.png","width":900,"height":900,"caption":"FB Kitchenware"},"image":{"@id":"https:\/\/fb-kitchenware.com\/fr\/#\/schema\/logo\/image\/"}}]}},"_links":{"self":[{"href":"https:\/\/fb-kitchenware.com\/fr\/wp-json\/wp\/v2\/product\/3688","targetHints":{"allow":["GET"]}}],"collection":[{"href":"https:\/\/fb-kitchenware.com\/fr\/wp-json\/wp\/v2\/product"}],"about":[{"href":"https:\/\/fb-kitchenware.com\/fr\/wp-json\/wp\/v2\/types\/product"}],"wp:featuredmedia":[{"embeddable":true,"href":"https:\/\/fb-kitchenware.com\/fr\/wp-json\/wp\/v2\/media\/7673"}],"wp:attachment":[{"href":"https:\/\/fb-kitchenware.com\/fr\/wp-json\/wp\/v2\/media?parent=3688"}],"wp:term":[{"taxonomy":"product_brand","embeddable":true,"href":"https:\/\/fb-kitchenware.com\/fr\/wp-json\/wp\/v2\/product_brand?post=3688"},{"taxonomy":"product_cat","embeddable":true,"href":"https:\/\/fb-kitchenware.com\/fr\/wp-json\/wp\/v2\/product_cat?post=3688"},{"taxonomy":"product_tag","embeddable":true,"href":"https:\/\/fb-kitchenware.com\/fr\/wp-json\/wp\/v2\/product_tag?post=3688"}],"curies":[{"name":"wp","href":"https:\/\/api.w.org\/{rel}","templated":true}]}}