{"id":3734,"date":"2025-05-01T01:17:10","date_gmt":"2025-04-30T23:17:10","guid":{"rendered":"https:\/\/fb-kitchenware.com\/negozio\/uncategorized\/nerosteel-poele-a-frire-en-fer-nitrure-avec-manche-en-satin-dore-fb-kitchenware\/"},"modified":"2025-12-04T22:13:25","modified_gmt":"2025-12-04T21:13:25","slug":"nerosteel-poele-a-frire-en-fer-nitrure-avec-manche-en-satin-dore-fb-kitchenware","status":"publish","type":"product","link":"https:\/\/fb-kitchenware.com\/fr\/negozio\/poele-a-frire\/nerosteel-poele-a-frire-en-fer-nitrure-avec-manche-en-satin-dore-fb-kitchenware\/","title":{"rendered":"NeroSteel\u2122 po\u00eale \u00e0 frire en fer nitrur\u00e9 avec manche en satin dor\u00e9 | FB Kitchenware"},"content":{"rendered":"","protected":false},"excerpt":{"rendered":"<h3 style=\"text-align: left;\" data-start=\"558\" data-end=\"643\">Des performances sup\u00e9rieures et un style incomparable<\/h3>\n<p class=\"\" data-start=\"384\" data-end=\"1018\"><strong data-start=\"384\" data-end=\"498\">La po\u00eale \u00e0 frire en fer nitrur\u00e9 NeroSteel de FB Kitchenware est con\u00e7ue pour ceux qui ne font aucun compromis dans la cuisine.<\/strong>  Fabriqu\u00e9e \u00e0 la main en Italie \u00e0 partir de fer noir de 2,5 mm soumis \u00e0 un traitement de nitruration avanc\u00e9, cette po\u00eale allie de mani\u00e8re unique tradition et innovation. La nitruration est un processus qui durcit la surface de la fonte, la rendant tr\u00e8s r\u00e9sistante \u00e0 la corrosion, \u00e0 l&#8217;usure et aux rayures, tout en am\u00e9liorant ses propri\u00e9t\u00e9s antiadh\u00e9sives naturelles au fil du temps. Cela signifie que chaque utilisation est non seulement plus efficace, mais contribue \u00e9galement \u00e0 l&#8217;\u00e9volution de la po\u00eale elle-m\u00eame, la rendant de plus en plus performante.  <\/p>\n<h3 class=\"\" style=\"text-align: left;\" data-start=\"1588\" data-end=\"1622\">Ce que le paquet comprend<\/h3>\n<ul>\n<li data-start=\"1625\" data-end=\"1683\">1 po\u00eale \u00e0 frire en fonte nitrur\u00e9e NeroSteel (diam\u00e8tre au choix)<\/li>\n<li>1 sac \u00e0 poussi\u00e8re<\/li>\n<li>1 manuel d&#8217;utilisation, d&#8217;entretien et de maintenance<\/li>\n<\/ul>\n","protected":false},"featured_media":7681,"template":"","meta":{"_acf_changed":false},"product_brand":[611],"product_cat":[514],"product_tag":[],"class_list":{"0":"post-3734","1":"product","2":"type-product","3":"status-publish","4":"has-post-thumbnail","6":"product_brand-nerosteel","7":"product_cat-poele-a-frire","9":"first","10":"instock","11":"taxable","12":"shipping-taxable","13":"purchasable","14":"product-type-variable"},"acf":[],"yoast_head":"<!-- This site is optimized with the Yoast SEO plugin v27.3 - https:\/\/yoast.com\/product\/yoast-seo-wordpress\/ -->\n<title>Po\u00eale \u00e0 frire en fer nitrur\u00e9 NeroSteel avec manche en satin dor\u00e9<\/title>\n<meta name=\"description\" content=\"D\u00e9couvrez la po\u00eale \u00e0 frire en fer nitrur\u00e9 NeroSteel de FB Kitchenware : durable, s\u00fbre, sans produits chimiques et id\u00e9ale pour des steaks parfaits.\" \/>\n<meta name=\"robots\" content=\"index, follow, max-snippet:-1, max-image-preview:large, max-video-preview:-1\" \/>\n<link rel=\"canonical\" href=\"https:\/\/fb-kitchenware.com\/fr\/negozio\/poele-a-frire\/nerosteel-poele-a-frire-en-fer-nitrure-avec-manche-en-satin-dore-fb-kitchenware\/\" \/>\n<meta property=\"og:locale\" content=\"fr_FR\" \/>\n<meta property=\"og:type\" content=\"article\" \/>\n<meta property=\"og:title\" content=\"Po\u00eale \u00e0 frire en fer nitrur\u00e9 NeroSteel avec manche en satin dor\u00e9\" \/>\n<meta property=\"og:description\" content=\"D\u00e9couvrez la po\u00eale \u00e0 frire en fer nitrur\u00e9 NeroSteel de FB Kitchenware : durable, s\u00fbre, sans produits chimiques et id\u00e9ale pour des steaks parfaits.\" \/>\n<meta property=\"og:url\" content=\"https:\/\/fb-kitchenware.com\/fr\/negozio\/poele-a-frire\/nerosteel-poele-a-frire-en-fer-nitrure-avec-manche-en-satin-dore-fb-kitchenware\/\" \/>\n<meta property=\"og:site_name\" content=\"FB Kitchenware\" \/>\n<meta property=\"article:modified_time\" content=\"2025-12-04T21:13:25+00:00\" \/>\n<meta property=\"og:image\" content=\"https:\/\/fb-kitchenware.com\/wp-content\/uploads\/51.png\" \/>\n\t<meta property=\"og:image:width\" content=\"1920\" \/>\n\t<meta property=\"og:image:height\" content=\"1920\" \/>\n\t<meta property=\"og:image:type\" content=\"image\/png\" \/>\n<meta name=\"twitter:card\" content=\"summary_large_image\" \/>\n<script type=\"application\/ld+json\" class=\"yoast-schema-graph\">{\"@context\":\"https:\\\/\\\/schema.org\",\"@graph\":[{\"@type\":\"WebPage\",\"@id\":\"https:\\\/\\\/fb-kitchenware.com\\\/fr\\\/negozio\\\/poele-a-frire\\\/nerosteel-poele-a-frire-en-fer-nitrure-avec-manche-en-satin-dore-fb-kitchenware\\\/\",\"url\":\"https:\\\/\\\/fb-kitchenware.com\\\/fr\\\/negozio\\\/poele-a-frire\\\/nerosteel-poele-a-frire-en-fer-nitrure-avec-manche-en-satin-dore-fb-kitchenware\\\/\",\"name\":\"Po\u00eale \u00e0 frire en fer nitrur\u00e9 NeroSteel avec manche en satin dor\u00e9\",\"isPartOf\":{\"@id\":\"https:\\\/\\\/fb-kitchenware.com\\\/fr\\\/#website\"},\"primaryImageOfPage\":{\"@id\":\"https:\\\/\\\/fb-kitchenware.com\\\/fr\\\/negozio\\\/poele-a-frire\\\/nerosteel-poele-a-frire-en-fer-nitrure-avec-manche-en-satin-dore-fb-kitchenware\\\/#primaryimage\"},\"image\":{\"@id\":\"https:\\\/\\\/fb-kitchenware.com\\\/fr\\\/negozio\\\/poele-a-frire\\\/nerosteel-poele-a-frire-en-fer-nitrure-avec-manche-en-satin-dore-fb-kitchenware\\\/#primaryimage\"},\"thumbnailUrl\":\"https:\\\/\\\/fb-kitchenware.com\\\/wp-content\\\/uploads\\\/Tavola-disegno-2.jpg\",\"datePublished\":\"2025-04-30T23:17:10+00:00\",\"dateModified\":\"2025-12-04T21:13:25+00:00\",\"description\":\"D\u00e9couvrez la po\u00eale \u00e0 frire en fer nitrur\u00e9 NeroSteel de FB Kitchenware : durable, s\u00fbre, sans produits chimiques et id\u00e9ale pour des steaks parfaits.\",\"breadcrumb\":{\"@id\":\"https:\\\/\\\/fb-kitchenware.com\\\/fr\\\/negozio\\\/poele-a-frire\\\/nerosteel-poele-a-frire-en-fer-nitrure-avec-manche-en-satin-dore-fb-kitchenware\\\/#breadcrumb\"},\"inLanguage\":\"fr-FR\",\"potentialAction\":[{\"@type\":\"ReadAction\",\"target\":[\"https:\\\/\\\/fb-kitchenware.com\\\/fr\\\/negozio\\\/poele-a-frire\\\/nerosteel-poele-a-frire-en-fer-nitrure-avec-manche-en-satin-dore-fb-kitchenware\\\/\"]}]},{\"@type\":\"ImageObject\",\"inLanguage\":\"fr-FR\",\"@id\":\"https:\\\/\\\/fb-kitchenware.com\\\/fr\\\/negozio\\\/poele-a-frire\\\/nerosteel-poele-a-frire-en-fer-nitrure-avec-manche-en-satin-dore-fb-kitchenware\\\/#primaryimage\",\"url\":\"https:\\\/\\\/fb-kitchenware.com\\\/wp-content\\\/uploads\\\/Tavola-disegno-2.jpg\",\"contentUrl\":\"https:\\\/\\\/fb-kitchenware.com\\\/wp-content\\\/uploads\\\/Tavola-disegno-2.jpg\",\"width\":596,\"height\":596},{\"@type\":\"BreadcrumbList\",\"@id\":\"https:\\\/\\\/fb-kitchenware.com\\\/fr\\\/negozio\\\/poele-a-frire\\\/nerosteel-poele-a-frire-en-fer-nitrure-avec-manche-en-satin-dore-fb-kitchenware\\\/#breadcrumb\",\"itemListElement\":[{\"@type\":\"ListItem\",\"position\":1,\"name\":\"Home\",\"item\":\"https:\\\/\\\/fb-kitchenware.com\\\/fr\\\/\"},{\"@type\":\"ListItem\",\"position\":2,\"name\":\"NeroSteel\u2122 po\u00eale \u00e0 frire en fer nitrur\u00e9 avec manche en satin dor\u00e9 | FB Kitchenware\"}]},{\"@type\":\"WebSite\",\"@id\":\"https:\\\/\\\/fb-kitchenware.com\\\/fr\\\/#website\",\"url\":\"https:\\\/\\\/fb-kitchenware.com\\\/fr\\\/\",\"name\":\"FB Kitchenware\",\"description\":\"\",\"publisher\":{\"@id\":\"https:\\\/\\\/fb-kitchenware.com\\\/fr\\\/#organization\"},\"potentialAction\":[{\"@type\":\"SearchAction\",\"target\":{\"@type\":\"EntryPoint\",\"urlTemplate\":\"https:\\\/\\\/fb-kitchenware.com\\\/fr\\\/?s={search_term_string}\"},\"query-input\":{\"@type\":\"PropertyValueSpecification\",\"valueRequired\":true,\"valueName\":\"search_term_string\"}}],\"inLanguage\":\"fr-FR\"},{\"@type\":\"Organization\",\"@id\":\"https:\\\/\\\/fb-kitchenware.com\\\/fr\\\/#organization\",\"name\":\"FB Kitchenware\",\"url\":\"https:\\\/\\\/fb-kitchenware.com\\\/fr\\\/\",\"logo\":{\"@type\":\"ImageObject\",\"inLanguage\":\"fr-FR\",\"@id\":\"https:\\\/\\\/fb-kitchenware.com\\\/fr\\\/#\\\/schema\\\/logo\\\/image\\\/\",\"url\":\"https:\\\/\\\/fb-kitchenware.com\\\/wp-content\\\/uploads\\\/logo_gold.png\",\"contentUrl\":\"https:\\\/\\\/fb-kitchenware.com\\\/wp-content\\\/uploads\\\/logo_gold.png\",\"width\":900,\"height\":900,\"caption\":\"FB Kitchenware\"},\"image\":{\"@id\":\"https:\\\/\\\/fb-kitchenware.com\\\/fr\\\/#\\\/schema\\\/logo\\\/image\\\/\"}}]}<\/script>\n<!-- \/ Yoast SEO plugin. -->","yoast_head_json":{"title":"Po\u00eale \u00e0 frire en fer nitrur\u00e9 NeroSteel avec manche en satin dor\u00e9","description":"D\u00e9couvrez la po\u00eale \u00e0 frire en fer nitrur\u00e9 NeroSteel de FB Kitchenware : durable, s\u00fbre, sans produits chimiques et id\u00e9ale pour des steaks parfaits.","robots":{"index":"index","follow":"follow","max-snippet":"max-snippet:-1","max-image-preview":"max-image-preview:large","max-video-preview":"max-video-preview:-1"},"canonical":"https:\/\/fb-kitchenware.com\/fr\/negozio\/poele-a-frire\/nerosteel-poele-a-frire-en-fer-nitrure-avec-manche-en-satin-dore-fb-kitchenware\/","og_locale":"fr_FR","og_type":"article","og_title":"Po\u00eale \u00e0 frire en fer nitrur\u00e9 NeroSteel avec manche en satin dor\u00e9","og_description":"D\u00e9couvrez la po\u00eale \u00e0 frire en fer nitrur\u00e9 NeroSteel de FB Kitchenware : durable, s\u00fbre, sans produits chimiques et id\u00e9ale pour des steaks parfaits.","og_url":"https:\/\/fb-kitchenware.com\/fr\/negozio\/poele-a-frire\/nerosteel-poele-a-frire-en-fer-nitrure-avec-manche-en-satin-dore-fb-kitchenware\/","og_site_name":"FB Kitchenware","article_modified_time":"2025-12-04T21:13:25+00:00","og_image":[{"width":1920,"height":1920,"url":"https:\/\/fb-kitchenware.com\/wp-content\/uploads\/51.png","type":"image\/png"}],"twitter_card":"summary_large_image","schema":{"@context":"https:\/\/schema.org","@graph":[{"@type":"WebPage","@id":"https:\/\/fb-kitchenware.com\/fr\/negozio\/poele-a-frire\/nerosteel-poele-a-frire-en-fer-nitrure-avec-manche-en-satin-dore-fb-kitchenware\/","url":"https:\/\/fb-kitchenware.com\/fr\/negozio\/poele-a-frire\/nerosteel-poele-a-frire-en-fer-nitrure-avec-manche-en-satin-dore-fb-kitchenware\/","name":"Po\u00eale \u00e0 frire en fer nitrur\u00e9 NeroSteel avec manche en satin dor\u00e9","isPartOf":{"@id":"https:\/\/fb-kitchenware.com\/fr\/#website"},"primaryImageOfPage":{"@id":"https:\/\/fb-kitchenware.com\/fr\/negozio\/poele-a-frire\/nerosteel-poele-a-frire-en-fer-nitrure-avec-manche-en-satin-dore-fb-kitchenware\/#primaryimage"},"image":{"@id":"https:\/\/fb-kitchenware.com\/fr\/negozio\/poele-a-frire\/nerosteel-poele-a-frire-en-fer-nitrure-avec-manche-en-satin-dore-fb-kitchenware\/#primaryimage"},"thumbnailUrl":"https:\/\/fb-kitchenware.com\/wp-content\/uploads\/Tavola-disegno-2.jpg","datePublished":"2025-04-30T23:17:10+00:00","dateModified":"2025-12-04T21:13:25+00:00","description":"D\u00e9couvrez la po\u00eale \u00e0 frire en fer nitrur\u00e9 NeroSteel de FB Kitchenware : durable, s\u00fbre, sans produits chimiques et id\u00e9ale pour des steaks parfaits.","breadcrumb":{"@id":"https:\/\/fb-kitchenware.com\/fr\/negozio\/poele-a-frire\/nerosteel-poele-a-frire-en-fer-nitrure-avec-manche-en-satin-dore-fb-kitchenware\/#breadcrumb"},"inLanguage":"fr-FR","potentialAction":[{"@type":"ReadAction","target":["https:\/\/fb-kitchenware.com\/fr\/negozio\/poele-a-frire\/nerosteel-poele-a-frire-en-fer-nitrure-avec-manche-en-satin-dore-fb-kitchenware\/"]}]},{"@type":"ImageObject","inLanguage":"fr-FR","@id":"https:\/\/fb-kitchenware.com\/fr\/negozio\/poele-a-frire\/nerosteel-poele-a-frire-en-fer-nitrure-avec-manche-en-satin-dore-fb-kitchenware\/#primaryimage","url":"https:\/\/fb-kitchenware.com\/wp-content\/uploads\/Tavola-disegno-2.jpg","contentUrl":"https:\/\/fb-kitchenware.com\/wp-content\/uploads\/Tavola-disegno-2.jpg","width":596,"height":596},{"@type":"BreadcrumbList","@id":"https:\/\/fb-kitchenware.com\/fr\/negozio\/poele-a-frire\/nerosteel-poele-a-frire-en-fer-nitrure-avec-manche-en-satin-dore-fb-kitchenware\/#breadcrumb","itemListElement":[{"@type":"ListItem","position":1,"name":"Home","item":"https:\/\/fb-kitchenware.com\/fr\/"},{"@type":"ListItem","position":2,"name":"NeroSteel\u2122 po\u00eale \u00e0 frire en fer nitrur\u00e9 avec manche en satin dor\u00e9 | FB Kitchenware"}]},{"@type":"WebSite","@id":"https:\/\/fb-kitchenware.com\/fr\/#website","url":"https:\/\/fb-kitchenware.com\/fr\/","name":"FB Kitchenware","description":"","publisher":{"@id":"https:\/\/fb-kitchenware.com\/fr\/#organization"},"potentialAction":[{"@type":"SearchAction","target":{"@type":"EntryPoint","urlTemplate":"https:\/\/fb-kitchenware.com\/fr\/?s={search_term_string}"},"query-input":{"@type":"PropertyValueSpecification","valueRequired":true,"valueName":"search_term_string"}}],"inLanguage":"fr-FR"},{"@type":"Organization","@id":"https:\/\/fb-kitchenware.com\/fr\/#organization","name":"FB Kitchenware","url":"https:\/\/fb-kitchenware.com\/fr\/","logo":{"@type":"ImageObject","inLanguage":"fr-FR","@id":"https:\/\/fb-kitchenware.com\/fr\/#\/schema\/logo\/image\/","url":"https:\/\/fb-kitchenware.com\/wp-content\/uploads\/logo_gold.png","contentUrl":"https:\/\/fb-kitchenware.com\/wp-content\/uploads\/logo_gold.png","width":900,"height":900,"caption":"FB Kitchenware"},"image":{"@id":"https:\/\/fb-kitchenware.com\/fr\/#\/schema\/logo\/image\/"}}]}},"_links":{"self":[{"href":"https:\/\/fb-kitchenware.com\/fr\/wp-json\/wp\/v2\/product\/3734","targetHints":{"allow":["GET"]}}],"collection":[{"href":"https:\/\/fb-kitchenware.com\/fr\/wp-json\/wp\/v2\/product"}],"about":[{"href":"https:\/\/fb-kitchenware.com\/fr\/wp-json\/wp\/v2\/types\/product"}],"wp:featuredmedia":[{"embeddable":true,"href":"https:\/\/fb-kitchenware.com\/fr\/wp-json\/wp\/v2\/media\/7681"}],"wp:attachment":[{"href":"https:\/\/fb-kitchenware.com\/fr\/wp-json\/wp\/v2\/media?parent=3734"}],"wp:term":[{"taxonomy":"product_brand","embeddable":true,"href":"https:\/\/fb-kitchenware.com\/fr\/wp-json\/wp\/v2\/product_brand?post=3734"},{"taxonomy":"product_cat","embeddable":true,"href":"https:\/\/fb-kitchenware.com\/fr\/wp-json\/wp\/v2\/product_cat?post=3734"},{"taxonomy":"product_tag","embeddable":true,"href":"https:\/\/fb-kitchenware.com\/fr\/wp-json\/wp\/v2\/product_tag?post=3734"}],"curies":[{"name":"wp","href":"https:\/\/api.w.org\/{rel}","templated":true}]}}