{"id":3806,"date":"2025-05-01T01:17:49","date_gmt":"2025-04-30T23:17:49","guid":{"rendered":"https:\/\/fb-kitchenware.com\/negozio\/uncategorized\/service-de-couverts-16-pieces-dans-un-coffret-cadeau-mod-sull\/"},"modified":"2025-12-01T01:22:04","modified_gmt":"2025-12-01T00:22:04","slug":"service-de-couverts-16-pieces-dans-un-coffret-cadeau-mod-sull","status":"publish","type":"product","link":"https:\/\/fb-kitchenware.com\/fr\/negozio\/couverts-2\/service-de-couverts-16-pieces-dans-un-coffret-cadeau-mod-sull\/","title":{"rendered":"Service de couverts 16 pi\u00e8ces dans un coffret cadeau mod Sull"},"content":{"rendered":"","protected":false},"excerpt":{"rendered":"<p>L&#8217;ensemble de <strong data-start=\"500\" data-end=\"536\">couverts en acier inoxydable Sull 16 pi\u00e8ces<\/strong> de la collection <em data-start=\"554\" data-end=\"565\">Dituttid\u00ec<\/em> est la r\u00e9ponse contemporaine \u00e0 ceux qui souhaitent combiner esth\u00e9tique moderne, mat\u00e9riaux de qualit\u00e9 sup\u00e9rieure et fonctionnalit\u00e9 au quotidien. Fabriqu\u00e9 en <strong data-start=\"701\" data-end=\"723\">acier inoxydable 18\/10<\/strong> de haute qualit\u00e9, cet ensemble est pr\u00e9sent\u00e9 dans un <strong data-start=\"765\" data-end=\"783\">coffret cadeau<\/strong> raffin\u00e9 et est parfait pour enrichir la mise en place quotidienne d&#8217;une touche de design italien. <\/p>\n<p>Sull est n\u00e9e de la n\u00e9cessit\u00e9 d&#8217;apporter une <strong data-start=\"925\" data-end=\"950\">\u00e9l\u00e9gance sans effort<\/strong> \u00e0 la table, gr\u00e2ce \u00e0 des lignes \u00e9pur\u00e9es, des poign\u00e9es ergonomiques et des finitions raffin\u00e9es qui refl\u00e8tent les derni\u00e8res tendances. Elle s&#8217;adresse \u00e0 ceux qui recherchent des <strong data-start=\"1084\" data-end=\"1102\">couverts modernes<\/strong> qui r\u00e9sistent \u00e0 l&#8217;\u00e9preuve du temps, qui n&#8217;ont pas peur de l&#8217;usage quotidien et qui garantissent des performances \u00e9lev\u00e9es m\u00eame dans des environnements professionnels tels que les restaurants et les h\u00f4tels. <\/p>\n","protected":false},"featured_media":7180,"template":"","meta":{"_acf_changed":false},"product_brand":[574],"product_cat":[576,644],"product_tag":[],"class_list":{"0":"post-3806","1":"product","2":"type-product","3":"status-publish","4":"has-post-thumbnail","6":"product_brand-dituttidi","7":"product_cat-couverts-2","8":"product_cat-fin-de-serie","10":"first","11":"instock","12":"sale","13":"taxable","14":"shipping-taxable","15":"purchasable","16":"product-type-variable"},"acf":[],"yoast_head":"<!-- This site is optimized with the Yoast SEO plugin v27.3 - https:\/\/yoast.com\/product\/yoast-seo-wordpress\/ -->\n<title>Set de couverts modernes en acier inoxydable 16 pi\u00e8ces-Sull | FB Kitchenware<\/title>\n<meta name=\"description\" content=\"D\u00e9couvrez les couverts modernes en acier inoxydable de 16 pi\u00e8ces du mod\u00e8le Sull. El\u00e9gance et qualit\u00e9 pour toutes les tables, disponible en 5 finitions tendance.\" \/>\n<meta name=\"robots\" content=\"index, follow, max-snippet:-1, max-image-preview:large, max-video-preview:-1\" \/>\n<link rel=\"canonical\" href=\"https:\/\/fb-kitchenware.com\/fr\/negozio\/couverts-2\/service-de-couverts-16-pieces-dans-un-coffret-cadeau-mod-sull\/\" \/>\n<meta property=\"og:locale\" content=\"fr_FR\" \/>\n<meta property=\"og:type\" content=\"article\" \/>\n<meta property=\"og:title\" content=\"Set de couverts modernes en acier inoxydable 16 pi\u00e8ces-Sull | FB Kitchenware\" \/>\n<meta property=\"og:description\" content=\"D\u00e9couvrez les couverts modernes en acier inoxydable de 16 pi\u00e8ces du mod\u00e8le Sull. El\u00e9gance et qualit\u00e9 pour toutes les tables, disponible en 5 finitions tendance.\" \/>\n<meta property=\"og:url\" content=\"https:\/\/fb-kitchenware.com\/fr\/negozio\/couverts-2\/service-de-couverts-16-pieces-dans-un-coffret-cadeau-mod-sull\/\" \/>\n<meta property=\"og:site_name\" content=\"FB Kitchenware\" \/>\n<meta property=\"article:modified_time\" content=\"2025-12-01T00:22:04+00:00\" \/>\n<meta property=\"og:image\" content=\"https:\/\/fb-kitchenware.com\/wp-content\/uploads\/infografiche-da-sito-05.jpg\" \/>\n\t<meta property=\"og:image:width\" content=\"1920\" \/>\n\t<meta property=\"og:image:height\" content=\"1920\" \/>\n\t<meta property=\"og:image:type\" content=\"image\/jpeg\" \/>\n<meta name=\"twitter:card\" content=\"summary_large_image\" \/>\n<script type=\"application\/ld+json\" class=\"yoast-schema-graph\">{\"@context\":\"https:\\\/\\\/schema.org\",\"@graph\":[{\"@type\":\"WebPage\",\"@id\":\"https:\\\/\\\/fb-kitchenware.com\\\/fr\\\/negozio\\\/couverts-2\\\/service-de-couverts-16-pieces-dans-un-coffret-cadeau-mod-sull\\\/\",\"url\":\"https:\\\/\\\/fb-kitchenware.com\\\/fr\\\/negozio\\\/couverts-2\\\/service-de-couverts-16-pieces-dans-un-coffret-cadeau-mod-sull\\\/\",\"name\":\"Set de couverts modernes en acier inoxydable 16 pi\u00e8ces-Sull | FB Kitchenware\",\"isPartOf\":{\"@id\":\"https:\\\/\\\/fb-kitchenware.com\\\/fr\\\/#website\"},\"primaryImageOfPage\":{\"@id\":\"https:\\\/\\\/fb-kitchenware.com\\\/fr\\\/negozio\\\/couverts-2\\\/service-de-couverts-16-pieces-dans-un-coffret-cadeau-mod-sull\\\/#primaryimage\"},\"image\":{\"@id\":\"https:\\\/\\\/fb-kitchenware.com\\\/fr\\\/negozio\\\/couverts-2\\\/service-de-couverts-16-pieces-dans-un-coffret-cadeau-mod-sull\\\/#primaryimage\"},\"thumbnailUrl\":\"https:\\\/\\\/fb-kitchenware.com\\\/wp-content\\\/uploads\\\/black.jpg\",\"datePublished\":\"2025-04-30T23:17:49+00:00\",\"dateModified\":\"2025-12-01T00:22:04+00:00\",\"description\":\"D\u00e9couvrez les couverts modernes en acier inoxydable de 16 pi\u00e8ces du mod\u00e8le Sull. El\u00e9gance et qualit\u00e9 pour toutes les tables, disponible en 5 finitions tendance.\",\"breadcrumb\":{\"@id\":\"https:\\\/\\\/fb-kitchenware.com\\\/fr\\\/negozio\\\/couverts-2\\\/service-de-couverts-16-pieces-dans-un-coffret-cadeau-mod-sull\\\/#breadcrumb\"},\"inLanguage\":\"fr-FR\",\"potentialAction\":[{\"@type\":\"ReadAction\",\"target\":[\"https:\\\/\\\/fb-kitchenware.com\\\/fr\\\/negozio\\\/couverts-2\\\/service-de-couverts-16-pieces-dans-un-coffret-cadeau-mod-sull\\\/\"]}]},{\"@type\":\"ImageObject\",\"inLanguage\":\"fr-FR\",\"@id\":\"https:\\\/\\\/fb-kitchenware.com\\\/fr\\\/negozio\\\/couverts-2\\\/service-de-couverts-16-pieces-dans-un-coffret-cadeau-mod-sull\\\/#primaryimage\",\"url\":\"https:\\\/\\\/fb-kitchenware.com\\\/wp-content\\\/uploads\\\/black.jpg\",\"contentUrl\":\"https:\\\/\\\/fb-kitchenware.com\\\/wp-content\\\/uploads\\\/black.jpg\",\"width\":1920,\"height\":1920,\"caption\":\"default\"},{\"@type\":\"BreadcrumbList\",\"@id\":\"https:\\\/\\\/fb-kitchenware.com\\\/fr\\\/negozio\\\/couverts-2\\\/service-de-couverts-16-pieces-dans-un-coffret-cadeau-mod-sull\\\/#breadcrumb\",\"itemListElement\":[{\"@type\":\"ListItem\",\"position\":1,\"name\":\"Home\",\"item\":\"https:\\\/\\\/fb-kitchenware.com\\\/fr\\\/\"},{\"@type\":\"ListItem\",\"position\":2,\"name\":\"Service de couverts 16 pi\u00e8ces dans un coffret cadeau mod Sull\"}]},{\"@type\":\"WebSite\",\"@id\":\"https:\\\/\\\/fb-kitchenware.com\\\/fr\\\/#website\",\"url\":\"https:\\\/\\\/fb-kitchenware.com\\\/fr\\\/\",\"name\":\"FB Kitchenware\",\"description\":\"\",\"publisher\":{\"@id\":\"https:\\\/\\\/fb-kitchenware.com\\\/fr\\\/#organization\"},\"potentialAction\":[{\"@type\":\"SearchAction\",\"target\":{\"@type\":\"EntryPoint\",\"urlTemplate\":\"https:\\\/\\\/fb-kitchenware.com\\\/fr\\\/?s={search_term_string}\"},\"query-input\":{\"@type\":\"PropertyValueSpecification\",\"valueRequired\":true,\"valueName\":\"search_term_string\"}}],\"inLanguage\":\"fr-FR\"},{\"@type\":\"Organization\",\"@id\":\"https:\\\/\\\/fb-kitchenware.com\\\/fr\\\/#organization\",\"name\":\"FB Kitchenware\",\"url\":\"https:\\\/\\\/fb-kitchenware.com\\\/fr\\\/\",\"logo\":{\"@type\":\"ImageObject\",\"inLanguage\":\"fr-FR\",\"@id\":\"https:\\\/\\\/fb-kitchenware.com\\\/fr\\\/#\\\/schema\\\/logo\\\/image\\\/\",\"url\":\"https:\\\/\\\/fb-kitchenware.com\\\/wp-content\\\/uploads\\\/logo_gold.png\",\"contentUrl\":\"https:\\\/\\\/fb-kitchenware.com\\\/wp-content\\\/uploads\\\/logo_gold.png\",\"width\":900,\"height\":900,\"caption\":\"FB Kitchenware\"},\"image\":{\"@id\":\"https:\\\/\\\/fb-kitchenware.com\\\/fr\\\/#\\\/schema\\\/logo\\\/image\\\/\"}}]}<\/script>\n<!-- \/ Yoast SEO plugin. -->","yoast_head_json":{"title":"Set de couverts modernes en acier inoxydable 16 pi\u00e8ces-Sull | FB Kitchenware","description":"D\u00e9couvrez les couverts modernes en acier inoxydable de 16 pi\u00e8ces du mod\u00e8le Sull. El\u00e9gance et qualit\u00e9 pour toutes les tables, disponible en 5 finitions tendance.","robots":{"index":"index","follow":"follow","max-snippet":"max-snippet:-1","max-image-preview":"max-image-preview:large","max-video-preview":"max-video-preview:-1"},"canonical":"https:\/\/fb-kitchenware.com\/fr\/negozio\/couverts-2\/service-de-couverts-16-pieces-dans-un-coffret-cadeau-mod-sull\/","og_locale":"fr_FR","og_type":"article","og_title":"Set de couverts modernes en acier inoxydable 16 pi\u00e8ces-Sull | FB Kitchenware","og_description":"D\u00e9couvrez les couverts modernes en acier inoxydable de 16 pi\u00e8ces du mod\u00e8le Sull. El\u00e9gance et qualit\u00e9 pour toutes les tables, disponible en 5 finitions tendance.","og_url":"https:\/\/fb-kitchenware.com\/fr\/negozio\/couverts-2\/service-de-couverts-16-pieces-dans-un-coffret-cadeau-mod-sull\/","og_site_name":"FB Kitchenware","article_modified_time":"2025-12-01T00:22:04+00:00","og_image":[{"width":1920,"height":1920,"url":"https:\/\/fb-kitchenware.com\/wp-content\/uploads\/infografiche-da-sito-05.jpg","type":"image\/jpeg"}],"twitter_card":"summary_large_image","schema":{"@context":"https:\/\/schema.org","@graph":[{"@type":"WebPage","@id":"https:\/\/fb-kitchenware.com\/fr\/negozio\/couverts-2\/service-de-couverts-16-pieces-dans-un-coffret-cadeau-mod-sull\/","url":"https:\/\/fb-kitchenware.com\/fr\/negozio\/couverts-2\/service-de-couverts-16-pieces-dans-un-coffret-cadeau-mod-sull\/","name":"Set de couverts modernes en acier inoxydable 16 pi\u00e8ces-Sull | FB Kitchenware","isPartOf":{"@id":"https:\/\/fb-kitchenware.com\/fr\/#website"},"primaryImageOfPage":{"@id":"https:\/\/fb-kitchenware.com\/fr\/negozio\/couverts-2\/service-de-couverts-16-pieces-dans-un-coffret-cadeau-mod-sull\/#primaryimage"},"image":{"@id":"https:\/\/fb-kitchenware.com\/fr\/negozio\/couverts-2\/service-de-couverts-16-pieces-dans-un-coffret-cadeau-mod-sull\/#primaryimage"},"thumbnailUrl":"https:\/\/fb-kitchenware.com\/wp-content\/uploads\/black.jpg","datePublished":"2025-04-30T23:17:49+00:00","dateModified":"2025-12-01T00:22:04+00:00","description":"D\u00e9couvrez les couverts modernes en acier inoxydable de 16 pi\u00e8ces du mod\u00e8le Sull. El\u00e9gance et qualit\u00e9 pour toutes les tables, disponible en 5 finitions tendance.","breadcrumb":{"@id":"https:\/\/fb-kitchenware.com\/fr\/negozio\/couverts-2\/service-de-couverts-16-pieces-dans-un-coffret-cadeau-mod-sull\/#breadcrumb"},"inLanguage":"fr-FR","potentialAction":[{"@type":"ReadAction","target":["https:\/\/fb-kitchenware.com\/fr\/negozio\/couverts-2\/service-de-couverts-16-pieces-dans-un-coffret-cadeau-mod-sull\/"]}]},{"@type":"ImageObject","inLanguage":"fr-FR","@id":"https:\/\/fb-kitchenware.com\/fr\/negozio\/couverts-2\/service-de-couverts-16-pieces-dans-un-coffret-cadeau-mod-sull\/#primaryimage","url":"https:\/\/fb-kitchenware.com\/wp-content\/uploads\/black.jpg","contentUrl":"https:\/\/fb-kitchenware.com\/wp-content\/uploads\/black.jpg","width":1920,"height":1920,"caption":"default"},{"@type":"BreadcrumbList","@id":"https:\/\/fb-kitchenware.com\/fr\/negozio\/couverts-2\/service-de-couverts-16-pieces-dans-un-coffret-cadeau-mod-sull\/#breadcrumb","itemListElement":[{"@type":"ListItem","position":1,"name":"Home","item":"https:\/\/fb-kitchenware.com\/fr\/"},{"@type":"ListItem","position":2,"name":"Service de couverts 16 pi\u00e8ces dans un coffret cadeau mod Sull"}]},{"@type":"WebSite","@id":"https:\/\/fb-kitchenware.com\/fr\/#website","url":"https:\/\/fb-kitchenware.com\/fr\/","name":"FB Kitchenware","description":"","publisher":{"@id":"https:\/\/fb-kitchenware.com\/fr\/#organization"},"potentialAction":[{"@type":"SearchAction","target":{"@type":"EntryPoint","urlTemplate":"https:\/\/fb-kitchenware.com\/fr\/?s={search_term_string}"},"query-input":{"@type":"PropertyValueSpecification","valueRequired":true,"valueName":"search_term_string"}}],"inLanguage":"fr-FR"},{"@type":"Organization","@id":"https:\/\/fb-kitchenware.com\/fr\/#organization","name":"FB Kitchenware","url":"https:\/\/fb-kitchenware.com\/fr\/","logo":{"@type":"ImageObject","inLanguage":"fr-FR","@id":"https:\/\/fb-kitchenware.com\/fr\/#\/schema\/logo\/image\/","url":"https:\/\/fb-kitchenware.com\/wp-content\/uploads\/logo_gold.png","contentUrl":"https:\/\/fb-kitchenware.com\/wp-content\/uploads\/logo_gold.png","width":900,"height":900,"caption":"FB Kitchenware"},"image":{"@id":"https:\/\/fb-kitchenware.com\/fr\/#\/schema\/logo\/image\/"}}]}},"_links":{"self":[{"href":"https:\/\/fb-kitchenware.com\/fr\/wp-json\/wp\/v2\/product\/3806","targetHints":{"allow":["GET"]}}],"collection":[{"href":"https:\/\/fb-kitchenware.com\/fr\/wp-json\/wp\/v2\/product"}],"about":[{"href":"https:\/\/fb-kitchenware.com\/fr\/wp-json\/wp\/v2\/types\/product"}],"wp:featuredmedia":[{"embeddable":true,"href":"https:\/\/fb-kitchenware.com\/fr\/wp-json\/wp\/v2\/media\/7180"}],"wp:attachment":[{"href":"https:\/\/fb-kitchenware.com\/fr\/wp-json\/wp\/v2\/media?parent=3806"}],"wp:term":[{"taxonomy":"product_brand","embeddable":true,"href":"https:\/\/fb-kitchenware.com\/fr\/wp-json\/wp\/v2\/product_brand?post=3806"},{"taxonomy":"product_cat","embeddable":true,"href":"https:\/\/fb-kitchenware.com\/fr\/wp-json\/wp\/v2\/product_cat?post=3806"},{"taxonomy":"product_tag","embeddable":true,"href":"https:\/\/fb-kitchenware.com\/fr\/wp-json\/wp\/v2\/product_tag?post=3806"}],"curies":[{"name":"wp","href":"https:\/\/api.w.org\/{rel}","templated":true}]}}