{"id":4738,"date":"2025-08-26T11:45:37","date_gmt":"2025-08-26T09:45:37","guid":{"rendered":"https:\/\/fb-kitchenware.com\/negozio\/non class\u00e9\/set-de-bols-a-melanger-en-acier-inoxydable-silverbowl-fb-kitchenware\/"},"modified":"2025-12-01T01:22:01","modified_gmt":"2025-12-01T00:22:01","slug":"set-de-bols-a-melanger-en-acier-inoxydable-silverbowl-fb-kitchenware","status":"publish","type":"product","link":"https:\/\/fb-kitchenware.com\/fr\/negozio\/ustensiles-de-cuisine\/bols-a-melanger\/set-de-bols-a-melanger-en-acier-inoxydable-silverbowl-fb-kitchenware\/","title":{"rendered":"Set de bols \u00e0 m\u00e9langer en acier inoxydable SilverBowl | FB Kitchenware"},"content":{"rendered":"","protected":false},"excerpt":{"rendered":"<p data-start=\"339\" data-end=\"778\">Apportez un maximum de commodit\u00e9 dans votre cuisine avec le <strong data-start=\"389\" data-end=\"445\">set de bols \u00e0 m\u00e9langer en acier inoxydable AISI 304 SilverBowl.<\/strong> Trois <strong data-start=\"451\" data-end=\"483\">bols en acier inoxydable de haute qualit\u00e9<\/strong>, durables, hygi\u00e9niques et empilables, id\u00e9aux pour m\u00e9langer, p\u00e9trir, mariner et conserver. <\/p>\n<p data-start=\"339\" data-end=\"778\">Parfait pour la cuisine et comme accessoire indispensable pour le barbecue, avec une <strong data-start=\"651\" data-end=\"677\">\u00e9chelle gradu\u00e9e interne<\/strong> pour des mesures pr\u00e9cises.<\/p>\n","protected":false},"featured_media":7310,"template":"","meta":{"_acf_changed":false},"product_brand":[542],"product_cat":[615,632,676],"product_tag":[],"class_list":{"0":"post-4738","1":"product","2":"type-product","3":"status-publish","4":"has-post-thumbnail","6":"product_brand-ustensiles-bbq-fb-kitchenware","7":"product_cat-bbq","8":"product_cat-bols-a-melanger","9":"product_cat-friture-parfaite","11":"first","12":"instock","13":"taxable","14":"shipping-taxable","15":"purchasable","16":"product-type-simple"},"acf":[],"yoast_head":"<!-- This site is optimized with the Yoast SEO plugin v27.3 - https:\/\/yoast.com\/product\/yoast-seo-wordpress\/ -->\n<title>Set de bols \u00e0 m\u00e9langer en acier inoxydable SilverBowl | FB Kitchenware - FB Kitchenware<\/title>\n<meta name=\"robots\" content=\"index, follow, max-snippet:-1, max-image-preview:large, max-video-preview:-1\" \/>\n<link rel=\"canonical\" href=\"https:\/\/fb-kitchenware.com\/fr\/negozio\/ustensiles-de-cuisine\/bols-a-melanger\/set-de-bols-a-melanger-en-acier-inoxydable-silverbowl-fb-kitchenware\/\" \/>\n<meta property=\"og:locale\" content=\"fr_FR\" \/>\n<meta property=\"og:type\" content=\"article\" \/>\n<meta property=\"og:title\" content=\"Set de bols \u00e0 m\u00e9langer en acier inoxydable SilverBowl | FB Kitchenware - FB Kitchenware\" \/>\n<meta property=\"og:description\" content=\"Apportez un maximum de commodit\u00e9 dans votre cuisine avec le set de bols \u00e0 m\u00e9langer en acier inoxydable AISI 304 SilverBowl. Trois bols en acier inoxydable de haute qualit\u00e9, durables, hygi\u00e9niques et empilables, id\u00e9aux pour m\u00e9langer, p\u00e9trir, mariner et conserver. Parfait pour la cuisine et comme accessoire indispensable pour le barbecue, avec une \u00e9chelle gradu\u00e9e interne pour des mesures pr\u00e9cises.\" \/>\n<meta property=\"og:url\" content=\"https:\/\/fb-kitchenware.com\/fr\/negozio\/ustensiles-de-cuisine\/bols-a-melanger\/set-de-bols-a-melanger-en-acier-inoxydable-silverbowl-fb-kitchenware\/\" \/>\n<meta property=\"og:site_name\" content=\"FB Kitchenware\" \/>\n<meta property=\"article:modified_time\" content=\"2025-12-01T00:22:01+00:00\" \/>\n<meta property=\"og:image\" content=\"https:\/\/fb-kitchenware.com\/wp-content\/uploads\/DSC8721-Edit-copia-2.jpg\" \/>\n\t<meta property=\"og:image:width\" content=\"1920\" \/>\n\t<meta property=\"og:image:height\" content=\"1920\" \/>\n\t<meta property=\"og:image:type\" content=\"image\/jpeg\" \/>\n<meta name=\"twitter:card\" content=\"summary_large_image\" \/>\n<script type=\"application\/ld+json\" class=\"yoast-schema-graph\">{\"@context\":\"https:\\\/\\\/schema.org\",\"@graph\":[{\"@type\":\"WebPage\",\"@id\":\"https:\\\/\\\/fb-kitchenware.com\\\/fr\\\/negozio\\\/ustensiles-de-cuisine\\\/bols-a-melanger\\\/set-de-bols-a-melanger-en-acier-inoxydable-silverbowl-fb-kitchenware\\\/\",\"url\":\"https:\\\/\\\/fb-kitchenware.com\\\/fr\\\/negozio\\\/ustensiles-de-cuisine\\\/bols-a-melanger\\\/set-de-bols-a-melanger-en-acier-inoxydable-silverbowl-fb-kitchenware\\\/\",\"name\":\"Set de bols \u00e0 m\u00e9langer en acier inoxydable SilverBowl | FB Kitchenware - FB Kitchenware\",\"isPartOf\":{\"@id\":\"https:\\\/\\\/fb-kitchenware.com\\\/fr\\\/#website\"},\"primaryImageOfPage\":{\"@id\":\"https:\\\/\\\/fb-kitchenware.com\\\/fr\\\/negozio\\\/ustensiles-de-cuisine\\\/bols-a-melanger\\\/set-de-bols-a-melanger-en-acier-inoxydable-silverbowl-fb-kitchenware\\\/#primaryimage\"},\"image\":{\"@id\":\"https:\\\/\\\/fb-kitchenware.com\\\/fr\\\/negozio\\\/ustensiles-de-cuisine\\\/bols-a-melanger\\\/set-de-bols-a-melanger-en-acier-inoxydable-silverbowl-fb-kitchenware\\\/#primaryimage\"},\"thumbnailUrl\":\"https:\\\/\\\/fb-kitchenware.com\\\/wp-content\\\/uploads\\\/DSC8721-Edit-copia-2-1.jpg\",\"datePublished\":\"2025-08-26T09:45:37+00:00\",\"dateModified\":\"2025-12-01T00:22:01+00:00\",\"breadcrumb\":{\"@id\":\"https:\\\/\\\/fb-kitchenware.com\\\/fr\\\/negozio\\\/ustensiles-de-cuisine\\\/bols-a-melanger\\\/set-de-bols-a-melanger-en-acier-inoxydable-silverbowl-fb-kitchenware\\\/#breadcrumb\"},\"inLanguage\":\"fr-FR\",\"potentialAction\":[{\"@type\":\"ReadAction\",\"target\":[\"https:\\\/\\\/fb-kitchenware.com\\\/fr\\\/negozio\\\/ustensiles-de-cuisine\\\/bols-a-melanger\\\/set-de-bols-a-melanger-en-acier-inoxydable-silverbowl-fb-kitchenware\\\/\"]}]},{\"@type\":\"ImageObject\",\"inLanguage\":\"fr-FR\",\"@id\":\"https:\\\/\\\/fb-kitchenware.com\\\/fr\\\/negozio\\\/ustensiles-de-cuisine\\\/bols-a-melanger\\\/set-de-bols-a-melanger-en-acier-inoxydable-silverbowl-fb-kitchenware\\\/#primaryimage\",\"url\":\"https:\\\/\\\/fb-kitchenware.com\\\/wp-content\\\/uploads\\\/DSC8721-Edit-copia-2-1.jpg\",\"contentUrl\":\"https:\\\/\\\/fb-kitchenware.com\\\/wp-content\\\/uploads\\\/DSC8721-Edit-copia-2-1.jpg\",\"width\":1920,\"height\":1920},{\"@type\":\"BreadcrumbList\",\"@id\":\"https:\\\/\\\/fb-kitchenware.com\\\/fr\\\/negozio\\\/ustensiles-de-cuisine\\\/bols-a-melanger\\\/set-de-bols-a-melanger-en-acier-inoxydable-silverbowl-fb-kitchenware\\\/#breadcrumb\",\"itemListElement\":[{\"@type\":\"ListItem\",\"position\":1,\"name\":\"Home\",\"item\":\"https:\\\/\\\/fb-kitchenware.com\\\/fr\\\/\"},{\"@type\":\"ListItem\",\"position\":2,\"name\":\"Set de bols \u00e0 m\u00e9langer en acier inoxydable SilverBowl | FB Kitchenware\"}]},{\"@type\":\"WebSite\",\"@id\":\"https:\\\/\\\/fb-kitchenware.com\\\/fr\\\/#website\",\"url\":\"https:\\\/\\\/fb-kitchenware.com\\\/fr\\\/\",\"name\":\"FB Kitchenware\",\"description\":\"\",\"publisher\":{\"@id\":\"https:\\\/\\\/fb-kitchenware.com\\\/fr\\\/#organization\"},\"potentialAction\":[{\"@type\":\"SearchAction\",\"target\":{\"@type\":\"EntryPoint\",\"urlTemplate\":\"https:\\\/\\\/fb-kitchenware.com\\\/fr\\\/?s={search_term_string}\"},\"query-input\":{\"@type\":\"PropertyValueSpecification\",\"valueRequired\":true,\"valueName\":\"search_term_string\"}}],\"inLanguage\":\"fr-FR\"},{\"@type\":\"Organization\",\"@id\":\"https:\\\/\\\/fb-kitchenware.com\\\/fr\\\/#organization\",\"name\":\"FB Kitchenware\",\"url\":\"https:\\\/\\\/fb-kitchenware.com\\\/fr\\\/\",\"logo\":{\"@type\":\"ImageObject\",\"inLanguage\":\"fr-FR\",\"@id\":\"https:\\\/\\\/fb-kitchenware.com\\\/fr\\\/#\\\/schema\\\/logo\\\/image\\\/\",\"url\":\"https:\\\/\\\/fb-kitchenware.com\\\/wp-content\\\/uploads\\\/logo_gold.png\",\"contentUrl\":\"https:\\\/\\\/fb-kitchenware.com\\\/wp-content\\\/uploads\\\/logo_gold.png\",\"width\":900,\"height\":900,\"caption\":\"FB Kitchenware\"},\"image\":{\"@id\":\"https:\\\/\\\/fb-kitchenware.com\\\/fr\\\/#\\\/schema\\\/logo\\\/image\\\/\"}}]}<\/script>\n<!-- \/ Yoast SEO plugin. -->","yoast_head_json":{"title":"Set de bols \u00e0 m\u00e9langer en acier inoxydable SilverBowl | FB Kitchenware - FB Kitchenware","robots":{"index":"index","follow":"follow","max-snippet":"max-snippet:-1","max-image-preview":"max-image-preview:large","max-video-preview":"max-video-preview:-1"},"canonical":"https:\/\/fb-kitchenware.com\/fr\/negozio\/ustensiles-de-cuisine\/bols-a-melanger\/set-de-bols-a-melanger-en-acier-inoxydable-silverbowl-fb-kitchenware\/","og_locale":"fr_FR","og_type":"article","og_title":"Set de bols \u00e0 m\u00e9langer en acier inoxydable SilverBowl | FB Kitchenware - FB Kitchenware","og_description":"Apportez un maximum de commodit\u00e9 dans votre cuisine avec le set de bols \u00e0 m\u00e9langer en acier inoxydable AISI 304 SilverBowl. Trois bols en acier inoxydable de haute qualit\u00e9, durables, hygi\u00e9niques et empilables, id\u00e9aux pour m\u00e9langer, p\u00e9trir, mariner et conserver. Parfait pour la cuisine et comme accessoire indispensable pour le barbecue, avec une \u00e9chelle gradu\u00e9e interne pour des mesures pr\u00e9cises.","og_url":"https:\/\/fb-kitchenware.com\/fr\/negozio\/ustensiles-de-cuisine\/bols-a-melanger\/set-de-bols-a-melanger-en-acier-inoxydable-silverbowl-fb-kitchenware\/","og_site_name":"FB Kitchenware","article_modified_time":"2025-12-01T00:22:01+00:00","og_image":[{"width":1920,"height":1920,"url":"https:\/\/fb-kitchenware.com\/wp-content\/uploads\/DSC8721-Edit-copia-2.jpg","type":"image\/jpeg"}],"twitter_card":"summary_large_image","schema":{"@context":"https:\/\/schema.org","@graph":[{"@type":"WebPage","@id":"https:\/\/fb-kitchenware.com\/fr\/negozio\/ustensiles-de-cuisine\/bols-a-melanger\/set-de-bols-a-melanger-en-acier-inoxydable-silverbowl-fb-kitchenware\/","url":"https:\/\/fb-kitchenware.com\/fr\/negozio\/ustensiles-de-cuisine\/bols-a-melanger\/set-de-bols-a-melanger-en-acier-inoxydable-silverbowl-fb-kitchenware\/","name":"Set de bols \u00e0 m\u00e9langer en acier inoxydable SilverBowl | FB Kitchenware - FB Kitchenware","isPartOf":{"@id":"https:\/\/fb-kitchenware.com\/fr\/#website"},"primaryImageOfPage":{"@id":"https:\/\/fb-kitchenware.com\/fr\/negozio\/ustensiles-de-cuisine\/bols-a-melanger\/set-de-bols-a-melanger-en-acier-inoxydable-silverbowl-fb-kitchenware\/#primaryimage"},"image":{"@id":"https:\/\/fb-kitchenware.com\/fr\/negozio\/ustensiles-de-cuisine\/bols-a-melanger\/set-de-bols-a-melanger-en-acier-inoxydable-silverbowl-fb-kitchenware\/#primaryimage"},"thumbnailUrl":"https:\/\/fb-kitchenware.com\/wp-content\/uploads\/DSC8721-Edit-copia-2-1.jpg","datePublished":"2025-08-26T09:45:37+00:00","dateModified":"2025-12-01T00:22:01+00:00","breadcrumb":{"@id":"https:\/\/fb-kitchenware.com\/fr\/negozio\/ustensiles-de-cuisine\/bols-a-melanger\/set-de-bols-a-melanger-en-acier-inoxydable-silverbowl-fb-kitchenware\/#breadcrumb"},"inLanguage":"fr-FR","potentialAction":[{"@type":"ReadAction","target":["https:\/\/fb-kitchenware.com\/fr\/negozio\/ustensiles-de-cuisine\/bols-a-melanger\/set-de-bols-a-melanger-en-acier-inoxydable-silverbowl-fb-kitchenware\/"]}]},{"@type":"ImageObject","inLanguage":"fr-FR","@id":"https:\/\/fb-kitchenware.com\/fr\/negozio\/ustensiles-de-cuisine\/bols-a-melanger\/set-de-bols-a-melanger-en-acier-inoxydable-silverbowl-fb-kitchenware\/#primaryimage","url":"https:\/\/fb-kitchenware.com\/wp-content\/uploads\/DSC8721-Edit-copia-2-1.jpg","contentUrl":"https:\/\/fb-kitchenware.com\/wp-content\/uploads\/DSC8721-Edit-copia-2-1.jpg","width":1920,"height":1920},{"@type":"BreadcrumbList","@id":"https:\/\/fb-kitchenware.com\/fr\/negozio\/ustensiles-de-cuisine\/bols-a-melanger\/set-de-bols-a-melanger-en-acier-inoxydable-silverbowl-fb-kitchenware\/#breadcrumb","itemListElement":[{"@type":"ListItem","position":1,"name":"Home","item":"https:\/\/fb-kitchenware.com\/fr\/"},{"@type":"ListItem","position":2,"name":"Set de bols \u00e0 m\u00e9langer en acier inoxydable SilverBowl | FB Kitchenware"}]},{"@type":"WebSite","@id":"https:\/\/fb-kitchenware.com\/fr\/#website","url":"https:\/\/fb-kitchenware.com\/fr\/","name":"FB Kitchenware","description":"","publisher":{"@id":"https:\/\/fb-kitchenware.com\/fr\/#organization"},"potentialAction":[{"@type":"SearchAction","target":{"@type":"EntryPoint","urlTemplate":"https:\/\/fb-kitchenware.com\/fr\/?s={search_term_string}"},"query-input":{"@type":"PropertyValueSpecification","valueRequired":true,"valueName":"search_term_string"}}],"inLanguage":"fr-FR"},{"@type":"Organization","@id":"https:\/\/fb-kitchenware.com\/fr\/#organization","name":"FB Kitchenware","url":"https:\/\/fb-kitchenware.com\/fr\/","logo":{"@type":"ImageObject","inLanguage":"fr-FR","@id":"https:\/\/fb-kitchenware.com\/fr\/#\/schema\/logo\/image\/","url":"https:\/\/fb-kitchenware.com\/wp-content\/uploads\/logo_gold.png","contentUrl":"https:\/\/fb-kitchenware.com\/wp-content\/uploads\/logo_gold.png","width":900,"height":900,"caption":"FB Kitchenware"},"image":{"@id":"https:\/\/fb-kitchenware.com\/fr\/#\/schema\/logo\/image\/"}}]}},"_links":{"self":[{"href":"https:\/\/fb-kitchenware.com\/fr\/wp-json\/wp\/v2\/product\/4738","targetHints":{"allow":["GET"]}}],"collection":[{"href":"https:\/\/fb-kitchenware.com\/fr\/wp-json\/wp\/v2\/product"}],"about":[{"href":"https:\/\/fb-kitchenware.com\/fr\/wp-json\/wp\/v2\/types\/product"}],"wp:featuredmedia":[{"embeddable":true,"href":"https:\/\/fb-kitchenware.com\/fr\/wp-json\/wp\/v2\/media\/7310"}],"wp:attachment":[{"href":"https:\/\/fb-kitchenware.com\/fr\/wp-json\/wp\/v2\/media?parent=4738"}],"wp:term":[{"taxonomy":"product_brand","embeddable":true,"href":"https:\/\/fb-kitchenware.com\/fr\/wp-json\/wp\/v2\/product_brand?post=4738"},{"taxonomy":"product_cat","embeddable":true,"href":"https:\/\/fb-kitchenware.com\/fr\/wp-json\/wp\/v2\/product_cat?post=4738"},{"taxonomy":"product_tag","embeddable":true,"href":"https:\/\/fb-kitchenware.com\/fr\/wp-json\/wp\/v2\/product_tag?post=4738"}],"curies":[{"name":"wp","href":"https:\/\/api.w.org\/{rel}","templated":true}]}}