{"id":5533,"date":"2025-12-03T17:19:14","date_gmt":"2025-12-03T16:19:14","guid":{"rendered":"https:\/\/fb-kitchenware.com\/negozio\/non%20class\u00e9\/carte-cadeau\/"},"modified":"2025-12-03T18:36:10","modified_gmt":"2025-12-03T17:36:10","slug":"gift-card","status":"publish","type":"product","link":"https:\/\/fb-kitchenware.com\/fr\/negozio\/autre\/gift-card\/","title":{"rendered":"Gift Card"},"content":{"rendered":"","protected":false},"excerpt":{"rendered":"<p>Apr\u00e8s avoir choisi le montant, vous pouvez envoyer cette carte-cadeau \u00e0 qui vous voulez. Il vous suffit d&#8217;indiquer l&#8217;adresse e-mail du destinataire et, si vous le souhaitez, de r\u00e9diger un court message. <\/p>\n","protected":false},"featured_media":5775,"template":"","meta":{"_acf_changed":false},"product_brand":[],"product_cat":[625],"product_tag":[],"class_list":{"0":"post-5533","1":"product","2":"type-product","3":"status-publish","4":"has-post-thumbnail","6":"product_cat-autre","8":"first","9":"instock","10":"purchasable","11":"product-type-pw-gift-card"},"acf":[],"yoast_head":"<!-- This site is optimized with the Yoast SEO plugin v27.3 - https:\/\/yoast.com\/product\/yoast-seo-wordpress\/ -->\n<title>Gift Card - FB Kitchenware<\/title>\n<meta name=\"robots\" content=\"index, follow, max-snippet:-1, max-image-preview:large, max-video-preview:-1\" \/>\n<link rel=\"canonical\" href=\"https:\/\/fb-kitchenware.com\/fr\/negozio\/autre\/gift-card\/\" \/>\n<meta property=\"og:locale\" content=\"fr_FR\" \/>\n<meta property=\"og:type\" content=\"article\" \/>\n<meta property=\"og:title\" content=\"Gift Card - FB Kitchenware\" \/>\n<meta property=\"og:description\" content=\"Apr\u00e8s avoir choisi le montant, vous pouvez envoyer cette carte-cadeau \u00e0 qui vous voulez. Il vous suffit d&#039;indiquer l&#039;adresse e-mail du destinataire et, si vous le souhaitez, de r\u00e9diger un court message.\" \/>\n<meta property=\"og:url\" content=\"https:\/\/fb-kitchenware.com\/fr\/negozio\/autre\/gift-card\/\" \/>\n<meta property=\"og:site_name\" content=\"FB Kitchenware\" \/>\n<meta property=\"article:modified_time\" content=\"2025-12-03T17:36:10+00:00\" \/>\n<meta property=\"og:image\" content=\"https:\/\/fb-kitchenware.com\/wp-content\/uploads\/gift_card_1.jpg\" \/>\n\t<meta property=\"og:image:width\" content=\"1024\" \/>\n\t<meta property=\"og:image:height\" content=\"1536\" \/>\n\t<meta property=\"og:image:type\" content=\"image\/jpeg\" \/>\n<meta name=\"twitter:card\" content=\"summary_large_image\" \/>\n<script type=\"application\/ld+json\" class=\"yoast-schema-graph\">{\"@context\":\"https:\\\/\\\/schema.org\",\"@graph\":[{\"@type\":\"WebPage\",\"@id\":\"https:\\\/\\\/fb-kitchenware.com\\\/fr\\\/negozio\\\/autre\\\/gift-card\\\/\",\"url\":\"https:\\\/\\\/fb-kitchenware.com\\\/fr\\\/negozio\\\/autre\\\/gift-card\\\/\",\"name\":\"Gift Card - FB Kitchenware\",\"isPartOf\":{\"@id\":\"https:\\\/\\\/fb-kitchenware.com\\\/fr\\\/#website\"},\"primaryImageOfPage\":{\"@id\":\"https:\\\/\\\/fb-kitchenware.com\\\/fr\\\/negozio\\\/autre\\\/gift-card\\\/#primaryimage\"},\"image\":{\"@id\":\"https:\\\/\\\/fb-kitchenware.com\\\/fr\\\/negozio\\\/autre\\\/gift-card\\\/#primaryimage\"},\"thumbnailUrl\":\"https:\\\/\\\/fb-kitchenware.com\\\/wp-content\\\/uploads\\\/gift-card-annuale-copia.jpg\",\"datePublished\":\"2025-12-03T16:19:14+00:00\",\"dateModified\":\"2025-12-03T17:36:10+00:00\",\"breadcrumb\":{\"@id\":\"https:\\\/\\\/fb-kitchenware.com\\\/fr\\\/negozio\\\/autre\\\/gift-card\\\/#breadcrumb\"},\"inLanguage\":\"fr-FR\",\"potentialAction\":[{\"@type\":\"ReadAction\",\"target\":[\"https:\\\/\\\/fb-kitchenware.com\\\/fr\\\/negozio\\\/autre\\\/gift-card\\\/\"]}]},{\"@type\":\"ImageObject\",\"inLanguage\":\"fr-FR\",\"@id\":\"https:\\\/\\\/fb-kitchenware.com\\\/fr\\\/negozio\\\/autre\\\/gift-card\\\/#primaryimage\",\"url\":\"https:\\\/\\\/fb-kitchenware.com\\\/wp-content\\\/uploads\\\/gift-card-annuale-copia.jpg\",\"contentUrl\":\"https:\\\/\\\/fb-kitchenware.com\\\/wp-content\\\/uploads\\\/gift-card-annuale-copia.jpg\",\"width\":1024,\"height\":1280},{\"@type\":\"BreadcrumbList\",\"@id\":\"https:\\\/\\\/fb-kitchenware.com\\\/fr\\\/negozio\\\/autre\\\/gift-card\\\/#breadcrumb\",\"itemListElement\":[{\"@type\":\"ListItem\",\"position\":1,\"name\":\"Home\",\"item\":\"https:\\\/\\\/fb-kitchenware.com\\\/fr\\\/\"},{\"@type\":\"ListItem\",\"position\":2,\"name\":\"Gift Card\"}]},{\"@type\":\"WebSite\",\"@id\":\"https:\\\/\\\/fb-kitchenware.com\\\/fr\\\/#website\",\"url\":\"https:\\\/\\\/fb-kitchenware.com\\\/fr\\\/\",\"name\":\"FB Kitchenware\",\"description\":\"\",\"publisher\":{\"@id\":\"https:\\\/\\\/fb-kitchenware.com\\\/fr\\\/#organization\"},\"potentialAction\":[{\"@type\":\"SearchAction\",\"target\":{\"@type\":\"EntryPoint\",\"urlTemplate\":\"https:\\\/\\\/fb-kitchenware.com\\\/fr\\\/?s={search_term_string}\"},\"query-input\":{\"@type\":\"PropertyValueSpecification\",\"valueRequired\":true,\"valueName\":\"search_term_string\"}}],\"inLanguage\":\"fr-FR\"},{\"@type\":\"Organization\",\"@id\":\"https:\\\/\\\/fb-kitchenware.com\\\/fr\\\/#organization\",\"name\":\"FB Kitchenware\",\"url\":\"https:\\\/\\\/fb-kitchenware.com\\\/fr\\\/\",\"logo\":{\"@type\":\"ImageObject\",\"inLanguage\":\"fr-FR\",\"@id\":\"https:\\\/\\\/fb-kitchenware.com\\\/fr\\\/#\\\/schema\\\/logo\\\/image\\\/\",\"url\":\"https:\\\/\\\/fb-kitchenware.com\\\/wp-content\\\/uploads\\\/logo_gold.png\",\"contentUrl\":\"https:\\\/\\\/fb-kitchenware.com\\\/wp-content\\\/uploads\\\/logo_gold.png\",\"width\":900,\"height\":900,\"caption\":\"FB Kitchenware\"},\"image\":{\"@id\":\"https:\\\/\\\/fb-kitchenware.com\\\/fr\\\/#\\\/schema\\\/logo\\\/image\\\/\"}}]}<\/script>\n<!-- \/ Yoast SEO plugin. -->","yoast_head_json":{"title":"Gift Card - FB Kitchenware","robots":{"index":"index","follow":"follow","max-snippet":"max-snippet:-1","max-image-preview":"max-image-preview:large","max-video-preview":"max-video-preview:-1"},"canonical":"https:\/\/fb-kitchenware.com\/fr\/negozio\/autre\/gift-card\/","og_locale":"fr_FR","og_type":"article","og_title":"Gift Card - FB Kitchenware","og_description":"Apr\u00e8s avoir choisi le montant, vous pouvez envoyer cette carte-cadeau \u00e0 qui vous voulez. Il vous suffit d'indiquer l'adresse e-mail du destinataire et, si vous le souhaitez, de r\u00e9diger un court message.","og_url":"https:\/\/fb-kitchenware.com\/fr\/negozio\/autre\/gift-card\/","og_site_name":"FB Kitchenware","article_modified_time":"2025-12-03T17:36:10+00:00","og_image":[{"width":1024,"height":1536,"url":"https:\/\/fb-kitchenware.com\/wp-content\/uploads\/gift_card_1.jpg","type":"image\/jpeg"}],"twitter_card":"summary_large_image","schema":{"@context":"https:\/\/schema.org","@graph":[{"@type":"WebPage","@id":"https:\/\/fb-kitchenware.com\/fr\/negozio\/autre\/gift-card\/","url":"https:\/\/fb-kitchenware.com\/fr\/negozio\/autre\/gift-card\/","name":"Gift Card - FB Kitchenware","isPartOf":{"@id":"https:\/\/fb-kitchenware.com\/fr\/#website"},"primaryImageOfPage":{"@id":"https:\/\/fb-kitchenware.com\/fr\/negozio\/autre\/gift-card\/#primaryimage"},"image":{"@id":"https:\/\/fb-kitchenware.com\/fr\/negozio\/autre\/gift-card\/#primaryimage"},"thumbnailUrl":"https:\/\/fb-kitchenware.com\/wp-content\/uploads\/gift-card-annuale-copia.jpg","datePublished":"2025-12-03T16:19:14+00:00","dateModified":"2025-12-03T17:36:10+00:00","breadcrumb":{"@id":"https:\/\/fb-kitchenware.com\/fr\/negozio\/autre\/gift-card\/#breadcrumb"},"inLanguage":"fr-FR","potentialAction":[{"@type":"ReadAction","target":["https:\/\/fb-kitchenware.com\/fr\/negozio\/autre\/gift-card\/"]}]},{"@type":"ImageObject","inLanguage":"fr-FR","@id":"https:\/\/fb-kitchenware.com\/fr\/negozio\/autre\/gift-card\/#primaryimage","url":"https:\/\/fb-kitchenware.com\/wp-content\/uploads\/gift-card-annuale-copia.jpg","contentUrl":"https:\/\/fb-kitchenware.com\/wp-content\/uploads\/gift-card-annuale-copia.jpg","width":1024,"height":1280},{"@type":"BreadcrumbList","@id":"https:\/\/fb-kitchenware.com\/fr\/negozio\/autre\/gift-card\/#breadcrumb","itemListElement":[{"@type":"ListItem","position":1,"name":"Home","item":"https:\/\/fb-kitchenware.com\/fr\/"},{"@type":"ListItem","position":2,"name":"Gift Card"}]},{"@type":"WebSite","@id":"https:\/\/fb-kitchenware.com\/fr\/#website","url":"https:\/\/fb-kitchenware.com\/fr\/","name":"FB Kitchenware","description":"","publisher":{"@id":"https:\/\/fb-kitchenware.com\/fr\/#organization"},"potentialAction":[{"@type":"SearchAction","target":{"@type":"EntryPoint","urlTemplate":"https:\/\/fb-kitchenware.com\/fr\/?s={search_term_string}"},"query-input":{"@type":"PropertyValueSpecification","valueRequired":true,"valueName":"search_term_string"}}],"inLanguage":"fr-FR"},{"@type":"Organization","@id":"https:\/\/fb-kitchenware.com\/fr\/#organization","name":"FB Kitchenware","url":"https:\/\/fb-kitchenware.com\/fr\/","logo":{"@type":"ImageObject","inLanguage":"fr-FR","@id":"https:\/\/fb-kitchenware.com\/fr\/#\/schema\/logo\/image\/","url":"https:\/\/fb-kitchenware.com\/wp-content\/uploads\/logo_gold.png","contentUrl":"https:\/\/fb-kitchenware.com\/wp-content\/uploads\/logo_gold.png","width":900,"height":900,"caption":"FB Kitchenware"},"image":{"@id":"https:\/\/fb-kitchenware.com\/fr\/#\/schema\/logo\/image\/"}}]}},"_links":{"self":[{"href":"https:\/\/fb-kitchenware.com\/fr\/wp-json\/wp\/v2\/product\/5533","targetHints":{"allow":["GET"]}}],"collection":[{"href":"https:\/\/fb-kitchenware.com\/fr\/wp-json\/wp\/v2\/product"}],"about":[{"href":"https:\/\/fb-kitchenware.com\/fr\/wp-json\/wp\/v2\/types\/product"}],"wp:featuredmedia":[{"embeddable":true,"href":"https:\/\/fb-kitchenware.com\/fr\/wp-json\/wp\/v2\/media\/5775"}],"wp:attachment":[{"href":"https:\/\/fb-kitchenware.com\/fr\/wp-json\/wp\/v2\/media?parent=5533"}],"wp:term":[{"taxonomy":"product_brand","embeddable":true,"href":"https:\/\/fb-kitchenware.com\/fr\/wp-json\/wp\/v2\/product_brand?post=5533"},{"taxonomy":"product_cat","embeddable":true,"href":"https:\/\/fb-kitchenware.com\/fr\/wp-json\/wp\/v2\/product_cat?post=5533"},{"taxonomy":"product_tag","embeddable":true,"href":"https:\/\/fb-kitchenware.com\/fr\/wp-json\/wp\/v2\/product_tag?post=5533"}],"curies":[{"name":"wp","href":"https:\/\/api.w.org\/{rel}","templated":true}]}}