{"id":6431,"date":"2026-02-05T12:56:22","date_gmt":"2026-02-05T11:56:22","guid":{"rendered":"https:\/\/fb-kitchenware.com\/negozio\/non%20class\u00e9\/poele-a-frire-en-acier-assaisonne-avec-manche-en-satin-noir\/"},"modified":"2026-03-02T10:56:58","modified_gmt":"2026-03-02T09:56:58","slug":"poele-a-frire-en-acier-assaisonne-avec-manche-en-satin-noir","status":"publish","type":"product","link":"https:\/\/fb-kitchenware.com\/fr\/negozio\/poele-a-frire\/poele-a-frire-en-acier-assaisonne-avec-manche-en-satin-noir\/","title":{"rendered":"Po\u00eale \u00e0 frire en fer assaisonn\u00e9 avec manche en satin noir"},"content":{"rendered":"","protected":false},"excerpt":{"rendered":"<p><strong>Disponible \u00e0 partir d&#8217;avril 2026<\/strong><\/p>\n<p>Po\u00eale \u00e0 frire en acier assaisonn\u00e9 de fer, con\u00e7ue pour ceux qui veulent une po\u00eale \u00e0 frire en fer mais craignent le processus d&#8217;assaisonnement. Le pr\u00e9traitement \u00e0 l&#8217;huile naturelle acc\u00e9l\u00e8re la formation de l&#8217;antiadh\u00e9sif, qui se renforce au fil des utilisations. Elle r\u00e9siste aux temp\u00e9ratures \u00e9lev\u00e9es, garantit une r\u00e9action de Maillard impeccable et convient \u00e0 toutes les sources de chaleur, des plaques \u00e0 induction aux barbecues. Un outil essentiel, con\u00e7u pour durer et s&#8217;am\u00e9liorer au fil du temps, et non pour \u00eatre remplac\u00e9.   <\/p>\n","protected":false},"featured_media":7383,"template":"","meta":{"_acf_changed":false},"product_brand":[660],"product_cat":[514,654],"product_tag":[],"class_list":{"0":"post-6431","1":"product","2":"type-product","3":"status-publish","4":"has-post-thumbnail","6":"product_brand-poeles-en-fer-seasonedsteel","7":"product_cat-poele-a-frire","8":"product_cat-nouveaute","10":"first","11":"instock","12":"taxable","13":"shipping-taxable","14":"purchasable","15":"product-type-variable"},"acf":[],"yoast_head":"<!-- This site is optimized with the Yoast SEO plugin v27.3 - https:\/\/yoast.com\/product\/yoast-seo-wordpress\/ -->\n<title>Po\u00eale \u00e0 frire en fer assaisonn\u00e9 avec manche en satin noir %%page% acier - FB Kitchenware.<\/title>\n<meta name=\"description\" content=\"Po\u00eale \u00e0 frire en acier assaisonn\u00e9 avec manche en satin noir. Naturellement antiadh\u00e9sive, haute temp\u00e9rature, induction, four et BBQ.\" \/>\n<meta name=\"robots\" content=\"index, follow, max-snippet:-1, max-image-preview:large, max-video-preview:-1\" \/>\n<link rel=\"canonical\" href=\"https:\/\/fb-kitchenware.com\/fr\/negozio\/poele-a-frire\/poele-a-frire-en-acier-assaisonne-avec-manche-en-satin-noir\/\" \/>\n<meta property=\"og:locale\" content=\"fr_FR\" \/>\n<meta property=\"og:type\" content=\"article\" \/>\n<meta property=\"og:title\" content=\"Po\u00eale \u00e0 frire en fer assaisonn\u00e9 avec manche en satin noir %%page% acier - FB Kitchenware.\" \/>\n<meta property=\"og:description\" content=\"Po\u00eale \u00e0 frire en acier assaisonn\u00e9 avec manche en satin noir. Naturellement antiadh\u00e9sive, haute temp\u00e9rature, induction, four et BBQ.\" \/>\n<meta property=\"og:url\" content=\"https:\/\/fb-kitchenware.com\/fr\/negozio\/poele-a-frire\/poele-a-frire-en-acier-assaisonne-avec-manche-en-satin-noir\/\" \/>\n<meta property=\"og:site_name\" content=\"FB Kitchenware\" \/>\n<meta property=\"article:modified_time\" content=\"2026-03-02T09:56:58+00:00\" \/>\n<meta property=\"og:image\" content=\"https:\/\/fb-kitchenware.com\/wp-content\/uploads\/207.jpg\" \/>\n\t<meta property=\"og:image:width\" content=\"1920\" \/>\n\t<meta property=\"og:image:height\" content=\"1920\" \/>\n\t<meta property=\"og:image:type\" content=\"image\/jpeg\" \/>\n<meta name=\"twitter:card\" content=\"summary_large_image\" \/>\n<script type=\"application\/ld+json\" class=\"yoast-schema-graph\">{\"@context\":\"https:\\\/\\\/schema.org\",\"@graph\":[{\"@type\":\"WebPage\",\"@id\":\"https:\\\/\\\/fb-kitchenware.com\\\/fr\\\/negozio\\\/poele-a-frire\\\/poele-a-frire-en-acier-assaisonne-avec-manche-en-satin-noir\\\/\",\"url\":\"https:\\\/\\\/fb-kitchenware.com\\\/fr\\\/negozio\\\/poele-a-frire\\\/poele-a-frire-en-acier-assaisonne-avec-manche-en-satin-noir\\\/\",\"name\":\"Po\u00eale \u00e0 frire en fer assaisonn\u00e9 avec manche en satin noir %%page% acier - FB Kitchenware.\",\"isPartOf\":{\"@id\":\"https:\\\/\\\/fb-kitchenware.com\\\/fr\\\/#website\"},\"primaryImageOfPage\":{\"@id\":\"https:\\\/\\\/fb-kitchenware.com\\\/fr\\\/negozio\\\/poele-a-frire\\\/poele-a-frire-en-acier-assaisonne-avec-manche-en-satin-noir\\\/#primaryimage\"},\"image\":{\"@id\":\"https:\\\/\\\/fb-kitchenware.com\\\/fr\\\/negozio\\\/poele-a-frire\\\/poele-a-frire-en-acier-assaisonne-avec-manche-en-satin-noir\\\/#primaryimage\"},\"thumbnailUrl\":\"https:\\\/\\\/fb-kitchenware.com\\\/wp-content\\\/uploads\\\/Tavola-disegno-19.jpg\",\"datePublished\":\"2026-02-05T11:56:22+00:00\",\"dateModified\":\"2026-03-02T09:56:58+00:00\",\"description\":\"Po\u00eale \u00e0 frire en acier assaisonn\u00e9 avec manche en satin noir. Naturellement antiadh\u00e9sive, haute temp\u00e9rature, induction, four et BBQ.\",\"breadcrumb\":{\"@id\":\"https:\\\/\\\/fb-kitchenware.com\\\/fr\\\/negozio\\\/poele-a-frire\\\/poele-a-frire-en-acier-assaisonne-avec-manche-en-satin-noir\\\/#breadcrumb\"},\"inLanguage\":\"fr-FR\",\"potentialAction\":[{\"@type\":\"ReadAction\",\"target\":[\"https:\\\/\\\/fb-kitchenware.com\\\/fr\\\/negozio\\\/poele-a-frire\\\/poele-a-frire-en-acier-assaisonne-avec-manche-en-satin-noir\\\/\"]}]},{\"@type\":\"ImageObject\",\"inLanguage\":\"fr-FR\",\"@id\":\"https:\\\/\\\/fb-kitchenware.com\\\/fr\\\/negozio\\\/poele-a-frire\\\/poele-a-frire-en-acier-assaisonne-avec-manche-en-satin-noir\\\/#primaryimage\",\"url\":\"https:\\\/\\\/fb-kitchenware.com\\\/wp-content\\\/uploads\\\/Tavola-disegno-19.jpg\",\"contentUrl\":\"https:\\\/\\\/fb-kitchenware.com\\\/wp-content\\\/uploads\\\/Tavola-disegno-19.jpg\",\"width\":596,\"height\":596},{\"@type\":\"BreadcrumbList\",\"@id\":\"https:\\\/\\\/fb-kitchenware.com\\\/fr\\\/negozio\\\/poele-a-frire\\\/poele-a-frire-en-acier-assaisonne-avec-manche-en-satin-noir\\\/#breadcrumb\",\"itemListElement\":[{\"@type\":\"ListItem\",\"position\":1,\"name\":\"Home\",\"item\":\"https:\\\/\\\/fb-kitchenware.com\\\/fr\\\/\"},{\"@type\":\"ListItem\",\"position\":2,\"name\":\"Po\u00eale \u00e0 frire en fer assaisonn\u00e9 avec manche en satin noir\"}]},{\"@type\":\"WebSite\",\"@id\":\"https:\\\/\\\/fb-kitchenware.com\\\/fr\\\/#website\",\"url\":\"https:\\\/\\\/fb-kitchenware.com\\\/fr\\\/\",\"name\":\"FB Kitchenware\",\"description\":\"\",\"publisher\":{\"@id\":\"https:\\\/\\\/fb-kitchenware.com\\\/fr\\\/#organization\"},\"potentialAction\":[{\"@type\":\"SearchAction\",\"target\":{\"@type\":\"EntryPoint\",\"urlTemplate\":\"https:\\\/\\\/fb-kitchenware.com\\\/fr\\\/?s={search_term_string}\"},\"query-input\":{\"@type\":\"PropertyValueSpecification\",\"valueRequired\":true,\"valueName\":\"search_term_string\"}}],\"inLanguage\":\"fr-FR\"},{\"@type\":\"Organization\",\"@id\":\"https:\\\/\\\/fb-kitchenware.com\\\/fr\\\/#organization\",\"name\":\"FB Kitchenware\",\"url\":\"https:\\\/\\\/fb-kitchenware.com\\\/fr\\\/\",\"logo\":{\"@type\":\"ImageObject\",\"inLanguage\":\"fr-FR\",\"@id\":\"https:\\\/\\\/fb-kitchenware.com\\\/fr\\\/#\\\/schema\\\/logo\\\/image\\\/\",\"url\":\"https:\\\/\\\/fb-kitchenware.com\\\/wp-content\\\/uploads\\\/logo_gold.png\",\"contentUrl\":\"https:\\\/\\\/fb-kitchenware.com\\\/wp-content\\\/uploads\\\/logo_gold.png\",\"width\":900,\"height\":900,\"caption\":\"FB Kitchenware\"},\"image\":{\"@id\":\"https:\\\/\\\/fb-kitchenware.com\\\/fr\\\/#\\\/schema\\\/logo\\\/image\\\/\"}}]}<\/script>\n<!-- \/ Yoast SEO plugin. -->","yoast_head_json":{"title":"Po\u00eale \u00e0 frire en fer assaisonn\u00e9 avec manche en satin noir %%page% acier - FB Kitchenware.","description":"Po\u00eale \u00e0 frire en acier assaisonn\u00e9 avec manche en satin noir. Naturellement antiadh\u00e9sive, haute temp\u00e9rature, induction, four et BBQ.","robots":{"index":"index","follow":"follow","max-snippet":"max-snippet:-1","max-image-preview":"max-image-preview:large","max-video-preview":"max-video-preview:-1"},"canonical":"https:\/\/fb-kitchenware.com\/fr\/negozio\/poele-a-frire\/poele-a-frire-en-acier-assaisonne-avec-manche-en-satin-noir\/","og_locale":"fr_FR","og_type":"article","og_title":"Po\u00eale \u00e0 frire en fer assaisonn\u00e9 avec manche en satin noir %%page% acier - FB Kitchenware.","og_description":"Po\u00eale \u00e0 frire en acier assaisonn\u00e9 avec manche en satin noir. Naturellement antiadh\u00e9sive, haute temp\u00e9rature, induction, four et BBQ.","og_url":"https:\/\/fb-kitchenware.com\/fr\/negozio\/poele-a-frire\/poele-a-frire-en-acier-assaisonne-avec-manche-en-satin-noir\/","og_site_name":"FB Kitchenware","article_modified_time":"2026-03-02T09:56:58+00:00","og_image":[{"width":1920,"height":1920,"url":"https:\/\/fb-kitchenware.com\/wp-content\/uploads\/207.jpg","type":"image\/jpeg"}],"twitter_card":"summary_large_image","schema":{"@context":"https:\/\/schema.org","@graph":[{"@type":"WebPage","@id":"https:\/\/fb-kitchenware.com\/fr\/negozio\/poele-a-frire\/poele-a-frire-en-acier-assaisonne-avec-manche-en-satin-noir\/","url":"https:\/\/fb-kitchenware.com\/fr\/negozio\/poele-a-frire\/poele-a-frire-en-acier-assaisonne-avec-manche-en-satin-noir\/","name":"Po\u00eale \u00e0 frire en fer assaisonn\u00e9 avec manche en satin noir %%page% acier - FB Kitchenware.","isPartOf":{"@id":"https:\/\/fb-kitchenware.com\/fr\/#website"},"primaryImageOfPage":{"@id":"https:\/\/fb-kitchenware.com\/fr\/negozio\/poele-a-frire\/poele-a-frire-en-acier-assaisonne-avec-manche-en-satin-noir\/#primaryimage"},"image":{"@id":"https:\/\/fb-kitchenware.com\/fr\/negozio\/poele-a-frire\/poele-a-frire-en-acier-assaisonne-avec-manche-en-satin-noir\/#primaryimage"},"thumbnailUrl":"https:\/\/fb-kitchenware.com\/wp-content\/uploads\/Tavola-disegno-19.jpg","datePublished":"2026-02-05T11:56:22+00:00","dateModified":"2026-03-02T09:56:58+00:00","description":"Po\u00eale \u00e0 frire en acier assaisonn\u00e9 avec manche en satin noir. Naturellement antiadh\u00e9sive, haute temp\u00e9rature, induction, four et BBQ.","breadcrumb":{"@id":"https:\/\/fb-kitchenware.com\/fr\/negozio\/poele-a-frire\/poele-a-frire-en-acier-assaisonne-avec-manche-en-satin-noir\/#breadcrumb"},"inLanguage":"fr-FR","potentialAction":[{"@type":"ReadAction","target":["https:\/\/fb-kitchenware.com\/fr\/negozio\/poele-a-frire\/poele-a-frire-en-acier-assaisonne-avec-manche-en-satin-noir\/"]}]},{"@type":"ImageObject","inLanguage":"fr-FR","@id":"https:\/\/fb-kitchenware.com\/fr\/negozio\/poele-a-frire\/poele-a-frire-en-acier-assaisonne-avec-manche-en-satin-noir\/#primaryimage","url":"https:\/\/fb-kitchenware.com\/wp-content\/uploads\/Tavola-disegno-19.jpg","contentUrl":"https:\/\/fb-kitchenware.com\/wp-content\/uploads\/Tavola-disegno-19.jpg","width":596,"height":596},{"@type":"BreadcrumbList","@id":"https:\/\/fb-kitchenware.com\/fr\/negozio\/poele-a-frire\/poele-a-frire-en-acier-assaisonne-avec-manche-en-satin-noir\/#breadcrumb","itemListElement":[{"@type":"ListItem","position":1,"name":"Home","item":"https:\/\/fb-kitchenware.com\/fr\/"},{"@type":"ListItem","position":2,"name":"Po\u00eale \u00e0 frire en fer assaisonn\u00e9 avec manche en satin noir"}]},{"@type":"WebSite","@id":"https:\/\/fb-kitchenware.com\/fr\/#website","url":"https:\/\/fb-kitchenware.com\/fr\/","name":"FB Kitchenware","description":"","publisher":{"@id":"https:\/\/fb-kitchenware.com\/fr\/#organization"},"potentialAction":[{"@type":"SearchAction","target":{"@type":"EntryPoint","urlTemplate":"https:\/\/fb-kitchenware.com\/fr\/?s={search_term_string}"},"query-input":{"@type":"PropertyValueSpecification","valueRequired":true,"valueName":"search_term_string"}}],"inLanguage":"fr-FR"},{"@type":"Organization","@id":"https:\/\/fb-kitchenware.com\/fr\/#organization","name":"FB Kitchenware","url":"https:\/\/fb-kitchenware.com\/fr\/","logo":{"@type":"ImageObject","inLanguage":"fr-FR","@id":"https:\/\/fb-kitchenware.com\/fr\/#\/schema\/logo\/image\/","url":"https:\/\/fb-kitchenware.com\/wp-content\/uploads\/logo_gold.png","contentUrl":"https:\/\/fb-kitchenware.com\/wp-content\/uploads\/logo_gold.png","width":900,"height":900,"caption":"FB Kitchenware"},"image":{"@id":"https:\/\/fb-kitchenware.com\/fr\/#\/schema\/logo\/image\/"}}]}},"_links":{"self":[{"href":"https:\/\/fb-kitchenware.com\/fr\/wp-json\/wp\/v2\/product\/6431","targetHints":{"allow":["GET"]}}],"collection":[{"href":"https:\/\/fb-kitchenware.com\/fr\/wp-json\/wp\/v2\/product"}],"about":[{"href":"https:\/\/fb-kitchenware.com\/fr\/wp-json\/wp\/v2\/types\/product"}],"wp:featuredmedia":[{"embeddable":true,"href":"https:\/\/fb-kitchenware.com\/fr\/wp-json\/wp\/v2\/media\/7383"}],"wp:attachment":[{"href":"https:\/\/fb-kitchenware.com\/fr\/wp-json\/wp\/v2\/media?parent=6431"}],"wp:term":[{"taxonomy":"product_brand","embeddable":true,"href":"https:\/\/fb-kitchenware.com\/fr\/wp-json\/wp\/v2\/product_brand?post=6431"},{"taxonomy":"product_cat","embeddable":true,"href":"https:\/\/fb-kitchenware.com\/fr\/wp-json\/wp\/v2\/product_cat?post=6431"},{"taxonomy":"product_tag","embeddable":true,"href":"https:\/\/fb-kitchenware.com\/fr\/wp-json\/wp\/v2\/product_tag?post=6431"}],"curies":[{"name":"wp","href":"https:\/\/api.w.org\/{rel}","templated":true}]}}