{"id":6470,"date":"2026-02-05T12:36:37","date_gmt":"2026-02-05T11:36:37","guid":{"rendered":"https:\/\/fb-kitchenware.com\/negozio\/non class\u00e9\/fourchette-cheffork-304-bbq\/"},"modified":"2026-02-05T12:36:37","modified_gmt":"2026-02-05T11:36:37","slug":"fourchette-cheffork-304-bbq","status":"publish","type":"product","link":"https:\/\/fb-kitchenware.com\/fr\/negozio\/grille\/fourchette-cheffork-304-bbq\/","title":{"rendered":"Fourchette ChefFork 304 BBQ"},"content":{"rendered":"","protected":false},"excerpt":{"rendered":"<p><strong>Disponible \u00e0 partir d&#8217;avril 2026<\/strong><\/p>\n<p>La fourchette ChefFork 304 BBQ est con\u00e7ue pour une manipulation pr\u00e9cise des viandes et des grosses pi\u00e8ces sur le gril. Fabriqu\u00e9e en acier inoxydable AISI 304, elle garantit la r\u00e9sistance \u00e0 la chaleur, la solidit\u00e9 de la structure et le contr\u00f4le de la cuisson. Sa longueur de 45 cm vous permet de travailler sur le gril tout en restant \u00e0 l&#8217;abri de la chaleur. Un outil indispensable pour ceux qui cuisinent au barbecue avec m\u00e9thode et s\u00e9curit\u00e9.   <\/p>\n","protected":false},"featured_media":6520,"template":"","meta":{"_acf_changed":false},"product_brand":[542],"product_cat":[543,615,654],"product_tag":[],"class_list":{"0":"post-6470","1":"product","2":"type-product","3":"status-publish","4":"has-post-thumbnail","6":"product_brand-ustensiles-bbq-fb-kitchenware","7":"product_cat-grille","8":"product_cat-bbq","9":"product_cat-nouveaute","11":"first","12":"instock","13":"taxable","14":"shipping-taxable","15":"purchasable","16":"product-type-simple"},"acf":[],"yoast_head":"<!-- This site is optimized with the Yoast SEO plugin v27.3 - https:\/\/yoast.com\/product\/yoast-seo-wordpress\/ -->\n<title>Fourchette ChefFork 304 BBQ - FB Kitchenware<\/title>\n<meta name=\"description\" content=\"Fourchette ChefFork pour barbecue en acier inoxydable AISI 304 de 45 cm. Id\u00e9ale pour retourner, soulever et contr\u00f4ler les viandes grill\u00e9es et les barbecues.\" \/>\n<meta name=\"robots\" content=\"index, follow, max-snippet:-1, max-image-preview:large, max-video-preview:-1\" \/>\n<link rel=\"canonical\" href=\"https:\/\/fb-kitchenware.com\/fr\/negozio\/grille\/fourchette-cheffork-304-bbq\/\" \/>\n<meta property=\"og:locale\" content=\"fr_FR\" \/>\n<meta property=\"og:type\" content=\"article\" \/>\n<meta property=\"og:title\" content=\"Fourchette ChefFork 304 BBQ - FB Kitchenware\" \/>\n<meta property=\"og:description\" content=\"Fourchette ChefFork pour barbecue en acier inoxydable AISI 304 de 45 cm. Id\u00e9ale pour retourner, soulever et contr\u00f4ler les viandes grill\u00e9es et les barbecues.\" \/>\n<meta property=\"og:url\" content=\"https:\/\/fb-kitchenware.com\/fr\/negozio\/grille\/fourchette-cheffork-304-bbq\/\" \/>\n<meta property=\"og:site_name\" content=\"FB Kitchenware\" \/>\n<meta property=\"og:image\" content=\"https:\/\/fb-kitchenware.com\/wp-content\/uploads\/236.jpg\" \/>\n\t<meta property=\"og:image:width\" content=\"1920\" \/>\n\t<meta property=\"og:image:height\" content=\"1920\" \/>\n\t<meta property=\"og:image:type\" content=\"image\/jpeg\" \/>\n<meta name=\"twitter:card\" content=\"summary_large_image\" \/>\n<script type=\"application\/ld+json\" class=\"yoast-schema-graph\">{\"@context\":\"https:\\\/\\\/schema.org\",\"@graph\":[{\"@type\":\"WebPage\",\"@id\":\"https:\\\/\\\/fb-kitchenware.com\\\/fr\\\/negozio\\\/grille\\\/fourchette-cheffork-304-bbq\\\/\",\"url\":\"https:\\\/\\\/fb-kitchenware.com\\\/fr\\\/negozio\\\/grille\\\/fourchette-cheffork-304-bbq\\\/\",\"name\":\"Fourchette ChefFork 304 BBQ - FB Kitchenware\",\"isPartOf\":{\"@id\":\"https:\\\/\\\/fb-kitchenware.com\\\/fr\\\/#website\"},\"primaryImageOfPage\":{\"@id\":\"https:\\\/\\\/fb-kitchenware.com\\\/fr\\\/negozio\\\/grille\\\/fourchette-cheffork-304-bbq\\\/#primaryimage\"},\"image\":{\"@id\":\"https:\\\/\\\/fb-kitchenware.com\\\/fr\\\/negozio\\\/grille\\\/fourchette-cheffork-304-bbq\\\/#primaryimage\"},\"thumbnailUrl\":\"https:\\\/\\\/fb-kitchenware.com\\\/wp-content\\\/uploads\\\/236.jpg\",\"datePublished\":\"2026-02-05T11:36:37+00:00\",\"description\":\"Fourchette ChefFork pour barbecue en acier inoxydable AISI 304 de 45 cm. Id\u00e9ale pour retourner, soulever et contr\u00f4ler les viandes grill\u00e9es et les barbecues.\",\"breadcrumb\":{\"@id\":\"https:\\\/\\\/fb-kitchenware.com\\\/fr\\\/negozio\\\/grille\\\/fourchette-cheffork-304-bbq\\\/#breadcrumb\"},\"inLanguage\":\"fr-FR\",\"potentialAction\":[{\"@type\":\"ReadAction\",\"target\":[\"https:\\\/\\\/fb-kitchenware.com\\\/fr\\\/negozio\\\/grille\\\/fourchette-cheffork-304-bbq\\\/\"]}]},{\"@type\":\"ImageObject\",\"inLanguage\":\"fr-FR\",\"@id\":\"https:\\\/\\\/fb-kitchenware.com\\\/fr\\\/negozio\\\/grille\\\/fourchette-cheffork-304-bbq\\\/#primaryimage\",\"url\":\"https:\\\/\\\/fb-kitchenware.com\\\/wp-content\\\/uploads\\\/236.jpg\",\"contentUrl\":\"https:\\\/\\\/fb-kitchenware.com\\\/wp-content\\\/uploads\\\/236.jpg\",\"width\":1920,\"height\":1920},{\"@type\":\"BreadcrumbList\",\"@id\":\"https:\\\/\\\/fb-kitchenware.com\\\/fr\\\/negozio\\\/grille\\\/fourchette-cheffork-304-bbq\\\/#breadcrumb\",\"itemListElement\":[{\"@type\":\"ListItem\",\"position\":1,\"name\":\"Home\",\"item\":\"https:\\\/\\\/fb-kitchenware.com\\\/fr\\\/\"},{\"@type\":\"ListItem\",\"position\":2,\"name\":\"Fourchette ChefFork 304 BBQ\"}]},{\"@type\":\"WebSite\",\"@id\":\"https:\\\/\\\/fb-kitchenware.com\\\/fr\\\/#website\",\"url\":\"https:\\\/\\\/fb-kitchenware.com\\\/fr\\\/\",\"name\":\"FB Kitchenware\",\"description\":\"\",\"publisher\":{\"@id\":\"https:\\\/\\\/fb-kitchenware.com\\\/fr\\\/#organization\"},\"potentialAction\":[{\"@type\":\"SearchAction\",\"target\":{\"@type\":\"EntryPoint\",\"urlTemplate\":\"https:\\\/\\\/fb-kitchenware.com\\\/fr\\\/?s={search_term_string}\"},\"query-input\":{\"@type\":\"PropertyValueSpecification\",\"valueRequired\":true,\"valueName\":\"search_term_string\"}}],\"inLanguage\":\"fr-FR\"},{\"@type\":\"Organization\",\"@id\":\"https:\\\/\\\/fb-kitchenware.com\\\/fr\\\/#organization\",\"name\":\"FB Kitchenware\",\"url\":\"https:\\\/\\\/fb-kitchenware.com\\\/fr\\\/\",\"logo\":{\"@type\":\"ImageObject\",\"inLanguage\":\"fr-FR\",\"@id\":\"https:\\\/\\\/fb-kitchenware.com\\\/fr\\\/#\\\/schema\\\/logo\\\/image\\\/\",\"url\":\"https:\\\/\\\/fb-kitchenware.com\\\/wp-content\\\/uploads\\\/logo_gold.png\",\"contentUrl\":\"https:\\\/\\\/fb-kitchenware.com\\\/wp-content\\\/uploads\\\/logo_gold.png\",\"width\":900,\"height\":900,\"caption\":\"FB Kitchenware\"},\"image\":{\"@id\":\"https:\\\/\\\/fb-kitchenware.com\\\/fr\\\/#\\\/schema\\\/logo\\\/image\\\/\"}}]}<\/script>\n<!-- \/ Yoast SEO plugin. -->","yoast_head_json":{"title":"Fourchette ChefFork 304 BBQ - FB Kitchenware","description":"Fourchette ChefFork pour barbecue en acier inoxydable AISI 304 de 45 cm. Id\u00e9ale pour retourner, soulever et contr\u00f4ler les viandes grill\u00e9es et les barbecues.","robots":{"index":"index","follow":"follow","max-snippet":"max-snippet:-1","max-image-preview":"max-image-preview:large","max-video-preview":"max-video-preview:-1"},"canonical":"https:\/\/fb-kitchenware.com\/fr\/negozio\/grille\/fourchette-cheffork-304-bbq\/","og_locale":"fr_FR","og_type":"article","og_title":"Fourchette ChefFork 304 BBQ - FB Kitchenware","og_description":"Fourchette ChefFork pour barbecue en acier inoxydable AISI 304 de 45 cm. Id\u00e9ale pour retourner, soulever et contr\u00f4ler les viandes grill\u00e9es et les barbecues.","og_url":"https:\/\/fb-kitchenware.com\/fr\/negozio\/grille\/fourchette-cheffork-304-bbq\/","og_site_name":"FB Kitchenware","og_image":[{"width":1920,"height":1920,"url":"https:\/\/fb-kitchenware.com\/wp-content\/uploads\/236.jpg","type":"image\/jpeg"}],"twitter_card":"summary_large_image","schema":{"@context":"https:\/\/schema.org","@graph":[{"@type":"WebPage","@id":"https:\/\/fb-kitchenware.com\/fr\/negozio\/grille\/fourchette-cheffork-304-bbq\/","url":"https:\/\/fb-kitchenware.com\/fr\/negozio\/grille\/fourchette-cheffork-304-bbq\/","name":"Fourchette ChefFork 304 BBQ - FB Kitchenware","isPartOf":{"@id":"https:\/\/fb-kitchenware.com\/fr\/#website"},"primaryImageOfPage":{"@id":"https:\/\/fb-kitchenware.com\/fr\/negozio\/grille\/fourchette-cheffork-304-bbq\/#primaryimage"},"image":{"@id":"https:\/\/fb-kitchenware.com\/fr\/negozio\/grille\/fourchette-cheffork-304-bbq\/#primaryimage"},"thumbnailUrl":"https:\/\/fb-kitchenware.com\/wp-content\/uploads\/236.jpg","datePublished":"2026-02-05T11:36:37+00:00","description":"Fourchette ChefFork pour barbecue en acier inoxydable AISI 304 de 45 cm. Id\u00e9ale pour retourner, soulever et contr\u00f4ler les viandes grill\u00e9es et les barbecues.","breadcrumb":{"@id":"https:\/\/fb-kitchenware.com\/fr\/negozio\/grille\/fourchette-cheffork-304-bbq\/#breadcrumb"},"inLanguage":"fr-FR","potentialAction":[{"@type":"ReadAction","target":["https:\/\/fb-kitchenware.com\/fr\/negozio\/grille\/fourchette-cheffork-304-bbq\/"]}]},{"@type":"ImageObject","inLanguage":"fr-FR","@id":"https:\/\/fb-kitchenware.com\/fr\/negozio\/grille\/fourchette-cheffork-304-bbq\/#primaryimage","url":"https:\/\/fb-kitchenware.com\/wp-content\/uploads\/236.jpg","contentUrl":"https:\/\/fb-kitchenware.com\/wp-content\/uploads\/236.jpg","width":1920,"height":1920},{"@type":"BreadcrumbList","@id":"https:\/\/fb-kitchenware.com\/fr\/negozio\/grille\/fourchette-cheffork-304-bbq\/#breadcrumb","itemListElement":[{"@type":"ListItem","position":1,"name":"Home","item":"https:\/\/fb-kitchenware.com\/fr\/"},{"@type":"ListItem","position":2,"name":"Fourchette ChefFork 304 BBQ"}]},{"@type":"WebSite","@id":"https:\/\/fb-kitchenware.com\/fr\/#website","url":"https:\/\/fb-kitchenware.com\/fr\/","name":"FB Kitchenware","description":"","publisher":{"@id":"https:\/\/fb-kitchenware.com\/fr\/#organization"},"potentialAction":[{"@type":"SearchAction","target":{"@type":"EntryPoint","urlTemplate":"https:\/\/fb-kitchenware.com\/fr\/?s={search_term_string}"},"query-input":{"@type":"PropertyValueSpecification","valueRequired":true,"valueName":"search_term_string"}}],"inLanguage":"fr-FR"},{"@type":"Organization","@id":"https:\/\/fb-kitchenware.com\/fr\/#organization","name":"FB Kitchenware","url":"https:\/\/fb-kitchenware.com\/fr\/","logo":{"@type":"ImageObject","inLanguage":"fr-FR","@id":"https:\/\/fb-kitchenware.com\/fr\/#\/schema\/logo\/image\/","url":"https:\/\/fb-kitchenware.com\/wp-content\/uploads\/logo_gold.png","contentUrl":"https:\/\/fb-kitchenware.com\/wp-content\/uploads\/logo_gold.png","width":900,"height":900,"caption":"FB Kitchenware"},"image":{"@id":"https:\/\/fb-kitchenware.com\/fr\/#\/schema\/logo\/image\/"}}]}},"_links":{"self":[{"href":"https:\/\/fb-kitchenware.com\/fr\/wp-json\/wp\/v2\/product\/6470","targetHints":{"allow":["GET"]}}],"collection":[{"href":"https:\/\/fb-kitchenware.com\/fr\/wp-json\/wp\/v2\/product"}],"about":[{"href":"https:\/\/fb-kitchenware.com\/fr\/wp-json\/wp\/v2\/types\/product"}],"wp:featuredmedia":[{"embeddable":true,"href":"https:\/\/fb-kitchenware.com\/fr\/wp-json\/wp\/v2\/media\/6520"}],"wp:attachment":[{"href":"https:\/\/fb-kitchenware.com\/fr\/wp-json\/wp\/v2\/media?parent=6470"}],"wp:term":[{"taxonomy":"product_brand","embeddable":true,"href":"https:\/\/fb-kitchenware.com\/fr\/wp-json\/wp\/v2\/product_brand?post=6470"},{"taxonomy":"product_cat","embeddable":true,"href":"https:\/\/fb-kitchenware.com\/fr\/wp-json\/wp\/v2\/product_cat?post=6470"},{"taxonomy":"product_tag","embeddable":true,"href":"https:\/\/fb-kitchenware.com\/fr\/wp-json\/wp\/v2\/product_tag?post=6470"}],"curies":[{"name":"wp","href":"https:\/\/api.w.org\/{rel}","templated":true}]}}