{"id":6617,"date":"2026-02-05T12:36:37","date_gmt":"2026-02-05T11:36:37","guid":{"rendered":"https:\/\/fb-kitchenware.com\/negozio\/non%20class\u00e9\/wok-en-acier-assaisonne-avec-poignee-en-satin-noir\/"},"modified":"2026-03-02T11:18:27","modified_gmt":"2026-03-02T10:18:27","slug":"wok-en-acier-assaisonne-avec-poignee-en-satin-noir","status":"publish","type":"product","link":"https:\/\/fb-kitchenware.com\/fr\/negozio\/wok\/wok-en-acier-assaisonne-avec-poignee-en-satin-noir\/","title":{"rendered":"Wok en acier assaisonn\u00e9 avec poign\u00e9e en satin noir"},"content":{"rendered":"","protected":false},"excerpt":{"rendered":"<p data-start=\"1610\" data-end=\"1901\">Le wok en acier assaisonn\u00e9 de 26 cm est fabriqu\u00e9 en <strong data-start=\"1657\" data-end=\"1685\">fer DC04<\/strong>, un mat\u00e9riau choisi pour sa <strong data-start=\"1715\" data-end=\"1737\">r\u00e9activit\u00e9 thermique<\/strong> et sa capacit\u00e9 \u00e0 travailler efficacement \u00e0 des temp\u00e9ratures \u00e9lev\u00e9es. Il n&#8217;est pas con\u00e7u pour la cuisson passive, mais pour la cuisson avec mouvement, contr\u00f4le et rapidit\u00e9. <\/p>\n","protected":false},"featured_media":7387,"template":"","meta":{"_acf_changed":false},"product_brand":[660],"product_cat":[579,654],"product_tag":[],"class_list":{"0":"post-6617","1":"product","2":"type-product","3":"status-publish","4":"has-post-thumbnail","6":"product_brand-poeles-en-fer-seasonedsteel","7":"product_cat-wok","8":"product_cat-nouveaute","10":"first","11":"instock","12":"taxable","13":"shipping-taxable","14":"purchasable","15":"product-type-simple"},"acf":[],"yoast_head":"<!-- This site is optimized with the Yoast SEO plugin v27.3 - https:\/\/yoast.com\/product\/yoast-seo-wordpress\/ -->\n<title>Wok en acier assaisonn\u00e9 avec poign\u00e9e en satin noir - FB Kitchenware<\/title>\n<meta name=\"description\" content=\"Wok en fer de 26 cm assaisonn\u00e9 d&#039;acier. Antiadh\u00e9sif naturel, haute temp\u00e9rature, induction et BBQ. Pour faire sauter et dorer sans enduit.\" \/>\n<meta name=\"robots\" content=\"index, follow, max-snippet:-1, max-image-preview:large, max-video-preview:-1\" \/>\n<link rel=\"canonical\" href=\"https:\/\/fb-kitchenware.com\/fr\/negozio\/wok\/wok-en-acier-assaisonne-avec-poignee-en-satin-noir\/\" \/>\n<meta property=\"og:locale\" content=\"fr_FR\" \/>\n<meta property=\"og:type\" content=\"article\" \/>\n<meta property=\"og:title\" content=\"Wok en acier assaisonn\u00e9 avec poign\u00e9e en satin noir - FB Kitchenware\" \/>\n<meta property=\"og:description\" content=\"Wok en fer de 26 cm assaisonn\u00e9 d&#039;acier. Antiadh\u00e9sif naturel, haute temp\u00e9rature, induction et BBQ. Pour faire sauter et dorer sans enduit.\" \/>\n<meta property=\"og:url\" content=\"https:\/\/fb-kitchenware.com\/fr\/negozio\/wok\/wok-en-acier-assaisonne-avec-poignee-en-satin-noir\/\" \/>\n<meta property=\"og:site_name\" content=\"FB Kitchenware\" \/>\n<meta property=\"article:modified_time\" content=\"2026-03-02T10:18:27+00:00\" \/>\n<meta property=\"og:image\" content=\"https:\/\/fb-kitchenware.com\/wp-content\/uploads\/seasoned-wopsd-copia.jpg\" \/>\n\t<meta property=\"og:image:width\" content=\"1920\" \/>\n\t<meta property=\"og:image:height\" content=\"1920\" \/>\n\t<meta property=\"og:image:type\" content=\"image\/jpeg\" \/>\n<meta name=\"twitter:card\" content=\"summary_large_image\" \/>\n<script type=\"application\/ld+json\" class=\"yoast-schema-graph\">{\"@context\":\"https:\\\/\\\/schema.org\",\"@graph\":[{\"@type\":\"WebPage\",\"@id\":\"https:\\\/\\\/fb-kitchenware.com\\\/fr\\\/negozio\\\/wok\\\/wok-en-acier-assaisonne-avec-poignee-en-satin-noir\\\/\",\"url\":\"https:\\\/\\\/fb-kitchenware.com\\\/fr\\\/negozio\\\/wok\\\/wok-en-acier-assaisonne-avec-poignee-en-satin-noir\\\/\",\"name\":\"Wok en acier assaisonn\u00e9 avec poign\u00e9e en satin noir - FB Kitchenware\",\"isPartOf\":{\"@id\":\"https:\\\/\\\/fb-kitchenware.com\\\/fr\\\/#website\"},\"primaryImageOfPage\":{\"@id\":\"https:\\\/\\\/fb-kitchenware.com\\\/fr\\\/negozio\\\/wok\\\/wok-en-acier-assaisonne-avec-poignee-en-satin-noir\\\/#primaryimage\"},\"image\":{\"@id\":\"https:\\\/\\\/fb-kitchenware.com\\\/fr\\\/negozio\\\/wok\\\/wok-en-acier-assaisonne-avec-poignee-en-satin-noir\\\/#primaryimage\"},\"thumbnailUrl\":\"https:\\\/\\\/fb-kitchenware.com\\\/wp-content\\\/uploads\\\/seasoned-wopsd-copia.jpg\",\"datePublished\":\"2026-02-05T11:36:37+00:00\",\"dateModified\":\"2026-03-02T10:18:27+00:00\",\"description\":\"Wok en fer de 26 cm assaisonn\u00e9 d'acier. Antiadh\u00e9sif naturel, haute temp\u00e9rature, induction et BBQ. Pour faire sauter et dorer sans enduit.\",\"breadcrumb\":{\"@id\":\"https:\\\/\\\/fb-kitchenware.com\\\/fr\\\/negozio\\\/wok\\\/wok-en-acier-assaisonne-avec-poignee-en-satin-noir\\\/#breadcrumb\"},\"inLanguage\":\"fr-FR\",\"potentialAction\":[{\"@type\":\"ReadAction\",\"target\":[\"https:\\\/\\\/fb-kitchenware.com\\\/fr\\\/negozio\\\/wok\\\/wok-en-acier-assaisonne-avec-poignee-en-satin-noir\\\/\"]}]},{\"@type\":\"ImageObject\",\"inLanguage\":\"fr-FR\",\"@id\":\"https:\\\/\\\/fb-kitchenware.com\\\/fr\\\/negozio\\\/wok\\\/wok-en-acier-assaisonne-avec-poignee-en-satin-noir\\\/#primaryimage\",\"url\":\"https:\\\/\\\/fb-kitchenware.com\\\/wp-content\\\/uploads\\\/seasoned-wopsd-copia.jpg\",\"contentUrl\":\"https:\\\/\\\/fb-kitchenware.com\\\/wp-content\\\/uploads\\\/seasoned-wopsd-copia.jpg\",\"width\":1920,\"height\":1920},{\"@type\":\"BreadcrumbList\",\"@id\":\"https:\\\/\\\/fb-kitchenware.com\\\/fr\\\/negozio\\\/wok\\\/wok-en-acier-assaisonne-avec-poignee-en-satin-noir\\\/#breadcrumb\",\"itemListElement\":[{\"@type\":\"ListItem\",\"position\":1,\"name\":\"Home\",\"item\":\"https:\\\/\\\/fb-kitchenware.com\\\/fr\\\/\"},{\"@type\":\"ListItem\",\"position\":2,\"name\":\"Wok en acier assaisonn\u00e9 avec poign\u00e9e en satin noir\"}]},{\"@type\":\"WebSite\",\"@id\":\"https:\\\/\\\/fb-kitchenware.com\\\/fr\\\/#website\",\"url\":\"https:\\\/\\\/fb-kitchenware.com\\\/fr\\\/\",\"name\":\"FB Kitchenware\",\"description\":\"\",\"publisher\":{\"@id\":\"https:\\\/\\\/fb-kitchenware.com\\\/fr\\\/#organization\"},\"potentialAction\":[{\"@type\":\"SearchAction\",\"target\":{\"@type\":\"EntryPoint\",\"urlTemplate\":\"https:\\\/\\\/fb-kitchenware.com\\\/fr\\\/?s={search_term_string}\"},\"query-input\":{\"@type\":\"PropertyValueSpecification\",\"valueRequired\":true,\"valueName\":\"search_term_string\"}}],\"inLanguage\":\"fr-FR\"},{\"@type\":\"Organization\",\"@id\":\"https:\\\/\\\/fb-kitchenware.com\\\/fr\\\/#organization\",\"name\":\"FB Kitchenware\",\"url\":\"https:\\\/\\\/fb-kitchenware.com\\\/fr\\\/\",\"logo\":{\"@type\":\"ImageObject\",\"inLanguage\":\"fr-FR\",\"@id\":\"https:\\\/\\\/fb-kitchenware.com\\\/fr\\\/#\\\/schema\\\/logo\\\/image\\\/\",\"url\":\"https:\\\/\\\/fb-kitchenware.com\\\/wp-content\\\/uploads\\\/logo_gold.png\",\"contentUrl\":\"https:\\\/\\\/fb-kitchenware.com\\\/wp-content\\\/uploads\\\/logo_gold.png\",\"width\":900,\"height\":900,\"caption\":\"FB Kitchenware\"},\"image\":{\"@id\":\"https:\\\/\\\/fb-kitchenware.com\\\/fr\\\/#\\\/schema\\\/logo\\\/image\\\/\"}}]}<\/script>\n<!-- \/ Yoast SEO plugin. -->","yoast_head_json":{"title":"Wok en acier assaisonn\u00e9 avec poign\u00e9e en satin noir - FB Kitchenware","description":"Wok en fer de 26 cm assaisonn\u00e9 d'acier. Antiadh\u00e9sif naturel, haute temp\u00e9rature, induction et BBQ. Pour faire sauter et dorer sans enduit.","robots":{"index":"index","follow":"follow","max-snippet":"max-snippet:-1","max-image-preview":"max-image-preview:large","max-video-preview":"max-video-preview:-1"},"canonical":"https:\/\/fb-kitchenware.com\/fr\/negozio\/wok\/wok-en-acier-assaisonne-avec-poignee-en-satin-noir\/","og_locale":"fr_FR","og_type":"article","og_title":"Wok en acier assaisonn\u00e9 avec poign\u00e9e en satin noir - FB Kitchenware","og_description":"Wok en fer de 26 cm assaisonn\u00e9 d'acier. Antiadh\u00e9sif naturel, haute temp\u00e9rature, induction et BBQ. Pour faire sauter et dorer sans enduit.","og_url":"https:\/\/fb-kitchenware.com\/fr\/negozio\/wok\/wok-en-acier-assaisonne-avec-poignee-en-satin-noir\/","og_site_name":"FB Kitchenware","article_modified_time":"2026-03-02T10:18:27+00:00","og_image":[{"width":1920,"height":1920,"url":"https:\/\/fb-kitchenware.com\/wp-content\/uploads\/seasoned-wopsd-copia.jpg","type":"image\/jpeg"}],"twitter_card":"summary_large_image","schema":{"@context":"https:\/\/schema.org","@graph":[{"@type":"WebPage","@id":"https:\/\/fb-kitchenware.com\/fr\/negozio\/wok\/wok-en-acier-assaisonne-avec-poignee-en-satin-noir\/","url":"https:\/\/fb-kitchenware.com\/fr\/negozio\/wok\/wok-en-acier-assaisonne-avec-poignee-en-satin-noir\/","name":"Wok en acier assaisonn\u00e9 avec poign\u00e9e en satin noir - FB Kitchenware","isPartOf":{"@id":"https:\/\/fb-kitchenware.com\/fr\/#website"},"primaryImageOfPage":{"@id":"https:\/\/fb-kitchenware.com\/fr\/negozio\/wok\/wok-en-acier-assaisonne-avec-poignee-en-satin-noir\/#primaryimage"},"image":{"@id":"https:\/\/fb-kitchenware.com\/fr\/negozio\/wok\/wok-en-acier-assaisonne-avec-poignee-en-satin-noir\/#primaryimage"},"thumbnailUrl":"https:\/\/fb-kitchenware.com\/wp-content\/uploads\/seasoned-wopsd-copia.jpg","datePublished":"2026-02-05T11:36:37+00:00","dateModified":"2026-03-02T10:18:27+00:00","description":"Wok en fer de 26 cm assaisonn\u00e9 d'acier. Antiadh\u00e9sif naturel, haute temp\u00e9rature, induction et BBQ. Pour faire sauter et dorer sans enduit.","breadcrumb":{"@id":"https:\/\/fb-kitchenware.com\/fr\/negozio\/wok\/wok-en-acier-assaisonne-avec-poignee-en-satin-noir\/#breadcrumb"},"inLanguage":"fr-FR","potentialAction":[{"@type":"ReadAction","target":["https:\/\/fb-kitchenware.com\/fr\/negozio\/wok\/wok-en-acier-assaisonne-avec-poignee-en-satin-noir\/"]}]},{"@type":"ImageObject","inLanguage":"fr-FR","@id":"https:\/\/fb-kitchenware.com\/fr\/negozio\/wok\/wok-en-acier-assaisonne-avec-poignee-en-satin-noir\/#primaryimage","url":"https:\/\/fb-kitchenware.com\/wp-content\/uploads\/seasoned-wopsd-copia.jpg","contentUrl":"https:\/\/fb-kitchenware.com\/wp-content\/uploads\/seasoned-wopsd-copia.jpg","width":1920,"height":1920},{"@type":"BreadcrumbList","@id":"https:\/\/fb-kitchenware.com\/fr\/negozio\/wok\/wok-en-acier-assaisonne-avec-poignee-en-satin-noir\/#breadcrumb","itemListElement":[{"@type":"ListItem","position":1,"name":"Home","item":"https:\/\/fb-kitchenware.com\/fr\/"},{"@type":"ListItem","position":2,"name":"Wok en acier assaisonn\u00e9 avec poign\u00e9e en satin noir"}]},{"@type":"WebSite","@id":"https:\/\/fb-kitchenware.com\/fr\/#website","url":"https:\/\/fb-kitchenware.com\/fr\/","name":"FB Kitchenware","description":"","publisher":{"@id":"https:\/\/fb-kitchenware.com\/fr\/#organization"},"potentialAction":[{"@type":"SearchAction","target":{"@type":"EntryPoint","urlTemplate":"https:\/\/fb-kitchenware.com\/fr\/?s={search_term_string}"},"query-input":{"@type":"PropertyValueSpecification","valueRequired":true,"valueName":"search_term_string"}}],"inLanguage":"fr-FR"},{"@type":"Organization","@id":"https:\/\/fb-kitchenware.com\/fr\/#organization","name":"FB Kitchenware","url":"https:\/\/fb-kitchenware.com\/fr\/","logo":{"@type":"ImageObject","inLanguage":"fr-FR","@id":"https:\/\/fb-kitchenware.com\/fr\/#\/schema\/logo\/image\/","url":"https:\/\/fb-kitchenware.com\/wp-content\/uploads\/logo_gold.png","contentUrl":"https:\/\/fb-kitchenware.com\/wp-content\/uploads\/logo_gold.png","width":900,"height":900,"caption":"FB Kitchenware"},"image":{"@id":"https:\/\/fb-kitchenware.com\/fr\/#\/schema\/logo\/image\/"}}]}},"_links":{"self":[{"href":"https:\/\/fb-kitchenware.com\/fr\/wp-json\/wp\/v2\/product\/6617","targetHints":{"allow":["GET"]}}],"collection":[{"href":"https:\/\/fb-kitchenware.com\/fr\/wp-json\/wp\/v2\/product"}],"about":[{"href":"https:\/\/fb-kitchenware.com\/fr\/wp-json\/wp\/v2\/types\/product"}],"wp:featuredmedia":[{"embeddable":true,"href":"https:\/\/fb-kitchenware.com\/fr\/wp-json\/wp\/v2\/media\/7387"}],"wp:attachment":[{"href":"https:\/\/fb-kitchenware.com\/fr\/wp-json\/wp\/v2\/media?parent=6617"}],"wp:term":[{"taxonomy":"product_brand","embeddable":true,"href":"https:\/\/fb-kitchenware.com\/fr\/wp-json\/wp\/v2\/product_brand?post=6617"},{"taxonomy":"product_cat","embeddable":true,"href":"https:\/\/fb-kitchenware.com\/fr\/wp-json\/wp\/v2\/product_cat?post=6617"},{"taxonomy":"product_tag","embeddable":true,"href":"https:\/\/fb-kitchenware.com\/fr\/wp-json\/wp\/v2\/product_tag?post=6617"}],"curies":[{"name":"wp","href":"https:\/\/api.w.org\/{rel}","templated":true}]}}