{"id":6623,"date":"2026-02-05T12:56:22","date_gmt":"2026-02-05T11:56:22","guid":{"rendered":"https:\/\/fb-kitchenware.com\/negozio\/non%20class\u00e9\/poele-a-frire-en-acier-assaisonne-avec-poignee-en-satin-noir-et-poignee-de-soutien\/"},"modified":"2026-03-02T11:00:59","modified_gmt":"2026-03-02T10:00:59","slug":"poele-a-frire-en-acier-assaisonne-avec-poignee-en-satin-noir-et-poignee-de-soutien","status":"publish","type":"product","link":"https:\/\/fb-kitchenware.com\/fr\/negozio\/poele-a-frire\/poele-a-frire-en-acier-assaisonne-avec-poignee-en-satin-noir-et-poignee-de-soutien\/","title":{"rendered":"Po\u00eale \u00e0 frire en acier assaisonn\u00e9 avec poign\u00e9e en satin noir et poign\u00e9e de soutien"},"content":{"rendered":"","protected":false},"excerpt":{"rendered":"<p data-start=\"295\" data-end=\"725\"><strong>Disponible \u00e0 partir d&#8217;avril 2026<br \/>\n<\/strong><br \/>\nPo\u00eale en acier assaisonn\u00e9 de grand format, con\u00e7ue pour traiter de grandes quantit\u00e9s et des temp\u00e9ratures \u00e9lev\u00e9es sans perdre le contr\u00f4le. Le pr\u00e9traitement \u00e0 l&#8217;huile naturelle initie la non-adh\u00e9rence, qui se d\u00e9veloppe avec l&#8217;utilisation. Le double point de prise, la poign\u00e9e noire satin\u00e9e et la poign\u00e9e de soutien, garantissent la stabilit\u00e9 et la s\u00e9curit\u00e9. Id\u00e9al pour cuisiner de grandes portions, quelle que soit la source de chaleur, y compris le four et le barbecue.   <\/p>\n","protected":false},"featured_media":7379,"template":"","meta":{"_acf_changed":false},"product_brand":[660],"product_cat":[514,654],"product_tag":[],"class_list":{"0":"post-6623","1":"product","2":"type-product","3":"status-publish","4":"has-post-thumbnail","6":"product_brand-poeles-en-fer-seasonedsteel","7":"product_cat-poele-a-frire","8":"product_cat-nouveaute","10":"first","11":"instock","12":"taxable","13":"shipping-taxable","14":"purchasable","15":"product-type-variable"},"acf":[],"yoast_head":"<!-- This site is optimized with the Yoast SEO plugin v27.3 - https:\/\/yoast.com\/product\/yoast-seo-wordpress\/ -->\n<title>Po\u00eale \u00e0 frire en fer assaisonn\u00e9e avec poign\u00e9e de soutien-FB Kitchenware<\/title>\n<meta name=\"description\" content=\"Po\u00eale \u00e0 frire grand format en acier assaisonn\u00e9 en fer DC04 avec poign\u00e9e de support. Naturellement antiadh\u00e9sive, induction, four et BBQ.\" \/>\n<meta name=\"robots\" content=\"index, follow, max-snippet:-1, max-image-preview:large, max-video-preview:-1\" \/>\n<link rel=\"canonical\" href=\"https:\/\/fb-kitchenware.com\/fr\/negozio\/poele-a-frire\/poele-a-frire-en-acier-assaisonne-avec-poignee-en-satin-noir-et-poignee-de-soutien\/\" \/>\n<meta property=\"og:locale\" content=\"fr_FR\" \/>\n<meta property=\"og:type\" content=\"article\" \/>\n<meta property=\"og:title\" content=\"Po\u00eale \u00e0 frire en fer assaisonn\u00e9e avec poign\u00e9e de soutien-FB Kitchenware\" \/>\n<meta property=\"og:description\" content=\"Po\u00eale \u00e0 frire grand format en acier assaisonn\u00e9 en fer DC04 avec poign\u00e9e de support. Naturellement antiadh\u00e9sive, induction, four et BBQ.\" \/>\n<meta property=\"og:url\" content=\"https:\/\/fb-kitchenware.com\/fr\/negozio\/poele-a-frire\/poele-a-frire-en-acier-assaisonne-avec-poignee-en-satin-noir-et-poignee-de-soutien\/\" \/>\n<meta property=\"og:site_name\" content=\"FB Kitchenware\" \/>\n<meta property=\"article:modified_time\" content=\"2026-03-02T10:00:59+00:00\" \/>\n<meta property=\"og:image\" content=\"https:\/\/fb-kitchenware.com\/wp-content\/uploads\/207.jpg\" \/>\n\t<meta property=\"og:image:width\" content=\"1920\" \/>\n\t<meta property=\"og:image:height\" content=\"1920\" \/>\n\t<meta property=\"og:image:type\" content=\"image\/jpeg\" \/>\n<meta name=\"twitter:card\" content=\"summary_large_image\" \/>\n<script type=\"application\/ld+json\" class=\"yoast-schema-graph\">{\"@context\":\"https:\\\/\\\/schema.org\",\"@graph\":[{\"@type\":\"WebPage\",\"@id\":\"https:\\\/\\\/fb-kitchenware.com\\\/fr\\\/negozio\\\/poele-a-frire\\\/poele-a-frire-en-acier-assaisonne-avec-poignee-en-satin-noir-et-poignee-de-soutien\\\/\",\"url\":\"https:\\\/\\\/fb-kitchenware.com\\\/fr\\\/negozio\\\/poele-a-frire\\\/poele-a-frire-en-acier-assaisonne-avec-poignee-en-satin-noir-et-poignee-de-soutien\\\/\",\"name\":\"Po\u00eale \u00e0 frire en fer assaisonn\u00e9e avec poign\u00e9e de soutien-FB Kitchenware\",\"isPartOf\":{\"@id\":\"https:\\\/\\\/fb-kitchenware.com\\\/fr\\\/#website\"},\"primaryImageOfPage\":{\"@id\":\"https:\\\/\\\/fb-kitchenware.com\\\/fr\\\/negozio\\\/poele-a-frire\\\/poele-a-frire-en-acier-assaisonne-avec-poignee-en-satin-noir-et-poignee-de-soutien\\\/#primaryimage\"},\"image\":{\"@id\":\"https:\\\/\\\/fb-kitchenware.com\\\/fr\\\/negozio\\\/poele-a-frire\\\/poele-a-frire-en-acier-assaisonne-avec-poignee-en-satin-noir-et-poignee-de-soutien\\\/#primaryimage\"},\"thumbnailUrl\":\"https:\\\/\\\/fb-kitchenware.com\\\/wp-content\\\/uploads\\\/Tavola-disegno-18.png\",\"datePublished\":\"2026-02-05T11:56:22+00:00\",\"dateModified\":\"2026-03-02T10:00:59+00:00\",\"description\":\"Po\u00eale \u00e0 frire grand format en acier assaisonn\u00e9 en fer DC04 avec poign\u00e9e de support. Naturellement antiadh\u00e9sive, induction, four et BBQ.\",\"breadcrumb\":{\"@id\":\"https:\\\/\\\/fb-kitchenware.com\\\/fr\\\/negozio\\\/poele-a-frire\\\/poele-a-frire-en-acier-assaisonne-avec-poignee-en-satin-noir-et-poignee-de-soutien\\\/#breadcrumb\"},\"inLanguage\":\"fr-FR\",\"potentialAction\":[{\"@type\":\"ReadAction\",\"target\":[\"https:\\\/\\\/fb-kitchenware.com\\\/fr\\\/negozio\\\/poele-a-frire\\\/poele-a-frire-en-acier-assaisonne-avec-poignee-en-satin-noir-et-poignee-de-soutien\\\/\"]}]},{\"@type\":\"ImageObject\",\"inLanguage\":\"fr-FR\",\"@id\":\"https:\\\/\\\/fb-kitchenware.com\\\/fr\\\/negozio\\\/poele-a-frire\\\/poele-a-frire-en-acier-assaisonne-avec-poignee-en-satin-noir-et-poignee-de-soutien\\\/#primaryimage\",\"url\":\"https:\\\/\\\/fb-kitchenware.com\\\/wp-content\\\/uploads\\\/Tavola-disegno-18.png\",\"contentUrl\":\"https:\\\/\\\/fb-kitchenware.com\\\/wp-content\\\/uploads\\\/Tavola-disegno-18.png\",\"width\":597,\"height\":596},{\"@type\":\"BreadcrumbList\",\"@id\":\"https:\\\/\\\/fb-kitchenware.com\\\/fr\\\/negozio\\\/poele-a-frire\\\/poele-a-frire-en-acier-assaisonne-avec-poignee-en-satin-noir-et-poignee-de-soutien\\\/#breadcrumb\",\"itemListElement\":[{\"@type\":\"ListItem\",\"position\":1,\"name\":\"Home\",\"item\":\"https:\\\/\\\/fb-kitchenware.com\\\/fr\\\/\"},{\"@type\":\"ListItem\",\"position\":2,\"name\":\"Po\u00eale \u00e0 frire en acier assaisonn\u00e9 avec poign\u00e9e en satin noir et poign\u00e9e de soutien\"}]},{\"@type\":\"WebSite\",\"@id\":\"https:\\\/\\\/fb-kitchenware.com\\\/fr\\\/#website\",\"url\":\"https:\\\/\\\/fb-kitchenware.com\\\/fr\\\/\",\"name\":\"FB Kitchenware\",\"description\":\"\",\"publisher\":{\"@id\":\"https:\\\/\\\/fb-kitchenware.com\\\/fr\\\/#organization\"},\"potentialAction\":[{\"@type\":\"SearchAction\",\"target\":{\"@type\":\"EntryPoint\",\"urlTemplate\":\"https:\\\/\\\/fb-kitchenware.com\\\/fr\\\/?s={search_term_string}\"},\"query-input\":{\"@type\":\"PropertyValueSpecification\",\"valueRequired\":true,\"valueName\":\"search_term_string\"}}],\"inLanguage\":\"fr-FR\"},{\"@type\":\"Organization\",\"@id\":\"https:\\\/\\\/fb-kitchenware.com\\\/fr\\\/#organization\",\"name\":\"FB Kitchenware\",\"url\":\"https:\\\/\\\/fb-kitchenware.com\\\/fr\\\/\",\"logo\":{\"@type\":\"ImageObject\",\"inLanguage\":\"fr-FR\",\"@id\":\"https:\\\/\\\/fb-kitchenware.com\\\/fr\\\/#\\\/schema\\\/logo\\\/image\\\/\",\"url\":\"https:\\\/\\\/fb-kitchenware.com\\\/wp-content\\\/uploads\\\/logo_gold.png\",\"contentUrl\":\"https:\\\/\\\/fb-kitchenware.com\\\/wp-content\\\/uploads\\\/logo_gold.png\",\"width\":900,\"height\":900,\"caption\":\"FB Kitchenware\"},\"image\":{\"@id\":\"https:\\\/\\\/fb-kitchenware.com\\\/fr\\\/#\\\/schema\\\/logo\\\/image\\\/\"}}]}<\/script>\n<!-- \/ Yoast SEO plugin. -->","yoast_head_json":{"title":"Po\u00eale \u00e0 frire en fer assaisonn\u00e9e avec poign\u00e9e de soutien-FB Kitchenware","description":"Po\u00eale \u00e0 frire grand format en acier assaisonn\u00e9 en fer DC04 avec poign\u00e9e de support. Naturellement antiadh\u00e9sive, induction, four et BBQ.","robots":{"index":"index","follow":"follow","max-snippet":"max-snippet:-1","max-image-preview":"max-image-preview:large","max-video-preview":"max-video-preview:-1"},"canonical":"https:\/\/fb-kitchenware.com\/fr\/negozio\/poele-a-frire\/poele-a-frire-en-acier-assaisonne-avec-poignee-en-satin-noir-et-poignee-de-soutien\/","og_locale":"fr_FR","og_type":"article","og_title":"Po\u00eale \u00e0 frire en fer assaisonn\u00e9e avec poign\u00e9e de soutien-FB Kitchenware","og_description":"Po\u00eale \u00e0 frire grand format en acier assaisonn\u00e9 en fer DC04 avec poign\u00e9e de support. Naturellement antiadh\u00e9sive, induction, four et BBQ.","og_url":"https:\/\/fb-kitchenware.com\/fr\/negozio\/poele-a-frire\/poele-a-frire-en-acier-assaisonne-avec-poignee-en-satin-noir-et-poignee-de-soutien\/","og_site_name":"FB Kitchenware","article_modified_time":"2026-03-02T10:00:59+00:00","og_image":[{"width":1920,"height":1920,"url":"https:\/\/fb-kitchenware.com\/wp-content\/uploads\/207.jpg","type":"image\/jpeg"}],"twitter_card":"summary_large_image","schema":{"@context":"https:\/\/schema.org","@graph":[{"@type":"WebPage","@id":"https:\/\/fb-kitchenware.com\/fr\/negozio\/poele-a-frire\/poele-a-frire-en-acier-assaisonne-avec-poignee-en-satin-noir-et-poignee-de-soutien\/","url":"https:\/\/fb-kitchenware.com\/fr\/negozio\/poele-a-frire\/poele-a-frire-en-acier-assaisonne-avec-poignee-en-satin-noir-et-poignee-de-soutien\/","name":"Po\u00eale \u00e0 frire en fer assaisonn\u00e9e avec poign\u00e9e de soutien-FB Kitchenware","isPartOf":{"@id":"https:\/\/fb-kitchenware.com\/fr\/#website"},"primaryImageOfPage":{"@id":"https:\/\/fb-kitchenware.com\/fr\/negozio\/poele-a-frire\/poele-a-frire-en-acier-assaisonne-avec-poignee-en-satin-noir-et-poignee-de-soutien\/#primaryimage"},"image":{"@id":"https:\/\/fb-kitchenware.com\/fr\/negozio\/poele-a-frire\/poele-a-frire-en-acier-assaisonne-avec-poignee-en-satin-noir-et-poignee-de-soutien\/#primaryimage"},"thumbnailUrl":"https:\/\/fb-kitchenware.com\/wp-content\/uploads\/Tavola-disegno-18.png","datePublished":"2026-02-05T11:56:22+00:00","dateModified":"2026-03-02T10:00:59+00:00","description":"Po\u00eale \u00e0 frire grand format en acier assaisonn\u00e9 en fer DC04 avec poign\u00e9e de support. Naturellement antiadh\u00e9sive, induction, four et BBQ.","breadcrumb":{"@id":"https:\/\/fb-kitchenware.com\/fr\/negozio\/poele-a-frire\/poele-a-frire-en-acier-assaisonne-avec-poignee-en-satin-noir-et-poignee-de-soutien\/#breadcrumb"},"inLanguage":"fr-FR","potentialAction":[{"@type":"ReadAction","target":["https:\/\/fb-kitchenware.com\/fr\/negozio\/poele-a-frire\/poele-a-frire-en-acier-assaisonne-avec-poignee-en-satin-noir-et-poignee-de-soutien\/"]}]},{"@type":"ImageObject","inLanguage":"fr-FR","@id":"https:\/\/fb-kitchenware.com\/fr\/negozio\/poele-a-frire\/poele-a-frire-en-acier-assaisonne-avec-poignee-en-satin-noir-et-poignee-de-soutien\/#primaryimage","url":"https:\/\/fb-kitchenware.com\/wp-content\/uploads\/Tavola-disegno-18.png","contentUrl":"https:\/\/fb-kitchenware.com\/wp-content\/uploads\/Tavola-disegno-18.png","width":597,"height":596},{"@type":"BreadcrumbList","@id":"https:\/\/fb-kitchenware.com\/fr\/negozio\/poele-a-frire\/poele-a-frire-en-acier-assaisonne-avec-poignee-en-satin-noir-et-poignee-de-soutien\/#breadcrumb","itemListElement":[{"@type":"ListItem","position":1,"name":"Home","item":"https:\/\/fb-kitchenware.com\/fr\/"},{"@type":"ListItem","position":2,"name":"Po\u00eale \u00e0 frire en acier assaisonn\u00e9 avec poign\u00e9e en satin noir et poign\u00e9e de soutien"}]},{"@type":"WebSite","@id":"https:\/\/fb-kitchenware.com\/fr\/#website","url":"https:\/\/fb-kitchenware.com\/fr\/","name":"FB Kitchenware","description":"","publisher":{"@id":"https:\/\/fb-kitchenware.com\/fr\/#organization"},"potentialAction":[{"@type":"SearchAction","target":{"@type":"EntryPoint","urlTemplate":"https:\/\/fb-kitchenware.com\/fr\/?s={search_term_string}"},"query-input":{"@type":"PropertyValueSpecification","valueRequired":true,"valueName":"search_term_string"}}],"inLanguage":"fr-FR"},{"@type":"Organization","@id":"https:\/\/fb-kitchenware.com\/fr\/#organization","name":"FB Kitchenware","url":"https:\/\/fb-kitchenware.com\/fr\/","logo":{"@type":"ImageObject","inLanguage":"fr-FR","@id":"https:\/\/fb-kitchenware.com\/fr\/#\/schema\/logo\/image\/","url":"https:\/\/fb-kitchenware.com\/wp-content\/uploads\/logo_gold.png","contentUrl":"https:\/\/fb-kitchenware.com\/wp-content\/uploads\/logo_gold.png","width":900,"height":900,"caption":"FB Kitchenware"},"image":{"@id":"https:\/\/fb-kitchenware.com\/fr\/#\/schema\/logo\/image\/"}}]}},"_links":{"self":[{"href":"https:\/\/fb-kitchenware.com\/fr\/wp-json\/wp\/v2\/product\/6623","targetHints":{"allow":["GET"]}}],"collection":[{"href":"https:\/\/fb-kitchenware.com\/fr\/wp-json\/wp\/v2\/product"}],"about":[{"href":"https:\/\/fb-kitchenware.com\/fr\/wp-json\/wp\/v2\/types\/product"}],"wp:featuredmedia":[{"embeddable":true,"href":"https:\/\/fb-kitchenware.com\/fr\/wp-json\/wp\/v2\/media\/7379"}],"wp:attachment":[{"href":"https:\/\/fb-kitchenware.com\/fr\/wp-json\/wp\/v2\/media?parent=6623"}],"wp:term":[{"taxonomy":"product_brand","embeddable":true,"href":"https:\/\/fb-kitchenware.com\/fr\/wp-json\/wp\/v2\/product_brand?post=6623"},{"taxonomy":"product_cat","embeddable":true,"href":"https:\/\/fb-kitchenware.com\/fr\/wp-json\/wp\/v2\/product_cat?post=6623"},{"taxonomy":"product_tag","embeddable":true,"href":"https:\/\/fb-kitchenware.com\/fr\/wp-json\/wp\/v2\/product_tag?post=6623"}],"curies":[{"name":"wp","href":"https:\/\/api.w.org\/{rel}","templated":true}]}}