{"id":6646,"date":"2026-02-05T12:36:37","date_gmt":"2026-02-05T11:36:37","guid":{"rendered":"https:\/\/fb-kitchenware.com\/negozio\/non class\u00e9\/cheftools-outils-de-barbecue-en-acier-inoxydable-et-bois-dacacia-3-pieces-set\/"},"modified":"2026-02-05T12:36:37","modified_gmt":"2026-02-05T11:36:37","slug":"cheftools-outils-de-barbecue-en-acier-inoxydable-et-bois-dacacia-3-pieces-set","status":"publish","type":"product","link":"https:\/\/fb-kitchenware.com\/fr\/negozio\/grille\/cheftools-outils-de-barbecue-en-acier-inoxydable-et-bois-dacacia-3-pieces-set\/","title":{"rendered":"ChefTools &#8211; Outils de barbecue en acier inoxydable et bois d&#8217;acacia &#8211; 3 pi\u00e8ces\/set"},"content":{"rendered":"","protected":false},"excerpt":{"rendered":"<p><strong>Disponible \u00e0 partir d&#8217;avril 2026<\/strong><\/p>\n<p>Ensemble ChefTools compos\u00e9 de trois outils pour barbecue avec corps en acier inoxydable et poign\u00e9es en bois d&#8217;acacia. Con\u00e7u pour une gestion compl\u00e8te du gril, il allie fonctionnalit\u00e9 et mat\u00e9riaux naturels. Id\u00e9al pour ceux qui recherchent des outils essentiels, solides et \u00e9quilibr\u00e9s.  <\/p>\n","protected":false},"featured_media":6644,"template":"","meta":{"_acf_changed":false},"product_brand":[542],"product_cat":[543,615,654],"product_tag":[],"class_list":{"0":"post-6646","1":"product","2":"type-product","3":"status-publish","4":"has-post-thumbnail","6":"product_brand-ustensiles-bbq-fb-kitchenware","7":"product_cat-grille","8":"product_cat-bbq","9":"product_cat-nouveaute","11":"first","12":"instock","13":"taxable","14":"shipping-taxable","15":"purchasable","16":"product-type-simple"},"acf":[],"yoast_head":"<!-- This site is optimized with the Yoast SEO plugin v27.3 - https:\/\/yoast.com\/product\/yoast-seo-wordpress\/ -->\n<title>ChefTools - Outil BBQ - 3 sets\/pi\u00e8ces -FB Kitchenware%.<\/title>\n<meta name=\"description\" content=\"Set d&#039;outils pour barbecue en acier inoxydable et bois d&#039;acacia. 3 pi\u00e8ces pour le gril. Gestion compl\u00e8te du gril, alliant fonctionnalit\u00e9 et mat\u00e9riaux naturels.\" \/>\n<meta name=\"robots\" content=\"index, follow, max-snippet:-1, max-image-preview:large, max-video-preview:-1\" \/>\n<link rel=\"canonical\" href=\"https:\/\/fb-kitchenware.com\/fr\/negozio\/grille\/cheftools-outils-de-barbecue-en-acier-inoxydable-et-bois-dacacia-3-pieces-set\/\" \/>\n<meta property=\"og:locale\" content=\"fr_FR\" \/>\n<meta property=\"og:type\" content=\"article\" \/>\n<meta property=\"og:title\" content=\"ChefTools - Outil BBQ - 3 sets\/pi\u00e8ces -FB Kitchenware%.\" \/>\n<meta property=\"og:description\" content=\"Set d&#039;outils pour barbecue en acier inoxydable et bois d&#039;acacia. 3 pi\u00e8ces pour le gril. Gestion compl\u00e8te du gril, alliant fonctionnalit\u00e9 et mat\u00e9riaux naturels.\" \/>\n<meta property=\"og:url\" content=\"https:\/\/fb-kitchenware.com\/fr\/negozio\/grille\/cheftools-outils-de-barbecue-en-acier-inoxydable-et-bois-dacacia-3-pieces-set\/\" \/>\n<meta property=\"og:site_name\" content=\"FB Kitchenware\" \/>\n<meta property=\"og:image\" content=\"https:\/\/fb-kitchenware.com\/wp-content\/uploads\/241.jpg\" \/>\n\t<meta property=\"og:image:width\" content=\"1920\" \/>\n\t<meta property=\"og:image:height\" content=\"1920\" \/>\n\t<meta property=\"og:image:type\" content=\"image\/jpeg\" \/>\n<meta name=\"twitter:card\" content=\"summary_large_image\" \/>\n<script type=\"application\/ld+json\" class=\"yoast-schema-graph\">{\"@context\":\"https:\\\/\\\/schema.org\",\"@graph\":[{\"@type\":\"WebPage\",\"@id\":\"https:\\\/\\\/fb-kitchenware.com\\\/fr\\\/negozio\\\/grille\\\/cheftools-outils-de-barbecue-en-acier-inoxydable-et-bois-dacacia-3-pieces-set\\\/\",\"url\":\"https:\\\/\\\/fb-kitchenware.com\\\/fr\\\/negozio\\\/grille\\\/cheftools-outils-de-barbecue-en-acier-inoxydable-et-bois-dacacia-3-pieces-set\\\/\",\"name\":\"ChefTools - Outil BBQ - 3 sets\\\/pi\u00e8ces -FB Kitchenware%.\",\"isPartOf\":{\"@id\":\"https:\\\/\\\/fb-kitchenware.com\\\/fr\\\/#website\"},\"primaryImageOfPage\":{\"@id\":\"https:\\\/\\\/fb-kitchenware.com\\\/fr\\\/negozio\\\/grille\\\/cheftools-outils-de-barbecue-en-acier-inoxydable-et-bois-dacacia-3-pieces-set\\\/#primaryimage\"},\"image\":{\"@id\":\"https:\\\/\\\/fb-kitchenware.com\\\/fr\\\/negozio\\\/grille\\\/cheftools-outils-de-barbecue-en-acier-inoxydable-et-bois-dacacia-3-pieces-set\\\/#primaryimage\"},\"thumbnailUrl\":\"https:\\\/\\\/fb-kitchenware.com\\\/wp-content\\\/uploads\\\/241.jpg\",\"datePublished\":\"2026-02-05T11:36:37+00:00\",\"description\":\"Set d'outils pour barbecue en acier inoxydable et bois d'acacia. 3 pi\u00e8ces pour le gril. Gestion compl\u00e8te du gril, alliant fonctionnalit\u00e9 et mat\u00e9riaux naturels.\",\"breadcrumb\":{\"@id\":\"https:\\\/\\\/fb-kitchenware.com\\\/fr\\\/negozio\\\/grille\\\/cheftools-outils-de-barbecue-en-acier-inoxydable-et-bois-dacacia-3-pieces-set\\\/#breadcrumb\"},\"inLanguage\":\"fr-FR\",\"potentialAction\":[{\"@type\":\"ReadAction\",\"target\":[\"https:\\\/\\\/fb-kitchenware.com\\\/fr\\\/negozio\\\/grille\\\/cheftools-outils-de-barbecue-en-acier-inoxydable-et-bois-dacacia-3-pieces-set\\\/\"]}]},{\"@type\":\"ImageObject\",\"inLanguage\":\"fr-FR\",\"@id\":\"https:\\\/\\\/fb-kitchenware.com\\\/fr\\\/negozio\\\/grille\\\/cheftools-outils-de-barbecue-en-acier-inoxydable-et-bois-dacacia-3-pieces-set\\\/#primaryimage\",\"url\":\"https:\\\/\\\/fb-kitchenware.com\\\/wp-content\\\/uploads\\\/241.jpg\",\"contentUrl\":\"https:\\\/\\\/fb-kitchenware.com\\\/wp-content\\\/uploads\\\/241.jpg\",\"width\":1920,\"height\":1920},{\"@type\":\"BreadcrumbList\",\"@id\":\"https:\\\/\\\/fb-kitchenware.com\\\/fr\\\/negozio\\\/grille\\\/cheftools-outils-de-barbecue-en-acier-inoxydable-et-bois-dacacia-3-pieces-set\\\/#breadcrumb\",\"itemListElement\":[{\"@type\":\"ListItem\",\"position\":1,\"name\":\"Home\",\"item\":\"https:\\\/\\\/fb-kitchenware.com\\\/fr\\\/\"},{\"@type\":\"ListItem\",\"position\":2,\"name\":\"ChefTools &#8211; Outils de barbecue en acier inoxydable et bois d&#8217;acacia &#8211; 3 pi\u00e8ces\\\/set\"}]},{\"@type\":\"WebSite\",\"@id\":\"https:\\\/\\\/fb-kitchenware.com\\\/fr\\\/#website\",\"url\":\"https:\\\/\\\/fb-kitchenware.com\\\/fr\\\/\",\"name\":\"FB Kitchenware\",\"description\":\"\",\"publisher\":{\"@id\":\"https:\\\/\\\/fb-kitchenware.com\\\/fr\\\/#organization\"},\"potentialAction\":[{\"@type\":\"SearchAction\",\"target\":{\"@type\":\"EntryPoint\",\"urlTemplate\":\"https:\\\/\\\/fb-kitchenware.com\\\/fr\\\/?s={search_term_string}\"},\"query-input\":{\"@type\":\"PropertyValueSpecification\",\"valueRequired\":true,\"valueName\":\"search_term_string\"}}],\"inLanguage\":\"fr-FR\"},{\"@type\":\"Organization\",\"@id\":\"https:\\\/\\\/fb-kitchenware.com\\\/fr\\\/#organization\",\"name\":\"FB Kitchenware\",\"url\":\"https:\\\/\\\/fb-kitchenware.com\\\/fr\\\/\",\"logo\":{\"@type\":\"ImageObject\",\"inLanguage\":\"fr-FR\",\"@id\":\"https:\\\/\\\/fb-kitchenware.com\\\/fr\\\/#\\\/schema\\\/logo\\\/image\\\/\",\"url\":\"https:\\\/\\\/fb-kitchenware.com\\\/wp-content\\\/uploads\\\/logo_gold.png\",\"contentUrl\":\"https:\\\/\\\/fb-kitchenware.com\\\/wp-content\\\/uploads\\\/logo_gold.png\",\"width\":900,\"height\":900,\"caption\":\"FB Kitchenware\"},\"image\":{\"@id\":\"https:\\\/\\\/fb-kitchenware.com\\\/fr\\\/#\\\/schema\\\/logo\\\/image\\\/\"}}]}<\/script>\n<!-- \/ Yoast SEO plugin. -->","yoast_head_json":{"title":"ChefTools - Outil BBQ - 3 sets\/pi\u00e8ces -FB Kitchenware%.","description":"Set d'outils pour barbecue en acier inoxydable et bois d'acacia. 3 pi\u00e8ces pour le gril. Gestion compl\u00e8te du gril, alliant fonctionnalit\u00e9 et mat\u00e9riaux naturels.","robots":{"index":"index","follow":"follow","max-snippet":"max-snippet:-1","max-image-preview":"max-image-preview:large","max-video-preview":"max-video-preview:-1"},"canonical":"https:\/\/fb-kitchenware.com\/fr\/negozio\/grille\/cheftools-outils-de-barbecue-en-acier-inoxydable-et-bois-dacacia-3-pieces-set\/","og_locale":"fr_FR","og_type":"article","og_title":"ChefTools - Outil BBQ - 3 sets\/pi\u00e8ces -FB Kitchenware%.","og_description":"Set d'outils pour barbecue en acier inoxydable et bois d'acacia. 3 pi\u00e8ces pour le gril. Gestion compl\u00e8te du gril, alliant fonctionnalit\u00e9 et mat\u00e9riaux naturels.","og_url":"https:\/\/fb-kitchenware.com\/fr\/negozio\/grille\/cheftools-outils-de-barbecue-en-acier-inoxydable-et-bois-dacacia-3-pieces-set\/","og_site_name":"FB Kitchenware","og_image":[{"width":1920,"height":1920,"url":"https:\/\/fb-kitchenware.com\/wp-content\/uploads\/241.jpg","type":"image\/jpeg"}],"twitter_card":"summary_large_image","schema":{"@context":"https:\/\/schema.org","@graph":[{"@type":"WebPage","@id":"https:\/\/fb-kitchenware.com\/fr\/negozio\/grille\/cheftools-outils-de-barbecue-en-acier-inoxydable-et-bois-dacacia-3-pieces-set\/","url":"https:\/\/fb-kitchenware.com\/fr\/negozio\/grille\/cheftools-outils-de-barbecue-en-acier-inoxydable-et-bois-dacacia-3-pieces-set\/","name":"ChefTools - Outil BBQ - 3 sets\/pi\u00e8ces -FB Kitchenware%.","isPartOf":{"@id":"https:\/\/fb-kitchenware.com\/fr\/#website"},"primaryImageOfPage":{"@id":"https:\/\/fb-kitchenware.com\/fr\/negozio\/grille\/cheftools-outils-de-barbecue-en-acier-inoxydable-et-bois-dacacia-3-pieces-set\/#primaryimage"},"image":{"@id":"https:\/\/fb-kitchenware.com\/fr\/negozio\/grille\/cheftools-outils-de-barbecue-en-acier-inoxydable-et-bois-dacacia-3-pieces-set\/#primaryimage"},"thumbnailUrl":"https:\/\/fb-kitchenware.com\/wp-content\/uploads\/241.jpg","datePublished":"2026-02-05T11:36:37+00:00","description":"Set d'outils pour barbecue en acier inoxydable et bois d'acacia. 3 pi\u00e8ces pour le gril. Gestion compl\u00e8te du gril, alliant fonctionnalit\u00e9 et mat\u00e9riaux naturels.","breadcrumb":{"@id":"https:\/\/fb-kitchenware.com\/fr\/negozio\/grille\/cheftools-outils-de-barbecue-en-acier-inoxydable-et-bois-dacacia-3-pieces-set\/#breadcrumb"},"inLanguage":"fr-FR","potentialAction":[{"@type":"ReadAction","target":["https:\/\/fb-kitchenware.com\/fr\/negozio\/grille\/cheftools-outils-de-barbecue-en-acier-inoxydable-et-bois-dacacia-3-pieces-set\/"]}]},{"@type":"ImageObject","inLanguage":"fr-FR","@id":"https:\/\/fb-kitchenware.com\/fr\/negozio\/grille\/cheftools-outils-de-barbecue-en-acier-inoxydable-et-bois-dacacia-3-pieces-set\/#primaryimage","url":"https:\/\/fb-kitchenware.com\/wp-content\/uploads\/241.jpg","contentUrl":"https:\/\/fb-kitchenware.com\/wp-content\/uploads\/241.jpg","width":1920,"height":1920},{"@type":"BreadcrumbList","@id":"https:\/\/fb-kitchenware.com\/fr\/negozio\/grille\/cheftools-outils-de-barbecue-en-acier-inoxydable-et-bois-dacacia-3-pieces-set\/#breadcrumb","itemListElement":[{"@type":"ListItem","position":1,"name":"Home","item":"https:\/\/fb-kitchenware.com\/fr\/"},{"@type":"ListItem","position":2,"name":"ChefTools &#8211; Outils de barbecue en acier inoxydable et bois d&#8217;acacia &#8211; 3 pi\u00e8ces\/set"}]},{"@type":"WebSite","@id":"https:\/\/fb-kitchenware.com\/fr\/#website","url":"https:\/\/fb-kitchenware.com\/fr\/","name":"FB Kitchenware","description":"","publisher":{"@id":"https:\/\/fb-kitchenware.com\/fr\/#organization"},"potentialAction":[{"@type":"SearchAction","target":{"@type":"EntryPoint","urlTemplate":"https:\/\/fb-kitchenware.com\/fr\/?s={search_term_string}"},"query-input":{"@type":"PropertyValueSpecification","valueRequired":true,"valueName":"search_term_string"}}],"inLanguage":"fr-FR"},{"@type":"Organization","@id":"https:\/\/fb-kitchenware.com\/fr\/#organization","name":"FB Kitchenware","url":"https:\/\/fb-kitchenware.com\/fr\/","logo":{"@type":"ImageObject","inLanguage":"fr-FR","@id":"https:\/\/fb-kitchenware.com\/fr\/#\/schema\/logo\/image\/","url":"https:\/\/fb-kitchenware.com\/wp-content\/uploads\/logo_gold.png","contentUrl":"https:\/\/fb-kitchenware.com\/wp-content\/uploads\/logo_gold.png","width":900,"height":900,"caption":"FB Kitchenware"},"image":{"@id":"https:\/\/fb-kitchenware.com\/fr\/#\/schema\/logo\/image\/"}}]}},"_links":{"self":[{"href":"https:\/\/fb-kitchenware.com\/fr\/wp-json\/wp\/v2\/product\/6646","targetHints":{"allow":["GET"]}}],"collection":[{"href":"https:\/\/fb-kitchenware.com\/fr\/wp-json\/wp\/v2\/product"}],"about":[{"href":"https:\/\/fb-kitchenware.com\/fr\/wp-json\/wp\/v2\/types\/product"}],"wp:featuredmedia":[{"embeddable":true,"href":"https:\/\/fb-kitchenware.com\/fr\/wp-json\/wp\/v2\/media\/6644"}],"wp:attachment":[{"href":"https:\/\/fb-kitchenware.com\/fr\/wp-json\/wp\/v2\/media?parent=6646"}],"wp:term":[{"taxonomy":"product_brand","embeddable":true,"href":"https:\/\/fb-kitchenware.com\/fr\/wp-json\/wp\/v2\/product_brand?post=6646"},{"taxonomy":"product_cat","embeddable":true,"href":"https:\/\/fb-kitchenware.com\/fr\/wp-json\/wp\/v2\/product_cat?post=6646"},{"taxonomy":"product_tag","embeddable":true,"href":"https:\/\/fb-kitchenware.com\/fr\/wp-json\/wp\/v2\/product_tag?post=6646"}],"curies":[{"name":"wp","href":"https:\/\/api.w.org\/{rel}","templated":true}]}}