{"id":6654,"date":"2025-12-01T15:51:44","date_gmt":"2025-12-01T14:51:44","guid":{"rendered":"https:\/\/fb-kitchenware.com\/negozio\/non class\u00e9\/nerosteel-poele-a-frire-en-fer-noir-24-cm-wok-26-cm\/"},"modified":"2025-12-01T15:51:44","modified_gmt":"2025-12-01T14:51:44","slug":"nerosteel-poele-a-frire-en-fer-noir-24-cm-wok-26-cm","status":"publish","type":"product","link":"https:\/\/fb-kitchenware.com\/fr\/negozio\/poele-a-frire\/nerosteel-poele-a-frire-en-fer-noir-24-cm-wok-26-cm\/","title":{"rendered":"NeroSteel | Po\u00eale \u00e0 frire en fer noir 24 cm + Wok 26 cm"},"content":{"rendered":"","protected":false},"excerpt":{"rendered":"<p data-start=\"244\" data-end=\"777\">L&#8217;<strong data-start=\"247\" data-end=\"262\">ensemble Nero Bundle de<\/strong> la collection <strong data-start=\"280\" data-end=\"293\">NeroSteel<\/strong> r\u00e9unit deux outils qui repr\u00e9sentent l&#8217;essence de la cuisine technique en fer : la <strong data-start=\"377\" data-end=\"416\">po\u00eale en fer nitrur\u00e9 de 24 cm<\/strong> et le <strong data-start=\"422\" data-end=\"447\">wok en fer de 26 cm<\/strong>, tous deux dot\u00e9s d&#8217;un design Made in Italy. Ce set a \u00e9t\u00e9 cr\u00e9\u00e9 pour ceux qui veulent red\u00e9couvrir une cuisine authentique, r\u00e9active, qui met en valeur chaque ingr\u00e9dient avec pr\u00e9cision. Il ne s&#8217;agit pas d&#8217;un ensemble con\u00e7u uniquement pour &#8220;avoir deux po\u00eales&#8221;, mais pour construire un v\u00e9ritable syst\u00e8me de cuisson bas\u00e9 sur des mat\u00e9riaux purs, une r\u00e9sistance extr\u00eame et un contr\u00f4le total de la chaleur.  <\/p>\n<p data-start=\"779\" data-end=\"1141\">La po\u00eale de 24 cm est parfaite pour rissoler, sauter, dorer et m\u00eame cuire avec une r\u00e9activit\u00e9 que les po\u00eales \u00e0 rev\u00eatement ne peuvent tout simplement pas \u00e9galer. Le wok de 26 cm ajoute de la capacit\u00e9, de la vitesse et de la puissance : c&#8217;est l&#8217;outil id\u00e9al pour les cuissons intenses, les saut\u00e9s, les saut\u00e9s rapides et les pr\u00e9parations qui n\u00e9cessitent une chaleur constante et r\u00e9partie. <\/p>\n<h2 data-start=\"2832\" data-end=\"2865\"><strong data-start=\"2835\" data-end=\"2865\">Ce que le paquet comprend<\/strong><\/h2>\n<ul data-start=\"2866\" data-end=\"3018\">\n<li data-start=\"2866\" data-end=\"2919\">\n<p data-start=\"2868\" data-end=\"2919\">1 <strong data-start=\"2870\" data-end=\"2917\">Po\u00eale \u00e0 frire en fer nitrur\u00e9 BlackSteel \u00d824 cm<\/strong><\/p>\n<\/li>\n<li data-start=\"2920\" data-end=\"2959\">\n<p data-start=\"2922\" data-end=\"2959\">1 <strong data-start=\"2924\" data-end=\"2957\">Wok en fer NeroSteel \u00d826 cm<\/strong><\/p>\n<\/li>\n<li data-start=\"2960\" data-end=\"3018\">\n<p data-start=\"2962\" data-end=\"3018\">Manuel d&#8217;utilisation, d&#8217;entretien et de maintenance du fer nitrur\u00e9<\/p>\n<\/li>\n<\/ul>\n<h3 data-start=\"794\" data-end=\"828\"><\/h3>\n","protected":false},"featured_media":7423,"template":"","meta":{"_acf_changed":false},"product_brand":[611],"product_cat":[514,579],"product_tag":[],"class_list":{"0":"post-6654","1":"product","2":"type-product","3":"status-publish","4":"has-post-thumbnail","6":"product_brand-nerosteel","7":"product_cat-poele-a-frire","8":"product_cat-wok","10":"first","11":"instock","12":"taxable","13":"shipping-taxable","14":"purchasable","15":"product-type-simple"},"acf":[],"yoast_head":"<!-- This site is optimized with the Yoast SEO plugin v27.3 - https:\/\/yoast.com\/product\/yoast-seo-wordpress\/ -->\n<title>NeroSteel | Po\u00eale \u00e0 frire en fer noir 24 cm + Wok 26 cm - FB Kitchenware<\/title>\n<meta name=\"description\" content=\"D\u00e9couvrez l&#039;ensemble Nero : po\u00eale \u00e0 frire en fer noir de 24 cm et wok de 26 cm Made in Italy. Id\u00e9al comme cadeau de No\u00ebl pour ceux qui aiment cuisiner.\" \/>\n<meta name=\"robots\" content=\"index, follow, max-snippet:-1, max-image-preview:large, max-video-preview:-1\" \/>\n<link rel=\"canonical\" href=\"https:\/\/fb-kitchenware.com\/fr\/negozio\/poele-a-frire\/nerosteel-poele-a-frire-en-fer-noir-24-cm-wok-26-cm\/\" \/>\n<meta property=\"og:locale\" content=\"fr_FR\" \/>\n<meta property=\"og:type\" content=\"article\" \/>\n<meta property=\"og:title\" content=\"NeroSteel | Po\u00eale \u00e0 frire en fer noir 24 cm + Wok 26 cm - FB Kitchenware\" \/>\n<meta property=\"og:description\" content=\"D\u00e9couvrez l&#039;ensemble Nero : po\u00eale \u00e0 frire en fer noir de 24 cm et wok de 26 cm Made in Italy. Id\u00e9al comme cadeau de No\u00ebl pour ceux qui aiment cuisiner.\" \/>\n<meta property=\"og:url\" content=\"https:\/\/fb-kitchenware.com\/fr\/negozio\/poele-a-frire\/nerosteel-poele-a-frire-en-fer-noir-24-cm-wok-26-cm\/\" \/>\n<meta property=\"og:site_name\" content=\"FB Kitchenware\" \/>\n<meta property=\"og:image\" content=\"https:\/\/fb-kitchenware.com\/wp-content\/uploads\/nero-bundle.jpg\" \/>\n\t<meta property=\"og:image:width\" content=\"1536\" \/>\n\t<meta property=\"og:image:height\" content=\"1920\" \/>\n\t<meta property=\"og:image:type\" content=\"image\/jpeg\" \/>\n<meta name=\"twitter:card\" content=\"summary_large_image\" \/>\n<script type=\"application\/ld+json\" class=\"yoast-schema-graph\">{\"@context\":\"https:\\\/\\\/schema.org\",\"@graph\":[{\"@type\":\"WebPage\",\"@id\":\"https:\\\/\\\/fb-kitchenware.com\\\/fr\\\/negozio\\\/poele-a-frire\\\/nerosteel-poele-a-frire-en-fer-noir-24-cm-wok-26-cm\\\/\",\"url\":\"https:\\\/\\\/fb-kitchenware.com\\\/fr\\\/negozio\\\/poele-a-frire\\\/nerosteel-poele-a-frire-en-fer-noir-24-cm-wok-26-cm\\\/\",\"name\":\"NeroSteel | Po\u00eale \u00e0 frire en fer noir 24 cm + Wok 26 cm - FB Kitchenware\",\"isPartOf\":{\"@id\":\"https:\\\/\\\/fb-kitchenware.com\\\/fr\\\/#website\"},\"primaryImageOfPage\":{\"@id\":\"https:\\\/\\\/fb-kitchenware.com\\\/fr\\\/negozio\\\/poele-a-frire\\\/nerosteel-poele-a-frire-en-fer-noir-24-cm-wok-26-cm\\\/#primaryimage\"},\"image\":{\"@id\":\"https:\\\/\\\/fb-kitchenware.com\\\/fr\\\/negozio\\\/poele-a-frire\\\/nerosteel-poele-a-frire-en-fer-noir-24-cm-wok-26-cm\\\/#primaryimage\"},\"thumbnailUrl\":\"https:\\\/\\\/fb-kitchenware.com\\\/wp-content\\\/uploads\\\/nero-bundle-1.jpg\",\"datePublished\":\"2025-12-01T14:51:44+00:00\",\"description\":\"D\u00e9couvrez l'ensemble Nero : po\u00eale \u00e0 frire en fer noir de 24 cm et wok de 26 cm Made in Italy. Id\u00e9al comme cadeau de No\u00ebl pour ceux qui aiment cuisiner.\",\"breadcrumb\":{\"@id\":\"https:\\\/\\\/fb-kitchenware.com\\\/fr\\\/negozio\\\/poele-a-frire\\\/nerosteel-poele-a-frire-en-fer-noir-24-cm-wok-26-cm\\\/#breadcrumb\"},\"inLanguage\":\"fr-FR\",\"potentialAction\":[{\"@type\":\"ReadAction\",\"target\":[\"https:\\\/\\\/fb-kitchenware.com\\\/fr\\\/negozio\\\/poele-a-frire\\\/nerosteel-poele-a-frire-en-fer-noir-24-cm-wok-26-cm\\\/\"]}]},{\"@type\":\"ImageObject\",\"inLanguage\":\"fr-FR\",\"@id\":\"https:\\\/\\\/fb-kitchenware.com\\\/fr\\\/negozio\\\/poele-a-frire\\\/nerosteel-poele-a-frire-en-fer-noir-24-cm-wok-26-cm\\\/#primaryimage\",\"url\":\"https:\\\/\\\/fb-kitchenware.com\\\/wp-content\\\/uploads\\\/nero-bundle-1.jpg\",\"contentUrl\":\"https:\\\/\\\/fb-kitchenware.com\\\/wp-content\\\/uploads\\\/nero-bundle-1.jpg\",\"width\":1536,\"height\":1920},{\"@type\":\"BreadcrumbList\",\"@id\":\"https:\\\/\\\/fb-kitchenware.com\\\/fr\\\/negozio\\\/poele-a-frire\\\/nerosteel-poele-a-frire-en-fer-noir-24-cm-wok-26-cm\\\/#breadcrumb\",\"itemListElement\":[{\"@type\":\"ListItem\",\"position\":1,\"name\":\"Home\",\"item\":\"https:\\\/\\\/fb-kitchenware.com\\\/fr\\\/\"},{\"@type\":\"ListItem\",\"position\":2,\"name\":\"NeroSteel | Po\u00eale \u00e0 frire en fer noir 24 cm + Wok 26 cm\"}]},{\"@type\":\"WebSite\",\"@id\":\"https:\\\/\\\/fb-kitchenware.com\\\/fr\\\/#website\",\"url\":\"https:\\\/\\\/fb-kitchenware.com\\\/fr\\\/\",\"name\":\"FB Kitchenware\",\"description\":\"\",\"publisher\":{\"@id\":\"https:\\\/\\\/fb-kitchenware.com\\\/fr\\\/#organization\"},\"potentialAction\":[{\"@type\":\"SearchAction\",\"target\":{\"@type\":\"EntryPoint\",\"urlTemplate\":\"https:\\\/\\\/fb-kitchenware.com\\\/fr\\\/?s={search_term_string}\"},\"query-input\":{\"@type\":\"PropertyValueSpecification\",\"valueRequired\":true,\"valueName\":\"search_term_string\"}}],\"inLanguage\":\"fr-FR\"},{\"@type\":\"Organization\",\"@id\":\"https:\\\/\\\/fb-kitchenware.com\\\/fr\\\/#organization\",\"name\":\"FB Kitchenware\",\"url\":\"https:\\\/\\\/fb-kitchenware.com\\\/fr\\\/\",\"logo\":{\"@type\":\"ImageObject\",\"inLanguage\":\"fr-FR\",\"@id\":\"https:\\\/\\\/fb-kitchenware.com\\\/fr\\\/#\\\/schema\\\/logo\\\/image\\\/\",\"url\":\"https:\\\/\\\/fb-kitchenware.com\\\/wp-content\\\/uploads\\\/logo_gold.png\",\"contentUrl\":\"https:\\\/\\\/fb-kitchenware.com\\\/wp-content\\\/uploads\\\/logo_gold.png\",\"width\":900,\"height\":900,\"caption\":\"FB Kitchenware\"},\"image\":{\"@id\":\"https:\\\/\\\/fb-kitchenware.com\\\/fr\\\/#\\\/schema\\\/logo\\\/image\\\/\"}}]}<\/script>\n<!-- \/ Yoast SEO plugin. -->","yoast_head_json":{"title":"NeroSteel | Po\u00eale \u00e0 frire en fer noir 24 cm + Wok 26 cm - FB Kitchenware","description":"D\u00e9couvrez l'ensemble Nero : po\u00eale \u00e0 frire en fer noir de 24 cm et wok de 26 cm Made in Italy. Id\u00e9al comme cadeau de No\u00ebl pour ceux qui aiment cuisiner.","robots":{"index":"index","follow":"follow","max-snippet":"max-snippet:-1","max-image-preview":"max-image-preview:large","max-video-preview":"max-video-preview:-1"},"canonical":"https:\/\/fb-kitchenware.com\/fr\/negozio\/poele-a-frire\/nerosteel-poele-a-frire-en-fer-noir-24-cm-wok-26-cm\/","og_locale":"fr_FR","og_type":"article","og_title":"NeroSteel | Po\u00eale \u00e0 frire en fer noir 24 cm + Wok 26 cm - FB Kitchenware","og_description":"D\u00e9couvrez l'ensemble Nero : po\u00eale \u00e0 frire en fer noir de 24 cm et wok de 26 cm Made in Italy. Id\u00e9al comme cadeau de No\u00ebl pour ceux qui aiment cuisiner.","og_url":"https:\/\/fb-kitchenware.com\/fr\/negozio\/poele-a-frire\/nerosteel-poele-a-frire-en-fer-noir-24-cm-wok-26-cm\/","og_site_name":"FB Kitchenware","og_image":[{"width":1536,"height":1920,"url":"https:\/\/fb-kitchenware.com\/wp-content\/uploads\/nero-bundle.jpg","type":"image\/jpeg"}],"twitter_card":"summary_large_image","schema":{"@context":"https:\/\/schema.org","@graph":[{"@type":"WebPage","@id":"https:\/\/fb-kitchenware.com\/fr\/negozio\/poele-a-frire\/nerosteel-poele-a-frire-en-fer-noir-24-cm-wok-26-cm\/","url":"https:\/\/fb-kitchenware.com\/fr\/negozio\/poele-a-frire\/nerosteel-poele-a-frire-en-fer-noir-24-cm-wok-26-cm\/","name":"NeroSteel | Po\u00eale \u00e0 frire en fer noir 24 cm + Wok 26 cm - FB Kitchenware","isPartOf":{"@id":"https:\/\/fb-kitchenware.com\/fr\/#website"},"primaryImageOfPage":{"@id":"https:\/\/fb-kitchenware.com\/fr\/negozio\/poele-a-frire\/nerosteel-poele-a-frire-en-fer-noir-24-cm-wok-26-cm\/#primaryimage"},"image":{"@id":"https:\/\/fb-kitchenware.com\/fr\/negozio\/poele-a-frire\/nerosteel-poele-a-frire-en-fer-noir-24-cm-wok-26-cm\/#primaryimage"},"thumbnailUrl":"https:\/\/fb-kitchenware.com\/wp-content\/uploads\/nero-bundle-1.jpg","datePublished":"2025-12-01T14:51:44+00:00","description":"D\u00e9couvrez l'ensemble Nero : po\u00eale \u00e0 frire en fer noir de 24 cm et wok de 26 cm Made in Italy. Id\u00e9al comme cadeau de No\u00ebl pour ceux qui aiment cuisiner.","breadcrumb":{"@id":"https:\/\/fb-kitchenware.com\/fr\/negozio\/poele-a-frire\/nerosteel-poele-a-frire-en-fer-noir-24-cm-wok-26-cm\/#breadcrumb"},"inLanguage":"fr-FR","potentialAction":[{"@type":"ReadAction","target":["https:\/\/fb-kitchenware.com\/fr\/negozio\/poele-a-frire\/nerosteel-poele-a-frire-en-fer-noir-24-cm-wok-26-cm\/"]}]},{"@type":"ImageObject","inLanguage":"fr-FR","@id":"https:\/\/fb-kitchenware.com\/fr\/negozio\/poele-a-frire\/nerosteel-poele-a-frire-en-fer-noir-24-cm-wok-26-cm\/#primaryimage","url":"https:\/\/fb-kitchenware.com\/wp-content\/uploads\/nero-bundle-1.jpg","contentUrl":"https:\/\/fb-kitchenware.com\/wp-content\/uploads\/nero-bundle-1.jpg","width":1536,"height":1920},{"@type":"BreadcrumbList","@id":"https:\/\/fb-kitchenware.com\/fr\/negozio\/poele-a-frire\/nerosteel-poele-a-frire-en-fer-noir-24-cm-wok-26-cm\/#breadcrumb","itemListElement":[{"@type":"ListItem","position":1,"name":"Home","item":"https:\/\/fb-kitchenware.com\/fr\/"},{"@type":"ListItem","position":2,"name":"NeroSteel | Po\u00eale \u00e0 frire en fer noir 24 cm + Wok 26 cm"}]},{"@type":"WebSite","@id":"https:\/\/fb-kitchenware.com\/fr\/#website","url":"https:\/\/fb-kitchenware.com\/fr\/","name":"FB Kitchenware","description":"","publisher":{"@id":"https:\/\/fb-kitchenware.com\/fr\/#organization"},"potentialAction":[{"@type":"SearchAction","target":{"@type":"EntryPoint","urlTemplate":"https:\/\/fb-kitchenware.com\/fr\/?s={search_term_string}"},"query-input":{"@type":"PropertyValueSpecification","valueRequired":true,"valueName":"search_term_string"}}],"inLanguage":"fr-FR"},{"@type":"Organization","@id":"https:\/\/fb-kitchenware.com\/fr\/#organization","name":"FB Kitchenware","url":"https:\/\/fb-kitchenware.com\/fr\/","logo":{"@type":"ImageObject","inLanguage":"fr-FR","@id":"https:\/\/fb-kitchenware.com\/fr\/#\/schema\/logo\/image\/","url":"https:\/\/fb-kitchenware.com\/wp-content\/uploads\/logo_gold.png","contentUrl":"https:\/\/fb-kitchenware.com\/wp-content\/uploads\/logo_gold.png","width":900,"height":900,"caption":"FB Kitchenware"},"image":{"@id":"https:\/\/fb-kitchenware.com\/fr\/#\/schema\/logo\/image\/"}}]}},"_links":{"self":[{"href":"https:\/\/fb-kitchenware.com\/fr\/wp-json\/wp\/v2\/product\/6654","targetHints":{"allow":["GET"]}}],"collection":[{"href":"https:\/\/fb-kitchenware.com\/fr\/wp-json\/wp\/v2\/product"}],"about":[{"href":"https:\/\/fb-kitchenware.com\/fr\/wp-json\/wp\/v2\/types\/product"}],"wp:featuredmedia":[{"embeddable":true,"href":"https:\/\/fb-kitchenware.com\/fr\/wp-json\/wp\/v2\/media\/7423"}],"wp:attachment":[{"href":"https:\/\/fb-kitchenware.com\/fr\/wp-json\/wp\/v2\/media?parent=6654"}],"wp:term":[{"taxonomy":"product_brand","embeddable":true,"href":"https:\/\/fb-kitchenware.com\/fr\/wp-json\/wp\/v2\/product_brand?post=6654"},{"taxonomy":"product_cat","embeddable":true,"href":"https:\/\/fb-kitchenware.com\/fr\/wp-json\/wp\/v2\/product_cat?post=6654"},{"taxonomy":"product_tag","embeddable":true,"href":"https:\/\/fb-kitchenware.com\/fr\/wp-json\/wp\/v2\/product_tag?post=6654"}],"curies":[{"name":"wp","href":"https:\/\/api.w.org\/{rel}","templated":true}]}}