{"id":6725,"date":"2025-12-01T15:51:44","date_gmt":"2025-12-01T14:51:44","guid":{"rendered":"https:\/\/fb-kitchenware.com\/negozio\/non class\u00e9\/marble-bundle-black-poele-a-frire-diam-24-poele-a-frire-diam-28-wok-avec-couvercle-marmoplus\/"},"modified":"2025-12-01T15:51:44","modified_gmt":"2025-12-01T14:51:44","slug":"marble-bundle-black-poele-a-frire-diam-24-poele-a-frire-diam-28-wok-avec-couvercle-marmoplus","status":"publish","type":"product","link":"https:\/\/fb-kitchenware.com\/fr\/negozio\/poele-a-frire\/marble-bundle-black-poele-a-frire-diam-24-poele-a-frire-diam-28-wok-avec-couvercle-marmoplus\/","title":{"rendered":"Marble Bundle Black | Po\u00eale \u00e0 frire diam 24 + Po\u00eale \u00e0 frire diam 28 + Wok avec couvercle Marmoplus"},"content":{"rendered":"","protected":false},"excerpt":{"rendered":"<p data-start=\"531\" data-end=\"955\">Le <strong data-start=\"575\" data-end=\"588\">Marble<\/strong> Bundle <strong data-start=\"534\" data-end=\"557\">Black<\/strong> de la collection <strong data-start=\"575\" data-end=\"588\">MarmoPlus<\/strong> r\u00e9unit trois ustensiles pratiques et l\u00e9gers, con\u00e7us pour une cuisine quotidienne simple, propre et sans complications : la <strong data-start=\"709\" data-end=\"765\">po\u00eale \u00e0 frire MarmoPlus en aluminium antiadh\u00e9sif de 24 cm, la po\u00eale \u00e0 frire en aluminium antiadh\u00e9sif de 28 cm <\/strong> et le <strong data-start=\"771\" data-end=\"797\">wok MarmoPlus de 26 cm.<\/strong> Il s&#8217;agit d&#8217;un ensemble con\u00e7u pour ceux qui recherchent la polyvalence, la fiabilit\u00e9 et une solution pour toutes les recettes, du d\u00e9jeuner rapide \u00e0 la pr\u00e9paration plus structur\u00e9e. <\/p>\n<p data-start=\"957\" data-end=\"1472\">Les po\u00eales \u00e0 frire de 24 et 28 cm sont parfaites pour dorer, sauter, chauffer et cuisiner avec peu de mati\u00e8re grasse, gr\u00e2ce au rev\u00eatement antiadh\u00e9sif renforc\u00e9 \u00e0 effet marbre. La surface favorise une cuisson uniforme et emp\u00eache les aliments de coller, ce qui rend ces po\u00eales id\u00e9ales pour un usage quotidien. Le wok de 26 cm compl\u00e8te l&#8217;ensemble avec sa forme profonde, id\u00e9ale pour faire sauter les l\u00e9gumes, pr\u00e9parer des plats asiatiques, cuisiner de grandes portions ou cr\u00e9er des recettes uniques avec une distribution rapide et contr\u00f4l\u00e9e de la chaleur.  <\/p>\n<h2 data-start=\"2907\" data-end=\"2940\"><strong data-start=\"2910\" data-end=\"2940\">Ce que le paquet comprend<\/strong><\/h2>\n<ul data-start=\"2941\" data-end=\"3106\">\n<li data-start=\"2941\" data-end=\"3008\">\n<p data-start=\"2943\" data-end=\"3008\">1 <strong data-start=\"2945\" data-end=\"3006\">Po\u00eale \u00e0 frire MarmoPlus en aluminium antiadh\u00e9sif \u00d824 cm &#8211; Noir<\/strong><\/p>\n<\/li>\n<li data-start=\"2941\" data-end=\"3008\">\n<p data-start=\"2943\" data-end=\"3008\">1 <strong data-start=\"2945\" data-end=\"3006\">Po\u00eale \u00e0 frire MarmoPlus en aluminium antiadh\u00e9sif \u00d828 cm &#8211; Noir<\/strong><\/p>\n<\/li>\n<li data-start=\"3009\" data-end=\"3072\">\n<p data-start=\"3011\" data-end=\"3072\">1 <strong data-start=\"3013\" data-end=\"3070\">wok MarmoPlus en aluminium antiadh\u00e9sif \u00d826 cm &#8211; Noir<\/strong><\/p>\n<\/li>\n<li data-start=\"3073\" data-end=\"3106\">\n<p data-start=\"3075\" data-end=\"3106\">Instructions d&#8217;utilisation et d&#8217;entretien<\/p>\n<\/li>\n<\/ul>\n","protected":false},"featured_media":6729,"template":"","meta":{"_acf_changed":false},"product_brand":[595],"product_cat":[514,579,644],"product_tag":[],"class_list":{"0":"post-6725","1":"product","2":"type-product","3":"status-publish","4":"has-post-thumbnail","6":"product_brand-marmoplus","7":"product_cat-poele-a-frire","8":"product_cat-wok","9":"product_cat-fin-de-serie","11":"first","12":"instock","13":"sale","14":"taxable","15":"shipping-taxable","16":"purchasable","17":"product-type-simple"},"acf":[],"yoast_head":"<!-- This site is optimized with the Yoast SEO plugin v27.3 - https:\/\/yoast.com\/product\/yoast-seo-wordpress\/ -->\n<title>Marble Bundle Black | Aluminium Frying Pan 24 cm + Wok 26 cm<\/title>\n<meta name=\"description\" content=\"D\u00e9couvrez le Marble Bundle Black : po\u00eale \u00e0 frire antiadh\u00e9sive en aluminium de 24 cm et wok MarmoPlus de 26 cm. L\u00e9ger, durable et parfait pour la cuisine de tous les jours.\" \/>\n<meta name=\"robots\" content=\"index, follow, max-snippet:-1, max-image-preview:large, max-video-preview:-1\" \/>\n<link rel=\"canonical\" href=\"https:\/\/fb-kitchenware.com\/fr\/negozio\/poele-a-frire\/marble-bundle-black-poele-a-frire-diam-24-poele-a-frire-diam-28-wok-avec-couvercle-marmoplus\/\" \/>\n<meta property=\"og:locale\" content=\"fr_FR\" \/>\n<meta property=\"og:type\" content=\"article\" \/>\n<meta property=\"og:title\" content=\"Marble Bundle Black | Aluminium Frying Pan 24 cm + Wok 26 cm\" \/>\n<meta property=\"og:description\" content=\"D\u00e9couvrez le Marble Bundle Black : po\u00eale \u00e0 frire antiadh\u00e9sive en aluminium de 24 cm et wok MarmoPlus de 26 cm. L\u00e9ger, durable et parfait pour la cuisine de tous les jours.\" \/>\n<meta property=\"og:url\" content=\"https:\/\/fb-kitchenware.com\/fr\/negozio\/poele-a-frire\/marble-bundle-black-poele-a-frire-diam-24-poele-a-frire-diam-28-wok-avec-couvercle-marmoplus\/\" \/>\n<meta property=\"og:site_name\" content=\"FB Kitchenware\" \/>\n<meta property=\"og:image\" content=\"https:\/\/fb-kitchenware.com\/wp-content\/uploads\/murble-bunde-nero-.jpg\" \/>\n\t<meta property=\"og:image:width\" content=\"1536\" \/>\n\t<meta property=\"og:image:height\" content=\"1920\" \/>\n\t<meta property=\"og:image:type\" content=\"image\/jpeg\" \/>\n<meta name=\"twitter:card\" content=\"summary_large_image\" \/>\n<script type=\"application\/ld+json\" class=\"yoast-schema-graph\">{\"@context\":\"https:\\\/\\\/schema.org\",\"@graph\":[{\"@type\":\"WebPage\",\"@id\":\"https:\\\/\\\/fb-kitchenware.com\\\/fr\\\/negozio\\\/poele-a-frire\\\/marble-bundle-black-poele-a-frire-diam-24-poele-a-frire-diam-28-wok-avec-couvercle-marmoplus\\\/\",\"url\":\"https:\\\/\\\/fb-kitchenware.com\\\/fr\\\/negozio\\\/poele-a-frire\\\/marble-bundle-black-poele-a-frire-diam-24-poele-a-frire-diam-28-wok-avec-couvercle-marmoplus\\\/\",\"name\":\"Marble Bundle Black | Aluminium Frying Pan 24 cm + Wok 26 cm\",\"isPartOf\":{\"@id\":\"https:\\\/\\\/fb-kitchenware.com\\\/fr\\\/#website\"},\"primaryImageOfPage\":{\"@id\":\"https:\\\/\\\/fb-kitchenware.com\\\/fr\\\/negozio\\\/poele-a-frire\\\/marble-bundle-black-poele-a-frire-diam-24-poele-a-frire-diam-28-wok-avec-couvercle-marmoplus\\\/#primaryimage\"},\"image\":{\"@id\":\"https:\\\/\\\/fb-kitchenware.com\\\/fr\\\/negozio\\\/poele-a-frire\\\/marble-bundle-black-poele-a-frire-diam-24-poele-a-frire-diam-28-wok-avec-couvercle-marmoplus\\\/#primaryimage\"},\"thumbnailUrl\":\"https:\\\/\\\/fb-kitchenware.com\\\/wp-content\\\/uploads\\\/murble-bunde-nero-.jpg\",\"datePublished\":\"2025-12-01T14:51:44+00:00\",\"description\":\"D\u00e9couvrez le Marble Bundle Black : po\u00eale \u00e0 frire antiadh\u00e9sive en aluminium de 24 cm et wok MarmoPlus de 26 cm. L\u00e9ger, durable et parfait pour la cuisine de tous les jours.\",\"breadcrumb\":{\"@id\":\"https:\\\/\\\/fb-kitchenware.com\\\/fr\\\/negozio\\\/poele-a-frire\\\/marble-bundle-black-poele-a-frire-diam-24-poele-a-frire-diam-28-wok-avec-couvercle-marmoplus\\\/#breadcrumb\"},\"inLanguage\":\"fr-FR\",\"potentialAction\":[{\"@type\":\"ReadAction\",\"target\":[\"https:\\\/\\\/fb-kitchenware.com\\\/fr\\\/negozio\\\/poele-a-frire\\\/marble-bundle-black-poele-a-frire-diam-24-poele-a-frire-diam-28-wok-avec-couvercle-marmoplus\\\/\"]}]},{\"@type\":\"ImageObject\",\"inLanguage\":\"fr-FR\",\"@id\":\"https:\\\/\\\/fb-kitchenware.com\\\/fr\\\/negozio\\\/poele-a-frire\\\/marble-bundle-black-poele-a-frire-diam-24-poele-a-frire-diam-28-wok-avec-couvercle-marmoplus\\\/#primaryimage\",\"url\":\"https:\\\/\\\/fb-kitchenware.com\\\/wp-content\\\/uploads\\\/murble-bunde-nero-.jpg\",\"contentUrl\":\"https:\\\/\\\/fb-kitchenware.com\\\/wp-content\\\/uploads\\\/murble-bunde-nero-.jpg\",\"width\":1536,\"height\":1920},{\"@type\":\"BreadcrumbList\",\"@id\":\"https:\\\/\\\/fb-kitchenware.com\\\/fr\\\/negozio\\\/poele-a-frire\\\/marble-bundle-black-poele-a-frire-diam-24-poele-a-frire-diam-28-wok-avec-couvercle-marmoplus\\\/#breadcrumb\",\"itemListElement\":[{\"@type\":\"ListItem\",\"position\":1,\"name\":\"Home\",\"item\":\"https:\\\/\\\/fb-kitchenware.com\\\/fr\\\/\"},{\"@type\":\"ListItem\",\"position\":2,\"name\":\"Marble Bundle Black | Po\u00eale \u00e0 frire diam 24 + Po\u00eale \u00e0 frire diam 28 + Wok avec couvercle Marmoplus\"}]},{\"@type\":\"WebSite\",\"@id\":\"https:\\\/\\\/fb-kitchenware.com\\\/fr\\\/#website\",\"url\":\"https:\\\/\\\/fb-kitchenware.com\\\/fr\\\/\",\"name\":\"FB Kitchenware\",\"description\":\"\",\"publisher\":{\"@id\":\"https:\\\/\\\/fb-kitchenware.com\\\/fr\\\/#organization\"},\"potentialAction\":[{\"@type\":\"SearchAction\",\"target\":{\"@type\":\"EntryPoint\",\"urlTemplate\":\"https:\\\/\\\/fb-kitchenware.com\\\/fr\\\/?s={search_term_string}\"},\"query-input\":{\"@type\":\"PropertyValueSpecification\",\"valueRequired\":true,\"valueName\":\"search_term_string\"}}],\"inLanguage\":\"fr-FR\"},{\"@type\":\"Organization\",\"@id\":\"https:\\\/\\\/fb-kitchenware.com\\\/fr\\\/#organization\",\"name\":\"FB Kitchenware\",\"url\":\"https:\\\/\\\/fb-kitchenware.com\\\/fr\\\/\",\"logo\":{\"@type\":\"ImageObject\",\"inLanguage\":\"fr-FR\",\"@id\":\"https:\\\/\\\/fb-kitchenware.com\\\/fr\\\/#\\\/schema\\\/logo\\\/image\\\/\",\"url\":\"https:\\\/\\\/fb-kitchenware.com\\\/wp-content\\\/uploads\\\/logo_gold.png\",\"contentUrl\":\"https:\\\/\\\/fb-kitchenware.com\\\/wp-content\\\/uploads\\\/logo_gold.png\",\"width\":900,\"height\":900,\"caption\":\"FB Kitchenware\"},\"image\":{\"@id\":\"https:\\\/\\\/fb-kitchenware.com\\\/fr\\\/#\\\/schema\\\/logo\\\/image\\\/\"}}]}<\/script>\n<!-- \/ Yoast SEO plugin. -->","yoast_head_json":{"title":"Marble Bundle Black | Aluminium Frying Pan 24 cm + Wok 26 cm","description":"D\u00e9couvrez le Marble Bundle Black : po\u00eale \u00e0 frire antiadh\u00e9sive en aluminium de 24 cm et wok MarmoPlus de 26 cm. L\u00e9ger, durable et parfait pour la cuisine de tous les jours.","robots":{"index":"index","follow":"follow","max-snippet":"max-snippet:-1","max-image-preview":"max-image-preview:large","max-video-preview":"max-video-preview:-1"},"canonical":"https:\/\/fb-kitchenware.com\/fr\/negozio\/poele-a-frire\/marble-bundle-black-poele-a-frire-diam-24-poele-a-frire-diam-28-wok-avec-couvercle-marmoplus\/","og_locale":"fr_FR","og_type":"article","og_title":"Marble Bundle Black | Aluminium Frying Pan 24 cm + Wok 26 cm","og_description":"D\u00e9couvrez le Marble Bundle Black : po\u00eale \u00e0 frire antiadh\u00e9sive en aluminium de 24 cm et wok MarmoPlus de 26 cm. L\u00e9ger, durable et parfait pour la cuisine de tous les jours.","og_url":"https:\/\/fb-kitchenware.com\/fr\/negozio\/poele-a-frire\/marble-bundle-black-poele-a-frire-diam-24-poele-a-frire-diam-28-wok-avec-couvercle-marmoplus\/","og_site_name":"FB Kitchenware","og_image":[{"width":1536,"height":1920,"url":"https:\/\/fb-kitchenware.com\/wp-content\/uploads\/murble-bunde-nero-.jpg","type":"image\/jpeg"}],"twitter_card":"summary_large_image","schema":{"@context":"https:\/\/schema.org","@graph":[{"@type":"WebPage","@id":"https:\/\/fb-kitchenware.com\/fr\/negozio\/poele-a-frire\/marble-bundle-black-poele-a-frire-diam-24-poele-a-frire-diam-28-wok-avec-couvercle-marmoplus\/","url":"https:\/\/fb-kitchenware.com\/fr\/negozio\/poele-a-frire\/marble-bundle-black-poele-a-frire-diam-24-poele-a-frire-diam-28-wok-avec-couvercle-marmoplus\/","name":"Marble Bundle Black | Aluminium Frying Pan 24 cm + Wok 26 cm","isPartOf":{"@id":"https:\/\/fb-kitchenware.com\/fr\/#website"},"primaryImageOfPage":{"@id":"https:\/\/fb-kitchenware.com\/fr\/negozio\/poele-a-frire\/marble-bundle-black-poele-a-frire-diam-24-poele-a-frire-diam-28-wok-avec-couvercle-marmoplus\/#primaryimage"},"image":{"@id":"https:\/\/fb-kitchenware.com\/fr\/negozio\/poele-a-frire\/marble-bundle-black-poele-a-frire-diam-24-poele-a-frire-diam-28-wok-avec-couvercle-marmoplus\/#primaryimage"},"thumbnailUrl":"https:\/\/fb-kitchenware.com\/wp-content\/uploads\/murble-bunde-nero-.jpg","datePublished":"2025-12-01T14:51:44+00:00","description":"D\u00e9couvrez le Marble Bundle Black : po\u00eale \u00e0 frire antiadh\u00e9sive en aluminium de 24 cm et wok MarmoPlus de 26 cm. L\u00e9ger, durable et parfait pour la cuisine de tous les jours.","breadcrumb":{"@id":"https:\/\/fb-kitchenware.com\/fr\/negozio\/poele-a-frire\/marble-bundle-black-poele-a-frire-diam-24-poele-a-frire-diam-28-wok-avec-couvercle-marmoplus\/#breadcrumb"},"inLanguage":"fr-FR","potentialAction":[{"@type":"ReadAction","target":["https:\/\/fb-kitchenware.com\/fr\/negozio\/poele-a-frire\/marble-bundle-black-poele-a-frire-diam-24-poele-a-frire-diam-28-wok-avec-couvercle-marmoplus\/"]}]},{"@type":"ImageObject","inLanguage":"fr-FR","@id":"https:\/\/fb-kitchenware.com\/fr\/negozio\/poele-a-frire\/marble-bundle-black-poele-a-frire-diam-24-poele-a-frire-diam-28-wok-avec-couvercle-marmoplus\/#primaryimage","url":"https:\/\/fb-kitchenware.com\/wp-content\/uploads\/murble-bunde-nero-.jpg","contentUrl":"https:\/\/fb-kitchenware.com\/wp-content\/uploads\/murble-bunde-nero-.jpg","width":1536,"height":1920},{"@type":"BreadcrumbList","@id":"https:\/\/fb-kitchenware.com\/fr\/negozio\/poele-a-frire\/marble-bundle-black-poele-a-frire-diam-24-poele-a-frire-diam-28-wok-avec-couvercle-marmoplus\/#breadcrumb","itemListElement":[{"@type":"ListItem","position":1,"name":"Home","item":"https:\/\/fb-kitchenware.com\/fr\/"},{"@type":"ListItem","position":2,"name":"Marble Bundle Black | Po\u00eale \u00e0 frire diam 24 + Po\u00eale \u00e0 frire diam 28 + Wok avec couvercle Marmoplus"}]},{"@type":"WebSite","@id":"https:\/\/fb-kitchenware.com\/fr\/#website","url":"https:\/\/fb-kitchenware.com\/fr\/","name":"FB Kitchenware","description":"","publisher":{"@id":"https:\/\/fb-kitchenware.com\/fr\/#organization"},"potentialAction":[{"@type":"SearchAction","target":{"@type":"EntryPoint","urlTemplate":"https:\/\/fb-kitchenware.com\/fr\/?s={search_term_string}"},"query-input":{"@type":"PropertyValueSpecification","valueRequired":true,"valueName":"search_term_string"}}],"inLanguage":"fr-FR"},{"@type":"Organization","@id":"https:\/\/fb-kitchenware.com\/fr\/#organization","name":"FB Kitchenware","url":"https:\/\/fb-kitchenware.com\/fr\/","logo":{"@type":"ImageObject","inLanguage":"fr-FR","@id":"https:\/\/fb-kitchenware.com\/fr\/#\/schema\/logo\/image\/","url":"https:\/\/fb-kitchenware.com\/wp-content\/uploads\/logo_gold.png","contentUrl":"https:\/\/fb-kitchenware.com\/wp-content\/uploads\/logo_gold.png","width":900,"height":900,"caption":"FB Kitchenware"},"image":{"@id":"https:\/\/fb-kitchenware.com\/fr\/#\/schema\/logo\/image\/"}}]}},"_links":{"self":[{"href":"https:\/\/fb-kitchenware.com\/fr\/wp-json\/wp\/v2\/product\/6725","targetHints":{"allow":["GET"]}}],"collection":[{"href":"https:\/\/fb-kitchenware.com\/fr\/wp-json\/wp\/v2\/product"}],"about":[{"href":"https:\/\/fb-kitchenware.com\/fr\/wp-json\/wp\/v2\/types\/product"}],"wp:featuredmedia":[{"embeddable":true,"href":"https:\/\/fb-kitchenware.com\/fr\/wp-json\/wp\/v2\/media\/6729"}],"wp:attachment":[{"href":"https:\/\/fb-kitchenware.com\/fr\/wp-json\/wp\/v2\/media?parent=6725"}],"wp:term":[{"taxonomy":"product_brand","embeddable":true,"href":"https:\/\/fb-kitchenware.com\/fr\/wp-json\/wp\/v2\/product_brand?post=6725"},{"taxonomy":"product_cat","embeddable":true,"href":"https:\/\/fb-kitchenware.com\/fr\/wp-json\/wp\/v2\/product_cat?post=6725"},{"taxonomy":"product_tag","embeddable":true,"href":"https:\/\/fb-kitchenware.com\/fr\/wp-json\/wp\/v2\/product_tag?post=6725"}],"curies":[{"name":"wp","href":"https:\/\/api.w.org\/{rel}","templated":true}]}}