{"id":6730,"date":"2025-12-01T15:51:44","date_gmt":"2025-12-01T14:51:44","guid":{"rendered":"https:\/\/fb-kitchenware.com\/negozio\/non class\u00e9\/besteel-poele-en-fer-24-cm-wok-26-cm\/"},"modified":"2025-12-01T15:51:44","modified_gmt":"2025-12-01T14:51:44","slug":"besteel-poele-en-fer-24-cm-wok-26-cm","status":"publish","type":"product","link":"https:\/\/fb-kitchenware.com\/fr\/negozio\/poele-a-frire\/besteel-poele-en-fer-24-cm-wok-26-cm\/","title":{"rendered":"BeSteel | Po\u00eale en fer 24 cm + Wok 26 cm"},"content":{"rendered":"","protected":false},"excerpt":{"rendered":"<p data-start=\"237\" data-end=\"692\">L&#8217;<strong data-start=\"240\" data-end=\"253\">ensemble Be de<\/strong> la collection <strong data-start=\"271\" data-end=\"282\">BeSteel<\/strong> combine deux outils qui repr\u00e9sentent la cuisine essentielle et de qualit\u00e9 : la <strong data-start=\"361\" data-end=\"398\">po\u00eale en fer BeSteel de 24 cm<\/strong> et le <strong data-start=\"404\" data-end=\"428\">wok BeSteel de 26 cm.<\/strong> Il s&#8217;agit d&#8217;un ensemble con\u00e7u pour offrir des performances \u00e9lev\u00e9es avec une approche simple, directe et ax\u00e9e sur la substance. Pas de rev\u00eatements artificiels, pas de complexit\u00e9 inutile : juste du fer de haute qualit\u00e9 qui vous permet de cuisiner avec naturel, pr\u00e9cision et contr\u00f4le.  <\/p>\n<p data-start=\"1126\" data-end=\"1621\">Le point fort de la collection BeSteel est la <strong data-start=\"1171\" data-end=\"1196\">simplicit\u00e9 fonctionnelle du<\/strong> fer naturel. Pas de nitruration, pas de traitement chimique : juste du fer pur, durable et destin\u00e9 \u00e0 se bonifier avec le temps gr\u00e2ce \u00e0 la patine. Cette caract\u00e9ristique fait des po\u00eales et des woks des instruments sinc\u00e8res qui r\u00e9pondent exactement \u00e0 ce que vous leur demandez. La chaleur est distribu\u00e9e rapidement, la r\u00e9action aux changements de temp\u00e9rature est imm\u00e9diate et le r\u00e9sultat est une cuisine plus contr\u00f4l\u00e9e et plus spontan\u00e9e.   <\/p>\n<p data-start=\"1623\" data-end=\"2040\">Le Be Bundle est parfait pour ceux qui veulent commencer \u00e0 cuisiner avec du fer sans complications, pour ceux qui construisent une cuisine plus consciente, ou comme <strong data-start=\"1778\" data-end=\"1819\">cadeau de No\u00ebl pour ceux qui aiment cuisiner<\/strong> et veulent des outils fiables, durables et s\u00fbrs. Une <strong data-start=\"1876\" data-end=\"1910\">po\u00eale en fer Made in Italy<\/strong> n&#8217;est pas un objet que l&#8217;on utilise et que l&#8217;on remplace : c&#8217;est un compagnon de cuisine qui \u00e9volue, se renforce et offre des performances toujours meilleures. <\/p>\n<p data-start=\"2042\" data-end=\"2373\">BeSteel repr\u00e9sente un choix concret : des produits fabriqu\u00e9s en Italie, durables, d\u00e9pourvus de rev\u00eatements fragiles et con\u00e7us pour durer des ann\u00e9es. La finition naturelle du fer lui permet d&#8217;atteindre des temp\u00e9ratures que les rev\u00eatements ordinaires ne peuvent tol\u00e9rer, ouvrant ainsi la voie \u00e0 des techniques de cuisson plus techniques et \u00e0 des saveurs plus intenses. <\/p>\n<p data-start=\"2375\" data-end=\"2570\">Si vous cherchez une <strong data-start=\"2389\" data-end=\"2414\">po\u00eale en fer noir<\/strong>, un ensemble fiable qui vous accompagne au quotidien et s&#8217;adapte \u00e0 toutes les recettes, le Be Bundle est la solution la plus \u00e9quilibr\u00e9e, la plus pratique et la plus solide du march\u00e9.<\/p>\n<p data-start=\"694\" data-end=\"1124\">La po\u00eale \u00e0 frire BeSteel de 24 cm est con\u00e7ue pour les pr\u00e9parations quotidiennes qui n\u00e9cessitent une cuisson uniforme et une r\u00e9activit\u00e9 instantan\u00e9e. Elle est parfaite pour dorer, sauter, brunir et cr\u00e9er cette cro\u00fbte parfaite que seul le fer peut offrir. Le wok de 26 cm, avec sa forme profonde et l\u00e9g\u00e8re, ajoute de la vitesse, de la puissance et du volume, ce qui le rend id\u00e9al pour les cuissons intenses, les saut\u00e9s ou les saut\u00e9s rapides n\u00e9cessitant une chaleur constante.  <\/p>\n<h2 data-start=\"2577\" data-end=\"2610\"><strong data-start=\"2580\" data-end=\"2610\">Ce que le paquet comprend<\/strong><\/h2>\n<ul data-start=\"2611\" data-end=\"2739\">\n<li data-start=\"2611\" data-end=\"2652\">\n<p data-start=\"2613\" data-end=\"2652\">1 <strong data-start=\"2615\" data-end=\"2650\">po\u00eale \u00e0 frire en fer BeSteel \u00d824 cm<\/strong><\/p>\n<\/li>\n<li data-start=\"2653\" data-end=\"2690\">\n<p data-start=\"2655\" data-end=\"2690\">1 <strong data-start=\"2657\" data-end=\"2688\">wok en fer BeSteel \u00d826 cm<\/strong><\/p>\n<\/li>\n<\/ul>\n","protected":false},"featured_media":7468,"template":"","meta":{"_acf_changed":false},"product_brand":[513],"product_cat":[514,579],"product_tag":[],"class_list":{"0":"post-6730","1":"product","2":"type-product","3":"status-publish","4":"has-post-thumbnail","6":"product_brand-besteel","7":"product_cat-poele-a-frire","8":"product_cat-wok","10":"first","11":"instock","12":"taxable","13":"shipping-taxable","14":"purchasable","15":"product-type-simple"},"acf":[],"yoast_head":"<!-- This site is optimized with the Yoast SEO plugin v27.3 - https:\/\/yoast.com\/product\/yoast-seo-wordpress\/ -->\n<title>BeSteel | Po\u00eale en fer 24 cm + Wok 26 cm - FB Kitchenware<\/title>\n<meta name=\"description\" content=\"D\u00e9couvrez l&#039;ensemble Be Bundle : po\u00eale \u00e0 frire en fer de 24 cm et wok de 26 cm Made in Italy. Id\u00e9al comme cadeau de No\u00ebl pour ceux qui aiment cuisiner.\" \/>\n<meta name=\"robots\" content=\"index, follow, max-snippet:-1, max-image-preview:large, max-video-preview:-1\" \/>\n<link rel=\"canonical\" href=\"https:\/\/fb-kitchenware.com\/fr\/negozio\/poele-a-frire\/besteel-poele-en-fer-24-cm-wok-26-cm\/\" \/>\n<meta property=\"og:locale\" content=\"fr_FR\" \/>\n<meta property=\"og:type\" content=\"article\" \/>\n<meta property=\"og:title\" content=\"BeSteel | Po\u00eale en fer 24 cm + Wok 26 cm - FB Kitchenware\" \/>\n<meta property=\"og:description\" content=\"D\u00e9couvrez l&#039;ensemble Be Bundle : po\u00eale \u00e0 frire en fer de 24 cm et wok de 26 cm Made in Italy. Id\u00e9al comme cadeau de No\u00ebl pour ceux qui aiment cuisiner.\" \/>\n<meta property=\"og:url\" content=\"https:\/\/fb-kitchenware.com\/fr\/negozio\/poele-a-frire\/besteel-poele-en-fer-24-cm-wok-26-cm\/\" \/>\n<meta property=\"og:site_name\" content=\"FB Kitchenware\" \/>\n<meta property=\"og:image\" content=\"https:\/\/fb-kitchenware.com\/wp-content\/uploads\/bee-bundle.jpg\" \/>\n\t<meta property=\"og:image:width\" content=\"1536\" \/>\n\t<meta property=\"og:image:height\" content=\"1920\" \/>\n\t<meta property=\"og:image:type\" content=\"image\/jpeg\" \/>\n<meta name=\"twitter:card\" content=\"summary_large_image\" \/>\n<script type=\"application\/ld+json\" class=\"yoast-schema-graph\">{\"@context\":\"https:\\\/\\\/schema.org\",\"@graph\":[{\"@type\":\"WebPage\",\"@id\":\"https:\\\/\\\/fb-kitchenware.com\\\/fr\\\/negozio\\\/poele-a-frire\\\/besteel-poele-en-fer-24-cm-wok-26-cm\\\/\",\"url\":\"https:\\\/\\\/fb-kitchenware.com\\\/fr\\\/negozio\\\/poele-a-frire\\\/besteel-poele-en-fer-24-cm-wok-26-cm\\\/\",\"name\":\"BeSteel | Po\u00eale en fer 24 cm + Wok 26 cm - FB Kitchenware\",\"isPartOf\":{\"@id\":\"https:\\\/\\\/fb-kitchenware.com\\\/fr\\\/#website\"},\"primaryImageOfPage\":{\"@id\":\"https:\\\/\\\/fb-kitchenware.com\\\/fr\\\/negozio\\\/poele-a-frire\\\/besteel-poele-en-fer-24-cm-wok-26-cm\\\/#primaryimage\"},\"image\":{\"@id\":\"https:\\\/\\\/fb-kitchenware.com\\\/fr\\\/negozio\\\/poele-a-frire\\\/besteel-poele-en-fer-24-cm-wok-26-cm\\\/#primaryimage\"},\"thumbnailUrl\":\"https:\\\/\\\/fb-kitchenware.com\\\/wp-content\\\/uploads\\\/bee-bundle-1.jpg\",\"datePublished\":\"2025-12-01T14:51:44+00:00\",\"description\":\"D\u00e9couvrez l'ensemble Be Bundle : po\u00eale \u00e0 frire en fer de 24 cm et wok de 26 cm Made in Italy. Id\u00e9al comme cadeau de No\u00ebl pour ceux qui aiment cuisiner.\",\"breadcrumb\":{\"@id\":\"https:\\\/\\\/fb-kitchenware.com\\\/fr\\\/negozio\\\/poele-a-frire\\\/besteel-poele-en-fer-24-cm-wok-26-cm\\\/#breadcrumb\"},\"inLanguage\":\"fr-FR\",\"potentialAction\":[{\"@type\":\"ReadAction\",\"target\":[\"https:\\\/\\\/fb-kitchenware.com\\\/fr\\\/negozio\\\/poele-a-frire\\\/besteel-poele-en-fer-24-cm-wok-26-cm\\\/\"]}]},{\"@type\":\"ImageObject\",\"inLanguage\":\"fr-FR\",\"@id\":\"https:\\\/\\\/fb-kitchenware.com\\\/fr\\\/negozio\\\/poele-a-frire\\\/besteel-poele-en-fer-24-cm-wok-26-cm\\\/#primaryimage\",\"url\":\"https:\\\/\\\/fb-kitchenware.com\\\/wp-content\\\/uploads\\\/bee-bundle-1.jpg\",\"contentUrl\":\"https:\\\/\\\/fb-kitchenware.com\\\/wp-content\\\/uploads\\\/bee-bundle-1.jpg\",\"width\":1536,\"height\":1920},{\"@type\":\"BreadcrumbList\",\"@id\":\"https:\\\/\\\/fb-kitchenware.com\\\/fr\\\/negozio\\\/poele-a-frire\\\/besteel-poele-en-fer-24-cm-wok-26-cm\\\/#breadcrumb\",\"itemListElement\":[{\"@type\":\"ListItem\",\"position\":1,\"name\":\"Home\",\"item\":\"https:\\\/\\\/fb-kitchenware.com\\\/fr\\\/\"},{\"@type\":\"ListItem\",\"position\":2,\"name\":\"BeSteel | Po\u00eale en fer 24 cm + Wok 26 cm\"}]},{\"@type\":\"WebSite\",\"@id\":\"https:\\\/\\\/fb-kitchenware.com\\\/fr\\\/#website\",\"url\":\"https:\\\/\\\/fb-kitchenware.com\\\/fr\\\/\",\"name\":\"FB Kitchenware\",\"description\":\"\",\"publisher\":{\"@id\":\"https:\\\/\\\/fb-kitchenware.com\\\/fr\\\/#organization\"},\"potentialAction\":[{\"@type\":\"SearchAction\",\"target\":{\"@type\":\"EntryPoint\",\"urlTemplate\":\"https:\\\/\\\/fb-kitchenware.com\\\/fr\\\/?s={search_term_string}\"},\"query-input\":{\"@type\":\"PropertyValueSpecification\",\"valueRequired\":true,\"valueName\":\"search_term_string\"}}],\"inLanguage\":\"fr-FR\"},{\"@type\":\"Organization\",\"@id\":\"https:\\\/\\\/fb-kitchenware.com\\\/fr\\\/#organization\",\"name\":\"FB Kitchenware\",\"url\":\"https:\\\/\\\/fb-kitchenware.com\\\/fr\\\/\",\"logo\":{\"@type\":\"ImageObject\",\"inLanguage\":\"fr-FR\",\"@id\":\"https:\\\/\\\/fb-kitchenware.com\\\/fr\\\/#\\\/schema\\\/logo\\\/image\\\/\",\"url\":\"https:\\\/\\\/fb-kitchenware.com\\\/wp-content\\\/uploads\\\/logo_gold.png\",\"contentUrl\":\"https:\\\/\\\/fb-kitchenware.com\\\/wp-content\\\/uploads\\\/logo_gold.png\",\"width\":900,\"height\":900,\"caption\":\"FB Kitchenware\"},\"image\":{\"@id\":\"https:\\\/\\\/fb-kitchenware.com\\\/fr\\\/#\\\/schema\\\/logo\\\/image\\\/\"}}]}<\/script>\n<!-- \/ Yoast SEO plugin. -->","yoast_head_json":{"title":"BeSteel | Po\u00eale en fer 24 cm + Wok 26 cm - FB Kitchenware","description":"D\u00e9couvrez l'ensemble Be Bundle : po\u00eale \u00e0 frire en fer de 24 cm et wok de 26 cm Made in Italy. Id\u00e9al comme cadeau de No\u00ebl pour ceux qui aiment cuisiner.","robots":{"index":"index","follow":"follow","max-snippet":"max-snippet:-1","max-image-preview":"max-image-preview:large","max-video-preview":"max-video-preview:-1"},"canonical":"https:\/\/fb-kitchenware.com\/fr\/negozio\/poele-a-frire\/besteel-poele-en-fer-24-cm-wok-26-cm\/","og_locale":"fr_FR","og_type":"article","og_title":"BeSteel | Po\u00eale en fer 24 cm + Wok 26 cm - FB Kitchenware","og_description":"D\u00e9couvrez l'ensemble Be Bundle : po\u00eale \u00e0 frire en fer de 24 cm et wok de 26 cm Made in Italy. Id\u00e9al comme cadeau de No\u00ebl pour ceux qui aiment cuisiner.","og_url":"https:\/\/fb-kitchenware.com\/fr\/negozio\/poele-a-frire\/besteel-poele-en-fer-24-cm-wok-26-cm\/","og_site_name":"FB Kitchenware","og_image":[{"width":1536,"height":1920,"url":"https:\/\/fb-kitchenware.com\/wp-content\/uploads\/bee-bundle.jpg","type":"image\/jpeg"}],"twitter_card":"summary_large_image","schema":{"@context":"https:\/\/schema.org","@graph":[{"@type":"WebPage","@id":"https:\/\/fb-kitchenware.com\/fr\/negozio\/poele-a-frire\/besteel-poele-en-fer-24-cm-wok-26-cm\/","url":"https:\/\/fb-kitchenware.com\/fr\/negozio\/poele-a-frire\/besteel-poele-en-fer-24-cm-wok-26-cm\/","name":"BeSteel | Po\u00eale en fer 24 cm + Wok 26 cm - FB Kitchenware","isPartOf":{"@id":"https:\/\/fb-kitchenware.com\/fr\/#website"},"primaryImageOfPage":{"@id":"https:\/\/fb-kitchenware.com\/fr\/negozio\/poele-a-frire\/besteel-poele-en-fer-24-cm-wok-26-cm\/#primaryimage"},"image":{"@id":"https:\/\/fb-kitchenware.com\/fr\/negozio\/poele-a-frire\/besteel-poele-en-fer-24-cm-wok-26-cm\/#primaryimage"},"thumbnailUrl":"https:\/\/fb-kitchenware.com\/wp-content\/uploads\/bee-bundle-1.jpg","datePublished":"2025-12-01T14:51:44+00:00","description":"D\u00e9couvrez l'ensemble Be Bundle : po\u00eale \u00e0 frire en fer de 24 cm et wok de 26 cm Made in Italy. Id\u00e9al comme cadeau de No\u00ebl pour ceux qui aiment cuisiner.","breadcrumb":{"@id":"https:\/\/fb-kitchenware.com\/fr\/negozio\/poele-a-frire\/besteel-poele-en-fer-24-cm-wok-26-cm\/#breadcrumb"},"inLanguage":"fr-FR","potentialAction":[{"@type":"ReadAction","target":["https:\/\/fb-kitchenware.com\/fr\/negozio\/poele-a-frire\/besteel-poele-en-fer-24-cm-wok-26-cm\/"]}]},{"@type":"ImageObject","inLanguage":"fr-FR","@id":"https:\/\/fb-kitchenware.com\/fr\/negozio\/poele-a-frire\/besteel-poele-en-fer-24-cm-wok-26-cm\/#primaryimage","url":"https:\/\/fb-kitchenware.com\/wp-content\/uploads\/bee-bundle-1.jpg","contentUrl":"https:\/\/fb-kitchenware.com\/wp-content\/uploads\/bee-bundle-1.jpg","width":1536,"height":1920},{"@type":"BreadcrumbList","@id":"https:\/\/fb-kitchenware.com\/fr\/negozio\/poele-a-frire\/besteel-poele-en-fer-24-cm-wok-26-cm\/#breadcrumb","itemListElement":[{"@type":"ListItem","position":1,"name":"Home","item":"https:\/\/fb-kitchenware.com\/fr\/"},{"@type":"ListItem","position":2,"name":"BeSteel | Po\u00eale en fer 24 cm + Wok 26 cm"}]},{"@type":"WebSite","@id":"https:\/\/fb-kitchenware.com\/fr\/#website","url":"https:\/\/fb-kitchenware.com\/fr\/","name":"FB Kitchenware","description":"","publisher":{"@id":"https:\/\/fb-kitchenware.com\/fr\/#organization"},"potentialAction":[{"@type":"SearchAction","target":{"@type":"EntryPoint","urlTemplate":"https:\/\/fb-kitchenware.com\/fr\/?s={search_term_string}"},"query-input":{"@type":"PropertyValueSpecification","valueRequired":true,"valueName":"search_term_string"}}],"inLanguage":"fr-FR"},{"@type":"Organization","@id":"https:\/\/fb-kitchenware.com\/fr\/#organization","name":"FB Kitchenware","url":"https:\/\/fb-kitchenware.com\/fr\/","logo":{"@type":"ImageObject","inLanguage":"fr-FR","@id":"https:\/\/fb-kitchenware.com\/fr\/#\/schema\/logo\/image\/","url":"https:\/\/fb-kitchenware.com\/wp-content\/uploads\/logo_gold.png","contentUrl":"https:\/\/fb-kitchenware.com\/wp-content\/uploads\/logo_gold.png","width":900,"height":900,"caption":"FB Kitchenware"},"image":{"@id":"https:\/\/fb-kitchenware.com\/fr\/#\/schema\/logo\/image\/"}}]}},"_links":{"self":[{"href":"https:\/\/fb-kitchenware.com\/fr\/wp-json\/wp\/v2\/product\/6730","targetHints":{"allow":["GET"]}}],"collection":[{"href":"https:\/\/fb-kitchenware.com\/fr\/wp-json\/wp\/v2\/product"}],"about":[{"href":"https:\/\/fb-kitchenware.com\/fr\/wp-json\/wp\/v2\/types\/product"}],"wp:featuredmedia":[{"embeddable":true,"href":"https:\/\/fb-kitchenware.com\/fr\/wp-json\/wp\/v2\/media\/7468"}],"wp:attachment":[{"href":"https:\/\/fb-kitchenware.com\/fr\/wp-json\/wp\/v2\/media?parent=6730"}],"wp:term":[{"taxonomy":"product_brand","embeddable":true,"href":"https:\/\/fb-kitchenware.com\/fr\/wp-json\/wp\/v2\/product_brand?post=6730"},{"taxonomy":"product_cat","embeddable":true,"href":"https:\/\/fb-kitchenware.com\/fr\/wp-json\/wp\/v2\/product_cat?post=6730"},{"taxonomy":"product_tag","embeddable":true,"href":"https:\/\/fb-kitchenware.com\/fr\/wp-json\/wp\/v2\/product_tag?post=6730"}],"curies":[{"name":"wp","href":"https:\/\/api.w.org\/{rel}","templated":true}]}}