{"id":6738,"date":"2026-02-05T12:36:37","date_gmt":"2026-02-05T11:36:37","guid":{"rendered":"https:\/\/fb-kitchenware.com\/negozio\/non class\u00e9\/bouilloire-2-5l-noire-avec-poignee-en-pvd-dor\/"},"modified":"2026-02-05T12:36:37","modified_gmt":"2026-02-05T11:36:37","slug":"bouilloire-2-5l-noire-avec-poignee-en-pvd-dor","status":"publish","type":"product","link":"https:\/\/fb-kitchenware.com\/fr\/negozio\/pot\/bouilloire-2-5l-noire-avec-poignee-en-pvd-dor\/","title":{"rendered":"Bouilloire 2.5L NOIRE avec poign\u00e9e en PVD d&#8217;or"},"content":{"rendered":"","protected":false},"excerpt":{"rendered":"<p><strong>Disponible \u00e0 partir de fin mars 2026<\/strong><\/p>\n<p>La bouilloire Sonabet Black est essentielle, d\u00e9cisive, fonctionnelle. Le corps en acier inoxydable 18\/10 avec finition PVD noir exprime une esth\u00e9tique contemporaine et rigoureuse. Le fond encapsul\u00e9 assure une chauffe rapide et uniforme sur toutes les sources de chaleur, y compris l&#8217;induction. Le sifflet monobloc signale l&#8217;\u00e9bullition avec pr\u00e9cision. Un design \u00e9pur\u00e9, sans concession au superflu.    <\/p>\n","protected":false},"featured_media":7687,"template":"","meta":{"_acf_changed":false},"product_brand":[672],"product_cat":[523,556,654],"product_tag":[],"class_list":{"0":"post-6738","1":"product","2":"type-product","3":"status-publish","4":"has-post-thumbnail","6":"product_brand-sonabet","7":"product_cat-pot","8":"product_cat-ustensiles-de-cuisine","9":"product_cat-nouveaute","11":"first","12":"instock","13":"taxable","14":"shipping-taxable","15":"purchasable","16":"product-type-simple"},"acf":[],"yoast_head":"<!-- This site is optimized with the Yoast SEO plugin v27.3 - https:\/\/yoast.com\/product\/yoast-seo-wordpress\/ -->\n<title>Bouilloire 2.5L NOIRE avec poign\u00e9e en PVD d&#039;or - FB Kitchenware<\/title>\n<meta name=\"robots\" content=\"index, follow, max-snippet:-1, max-image-preview:large, max-video-preview:-1\" \/>\n<link rel=\"canonical\" href=\"https:\/\/fb-kitchenware.com\/fr\/negozio\/pot\/bouilloire-2-5l-noire-avec-poignee-en-pvd-dor\/\" \/>\n<meta property=\"og:locale\" content=\"fr_FR\" \/>\n<meta property=\"og:type\" content=\"article\" \/>\n<meta property=\"og:title\" content=\"Bouilloire 2.5L NOIRE avec poign\u00e9e en PVD d&#039;or - FB Kitchenware\" \/>\n<meta property=\"og:description\" content=\"Disponible \u00e0 partir de fin mars 2026 La bouilloire Sonabet Black est essentielle, d\u00e9cisive, fonctionnelle. Le corps en acier inoxydable 18\/10 avec finition PVD noir exprime une esth\u00e9tique contemporaine et rigoureuse. Le fond encapsul\u00e9 assure une chauffe rapide et uniforme sur toutes les sources de chaleur, y compris l&#039;induction. Le sifflet monobloc signale l&#039;\u00e9bullition avec pr\u00e9cision. Un design \u00e9pur\u00e9, sans concession au superflu.\" \/>\n<meta property=\"og:url\" content=\"https:\/\/fb-kitchenware.com\/fr\/negozio\/pot\/bouilloire-2-5l-noire-avec-poignee-en-pvd-dor\/\" \/>\n<meta property=\"og:site_name\" content=\"FB Kitchenware\" \/>\n<meta property=\"og:image\" content=\"https:\/\/fb-kitchenware.com\/wp-content\/uploads\/226.jpg\" \/>\n\t<meta property=\"og:image:width\" content=\"1920\" \/>\n\t<meta property=\"og:image:height\" content=\"1920\" \/>\n\t<meta property=\"og:image:type\" content=\"image\/jpeg\" \/>\n<meta name=\"twitter:card\" content=\"summary_large_image\" \/>\n<script type=\"application\/ld+json\" class=\"yoast-schema-graph\">{\"@context\":\"https:\\\/\\\/schema.org\",\"@graph\":[{\"@type\":\"WebPage\",\"@id\":\"https:\\\/\\\/fb-kitchenware.com\\\/fr\\\/negozio\\\/pot\\\/bouilloire-2-5l-noire-avec-poignee-en-pvd-dor\\\/\",\"url\":\"https:\\\/\\\/fb-kitchenware.com\\\/fr\\\/negozio\\\/pot\\\/bouilloire-2-5l-noire-avec-poignee-en-pvd-dor\\\/\",\"name\":\"Bouilloire 2.5L NOIRE avec poign\u00e9e en PVD d'or - FB Kitchenware\",\"isPartOf\":{\"@id\":\"https:\\\/\\\/fb-kitchenware.com\\\/fr\\\/#website\"},\"primaryImageOfPage\":{\"@id\":\"https:\\\/\\\/fb-kitchenware.com\\\/fr\\\/negozio\\\/pot\\\/bouilloire-2-5l-noire-avec-poignee-en-pvd-dor\\\/#primaryimage\"},\"image\":{\"@id\":\"https:\\\/\\\/fb-kitchenware.com\\\/fr\\\/negozio\\\/pot\\\/bouilloire-2-5l-noire-avec-poignee-en-pvd-dor\\\/#primaryimage\"},\"thumbnailUrl\":\"https:\\\/\\\/fb-kitchenware.com\\\/wp-content\\\/uploads\\\/nero.jpg\",\"datePublished\":\"2026-02-05T11:36:37+00:00\",\"breadcrumb\":{\"@id\":\"https:\\\/\\\/fb-kitchenware.com\\\/fr\\\/negozio\\\/pot\\\/bouilloire-2-5l-noire-avec-poignee-en-pvd-dor\\\/#breadcrumb\"},\"inLanguage\":\"fr-FR\",\"potentialAction\":[{\"@type\":\"ReadAction\",\"target\":[\"https:\\\/\\\/fb-kitchenware.com\\\/fr\\\/negozio\\\/pot\\\/bouilloire-2-5l-noire-avec-poignee-en-pvd-dor\\\/\"]}]},{\"@type\":\"ImageObject\",\"inLanguage\":\"fr-FR\",\"@id\":\"https:\\\/\\\/fb-kitchenware.com\\\/fr\\\/negozio\\\/pot\\\/bouilloire-2-5l-noire-avec-poignee-en-pvd-dor\\\/#primaryimage\",\"url\":\"https:\\\/\\\/fb-kitchenware.com\\\/wp-content\\\/uploads\\\/nero.jpg\",\"contentUrl\":\"https:\\\/\\\/fb-kitchenware.com\\\/wp-content\\\/uploads\\\/nero.jpg\",\"width\":1222,\"height\":1222},{\"@type\":\"BreadcrumbList\",\"@id\":\"https:\\\/\\\/fb-kitchenware.com\\\/fr\\\/negozio\\\/pot\\\/bouilloire-2-5l-noire-avec-poignee-en-pvd-dor\\\/#breadcrumb\",\"itemListElement\":[{\"@type\":\"ListItem\",\"position\":1,\"name\":\"Home\",\"item\":\"https:\\\/\\\/fb-kitchenware.com\\\/fr\\\/\"},{\"@type\":\"ListItem\",\"position\":2,\"name\":\"Bouilloire 2.5L NOIRE avec poign\u00e9e en PVD d&#8217;or\"}]},{\"@type\":\"WebSite\",\"@id\":\"https:\\\/\\\/fb-kitchenware.com\\\/fr\\\/#website\",\"url\":\"https:\\\/\\\/fb-kitchenware.com\\\/fr\\\/\",\"name\":\"FB Kitchenware\",\"description\":\"\",\"publisher\":{\"@id\":\"https:\\\/\\\/fb-kitchenware.com\\\/fr\\\/#organization\"},\"potentialAction\":[{\"@type\":\"SearchAction\",\"target\":{\"@type\":\"EntryPoint\",\"urlTemplate\":\"https:\\\/\\\/fb-kitchenware.com\\\/fr\\\/?s={search_term_string}\"},\"query-input\":{\"@type\":\"PropertyValueSpecification\",\"valueRequired\":true,\"valueName\":\"search_term_string\"}}],\"inLanguage\":\"fr-FR\"},{\"@type\":\"Organization\",\"@id\":\"https:\\\/\\\/fb-kitchenware.com\\\/fr\\\/#organization\",\"name\":\"FB Kitchenware\",\"url\":\"https:\\\/\\\/fb-kitchenware.com\\\/fr\\\/\",\"logo\":{\"@type\":\"ImageObject\",\"inLanguage\":\"fr-FR\",\"@id\":\"https:\\\/\\\/fb-kitchenware.com\\\/fr\\\/#\\\/schema\\\/logo\\\/image\\\/\",\"url\":\"https:\\\/\\\/fb-kitchenware.com\\\/wp-content\\\/uploads\\\/logo_gold.png\",\"contentUrl\":\"https:\\\/\\\/fb-kitchenware.com\\\/wp-content\\\/uploads\\\/logo_gold.png\",\"width\":900,\"height\":900,\"caption\":\"FB Kitchenware\"},\"image\":{\"@id\":\"https:\\\/\\\/fb-kitchenware.com\\\/fr\\\/#\\\/schema\\\/logo\\\/image\\\/\"}}]}<\/script>\n<!-- \/ Yoast SEO plugin. -->","yoast_head_json":{"title":"Bouilloire 2.5L NOIRE avec poign\u00e9e en PVD d'or - FB Kitchenware","robots":{"index":"index","follow":"follow","max-snippet":"max-snippet:-1","max-image-preview":"max-image-preview:large","max-video-preview":"max-video-preview:-1"},"canonical":"https:\/\/fb-kitchenware.com\/fr\/negozio\/pot\/bouilloire-2-5l-noire-avec-poignee-en-pvd-dor\/","og_locale":"fr_FR","og_type":"article","og_title":"Bouilloire 2.5L NOIRE avec poign\u00e9e en PVD d'or - FB Kitchenware","og_description":"Disponible \u00e0 partir de fin mars 2026 La bouilloire Sonabet Black est essentielle, d\u00e9cisive, fonctionnelle. Le corps en acier inoxydable 18\/10 avec finition PVD noir exprime une esth\u00e9tique contemporaine et rigoureuse. Le fond encapsul\u00e9 assure une chauffe rapide et uniforme sur toutes les sources de chaleur, y compris l'induction. Le sifflet monobloc signale l'\u00e9bullition avec pr\u00e9cision. Un design \u00e9pur\u00e9, sans concession au superflu.","og_url":"https:\/\/fb-kitchenware.com\/fr\/negozio\/pot\/bouilloire-2-5l-noire-avec-poignee-en-pvd-dor\/","og_site_name":"FB Kitchenware","og_image":[{"width":1920,"height":1920,"url":"https:\/\/fb-kitchenware.com\/wp-content\/uploads\/226.jpg","type":"image\/jpeg"}],"twitter_card":"summary_large_image","schema":{"@context":"https:\/\/schema.org","@graph":[{"@type":"WebPage","@id":"https:\/\/fb-kitchenware.com\/fr\/negozio\/pot\/bouilloire-2-5l-noire-avec-poignee-en-pvd-dor\/","url":"https:\/\/fb-kitchenware.com\/fr\/negozio\/pot\/bouilloire-2-5l-noire-avec-poignee-en-pvd-dor\/","name":"Bouilloire 2.5L NOIRE avec poign\u00e9e en PVD d'or - FB Kitchenware","isPartOf":{"@id":"https:\/\/fb-kitchenware.com\/fr\/#website"},"primaryImageOfPage":{"@id":"https:\/\/fb-kitchenware.com\/fr\/negozio\/pot\/bouilloire-2-5l-noire-avec-poignee-en-pvd-dor\/#primaryimage"},"image":{"@id":"https:\/\/fb-kitchenware.com\/fr\/negozio\/pot\/bouilloire-2-5l-noire-avec-poignee-en-pvd-dor\/#primaryimage"},"thumbnailUrl":"https:\/\/fb-kitchenware.com\/wp-content\/uploads\/nero.jpg","datePublished":"2026-02-05T11:36:37+00:00","breadcrumb":{"@id":"https:\/\/fb-kitchenware.com\/fr\/negozio\/pot\/bouilloire-2-5l-noire-avec-poignee-en-pvd-dor\/#breadcrumb"},"inLanguage":"fr-FR","potentialAction":[{"@type":"ReadAction","target":["https:\/\/fb-kitchenware.com\/fr\/negozio\/pot\/bouilloire-2-5l-noire-avec-poignee-en-pvd-dor\/"]}]},{"@type":"ImageObject","inLanguage":"fr-FR","@id":"https:\/\/fb-kitchenware.com\/fr\/negozio\/pot\/bouilloire-2-5l-noire-avec-poignee-en-pvd-dor\/#primaryimage","url":"https:\/\/fb-kitchenware.com\/wp-content\/uploads\/nero.jpg","contentUrl":"https:\/\/fb-kitchenware.com\/wp-content\/uploads\/nero.jpg","width":1222,"height":1222},{"@type":"BreadcrumbList","@id":"https:\/\/fb-kitchenware.com\/fr\/negozio\/pot\/bouilloire-2-5l-noire-avec-poignee-en-pvd-dor\/#breadcrumb","itemListElement":[{"@type":"ListItem","position":1,"name":"Home","item":"https:\/\/fb-kitchenware.com\/fr\/"},{"@type":"ListItem","position":2,"name":"Bouilloire 2.5L NOIRE avec poign\u00e9e en PVD d&#8217;or"}]},{"@type":"WebSite","@id":"https:\/\/fb-kitchenware.com\/fr\/#website","url":"https:\/\/fb-kitchenware.com\/fr\/","name":"FB Kitchenware","description":"","publisher":{"@id":"https:\/\/fb-kitchenware.com\/fr\/#organization"},"potentialAction":[{"@type":"SearchAction","target":{"@type":"EntryPoint","urlTemplate":"https:\/\/fb-kitchenware.com\/fr\/?s={search_term_string}"},"query-input":{"@type":"PropertyValueSpecification","valueRequired":true,"valueName":"search_term_string"}}],"inLanguage":"fr-FR"},{"@type":"Organization","@id":"https:\/\/fb-kitchenware.com\/fr\/#organization","name":"FB Kitchenware","url":"https:\/\/fb-kitchenware.com\/fr\/","logo":{"@type":"ImageObject","inLanguage":"fr-FR","@id":"https:\/\/fb-kitchenware.com\/fr\/#\/schema\/logo\/image\/","url":"https:\/\/fb-kitchenware.com\/wp-content\/uploads\/logo_gold.png","contentUrl":"https:\/\/fb-kitchenware.com\/wp-content\/uploads\/logo_gold.png","width":900,"height":900,"caption":"FB Kitchenware"},"image":{"@id":"https:\/\/fb-kitchenware.com\/fr\/#\/schema\/logo\/image\/"}}]}},"_links":{"self":[{"href":"https:\/\/fb-kitchenware.com\/fr\/wp-json\/wp\/v2\/product\/6738","targetHints":{"allow":["GET"]}}],"collection":[{"href":"https:\/\/fb-kitchenware.com\/fr\/wp-json\/wp\/v2\/product"}],"about":[{"href":"https:\/\/fb-kitchenware.com\/fr\/wp-json\/wp\/v2\/types\/product"}],"wp:featuredmedia":[{"embeddable":true,"href":"https:\/\/fb-kitchenware.com\/fr\/wp-json\/wp\/v2\/media\/7687"}],"wp:attachment":[{"href":"https:\/\/fb-kitchenware.com\/fr\/wp-json\/wp\/v2\/media?parent=6738"}],"wp:term":[{"taxonomy":"product_brand","embeddable":true,"href":"https:\/\/fb-kitchenware.com\/fr\/wp-json\/wp\/v2\/product_brand?post=6738"},{"taxonomy":"product_cat","embeddable":true,"href":"https:\/\/fb-kitchenware.com\/fr\/wp-json\/wp\/v2\/product_cat?post=6738"},{"taxonomy":"product_tag","embeddable":true,"href":"https:\/\/fb-kitchenware.com\/fr\/wp-json\/wp\/v2\/product_tag?post=6738"}],"curies":[{"name":"wp","href":"https:\/\/api.w.org\/{rel}","templated":true}]}}