{"id":6749,"date":"2025-12-01T15:51:44","date_gmt":"2025-12-01T14:51:44","guid":{"rendered":"https:\/\/fb-kitchenware.com\/negozio\/non class\u00e9\/marble-bundle-white-poele-a-frire-diam-24-poele-a-frire-diam-28-wok-avec-couvercle-marmoplus\/"},"modified":"2025-12-01T15:51:44","modified_gmt":"2025-12-01T14:51:44","slug":"marble-bundle-white-poele-a-frire-diam-24-poele-a-frire-diam-28-wok-avec-couvercle-marmoplus","status":"publish","type":"product","link":"https:\/\/fb-kitchenware.com\/fr\/negozio\/poele-a-frire\/marble-bundle-white-poele-a-frire-diam-24-poele-a-frire-diam-28-wok-avec-couvercle-marmoplus\/","title":{"rendered":"Marble Bundle White &#8211; Po\u00eale \u00e0 frire diam 24 + Po\u00eale \u00e0 frire diam 28 + Wok avec couvercle Marmoplus"},"content":{"rendered":"","protected":false},"excerpt":{"rendered":"<p data-start=\"4621\" data-end=\"5063\">L&#8217;<strong data-start=\"4624\" data-end=\"4647\">ensemble Marble Bundle White<\/strong> de la collection <strong data-start=\"4665\" data-end=\"4678\">MarmoPlus<\/strong> est un ensemble con\u00e7u pour ceux qui souhaitent une cuisine fonctionnelle mais \u00e9l\u00e9gante. La <strong data-start=\"4754\" data-end=\"4800\">po\u00eale \u00e0 frire en aluminium antiadh\u00e9sif de 24 cm, la po\u00eale \u00e0 frire en aluminium antiadh\u00e9sif de 28 cm<\/strong> et le <strong data-start=\"4806\" data-end=\"4822\">wok de 26 cm de<\/strong> la ligne MarmoPlus White offrent l\u00e9g\u00e8ret\u00e9, rapidit\u00e9 de chauffe et une surface antiadh\u00e9sive efficace et fiable. Le tout dans un design clair, lumineux et moderne qui s&#8217;int\u00e8gre parfaitement dans les cuisines contemporaines.  <\/p>\n<p data-start=\"5065\" data-end=\"5484\">Les po\u00eales de 24 et 28 cm sont le choix id\u00e9al pour la cuisine de tous les jours : du petit-d\u00e9jeuner aux plats plus techniques, elles vous permettent de dorer, chauffer et cuire avec peu de mati\u00e8re grasse, tout en conservant une cuisson homog\u00e8ne gr\u00e2ce au rev\u00eatement \u00e0 effet marbr\u00e9. Le wok de 26 cm \u00e9largit les possibilit\u00e9s de l&#8217;ensemble : saut\u00e9s rapides, plats asiatiques, l\u00e9gumes croustillants et portions copieuses, avec une distribution rapide et contr\u00f4l\u00e9e de la chaleur. <\/p>\n<h2 data-start=\"6765\" data-end=\"6798\"><strong data-start=\"6768\" data-end=\"6798\">Ce que le paquet comprend<\/strong><\/h2>\n<ul data-start=\"6799\" data-end=\"6968\">\n<li data-start=\"6799\" data-end=\"6868\">\n<p data-start=\"6801\" data-end=\"6868\">1 <strong data-start=\"6803\" data-end=\"6866\">Po\u00eale \u00e0 frire MarmoPlus en aluminium antiadh\u00e9sif \u00d824 cm &#8211; Blanc<\/strong><\/p>\n<\/li>\n<li>1 <strong data-start=\"6803\" data-end=\"6866\">Po\u00eale \u00e0 frire MarmoPlus en aluminium antiadh\u00e9sif \u00d828 cm &#8211; Blanc<\/strong><\/li>\n<li data-start=\"6869\" data-end=\"6934\">\n<p data-start=\"6871\" data-end=\"6934\">1 <strong data-start=\"6873\" data-end=\"6932\">wok MarmoPlus en aluminium antiadh\u00e9sif \u00d826 cm &#8211; Blanc<\/strong><\/p>\n<\/li>\n<li data-start=\"6935\" data-end=\"6968\">\n<p data-start=\"6937\" data-end=\"6968\">Instructions d&#8217;utilisation et d&#8217;entretien<\/p>\n<\/li>\n<\/ul>\n<p data-start=\"5486\" data-end=\"5877\">\n","protected":false},"featured_media":6751,"template":"","meta":{"_acf_changed":false},"product_brand":[595],"product_cat":[514,579,644],"product_tag":[],"class_list":{"0":"post-6749","1":"product","2":"type-product","3":"status-publish","4":"has-post-thumbnail","6":"product_brand-marmoplus","7":"product_cat-poele-a-frire","8":"product_cat-wok","9":"product_cat-fin-de-serie","11":"first","12":"instock","13":"sale","14":"taxable","15":"shipping-taxable","16":"purchasable","17":"product-type-simple"},"acf":[],"yoast_head":"<!-- This site is optimized with the Yoast SEO plugin v27.3 - https:\/\/yoast.com\/product\/yoast-seo-wordpress\/ -->\n<title>Marble Bundle White | Aluminium Frying Pan 24 cm + Wok 26 cm<\/title>\n<meta name=\"description\" content=\"D\u00e9couvrez le Marble Bundle White : po\u00eale \u00e0 frire antiadh\u00e9sive en aluminium de 24 cm et wok MarmoPlus de 26 cm. Id\u00e9al comme cadeau de No\u00ebl pour les personnes qui aiment cuisiner.\" \/>\n<meta name=\"robots\" content=\"index, follow, max-snippet:-1, max-image-preview:large, max-video-preview:-1\" \/>\n<link rel=\"canonical\" href=\"https:\/\/fb-kitchenware.com\/fr\/negozio\/poele-a-frire\/marble-bundle-white-poele-a-frire-diam-24-poele-a-frire-diam-28-wok-avec-couvercle-marmoplus\/\" \/>\n<meta property=\"og:locale\" content=\"fr_FR\" \/>\n<meta property=\"og:type\" content=\"article\" \/>\n<meta property=\"og:title\" content=\"Marble Bundle White | Aluminium Frying Pan 24 cm + Wok 26 cm\" \/>\n<meta property=\"og:description\" content=\"D\u00e9couvrez le Marble Bundle White : po\u00eale \u00e0 frire antiadh\u00e9sive en aluminium de 24 cm et wok MarmoPlus de 26 cm. Id\u00e9al comme cadeau de No\u00ebl pour les personnes qui aiment cuisiner.\" \/>\n<meta property=\"og:url\" content=\"https:\/\/fb-kitchenware.com\/fr\/negozio\/poele-a-frire\/marble-bundle-white-poele-a-frire-diam-24-poele-a-frire-diam-28-wok-avec-couvercle-marmoplus\/\" \/>\n<meta property=\"og:site_name\" content=\"FB Kitchenware\" \/>\n<meta property=\"og:image\" content=\"https:\/\/fb-kitchenware.com\/wp-content\/uploads\/murble-bunde-1.jpg\" \/>\n\t<meta property=\"og:image:width\" content=\"1536\" \/>\n\t<meta property=\"og:image:height\" content=\"1920\" \/>\n\t<meta property=\"og:image:type\" content=\"image\/jpeg\" \/>\n<meta name=\"twitter:card\" content=\"summary_large_image\" \/>\n<script type=\"application\/ld+json\" class=\"yoast-schema-graph\">{\"@context\":\"https:\\\/\\\/schema.org\",\"@graph\":[{\"@type\":\"WebPage\",\"@id\":\"https:\\\/\\\/fb-kitchenware.com\\\/fr\\\/negozio\\\/poele-a-frire\\\/marble-bundle-white-poele-a-frire-diam-24-poele-a-frire-diam-28-wok-avec-couvercle-marmoplus\\\/\",\"url\":\"https:\\\/\\\/fb-kitchenware.com\\\/fr\\\/negozio\\\/poele-a-frire\\\/marble-bundle-white-poele-a-frire-diam-24-poele-a-frire-diam-28-wok-avec-couvercle-marmoplus\\\/\",\"name\":\"Marble Bundle White | Aluminium Frying Pan 24 cm + Wok 26 cm\",\"isPartOf\":{\"@id\":\"https:\\\/\\\/fb-kitchenware.com\\\/fr\\\/#website\"},\"primaryImageOfPage\":{\"@id\":\"https:\\\/\\\/fb-kitchenware.com\\\/fr\\\/negozio\\\/poele-a-frire\\\/marble-bundle-white-poele-a-frire-diam-24-poele-a-frire-diam-28-wok-avec-couvercle-marmoplus\\\/#primaryimage\"},\"image\":{\"@id\":\"https:\\\/\\\/fb-kitchenware.com\\\/fr\\\/negozio\\\/poele-a-frire\\\/marble-bundle-white-poele-a-frire-diam-24-poele-a-frire-diam-28-wok-avec-couvercle-marmoplus\\\/#primaryimage\"},\"thumbnailUrl\":\"https:\\\/\\\/fb-kitchenware.com\\\/wp-content\\\/uploads\\\/murble-bunde-1.jpg\",\"datePublished\":\"2025-12-01T14:51:44+00:00\",\"description\":\"D\u00e9couvrez le Marble Bundle White : po\u00eale \u00e0 frire antiadh\u00e9sive en aluminium de 24 cm et wok MarmoPlus de 26 cm. Id\u00e9al comme cadeau de No\u00ebl pour les personnes qui aiment cuisiner.\",\"breadcrumb\":{\"@id\":\"https:\\\/\\\/fb-kitchenware.com\\\/fr\\\/negozio\\\/poele-a-frire\\\/marble-bundle-white-poele-a-frire-diam-24-poele-a-frire-diam-28-wok-avec-couvercle-marmoplus\\\/#breadcrumb\"},\"inLanguage\":\"fr-FR\",\"potentialAction\":[{\"@type\":\"ReadAction\",\"target\":[\"https:\\\/\\\/fb-kitchenware.com\\\/fr\\\/negozio\\\/poele-a-frire\\\/marble-bundle-white-poele-a-frire-diam-24-poele-a-frire-diam-28-wok-avec-couvercle-marmoplus\\\/\"]}]},{\"@type\":\"ImageObject\",\"inLanguage\":\"fr-FR\",\"@id\":\"https:\\\/\\\/fb-kitchenware.com\\\/fr\\\/negozio\\\/poele-a-frire\\\/marble-bundle-white-poele-a-frire-diam-24-poele-a-frire-diam-28-wok-avec-couvercle-marmoplus\\\/#primaryimage\",\"url\":\"https:\\\/\\\/fb-kitchenware.com\\\/wp-content\\\/uploads\\\/murble-bunde-1.jpg\",\"contentUrl\":\"https:\\\/\\\/fb-kitchenware.com\\\/wp-content\\\/uploads\\\/murble-bunde-1.jpg\",\"width\":1536,\"height\":1920},{\"@type\":\"BreadcrumbList\",\"@id\":\"https:\\\/\\\/fb-kitchenware.com\\\/fr\\\/negozio\\\/poele-a-frire\\\/marble-bundle-white-poele-a-frire-diam-24-poele-a-frire-diam-28-wok-avec-couvercle-marmoplus\\\/#breadcrumb\",\"itemListElement\":[{\"@type\":\"ListItem\",\"position\":1,\"name\":\"Home\",\"item\":\"https:\\\/\\\/fb-kitchenware.com\\\/fr\\\/\"},{\"@type\":\"ListItem\",\"position\":2,\"name\":\"Marble Bundle White &#8211; Po\u00eale \u00e0 frire diam 24 + Po\u00eale \u00e0 frire diam 28 + Wok avec couvercle Marmoplus\"}]},{\"@type\":\"WebSite\",\"@id\":\"https:\\\/\\\/fb-kitchenware.com\\\/fr\\\/#website\",\"url\":\"https:\\\/\\\/fb-kitchenware.com\\\/fr\\\/\",\"name\":\"FB Kitchenware\",\"description\":\"\",\"publisher\":{\"@id\":\"https:\\\/\\\/fb-kitchenware.com\\\/fr\\\/#organization\"},\"potentialAction\":[{\"@type\":\"SearchAction\",\"target\":{\"@type\":\"EntryPoint\",\"urlTemplate\":\"https:\\\/\\\/fb-kitchenware.com\\\/fr\\\/?s={search_term_string}\"},\"query-input\":{\"@type\":\"PropertyValueSpecification\",\"valueRequired\":true,\"valueName\":\"search_term_string\"}}],\"inLanguage\":\"fr-FR\"},{\"@type\":\"Organization\",\"@id\":\"https:\\\/\\\/fb-kitchenware.com\\\/fr\\\/#organization\",\"name\":\"FB Kitchenware\",\"url\":\"https:\\\/\\\/fb-kitchenware.com\\\/fr\\\/\",\"logo\":{\"@type\":\"ImageObject\",\"inLanguage\":\"fr-FR\",\"@id\":\"https:\\\/\\\/fb-kitchenware.com\\\/fr\\\/#\\\/schema\\\/logo\\\/image\\\/\",\"url\":\"https:\\\/\\\/fb-kitchenware.com\\\/wp-content\\\/uploads\\\/logo_gold.png\",\"contentUrl\":\"https:\\\/\\\/fb-kitchenware.com\\\/wp-content\\\/uploads\\\/logo_gold.png\",\"width\":900,\"height\":900,\"caption\":\"FB Kitchenware\"},\"image\":{\"@id\":\"https:\\\/\\\/fb-kitchenware.com\\\/fr\\\/#\\\/schema\\\/logo\\\/image\\\/\"}}]}<\/script>\n<!-- \/ Yoast SEO plugin. -->","yoast_head_json":{"title":"Marble Bundle White | Aluminium Frying Pan 24 cm + Wok 26 cm","description":"D\u00e9couvrez le Marble Bundle White : po\u00eale \u00e0 frire antiadh\u00e9sive en aluminium de 24 cm et wok MarmoPlus de 26 cm. Id\u00e9al comme cadeau de No\u00ebl pour les personnes qui aiment cuisiner.","robots":{"index":"index","follow":"follow","max-snippet":"max-snippet:-1","max-image-preview":"max-image-preview:large","max-video-preview":"max-video-preview:-1"},"canonical":"https:\/\/fb-kitchenware.com\/fr\/negozio\/poele-a-frire\/marble-bundle-white-poele-a-frire-diam-24-poele-a-frire-diam-28-wok-avec-couvercle-marmoplus\/","og_locale":"fr_FR","og_type":"article","og_title":"Marble Bundle White | Aluminium Frying Pan 24 cm + Wok 26 cm","og_description":"D\u00e9couvrez le Marble Bundle White : po\u00eale \u00e0 frire antiadh\u00e9sive en aluminium de 24 cm et wok MarmoPlus de 26 cm. Id\u00e9al comme cadeau de No\u00ebl pour les personnes qui aiment cuisiner.","og_url":"https:\/\/fb-kitchenware.com\/fr\/negozio\/poele-a-frire\/marble-bundle-white-poele-a-frire-diam-24-poele-a-frire-diam-28-wok-avec-couvercle-marmoplus\/","og_site_name":"FB Kitchenware","og_image":[{"width":1536,"height":1920,"url":"https:\/\/fb-kitchenware.com\/wp-content\/uploads\/murble-bunde-1.jpg","type":"image\/jpeg"}],"twitter_card":"summary_large_image","schema":{"@context":"https:\/\/schema.org","@graph":[{"@type":"WebPage","@id":"https:\/\/fb-kitchenware.com\/fr\/negozio\/poele-a-frire\/marble-bundle-white-poele-a-frire-diam-24-poele-a-frire-diam-28-wok-avec-couvercle-marmoplus\/","url":"https:\/\/fb-kitchenware.com\/fr\/negozio\/poele-a-frire\/marble-bundle-white-poele-a-frire-diam-24-poele-a-frire-diam-28-wok-avec-couvercle-marmoplus\/","name":"Marble Bundle White | Aluminium Frying Pan 24 cm + Wok 26 cm","isPartOf":{"@id":"https:\/\/fb-kitchenware.com\/fr\/#website"},"primaryImageOfPage":{"@id":"https:\/\/fb-kitchenware.com\/fr\/negozio\/poele-a-frire\/marble-bundle-white-poele-a-frire-diam-24-poele-a-frire-diam-28-wok-avec-couvercle-marmoplus\/#primaryimage"},"image":{"@id":"https:\/\/fb-kitchenware.com\/fr\/negozio\/poele-a-frire\/marble-bundle-white-poele-a-frire-diam-24-poele-a-frire-diam-28-wok-avec-couvercle-marmoplus\/#primaryimage"},"thumbnailUrl":"https:\/\/fb-kitchenware.com\/wp-content\/uploads\/murble-bunde-1.jpg","datePublished":"2025-12-01T14:51:44+00:00","description":"D\u00e9couvrez le Marble Bundle White : po\u00eale \u00e0 frire antiadh\u00e9sive en aluminium de 24 cm et wok MarmoPlus de 26 cm. Id\u00e9al comme cadeau de No\u00ebl pour les personnes qui aiment cuisiner.","breadcrumb":{"@id":"https:\/\/fb-kitchenware.com\/fr\/negozio\/poele-a-frire\/marble-bundle-white-poele-a-frire-diam-24-poele-a-frire-diam-28-wok-avec-couvercle-marmoplus\/#breadcrumb"},"inLanguage":"fr-FR","potentialAction":[{"@type":"ReadAction","target":["https:\/\/fb-kitchenware.com\/fr\/negozio\/poele-a-frire\/marble-bundle-white-poele-a-frire-diam-24-poele-a-frire-diam-28-wok-avec-couvercle-marmoplus\/"]}]},{"@type":"ImageObject","inLanguage":"fr-FR","@id":"https:\/\/fb-kitchenware.com\/fr\/negozio\/poele-a-frire\/marble-bundle-white-poele-a-frire-diam-24-poele-a-frire-diam-28-wok-avec-couvercle-marmoplus\/#primaryimage","url":"https:\/\/fb-kitchenware.com\/wp-content\/uploads\/murble-bunde-1.jpg","contentUrl":"https:\/\/fb-kitchenware.com\/wp-content\/uploads\/murble-bunde-1.jpg","width":1536,"height":1920},{"@type":"BreadcrumbList","@id":"https:\/\/fb-kitchenware.com\/fr\/negozio\/poele-a-frire\/marble-bundle-white-poele-a-frire-diam-24-poele-a-frire-diam-28-wok-avec-couvercle-marmoplus\/#breadcrumb","itemListElement":[{"@type":"ListItem","position":1,"name":"Home","item":"https:\/\/fb-kitchenware.com\/fr\/"},{"@type":"ListItem","position":2,"name":"Marble Bundle White &#8211; Po\u00eale \u00e0 frire diam 24 + Po\u00eale \u00e0 frire diam 28 + Wok avec couvercle Marmoplus"}]},{"@type":"WebSite","@id":"https:\/\/fb-kitchenware.com\/fr\/#website","url":"https:\/\/fb-kitchenware.com\/fr\/","name":"FB Kitchenware","description":"","publisher":{"@id":"https:\/\/fb-kitchenware.com\/fr\/#organization"},"potentialAction":[{"@type":"SearchAction","target":{"@type":"EntryPoint","urlTemplate":"https:\/\/fb-kitchenware.com\/fr\/?s={search_term_string}"},"query-input":{"@type":"PropertyValueSpecification","valueRequired":true,"valueName":"search_term_string"}}],"inLanguage":"fr-FR"},{"@type":"Organization","@id":"https:\/\/fb-kitchenware.com\/fr\/#organization","name":"FB Kitchenware","url":"https:\/\/fb-kitchenware.com\/fr\/","logo":{"@type":"ImageObject","inLanguage":"fr-FR","@id":"https:\/\/fb-kitchenware.com\/fr\/#\/schema\/logo\/image\/","url":"https:\/\/fb-kitchenware.com\/wp-content\/uploads\/logo_gold.png","contentUrl":"https:\/\/fb-kitchenware.com\/wp-content\/uploads\/logo_gold.png","width":900,"height":900,"caption":"FB Kitchenware"},"image":{"@id":"https:\/\/fb-kitchenware.com\/fr\/#\/schema\/logo\/image\/"}}]}},"_links":{"self":[{"href":"https:\/\/fb-kitchenware.com\/fr\/wp-json\/wp\/v2\/product\/6749","targetHints":{"allow":["GET"]}}],"collection":[{"href":"https:\/\/fb-kitchenware.com\/fr\/wp-json\/wp\/v2\/product"}],"about":[{"href":"https:\/\/fb-kitchenware.com\/fr\/wp-json\/wp\/v2\/types\/product"}],"wp:featuredmedia":[{"embeddable":true,"href":"https:\/\/fb-kitchenware.com\/fr\/wp-json\/wp\/v2\/media\/6751"}],"wp:attachment":[{"href":"https:\/\/fb-kitchenware.com\/fr\/wp-json\/wp\/v2\/media?parent=6749"}],"wp:term":[{"taxonomy":"product_brand","embeddable":true,"href":"https:\/\/fb-kitchenware.com\/fr\/wp-json\/wp\/v2\/product_brand?post=6749"},{"taxonomy":"product_cat","embeddable":true,"href":"https:\/\/fb-kitchenware.com\/fr\/wp-json\/wp\/v2\/product_cat?post=6749"},{"taxonomy":"product_tag","embeddable":true,"href":"https:\/\/fb-kitchenware.com\/fr\/wp-json\/wp\/v2\/product_tag?post=6749"}],"curies":[{"name":"wp","href":"https:\/\/api.w.org\/{rel}","templated":true}]}}