{"id":7858,"date":"2026-04-14T15:50:16","date_gmt":"2026-04-14T13:50:16","guid":{"rendered":"https:\/\/fb-kitchenware.com\/?post_type=product&#038;p=7858"},"modified":"2026-04-14T16:07:25","modified_gmt":"2026-04-14T14:07:25","slug":"planche-a-decouper-en-bois-dolivier-avec-rainure-fb-kitchenware-copia-copia","status":"publish","type":"product","link":"https:\/\/fb-kitchenware.com\/fr\/negozio\/ustensiles-de-cuisine\/planche-a-decouper-en-bois-dolivier-avec-rainure-fb-kitchenware-copia-copia\/","title":{"rendered":"Planche \u00e0 d\u00e9couper en bois d&#8217;olivier avec rainure | FB Kitchenware (Copia) (Copia)"},"content":{"rendered":"","protected":false},"excerpt":{"rendered":"<p data-pm-slice=\"1 1 []\">La planche \u00e0 d\u00e9couper en bois d&#8217;olivier de la collection BeWood de FB Kitchenware est l&#8217;accessoire id\u00e9al pour ceux qui souhaitent allier esth\u00e9tique et fonctionnalit\u00e9 dans la cuisine. Fabriqu\u00e9e enti\u00e8rement \u00e0 la main par nos experts artisans italiens, cette planche \u00e0 d\u00e9couper repr\u00e9sente l&#8217;excellence de l&#8217;artisanat traditionnel italien, id\u00e9al pour servir et pr\u00e9parer les aliments en toute s\u00e9curit\u00e9 et avec \u00e9l\u00e9gance. <\/p>\n<p>Chaque planche \u00e0 d\u00e9couper BeWood est fabriqu\u00e9e \u00e0 partir d&#8217;un seul bloc de bois d&#8217;olivier italien, ce qui garantit une r\u00e9sistance et une durabilit\u00e9 sup\u00e9rieures. Le grain naturel et unique du bois rend chaque produit exclusif et inimitable, parfait comme objet d\u00e9coratif et fonctionnel. <\/p>\n","protected":false},"featured_media":7880,"template":"","meta":{"_acf_changed":false},"product_brand":[560],"product_cat":[556],"product_tag":[],"class_list":{"0":"post-7858","1":"product","2":"type-product","3":"status-publish","4":"has-post-thumbnail","6":"product_brand-bewood","7":"product_cat-ustensiles-de-cuisine","9":"first","10":"instock","11":"sale","12":"taxable","13":"shipping-taxable","14":"purchasable","15":"product-type-simple"},"acf":[],"yoast_head":"<!-- This site is optimized with the Yoast SEO plugin v27.3 - https:\/\/yoast.com\/product\/yoast-seo-wordpress\/ -->\n<title>Planche \u00e0 d\u00e9couper en bois d&#039;olivier avec rainure | FB Kitchenware (Copia) (Copia) - FB Kitchenware<\/title>\n<meta name=\"robots\" content=\"index, follow, max-snippet:-1, max-image-preview:large, max-video-preview:-1\" \/>\n<link rel=\"canonical\" href=\"https:\/\/fb-kitchenware.com\/fr\/negozio\/ustensiles-de-cuisine\/planche-a-decouper-en-bois-dolivier-avec-rainure-fb-kitchenware-copia-copia\/\" \/>\n<meta property=\"og:locale\" content=\"fr_FR\" \/>\n<meta property=\"og:type\" content=\"article\" \/>\n<meta property=\"og:title\" content=\"Planche \u00e0 d\u00e9couper en bois d&#039;olivier avec rainure | FB Kitchenware (Copia) (Copia) - FB Kitchenware\" \/>\n<meta property=\"og:description\" content=\"La planche \u00e0 d\u00e9couper en bois d&#039;olivier de la collection BeWood de FB Kitchenware est l&#039;accessoire id\u00e9al pour ceux qui souhaitent allier esth\u00e9tique et fonctionnalit\u00e9 dans la cuisine. Fabriqu\u00e9e enti\u00e8rement \u00e0 la main par nos experts artisans italiens, cette planche \u00e0 d\u00e9couper repr\u00e9sente l&#039;excellence de l&#039;artisanat traditionnel italien, id\u00e9al pour servir et pr\u00e9parer les aliments en toute s\u00e9curit\u00e9 et avec \u00e9l\u00e9gance. Chaque planche \u00e0 d\u00e9couper BeWood est fabriqu\u00e9e \u00e0 partir d&#039;un seul bloc de bois d&#039;olivier italien, ce qui garantit une r\u00e9sistance et une durabilit\u00e9 sup\u00e9rieures. Le grain naturel et unique du bois rend chaque produit exclusif et inimitable, parfait comme objet d\u00e9coratif et fonctionnel.\" \/>\n<meta property=\"og:url\" content=\"https:\/\/fb-kitchenware.com\/fr\/negozio\/ustensiles-de-cuisine\/planche-a-decouper-en-bois-dolivier-avec-rainure-fb-kitchenware-copia-copia\/\" \/>\n<meta property=\"og:site_name\" content=\"FB Kitchenware\" \/>\n<meta property=\"article:modified_time\" content=\"2026-04-14T14:07:25+00:00\" \/>\n<meta name=\"twitter:card\" content=\"summary_large_image\" \/>\n<script type=\"application\/ld+json\" class=\"yoast-schema-graph\">{\"@context\":\"https:\\\/\\\/schema.org\",\"@graph\":[{\"@type\":\"WebPage\",\"@id\":\"https:\\\/\\\/fb-kitchenware.com\\\/fr\\\/negozio\\\/ustensiles-de-cuisine\\\/planche-a-decouper-en-bois-dolivier-avec-rainure-fb-kitchenware-copia-copia\\\/\",\"url\":\"https:\\\/\\\/fb-kitchenware.com\\\/fr\\\/negozio\\\/ustensiles-de-cuisine\\\/planche-a-decouper-en-bois-dolivier-avec-rainure-fb-kitchenware-copia-copia\\\/\",\"name\":\"Planche \u00e0 d\u00e9couper en bois d'olivier avec rainure | FB Kitchenware (Copia) (Copia) - FB Kitchenware\",\"isPartOf\":{\"@id\":\"https:\\\/\\\/fb-kitchenware.com\\\/fr\\\/#website\"},\"primaryImageOfPage\":{\"@id\":\"https:\\\/\\\/fb-kitchenware.com\\\/fr\\\/negozio\\\/ustensiles-de-cuisine\\\/planche-a-decouper-en-bois-dolivier-avec-rainure-fb-kitchenware-copia-copia\\\/#primaryimage\"},\"image\":{\"@id\":\"https:\\\/\\\/fb-kitchenware.com\\\/fr\\\/negozio\\\/ustensiles-de-cuisine\\\/planche-a-decouper-en-bois-dolivier-avec-rainure-fb-kitchenware-copia-copia\\\/#primaryimage\"},\"thumbnailUrl\":\"https:\\\/\\\/fb-kitchenware.com\\\/wp-content\\\/uploads\\\/bundle-legno-2-copia-2.jpg\",\"datePublished\":\"2026-04-14T13:50:16+00:00\",\"dateModified\":\"2026-04-14T14:07:25+00:00\",\"breadcrumb\":{\"@id\":\"https:\\\/\\\/fb-kitchenware.com\\\/fr\\\/negozio\\\/ustensiles-de-cuisine\\\/planche-a-decouper-en-bois-dolivier-avec-rainure-fb-kitchenware-copia-copia\\\/#breadcrumb\"},\"inLanguage\":\"fr-FR\",\"potentialAction\":[{\"@type\":\"ReadAction\",\"target\":[\"https:\\\/\\\/fb-kitchenware.com\\\/fr\\\/negozio\\\/ustensiles-de-cuisine\\\/planche-a-decouper-en-bois-dolivier-avec-rainure-fb-kitchenware-copia-copia\\\/\"]}]},{\"@type\":\"ImageObject\",\"inLanguage\":\"fr-FR\",\"@id\":\"https:\\\/\\\/fb-kitchenware.com\\\/fr\\\/negozio\\\/ustensiles-de-cuisine\\\/planche-a-decouper-en-bois-dolivier-avec-rainure-fb-kitchenware-copia-copia\\\/#primaryimage\",\"url\":\"https:\\\/\\\/fb-kitchenware.com\\\/wp-content\\\/uploads\\\/bundle-legno-2-copia-2.jpg\",\"contentUrl\":\"https:\\\/\\\/fb-kitchenware.com\\\/wp-content\\\/uploads\\\/bundle-legno-2-copia-2.jpg\",\"width\":1920,\"height\":1920},{\"@type\":\"BreadcrumbList\",\"@id\":\"https:\\\/\\\/fb-kitchenware.com\\\/fr\\\/negozio\\\/ustensiles-de-cuisine\\\/planche-a-decouper-en-bois-dolivier-avec-rainure-fb-kitchenware-copia-copia\\\/#breadcrumb\",\"itemListElement\":[{\"@type\":\"ListItem\",\"position\":1,\"name\":\"Home\",\"item\":\"https:\\\/\\\/fb-kitchenware.com\\\/fr\\\/\"},{\"@type\":\"ListItem\",\"position\":2,\"name\":\"Planche \u00e0 d\u00e9couper en bois d&#8217;olivier avec rainure | FB Kitchenware (Copia) (Copia)\"}]},{\"@type\":\"WebSite\",\"@id\":\"https:\\\/\\\/fb-kitchenware.com\\\/fr\\\/#website\",\"url\":\"https:\\\/\\\/fb-kitchenware.com\\\/fr\\\/\",\"name\":\"FB Kitchenware\",\"description\":\"\",\"publisher\":{\"@id\":\"https:\\\/\\\/fb-kitchenware.com\\\/fr\\\/#organization\"},\"potentialAction\":[{\"@type\":\"SearchAction\",\"target\":{\"@type\":\"EntryPoint\",\"urlTemplate\":\"https:\\\/\\\/fb-kitchenware.com\\\/fr\\\/?s={search_term_string}\"},\"query-input\":{\"@type\":\"PropertyValueSpecification\",\"valueRequired\":true,\"valueName\":\"search_term_string\"}}],\"inLanguage\":\"fr-FR\"},{\"@type\":\"Organization\",\"@id\":\"https:\\\/\\\/fb-kitchenware.com\\\/fr\\\/#organization\",\"name\":\"FB Kitchenware\",\"url\":\"https:\\\/\\\/fb-kitchenware.com\\\/fr\\\/\",\"logo\":{\"@type\":\"ImageObject\",\"inLanguage\":\"fr-FR\",\"@id\":\"https:\\\/\\\/fb-kitchenware.com\\\/fr\\\/#\\\/schema\\\/logo\\\/image\\\/\",\"url\":\"https:\\\/\\\/fb-kitchenware.com\\\/wp-content\\\/uploads\\\/logo_gold.png\",\"contentUrl\":\"https:\\\/\\\/fb-kitchenware.com\\\/wp-content\\\/uploads\\\/logo_gold.png\",\"width\":900,\"height\":900,\"caption\":\"FB Kitchenware\"},\"image\":{\"@id\":\"https:\\\/\\\/fb-kitchenware.com\\\/fr\\\/#\\\/schema\\\/logo\\\/image\\\/\"}}]}<\/script>\n<!-- \/ Yoast SEO plugin. -->","yoast_head_json":{"title":"Planche \u00e0 d\u00e9couper en bois d'olivier avec rainure | FB Kitchenware (Copia) (Copia) - FB Kitchenware","robots":{"index":"index","follow":"follow","max-snippet":"max-snippet:-1","max-image-preview":"max-image-preview:large","max-video-preview":"max-video-preview:-1"},"canonical":"https:\/\/fb-kitchenware.com\/fr\/negozio\/ustensiles-de-cuisine\/planche-a-decouper-en-bois-dolivier-avec-rainure-fb-kitchenware-copia-copia\/","og_locale":"fr_FR","og_type":"article","og_title":"Planche \u00e0 d\u00e9couper en bois d'olivier avec rainure | FB Kitchenware (Copia) (Copia) - FB Kitchenware","og_description":"La planche \u00e0 d\u00e9couper en bois d'olivier de la collection BeWood de FB Kitchenware est l'accessoire id\u00e9al pour ceux qui souhaitent allier esth\u00e9tique et fonctionnalit\u00e9 dans la cuisine. Fabriqu\u00e9e enti\u00e8rement \u00e0 la main par nos experts artisans italiens, cette planche \u00e0 d\u00e9couper repr\u00e9sente l'excellence de l'artisanat traditionnel italien, id\u00e9al pour servir et pr\u00e9parer les aliments en toute s\u00e9curit\u00e9 et avec \u00e9l\u00e9gance. Chaque planche \u00e0 d\u00e9couper BeWood est fabriqu\u00e9e \u00e0 partir d'un seul bloc de bois d'olivier italien, ce qui garantit une r\u00e9sistance et une durabilit\u00e9 sup\u00e9rieures. Le grain naturel et unique du bois rend chaque produit exclusif et inimitable, parfait comme objet d\u00e9coratif et fonctionnel.","og_url":"https:\/\/fb-kitchenware.com\/fr\/negozio\/ustensiles-de-cuisine\/planche-a-decouper-en-bois-dolivier-avec-rainure-fb-kitchenware-copia-copia\/","og_site_name":"FB Kitchenware","article_modified_time":"2026-04-14T14:07:25+00:00","twitter_card":"summary_large_image","schema":{"@context":"https:\/\/schema.org","@graph":[{"@type":"WebPage","@id":"https:\/\/fb-kitchenware.com\/fr\/negozio\/ustensiles-de-cuisine\/planche-a-decouper-en-bois-dolivier-avec-rainure-fb-kitchenware-copia-copia\/","url":"https:\/\/fb-kitchenware.com\/fr\/negozio\/ustensiles-de-cuisine\/planche-a-decouper-en-bois-dolivier-avec-rainure-fb-kitchenware-copia-copia\/","name":"Planche \u00e0 d\u00e9couper en bois d'olivier avec rainure | FB Kitchenware (Copia) (Copia) - FB Kitchenware","isPartOf":{"@id":"https:\/\/fb-kitchenware.com\/fr\/#website"},"primaryImageOfPage":{"@id":"https:\/\/fb-kitchenware.com\/fr\/negozio\/ustensiles-de-cuisine\/planche-a-decouper-en-bois-dolivier-avec-rainure-fb-kitchenware-copia-copia\/#primaryimage"},"image":{"@id":"https:\/\/fb-kitchenware.com\/fr\/negozio\/ustensiles-de-cuisine\/planche-a-decouper-en-bois-dolivier-avec-rainure-fb-kitchenware-copia-copia\/#primaryimage"},"thumbnailUrl":"https:\/\/fb-kitchenware.com\/wp-content\/uploads\/bundle-legno-2-copia-2.jpg","datePublished":"2026-04-14T13:50:16+00:00","dateModified":"2026-04-14T14:07:25+00:00","breadcrumb":{"@id":"https:\/\/fb-kitchenware.com\/fr\/negozio\/ustensiles-de-cuisine\/planche-a-decouper-en-bois-dolivier-avec-rainure-fb-kitchenware-copia-copia\/#breadcrumb"},"inLanguage":"fr-FR","potentialAction":[{"@type":"ReadAction","target":["https:\/\/fb-kitchenware.com\/fr\/negozio\/ustensiles-de-cuisine\/planche-a-decouper-en-bois-dolivier-avec-rainure-fb-kitchenware-copia-copia\/"]}]},{"@type":"ImageObject","inLanguage":"fr-FR","@id":"https:\/\/fb-kitchenware.com\/fr\/negozio\/ustensiles-de-cuisine\/planche-a-decouper-en-bois-dolivier-avec-rainure-fb-kitchenware-copia-copia\/#primaryimage","url":"https:\/\/fb-kitchenware.com\/wp-content\/uploads\/bundle-legno-2-copia-2.jpg","contentUrl":"https:\/\/fb-kitchenware.com\/wp-content\/uploads\/bundle-legno-2-copia-2.jpg","width":1920,"height":1920},{"@type":"BreadcrumbList","@id":"https:\/\/fb-kitchenware.com\/fr\/negozio\/ustensiles-de-cuisine\/planche-a-decouper-en-bois-dolivier-avec-rainure-fb-kitchenware-copia-copia\/#breadcrumb","itemListElement":[{"@type":"ListItem","position":1,"name":"Home","item":"https:\/\/fb-kitchenware.com\/fr\/"},{"@type":"ListItem","position":2,"name":"Planche \u00e0 d\u00e9couper en bois d&#8217;olivier avec rainure | FB Kitchenware (Copia) (Copia)"}]},{"@type":"WebSite","@id":"https:\/\/fb-kitchenware.com\/fr\/#website","url":"https:\/\/fb-kitchenware.com\/fr\/","name":"FB Kitchenware","description":"","publisher":{"@id":"https:\/\/fb-kitchenware.com\/fr\/#organization"},"potentialAction":[{"@type":"SearchAction","target":{"@type":"EntryPoint","urlTemplate":"https:\/\/fb-kitchenware.com\/fr\/?s={search_term_string}"},"query-input":{"@type":"PropertyValueSpecification","valueRequired":true,"valueName":"search_term_string"}}],"inLanguage":"fr-FR"},{"@type":"Organization","@id":"https:\/\/fb-kitchenware.com\/fr\/#organization","name":"FB Kitchenware","url":"https:\/\/fb-kitchenware.com\/fr\/","logo":{"@type":"ImageObject","inLanguage":"fr-FR","@id":"https:\/\/fb-kitchenware.com\/fr\/#\/schema\/logo\/image\/","url":"https:\/\/fb-kitchenware.com\/wp-content\/uploads\/logo_gold.png","contentUrl":"https:\/\/fb-kitchenware.com\/wp-content\/uploads\/logo_gold.png","width":900,"height":900,"caption":"FB Kitchenware"},"image":{"@id":"https:\/\/fb-kitchenware.com\/fr\/#\/schema\/logo\/image\/"}}]}},"_links":{"self":[{"href":"https:\/\/fb-kitchenware.com\/fr\/wp-json\/wp\/v2\/product\/7858","targetHints":{"allow":["GET"]}}],"collection":[{"href":"https:\/\/fb-kitchenware.com\/fr\/wp-json\/wp\/v2\/product"}],"about":[{"href":"https:\/\/fb-kitchenware.com\/fr\/wp-json\/wp\/v2\/types\/product"}],"wp:featuredmedia":[{"embeddable":true,"href":"https:\/\/fb-kitchenware.com\/fr\/wp-json\/wp\/v2\/media\/7880"}],"wp:attachment":[{"href":"https:\/\/fb-kitchenware.com\/fr\/wp-json\/wp\/v2\/media?parent=7858"}],"wp:term":[{"taxonomy":"product_brand","embeddable":true,"href":"https:\/\/fb-kitchenware.com\/fr\/wp-json\/wp\/v2\/product_brand?post=7858"},{"taxonomy":"product_cat","embeddable":true,"href":"https:\/\/fb-kitchenware.com\/fr\/wp-json\/wp\/v2\/product_cat?post=7858"},{"taxonomy":"product_tag","embeddable":true,"href":"https:\/\/fb-kitchenware.com\/fr\/wp-json\/wp\/v2\/product_tag?post=7858"}],"curies":[{"name":"wp","href":"https:\/\/api.w.org\/{rel}","templated":true}]}}